{"id":14092,"date":"2024-06-19T09:06:52","date_gmt":"2024-06-19T16:06:52","guid":{"rendered":"https:\/\/www.allthingsstone.com\/us-en\/?page_id=14092"},"modified":"2024-06-19T09:06:53","modified_gmt":"2024-06-19T16:06:53","slug":"silica-warning","status":"publish","type":"page","link":"https:\/\/www.allthingsstone.com\/us-en\/silica-warning\/","title":{"rendered":"Silica Warning"},"content":{"rendered":"<div id=\"pl-14092\"  class=\"panel-layout\" ><div id=\"pg-14092-0\"  class=\"panel-grid panel-no-style\" ><div id=\"pgc-14092-0-0\"  class=\"panel-grid-cell\" ><div id=\"panel-14092-0-0-0\" class=\"so-panel widget widget_sow-editor panel-first-child panel-last-child\" data-index=\"0\" ><div class=\"container panel-widget-style panel-widget-style-for-14092-0-0-0\" ><div\n\t\t\t\n\t\t\tclass=\"so-widget-sow-editor so-widget-sow-editor-base\"\n\t\t\t\n\t\t>\n<div class=\"siteorigin-widget-tinymce textwidget\">\n\t<p class=\"p3\">Crystalline silica may be present in Natural Stone Veneer products. Dust created from drilling, cutting, or sawing these products can be hazardous to your health. Prolonged exposure to crystalline silica dust may lead to lung cancer, silicosis, kidney disease, and chronic obstructive pulmonary disease. Cutting dust may cause irritation of the nose, throat and respiratory tract. Use a wet saw, dust vacuum system, and a respirator to minimize dust generation when cutting. Refer to OSHA and any local\/regional regulations for specific requirements. Avoid prolonged or repeated inhalation of dust. Wear a properly fitted, particulate-filtering disposable NIOSH-approved respirator when mechanically altering the product (sawing, cutting, drilling, etc.). Wear a long-sleeved shirt, long pants, gloves and safety glasses with side shields when handling and installing material. Wash hands and face with soap and warm water immediately after handling.<\/p>\n<hr \/>\n<p>Es posible que haya s\u00edlice cristalina en los productos de Natural Stone Veneer. El polvo que se origina cuando se perforan, se cortan o se aserran estos productos puede ser peligroso para su salud. Un contacto prolongado a la s\u00edlice cristalina puede llevar al desarrollo de c\u00e1ncer de pulm\u00f3n, de silicosis, de enfermedad renal y de enfermedad pulmonar obstructiva cr\u00f3nica. El polvo que se origina cuando se cortan estos productos puede causar irritaci\u00f3n en la nariz, en la garganta y en las v\u00edas respiratorias. Utilice una sierra h\u00fameda, un sistema de absorci\u00f3n de polvo y una m\u00e1scara de protecci\u00f3n respiratoria para reducir la cantidad de polvo que se crea cuando se cortan los productos. Consulte OSHA y cualquier otra normativa local\/regional para conocer los requisitos espec\u00edficos. Evite la inhalaci\u00f3n prolongada o constante del polvo. Siempre que realice un trabajo mec\u00e1nico en el producto (aserrar, cortar, perforar, etc.), utilice una m\u00e1scara de protecci\u00f3n respiratoria aprobada por NIOSH que sea de un tama\u00f1o apropiado seg\u00fan su rostro, que filtre part\u00edculas y que sea desechable. Utilice una remera manga larga, pantalones largos y gafas de seguridad con protecci\u00f3n lateral siempre que manipule o instale materiales. L\u00e1vese las manos y el rostro con jab\u00f3n y agua tibia inmediatamente despu\u00e9s de haber manipulado materiales.<\/p>\n<p>&nbsp;<\/p>\n<\/div>\n<\/div><\/div><\/div><\/div><\/div><\/div>","protected":false},"excerpt":{"rendered":"<p>Crystalline silica may be present in Natural Stone Veneer products. Dust created from drilling, cutting, or sawing these products can be hazardous to your health. &hellip; <a href=\"https:\/\/www.allthingsstone.com\/us-en\/silica-warning\/\">Continued<\/a><\/p>\n","protected":false},"author":16,"featured_media":14093,"parent":0,"menu_order":0,"comment_status":"closed","ping_status":"closed","template":"template-privacy_policy.php","meta":{"inline_featured_image":false,"_mi_skip_tracking":false,"_exactmetrics_sitenote_active":false,"_exactmetrics_sitenote_note":"","_exactmetrics_sitenote_category":0,"footnotes":""},"class_list":["post-14092","page","type-page","status-publish","has-post-thumbnail","hentry"],"acf":[],"yoast_head":"<!-- This site is optimized with the Yoast SEO Premium plugin v21.6 (Yoast SEO v21.6) - https:\/\/yoast.com\/wordpress\/plugins\/seo\/ -->\n<title>Silica Warning | CSI USA<\/title>\n<meta name=\"description\" content=\"Crystalline silica may be present in Natural Stone Veneer products. Dust created from drilling, cutting, or sawing these products can be hazardous to your health.\" \/>\n<meta name=\"robots\" content=\"index, follow, max-snippet:-1, max-image-preview:large, max-video-preview:-1\" \/>\n<link rel=\"canonical\" href=\"https:\/\/www.allthingsstone.com\/us-en\/silica-warning\/\" \/>\n<meta property=\"og:locale\" content=\"en_US\" \/>\n<meta property=\"og:type\" content=\"article\" \/>\n<meta property=\"og:title\" content=\"Silica Warning\" \/>\n<meta property=\"og:description\" content=\"Crystalline silica may be present in Natural Stone Veneer products. Dust created from drilling, cutting, or sawing these products can be hazardous to your health.\" \/>\n<meta property=\"og:url\" content=\"https:\/\/www.allthingsstone.com\/us-en\/silica-warning\/\" \/>\n<meta property=\"og:site_name\" content=\"CSI \u2013 Continental Stone Industries\" \/>\n<meta property=\"article:modified_time\" content=\"2024-06-19T16:06:53+00:00\" \/>\n<meta property=\"og:image\" content=\"https:\/\/www.allthingsstone.com\/us-en\/wp-content\/uploads\/sites\/11\/2024\/06\/Sillica-Warning.png\" \/>\n\t<meta property=\"og:image:width\" content=\"1920\" \/>\n\t<meta property=\"og:image:height\" content=\"250\" \/>\n\t<meta property=\"og:image:type\" content=\"image\/png\" \/>\n<meta name=\"twitter:card\" content=\"summary_large_image\" \/>\n<meta name=\"twitter:label1\" content=\"Est. reading time\" \/>\n\t<meta name=\"twitter:data1\" content=\"2 minutes\" \/>\n<script type=\"application\/ld+json\" class=\"yoast-schema-graph\">{\"@context\":\"https:\/\/schema.org\",\"@graph\":[{\"@type\":\"WebPage\",\"@id\":\"https:\/\/www.allthingsstone.com\/us-en\/silica-warning\/\",\"url\":\"https:\/\/www.allthingsstone.com\/us-en\/silica-warning\/\",\"name\":\"Silica Warning | CSI USA\",\"isPartOf\":{\"@id\":\"https:\/\/www.allthingsstone.com\/us-en\/#website\"},\"datePublished\":\"2024-06-19T16:06:52+00:00\",\"dateModified\":\"2024-06-19T16:06:53+00:00\",\"description\":\"Crystalline silica may be present in Natural Stone Veneer products. Dust created from drilling, cutting, or sawing these products can be hazardous to your health.\",\"breadcrumb\":{\"@id\":\"https:\/\/www.allthingsstone.com\/us-en\/silica-warning\/#breadcrumb\"},\"inLanguage\":\"en-CA\",\"potentialAction\":[{\"@type\":\"ReadAction\",\"target\":[\"https:\/\/www.allthingsstone.com\/us-en\/silica-warning\/\"]}]},{\"@type\":\"BreadcrumbList\",\"@id\":\"https:\/\/www.allthingsstone.com\/us-en\/silica-warning\/#breadcrumb\",\"itemListElement\":[{\"@type\":\"ListItem\",\"position\":1,\"name\":\"Home\",\"item\":\"https:\/\/www.allthingsstone.com\/us-en\/\"},{\"@type\":\"ListItem\",\"position\":2,\"name\":\"Silica Warning\"}]},{\"@type\":\"WebSite\",\"@id\":\"https:\/\/www.allthingsstone.com\/us-en\/#website\",\"url\":\"https:\/\/www.allthingsstone.com\/us-en\/\",\"name\":\"CSI \u2013 Continental Stone Industries\",\"description\":\"\",\"potentialAction\":[{\"@type\":\"SearchAction\",\"target\":{\"@type\":\"EntryPoint\",\"urlTemplate\":\"https:\/\/www.allthingsstone.com\/us-en\/?s={search_term_string}\"},\"query-input\":\"required name=search_term_string\"}],\"inLanguage\":\"en-CA\"}]}<\/script>\n<!-- \/ Yoast SEO Premium plugin. -->","yoast_head_json":{"title":"Silica Warning | CSI USA","description":"Crystalline silica may be present in Natural Stone Veneer products. Dust created from drilling, cutting, or sawing these products can be hazardous to your health.","robots":{"index":"index","follow":"follow","max-snippet":"max-snippet:-1","max-image-preview":"max-image-preview:large","max-video-preview":"max-video-preview:-1"},"canonical":"https:\/\/www.allthingsstone.com\/us-en\/silica-warning\/","og_locale":"en_US","og_type":"article","og_title":"Silica Warning","og_description":"Crystalline silica may be present in Natural Stone Veneer products. Dust created from drilling, cutting, or sawing these products can be hazardous to your health.","og_url":"https:\/\/www.allthingsstone.com\/us-en\/silica-warning\/","og_site_name":"CSI \u2013 Continental Stone Industries","article_modified_time":"2024-06-19T16:06:53+00:00","og_image":[{"width":1920,"height":250,"url":"https:\/\/www.allthingsstone.com\/us-en\/wp-content\/uploads\/sites\/11\/2024\/06\/Sillica-Warning.png","type":"image\/png"}],"twitter_card":"summary_large_image","twitter_misc":{"Est. reading time":"2 minutes"},"schema":{"@context":"https:\/\/schema.org","@graph":[{"@type":"WebPage","@id":"https:\/\/www.allthingsstone.com\/us-en\/silica-warning\/","url":"https:\/\/www.allthingsstone.com\/us-en\/silica-warning\/","name":"Silica Warning | CSI USA","isPartOf":{"@id":"https:\/\/www.allthingsstone.com\/us-en\/#website"},"datePublished":"2024-06-19T16:06:52+00:00","dateModified":"2024-06-19T16:06:53+00:00","description":"Crystalline silica may be present in Natural Stone Veneer products. Dust created from drilling, cutting, or sawing these products can be hazardous to your health.","breadcrumb":{"@id":"https:\/\/www.allthingsstone.com\/us-en\/silica-warning\/#breadcrumb"},"inLanguage":"en-CA","potentialAction":[{"@type":"ReadAction","target":["https:\/\/www.allthingsstone.com\/us-en\/silica-warning\/"]}]},{"@type":"BreadcrumbList","@id":"https:\/\/www.allthingsstone.com\/us-en\/silica-warning\/#breadcrumb","itemListElement":[{"@type":"ListItem","position":1,"name":"Home","item":"https:\/\/www.allthingsstone.com\/us-en\/"},{"@type":"ListItem","position":2,"name":"Silica Warning"}]},{"@type":"WebSite","@id":"https:\/\/www.allthingsstone.com\/us-en\/#website","url":"https:\/\/www.allthingsstone.com\/us-en\/","name":"CSI \u2013 Continental Stone Industries","description":"","potentialAction":[{"@type":"SearchAction","target":{"@type":"EntryPoint","urlTemplate":"https:\/\/www.allthingsstone.com\/us-en\/?s={search_term_string}"},"query-input":"required name=search_term_string"}],"inLanguage":"en-CA"}]}},"_links":{"self":[{"href":"https:\/\/www.allthingsstone.com\/us-en\/wp-json\/wp\/v2\/pages\/14092","targetHints":{"allow":["GET"]}}],"collection":[{"href":"https:\/\/www.allthingsstone.com\/us-en\/wp-json\/wp\/v2\/pages"}],"about":[{"href":"https:\/\/www.allthingsstone.com\/us-en\/wp-json\/wp\/v2\/types\/page"}],"author":[{"embeddable":true,"href":"https:\/\/www.allthingsstone.com\/us-en\/wp-json\/wp\/v2\/users\/16"}],"replies":[{"embeddable":true,"href":"https:\/\/www.allthingsstone.com\/us-en\/wp-json\/wp\/v2\/comments?post=14092"}],"version-history":[{"count":0,"href":"https:\/\/www.allthingsstone.com\/us-en\/wp-json\/wp\/v2\/pages\/14092\/revisions"}],"wp:featuredmedia":[{"embeddable":true,"href":"https:\/\/www.allthingsstone.com\/us-en\/wp-json\/wp\/v2\/media\/14093"}],"wp:attachment":[{"href":"https:\/\/www.allthingsstone.com\/us-en\/wp-json\/wp\/v2\/media?parent=14092"}],"curies":[{"name":"wp","href":"https:\/\/api.w.org\/{rel}","templated":true}]}}