{"id":21421,"date":"2026-04-22T16:09:14","date_gmt":"2026-04-22T20:09:14","guid":{"rendered":"https:\/\/www.allthingsstone.com\/ca-fr\/?post_type=product&#038;p=21421"},"modified":"2026-04-22T16:30:15","modified_gmt":"2026-04-22T20:30:15","slug":"60-accessoires-willki-stone","status":"publish","type":"product","link":"https:\/\/www.allthingsstone.com\/ca-fr\/product\/accessoires-willki-stone\/","title":{"rendered":"60 Accessoires Willki Stone"},"content":{"rendered":"<div id=\"pl-21421\"  class=\"panel-layout\" ><div id=\"pg-21421-0\"  class=\"panel-grid panel-no-style\" ><div id=\"pgc-21421-0-0\"  class=\"panel-grid-cell\" ><div id=\"panel-21421-0-0-0\" class=\"so-panel widget widget_sow-editor panel-first-child panel-last-child\" data-index=\"0\" ><div\n\t\t\t\n\t\t\tclass=\"so-widget-sow-editor so-widget-sow-editor-base\"\n\t\t\t\n\t\t>\n<div class=\"siteorigin-widget-tinymce textwidget\">\n\t<p><strong>Bo\u00eetier \u00e9lectrique :<\/strong> Con\u00e7u pour l\u2019int\u00e9gration harmonieuse de prises \u00e9lectriques et d\u2019interrupteurs dans les syst\u00e8mes de panneaux Willki Stone. Assure une installation propre et s\u00e9curis\u00e9e sans compromettre la fa\u00e7ade.<\/p>\n<p><strong>Finition de finition :<\/strong> Offre une fa\u00e7on nette et d\u00e9finie d\u2019encadrer les ouvertures comme les portes et fen\u00eatres, tout en assurant une bordure soign\u00e9e pour compl\u00e9ter les c\u00f4t\u00e9s de la fa\u00e7ade. Con\u00e7ue \u00e0 la fois pour la fonction et l\u2019esth\u00e9tique, elle permet des transitions fluides et une finition professionnelle et raffin\u00e9e.<\/p>\n<p><strong>Bo\u00eetier d\u2019\u00e9clairage :<\/strong> Con\u00e7u pour accueillir les luminaires ext\u00e9rieurs, offrant un point de fixation stable et r\u00e9sistant aux intemp\u00e9ries tout en conservant une finition soign\u00e9e.<\/p>\n<p><strong>Appui de transition :<\/strong> Con\u00e7u pour cr\u00e9er une transition harmonieuse entre les panneaux Willki Stone et les rev\u00eatements adjacents. Il assure une finition propre et professionnelle tout en prot\u00e9geant les ar\u00eates et en maintenant la continuit\u00e9 visuelle des surfaces ext\u00e9rieures.<\/p>\n<p><strong>Bo\u00eetiers universels :<\/strong> Composants polyvalents utilis\u00e9s pour cr\u00e9er des finitions propres et professionnelles autour des sorties de s\u00e9cheuse, prises d\u2019air et autres p\u00e9n\u00e9trations ext\u00e9rieures.<\/p>\n<p><strong>Appui de fen\u00eatre :<\/strong> Con\u00e7u pour offrir une finition raffin\u00e9e et coh\u00e9rente sous les fen\u00eatres. Il am\u00e9liore l\u2019\u00e9coulement de l\u2019eau, prot\u00e8ge la fa\u00e7ade et apporte une apparence \u00e9quilibr\u00e9e et soign\u00e9e qui s\u2019harmonise avec la ma\u00e7onnerie environnante.<\/p>\n<\/div>\n<\/div><\/div><\/div><\/div><\/div>","protected":false},"excerpt":{"rendered":"<p>Bo\u00eetier \u00e9lectrique : Con\u00e7u pour l\u2019int\u00e9gration harmonieuse de prises \u00e9lectriques et d\u2019interrupteurs dans les syst\u00e8mes de panneaux Willki Stone. Assure une installation propre et s\u00e9curis\u00e9e &hellip; <a href=\"https:\/\/www.allthingsstone.com\/ca-fr\/product\/accessoires-willki-stone\/\">Continued<\/a><\/p>\n","protected":false},"featured_media":21414,"comment_status":"closed","ping_status":"closed","template":"","meta":{"inline_featured_image":false,"_mi_skip_tracking":false,"_exactmetrics_sitenote_active":false,"_exactmetrics_sitenote_note":"","_exactmetrics_sitenote_category":0},"product_cat":[6535],"product_tag":[9236],"class_list":["post-21421","product","type-product","status-publish","has-post-thumbnail","hentry","product_cat-revetement-de-pierre","product_tag-willki-stone-system","brands-willki-stone","single_resource-willki-stone"],"acf":[],"yoast_head":"<!-- This site is optimized with the Yoast SEO Premium plugin v21.6 (Yoast SEO v21.6) - https:\/\/yoast.com\/wordpress\/plugins\/seo\/ -->\n<title>Accessoires Willki Stone | CSI CA-FR<\/title>\n<meta name=\"description\" content=\"Les accessoires Willki Stone sont con\u00e7us pour simplifier l\u2019installation et rehausser le r\u00e9sultat final, en offrant une performance s\u00e9curis\u00e9e et des transitions nettes et soign\u00e9es.\" \/>\n<meta name=\"robots\" content=\"index, follow, max-snippet:-1, max-image-preview:large, max-video-preview:-1\" \/>\n<link rel=\"canonical\" href=\"https:\/\/www.allthingsstone.com\/ca-fr\/product\/accessoires-willki-stone\/\" \/>\n<meta property=\"og:locale\" content=\"en_US\" \/>\n<meta property=\"og:type\" content=\"article\" \/>\n<meta property=\"og:title\" content=\"60 Accessoires Willki Stone\" \/>\n<meta property=\"og:description\" content=\"Les accessoires Willki Stone sont con\u00e7us pour simplifier l\u2019installation et rehausser le r\u00e9sultat final, en offrant une performance s\u00e9curis\u00e9e et des transitions nettes et soign\u00e9es.\" \/>\n<meta property=\"og:url\" content=\"https:\/\/www.allthingsstone.com\/ca-fr\/product\/accessoires-willki-stone\/\" \/>\n<meta property=\"og:site_name\" content=\"CSI - Canadian Stone Industries FR\" \/>\n<meta property=\"article:modified_time\" content=\"2026-04-22T20:30:15+00:00\" \/>\n<meta property=\"og:image\" content=\"https:\/\/www.allthingsstone.com\/ca-fr\/wp-content\/uploads\/sites\/12\/2026\/04\/Willki-Stone-Accessories.jpg\" \/>\n\t<meta property=\"og:image:width\" content=\"459\" \/>\n\t<meta property=\"og:image:height\" content=\"339\" \/>\n\t<meta property=\"og:image:type\" content=\"image\/jpeg\" \/>\n<meta name=\"twitter:card\" content=\"summary_large_image\" \/>\n<meta name=\"twitter:label1\" content=\"Est. reading time\" \/>\n\t<meta name=\"twitter:data1\" content=\"1 minute\" \/>\n<script type=\"application\/ld+json\" class=\"yoast-schema-graph\">{\"@context\":\"https:\/\/schema.org\",\"@graph\":[{\"@type\":\"WebPage\",\"@id\":\"https:\/\/www.allthingsstone.com\/ca-fr\/product\/accessoires-willki-stone\/\",\"url\":\"https:\/\/www.allthingsstone.com\/ca-fr\/product\/accessoires-willki-stone\/\",\"name\":\"Accessoires Willki Stone | CSI CA-FR\",\"isPartOf\":{\"@id\":\"https:\/\/www.allthingsstone.com\/ca-fr\/#website\"},\"datePublished\":\"2026-04-22T20:09:14+00:00\",\"dateModified\":\"2026-04-22T20:30:15+00:00\",\"description\":\"Les accessoires Willki Stone sont con\u00e7us pour simplifier l\u2019installation et rehausser le r\u00e9sultat final, en offrant une performance s\u00e9curis\u00e9e et des transitions nettes et soign\u00e9es.\",\"breadcrumb\":{\"@id\":\"https:\/\/www.allthingsstone.com\/ca-fr\/product\/accessoires-willki-stone\/#breadcrumb\"},\"inLanguage\":\"en-CA\",\"potentialAction\":[{\"@type\":\"ReadAction\",\"target\":[\"https:\/\/www.allthingsstone.com\/ca-fr\/product\/accessoires-willki-stone\/\"]}]},{\"@type\":\"BreadcrumbList\",\"@id\":\"https:\/\/www.allthingsstone.com\/ca-fr\/product\/accessoires-willki-stone\/#breadcrumb\",\"itemListElement\":[{\"@type\":\"ListItem\",\"position\":1,\"name\":\"Home\",\"item\":\"https:\/\/www.allthingsstone.com\/ca-fr\/\"},{\"@type\":\"ListItem\",\"position\":2,\"name\":\"60 Accessoires Willki Stone\"}]},{\"@type\":\"WebSite\",\"@id\":\"https:\/\/www.allthingsstone.com\/ca-fr\/#website\",\"url\":\"https:\/\/www.allthingsstone.com\/ca-fr\/\",\"name\":\"CSI - Canadian Stone Industries FR\",\"description\":\"\",\"potentialAction\":[{\"@type\":\"SearchAction\",\"target\":{\"@type\":\"EntryPoint\",\"urlTemplate\":\"https:\/\/www.allthingsstone.com\/ca-fr\/?s={search_term_string}\"},\"query-input\":\"required name=search_term_string\"}],\"inLanguage\":\"en-CA\"}]}<\/script>\n<!-- \/ Yoast SEO Premium plugin. -->","yoast_head_json":{"title":"Accessoires Willki Stone | CSI CA-FR","description":"Les accessoires Willki Stone sont con\u00e7us pour simplifier l\u2019installation et rehausser le r\u00e9sultat final, en offrant une performance s\u00e9curis\u00e9e et des transitions nettes et soign\u00e9es.","robots":{"index":"index","follow":"follow","max-snippet":"max-snippet:-1","max-image-preview":"max-image-preview:large","max-video-preview":"max-video-preview:-1"},"canonical":"https:\/\/www.allthingsstone.com\/ca-fr\/product\/accessoires-willki-stone\/","og_locale":"en_US","og_type":"article","og_title":"60 Accessoires Willki Stone","og_description":"Les accessoires Willki Stone sont con\u00e7us pour simplifier l\u2019installation et rehausser le r\u00e9sultat final, en offrant une performance s\u00e9curis\u00e9e et des transitions nettes et soign\u00e9es.","og_url":"https:\/\/www.allthingsstone.com\/ca-fr\/product\/accessoires-willki-stone\/","og_site_name":"CSI - Canadian Stone Industries FR","article_modified_time":"2026-04-22T20:30:15+00:00","og_image":[{"width":459,"height":339,"url":"https:\/\/www.allthingsstone.com\/ca-fr\/wp-content\/uploads\/sites\/12\/2026\/04\/Willki-Stone-Accessories.jpg","type":"image\/jpeg"}],"twitter_card":"summary_large_image","twitter_misc":{"Est. reading time":"1 minute"},"schema":{"@context":"https:\/\/schema.org","@graph":[{"@type":"WebPage","@id":"https:\/\/www.allthingsstone.com\/ca-fr\/product\/accessoires-willki-stone\/","url":"https:\/\/www.allthingsstone.com\/ca-fr\/product\/accessoires-willki-stone\/","name":"Accessoires Willki Stone | CSI CA-FR","isPartOf":{"@id":"https:\/\/www.allthingsstone.com\/ca-fr\/#website"},"datePublished":"2026-04-22T20:09:14+00:00","dateModified":"2026-04-22T20:30:15+00:00","description":"Les accessoires Willki Stone sont con\u00e7us pour simplifier l\u2019installation et rehausser le r\u00e9sultat final, en offrant une performance s\u00e9curis\u00e9e et des transitions nettes et soign\u00e9es.","breadcrumb":{"@id":"https:\/\/www.allthingsstone.com\/ca-fr\/product\/accessoires-willki-stone\/#breadcrumb"},"inLanguage":"en-CA","potentialAction":[{"@type":"ReadAction","target":["https:\/\/www.allthingsstone.com\/ca-fr\/product\/accessoires-willki-stone\/"]}]},{"@type":"BreadcrumbList","@id":"https:\/\/www.allthingsstone.com\/ca-fr\/product\/accessoires-willki-stone\/#breadcrumb","itemListElement":[{"@type":"ListItem","position":1,"name":"Home","item":"https:\/\/www.allthingsstone.com\/ca-fr\/"},{"@type":"ListItem","position":2,"name":"60 Accessoires Willki Stone"}]},{"@type":"WebSite","@id":"https:\/\/www.allthingsstone.com\/ca-fr\/#website","url":"https:\/\/www.allthingsstone.com\/ca-fr\/","name":"CSI - Canadian Stone Industries FR","description":"","potentialAction":[{"@type":"SearchAction","target":{"@type":"EntryPoint","urlTemplate":"https:\/\/www.allthingsstone.com\/ca-fr\/?s={search_term_string}"},"query-input":"required name=search_term_string"}],"inLanguage":"en-CA"}]}},"_links":{"self":[{"href":"https:\/\/www.allthingsstone.com\/ca-fr\/wp-json\/wp\/v2\/product\/21421","targetHints":{"allow":["GET"]}}],"collection":[{"href":"https:\/\/www.allthingsstone.com\/ca-fr\/wp-json\/wp\/v2\/product"}],"about":[{"href":"https:\/\/www.allthingsstone.com\/ca-fr\/wp-json\/wp\/v2\/types\/product"}],"replies":[{"embeddable":true,"href":"https:\/\/www.allthingsstone.com\/ca-fr\/wp-json\/wp\/v2\/comments?post=21421"}],"wp:featuredmedia":[{"embeddable":true,"href":"https:\/\/www.allthingsstone.com\/ca-fr\/wp-json\/wp\/v2\/media\/21414"}],"wp:attachment":[{"href":"https:\/\/www.allthingsstone.com\/ca-fr\/wp-json\/wp\/v2\/media?parent=21421"}],"wp:term":[{"taxonomy":"product_cat","embeddable":true,"href":"https:\/\/www.allthingsstone.com\/ca-fr\/wp-json\/wp\/v2\/product_cat?post=21421"},{"taxonomy":"product_tag","embeddable":true,"href":"https:\/\/www.allthingsstone.com\/ca-fr\/wp-json\/wp\/v2\/product_tag?post=21421"}],"curies":[{"name":"wp","href":"https:\/\/api.w.org\/{rel}","templated":true}]}}