{"id":21419,"date":"2026-04-22T16:04:51","date_gmt":"2026-04-22T20:04:51","guid":{"rendered":"https:\/\/www.allthingsstone.com\/ca-fr\/?post_type=product&#038;p=21419"},"modified":"2026-04-22T16:30:05","modified_gmt":"2026-04-22T20:30:05","slug":"50-vis-willki-stone","status":"publish","type":"product","link":"https:\/\/www.allthingsstone.com\/ca-fr\/product\/50-vis-willki-stone\/","title":{"rendered":"50 Vis Willki Stone"},"content":{"rendered":"<div id=\"pl-21419\"  class=\"panel-layout\" ><div id=\"pg-21419-0\"  class=\"panel-grid panel-no-style\" ><div id=\"pgc-21419-0-0\"  class=\"panel-grid-cell\" ><div id=\"panel-21419-0-0-0\" class=\"so-panel widget widget_sow-image panel-first-child panel-last-child\" data-index=\"0\" ><div\n\t\t\t\n\t\t\tclass=\"so-widget-sow-image so-widget-sow-image-default-8b5b6f678277-21419\"\n\t\t\t\n\t\t>\n\n<div class=\"sow-image-container\">\n\t\t<img decoding=\"async\" src=\"https:\/\/www.allthingsstone.com\/ca-fr\/wp-content\/uploads\/sites\/12\/2026\/04\/Willki-Stone-Screws.jpeg\" width=\"192\" height=\"77\" sizes=\"auto, (max-width: 192px) 100vw, 192px\" title=\"Willki Stone - Vis\" alt=\"Willki Stone - Vis\" loading=\"lazy\" \t\tclass=\"so-widget-image\"\/>\n\t<\/div>\n\n<\/div><\/div><\/div><div id=\"pgc-21419-0-1\"  class=\"panel-grid-cell\" ><div id=\"panel-21419-0-1-0\" class=\"so-panel widget widget_sow-editor panel-first-child panel-last-child\" data-index=\"1\" ><div\n\t\t\t\n\t\t\tclass=\"so-widget-sow-editor so-widget-sow-editor-base\"\n\t\t\t\n\t\t>\n<div class=\"siteorigin-widget-tinymce textwidget\">\n\t<p>Les vis Willki Stone sont des fixations polyvalentes utilis\u00e9es pour fixer solidement les cl\u00e9s d\u2019ancrage EziKi ainsi que les bandes de d\u00e9part. Con\u00e7ues pour offrir une performance fiable, elles assurent une installation solide et stable, et sont incluses avec les cl\u00e9s d\u2019ancrage EziKi pour plus de commodit\u00e9.<\/p>\n<\/div>\n<\/div><\/div><\/div><\/div><\/div>","protected":false},"excerpt":{"rendered":"<p>Les vis Willki Stone sont des fixations polyvalentes utilis\u00e9es pour fixer solidement les cl\u00e9s d\u2019ancrage EziKi ainsi que les bandes de d\u00e9part. Con\u00e7ues pour offrir &hellip; <a href=\"https:\/\/www.allthingsstone.com\/ca-fr\/product\/50-vis-willki-stone\/\">Continued<\/a><\/p>\n","protected":false},"featured_media":21413,"comment_status":"closed","ping_status":"closed","template":"","meta":{"inline_featured_image":false,"_mi_skip_tracking":false,"_exactmetrics_sitenote_active":false,"_exactmetrics_sitenote_note":"","_exactmetrics_sitenote_category":0},"product_cat":[6535],"product_tag":[9236],"class_list":["post-21419","product","type-product","status-publish","has-post-thumbnail","hentry","product_cat-revetement-de-pierre","product_tag-willki-stone-system","brands-willki-stone","single_resource-willki-stone"],"acf":[],"yoast_head":"<!-- This site is optimized with the Yoast SEO Premium plugin v21.6 (Yoast SEO v21.6) - https:\/\/yoast.com\/wordpress\/plugins\/seo\/ -->\n<title>Vis Willki Stone | CSI CA-FR<\/title>\n<meta name=\"description\" content=\"Les vis Willki Stone sont des fixations polyvalentes utilis\u00e9es pour fixer solidement les cl\u00e9s d\u2019ancrage EziKi ainsi que les bandes de d\u00e9part. Con\u00e7ues pour une performance fiable!\" \/>\n<meta name=\"robots\" content=\"index, follow, max-snippet:-1, max-image-preview:large, max-video-preview:-1\" \/>\n<link rel=\"canonical\" href=\"https:\/\/www.allthingsstone.com\/ca-fr\/product\/50-vis-willki-stone\/\" \/>\n<meta property=\"og:locale\" content=\"en_US\" \/>\n<meta property=\"og:type\" content=\"article\" \/>\n<meta property=\"og:title\" content=\"50 Vis Willki Stone\" \/>\n<meta property=\"og:description\" content=\"Les vis Willki Stone sont des fixations polyvalentes utilis\u00e9es pour fixer solidement les cl\u00e9s d\u2019ancrage EziKi ainsi que les bandes de d\u00e9part. Con\u00e7ues pour une performance fiable!\" \/>\n<meta property=\"og:url\" content=\"https:\/\/www.allthingsstone.com\/ca-fr\/product\/50-vis-willki-stone\/\" \/>\n<meta property=\"og:site_name\" content=\"CSI - Canadian Stone Industries FR\" \/>\n<meta property=\"article:modified_time\" content=\"2026-04-22T20:30:05+00:00\" \/>\n<meta property=\"og:image\" content=\"https:\/\/www.allthingsstone.com\/ca-fr\/wp-content\/uploads\/sites\/12\/2026\/04\/Willki-Stone-Screws.jpg\" \/>\n\t<meta property=\"og:image:width\" content=\"459\" \/>\n\t<meta property=\"og:image:height\" content=\"339\" \/>\n\t<meta property=\"og:image:type\" content=\"image\/jpeg\" \/>\n<meta name=\"twitter:card\" content=\"summary_large_image\" \/>\n<meta name=\"twitter:label1\" content=\"Est. reading time\" \/>\n\t<meta name=\"twitter:data1\" content=\"1 minute\" \/>\n<script type=\"application\/ld+json\" class=\"yoast-schema-graph\">{\"@context\":\"https:\/\/schema.org\",\"@graph\":[{\"@type\":\"WebPage\",\"@id\":\"https:\/\/www.allthingsstone.com\/ca-fr\/product\/50-vis-willki-stone\/\",\"url\":\"https:\/\/www.allthingsstone.com\/ca-fr\/product\/50-vis-willki-stone\/\",\"name\":\"Vis Willki Stone | CSI CA-FR\",\"isPartOf\":{\"@id\":\"https:\/\/www.allthingsstone.com\/ca-fr\/#website\"},\"datePublished\":\"2026-04-22T20:04:51+00:00\",\"dateModified\":\"2026-04-22T20:30:05+00:00\",\"description\":\"Les vis Willki Stone sont des fixations polyvalentes utilis\u00e9es pour fixer solidement les cl\u00e9s d\u2019ancrage EziKi ainsi que les bandes de d\u00e9part. Con\u00e7ues pour une performance fiable!\",\"breadcrumb\":{\"@id\":\"https:\/\/www.allthingsstone.com\/ca-fr\/product\/50-vis-willki-stone\/#breadcrumb\"},\"inLanguage\":\"en-CA\",\"potentialAction\":[{\"@type\":\"ReadAction\",\"target\":[\"https:\/\/www.allthingsstone.com\/ca-fr\/product\/50-vis-willki-stone\/\"]}]},{\"@type\":\"BreadcrumbList\",\"@id\":\"https:\/\/www.allthingsstone.com\/ca-fr\/product\/50-vis-willki-stone\/#breadcrumb\",\"itemListElement\":[{\"@type\":\"ListItem\",\"position\":1,\"name\":\"Home\",\"item\":\"https:\/\/www.allthingsstone.com\/ca-fr\/\"},{\"@type\":\"ListItem\",\"position\":2,\"name\":\"50 Vis Willki Stone\"}]},{\"@type\":\"WebSite\",\"@id\":\"https:\/\/www.allthingsstone.com\/ca-fr\/#website\",\"url\":\"https:\/\/www.allthingsstone.com\/ca-fr\/\",\"name\":\"CSI - Canadian Stone Industries FR\",\"description\":\"\",\"potentialAction\":[{\"@type\":\"SearchAction\",\"target\":{\"@type\":\"EntryPoint\",\"urlTemplate\":\"https:\/\/www.allthingsstone.com\/ca-fr\/?s={search_term_string}\"},\"query-input\":\"required name=search_term_string\"}],\"inLanguage\":\"en-CA\"}]}<\/script>\n<!-- \/ Yoast SEO Premium plugin. -->","yoast_head_json":{"title":"Vis Willki Stone | CSI CA-FR","description":"Les vis Willki Stone sont des fixations polyvalentes utilis\u00e9es pour fixer solidement les cl\u00e9s d\u2019ancrage EziKi ainsi que les bandes de d\u00e9part. Con\u00e7ues pour une performance fiable!","robots":{"index":"index","follow":"follow","max-snippet":"max-snippet:-1","max-image-preview":"max-image-preview:large","max-video-preview":"max-video-preview:-1"},"canonical":"https:\/\/www.allthingsstone.com\/ca-fr\/product\/50-vis-willki-stone\/","og_locale":"en_US","og_type":"article","og_title":"50 Vis Willki Stone","og_description":"Les vis Willki Stone sont des fixations polyvalentes utilis\u00e9es pour fixer solidement les cl\u00e9s d\u2019ancrage EziKi ainsi que les bandes de d\u00e9part. Con\u00e7ues pour une performance fiable!","og_url":"https:\/\/www.allthingsstone.com\/ca-fr\/product\/50-vis-willki-stone\/","og_site_name":"CSI - Canadian Stone Industries FR","article_modified_time":"2026-04-22T20:30:05+00:00","og_image":[{"width":459,"height":339,"url":"https:\/\/www.allthingsstone.com\/ca-fr\/wp-content\/uploads\/sites\/12\/2026\/04\/Willki-Stone-Screws.jpg","type":"image\/jpeg"}],"twitter_card":"summary_large_image","twitter_misc":{"Est. reading time":"1 minute"},"schema":{"@context":"https:\/\/schema.org","@graph":[{"@type":"WebPage","@id":"https:\/\/www.allthingsstone.com\/ca-fr\/product\/50-vis-willki-stone\/","url":"https:\/\/www.allthingsstone.com\/ca-fr\/product\/50-vis-willki-stone\/","name":"Vis Willki Stone | CSI CA-FR","isPartOf":{"@id":"https:\/\/www.allthingsstone.com\/ca-fr\/#website"},"datePublished":"2026-04-22T20:04:51+00:00","dateModified":"2026-04-22T20:30:05+00:00","description":"Les vis Willki Stone sont des fixations polyvalentes utilis\u00e9es pour fixer solidement les cl\u00e9s d\u2019ancrage EziKi ainsi que les bandes de d\u00e9part. Con\u00e7ues pour une performance fiable!","breadcrumb":{"@id":"https:\/\/www.allthingsstone.com\/ca-fr\/product\/50-vis-willki-stone\/#breadcrumb"},"inLanguage":"en-CA","potentialAction":[{"@type":"ReadAction","target":["https:\/\/www.allthingsstone.com\/ca-fr\/product\/50-vis-willki-stone\/"]}]},{"@type":"BreadcrumbList","@id":"https:\/\/www.allthingsstone.com\/ca-fr\/product\/50-vis-willki-stone\/#breadcrumb","itemListElement":[{"@type":"ListItem","position":1,"name":"Home","item":"https:\/\/www.allthingsstone.com\/ca-fr\/"},{"@type":"ListItem","position":2,"name":"50 Vis Willki Stone"}]},{"@type":"WebSite","@id":"https:\/\/www.allthingsstone.com\/ca-fr\/#website","url":"https:\/\/www.allthingsstone.com\/ca-fr\/","name":"CSI - Canadian Stone Industries FR","description":"","potentialAction":[{"@type":"SearchAction","target":{"@type":"EntryPoint","urlTemplate":"https:\/\/www.allthingsstone.com\/ca-fr\/?s={search_term_string}"},"query-input":"required name=search_term_string"}],"inLanguage":"en-CA"}]}},"_links":{"self":[{"href":"https:\/\/www.allthingsstone.com\/ca-fr\/wp-json\/wp\/v2\/product\/21419","targetHints":{"allow":["GET"]}}],"collection":[{"href":"https:\/\/www.allthingsstone.com\/ca-fr\/wp-json\/wp\/v2\/product"}],"about":[{"href":"https:\/\/www.allthingsstone.com\/ca-fr\/wp-json\/wp\/v2\/types\/product"}],"replies":[{"embeddable":true,"href":"https:\/\/www.allthingsstone.com\/ca-fr\/wp-json\/wp\/v2\/comments?post=21419"}],"wp:featuredmedia":[{"embeddable":true,"href":"https:\/\/www.allthingsstone.com\/ca-fr\/wp-json\/wp\/v2\/media\/21413"}],"wp:attachment":[{"href":"https:\/\/www.allthingsstone.com\/ca-fr\/wp-json\/wp\/v2\/media?parent=21419"}],"wp:term":[{"taxonomy":"product_cat","embeddable":true,"href":"https:\/\/www.allthingsstone.com\/ca-fr\/wp-json\/wp\/v2\/product_cat?post=21419"},{"taxonomy":"product_tag","embeddable":true,"href":"https:\/\/www.allthingsstone.com\/ca-fr\/wp-json\/wp\/v2\/product_tag?post=21419"}],"curies":[{"name":"wp","href":"https:\/\/api.w.org\/{rel}","templated":true}]}}