{"id":21418,"date":"2026-04-22T15:58:04","date_gmt":"2026-04-22T19:58:04","guid":{"rendered":"https:\/\/www.allthingsstone.com\/ca-fr\/?post_type=product&#038;p=21418"},"modified":"2026-04-22T16:29:53","modified_gmt":"2026-04-22T20:29:53","slug":"40-starter-strip-willki-stone","status":"publish","type":"product","link":"https:\/\/www.allthingsstone.com\/ca-fr\/product\/bande-de-depart-galvanisee-willki-stone\/","title":{"rendered":"40 Bande de d\u00e9part galvanis\u00e9e Willki Stone"},"content":{"rendered":"<div id=\"pl-21418\"  class=\"panel-layout\" ><div id=\"pg-21418-0\"  class=\"panel-grid panel-no-style\" ><div id=\"pgc-21418-0-0\"  class=\"panel-grid-cell\" ><div id=\"panel-21418-0-0-0\" class=\"so-panel widget widget_sow-image panel-first-child panel-last-child\" data-index=\"0\" ><div\n\t\t\t\n\t\t\tclass=\"so-widget-sow-image so-widget-sow-image-default-8b5b6f678277-21418\"\n\t\t\t\n\t\t>\n\n<div class=\"sow-image-container\">\n\t\t\t<a href=\"https:\/\/www.allthingsstone.com\/ca-fr\/wp-content\/uploads\/sites\/12\/2026\/04\/WS-Galvanized-Starter-Strip.jpg\"\n\t\t\tdata-lightbox=\"165221520869e925a665e85456035311\" data-lightbox-options=\"{&quot;alwaysShowNavOnTouchDevices&quot;:false,&quot;disabledOnTablet&quot;:false,&quot;disabledOnMobile&quot;:false,&quot;disableScrolling&quot;:false,&quot;overlayColor&quot;:&quot;#000&quot;,&quot;overlayOpacity&quot;:0.8,&quot;fadeDuration&quot;:600,&quot;fitImagesInViewport&quot;:true,&quot;imageFadeDuration&quot;:600,&quot;maxHeight&quot;:&quot;&quot;,&quot;maxWidth&quot;:&quot;&quot;,&quot;positionFromTop&quot;:50,&quot;resizeDuration&quot;:700,&quot;showImageNumberLabel&quot;:true,&quot;disableCaption&quot;:&quot;&quot;,&quot;wrapAround&quot;:true,&quot;albumLabel&quot;:&quot; %1 of %2&quot;}\" data-title=\"Willki Stone - Bande de d\u00e9part galvanis\u00e9e\" \t\t>\n\t\t\t<img decoding=\"async\" src=\"https:\/\/www.allthingsstone.com\/ca-fr\/wp-content\/uploads\/sites\/12\/2026\/04\/WS-Galvanized-Starter-Strip.jpg\" width=\"550\" height=\"550\" srcset=\"https:\/\/www.allthingsstone.com\/ca-fr\/wp-content\/uploads\/sites\/12\/2026\/04\/WS-Galvanized-Starter-Strip.jpg 550w, https:\/\/www.allthingsstone.com\/ca-fr\/wp-content\/uploads\/sites\/12\/2026\/04\/WS-Galvanized-Starter-Strip-300x300.jpg 300w, https:\/\/www.allthingsstone.com\/ca-fr\/wp-content\/uploads\/sites\/12\/2026\/04\/WS-Galvanized-Starter-Strip-150x150.jpg 150w, https:\/\/www.allthingsstone.com\/ca-fr\/wp-content\/uploads\/sites\/12\/2026\/04\/WS-Galvanized-Starter-Strip-250x250.jpg 250w, https:\/\/www.allthingsstone.com\/ca-fr\/wp-content\/uploads\/sites\/12\/2026\/04\/WS-Galvanized-Starter-Strip-120x120.jpg 120w, https:\/\/www.allthingsstone.com\/ca-fr\/wp-content\/uploads\/sites\/12\/2026\/04\/WS-Galvanized-Starter-Strip-100x100.jpg 100w\" sizes=\"auto, (max-width: 550px) 100vw, 550px\" title=\"Willki Stone - Bande de d\u00e9part galvanis\u00e9e\" alt=\"Willki Stone - Bande de d\u00e9part galvanis\u00e9e\" loading=\"lazy\" \t\tclass=\"so-widget-image\"\/>\n\t<\/a><\/div>\n\n<\/div><\/div><\/div><div id=\"pgc-21418-0-1\"  class=\"panel-grid-cell\" ><div id=\"panel-21418-0-1-0\" class=\"so-panel widget widget_sow-editor panel-first-child panel-last-child\" data-index=\"1\" ><div\n\t\t\t\n\t\t\tclass=\"so-widget-sow-editor so-widget-sow-editor-base\"\n\t\t\t\n\t\t>\n<div class=\"siteorigin-widget-tinymce textwidget\">\n\t<p>La bande de d\u00e9part Willki Stone est une bande durable en acier galvanis\u00e9 con\u00e7ue pour soutenir, aligner et fixer la premi\u00e8re rang\u00e9e de panneaux. Elle \u00e9tablit une base droite et de niveau, favorise une r\u00e9partition uniforme du poids et assure un positionnement pr\u00e9cis pour toutes les rang\u00e9es de panneaux suivantes.<\/p>\n<\/div>\n<\/div><\/div><\/div><\/div><\/div>","protected":false},"excerpt":{"rendered":"<p>La bande de d\u00e9part Willki Stone est une bande durable en acier galvanis\u00e9 con\u00e7ue pour soutenir, aligner et fixer la premi\u00e8re rang\u00e9e de panneaux. Elle &hellip; <a href=\"https:\/\/www.allthingsstone.com\/ca-fr\/product\/bande-de-depart-galvanisee-willki-stone\/\">Continued<\/a><\/p>\n","protected":false},"featured_media":21416,"comment_status":"closed","ping_status":"closed","template":"","meta":{"inline_featured_image":false,"_mi_skip_tracking":false,"_exactmetrics_sitenote_active":false,"_exactmetrics_sitenote_note":"","_exactmetrics_sitenote_category":0},"product_cat":[6535],"product_tag":[9236],"class_list":["post-21418","product","type-product","status-publish","has-post-thumbnail","hentry","product_cat-revetement-de-pierre","product_tag-willki-stone-system","brands-willki-stone","single_resource-willki-stone"],"acf":[],"yoast_head":"<!-- This site is optimized with the Yoast SEO Premium plugin v21.6 (Yoast SEO v21.6) - https:\/\/yoast.com\/wordpress\/plugins\/seo\/ -->\n<title>Bande de d\u00e9part galvanis\u00e9e Willki Stone | CSI CA-FR<\/title>\n<meta name=\"description\" content=\"D\u00e9couvrez la collection de panneaux de pierre viss\u00e9s Vallis par Willki Stone pour cr\u00e9er une harmonie fluide entre la nature et l\u2019architecture.\" \/>\n<meta name=\"robots\" content=\"index, follow, max-snippet:-1, max-image-preview:large, max-video-preview:-1\" \/>\n<link rel=\"canonical\" href=\"https:\/\/www.allthingsstone.com\/ca-fr\/product\/bande-de-depart-galvanisee-willki-stone\/\" \/>\n<meta property=\"og:locale\" content=\"en_US\" \/>\n<meta property=\"og:type\" content=\"article\" \/>\n<meta property=\"og:title\" content=\"40 Bande de d\u00e9part galvanis\u00e9e Willki Stone\" \/>\n<meta property=\"og:description\" content=\"D\u00e9couvrez la collection de panneaux de pierre viss\u00e9s Vallis par Willki Stone pour cr\u00e9er une harmonie fluide entre la nature et l\u2019architecture.\" \/>\n<meta property=\"og:url\" content=\"https:\/\/www.allthingsstone.com\/ca-fr\/product\/bande-de-depart-galvanisee-willki-stone\/\" \/>\n<meta property=\"og:site_name\" content=\"CSI - Canadian Stone Industries FR\" \/>\n<meta property=\"article:modified_time\" content=\"2026-04-22T20:29:53+00:00\" \/>\n<meta property=\"og:image\" content=\"https:\/\/www.allthingsstone.com\/ca-fr\/wp-content\/uploads\/sites\/12\/2026\/04\/Willki-Stone-Galvanized-Starter-Strip.jpg\" \/>\n\t<meta property=\"og:image:width\" content=\"459\" \/>\n\t<meta property=\"og:image:height\" content=\"339\" \/>\n\t<meta property=\"og:image:type\" content=\"image\/jpeg\" \/>\n<meta name=\"twitter:card\" content=\"summary_large_image\" \/>\n<meta name=\"twitter:label1\" content=\"Est. reading time\" \/>\n\t<meta name=\"twitter:data1\" content=\"1 minute\" \/>\n<script type=\"application\/ld+json\" class=\"yoast-schema-graph\">{\"@context\":\"https:\/\/schema.org\",\"@graph\":[{\"@type\":\"WebPage\",\"@id\":\"https:\/\/www.allthingsstone.com\/ca-fr\/product\/bande-de-depart-galvanisee-willki-stone\/\",\"url\":\"https:\/\/www.allthingsstone.com\/ca-fr\/product\/bande-de-depart-galvanisee-willki-stone\/\",\"name\":\"Bande de d\u00e9part galvanis\u00e9e Willki Stone | CSI CA-FR\",\"isPartOf\":{\"@id\":\"https:\/\/www.allthingsstone.com\/ca-fr\/#website\"},\"datePublished\":\"2026-04-22T19:58:04+00:00\",\"dateModified\":\"2026-04-22T20:29:53+00:00\",\"description\":\"D\u00e9couvrez la collection de panneaux de pierre viss\u00e9s Vallis par Willki Stone pour cr\u00e9er une harmonie fluide entre la nature et l\u2019architecture.\",\"breadcrumb\":{\"@id\":\"https:\/\/www.allthingsstone.com\/ca-fr\/product\/bande-de-depart-galvanisee-willki-stone\/#breadcrumb\"},\"inLanguage\":\"en-CA\",\"potentialAction\":[{\"@type\":\"ReadAction\",\"target\":[\"https:\/\/www.allthingsstone.com\/ca-fr\/product\/bande-de-depart-galvanisee-willki-stone\/\"]}]},{\"@type\":\"BreadcrumbList\",\"@id\":\"https:\/\/www.allthingsstone.com\/ca-fr\/product\/bande-de-depart-galvanisee-willki-stone\/#breadcrumb\",\"itemListElement\":[{\"@type\":\"ListItem\",\"position\":1,\"name\":\"Home\",\"item\":\"https:\/\/www.allthingsstone.com\/ca-fr\/\"},{\"@type\":\"ListItem\",\"position\":2,\"name\":\"40 Bande de d\u00e9part galvanis\u00e9e Willki Stone\"}]},{\"@type\":\"WebSite\",\"@id\":\"https:\/\/www.allthingsstone.com\/ca-fr\/#website\",\"url\":\"https:\/\/www.allthingsstone.com\/ca-fr\/\",\"name\":\"CSI - Canadian Stone Industries FR\",\"description\":\"\",\"potentialAction\":[{\"@type\":\"SearchAction\",\"target\":{\"@type\":\"EntryPoint\",\"urlTemplate\":\"https:\/\/www.allthingsstone.com\/ca-fr\/?s={search_term_string}\"},\"query-input\":\"required name=search_term_string\"}],\"inLanguage\":\"en-CA\"}]}<\/script>\n<!-- \/ Yoast SEO Premium plugin. -->","yoast_head_json":{"title":"Bande de d\u00e9part galvanis\u00e9e Willki Stone | CSI CA-FR","description":"D\u00e9couvrez la collection de panneaux de pierre viss\u00e9s Vallis par Willki Stone pour cr\u00e9er une harmonie fluide entre la nature et l\u2019architecture.","robots":{"index":"index","follow":"follow","max-snippet":"max-snippet:-1","max-image-preview":"max-image-preview:large","max-video-preview":"max-video-preview:-1"},"canonical":"https:\/\/www.allthingsstone.com\/ca-fr\/product\/bande-de-depart-galvanisee-willki-stone\/","og_locale":"en_US","og_type":"article","og_title":"40 Bande de d\u00e9part galvanis\u00e9e Willki Stone","og_description":"D\u00e9couvrez la collection de panneaux de pierre viss\u00e9s Vallis par Willki Stone pour cr\u00e9er une harmonie fluide entre la nature et l\u2019architecture.","og_url":"https:\/\/www.allthingsstone.com\/ca-fr\/product\/bande-de-depart-galvanisee-willki-stone\/","og_site_name":"CSI - Canadian Stone Industries FR","article_modified_time":"2026-04-22T20:29:53+00:00","og_image":[{"width":459,"height":339,"url":"https:\/\/www.allthingsstone.com\/ca-fr\/wp-content\/uploads\/sites\/12\/2026\/04\/Willki-Stone-Galvanized-Starter-Strip.jpg","type":"image\/jpeg"}],"twitter_card":"summary_large_image","twitter_misc":{"Est. reading time":"1 minute"},"schema":{"@context":"https:\/\/schema.org","@graph":[{"@type":"WebPage","@id":"https:\/\/www.allthingsstone.com\/ca-fr\/product\/bande-de-depart-galvanisee-willki-stone\/","url":"https:\/\/www.allthingsstone.com\/ca-fr\/product\/bande-de-depart-galvanisee-willki-stone\/","name":"Bande de d\u00e9part galvanis\u00e9e Willki Stone | CSI CA-FR","isPartOf":{"@id":"https:\/\/www.allthingsstone.com\/ca-fr\/#website"},"datePublished":"2026-04-22T19:58:04+00:00","dateModified":"2026-04-22T20:29:53+00:00","description":"D\u00e9couvrez la collection de panneaux de pierre viss\u00e9s Vallis par Willki Stone pour cr\u00e9er une harmonie fluide entre la nature et l\u2019architecture.","breadcrumb":{"@id":"https:\/\/www.allthingsstone.com\/ca-fr\/product\/bande-de-depart-galvanisee-willki-stone\/#breadcrumb"},"inLanguage":"en-CA","potentialAction":[{"@type":"ReadAction","target":["https:\/\/www.allthingsstone.com\/ca-fr\/product\/bande-de-depart-galvanisee-willki-stone\/"]}]},{"@type":"BreadcrumbList","@id":"https:\/\/www.allthingsstone.com\/ca-fr\/product\/bande-de-depart-galvanisee-willki-stone\/#breadcrumb","itemListElement":[{"@type":"ListItem","position":1,"name":"Home","item":"https:\/\/www.allthingsstone.com\/ca-fr\/"},{"@type":"ListItem","position":2,"name":"40 Bande de d\u00e9part galvanis\u00e9e Willki Stone"}]},{"@type":"WebSite","@id":"https:\/\/www.allthingsstone.com\/ca-fr\/#website","url":"https:\/\/www.allthingsstone.com\/ca-fr\/","name":"CSI - Canadian Stone Industries FR","description":"","potentialAction":[{"@type":"SearchAction","target":{"@type":"EntryPoint","urlTemplate":"https:\/\/www.allthingsstone.com\/ca-fr\/?s={search_term_string}"},"query-input":"required name=search_term_string"}],"inLanguage":"en-CA"}]}},"_links":{"self":[{"href":"https:\/\/www.allthingsstone.com\/ca-fr\/wp-json\/wp\/v2\/product\/21418","targetHints":{"allow":["GET"]}}],"collection":[{"href":"https:\/\/www.allthingsstone.com\/ca-fr\/wp-json\/wp\/v2\/product"}],"about":[{"href":"https:\/\/www.allthingsstone.com\/ca-fr\/wp-json\/wp\/v2\/types\/product"}],"replies":[{"embeddable":true,"href":"https:\/\/www.allthingsstone.com\/ca-fr\/wp-json\/wp\/v2\/comments?post=21418"}],"wp:featuredmedia":[{"embeddable":true,"href":"https:\/\/www.allthingsstone.com\/ca-fr\/wp-json\/wp\/v2\/media\/21416"}],"wp:attachment":[{"href":"https:\/\/www.allthingsstone.com\/ca-fr\/wp-json\/wp\/v2\/media?parent=21418"}],"wp:term":[{"taxonomy":"product_cat","embeddable":true,"href":"https:\/\/www.allthingsstone.com\/ca-fr\/wp-json\/wp\/v2\/product_cat?post=21418"},{"taxonomy":"product_tag","embeddable":true,"href":"https:\/\/www.allthingsstone.com\/ca-fr\/wp-json\/wp\/v2\/product_tag?post=21418"}],"curies":[{"name":"wp","href":"https:\/\/api.w.org\/{rel}","templated":true}]}}