{"id":21411,"date":"2026-04-22T15:45:43","date_gmt":"2026-04-22T19:45:43","guid":{"rendered":"https:\/\/www.allthingsstone.com\/ca-fr\/?post_type=product&#038;p=21411"},"modified":"2026-04-22T16:29:40","modified_gmt":"2026-04-22T20:29:40","slug":"30-eziki-anchor-keys-willki-stone","status":"publish","type":"product","link":"https:\/\/www.allthingsstone.com\/ca-fr\/product\/cles-dancrage-eziki-willki-stone\/","title":{"rendered":"30 Cl\u00e9s d\u2019ancrage EziKi Willki Stone"},"content":{"rendered":"<div id=\"pl-21411\"  class=\"panel-layout\" ><div id=\"pg-21411-0\"  class=\"panel-grid panel-no-style\" ><div id=\"pgc-21411-0-0\"  class=\"panel-grid-cell\" ><div id=\"panel-21411-0-0-0\" class=\"so-panel widget widget_sow-editor panel-first-child panel-last-child\" data-index=\"0\" ><div\n\t\t\t\n\t\t\tclass=\"so-widget-sow-editor so-widget-sow-editor-base\"\n\t\t\t\n\t\t>\n<div class=\"siteorigin-widget-tinymce textwidget\">\n\t<p>Les cl\u00e9s d\u2019ancrage EziKi sont install\u00e9es sur le dessus de chaque panneau, \u00e0 raison de deux unit\u00e9s par panneau, afin de fixer solidement les panneaux au substrat tout en assurant un soutien structurel pour la rang\u00e9e sup\u00e9rieure.<\/p>\n<\/div>\n<\/div><\/div><\/div><\/div><div id=\"pg-21411-1\"  class=\"panel-grid panel-no-style\" ><div id=\"pgc-21411-1-0\"  class=\"panel-grid-cell\" ><div id=\"panel-21411-1-0-0\" class=\"so-panel widget widget_sow-image panel-first-child panel-last-child\" data-index=\"1\" ><div\n\t\t\t\n\t\t\tclass=\"so-widget-sow-image so-widget-sow-image-default-8b5b6f678277-21411\"\n\t\t\t\n\t\t>\n\n<div class=\"sow-image-container\">\n\t\t\t<a href=\"https:\/\/www.allthingsstone.com\/ca-fr\/wp-content\/uploads\/sites\/12\/2026\/04\/WS-EziKi-Anchor.jpg\"\n\t\t\tdata-lightbox=\"165221520869e925a665e85456035311\" data-lightbox-options=\"{&quot;alwaysShowNavOnTouchDevices&quot;:false,&quot;disabledOnTablet&quot;:false,&quot;disabledOnMobile&quot;:false,&quot;disableScrolling&quot;:false,&quot;overlayColor&quot;:&quot;#000&quot;,&quot;overlayOpacity&quot;:0.8,&quot;fadeDuration&quot;:600,&quot;fitImagesInViewport&quot;:true,&quot;imageFadeDuration&quot;:600,&quot;maxHeight&quot;:&quot;&quot;,&quot;maxWidth&quot;:&quot;&quot;,&quot;positionFromTop&quot;:50,&quot;resizeDuration&quot;:700,&quot;showImageNumberLabel&quot;:true,&quot;disableCaption&quot;:&quot;&quot;,&quot;wrapAround&quot;:true,&quot;albumLabel&quot;:&quot; %1 of %2&quot;}\" data-title=\"Willki Stone \u2013 Cl\u00e9s d\u2019ancrage EziKi\n\" \t\t>\n\t\t\t<img decoding=\"async\" src=\"https:\/\/www.allthingsstone.com\/ca-fr\/wp-content\/uploads\/sites\/12\/2026\/04\/WS-EziKi-Anchor.jpg\" width=\"550\" height=\"550\" srcset=\"https:\/\/www.allthingsstone.com\/ca-fr\/wp-content\/uploads\/sites\/12\/2026\/04\/WS-EziKi-Anchor.jpg 550w, https:\/\/www.allthingsstone.com\/ca-fr\/wp-content\/uploads\/sites\/12\/2026\/04\/WS-EziKi-Anchor-300x300.jpg 300w, https:\/\/www.allthingsstone.com\/ca-fr\/wp-content\/uploads\/sites\/12\/2026\/04\/WS-EziKi-Anchor-150x150.jpg 150w, https:\/\/www.allthingsstone.com\/ca-fr\/wp-content\/uploads\/sites\/12\/2026\/04\/WS-EziKi-Anchor-250x250.jpg 250w, https:\/\/www.allthingsstone.com\/ca-fr\/wp-content\/uploads\/sites\/12\/2026\/04\/WS-EziKi-Anchor-120x120.jpg 120w, https:\/\/www.allthingsstone.com\/ca-fr\/wp-content\/uploads\/sites\/12\/2026\/04\/WS-EziKi-Anchor-100x100.jpg 100w\" sizes=\"auto, (max-width: 550px) 100vw, 550px\" title=\"Willki Stone \u2013 Cl\u00e9s d\u2019ancrage EziKi\n\" alt=\"Willki Stone \u2013 Cl\u00e9s d\u2019ancrage EziKi\" loading=\"lazy\" \t\tclass=\"so-widget-image\"\/>\n\t<\/a><\/div>\n\n<\/div><\/div><\/div><div id=\"pgc-21411-1-1\"  class=\"panel-grid-cell\" ><div id=\"panel-21411-1-1-0\" class=\"so-panel widget widget_sow-image panel-first-child panel-last-child\" data-index=\"2\" ><div\n\t\t\t\n\t\t\tclass=\"so-widget-sow-image so-widget-sow-image-default-8b5b6f678277-21411\"\n\t\t\t\n\t\t>\n\n<div class=\"sow-image-container\">\n\t\t\t<a href=\"https:\/\/www.allthingsstone.com\/ca-fr\/wp-content\/uploads\/sites\/12\/2026\/04\/Willki-Stone-EziKi-Anchor-Keys-scaled.jpg\"\n\t\t\tdata-lightbox=\"96798197069e925e40aa69508251954\" data-lightbox-options=\"{&quot;alwaysShowNavOnTouchDevices&quot;:false,&quot;disabledOnTablet&quot;:false,&quot;disabledOnMobile&quot;:false,&quot;disableScrolling&quot;:false,&quot;overlayColor&quot;:&quot;#000&quot;,&quot;overlayOpacity&quot;:0.8,&quot;fadeDuration&quot;:600,&quot;fitImagesInViewport&quot;:true,&quot;imageFadeDuration&quot;:600,&quot;maxHeight&quot;:&quot;&quot;,&quot;maxWidth&quot;:&quot;&quot;,&quot;positionFromTop&quot;:50,&quot;resizeDuration&quot;:700,&quot;showImageNumberLabel&quot;:true,&quot;disableCaption&quot;:&quot;&quot;,&quot;wrapAround&quot;:true,&quot;albumLabel&quot;:&quot; %1 of %2&quot;}\" data-title=\"Willki Stone \u2013 Cl\u00e9s d\u2019ancrage EziKi\n\" \t\t>\n\t\t\t<img decoding=\"async\" src=\"https:\/\/www.allthingsstone.com\/ca-fr\/wp-content\/uploads\/sites\/12\/2026\/04\/Willki-Stone-EziKi-Anchor-Keys-scaled.jpg\" width=\"2048\" height=\"1368\" srcset=\"https:\/\/www.allthingsstone.com\/ca-fr\/wp-content\/uploads\/sites\/12\/2026\/04\/Willki-Stone-EziKi-Anchor-Keys-scaled.jpg 2048w, https:\/\/www.allthingsstone.com\/ca-fr\/wp-content\/uploads\/sites\/12\/2026\/04\/Willki-Stone-EziKi-Anchor-Keys-300x200.jpg 300w, https:\/\/www.allthingsstone.com\/ca-fr\/wp-content\/uploads\/sites\/12\/2026\/04\/Willki-Stone-EziKi-Anchor-Keys-1024x684.jpg 1024w, https:\/\/www.allthingsstone.com\/ca-fr\/wp-content\/uploads\/sites\/12\/2026\/04\/Willki-Stone-EziKi-Anchor-Keys-768x513.jpg 768w, https:\/\/www.allthingsstone.com\/ca-fr\/wp-content\/uploads\/sites\/12\/2026\/04\/Willki-Stone-EziKi-Anchor-Keys-1536x1026.jpg 1536w, https:\/\/www.allthingsstone.com\/ca-fr\/wp-content\/uploads\/sites\/12\/2026\/04\/Willki-Stone-EziKi-Anchor-Keys-600x401.jpg 600w, https:\/\/www.allthingsstone.com\/ca-fr\/wp-content\/uploads\/sites\/12\/2026\/04\/Willki-Stone-EziKi-Anchor-Keys-272x182.jpg 272w\" sizes=\"auto, (max-width: 2048px) 100vw, 2048px\" title=\"Willki Stone \u2013 Cl\u00e9s d\u2019ancrage EziKi\n\" alt=\"Willki Stone \u2013 Cl\u00e9s d\u2019ancrage EziKi\" loading=\"lazy\" \t\tclass=\"so-widget-image\"\/>\n\t<\/a><\/div>\n\n<\/div><\/div><\/div><\/div><\/div>","protected":false},"excerpt":{"rendered":"<p>Les cl\u00e9s d\u2019ancrage EziKi sont install\u00e9es sur le dessus de chaque panneau, \u00e0 raison de deux unit\u00e9s par panneau, afin de fixer solidement les panneaux &hellip; <a href=\"https:\/\/www.allthingsstone.com\/ca-fr\/product\/cles-dancrage-eziki-willki-stone\/\">Continued<\/a><\/p>\n","protected":false},"featured_media":21415,"comment_status":"closed","ping_status":"closed","template":"","meta":{"inline_featured_image":false,"_mi_skip_tracking":false,"_exactmetrics_sitenote_active":false,"_exactmetrics_sitenote_note":"","_exactmetrics_sitenote_category":0},"product_cat":[6535],"product_tag":[9236],"class_list":["post-21411","product","type-product","status-publish","has-post-thumbnail","hentry","product_cat-revetement-de-pierre","product_tag-willki-stone-system","brands-willki-stone","single_resource-willki-stone"],"acf":[],"yoast_head":"<!-- This site is optimized with the Yoast SEO Premium plugin v21.6 (Yoast SEO v21.6) - https:\/\/yoast.com\/wordpress\/plugins\/seo\/ -->\n<title>Cl\u00e9s d\u2019ancrage EziKi Willki Stone | CSI CA-FR<\/title>\n<meta name=\"description\" content=\"Les cl\u00e9s d\u2019ancrage EziKi sont install\u00e9es sur le dessus de chaque panneau, \u00e0 raison de deux unit\u00e9s par panneau, afin de fixer solidement les panneaux au substrat.\" \/>\n<meta name=\"robots\" content=\"index, follow, max-snippet:-1, max-image-preview:large, max-video-preview:-1\" \/>\n<link rel=\"canonical\" href=\"https:\/\/www.allthingsstone.com\/ca-fr\/product\/cles-dancrage-eziki-willki-stone\/\" \/>\n<meta property=\"og:locale\" content=\"en_US\" \/>\n<meta property=\"og:type\" content=\"article\" \/>\n<meta property=\"og:title\" content=\"30 Cl\u00e9s d\u2019ancrage EziKi Willki Stone\" \/>\n<meta property=\"og:description\" content=\"Les cl\u00e9s d\u2019ancrage EziKi sont install\u00e9es sur le dessus de chaque panneau, \u00e0 raison de deux unit\u00e9s par panneau, afin de fixer solidement les panneaux au substrat.\" \/>\n<meta property=\"og:url\" content=\"https:\/\/www.allthingsstone.com\/ca-fr\/product\/cles-dancrage-eziki-willki-stone\/\" \/>\n<meta property=\"og:site_name\" content=\"CSI - Canadian Stone Industries FR\" \/>\n<meta property=\"article:modified_time\" content=\"2026-04-22T20:29:40+00:00\" \/>\n<meta property=\"og:image\" content=\"https:\/\/www.allthingsstone.com\/ca-fr\/wp-content\/uploads\/sites\/12\/2026\/04\/Willki-Stone-EziKi-Anchor-Keys-1.jpg\" \/>\n\t<meta property=\"og:image:width\" content=\"459\" \/>\n\t<meta property=\"og:image:height\" content=\"339\" \/>\n\t<meta property=\"og:image:type\" content=\"image\/jpeg\" \/>\n<meta name=\"twitter:card\" content=\"summary_large_image\" \/>\n<meta name=\"twitter:label1\" content=\"Est. reading time\" \/>\n\t<meta name=\"twitter:data1\" content=\"1 minute\" \/>\n<script type=\"application\/ld+json\" class=\"yoast-schema-graph\">{\"@context\":\"https:\/\/schema.org\",\"@graph\":[{\"@type\":\"WebPage\",\"@id\":\"https:\/\/www.allthingsstone.com\/ca-fr\/product\/cles-dancrage-eziki-willki-stone\/\",\"url\":\"https:\/\/www.allthingsstone.com\/ca-fr\/product\/cles-dancrage-eziki-willki-stone\/\",\"name\":\"Cl\u00e9s d\u2019ancrage EziKi Willki Stone | CSI CA-FR\",\"isPartOf\":{\"@id\":\"https:\/\/www.allthingsstone.com\/ca-fr\/#website\"},\"datePublished\":\"2026-04-22T19:45:43+00:00\",\"dateModified\":\"2026-04-22T20:29:40+00:00\",\"description\":\"Les cl\u00e9s d\u2019ancrage EziKi sont install\u00e9es sur le dessus de chaque panneau, \u00e0 raison de deux unit\u00e9s par panneau, afin de fixer solidement les panneaux au substrat.\",\"breadcrumb\":{\"@id\":\"https:\/\/www.allthingsstone.com\/ca-fr\/product\/cles-dancrage-eziki-willki-stone\/#breadcrumb\"},\"inLanguage\":\"en-CA\",\"potentialAction\":[{\"@type\":\"ReadAction\",\"target\":[\"https:\/\/www.allthingsstone.com\/ca-fr\/product\/cles-dancrage-eziki-willki-stone\/\"]}]},{\"@type\":\"BreadcrumbList\",\"@id\":\"https:\/\/www.allthingsstone.com\/ca-fr\/product\/cles-dancrage-eziki-willki-stone\/#breadcrumb\",\"itemListElement\":[{\"@type\":\"ListItem\",\"position\":1,\"name\":\"Home\",\"item\":\"https:\/\/www.allthingsstone.com\/ca-fr\/\"},{\"@type\":\"ListItem\",\"position\":2,\"name\":\"30 Cl\u00e9s d\u2019ancrage EziKi Willki Stone\"}]},{\"@type\":\"WebSite\",\"@id\":\"https:\/\/www.allthingsstone.com\/ca-fr\/#website\",\"url\":\"https:\/\/www.allthingsstone.com\/ca-fr\/\",\"name\":\"CSI - Canadian Stone Industries FR\",\"description\":\"\",\"potentialAction\":[{\"@type\":\"SearchAction\",\"target\":{\"@type\":\"EntryPoint\",\"urlTemplate\":\"https:\/\/www.allthingsstone.com\/ca-fr\/?s={search_term_string}\"},\"query-input\":\"required name=search_term_string\"}],\"inLanguage\":\"en-CA\"}]}<\/script>\n<!-- \/ Yoast SEO Premium plugin. -->","yoast_head_json":{"title":"Cl\u00e9s d\u2019ancrage EziKi Willki Stone | CSI CA-FR","description":"Les cl\u00e9s d\u2019ancrage EziKi sont install\u00e9es sur le dessus de chaque panneau, \u00e0 raison de deux unit\u00e9s par panneau, afin de fixer solidement les panneaux au substrat.","robots":{"index":"index","follow":"follow","max-snippet":"max-snippet:-1","max-image-preview":"max-image-preview:large","max-video-preview":"max-video-preview:-1"},"canonical":"https:\/\/www.allthingsstone.com\/ca-fr\/product\/cles-dancrage-eziki-willki-stone\/","og_locale":"en_US","og_type":"article","og_title":"30 Cl\u00e9s d\u2019ancrage EziKi Willki Stone","og_description":"Les cl\u00e9s d\u2019ancrage EziKi sont install\u00e9es sur le dessus de chaque panneau, \u00e0 raison de deux unit\u00e9s par panneau, afin de fixer solidement les panneaux au substrat.","og_url":"https:\/\/www.allthingsstone.com\/ca-fr\/product\/cles-dancrage-eziki-willki-stone\/","og_site_name":"CSI - Canadian Stone Industries FR","article_modified_time":"2026-04-22T20:29:40+00:00","og_image":[{"width":459,"height":339,"url":"https:\/\/www.allthingsstone.com\/ca-fr\/wp-content\/uploads\/sites\/12\/2026\/04\/Willki-Stone-EziKi-Anchor-Keys-1.jpg","type":"image\/jpeg"}],"twitter_card":"summary_large_image","twitter_misc":{"Est. reading time":"1 minute"},"schema":{"@context":"https:\/\/schema.org","@graph":[{"@type":"WebPage","@id":"https:\/\/www.allthingsstone.com\/ca-fr\/product\/cles-dancrage-eziki-willki-stone\/","url":"https:\/\/www.allthingsstone.com\/ca-fr\/product\/cles-dancrage-eziki-willki-stone\/","name":"Cl\u00e9s d\u2019ancrage EziKi Willki Stone | CSI CA-FR","isPartOf":{"@id":"https:\/\/www.allthingsstone.com\/ca-fr\/#website"},"datePublished":"2026-04-22T19:45:43+00:00","dateModified":"2026-04-22T20:29:40+00:00","description":"Les cl\u00e9s d\u2019ancrage EziKi sont install\u00e9es sur le dessus de chaque panneau, \u00e0 raison de deux unit\u00e9s par panneau, afin de fixer solidement les panneaux au substrat.","breadcrumb":{"@id":"https:\/\/www.allthingsstone.com\/ca-fr\/product\/cles-dancrage-eziki-willki-stone\/#breadcrumb"},"inLanguage":"en-CA","potentialAction":[{"@type":"ReadAction","target":["https:\/\/www.allthingsstone.com\/ca-fr\/product\/cles-dancrage-eziki-willki-stone\/"]}]},{"@type":"BreadcrumbList","@id":"https:\/\/www.allthingsstone.com\/ca-fr\/product\/cles-dancrage-eziki-willki-stone\/#breadcrumb","itemListElement":[{"@type":"ListItem","position":1,"name":"Home","item":"https:\/\/www.allthingsstone.com\/ca-fr\/"},{"@type":"ListItem","position":2,"name":"30 Cl\u00e9s d\u2019ancrage EziKi Willki Stone"}]},{"@type":"WebSite","@id":"https:\/\/www.allthingsstone.com\/ca-fr\/#website","url":"https:\/\/www.allthingsstone.com\/ca-fr\/","name":"CSI - Canadian Stone Industries FR","description":"","potentialAction":[{"@type":"SearchAction","target":{"@type":"EntryPoint","urlTemplate":"https:\/\/www.allthingsstone.com\/ca-fr\/?s={search_term_string}"},"query-input":"required name=search_term_string"}],"inLanguage":"en-CA"}]}},"_links":{"self":[{"href":"https:\/\/www.allthingsstone.com\/ca-fr\/wp-json\/wp\/v2\/product\/21411","targetHints":{"allow":["GET"]}}],"collection":[{"href":"https:\/\/www.allthingsstone.com\/ca-fr\/wp-json\/wp\/v2\/product"}],"about":[{"href":"https:\/\/www.allthingsstone.com\/ca-fr\/wp-json\/wp\/v2\/types\/product"}],"replies":[{"embeddable":true,"href":"https:\/\/www.allthingsstone.com\/ca-fr\/wp-json\/wp\/v2\/comments?post=21411"}],"wp:featuredmedia":[{"embeddable":true,"href":"https:\/\/www.allthingsstone.com\/ca-fr\/wp-json\/wp\/v2\/media\/21415"}],"wp:attachment":[{"href":"https:\/\/www.allthingsstone.com\/ca-fr\/wp-json\/wp\/v2\/media?parent=21411"}],"wp:term":[{"taxonomy":"product_cat","embeddable":true,"href":"https:\/\/www.allthingsstone.com\/ca-fr\/wp-json\/wp\/v2\/product_cat?post=21411"},{"taxonomy":"product_tag","embeddable":true,"href":"https:\/\/www.allthingsstone.com\/ca-fr\/wp-json\/wp\/v2\/product_tag?post=21411"}],"curies":[{"name":"wp","href":"https:\/\/api.w.org\/{rel}","templated":true}]}}