{"id":21410,"date":"2026-04-22T15:42:59","date_gmt":"2026-04-22T19:42:59","guid":{"rendered":"https:\/\/www.allthingsstone.com\/ca-fr\/?post_type=product&#038;p=21410"},"modified":"2026-04-22T16:29:26","modified_gmt":"2026-04-22T20:29:26","slug":"20-vallis-willki-stone","status":"publish","type":"product","link":"https:\/\/www.allthingsstone.com\/ca-fr\/product\/vallis-willki-stone\/","title":{"rendered":"20 Vallis Willki Stone"},"content":{"rendered":"<div id=\"pl-21410\"  class=\"panel-layout\" ><div id=\"pg-21410-0\"  class=\"panel-grid panel-no-style\" ><div id=\"pgc-21410-0-0\"  class=\"panel-grid-cell\" ><div id=\"panel-21410-0-0-0\" class=\"so-panel widget widget_sow-editor panel-first-child panel-last-child\" data-index=\"0\" ><div\n\t\t\t\n\t\t\tclass=\"so-widget-sow-editor so-widget-sow-editor-base\"\n\t\t\t\n\t\t>\n<div class=\"siteorigin-widget-tinymce textwidget\">\n\t<p>Les panneaux de pierre architecturale Vallis offrent une solution de rev\u00eatement polyvalente pour les espaces int\u00e9rieurs et ext\u00e9rieurs. Inspir\u00e9 par le flux naturel des vall\u00e9es et la force des paysages montagneux, chaque panneau pr\u00e9sente des textures r\u00e9alistes et des teintes \u00e9quilibr\u00e9es qui apportent une sensation de calme et de structure \u00e0 tout design.<\/p>\n<p>D\u00e9couvrez la collection de panneaux de pierre viss\u00e9s Vallis pour obtenir une harmonie parfaite entre nature et architecture. Faciles \u00e0 installer et con\u00e7us pour une performance durable, les panneaux Vallis cr\u00e9ent des espaces raffin\u00e9s et sereins avec une finition intemporelle et haut de gamme.<\/p>\n<\/div>\n<\/div><\/div><\/div><\/div><\/div>","protected":false},"excerpt":{"rendered":"<p>Les panneaux de pierre architecturale Vallis offrent une solution de rev\u00eatement polyvalente pour les espaces int\u00e9rieurs et ext\u00e9rieurs. Inspir\u00e9 par le flux naturel des vall\u00e9es &hellip; <a href=\"https:\/\/www.allthingsstone.com\/ca-fr\/product\/vallis-willki-stone\/\">Continued<\/a><\/p>\n","protected":false},"featured_media":21407,"comment_status":"closed","ping_status":"closed","template":"","meta":{"inline_featured_image":false,"_mi_skip_tracking":false,"_exactmetrics_sitenote_active":false,"_exactmetrics_sitenote_note":"","_exactmetrics_sitenote_category":0},"product_cat":[6535],"product_tag":[9236],"class_list":["post-21410","product","type-product","status-publish","has-post-thumbnail","hentry","product_cat-revetement-de-pierre","product_tag-willki-stone-system","brands-willki-stone","single_resource-willki-stone"],"acf":[],"yoast_head":"<!-- This site is optimized with the Yoast SEO Premium plugin v21.6 (Yoast SEO v21.6) - https:\/\/yoast.com\/wordpress\/plugins\/seo\/ -->\n<title>Vallis Willki Stone | CSI CA-FR<\/title>\n<meta name=\"description\" content=\"D\u00e9couvrez la collection de panneaux de pierre viss\u00e9s Vallis par Willki Stone pour cr\u00e9er une harmonie parfaite entre nature et architecture.\" \/>\n<meta name=\"robots\" content=\"index, follow, max-snippet:-1, max-image-preview:large, max-video-preview:-1\" \/>\n<link rel=\"canonical\" href=\"https:\/\/www.allthingsstone.com\/ca-fr\/product\/vallis-willki-stone\/\" \/>\n<meta property=\"og:locale\" content=\"en_US\" \/>\n<meta property=\"og:type\" content=\"article\" \/>\n<meta property=\"og:title\" content=\"20 Vallis Willki Stone\" \/>\n<meta property=\"og:description\" content=\"D\u00e9couvrez la collection de panneaux de pierre viss\u00e9s Vallis par Willki Stone pour cr\u00e9er une harmonie parfaite entre nature et architecture.\" \/>\n<meta property=\"og:url\" content=\"https:\/\/www.allthingsstone.com\/ca-fr\/product\/vallis-willki-stone\/\" \/>\n<meta property=\"og:site_name\" content=\"CSI - Canadian Stone Industries FR\" \/>\n<meta property=\"article:modified_time\" content=\"2026-04-22T20:29:26+00:00\" \/>\n<meta property=\"og:image\" content=\"https:\/\/www.allthingsstone.com\/ca-fr\/wp-content\/uploads\/sites\/12\/2026\/04\/Willki-Stone-Vallis.jpg\" \/>\n\t<meta property=\"og:image:width\" content=\"459\" \/>\n\t<meta property=\"og:image:height\" content=\"339\" \/>\n\t<meta property=\"og:image:type\" content=\"image\/jpeg\" \/>\n<meta name=\"twitter:card\" content=\"summary_large_image\" \/>\n<meta name=\"twitter:label1\" content=\"Est. reading time\" \/>\n\t<meta name=\"twitter:data1\" content=\"1 minute\" \/>\n<script type=\"application\/ld+json\" class=\"yoast-schema-graph\">{\"@context\":\"https:\/\/schema.org\",\"@graph\":[{\"@type\":\"WebPage\",\"@id\":\"https:\/\/www.allthingsstone.com\/ca-fr\/product\/vallis-willki-stone\/\",\"url\":\"https:\/\/www.allthingsstone.com\/ca-fr\/product\/vallis-willki-stone\/\",\"name\":\"Vallis Willki Stone | CSI CA-FR\",\"isPartOf\":{\"@id\":\"https:\/\/www.allthingsstone.com\/ca-fr\/#website\"},\"datePublished\":\"2026-04-22T19:42:59+00:00\",\"dateModified\":\"2026-04-22T20:29:26+00:00\",\"description\":\"D\u00e9couvrez la collection de panneaux de pierre viss\u00e9s Vallis par Willki Stone pour cr\u00e9er une harmonie parfaite entre nature et architecture.\",\"breadcrumb\":{\"@id\":\"https:\/\/www.allthingsstone.com\/ca-fr\/product\/vallis-willki-stone\/#breadcrumb\"},\"inLanguage\":\"en-CA\",\"potentialAction\":[{\"@type\":\"ReadAction\",\"target\":[\"https:\/\/www.allthingsstone.com\/ca-fr\/product\/vallis-willki-stone\/\"]}]},{\"@type\":\"BreadcrumbList\",\"@id\":\"https:\/\/www.allthingsstone.com\/ca-fr\/product\/vallis-willki-stone\/#breadcrumb\",\"itemListElement\":[{\"@type\":\"ListItem\",\"position\":1,\"name\":\"Home\",\"item\":\"https:\/\/www.allthingsstone.com\/ca-fr\/\"},{\"@type\":\"ListItem\",\"position\":2,\"name\":\"20 Vallis Willki Stone\"}]},{\"@type\":\"WebSite\",\"@id\":\"https:\/\/www.allthingsstone.com\/ca-fr\/#website\",\"url\":\"https:\/\/www.allthingsstone.com\/ca-fr\/\",\"name\":\"CSI - Canadian Stone Industries FR\",\"description\":\"\",\"potentialAction\":[{\"@type\":\"SearchAction\",\"target\":{\"@type\":\"EntryPoint\",\"urlTemplate\":\"https:\/\/www.allthingsstone.com\/ca-fr\/?s={search_term_string}\"},\"query-input\":\"required name=search_term_string\"}],\"inLanguage\":\"en-CA\"}]}<\/script>\n<!-- \/ Yoast SEO Premium plugin. -->","yoast_head_json":{"title":"Vallis Willki Stone | CSI CA-FR","description":"D\u00e9couvrez la collection de panneaux de pierre viss\u00e9s Vallis par Willki Stone pour cr\u00e9er une harmonie parfaite entre nature et architecture.","robots":{"index":"index","follow":"follow","max-snippet":"max-snippet:-1","max-image-preview":"max-image-preview:large","max-video-preview":"max-video-preview:-1"},"canonical":"https:\/\/www.allthingsstone.com\/ca-fr\/product\/vallis-willki-stone\/","og_locale":"en_US","og_type":"article","og_title":"20 Vallis Willki Stone","og_description":"D\u00e9couvrez la collection de panneaux de pierre viss\u00e9s Vallis par Willki Stone pour cr\u00e9er une harmonie parfaite entre nature et architecture.","og_url":"https:\/\/www.allthingsstone.com\/ca-fr\/product\/vallis-willki-stone\/","og_site_name":"CSI - Canadian Stone Industries FR","article_modified_time":"2026-04-22T20:29:26+00:00","og_image":[{"width":459,"height":339,"url":"https:\/\/www.allthingsstone.com\/ca-fr\/wp-content\/uploads\/sites\/12\/2026\/04\/Willki-Stone-Vallis.jpg","type":"image\/jpeg"}],"twitter_card":"summary_large_image","twitter_misc":{"Est. reading time":"1 minute"},"schema":{"@context":"https:\/\/schema.org","@graph":[{"@type":"WebPage","@id":"https:\/\/www.allthingsstone.com\/ca-fr\/product\/vallis-willki-stone\/","url":"https:\/\/www.allthingsstone.com\/ca-fr\/product\/vallis-willki-stone\/","name":"Vallis Willki Stone | CSI CA-FR","isPartOf":{"@id":"https:\/\/www.allthingsstone.com\/ca-fr\/#website"},"datePublished":"2026-04-22T19:42:59+00:00","dateModified":"2026-04-22T20:29:26+00:00","description":"D\u00e9couvrez la collection de panneaux de pierre viss\u00e9s Vallis par Willki Stone pour cr\u00e9er une harmonie parfaite entre nature et architecture.","breadcrumb":{"@id":"https:\/\/www.allthingsstone.com\/ca-fr\/product\/vallis-willki-stone\/#breadcrumb"},"inLanguage":"en-CA","potentialAction":[{"@type":"ReadAction","target":["https:\/\/www.allthingsstone.com\/ca-fr\/product\/vallis-willki-stone\/"]}]},{"@type":"BreadcrumbList","@id":"https:\/\/www.allthingsstone.com\/ca-fr\/product\/vallis-willki-stone\/#breadcrumb","itemListElement":[{"@type":"ListItem","position":1,"name":"Home","item":"https:\/\/www.allthingsstone.com\/ca-fr\/"},{"@type":"ListItem","position":2,"name":"20 Vallis Willki Stone"}]},{"@type":"WebSite","@id":"https:\/\/www.allthingsstone.com\/ca-fr\/#website","url":"https:\/\/www.allthingsstone.com\/ca-fr\/","name":"CSI - Canadian Stone Industries FR","description":"","potentialAction":[{"@type":"SearchAction","target":{"@type":"EntryPoint","urlTemplate":"https:\/\/www.allthingsstone.com\/ca-fr\/?s={search_term_string}"},"query-input":"required name=search_term_string"}],"inLanguage":"en-CA"}]}},"_links":{"self":[{"href":"https:\/\/www.allthingsstone.com\/ca-fr\/wp-json\/wp\/v2\/product\/21410","targetHints":{"allow":["GET"]}}],"collection":[{"href":"https:\/\/www.allthingsstone.com\/ca-fr\/wp-json\/wp\/v2\/product"}],"about":[{"href":"https:\/\/www.allthingsstone.com\/ca-fr\/wp-json\/wp\/v2\/types\/product"}],"replies":[{"embeddable":true,"href":"https:\/\/www.allthingsstone.com\/ca-fr\/wp-json\/wp\/v2\/comments?post=21410"}],"wp:featuredmedia":[{"embeddable":true,"href":"https:\/\/www.allthingsstone.com\/ca-fr\/wp-json\/wp\/v2\/media\/21407"}],"wp:attachment":[{"href":"https:\/\/www.allthingsstone.com\/ca-fr\/wp-json\/wp\/v2\/media?parent=21410"}],"wp:term":[{"taxonomy":"product_cat","embeddable":true,"href":"https:\/\/www.allthingsstone.com\/ca-fr\/wp-json\/wp\/v2\/product_cat?post=21410"},{"taxonomy":"product_tag","embeddable":true,"href":"https:\/\/www.allthingsstone.com\/ca-fr\/wp-json\/wp\/v2\/product_tag?post=21410"}],"curies":[{"name":"wp","href":"https:\/\/api.w.org\/{rel}","templated":true}]}}