{"id":21081,"date":"2025-10-22T17:19:19","date_gmt":"2025-10-22T21:19:19","guid":{"rendered":"https:\/\/www.allthingsstone.com\/ca-fr\/?post_type=product&#038;p=21081"},"modified":"2026-01-28T16:18:20","modified_gmt":"2026-01-28T21:18:20","slug":"cwc-flex-bricks","status":"publish","type":"product","link":"https:\/\/www.allthingsstone.com\/ca-fr\/product\/cwc-flex-bricks\/","title":{"rendered":"CWC Flex Bricks"},"content":{"rendered":"<div id=\"pl-21081\"  class=\"panel-layout\" ><div id=\"pg-21081-0\"  class=\"panel-grid panel-no-style\" ><div id=\"pgc-21081-0-0\"  class=\"panel-grid-cell\" ><div id=\"panel-21081-0-0-0\" class=\"so-panel widget widget_sow-editor panel-first-child panel-last-child\" data-index=\"0\" ><div\n\t\t\t\n\t\t\tclass=\"so-widget-sow-editor so-widget-sow-editor-base\"\n\t\t\t\n\t\t>\n<div class=\"siteorigin-widget-tinymce textwidget\">\n\t<p>La CWC Collection, ou Canada Wire Cut, propose des briques taill\u00e9es avec pr\u00e9cision pour un rendu net et raffin\u00e9. Disponible en blanc, gris et bordeaux, cette collection apporte un style contemporain aux lignes pr\u00e9cises et \u00e9l\u00e9gantes. Con\u00e7ue comme une brique mince l\u00e9g\u00e8re, la CWC Collection offre l\u2019\u00e9l\u00e9gance de la brique moderne tout en facilitant l\u2019installation sur tous types de projets.<\/p>\n<\/div>\n<\/div><\/div><\/div><\/div><\/div>","protected":false},"excerpt":{"rendered":"<p>La CWC Collection, ou Canada Wire Cut, propose des briques taill\u00e9es avec pr\u00e9cision pour un rendu net et raffin\u00e9. Disponible en blanc, gris et bordeaux, &hellip; <a href=\"https:\/\/www.allthingsstone.com\/ca-fr\/product\/cwc-flex-bricks\/\">Continued<\/a><\/p>\n","protected":false},"featured_media":21085,"comment_status":"closed","ping_status":"closed","template":"","meta":{"inline_featured_image":false,"_mi_skip_tracking":false,"_exactmetrics_sitenote_active":false,"_exactmetrics_sitenote_note":"","_exactmetrics_sitenote_category":0},"product_cat":[6536],"product_tag":[9217],"class_list":["post-21081","product","type-product","status-publish","has-post-thumbnail","hentry","product_cat-placage-de-brique","product_tag-flex-bricks-textures"],"acf":[],"yoast_head":"<!-- This site is optimized with the Yoast SEO Premium plugin v21.6 (Yoast SEO v21.6) - https:\/\/yoast.com\/wordpress\/plugins\/seo\/ -->\n<title>CWC Flex Bricks | CSI CA-FR<\/title>\n<meta name=\"description\" content=\"CWC, propose des briques taill\u00e9es avec pr\u00e9cision pour un rendu \u00e9pur\u00e9. Con\u00e7ue comme une brique mince l\u00e9g\u00e8re, elle offre l\u2019\u00e9l\u00e9gance de la brique moderne.\" \/>\n<meta name=\"robots\" content=\"index, follow, max-snippet:-1, max-image-preview:large, max-video-preview:-1\" \/>\n<link rel=\"canonical\" href=\"https:\/\/www.allthingsstone.com\/ca-fr\/product\/cwc-flex-bricks\/\" \/>\n<meta property=\"og:locale\" content=\"en_US\" \/>\n<meta property=\"og:type\" content=\"article\" \/>\n<meta property=\"og:title\" content=\"CWC Flex Bricks\" \/>\n<meta property=\"og:description\" content=\"CWC, propose des briques taill\u00e9es avec pr\u00e9cision pour un rendu \u00e9pur\u00e9. Con\u00e7ue comme une brique mince l\u00e9g\u00e8re, elle offre l\u2019\u00e9l\u00e9gance de la brique moderne.\" \/>\n<meta property=\"og:url\" content=\"https:\/\/www.allthingsstone.com\/ca-fr\/product\/cwc-flex-bricks\/\" \/>\n<meta property=\"og:site_name\" content=\"CSI - Canadian Stone Industries FR\" \/>\n<meta property=\"article:modified_time\" content=\"2026-01-28T21:18:20+00:00\" \/>\n<meta property=\"og:image\" content=\"https:\/\/www.allthingsstone.com\/ca-fr\/wp-content\/uploads\/sites\/12\/2025\/10\/Flex-Bricks-CWC.png\" \/>\n\t<meta property=\"og:image:width\" content=\"459\" \/>\n\t<meta property=\"og:image:height\" content=\"339\" \/>\n\t<meta property=\"og:image:type\" content=\"image\/png\" \/>\n<meta name=\"twitter:card\" content=\"summary_large_image\" \/>\n<meta name=\"twitter:label1\" content=\"Est. reading time\" \/>\n\t<meta name=\"twitter:data1\" content=\"1 minute\" \/>\n<script type=\"application\/ld+json\" class=\"yoast-schema-graph\">{\"@context\":\"https:\/\/schema.org\",\"@graph\":[{\"@type\":\"WebPage\",\"@id\":\"https:\/\/www.allthingsstone.com\/ca-fr\/product\/cwc-flex-bricks\/\",\"url\":\"https:\/\/www.allthingsstone.com\/ca-fr\/product\/cwc-flex-bricks\/\",\"name\":\"CWC Flex Bricks | CSI CA-FR\",\"isPartOf\":{\"@id\":\"https:\/\/www.allthingsstone.com\/ca-fr\/#website\"},\"datePublished\":\"2025-10-22T21:19:19+00:00\",\"dateModified\":\"2026-01-28T21:18:20+00:00\",\"description\":\"CWC, propose des briques taill\u00e9es avec pr\u00e9cision pour un rendu \u00e9pur\u00e9. Con\u00e7ue comme une brique mince l\u00e9g\u00e8re, elle offre l\u2019\u00e9l\u00e9gance de la brique moderne.\",\"breadcrumb\":{\"@id\":\"https:\/\/www.allthingsstone.com\/ca-fr\/product\/cwc-flex-bricks\/#breadcrumb\"},\"inLanguage\":\"en-CA\",\"potentialAction\":[{\"@type\":\"ReadAction\",\"target\":[\"https:\/\/www.allthingsstone.com\/ca-fr\/product\/cwc-flex-bricks\/\"]}]},{\"@type\":\"BreadcrumbList\",\"@id\":\"https:\/\/www.allthingsstone.com\/ca-fr\/product\/cwc-flex-bricks\/#breadcrumb\",\"itemListElement\":[{\"@type\":\"ListItem\",\"position\":1,\"name\":\"Home\",\"item\":\"https:\/\/www.allthingsstone.com\/ca-fr\/\"},{\"@type\":\"ListItem\",\"position\":2,\"name\":\"CWC Flex Bricks\"}]},{\"@type\":\"WebSite\",\"@id\":\"https:\/\/www.allthingsstone.com\/ca-fr\/#website\",\"url\":\"https:\/\/www.allthingsstone.com\/ca-fr\/\",\"name\":\"CSI - Canadian Stone Industries FR\",\"description\":\"\",\"potentialAction\":[{\"@type\":\"SearchAction\",\"target\":{\"@type\":\"EntryPoint\",\"urlTemplate\":\"https:\/\/www.allthingsstone.com\/ca-fr\/?s={search_term_string}\"},\"query-input\":\"required name=search_term_string\"}],\"inLanguage\":\"en-CA\"}]}<\/script>\n<!-- \/ Yoast SEO Premium plugin. -->","yoast_head_json":{"title":"CWC Flex Bricks | CSI CA-FR","description":"CWC, propose des briques taill\u00e9es avec pr\u00e9cision pour un rendu \u00e9pur\u00e9. Con\u00e7ue comme une brique mince l\u00e9g\u00e8re, elle offre l\u2019\u00e9l\u00e9gance de la brique moderne.","robots":{"index":"index","follow":"follow","max-snippet":"max-snippet:-1","max-image-preview":"max-image-preview:large","max-video-preview":"max-video-preview:-1"},"canonical":"https:\/\/www.allthingsstone.com\/ca-fr\/product\/cwc-flex-bricks\/","og_locale":"en_US","og_type":"article","og_title":"CWC Flex Bricks","og_description":"CWC, propose des briques taill\u00e9es avec pr\u00e9cision pour un rendu \u00e9pur\u00e9. Con\u00e7ue comme une brique mince l\u00e9g\u00e8re, elle offre l\u2019\u00e9l\u00e9gance de la brique moderne.","og_url":"https:\/\/www.allthingsstone.com\/ca-fr\/product\/cwc-flex-bricks\/","og_site_name":"CSI - Canadian Stone Industries FR","article_modified_time":"2026-01-28T21:18:20+00:00","og_image":[{"width":459,"height":339,"url":"https:\/\/www.allthingsstone.com\/ca-fr\/wp-content\/uploads\/sites\/12\/2025\/10\/Flex-Bricks-CWC.png","type":"image\/png"}],"twitter_card":"summary_large_image","twitter_misc":{"Est. reading time":"1 minute"},"schema":{"@context":"https:\/\/schema.org","@graph":[{"@type":"WebPage","@id":"https:\/\/www.allthingsstone.com\/ca-fr\/product\/cwc-flex-bricks\/","url":"https:\/\/www.allthingsstone.com\/ca-fr\/product\/cwc-flex-bricks\/","name":"CWC Flex Bricks | CSI CA-FR","isPartOf":{"@id":"https:\/\/www.allthingsstone.com\/ca-fr\/#website"},"datePublished":"2025-10-22T21:19:19+00:00","dateModified":"2026-01-28T21:18:20+00:00","description":"CWC, propose des briques taill\u00e9es avec pr\u00e9cision pour un rendu \u00e9pur\u00e9. Con\u00e7ue comme une brique mince l\u00e9g\u00e8re, elle offre l\u2019\u00e9l\u00e9gance de la brique moderne.","breadcrumb":{"@id":"https:\/\/www.allthingsstone.com\/ca-fr\/product\/cwc-flex-bricks\/#breadcrumb"},"inLanguage":"en-CA","potentialAction":[{"@type":"ReadAction","target":["https:\/\/www.allthingsstone.com\/ca-fr\/product\/cwc-flex-bricks\/"]}]},{"@type":"BreadcrumbList","@id":"https:\/\/www.allthingsstone.com\/ca-fr\/product\/cwc-flex-bricks\/#breadcrumb","itemListElement":[{"@type":"ListItem","position":1,"name":"Home","item":"https:\/\/www.allthingsstone.com\/ca-fr\/"},{"@type":"ListItem","position":2,"name":"CWC Flex Bricks"}]},{"@type":"WebSite","@id":"https:\/\/www.allthingsstone.com\/ca-fr\/#website","url":"https:\/\/www.allthingsstone.com\/ca-fr\/","name":"CSI - Canadian Stone Industries FR","description":"","potentialAction":[{"@type":"SearchAction","target":{"@type":"EntryPoint","urlTemplate":"https:\/\/www.allthingsstone.com\/ca-fr\/?s={search_term_string}"},"query-input":"required name=search_term_string"}],"inLanguage":"en-CA"}]}},"_links":{"self":[{"href":"https:\/\/www.allthingsstone.com\/ca-fr\/wp-json\/wp\/v2\/product\/21081","targetHints":{"allow":["GET"]}}],"collection":[{"href":"https:\/\/www.allthingsstone.com\/ca-fr\/wp-json\/wp\/v2\/product"}],"about":[{"href":"https:\/\/www.allthingsstone.com\/ca-fr\/wp-json\/wp\/v2\/types\/product"}],"replies":[{"embeddable":true,"href":"https:\/\/www.allthingsstone.com\/ca-fr\/wp-json\/wp\/v2\/comments?post=21081"}],"wp:featuredmedia":[{"embeddable":true,"href":"https:\/\/www.allthingsstone.com\/ca-fr\/wp-json\/wp\/v2\/media\/21085"}],"wp:attachment":[{"href":"https:\/\/www.allthingsstone.com\/ca-fr\/wp-json\/wp\/v2\/media?parent=21081"}],"wp:term":[{"taxonomy":"product_cat","embeddable":true,"href":"https:\/\/www.allthingsstone.com\/ca-fr\/wp-json\/wp\/v2\/product_cat?post=21081"},{"taxonomy":"product_tag","embeddable":true,"href":"https:\/\/www.allthingsstone.com\/ca-fr\/wp-json\/wp\/v2\/product_tag?post=21081"}],"curies":[{"name":"wp","href":"https:\/\/api.w.org\/{rel}","templated":true}]}}