{"id":20637,"date":"2025-04-23T19:03:13","date_gmt":"2025-04-23T23:03:13","guid":{"rendered":"https:\/\/www.allthingsstone.com\/ca-fr\/?post_type=product&#038;p=20637"},"modified":"2025-04-23T19:16:54","modified_gmt":"2025-04-23T23:16:54","slug":"6clips-et-vis-de-fixation-brikclad","status":"publish","type":"product","link":"https:\/\/www.allthingsstone.com\/ca-fr\/product\/clips-et-vis-de-fixation-brikclad\/","title":{"rendered":"6Clips et vis de fixation BRIKclad"},"content":{"rendered":"<div id=\"pl-20637\"  class=\"panel-layout\" ><div id=\"pg-20637-0\"  class=\"panel-grid panel-no-style\" ><div id=\"pgc-20637-0-0\"  class=\"panel-grid-cell\" ><div id=\"panel-20637-0-0-0\" class=\"so-panel widget widget_sow-image panel-first-child panel-last-child\" data-index=\"0\" ><div\n\t\t\t\n\t\t\tclass=\"so-widget-sow-image so-widget-sow-image-default-c67d20f9f743-20637\"\n\t\t\t\n\t\t>\n\n<div class=\"sow-image-container\">\n\t\t\t<a href=\"https:\/\/www.allthingsstone.com\/ca-fr\/wp-content\/uploads\/sites\/12\/2025\/04\/BRIKclad-Brick-and-Clip-e1745450019626.png\"\n\t\t\tdata-lightbox=\"17336437145f43e03675db4532757046\" data-lightbox-options=\"{&quot;alwaysShowNavOnTouchDevices&quot;:false,&quot;disabledOnTablet&quot;:false,&quot;disabledOnMobile&quot;:false,&quot;disableScrolling&quot;:false,&quot;overlayColor&quot;:&quot;#000&quot;,&quot;overlayOpacity&quot;:0.8,&quot;fadeDuration&quot;:600,&quot;fitImagesInViewport&quot;:true,&quot;imageFadeDuration&quot;:600,&quot;maxHeight&quot;:&quot;&quot;,&quot;maxWidth&quot;:&quot;&quot;,&quot;positionFromTop&quot;:50,&quot;resizeDuration&quot;:700,&quot;showImageNumberLabel&quot;:true,&quot;disableCaption&quot;:&quot;&quot;,&quot;wrapAround&quot;:true,&quot;albumLabel&quot;:&quot; %1 of %2&quot;}\" data-title=\"BRIKclad - Brique et clip\" \t\t>\n\t\t\t<img decoding=\"async\" src=\"https:\/\/www.allthingsstone.com\/ca-fr\/wp-content\/uploads\/sites\/12\/2025\/04\/BRIKclad-Brick-and-Clip-e1745450019626.png\" width=\"1485\" height=\"464\" srcset=\"https:\/\/www.allthingsstone.com\/ca-fr\/wp-content\/uploads\/sites\/12\/2025\/04\/BRIKclad-Brick-and-Clip-e1745450019626.png 1485w, https:\/\/www.allthingsstone.com\/ca-fr\/wp-content\/uploads\/sites\/12\/2025\/04\/BRIKclad-Brick-and-Clip-e1745450019626-300x94.png 300w, https:\/\/www.allthingsstone.com\/ca-fr\/wp-content\/uploads\/sites\/12\/2025\/04\/BRIKclad-Brick-and-Clip-e1745450019626-1024x320.png 1024w, https:\/\/www.allthingsstone.com\/ca-fr\/wp-content\/uploads\/sites\/12\/2025\/04\/BRIKclad-Brick-and-Clip-e1745450019626-768x240.png 768w, https:\/\/www.allthingsstone.com\/ca-fr\/wp-content\/uploads\/sites\/12\/2025\/04\/BRIKclad-Brick-and-Clip-e1745450019626-600x187.png 600w\" sizes=\"auto, (max-width: 1485px) 100vw, 1485px\" title=\"BRIKclad - Brique et clip\" alt=\"BRIKclad - Brique et clip\" loading=\"lazy\" \t\tclass=\"so-widget-image\"\/>\n\t<\/a><\/div>\n\n<\/div><\/div><\/div><div id=\"pgc-20637-0-1\"  class=\"panel-grid-cell\" ><div id=\"panel-20637-0-1-0\" class=\"so-panel widget widget_sow-editor panel-first-child panel-last-child\" data-index=\"1\" ><div\n\t\t\t\n\t\t\tclass=\"so-widget-sow-editor so-widget-sow-editor-base\"\n\t\t\t\n\t\t>\n<div class=\"siteorigin-widget-tinymce textwidget\">\n\t<p>Les clips et vis de fixation sont des composants en acier inoxydable con\u00e7us pour fixer solidement le parement de briques BRIKclad au mur. Disponibles en deux types, ils sont sp\u00e9cialement con\u00e7us pour diff\u00e9rents styles d'installation : Dry-Stack (sans mortier) et Traditional (avec mortier).<\/p>\n<\/div>\n<\/div><\/div><\/div><\/div><div id=\"pg-20637-1\"  class=\"panel-grid panel-no-style\" ><div id=\"pgc-20637-1-0\"  class=\"panel-grid-cell\" ><div id=\"panel-20637-1-0-0\" class=\"so-panel widget widget_sow-editor panel-first-child panel-last-child\" data-index=\"2\" ><div\n\t\t\t\n\t\t\tclass=\"so-widget-sow-editor so-widget-sow-editor-base\"\n\t\t\t\n\t\t>\n<div class=\"siteorigin-widget-tinymce textwidget\">\n\t<p>Ces fixations de haute qualit\u00e9 assurent une adh\u00e9rence durable et durable, garantissant stabilit\u00e9 et pr\u00e9cision pour toute installation BRIKclad. La fixation des clips de fixation \u00e0 chaque brique est simple\u00a0: il suffit de presser et de glisser le clip dans l'espace en queue d'aronde de chaque brique, garantissant ainsi une installation s\u00fbre et fiable de votre syst\u00e8me de parement en briques BRIKclad.<\/p>\n<p>Voici les clips et vis de fixation recommand\u00e9s pour chaque type d'application:<\/p>\n<ul>\n<li>\u00a0 \u00a0 \u00a0 \u00a0 \u00a0 \u2013 <strong><em>Heritage Dry-Stack<\/em>:<\/strong><\/li>\n<li>\u00a0 \u00a0 \u00a0 \u00a0 \u00a0 \u00a0 \u00a0 \u00a0\u2013 Clips et vis de fixation Dry-Stack<\/li>\n<li>\u00a0 \u00a0 \u00a0 \u00a0 \u00a0 \u00a0 \u00a0 \u00a0\u2013 Utilisez 1 clip et 1 vis par brique<\/li>\n<li>\u00a0 \u00a0 \u00a0 \u00a0 \u00a0 \u2013 <strong><em>Broadline Traditional<\/em>:<\/strong><\/li>\n<li>\u00a0 \u00a0 \u00a0 \u00a0 \u00a0 \u00a0 \u00a0 \u00a0\u2013 Clips et vis de fixation Traditional<\/li>\n<li>\u00a0 \u00a0 \u00a0 \u00a0 \u00a0 \u00a0 \u00a0 \u00a0\u2013 Utilisez 1 clip et 1 vis par brique<\/li>\n<li>\u00a0 \u00a0 \u00a0 \u00a0 \u00a0 \u2013 <strong><em>Maxum Dry-Stack<\/em>:<\/strong><\/li>\n<li>\u00a0 \u00a0 \u00a0 \u00a0 \u00a0 \u00a0 \u00a0 \u00a0\u2013 Clips et vis de fixation Dry-Stack<\/li>\n<li>\u00a0 \u00a0 \u00a0 \u00a0 \u00a0 \u00a0 \u00a0 \u00a0\u2013 Pour les murs de moins de 30 pieds: utilisez 1 clip par brique<\/li>\n<li>\u00a0 \u00a0 \u00a0 \u00a0 \u00a0 \u00a0 \u00a0 \u00a0\u2013 Pour les murs de 30 pieds et plus: utilisez 2 clips par brique<\/li>\n<\/ul>\n<p>Ces directives assurent une stabilit\u00e9 et une s\u00e9curit\u00e9 optimales pour vos installations de placage de briques.<\/p>\n<\/div>\n<\/div><\/div><\/div><\/div><\/div>","protected":false},"excerpt":{"rendered":"<p>Les clips et vis de fixation sont des composants en acier inoxydable con\u00e7us pour fixer solidement le parement de briques BRIKclad au mur. Disponibles en &hellip; <a href=\"https:\/\/www.allthingsstone.com\/ca-fr\/product\/clips-et-vis-de-fixation-brikclad\/\">Continued<\/a><\/p>\n","protected":false},"featured_media":20638,"comment_status":"open","ping_status":"closed","template":"","meta":{"inline_featured_image":false,"_mi_skip_tracking":false,"_exactmetrics_sitenote_active":false,"_exactmetrics_sitenote_note":"","_exactmetrics_sitenote_category":0},"product_cat":[6536],"product_tag":[8848],"class_list":["post-20637","product","type-product","status-publish","has-post-thumbnail","hentry","product_cat-placage-de-brique","product_tag-textures-de-brikclad","brands-brikclad","single_resource-brikclad"],"acf":[],"yoast_head":"<!-- This site is optimized with the Yoast SEO Premium plugin v21.6 (Yoast SEO v21.6) - https:\/\/yoast.com\/wordpress\/plugins\/seo\/ -->\n<title>Clips et vis de fixation BRIKclad | CSI FR<\/title>\n<meta name=\"description\" content=\"Les clips et vis de fixation sont des composants en acier inoxydable con\u00e7us pour fixer solidement le placage de brique BRIKclad au mur.\" \/>\n<meta name=\"robots\" content=\"index, follow, max-snippet:-1, max-image-preview:large, max-video-preview:-1\" \/>\n<link rel=\"canonical\" href=\"https:\/\/www.allthingsstone.com\/ca-fr\/product\/clips-et-vis-de-fixation-brikclad\/\" \/>\n<meta property=\"og:locale\" content=\"en_US\" \/>\n<meta property=\"og:type\" content=\"article\" \/>\n<meta property=\"og:title\" content=\"6Clips et vis de fixation BRIKclad\" \/>\n<meta property=\"og:description\" content=\"Les clips et vis de fixation sont des composants en acier inoxydable con\u00e7us pour fixer solidement le placage de brique BRIKclad au mur.\" \/>\n<meta property=\"og:url\" content=\"https:\/\/www.allthingsstone.com\/ca-fr\/product\/clips-et-vis-de-fixation-brikclad\/\" \/>\n<meta property=\"og:site_name\" content=\"CSI - Canadian Stone Industries FR\" \/>\n<meta property=\"article:modified_time\" content=\"2025-04-23T23:16:54+00:00\" \/>\n<meta property=\"og:image\" content=\"https:\/\/www.allthingsstone.com\/ca-fr\/wp-content\/uploads\/sites\/12\/2025\/04\/BRIKclad-Clips-and-Screws.png\" \/>\n\t<meta property=\"og:image:width\" content=\"459\" \/>\n\t<meta property=\"og:image:height\" content=\"339\" \/>\n\t<meta property=\"og:image:type\" content=\"image\/png\" \/>\n<meta name=\"twitter:card\" content=\"summary_large_image\" \/>\n<meta name=\"twitter:label1\" content=\"Est. reading time\" \/>\n\t<meta name=\"twitter:data1\" content=\"1 minute\" \/>\n<script type=\"application\/ld+json\" class=\"yoast-schema-graph\">{\"@context\":\"https:\/\/schema.org\",\"@graph\":[{\"@type\":\"WebPage\",\"@id\":\"https:\/\/www.allthingsstone.com\/ca-fr\/product\/clips-et-vis-de-fixation-brikclad\/\",\"url\":\"https:\/\/www.allthingsstone.com\/ca-fr\/product\/clips-et-vis-de-fixation-brikclad\/\",\"name\":\"Clips et vis de fixation BRIKclad | CSI FR\",\"isPartOf\":{\"@id\":\"https:\/\/www.allthingsstone.com\/ca-fr\/#website\"},\"datePublished\":\"2025-04-23T23:03:13+00:00\",\"dateModified\":\"2025-04-23T23:16:54+00:00\",\"description\":\"Les clips et vis de fixation sont des composants en acier inoxydable con\u00e7us pour fixer solidement le placage de brique BRIKclad au mur.\",\"breadcrumb\":{\"@id\":\"https:\/\/www.allthingsstone.com\/ca-fr\/product\/clips-et-vis-de-fixation-brikclad\/#breadcrumb\"},\"inLanguage\":\"en-CA\",\"potentialAction\":[{\"@type\":\"ReadAction\",\"target\":[\"https:\/\/www.allthingsstone.com\/ca-fr\/product\/clips-et-vis-de-fixation-brikclad\/\"]}]},{\"@type\":\"BreadcrumbList\",\"@id\":\"https:\/\/www.allthingsstone.com\/ca-fr\/product\/clips-et-vis-de-fixation-brikclad\/#breadcrumb\",\"itemListElement\":[{\"@type\":\"ListItem\",\"position\":1,\"name\":\"Home\",\"item\":\"https:\/\/www.allthingsstone.com\/ca-fr\/\"},{\"@type\":\"ListItem\",\"position\":2,\"name\":\"6Clips et vis de fixation BRIKclad\"}]},{\"@type\":\"WebSite\",\"@id\":\"https:\/\/www.allthingsstone.com\/ca-fr\/#website\",\"url\":\"https:\/\/www.allthingsstone.com\/ca-fr\/\",\"name\":\"CSI - Canadian Stone Industries FR\",\"description\":\"\",\"potentialAction\":[{\"@type\":\"SearchAction\",\"target\":{\"@type\":\"EntryPoint\",\"urlTemplate\":\"https:\/\/www.allthingsstone.com\/ca-fr\/?s={search_term_string}\"},\"query-input\":\"required name=search_term_string\"}],\"inLanguage\":\"en-CA\"}]}<\/script>\n<!-- \/ Yoast SEO Premium plugin. -->","yoast_head_json":{"title":"Clips et vis de fixation BRIKclad | CSI FR","description":"Les clips et vis de fixation sont des composants en acier inoxydable con\u00e7us pour fixer solidement le placage de brique BRIKclad au mur.","robots":{"index":"index","follow":"follow","max-snippet":"max-snippet:-1","max-image-preview":"max-image-preview:large","max-video-preview":"max-video-preview:-1"},"canonical":"https:\/\/www.allthingsstone.com\/ca-fr\/product\/clips-et-vis-de-fixation-brikclad\/","og_locale":"en_US","og_type":"article","og_title":"6Clips et vis de fixation BRIKclad","og_description":"Les clips et vis de fixation sont des composants en acier inoxydable con\u00e7us pour fixer solidement le placage de brique BRIKclad au mur.","og_url":"https:\/\/www.allthingsstone.com\/ca-fr\/product\/clips-et-vis-de-fixation-brikclad\/","og_site_name":"CSI - Canadian Stone Industries FR","article_modified_time":"2025-04-23T23:16:54+00:00","og_image":[{"width":459,"height":339,"url":"https:\/\/www.allthingsstone.com\/ca-fr\/wp-content\/uploads\/sites\/12\/2025\/04\/BRIKclad-Clips-and-Screws.png","type":"image\/png"}],"twitter_card":"summary_large_image","twitter_misc":{"Est. reading time":"1 minute"},"schema":{"@context":"https:\/\/schema.org","@graph":[{"@type":"WebPage","@id":"https:\/\/www.allthingsstone.com\/ca-fr\/product\/clips-et-vis-de-fixation-brikclad\/","url":"https:\/\/www.allthingsstone.com\/ca-fr\/product\/clips-et-vis-de-fixation-brikclad\/","name":"Clips et vis de fixation BRIKclad | CSI FR","isPartOf":{"@id":"https:\/\/www.allthingsstone.com\/ca-fr\/#website"},"datePublished":"2025-04-23T23:03:13+00:00","dateModified":"2025-04-23T23:16:54+00:00","description":"Les clips et vis de fixation sont des composants en acier inoxydable con\u00e7us pour fixer solidement le placage de brique BRIKclad au mur.","breadcrumb":{"@id":"https:\/\/www.allthingsstone.com\/ca-fr\/product\/clips-et-vis-de-fixation-brikclad\/#breadcrumb"},"inLanguage":"en-CA","potentialAction":[{"@type":"ReadAction","target":["https:\/\/www.allthingsstone.com\/ca-fr\/product\/clips-et-vis-de-fixation-brikclad\/"]}]},{"@type":"BreadcrumbList","@id":"https:\/\/www.allthingsstone.com\/ca-fr\/product\/clips-et-vis-de-fixation-brikclad\/#breadcrumb","itemListElement":[{"@type":"ListItem","position":1,"name":"Home","item":"https:\/\/www.allthingsstone.com\/ca-fr\/"},{"@type":"ListItem","position":2,"name":"6Clips et vis de fixation BRIKclad"}]},{"@type":"WebSite","@id":"https:\/\/www.allthingsstone.com\/ca-fr\/#website","url":"https:\/\/www.allthingsstone.com\/ca-fr\/","name":"CSI - Canadian Stone Industries FR","description":"","potentialAction":[{"@type":"SearchAction","target":{"@type":"EntryPoint","urlTemplate":"https:\/\/www.allthingsstone.com\/ca-fr\/?s={search_term_string}"},"query-input":"required name=search_term_string"}],"inLanguage":"en-CA"}]}},"_links":{"self":[{"href":"https:\/\/www.allthingsstone.com\/ca-fr\/wp-json\/wp\/v2\/product\/20637","targetHints":{"allow":["GET"]}}],"collection":[{"href":"https:\/\/www.allthingsstone.com\/ca-fr\/wp-json\/wp\/v2\/product"}],"about":[{"href":"https:\/\/www.allthingsstone.com\/ca-fr\/wp-json\/wp\/v2\/types\/product"}],"replies":[{"embeddable":true,"href":"https:\/\/www.allthingsstone.com\/ca-fr\/wp-json\/wp\/v2\/comments?post=20637"}],"wp:featuredmedia":[{"embeddable":true,"href":"https:\/\/www.allthingsstone.com\/ca-fr\/wp-json\/wp\/v2\/media\/20638"}],"wp:attachment":[{"href":"https:\/\/www.allthingsstone.com\/ca-fr\/wp-json\/wp\/v2\/media?parent=20637"}],"wp:term":[{"taxonomy":"product_cat","embeddable":true,"href":"https:\/\/www.allthingsstone.com\/ca-fr\/wp-json\/wp\/v2\/product_cat?post=20637"},{"taxonomy":"product_tag","embeddable":true,"href":"https:\/\/www.allthingsstone.com\/ca-fr\/wp-json\/wp\/v2\/product_tag?post=20637"}],"curies":[{"name":"wp","href":"https:\/\/api.w.org\/{rel}","templated":true}]}}