{"id":20636,"date":"2025-04-23T16:30:43","date_gmt":"2025-04-23T20:30:43","guid":{"rendered":"https:\/\/www.allthingsstone.com\/ca-fr\/?post_type=product&#038;p=20636"},"modified":"2025-04-23T17:07:08","modified_gmt":"2025-04-23T21:07:08","slug":"tapis-de-drainage-ecran-pare-pluie-brikclad","status":"publish","type":"product","link":"https:\/\/www.allthingsstone.com\/ca-fr\/product\/tapis-de-drainage-ecran-pare-pluie-brikclad\/","title":{"rendered":"7Tapis de drainage\/\u00e9cran pare-pluie BRIKclad"},"content":{"rendered":"<div id=\"pl-20636\"  class=\"panel-layout\" ><div id=\"pg-20636-0\"  class=\"panel-grid panel-no-style\" ><div id=\"pgc-20636-0-0\"  class=\"panel-grid-cell\" ><div id=\"panel-20636-0-0-0\" class=\"so-panel widget widget_sow-image panel-first-child panel-last-child\" data-index=\"0\" ><div\n\t\t\t\n\t\t\tclass=\"so-widget-sow-image so-widget-sow-image-default-c67d20f9f743-20636\"\n\t\t\t\n\t\t>\n\n<div class=\"sow-image-container\">\n\t\t\t<a href=\"https:\/\/www.allthingsstone.com\/ca-fr\/wp-content\/uploads\/sites\/12\/2025\/04\/BRIKclad-Rainscreen-scaled.jpg\"\n\t\t\tdata-lightbox=\"17336437145f43e03675db4532757046\" data-lightbox-options=\"{&quot;alwaysShowNavOnTouchDevices&quot;:false,&quot;disabledOnTablet&quot;:false,&quot;disabledOnMobile&quot;:false,&quot;disableScrolling&quot;:false,&quot;overlayColor&quot;:&quot;#000&quot;,&quot;overlayOpacity&quot;:0.8,&quot;fadeDuration&quot;:600,&quot;fitImagesInViewport&quot;:true,&quot;imageFadeDuration&quot;:600,&quot;maxHeight&quot;:&quot;&quot;,&quot;maxWidth&quot;:&quot;&quot;,&quot;positionFromTop&quot;:50,&quot;resizeDuration&quot;:700,&quot;showImageNumberLabel&quot;:true,&quot;disableCaption&quot;:&quot;&quot;,&quot;wrapAround&quot;:true,&quot;albumLabel&quot;:&quot; %1 of %2&quot;}\" data-title=\"BRIKclad - Tapis de drainage\/\u00e9cran pare-pluie\" \t\t>\n\t\t\t<img decoding=\"async\" src=\"https:\/\/www.allthingsstone.com\/ca-fr\/wp-content\/uploads\/sites\/12\/2025\/04\/BRIKclad-Rainscreen-scaled.jpg\" width=\"1536\" height=\"2048\" srcset=\"https:\/\/www.allthingsstone.com\/ca-fr\/wp-content\/uploads\/sites\/12\/2025\/04\/BRIKclad-Rainscreen-scaled.jpg 1536w, https:\/\/www.allthingsstone.com\/ca-fr\/wp-content\/uploads\/sites\/12\/2025\/04\/BRIKclad-Rainscreen-225x300.jpg 225w, https:\/\/www.allthingsstone.com\/ca-fr\/wp-content\/uploads\/sites\/12\/2025\/04\/BRIKclad-Rainscreen-768x1024.jpg 768w, https:\/\/www.allthingsstone.com\/ca-fr\/wp-content\/uploads\/sites\/12\/2025\/04\/BRIKclad-Rainscreen-1152x1536.jpg 1152w, https:\/\/www.allthingsstone.com\/ca-fr\/wp-content\/uploads\/sites\/12\/2025\/04\/BRIKclad-Rainscreen-600x800.jpg 600w\" sizes=\"auto, (max-width: 1536px) 100vw, 1536px\" title=\"BRIKclad - Tapis de drainage\/\u00e9cran pare-pluie\" alt=\"BRIKclad - Tapis de drainage\/\u00e9cran pare-pluie\" loading=\"lazy\" \t\tclass=\"so-widget-image\"\/>\n\t<\/a><\/div>\n\n<\/div><\/div><\/div><div id=\"pgc-20636-0-1\"  class=\"panel-grid-cell\" ><div id=\"panel-20636-0-1-0\" class=\"so-panel widget widget_sow-editor panel-first-child panel-last-child\" data-index=\"1\" ><div\n\t\t\t\n\t\t\tclass=\"so-widget-sow-editor so-widget-sow-editor-base\"\n\t\t\t\n\t\t>\n<div class=\"siteorigin-widget-tinymce textwidget\">\n\t<p>Tous les types de parements de briques BRIKclad n\u00e9cessitent un tapis de drainage\/\u00e9cran pare-pluie pour assurer une ventilation et un drainage ad\u00e9quats de la cavit\u00e9 murale. Le tapis de drainage Driwall\u2122 10 mm de Keene\u2122 Building Products est approuv\u00e9 pour le syst\u00e8me de parements de briques BRIKclad. Ce filet enchev\u00eatr\u00e9 \u00e9limine efficacement les probl\u00e8mes d'humidit\u00e9 accidentelle dans la plupart des applications ext\u00e9rieures.<\/p>\n<p>Les b\u00e2timents \u00e9tant de plus en plus \u00e9tanches \u00e0 la chaleur, les probl\u00e8mes d'humidit\u00e9 sont en augmentation, ce qui rend essentiel l'int\u00e9gration de m\u00e9thodes efficaces de ventilation et de d\u00e9compression hydrostatique. L'utilisation d'un tapis de drainage comme Driwall\u2122 est essentielle pour pr\u00e9server l'int\u00e9grit\u00e9 et la performance de votre installation de parements de briques BRIKclad.<\/p>\n<\/div>\n<\/div><\/div><\/div><\/div><\/div>","protected":false},"excerpt":{"rendered":"<p>Tous les types de parements de briques BRIKclad n\u00e9cessitent un tapis de drainage\/\u00e9cran pare-pluie pour assurer une ventilation et un drainage ad\u00e9quats de la cavit\u00e9 &hellip; <a href=\"https:\/\/www.allthingsstone.com\/ca-fr\/product\/tapis-de-drainage-ecran-pare-pluie-brikclad\/\">Continued<\/a><\/p>\n","protected":false},"featured_media":20634,"comment_status":"open","ping_status":"closed","template":"","meta":{"inline_featured_image":false,"_mi_skip_tracking":false,"_exactmetrics_sitenote_active":false,"_exactmetrics_sitenote_note":"","_exactmetrics_sitenote_category":0},"product_cat":[6536],"product_tag":[8848],"class_list":["post-20636","product","type-product","status-publish","has-post-thumbnail","hentry","product_cat-placage-de-brique","product_tag-textures-de-brikclad","brands-brikclad","single_resource-brikclad"],"acf":[],"yoast_head":"<!-- This site is optimized with the Yoast SEO Premium plugin v21.6 (Yoast SEO v21.6) - https:\/\/yoast.com\/wordpress\/plugins\/seo\/ -->\n<title>Tapis de drainage\/\u00e9cran pare-pluie | CSI FR<\/title>\n<meta name=\"description\" content=\"Toutes les applications BRIKclad n\u00e9cessitent un tapis de drainage\/\u00e9cran pare-pluie pour assurer une ventilation et un drainage appropri\u00e9s.\" \/>\n<meta name=\"robots\" content=\"index, follow, max-snippet:-1, max-image-preview:large, max-video-preview:-1\" \/>\n<link rel=\"canonical\" href=\"https:\/\/www.allthingsstone.com\/ca-fr\/product\/tapis-de-drainage-ecran-pare-pluie-brikclad\/\" \/>\n<meta property=\"og:locale\" content=\"en_US\" \/>\n<meta property=\"og:type\" content=\"article\" \/>\n<meta property=\"og:title\" content=\"7Tapis de drainage\/\u00e9cran pare-pluie BRIKclad\" \/>\n<meta property=\"og:description\" content=\"Toutes les applications BRIKclad n\u00e9cessitent un tapis de drainage\/\u00e9cran pare-pluie pour assurer une ventilation et un drainage appropri\u00e9s.\" \/>\n<meta property=\"og:url\" content=\"https:\/\/www.allthingsstone.com\/ca-fr\/product\/tapis-de-drainage-ecran-pare-pluie-brikclad\/\" \/>\n<meta property=\"og:site_name\" content=\"CSI - Canadian Stone Industries FR\" \/>\n<meta property=\"article:modified_time\" content=\"2025-04-23T21:07:08+00:00\" \/>\n<meta property=\"og:image\" content=\"https:\/\/www.allthingsstone.com\/ca-fr\/wp-content\/uploads\/sites\/12\/2025\/04\/BRIKclad-Rainscreen.png\" \/>\n\t<meta property=\"og:image:width\" content=\"459\" \/>\n\t<meta property=\"og:image:height\" content=\"339\" \/>\n\t<meta property=\"og:image:type\" content=\"image\/png\" \/>\n<meta name=\"twitter:card\" content=\"summary_large_image\" \/>\n<meta name=\"twitter:label1\" content=\"Est. reading time\" \/>\n\t<meta name=\"twitter:data1\" content=\"1 minute\" \/>\n<script type=\"application\/ld+json\" class=\"yoast-schema-graph\">{\"@context\":\"https:\/\/schema.org\",\"@graph\":[{\"@type\":\"WebPage\",\"@id\":\"https:\/\/www.allthingsstone.com\/ca-fr\/product\/tapis-de-drainage-ecran-pare-pluie-brikclad\/\",\"url\":\"https:\/\/www.allthingsstone.com\/ca-fr\/product\/tapis-de-drainage-ecran-pare-pluie-brikclad\/\",\"name\":\"Tapis de drainage\/\u00e9cran pare-pluie | CSI FR\",\"isPartOf\":{\"@id\":\"https:\/\/www.allthingsstone.com\/ca-fr\/#website\"},\"datePublished\":\"2025-04-23T20:30:43+00:00\",\"dateModified\":\"2025-04-23T21:07:08+00:00\",\"description\":\"Toutes les applications BRIKclad n\u00e9cessitent un tapis de drainage\/\u00e9cran pare-pluie pour assurer une ventilation et un drainage appropri\u00e9s.\",\"breadcrumb\":{\"@id\":\"https:\/\/www.allthingsstone.com\/ca-fr\/product\/tapis-de-drainage-ecran-pare-pluie-brikclad\/#breadcrumb\"},\"inLanguage\":\"en-CA\",\"potentialAction\":[{\"@type\":\"ReadAction\",\"target\":[\"https:\/\/www.allthingsstone.com\/ca-fr\/product\/tapis-de-drainage-ecran-pare-pluie-brikclad\/\"]}]},{\"@type\":\"BreadcrumbList\",\"@id\":\"https:\/\/www.allthingsstone.com\/ca-fr\/product\/tapis-de-drainage-ecran-pare-pluie-brikclad\/#breadcrumb\",\"itemListElement\":[{\"@type\":\"ListItem\",\"position\":1,\"name\":\"Home\",\"item\":\"https:\/\/www.allthingsstone.com\/ca-fr\/\"},{\"@type\":\"ListItem\",\"position\":2,\"name\":\"7Tapis de drainage\/\u00e9cran pare-pluie BRIKclad\"}]},{\"@type\":\"WebSite\",\"@id\":\"https:\/\/www.allthingsstone.com\/ca-fr\/#website\",\"url\":\"https:\/\/www.allthingsstone.com\/ca-fr\/\",\"name\":\"CSI - Canadian Stone Industries FR\",\"description\":\"\",\"potentialAction\":[{\"@type\":\"SearchAction\",\"target\":{\"@type\":\"EntryPoint\",\"urlTemplate\":\"https:\/\/www.allthingsstone.com\/ca-fr\/?s={search_term_string}\"},\"query-input\":\"required name=search_term_string\"}],\"inLanguage\":\"en-CA\"}]}<\/script>\n<!-- \/ Yoast SEO Premium plugin. -->","yoast_head_json":{"title":"Tapis de drainage\/\u00e9cran pare-pluie | CSI FR","description":"Toutes les applications BRIKclad n\u00e9cessitent un tapis de drainage\/\u00e9cran pare-pluie pour assurer une ventilation et un drainage appropri\u00e9s.","robots":{"index":"index","follow":"follow","max-snippet":"max-snippet:-1","max-image-preview":"max-image-preview:large","max-video-preview":"max-video-preview:-1"},"canonical":"https:\/\/www.allthingsstone.com\/ca-fr\/product\/tapis-de-drainage-ecran-pare-pluie-brikclad\/","og_locale":"en_US","og_type":"article","og_title":"7Tapis de drainage\/\u00e9cran pare-pluie BRIKclad","og_description":"Toutes les applications BRIKclad n\u00e9cessitent un tapis de drainage\/\u00e9cran pare-pluie pour assurer une ventilation et un drainage appropri\u00e9s.","og_url":"https:\/\/www.allthingsstone.com\/ca-fr\/product\/tapis-de-drainage-ecran-pare-pluie-brikclad\/","og_site_name":"CSI - Canadian Stone Industries FR","article_modified_time":"2025-04-23T21:07:08+00:00","og_image":[{"width":459,"height":339,"url":"https:\/\/www.allthingsstone.com\/ca-fr\/wp-content\/uploads\/sites\/12\/2025\/04\/BRIKclad-Rainscreen.png","type":"image\/png"}],"twitter_card":"summary_large_image","twitter_misc":{"Est. reading time":"1 minute"},"schema":{"@context":"https:\/\/schema.org","@graph":[{"@type":"WebPage","@id":"https:\/\/www.allthingsstone.com\/ca-fr\/product\/tapis-de-drainage-ecran-pare-pluie-brikclad\/","url":"https:\/\/www.allthingsstone.com\/ca-fr\/product\/tapis-de-drainage-ecran-pare-pluie-brikclad\/","name":"Tapis de drainage\/\u00e9cran pare-pluie | CSI FR","isPartOf":{"@id":"https:\/\/www.allthingsstone.com\/ca-fr\/#website"},"datePublished":"2025-04-23T20:30:43+00:00","dateModified":"2025-04-23T21:07:08+00:00","description":"Toutes les applications BRIKclad n\u00e9cessitent un tapis de drainage\/\u00e9cran pare-pluie pour assurer une ventilation et un drainage appropri\u00e9s.","breadcrumb":{"@id":"https:\/\/www.allthingsstone.com\/ca-fr\/product\/tapis-de-drainage-ecran-pare-pluie-brikclad\/#breadcrumb"},"inLanguage":"en-CA","potentialAction":[{"@type":"ReadAction","target":["https:\/\/www.allthingsstone.com\/ca-fr\/product\/tapis-de-drainage-ecran-pare-pluie-brikclad\/"]}]},{"@type":"BreadcrumbList","@id":"https:\/\/www.allthingsstone.com\/ca-fr\/product\/tapis-de-drainage-ecran-pare-pluie-brikclad\/#breadcrumb","itemListElement":[{"@type":"ListItem","position":1,"name":"Home","item":"https:\/\/www.allthingsstone.com\/ca-fr\/"},{"@type":"ListItem","position":2,"name":"7Tapis de drainage\/\u00e9cran pare-pluie BRIKclad"}]},{"@type":"WebSite","@id":"https:\/\/www.allthingsstone.com\/ca-fr\/#website","url":"https:\/\/www.allthingsstone.com\/ca-fr\/","name":"CSI - Canadian Stone Industries FR","description":"","potentialAction":[{"@type":"SearchAction","target":{"@type":"EntryPoint","urlTemplate":"https:\/\/www.allthingsstone.com\/ca-fr\/?s={search_term_string}"},"query-input":"required name=search_term_string"}],"inLanguage":"en-CA"}]}},"_links":{"self":[{"href":"https:\/\/www.allthingsstone.com\/ca-fr\/wp-json\/wp\/v2\/product\/20636","targetHints":{"allow":["GET"]}}],"collection":[{"href":"https:\/\/www.allthingsstone.com\/ca-fr\/wp-json\/wp\/v2\/product"}],"about":[{"href":"https:\/\/www.allthingsstone.com\/ca-fr\/wp-json\/wp\/v2\/types\/product"}],"replies":[{"embeddable":true,"href":"https:\/\/www.allthingsstone.com\/ca-fr\/wp-json\/wp\/v2\/comments?post=20636"}],"wp:featuredmedia":[{"embeddable":true,"href":"https:\/\/www.allthingsstone.com\/ca-fr\/wp-json\/wp\/v2\/media\/20634"}],"wp:attachment":[{"href":"https:\/\/www.allthingsstone.com\/ca-fr\/wp-json\/wp\/v2\/media?parent=20636"}],"wp:term":[{"taxonomy":"product_cat","embeddable":true,"href":"https:\/\/www.allthingsstone.com\/ca-fr\/wp-json\/wp\/v2\/product_cat?post=20636"},{"taxonomy":"product_tag","embeddable":true,"href":"https:\/\/www.allthingsstone.com\/ca-fr\/wp-json\/wp\/v2\/product_tag?post=20636"}],"curies":[{"name":"wp","href":"https:\/\/api.w.org\/{rel}","templated":true}]}}