{"id":20631,"date":"2025-04-23T16:26:26","date_gmt":"2025-04-23T20:26:26","guid":{"rendered":"https:\/\/www.allthingsstone.com\/ca-fr\/?post_type=product&#038;p=20631"},"modified":"2025-04-23T17:06:59","modified_gmt":"2025-04-23T21:06:59","slug":"angle-de-depart-brikclad","status":"publish","type":"product","link":"https:\/\/www.allthingsstone.com\/ca-fr\/product\/angle-de-depart-brikclad\/","title":{"rendered":"5Angle de d\u00e9part BRIKclad"},"content":{"rendered":"<div id=\"pl-20631\"  class=\"panel-layout\" ><div id=\"pg-20631-0\"  class=\"panel-grid panel-no-style\" ><div id=\"pgc-20631-0-0\"  class=\"panel-grid-cell\" ><div id=\"panel-20631-0-0-0\" class=\"so-panel widget widget_sow-image panel-first-child panel-last-child\" data-index=\"0\" ><div\n\t\t\t\n\t\t\tclass=\"so-widget-sow-image so-widget-sow-image-default-c67d20f9f743-20631\"\n\t\t\t\n\t\t>\n\n<div class=\"sow-image-container\">\n\t\t\t<a href=\"https:\/\/www.allthingsstone.com\/ca-fr\/wp-content\/uploads\/sites\/12\/2025\/04\/BRIKclad-Starter-Angle-2.png\"\n\t\t\tdata-lightbox=\"17336437145f43e03675db4532757046\" data-lightbox-options=\"{&quot;alwaysShowNavOnTouchDevices&quot;:false,&quot;disabledOnTablet&quot;:false,&quot;disabledOnMobile&quot;:false,&quot;disableScrolling&quot;:false,&quot;overlayColor&quot;:&quot;#000&quot;,&quot;overlayOpacity&quot;:0.8,&quot;fadeDuration&quot;:600,&quot;fitImagesInViewport&quot;:true,&quot;imageFadeDuration&quot;:600,&quot;maxHeight&quot;:&quot;&quot;,&quot;maxWidth&quot;:&quot;&quot;,&quot;positionFromTop&quot;:50,&quot;resizeDuration&quot;:700,&quot;showImageNumberLabel&quot;:true,&quot;disableCaption&quot;:&quot;&quot;,&quot;wrapAround&quot;:true,&quot;albumLabel&quot;:&quot; %1 of %2&quot;}\" data-title=\"BRIKclad - Angle de d\u00e9part\" \t\t>\n\t\t\t<img decoding=\"async\" src=\"https:\/\/www.allthingsstone.com\/ca-fr\/wp-content\/uploads\/sites\/12\/2025\/04\/BRIKclad-Starter-Angle-2.png\" width=\"2048\" height=\"1536\" srcset=\"https:\/\/www.allthingsstone.com\/ca-fr\/wp-content\/uploads\/sites\/12\/2025\/04\/BRIKclad-Starter-Angle-2.png 2048w, https:\/\/www.allthingsstone.com\/ca-fr\/wp-content\/uploads\/sites\/12\/2025\/04\/BRIKclad-Starter-Angle-2-300x225.png 300w, https:\/\/www.allthingsstone.com\/ca-fr\/wp-content\/uploads\/sites\/12\/2025\/04\/BRIKclad-Starter-Angle-2-1024x768.png 1024w, https:\/\/www.allthingsstone.com\/ca-fr\/wp-content\/uploads\/sites\/12\/2025\/04\/BRIKclad-Starter-Angle-2-768x576.png 768w, https:\/\/www.allthingsstone.com\/ca-fr\/wp-content\/uploads\/sites\/12\/2025\/04\/BRIKclad-Starter-Angle-2-1536x1152.png 1536w, https:\/\/www.allthingsstone.com\/ca-fr\/wp-content\/uploads\/sites\/12\/2025\/04\/BRIKclad-Starter-Angle-2-600x450.png 600w\" sizes=\"auto, (max-width: 2048px) 100vw, 2048px\" title=\"BRIKclad - Angle de d\u00e9part\" alt=\"BRIKclad - Angle de d\u00e9part\" loading=\"lazy\" \t\tclass=\"so-widget-image\"\/>\n\t<\/a><\/div>\n\n<\/div><\/div><\/div><div id=\"pgc-20631-0-1\"  class=\"panel-grid-cell\" ><div id=\"panel-20631-0-1-0\" class=\"so-panel widget widget_sow-editor panel-first-child panel-last-child\" data-index=\"1\" ><div\n\t\t\t\n\t\t\tclass=\"so-widget-sow-editor so-widget-sow-editor-base\"\n\t\t\t\n\t\t>\n<div class=\"siteorigin-widget-tinymce textwidget\">\n\t<p>Le cordon butyle de BRIKclad est un ruban de calfeutrage imperm\u00e9able con\u00e7u pour coller solidement les briques. Il est essentiel pour les applications Dry-Stack, offrant durabilit\u00e9 et stabilit\u00e9.<\/p>\n<p><span style=\"text-decoration: underline\">Principaux avantages de la corde en butyle<\/span><\/p>\n<ul>\n<li><strong>- Variations de niveaux: <\/strong>Absorbe les diff\u00e9rences de hauteur entre les rang\u00e9es de briques pour une finition uniforme.<\/li>\n<li><strong>- Joint d'\u00e9tanch\u00e9it\u00e9:<\/strong> scelle efficacement les interstices pour emp\u00eacher l'infiltration d'eau.<br \/>\n<strong>- Stabilit\u00e9 am\u00e9lior\u00e9e:<\/strong> att\u00e9nue les vibrations, \u00e9liminant les cliquetis et les mouvements.<br \/>\n<strong>- Optimisation du syst\u00e8me:<\/strong> renforce le syst\u00e8me global de parement en briques pour une performance durable.<\/li>\n<\/ul>\n<\/div>\n<\/div><\/div><\/div><\/div><\/div>","protected":false},"excerpt":{"rendered":"<p>Le cordon butyle de BRIKclad est un ruban de calfeutrage imperm\u00e9able con\u00e7u pour coller solidement les briques. Il est essentiel pour les applications Dry-Stack, offrant &hellip; <a href=\"https:\/\/www.allthingsstone.com\/ca-fr\/product\/angle-de-depart-brikclad\/\">Continued<\/a><\/p>\n","protected":false},"featured_media":20632,"comment_status":"open","ping_status":"closed","template":"","meta":{"inline_featured_image":false,"_mi_skip_tracking":false,"_exactmetrics_sitenote_active":false,"_exactmetrics_sitenote_note":"","_exactmetrics_sitenote_category":0},"product_cat":[6536],"product_tag":[8848],"class_list":["post-20631","product","type-product","status-publish","has-post-thumbnail","hentry","product_cat-placage-de-brique","product_tag-textures-de-brikclad","brands-brikclad","single_resource-brikclad"],"acf":[],"yoast_head":"<!-- This site is optimized with the Yoast SEO Premium plugin v21.6 (Yoast SEO v21.6) - https:\/\/yoast.com\/wordpress\/plugins\/seo\/ -->\n<title>Angle de d\u00e9part BRIKclad | CSI FR<\/title>\n<meta name=\"description\" content=\"L&#039;angle de d\u00e9part est une bande de nivellement en acier inoxydable utilis\u00e9e dans toutes les installations de placage de briques BRIKclad.\" \/>\n<meta name=\"robots\" content=\"index, follow, max-snippet:-1, max-image-preview:large, max-video-preview:-1\" \/>\n<link rel=\"canonical\" href=\"https:\/\/www.allthingsstone.com\/ca-fr\/product\/angle-de-depart-brikclad\/\" \/>\n<meta property=\"og:locale\" content=\"en_US\" \/>\n<meta property=\"og:type\" content=\"article\" \/>\n<meta property=\"og:title\" content=\"5Angle de d\u00e9part BRIKclad\" \/>\n<meta property=\"og:description\" content=\"L&#039;angle de d\u00e9part est une bande de nivellement en acier inoxydable utilis\u00e9e dans toutes les installations de placage de briques BRIKclad.\" \/>\n<meta property=\"og:url\" content=\"https:\/\/www.allthingsstone.com\/ca-fr\/product\/angle-de-depart-brikclad\/\" \/>\n<meta property=\"og:site_name\" content=\"CSI - Canadian Stone Industries FR\" \/>\n<meta property=\"article:modified_time\" content=\"2025-04-23T21:06:59+00:00\" \/>\n<meta property=\"og:image\" content=\"https:\/\/www.allthingsstone.com\/ca-fr\/wp-content\/uploads\/sites\/12\/2025\/04\/BRIKclad-Starter-Angle.png\" \/>\n\t<meta property=\"og:image:width\" content=\"459\" \/>\n\t<meta property=\"og:image:height\" content=\"339\" \/>\n\t<meta property=\"og:image:type\" content=\"image\/png\" \/>\n<meta name=\"twitter:card\" content=\"summary_large_image\" \/>\n<meta name=\"twitter:label1\" content=\"Est. reading time\" \/>\n\t<meta name=\"twitter:data1\" content=\"1 minute\" \/>\n<script type=\"application\/ld+json\" class=\"yoast-schema-graph\">{\"@context\":\"https:\/\/schema.org\",\"@graph\":[{\"@type\":\"WebPage\",\"@id\":\"https:\/\/www.allthingsstone.com\/ca-fr\/product\/angle-de-depart-brikclad\/\",\"url\":\"https:\/\/www.allthingsstone.com\/ca-fr\/product\/angle-de-depart-brikclad\/\",\"name\":\"Angle de d\u00e9part BRIKclad | CSI FR\",\"isPartOf\":{\"@id\":\"https:\/\/www.allthingsstone.com\/ca-fr\/#website\"},\"datePublished\":\"2025-04-23T20:26:26+00:00\",\"dateModified\":\"2025-04-23T21:06:59+00:00\",\"description\":\"L'angle de d\u00e9part est une bande de nivellement en acier inoxydable utilis\u00e9e dans toutes les installations de placage de briques BRIKclad.\",\"breadcrumb\":{\"@id\":\"https:\/\/www.allthingsstone.com\/ca-fr\/product\/angle-de-depart-brikclad\/#breadcrumb\"},\"inLanguage\":\"en-CA\",\"potentialAction\":[{\"@type\":\"ReadAction\",\"target\":[\"https:\/\/www.allthingsstone.com\/ca-fr\/product\/angle-de-depart-brikclad\/\"]}]},{\"@type\":\"BreadcrumbList\",\"@id\":\"https:\/\/www.allthingsstone.com\/ca-fr\/product\/angle-de-depart-brikclad\/#breadcrumb\",\"itemListElement\":[{\"@type\":\"ListItem\",\"position\":1,\"name\":\"Home\",\"item\":\"https:\/\/www.allthingsstone.com\/ca-fr\/\"},{\"@type\":\"ListItem\",\"position\":2,\"name\":\"5Angle de d\u00e9part BRIKclad\"}]},{\"@type\":\"WebSite\",\"@id\":\"https:\/\/www.allthingsstone.com\/ca-fr\/#website\",\"url\":\"https:\/\/www.allthingsstone.com\/ca-fr\/\",\"name\":\"CSI - Canadian Stone Industries FR\",\"description\":\"\",\"potentialAction\":[{\"@type\":\"SearchAction\",\"target\":{\"@type\":\"EntryPoint\",\"urlTemplate\":\"https:\/\/www.allthingsstone.com\/ca-fr\/?s={search_term_string}\"},\"query-input\":\"required name=search_term_string\"}],\"inLanguage\":\"en-CA\"}]}<\/script>\n<!-- \/ Yoast SEO Premium plugin. -->","yoast_head_json":{"title":"Angle de d\u00e9part BRIKclad | CSI FR","description":"L'angle de d\u00e9part est une bande de nivellement en acier inoxydable utilis\u00e9e dans toutes les installations de placage de briques BRIKclad.","robots":{"index":"index","follow":"follow","max-snippet":"max-snippet:-1","max-image-preview":"max-image-preview:large","max-video-preview":"max-video-preview:-1"},"canonical":"https:\/\/www.allthingsstone.com\/ca-fr\/product\/angle-de-depart-brikclad\/","og_locale":"en_US","og_type":"article","og_title":"5Angle de d\u00e9part BRIKclad","og_description":"L'angle de d\u00e9part est une bande de nivellement en acier inoxydable utilis\u00e9e dans toutes les installations de placage de briques BRIKclad.","og_url":"https:\/\/www.allthingsstone.com\/ca-fr\/product\/angle-de-depart-brikclad\/","og_site_name":"CSI - Canadian Stone Industries FR","article_modified_time":"2025-04-23T21:06:59+00:00","og_image":[{"width":459,"height":339,"url":"https:\/\/www.allthingsstone.com\/ca-fr\/wp-content\/uploads\/sites\/12\/2025\/04\/BRIKclad-Starter-Angle.png","type":"image\/png"}],"twitter_card":"summary_large_image","twitter_misc":{"Est. reading time":"1 minute"},"schema":{"@context":"https:\/\/schema.org","@graph":[{"@type":"WebPage","@id":"https:\/\/www.allthingsstone.com\/ca-fr\/product\/angle-de-depart-brikclad\/","url":"https:\/\/www.allthingsstone.com\/ca-fr\/product\/angle-de-depart-brikclad\/","name":"Angle de d\u00e9part BRIKclad | CSI FR","isPartOf":{"@id":"https:\/\/www.allthingsstone.com\/ca-fr\/#website"},"datePublished":"2025-04-23T20:26:26+00:00","dateModified":"2025-04-23T21:06:59+00:00","description":"L'angle de d\u00e9part est une bande de nivellement en acier inoxydable utilis\u00e9e dans toutes les installations de placage de briques BRIKclad.","breadcrumb":{"@id":"https:\/\/www.allthingsstone.com\/ca-fr\/product\/angle-de-depart-brikclad\/#breadcrumb"},"inLanguage":"en-CA","potentialAction":[{"@type":"ReadAction","target":["https:\/\/www.allthingsstone.com\/ca-fr\/product\/angle-de-depart-brikclad\/"]}]},{"@type":"BreadcrumbList","@id":"https:\/\/www.allthingsstone.com\/ca-fr\/product\/angle-de-depart-brikclad\/#breadcrumb","itemListElement":[{"@type":"ListItem","position":1,"name":"Home","item":"https:\/\/www.allthingsstone.com\/ca-fr\/"},{"@type":"ListItem","position":2,"name":"5Angle de d\u00e9part BRIKclad"}]},{"@type":"WebSite","@id":"https:\/\/www.allthingsstone.com\/ca-fr\/#website","url":"https:\/\/www.allthingsstone.com\/ca-fr\/","name":"CSI - Canadian Stone Industries FR","description":"","potentialAction":[{"@type":"SearchAction","target":{"@type":"EntryPoint","urlTemplate":"https:\/\/www.allthingsstone.com\/ca-fr\/?s={search_term_string}"},"query-input":"required name=search_term_string"}],"inLanguage":"en-CA"}]}},"_links":{"self":[{"href":"https:\/\/www.allthingsstone.com\/ca-fr\/wp-json\/wp\/v2\/product\/20631","targetHints":{"allow":["GET"]}}],"collection":[{"href":"https:\/\/www.allthingsstone.com\/ca-fr\/wp-json\/wp\/v2\/product"}],"about":[{"href":"https:\/\/www.allthingsstone.com\/ca-fr\/wp-json\/wp\/v2\/types\/product"}],"replies":[{"embeddable":true,"href":"https:\/\/www.allthingsstone.com\/ca-fr\/wp-json\/wp\/v2\/comments?post=20631"}],"wp:featuredmedia":[{"embeddable":true,"href":"https:\/\/www.allthingsstone.com\/ca-fr\/wp-json\/wp\/v2\/media\/20632"}],"wp:attachment":[{"href":"https:\/\/www.allthingsstone.com\/ca-fr\/wp-json\/wp\/v2\/media?parent=20631"}],"wp:term":[{"taxonomy":"product_cat","embeddable":true,"href":"https:\/\/www.allthingsstone.com\/ca-fr\/wp-json\/wp\/v2\/product_cat?post=20631"},{"taxonomy":"product_tag","embeddable":true,"href":"https:\/\/www.allthingsstone.com\/ca-fr\/wp-json\/wp\/v2\/product_tag?post=20631"}],"curies":[{"name":"wp","href":"https:\/\/api.w.org\/{rel}","templated":true}]}}