{"id":20626,"date":"2025-04-22T18:05:31","date_gmt":"2025-04-22T22:05:31","guid":{"rendered":"https:\/\/www.allthingsstone.com\/ca-fr\/?post_type=product&#038;p=20626"},"modified":"2025-05-08T12:30:10","modified_gmt":"2025-05-08T16:30:10","slug":"maxum-dry-stack-brikclad","status":"publish","type":"product","link":"https:\/\/www.allthingsstone.com\/ca-fr\/product\/maxum-dry-stack-brikclad\/","title":{"rendered":"2Maxum Dry-Stack BRIKclad"},"content":{"rendered":"<div id=\"pl-20626\"  class=\"panel-layout\" ><div id=\"pg-20626-0\"  class=\"panel-grid panel-no-style\" ><div id=\"pgc-20626-0-0\"  class=\"panel-grid-cell\" ><div id=\"panel-20626-0-0-0\" class=\"so-panel widget widget_sow-editor panel-first-child panel-last-child\" data-index=\"0\" ><div\n\t\t\t\n\t\t\tclass=\"so-widget-sow-editor so-widget-sow-editor-base\"\n\t\t\t\n\t\t>\n<div class=\"siteorigin-widget-tinymce textwidget\">\n\t<p>Maxum Dry-Stack de BRIKclad est un parement de brique de b\u00e9ton grand format sans mortier fabriqu\u00e9 au Canada qui s'installe aussi facilement qu'un bardage, alliant la durabilit\u00e9 du b\u00e9ton \u00e0 la commodit\u00e9 d'une installation rapide. Avec ses bords biseaut\u00e9s raffin\u00e9s et sa surface textur\u00e9e mate, Maxum Dry-Stack se pose en une seule \u00e9tape, sans mortier, en quelques minutes seulement. Maxum Dry-Stack offre une esth\u00e9tique \u00e9l\u00e9gante et moderne qui rehausse tout design architectural. Id\u00e9al pour les applications r\u00e9sidentielles et commerciales, ce parement de brique innovant allie style et fonctionnalit\u00e9 pour les constructeurs et les propri\u00e9taires exigeants d'aujourd'hui.<\/p>\n<p>Maxum Dry-Stack est offert dans une palette de couleurs polyvalente, avec des gris clairs et des blancs \u00e9clatants, des couleurs difficiles \u00e0 obtenir avec l'argile traditionnelle. Avec Maxum de BRIKclad, vous pouvez obtenir en toute confiance la teinte parfaite pour votre projet, le tout avec la durabilit\u00e9 et la consistance du b\u00e9ton.<\/p>\n<p><span style=\"text-decoration: underline\">Syst\u00e8me BRIKclad<\/span><\/p>\n<p>Les composants suivants sont n\u00e9cessaires \u00e0 l'installation\u00a0:<\/p>\n<p><strong>- Brique BRIKclad:<\/strong> Maxum Dry-Stack<br \/>\n<strong>- Tapis de drainage\/\u00e9cran pare-pluie:<\/strong> Assure une ventilation et un drainage ad\u00e9quats de la cavit\u00e9 murale<br \/>\n<strong>- Angle de d\u00e9part:<\/strong> Bande de nivellement en acier inoxydable utilis\u00e9e \u00e0 la base du mur et au-dessus des ouvertures de fen\u00eatres et de portes<br \/>\n<strong>- Cordon butyle:<\/strong> Ruban de calfeutrage imperm\u00e9able con\u00e7u pour fixer solidement les briques<br \/>\n<strong>- Attaches et vis de fixation:<\/strong> Composants en acier inoxydable con\u00e7us pour fixer solidement chaque brique. Utilisez les attaches et vis de fixation Dry-Stack\u00a0: une attache par brique pour les murs de moins de 9 m\u00e8tres de haut et deux attache par brique pour les murs de 9 m\u00e8tres et plus.<\/p>\n<\/div>\n<\/div><\/div><\/div><\/div><div id=\"pg-20626-1\"  class=\"panel-grid panel-no-style\" ><div id=\"pgc-20626-1-0\"  class=\"panel-grid-cell\" ><div id=\"panel-20626-1-0-0\" class=\"so-panel widget widget_sow-image panel-first-child panel-last-child\" data-index=\"1\" ><div\n\t\t\t\n\t\t\tclass=\"so-widget-sow-image so-widget-sow-image-default-8b5b6f678277-20626\"\n\t\t\t\n\t\t>\n\n<div class=\"sow-image-container\">\n\t\t\t<a href=\"https:\/\/www.allthingsstone.com\/ca-fr\/wp-content\/uploads\/sites\/12\/2025\/04\/BRIKclad-Maxum-Ridgeway-with-half-inch-mortar-joint.jpg\"\n\t\t\tdata-lightbox=\"1529913615681cdb925e0ff565315224\" data-lightbox-options=\"{&quot;alwaysShowNavOnTouchDevices&quot;:false,&quot;disabledOnTablet&quot;:false,&quot;disabledOnMobile&quot;:false,&quot;disableScrolling&quot;:false,&quot;overlayColor&quot;:&quot;#000&quot;,&quot;overlayOpacity&quot;:0.8,&quot;fadeDuration&quot;:600,&quot;fitImagesInViewport&quot;:true,&quot;imageFadeDuration&quot;:600,&quot;maxHeight&quot;:&quot;&quot;,&quot;maxWidth&quot;:&quot;&quot;,&quot;positionFromTop&quot;:50,&quot;resizeDuration&quot;:700,&quot;showImageNumberLabel&quot;:true,&quot;disableCaption&quot;:&quot;&quot;,&quot;wrapAround&quot;:true,&quot;albumLabel&quot;:&quot; %1 of %2&quot;}\" data-title=\"BRIKclad - Maxum, Ridgeway avec demi pouce joints de mortier\" \t\t>\n\t\t\t<img decoding=\"async\" src=\"https:\/\/www.allthingsstone.com\/ca-fr\/wp-content\/uploads\/sites\/12\/2025\/04\/BRIKclad-Maxum-Ridgeway-with-half-inch-mortar-joint.jpg\" width=\"550\" height=\"550\" srcset=\"https:\/\/www.allthingsstone.com\/ca-fr\/wp-content\/uploads\/sites\/12\/2025\/04\/BRIKclad-Maxum-Ridgeway-with-half-inch-mortar-joint.jpg 550w, https:\/\/www.allthingsstone.com\/ca-fr\/wp-content\/uploads\/sites\/12\/2025\/04\/BRIKclad-Maxum-Ridgeway-with-half-inch-mortar-joint-300x300.jpg 300w, https:\/\/www.allthingsstone.com\/ca-fr\/wp-content\/uploads\/sites\/12\/2025\/04\/BRIKclad-Maxum-Ridgeway-with-half-inch-mortar-joint-150x150.jpg 150w, https:\/\/www.allthingsstone.com\/ca-fr\/wp-content\/uploads\/sites\/12\/2025\/04\/BRIKclad-Maxum-Ridgeway-with-half-inch-mortar-joint-250x250.jpg 250w, https:\/\/www.allthingsstone.com\/ca-fr\/wp-content\/uploads\/sites\/12\/2025\/04\/BRIKclad-Maxum-Ridgeway-with-half-inch-mortar-joint-120x120.jpg 120w, https:\/\/www.allthingsstone.com\/ca-fr\/wp-content\/uploads\/sites\/12\/2025\/04\/BRIKclad-Maxum-Ridgeway-with-half-inch-mortar-joint-100x100.jpg 100w\" sizes=\"auto, (max-width: 550px) 100vw, 550px\" title=\"BRIKclad - Maxum, Ridgeway avec demi pouce joints de mortier\" alt=\"BRIKclad - Maxum, Ridgeway avec demi pouce joints de mortier\" loading=\"lazy\" \t\tclass=\"so-widget-image\"\/>\n\t<\/a><\/div>\n\n<\/div><\/div><\/div><div id=\"pgc-20626-1-1\"  class=\"panel-grid-cell\" ><div id=\"panel-20626-1-1-0\" class=\"so-panel widget widget_sow-editor panel-first-child\" data-index=\"2\" ><div\n\t\t\t\n\t\t\tclass=\"so-widget-sow-editor so-widget-sow-editor-base\"\n\t\t\t\n\t\t>\n<div class=\"siteorigin-widget-tinymce textwidget\">\n\t<p>Con\u00e7u pour la polyvalence, Maxum peut \u00eatre install\u00e9 dans un format Dry-Stack (sans mortier) pour une finition sans joint ou dans un format traditionnel (avec mortier) pour une esth\u00e9tique classique, ce qui en fait un choix id\u00e9al pour les conceptions contemporaines et intemporelles.<\/p>\n<\/div>\n<\/div><\/div><div id=\"panel-20626-1-1-1\" class=\"so-panel widget widget_sow-editor panel-last-child\" data-index=\"3\" ><div\n\t\t\t\n\t\t\tclass=\"so-widget-sow-editor so-widget-sow-editor-base\"\n\t\t\t\n\t\t>\n<div class=\"siteorigin-widget-tinymce textwidget\">\n\t<p>Pour trouver un marchand BRIKclad dans votre r\u00e9gion, cliquez sur <a href=\"http:\/\/www.allthingsstone.com\/ca-fr\/ou-acheter\/\"><strong>O\u00f9 acheter<\/strong><\/a>.<\/p>\n<\/div>\n<\/div><\/div><\/div><\/div><\/div>","protected":false},"excerpt":{"rendered":"<h5><strong>D\u00e9lai d\u2019approvisionnement:<\/strong><\/h5>\n<p><em>Stock\u00e9<\/em> \u2013 Nous maintenons un inventaire de ces produits<br \/>\n<em>Non en stock<\/em> \u2013 Varie selon le fabricant et les d\u00e9lais de transport<\/p>\n","protected":false},"featured_media":20627,"comment_status":"open","ping_status":"closed","template":"","meta":{"inline_featured_image":false,"_mi_skip_tracking":false,"_exactmetrics_sitenote_active":false,"_exactmetrics_sitenote_note":"","_exactmetrics_sitenote_category":0},"product_cat":[6536],"product_tag":[8848],"class_list":["post-20626","product","type-product","status-publish","has-post-thumbnail","hentry","product_cat-placage-de-brique","product_tag-textures-de-brikclad","brands-brikclad","single_resource-brikclad"],"acf":[],"yoast_head":"<!-- This site is optimized with the Yoast SEO Premium plugin v21.6 (Yoast SEO v21.6) - https:\/\/yoast.com\/wordpress\/plugins\/seo\/ -->\n<title>Maxum Dry-Stack BRIKclad | CSI CAN-FR<\/title>\n<meta name=\"description\" content=\"Maxum Dry-Stack de BRIKclad est un placage de briques de b\u00e9ton sans mortier de grand format fabriqu\u00e9 au Canada qui s&#039;installe sans effort.\" \/>\n<meta name=\"robots\" content=\"index, follow, max-snippet:-1, max-image-preview:large, max-video-preview:-1\" \/>\n<link rel=\"canonical\" href=\"https:\/\/www.allthingsstone.com\/ca-fr\/product\/maxum-dry-stack-brikclad\/\" \/>\n<meta property=\"og:locale\" content=\"en_US\" \/>\n<meta property=\"og:type\" content=\"article\" \/>\n<meta property=\"og:title\" content=\"2Maxum Dry-Stack BRIKclad\" \/>\n<meta property=\"og:description\" content=\"Maxum Dry-Stack de BRIKclad est un placage de briques de b\u00e9ton sans mortier de grand format fabriqu\u00e9 au Canada qui s&#039;installe sans effort.\" \/>\n<meta property=\"og:url\" content=\"https:\/\/www.allthingsstone.com\/ca-fr\/product\/maxum-dry-stack-brikclad\/\" \/>\n<meta property=\"og:site_name\" content=\"CSI - Canadian Stone Industries FR\" \/>\n<meta property=\"article:modified_time\" content=\"2025-05-08T16:30:10+00:00\" \/>\n<meta property=\"og:image\" content=\"https:\/\/www.allthingsstone.com\/ca-fr\/wp-content\/uploads\/sites\/12\/2025\/04\/BRIKclad-Maxum-Dry-Stack.jpg\" \/>\n\t<meta property=\"og:image:width\" content=\"459\" \/>\n\t<meta property=\"og:image:height\" content=\"339\" \/>\n\t<meta property=\"og:image:type\" content=\"image\/jpeg\" \/>\n<meta name=\"twitter:card\" content=\"summary_large_image\" \/>\n<meta name=\"twitter:label1\" content=\"Est. reading time\" \/>\n\t<meta name=\"twitter:data1\" content=\"2 minutes\" \/>\n<script type=\"application\/ld+json\" class=\"yoast-schema-graph\">{\"@context\":\"https:\/\/schema.org\",\"@graph\":[{\"@type\":\"WebPage\",\"@id\":\"https:\/\/www.allthingsstone.com\/ca-fr\/product\/maxum-dry-stack-brikclad\/\",\"url\":\"https:\/\/www.allthingsstone.com\/ca-fr\/product\/maxum-dry-stack-brikclad\/\",\"name\":\"Maxum Dry-Stack BRIKclad | CSI CAN-FR\",\"isPartOf\":{\"@id\":\"https:\/\/www.allthingsstone.com\/ca-fr\/#website\"},\"datePublished\":\"2025-04-22T22:05:31+00:00\",\"dateModified\":\"2025-05-08T16:30:10+00:00\",\"description\":\"Maxum Dry-Stack de BRIKclad est un placage de briques de b\u00e9ton sans mortier de grand format fabriqu\u00e9 au Canada qui s'installe sans effort.\",\"breadcrumb\":{\"@id\":\"https:\/\/www.allthingsstone.com\/ca-fr\/product\/maxum-dry-stack-brikclad\/#breadcrumb\"},\"inLanguage\":\"en-CA\",\"potentialAction\":[{\"@type\":\"ReadAction\",\"target\":[\"https:\/\/www.allthingsstone.com\/ca-fr\/product\/maxum-dry-stack-brikclad\/\"]}]},{\"@type\":\"BreadcrumbList\",\"@id\":\"https:\/\/www.allthingsstone.com\/ca-fr\/product\/maxum-dry-stack-brikclad\/#breadcrumb\",\"itemListElement\":[{\"@type\":\"ListItem\",\"position\":1,\"name\":\"Home\",\"item\":\"https:\/\/www.allthingsstone.com\/ca-fr\/\"},{\"@type\":\"ListItem\",\"position\":2,\"name\":\"2Maxum Dry-Stack BRIKclad\"}]},{\"@type\":\"WebSite\",\"@id\":\"https:\/\/www.allthingsstone.com\/ca-fr\/#website\",\"url\":\"https:\/\/www.allthingsstone.com\/ca-fr\/\",\"name\":\"CSI - Canadian Stone Industries FR\",\"description\":\"\",\"potentialAction\":[{\"@type\":\"SearchAction\",\"target\":{\"@type\":\"EntryPoint\",\"urlTemplate\":\"https:\/\/www.allthingsstone.com\/ca-fr\/?s={search_term_string}\"},\"query-input\":\"required name=search_term_string\"}],\"inLanguage\":\"en-CA\"}]}<\/script>\n<!-- \/ Yoast SEO Premium plugin. -->","yoast_head_json":{"title":"Maxum Dry-Stack BRIKclad | CSI CAN-FR","description":"Maxum Dry-Stack de BRIKclad est un placage de briques de b\u00e9ton sans mortier de grand format fabriqu\u00e9 au Canada qui s'installe sans effort.","robots":{"index":"index","follow":"follow","max-snippet":"max-snippet:-1","max-image-preview":"max-image-preview:large","max-video-preview":"max-video-preview:-1"},"canonical":"https:\/\/www.allthingsstone.com\/ca-fr\/product\/maxum-dry-stack-brikclad\/","og_locale":"en_US","og_type":"article","og_title":"2Maxum Dry-Stack BRIKclad","og_description":"Maxum Dry-Stack de BRIKclad est un placage de briques de b\u00e9ton sans mortier de grand format fabriqu\u00e9 au Canada qui s'installe sans effort.","og_url":"https:\/\/www.allthingsstone.com\/ca-fr\/product\/maxum-dry-stack-brikclad\/","og_site_name":"CSI - Canadian Stone Industries FR","article_modified_time":"2025-05-08T16:30:10+00:00","og_image":[{"width":459,"height":339,"url":"https:\/\/www.allthingsstone.com\/ca-fr\/wp-content\/uploads\/sites\/12\/2025\/04\/BRIKclad-Maxum-Dry-Stack.jpg","type":"image\/jpeg"}],"twitter_card":"summary_large_image","twitter_misc":{"Est. reading time":"2 minutes"},"schema":{"@context":"https:\/\/schema.org","@graph":[{"@type":"WebPage","@id":"https:\/\/www.allthingsstone.com\/ca-fr\/product\/maxum-dry-stack-brikclad\/","url":"https:\/\/www.allthingsstone.com\/ca-fr\/product\/maxum-dry-stack-brikclad\/","name":"Maxum Dry-Stack BRIKclad | CSI CAN-FR","isPartOf":{"@id":"https:\/\/www.allthingsstone.com\/ca-fr\/#website"},"datePublished":"2025-04-22T22:05:31+00:00","dateModified":"2025-05-08T16:30:10+00:00","description":"Maxum Dry-Stack de BRIKclad est un placage de briques de b\u00e9ton sans mortier de grand format fabriqu\u00e9 au Canada qui s'installe sans effort.","breadcrumb":{"@id":"https:\/\/www.allthingsstone.com\/ca-fr\/product\/maxum-dry-stack-brikclad\/#breadcrumb"},"inLanguage":"en-CA","potentialAction":[{"@type":"ReadAction","target":["https:\/\/www.allthingsstone.com\/ca-fr\/product\/maxum-dry-stack-brikclad\/"]}]},{"@type":"BreadcrumbList","@id":"https:\/\/www.allthingsstone.com\/ca-fr\/product\/maxum-dry-stack-brikclad\/#breadcrumb","itemListElement":[{"@type":"ListItem","position":1,"name":"Home","item":"https:\/\/www.allthingsstone.com\/ca-fr\/"},{"@type":"ListItem","position":2,"name":"2Maxum Dry-Stack BRIKclad"}]},{"@type":"WebSite","@id":"https:\/\/www.allthingsstone.com\/ca-fr\/#website","url":"https:\/\/www.allthingsstone.com\/ca-fr\/","name":"CSI - Canadian Stone Industries FR","description":"","potentialAction":[{"@type":"SearchAction","target":{"@type":"EntryPoint","urlTemplate":"https:\/\/www.allthingsstone.com\/ca-fr\/?s={search_term_string}"},"query-input":"required name=search_term_string"}],"inLanguage":"en-CA"}]}},"_links":{"self":[{"href":"https:\/\/www.allthingsstone.com\/ca-fr\/wp-json\/wp\/v2\/product\/20626","targetHints":{"allow":["GET"]}}],"collection":[{"href":"https:\/\/www.allthingsstone.com\/ca-fr\/wp-json\/wp\/v2\/product"}],"about":[{"href":"https:\/\/www.allthingsstone.com\/ca-fr\/wp-json\/wp\/v2\/types\/product"}],"replies":[{"embeddable":true,"href":"https:\/\/www.allthingsstone.com\/ca-fr\/wp-json\/wp\/v2\/comments?post=20626"}],"wp:featuredmedia":[{"embeddable":true,"href":"https:\/\/www.allthingsstone.com\/ca-fr\/wp-json\/wp\/v2\/media\/20627"}],"wp:attachment":[{"href":"https:\/\/www.allthingsstone.com\/ca-fr\/wp-json\/wp\/v2\/media?parent=20626"}],"wp:term":[{"taxonomy":"product_cat","embeddable":true,"href":"https:\/\/www.allthingsstone.com\/ca-fr\/wp-json\/wp\/v2\/product_cat?post=20626"},{"taxonomy":"product_tag","embeddable":true,"href":"https:\/\/www.allthingsstone.com\/ca-fr\/wp-json\/wp\/v2\/product_tag?post=20626"}],"curies":[{"name":"wp","href":"https:\/\/api.w.org\/{rel}","templated":true}]}}