{"id":20177,"date":"2024-10-10T16:57:55","date_gmt":"2024-10-10T20:57:55","guid":{"rendered":"https:\/\/www.allthingsstone.com\/ca-fr\/?post_type=product&#038;p=20177"},"modified":"2025-03-26T14:55:49","modified_gmt":"2025-03-26T18:55:49","slug":"handformed-brick-dutch-quality","status":"publish","type":"product","link":"https:\/\/www.allthingsstone.com\/ca-fr\/product\/handformed-brick-dutch-quality\/","title":{"rendered":"Handformed Brick Dutch Quality"},"content":{"rendered":"<div id=\"pl-20177\"  class=\"panel-layout\" ><div id=\"pg-20177-0\"  class=\"panel-grid panel-no-style\" ><div id=\"pgc-20177-0-0\"  class=\"panel-grid-cell\" ><div id=\"panel-20177-0-0-0\" class=\"so-panel widget widget_sow-editor panel-first-child\" data-index=\"0\" ><div\n\t\t\t\n\t\t\tclass=\"so-widget-sow-editor so-widget-sow-editor-base\"\n\t\t\t\n\t\t>\n<div class=\"siteorigin-widget-tinymce textwidget\">\n\t<p>Handformed Brick\u2122 de Dutch Quality Stone\u00ae est une brique unique qui red\u00e9finit le charme rustique avec son design magnifiquement roul\u00e9 et son attrait artisanal. Chaque brique est soigneusement moul\u00e9e pour mettre en valeur des textures riches et des variations dynamiques, offrant une touche fra\u00eeche et artisanale qui transformera n'importe quel espace, \u00e0 l'int\u00e9rieur comme \u00e0 l'ext\u00e9rieur. Que vous souhaitiez am\u00e9liorer un int\u00e9rieur confortable ou concevoir un ext\u00e9rieur \u00e9l\u00e9gant, Handformed Brick\u2122 apporte une touche intemporelle et contemporaine \u00e0 n'importe quel espace.<\/p>\n<\/div>\n<\/div><\/div><div id=\"panel-20177-0-0-1\" class=\"so-panel widget widget_sow-editor panel-last-child\" data-index=\"1\" ><div\n\t\t\t\n\t\t\tclass=\"so-widget-sow-editor so-widget-sow-editor-base\"\n\t\t\t\n\t\t>\n<div class=\"siteorigin-widget-tinymce textwidget\">\n\t<p>Pour trouver un d\u00e9taillant Dutch Quality dans votre r\u00e9gion, cliquez sur\u00a0<a href=\"https:\/\/www.allthingsstone.com\/ca-fr\/ou-acheter\/\"><strong>O\u00f9 acheter<\/strong><\/a>.<\/p>\n<\/div>\n<\/div><\/div><\/div><\/div><\/div>","protected":false},"excerpt":{"rendered":"<p>Handformed Brick\u2122 de Dutch Quality Stone\u00ae est une brique unique qui red\u00e9finit le charme rustique avec son design magnifiquement roul\u00e9 et son attrait artisanal. Chaque &hellip; <a href=\"https:\/\/www.allthingsstone.com\/ca-fr\/product\/handformed-brick-dutch-quality\/\">Continued<\/a><\/p>\n","protected":false},"featured_media":20174,"comment_status":"closed","ping_status":"closed","template":"","meta":{"inline_featured_image":false,"_mi_skip_tracking":false,"_exactmetrics_sitenote_active":false,"_exactmetrics_sitenote_note":"","_exactmetrics_sitenote_category":0},"product_cat":[6536,6537],"product_tag":[8939],"class_list":["post-20177","product","type-product","status-publish","has-post-thumbnail","hentry","product_cat-placage-de-brique","product_cat-placage-de-pierre-usinee","product_tag-dutch-quality-textures","brands-dutch-quality","single_resource-dutch-quality"],"acf":[],"yoast_head":"<!-- This site is optimized with the Yoast SEO Premium plugin v21.6 (Yoast SEO v21.6) - https:\/\/yoast.com\/wordpress\/plugins\/seo\/ -->\n<title>Handformed Brick\u2122 de Dutch Quality Stone\u00ae | CSI CA-FR<\/title>\n<meta name=\"description\" content=\"Handformed Brick\u2122 de Dutch Quality est une brique unique qui red\u00e9finit le charme rustique avec son design magnifiquement roul\u00e9 et son attrait artisanal.\" \/>\n<meta name=\"robots\" content=\"index, follow, max-snippet:-1, max-image-preview:large, max-video-preview:-1\" \/>\n<link rel=\"canonical\" href=\"https:\/\/www.allthingsstone.com\/ca-fr\/product\/handformed-brick-dutch-quality\/\" \/>\n<meta property=\"og:locale\" content=\"en_US\" \/>\n<meta property=\"og:type\" content=\"article\" \/>\n<meta property=\"og:title\" content=\"Handformed Brick Dutch Quality\" \/>\n<meta property=\"og:description\" content=\"Handformed Brick\u2122 de Dutch Quality est une brique unique qui red\u00e9finit le charme rustique avec son design magnifiquement roul\u00e9 et son attrait artisanal.\" \/>\n<meta property=\"og:url\" content=\"https:\/\/www.allthingsstone.com\/ca-fr\/product\/handformed-brick-dutch-quality\/\" \/>\n<meta property=\"og:site_name\" content=\"CSI - Canadian Stone Industries FR\" \/>\n<meta property=\"article:modified_time\" content=\"2025-03-26T18:55:49+00:00\" \/>\n<meta property=\"og:image\" content=\"https:\/\/www.allthingsstone.com\/ca-fr\/wp-content\/uploads\/sites\/12\/2020\/11\/Dutch-Quality-Stone-Handformed-Brick\u2122-1.jpg\" \/>\n\t<meta property=\"og:image:width\" content=\"574\" \/>\n\t<meta property=\"og:image:height\" content=\"424\" \/>\n\t<meta property=\"og:image:type\" content=\"image\/jpeg\" \/>\n<meta name=\"twitter:card\" content=\"summary_large_image\" \/>\n<meta name=\"twitter:label1\" content=\"Est. reading time\" \/>\n\t<meta name=\"twitter:data1\" content=\"1 minute\" \/>\n<script type=\"application\/ld+json\" class=\"yoast-schema-graph\">{\"@context\":\"https:\/\/schema.org\",\"@graph\":[{\"@type\":\"WebPage\",\"@id\":\"https:\/\/www.allthingsstone.com\/ca-fr\/product\/handformed-brick-dutch-quality\/\",\"url\":\"https:\/\/www.allthingsstone.com\/ca-fr\/product\/handformed-brick-dutch-quality\/\",\"name\":\"Handformed Brick\u2122 de Dutch Quality Stone\u00ae | CSI CA-FR\",\"isPartOf\":{\"@id\":\"https:\/\/www.allthingsstone.com\/ca-fr\/#website\"},\"datePublished\":\"2024-10-10T20:57:55+00:00\",\"dateModified\":\"2025-03-26T18:55:49+00:00\",\"description\":\"Handformed Brick\u2122 de Dutch Quality est une brique unique qui red\u00e9finit le charme rustique avec son design magnifiquement roul\u00e9 et son attrait artisanal.\",\"breadcrumb\":{\"@id\":\"https:\/\/www.allthingsstone.com\/ca-fr\/product\/handformed-brick-dutch-quality\/#breadcrumb\"},\"inLanguage\":\"en-CA\",\"potentialAction\":[{\"@type\":\"ReadAction\",\"target\":[\"https:\/\/www.allthingsstone.com\/ca-fr\/product\/handformed-brick-dutch-quality\/\"]}]},{\"@type\":\"BreadcrumbList\",\"@id\":\"https:\/\/www.allthingsstone.com\/ca-fr\/product\/handformed-brick-dutch-quality\/#breadcrumb\",\"itemListElement\":[{\"@type\":\"ListItem\",\"position\":1,\"name\":\"Home\",\"item\":\"https:\/\/www.allthingsstone.com\/ca-fr\/\"},{\"@type\":\"ListItem\",\"position\":2,\"name\":\"Handformed Brick Dutch Quality\"}]},{\"@type\":\"WebSite\",\"@id\":\"https:\/\/www.allthingsstone.com\/ca-fr\/#website\",\"url\":\"https:\/\/www.allthingsstone.com\/ca-fr\/\",\"name\":\"CSI - Canadian Stone Industries FR\",\"description\":\"\",\"potentialAction\":[{\"@type\":\"SearchAction\",\"target\":{\"@type\":\"EntryPoint\",\"urlTemplate\":\"https:\/\/www.allthingsstone.com\/ca-fr\/?s={search_term_string}\"},\"query-input\":\"required name=search_term_string\"}],\"inLanguage\":\"en-CA\"}]}<\/script>\n<!-- \/ Yoast SEO Premium plugin. -->","yoast_head_json":{"title":"Handformed Brick\u2122 de Dutch Quality Stone\u00ae | CSI CA-FR","description":"Handformed Brick\u2122 de Dutch Quality est une brique unique qui red\u00e9finit le charme rustique avec son design magnifiquement roul\u00e9 et son attrait artisanal.","robots":{"index":"index","follow":"follow","max-snippet":"max-snippet:-1","max-image-preview":"max-image-preview:large","max-video-preview":"max-video-preview:-1"},"canonical":"https:\/\/www.allthingsstone.com\/ca-fr\/product\/handformed-brick-dutch-quality\/","og_locale":"en_US","og_type":"article","og_title":"Handformed Brick Dutch Quality","og_description":"Handformed Brick\u2122 de Dutch Quality est une brique unique qui red\u00e9finit le charme rustique avec son design magnifiquement roul\u00e9 et son attrait artisanal.","og_url":"https:\/\/www.allthingsstone.com\/ca-fr\/product\/handformed-brick-dutch-quality\/","og_site_name":"CSI - Canadian Stone Industries FR","article_modified_time":"2025-03-26T18:55:49+00:00","og_image":[{"width":574,"height":424,"url":"https:\/\/www.allthingsstone.com\/ca-fr\/wp-content\/uploads\/sites\/12\/2020\/11\/Dutch-Quality-Stone-Handformed-Brick\u2122-1.jpg","type":"image\/jpeg"}],"twitter_card":"summary_large_image","twitter_misc":{"Est. reading time":"1 minute"},"schema":{"@context":"https:\/\/schema.org","@graph":[{"@type":"WebPage","@id":"https:\/\/www.allthingsstone.com\/ca-fr\/product\/handformed-brick-dutch-quality\/","url":"https:\/\/www.allthingsstone.com\/ca-fr\/product\/handformed-brick-dutch-quality\/","name":"Handformed Brick\u2122 de Dutch Quality Stone\u00ae | CSI CA-FR","isPartOf":{"@id":"https:\/\/www.allthingsstone.com\/ca-fr\/#website"},"datePublished":"2024-10-10T20:57:55+00:00","dateModified":"2025-03-26T18:55:49+00:00","description":"Handformed Brick\u2122 de Dutch Quality est une brique unique qui red\u00e9finit le charme rustique avec son design magnifiquement roul\u00e9 et son attrait artisanal.","breadcrumb":{"@id":"https:\/\/www.allthingsstone.com\/ca-fr\/product\/handformed-brick-dutch-quality\/#breadcrumb"},"inLanguage":"en-CA","potentialAction":[{"@type":"ReadAction","target":["https:\/\/www.allthingsstone.com\/ca-fr\/product\/handformed-brick-dutch-quality\/"]}]},{"@type":"BreadcrumbList","@id":"https:\/\/www.allthingsstone.com\/ca-fr\/product\/handformed-brick-dutch-quality\/#breadcrumb","itemListElement":[{"@type":"ListItem","position":1,"name":"Home","item":"https:\/\/www.allthingsstone.com\/ca-fr\/"},{"@type":"ListItem","position":2,"name":"Handformed Brick Dutch Quality"}]},{"@type":"WebSite","@id":"https:\/\/www.allthingsstone.com\/ca-fr\/#website","url":"https:\/\/www.allthingsstone.com\/ca-fr\/","name":"CSI - Canadian Stone Industries FR","description":"","potentialAction":[{"@type":"SearchAction","target":{"@type":"EntryPoint","urlTemplate":"https:\/\/www.allthingsstone.com\/ca-fr\/?s={search_term_string}"},"query-input":"required name=search_term_string"}],"inLanguage":"en-CA"}]}},"_links":{"self":[{"href":"https:\/\/www.allthingsstone.com\/ca-fr\/wp-json\/wp\/v2\/product\/20177","targetHints":{"allow":["GET"]}}],"collection":[{"href":"https:\/\/www.allthingsstone.com\/ca-fr\/wp-json\/wp\/v2\/product"}],"about":[{"href":"https:\/\/www.allthingsstone.com\/ca-fr\/wp-json\/wp\/v2\/types\/product"}],"replies":[{"embeddable":true,"href":"https:\/\/www.allthingsstone.com\/ca-fr\/wp-json\/wp\/v2\/comments?post=20177"}],"wp:featuredmedia":[{"embeddable":true,"href":"https:\/\/www.allthingsstone.com\/ca-fr\/wp-json\/wp\/v2\/media\/20174"}],"wp:attachment":[{"href":"https:\/\/www.allthingsstone.com\/ca-fr\/wp-json\/wp\/v2\/media?parent=20177"}],"wp:term":[{"taxonomy":"product_cat","embeddable":true,"href":"https:\/\/www.allthingsstone.com\/ca-fr\/wp-json\/wp\/v2\/product_cat?post=20177"},{"taxonomy":"product_tag","embeddable":true,"href":"https:\/\/www.allthingsstone.com\/ca-fr\/wp-json\/wp\/v2\/product_tag?post=20177"}],"curies":[{"name":"wp","href":"https:\/\/api.w.org\/{rel}","templated":true}]}}