{"id":20030,"date":"2024-07-26T13:35:05","date_gmt":"2024-07-26T17:35:05","guid":{"rendered":"https:\/\/www.allthingsstone.com\/ca-fr\/?post_type=product&#038;p=20030"},"modified":"2024-07-31T17:55:13","modified_gmt":"2024-07-31T21:55:13","slug":"capuchon-de-pilier-versetta-stone","status":"publish","type":"product","link":"https:\/\/www.allthingsstone.com\/ca-fr\/product\/capuchon-de-pilier-versetta-stone\/","title":{"rendered":"8 Capuchon de pilier Versetta Stone"},"content":{"rendered":"<p>Les capuchons de pilier de Versetta Stone\u00ae offrent la protection ultime tout en offrant une belle apparence finie \u00e0 tout projet de pilier et de colonne. Disponibles en trois superbes couleurs \u2013 Charcoal, Taupe et Stone Grey \u2013 ces capuchons durables et \u00e9l\u00e9gants ajoutent une touche d&#8217;\u00e9l\u00e9gance \u00e0 n&#8217;importe quel projet. Fabriqu\u00e9s avec le m\u00eame mat\u00e9riau de haute qualit\u00e9 que les c\u00e9l\u00e8bres panneaux de pierre, les capuchons de pilier sont l&#8217;accessoire de finition parfait pour <a href=\"https:\/\/www.allthingsstone.com\/ca-fr\/brands\/versetta-stone\/\" target=\"_blank\" rel=\"noopener\">tout profil Versetta Stone\u00ae<\/a> et ont \u00e9t\u00e9 con\u00e7us pour compl\u00e9ter magnifiquement toutes les couleurs. Cr\u00e9ez un look coh\u00e9rent avec votre ext\u00e9rieur Versetta Stone\u00ae et am\u00e9liorez l\u2019attrait ext\u00e9rieur de votre maison.<\/p>\n<p>Pour trouver un d\u00e9taillant\u00a0bo\u00eete de prise de courant de Versetta Stone<sup>\u00ae<\/sup>\u00a0dans votre r\u00e9gion cliquez sur<strong>\u00a0<a href=\"https:\/\/www.allthingsstone.com\/ca-fr\/ou-acheter\/\">O\u00f9 acheter<\/a><\/strong>.<\/p>\n","protected":false},"excerpt":{"rendered":"<p>Les capuchons de pilier de Versetta Stone\u00ae offrent la protection ultime tout en offrant une belle apparence finie \u00e0 tout projet de pilier et de &hellip; <a href=\"https:\/\/www.allthingsstone.com\/ca-fr\/product\/capuchon-de-pilier-versetta-stone\/\">Continued<\/a><\/p>\n","protected":false},"featured_media":20031,"comment_status":"closed","ping_status":"closed","template":"","meta":{"inline_featured_image":false,"_mi_skip_tracking":false,"_exactmetrics_sitenote_active":false,"_exactmetrics_sitenote_note":"","_exactmetrics_sitenote_category":0},"product_cat":[6535],"product_tag":[6569],"class_list":["post-20030","product","type-product","status-publish","has-post-thumbnail","hentry","product_cat-revetement-de-pierre","product_tag-versetta-stone-system-components","brands-versetta-stone","single_resource-versetta-stone-resources"],"acf":[],"yoast_head":"<!-- This site is optimized with the Yoast SEO Premium plugin v21.6 (Yoast SEO v21.6) - https:\/\/yoast.com\/wordpress\/plugins\/seo\/ -->\n<title>Capuchon de pilier Versetta Stone | CSI CA-FR<\/title>\n<meta name=\"description\" content=\"D\u00e9couvrez la touche finale parfaite pour votre espace ext\u00e9rieur avec les capuchons de pilier Versetta Stone\u00ae. Disponibles en trois superbes couleurs!\" \/>\n<meta name=\"robots\" content=\"index, follow, max-snippet:-1, max-image-preview:large, max-video-preview:-1\" \/>\n<link rel=\"canonical\" href=\"https:\/\/www.allthingsstone.com\/ca-fr\/product\/capuchon-de-pilier-versetta-stone\/\" \/>\n<meta property=\"og:locale\" content=\"en_US\" \/>\n<meta property=\"og:type\" content=\"article\" \/>\n<meta property=\"og:title\" content=\"8 Capuchon de pilier Versetta Stone\" \/>\n<meta property=\"og:description\" content=\"D\u00e9couvrez la touche finale parfaite pour votre espace ext\u00e9rieur avec les capuchons de pilier Versetta Stone\u00ae. Disponibles en trois superbes couleurs!\" \/>\n<meta property=\"og:url\" content=\"https:\/\/www.allthingsstone.com\/ca-fr\/product\/capuchon-de-pilier-versetta-stone\/\" \/>\n<meta property=\"og:site_name\" content=\"CSI - Canadian Stone Industries FR\" \/>\n<meta property=\"article:modified_time\" content=\"2024-07-31T21:55:13+00:00\" \/>\n<meta property=\"og:image\" content=\"https:\/\/www.allthingsstone.com\/ca-fr\/wp-content\/uploads\/sites\/12\/2024\/07\/Versetta-Stone-Pier-Cap.png\" \/>\n\t<meta property=\"og:image:width\" content=\"459\" \/>\n\t<meta property=\"og:image:height\" content=\"339\" \/>\n\t<meta property=\"og:image:type\" content=\"image\/png\" \/>\n<meta name=\"twitter:card\" content=\"summary_large_image\" \/>\n<meta name=\"twitter:label1\" content=\"Est. reading time\" \/>\n\t<meta name=\"twitter:data1\" content=\"1 minute\" \/>\n<script type=\"application\/ld+json\" class=\"yoast-schema-graph\">{\"@context\":\"https:\/\/schema.org\",\"@graph\":[{\"@type\":\"WebPage\",\"@id\":\"https:\/\/www.allthingsstone.com\/ca-fr\/product\/capuchon-de-pilier-versetta-stone\/\",\"url\":\"https:\/\/www.allthingsstone.com\/ca-fr\/product\/capuchon-de-pilier-versetta-stone\/\",\"name\":\"Capuchon de pilier Versetta Stone | CSI CA-FR\",\"isPartOf\":{\"@id\":\"https:\/\/www.allthingsstone.com\/ca-fr\/#website\"},\"datePublished\":\"2024-07-26T17:35:05+00:00\",\"dateModified\":\"2024-07-31T21:55:13+00:00\",\"description\":\"D\u00e9couvrez la touche finale parfaite pour votre espace ext\u00e9rieur avec les capuchons de pilier Versetta Stone\u00ae. Disponibles en trois superbes couleurs!\",\"breadcrumb\":{\"@id\":\"https:\/\/www.allthingsstone.com\/ca-fr\/product\/capuchon-de-pilier-versetta-stone\/#breadcrumb\"},\"inLanguage\":\"en-CA\",\"potentialAction\":[{\"@type\":\"ReadAction\",\"target\":[\"https:\/\/www.allthingsstone.com\/ca-fr\/product\/capuchon-de-pilier-versetta-stone\/\"]}]},{\"@type\":\"BreadcrumbList\",\"@id\":\"https:\/\/www.allthingsstone.com\/ca-fr\/product\/capuchon-de-pilier-versetta-stone\/#breadcrumb\",\"itemListElement\":[{\"@type\":\"ListItem\",\"position\":1,\"name\":\"Home\",\"item\":\"https:\/\/www.allthingsstone.com\/ca-fr\/\"},{\"@type\":\"ListItem\",\"position\":2,\"name\":\"8 Capuchon de pilier Versetta Stone\"}]},{\"@type\":\"WebSite\",\"@id\":\"https:\/\/www.allthingsstone.com\/ca-fr\/#website\",\"url\":\"https:\/\/www.allthingsstone.com\/ca-fr\/\",\"name\":\"CSI - Canadian Stone Industries FR\",\"description\":\"\",\"potentialAction\":[{\"@type\":\"SearchAction\",\"target\":{\"@type\":\"EntryPoint\",\"urlTemplate\":\"https:\/\/www.allthingsstone.com\/ca-fr\/?s={search_term_string}\"},\"query-input\":\"required name=search_term_string\"}],\"inLanguage\":\"en-CA\"}]}<\/script>\n<!-- \/ Yoast SEO Premium plugin. -->","yoast_head_json":{"title":"Capuchon de pilier Versetta Stone | CSI CA-FR","description":"D\u00e9couvrez la touche finale parfaite pour votre espace ext\u00e9rieur avec les capuchons de pilier Versetta Stone\u00ae. Disponibles en trois superbes couleurs!","robots":{"index":"index","follow":"follow","max-snippet":"max-snippet:-1","max-image-preview":"max-image-preview:large","max-video-preview":"max-video-preview:-1"},"canonical":"https:\/\/www.allthingsstone.com\/ca-fr\/product\/capuchon-de-pilier-versetta-stone\/","og_locale":"en_US","og_type":"article","og_title":"8 Capuchon de pilier Versetta Stone","og_description":"D\u00e9couvrez la touche finale parfaite pour votre espace ext\u00e9rieur avec les capuchons de pilier Versetta Stone\u00ae. Disponibles en trois superbes couleurs!","og_url":"https:\/\/www.allthingsstone.com\/ca-fr\/product\/capuchon-de-pilier-versetta-stone\/","og_site_name":"CSI - Canadian Stone Industries FR","article_modified_time":"2024-07-31T21:55:13+00:00","og_image":[{"width":459,"height":339,"url":"https:\/\/www.allthingsstone.com\/ca-fr\/wp-content\/uploads\/sites\/12\/2024\/07\/Versetta-Stone-Pier-Cap.png","type":"image\/png"}],"twitter_card":"summary_large_image","twitter_misc":{"Est. reading time":"1 minute"},"schema":{"@context":"https:\/\/schema.org","@graph":[{"@type":"WebPage","@id":"https:\/\/www.allthingsstone.com\/ca-fr\/product\/capuchon-de-pilier-versetta-stone\/","url":"https:\/\/www.allthingsstone.com\/ca-fr\/product\/capuchon-de-pilier-versetta-stone\/","name":"Capuchon de pilier Versetta Stone | CSI CA-FR","isPartOf":{"@id":"https:\/\/www.allthingsstone.com\/ca-fr\/#website"},"datePublished":"2024-07-26T17:35:05+00:00","dateModified":"2024-07-31T21:55:13+00:00","description":"D\u00e9couvrez la touche finale parfaite pour votre espace ext\u00e9rieur avec les capuchons de pilier Versetta Stone\u00ae. Disponibles en trois superbes couleurs!","breadcrumb":{"@id":"https:\/\/www.allthingsstone.com\/ca-fr\/product\/capuchon-de-pilier-versetta-stone\/#breadcrumb"},"inLanguage":"en-CA","potentialAction":[{"@type":"ReadAction","target":["https:\/\/www.allthingsstone.com\/ca-fr\/product\/capuchon-de-pilier-versetta-stone\/"]}]},{"@type":"BreadcrumbList","@id":"https:\/\/www.allthingsstone.com\/ca-fr\/product\/capuchon-de-pilier-versetta-stone\/#breadcrumb","itemListElement":[{"@type":"ListItem","position":1,"name":"Home","item":"https:\/\/www.allthingsstone.com\/ca-fr\/"},{"@type":"ListItem","position":2,"name":"8 Capuchon de pilier Versetta Stone"}]},{"@type":"WebSite","@id":"https:\/\/www.allthingsstone.com\/ca-fr\/#website","url":"https:\/\/www.allthingsstone.com\/ca-fr\/","name":"CSI - Canadian Stone Industries FR","description":"","potentialAction":[{"@type":"SearchAction","target":{"@type":"EntryPoint","urlTemplate":"https:\/\/www.allthingsstone.com\/ca-fr\/?s={search_term_string}"},"query-input":"required name=search_term_string"}],"inLanguage":"en-CA"}]}},"_links":{"self":[{"href":"https:\/\/www.allthingsstone.com\/ca-fr\/wp-json\/wp\/v2\/product\/20030","targetHints":{"allow":["GET"]}}],"collection":[{"href":"https:\/\/www.allthingsstone.com\/ca-fr\/wp-json\/wp\/v2\/product"}],"about":[{"href":"https:\/\/www.allthingsstone.com\/ca-fr\/wp-json\/wp\/v2\/types\/product"}],"replies":[{"embeddable":true,"href":"https:\/\/www.allthingsstone.com\/ca-fr\/wp-json\/wp\/v2\/comments?post=20030"}],"wp:featuredmedia":[{"embeddable":true,"href":"https:\/\/www.allthingsstone.com\/ca-fr\/wp-json\/wp\/v2\/media\/20031"}],"wp:attachment":[{"href":"https:\/\/www.allthingsstone.com\/ca-fr\/wp-json\/wp\/v2\/media?parent=20030"}],"wp:term":[{"taxonomy":"product_cat","embeddable":true,"href":"https:\/\/www.allthingsstone.com\/ca-fr\/wp-json\/wp\/v2\/product_cat?post=20030"},{"taxonomy":"product_tag","embeddable":true,"href":"https:\/\/www.allthingsstone.com\/ca-fr\/wp-json\/wp\/v2\/product_tag?post=20030"}],"curies":[{"name":"wp","href":"https:\/\/api.w.org\/{rel}","templated":true}]}}