{"id":19588,"date":"2024-04-19T18:07:15","date_gmt":"2024-04-19T22:07:15","guid":{"rendered":"https:\/\/www.allthingsstone.com\/ca-fr\/?post_type=product&#038;p=19588"},"modified":"2025-02-19T14:30:08","modified_gmt":"2025-02-19T19:30:08","slug":"terrain-formfit-ledgestone-pangaea-natural-stone","status":"publish","type":"product","link":"https:\/\/www.allthingsstone.com\/ca-fr\/product\/terrain-ledgestone-formfit-pangaea-natural-stone\/","title":{"rendered":"Terrain Ledgestone Formfit &#8211; Pangaea Natural Stone"},"content":{"rendered":"<div id=\"pl-19588\"  class=\"panel-layout\" ><div id=\"pg-19588-0\"  class=\"panel-grid panel-no-style\" ><div id=\"pgc-19588-0-0\"  class=\"panel-grid-cell\" ><div id=\"panel-19588-0-0-0\" class=\"so-panel widget widget_sow-editor panel-first-child\" data-index=\"0\" ><div\n\t\t\t\n\t\t\tclass=\"so-widget-sow-editor so-widget-sow-editor-base\"\n\t\t\t\n\t\t>\n<div class=\"siteorigin-widget-tinymce textwidget\">\n\t<p>Adoptez les lignes \u00e9pur\u00e9es et les principes de conception minimalistes qui accompagnent notre Terrain Ledgestone Formfit de Pangaea\u00ae Natural Stone. Offrant une vari\u00e9t\u00e9 de textures organiques, Terrain Ledgestone Formfit est un excellent moyen d'ajouter de l'int\u00e9r\u00eat et de la dimension \u00e0 votre espace.<\/p>\n<\/div>\n<\/div><\/div><div id=\"panel-19588-0-0-1\" class=\"so-panel widget widget_sow-editor panel-last-child\" data-index=\"1\" ><div\n\t\t\t\n\t\t\tclass=\"so-widget-sow-editor so-widget-sow-editor-base\"\n\t\t\t\n\t\t>\n<div class=\"siteorigin-widget-tinymce textwidget\">\n\t<p>Pour trouver un d\u00e9taillant Pangaea<sup>\u00ae<\/sup>\u00a0Natural Stone dans votre r\u00e9gion cliquez sur\u00a0<strong><a href=\"https:\/\/www.allthingsstone.com\/ca-fr\/ou-acheter\/\">O\u00f9 acheter<\/a><\/strong>.<\/p>\n<\/div>\n<\/div><\/div><\/div><\/div><\/div>","protected":false},"excerpt":{"rendered":"<h5><strong>D\u00e9lai d\u2019approvisionnement:<\/strong><\/h5>\n<ul>\n<li><em>Stock\u00e9<\/em>\u00a0\u2013 Nous maintenons un inventaire de ces produits.\n<ul>\n<li><em>Non en stock<\/em>\u00a0\u2013 Varie selon le fabricant et les d\u00e9lais de transport.<\/li>\n<\/ul>\n<\/li>\n<\/ul>\n","protected":false},"featured_media":19590,"comment_status":"closed","ping_status":"closed","template":"","meta":{"inline_featured_image":false,"_mi_skip_tracking":false,"_exactmetrics_sitenote_active":false,"_exactmetrics_sitenote_note":"","_exactmetrics_sitenote_category":0},"product_cat":[6533],"product_tag":[6571],"class_list":["post-19588","product","type-product","status-publish","has-post-thumbnail","hentry","product_cat-placage-de-pierre-naturelle","product_tag-pangaea-natural-stone-veneer-textures"],"acf":[],"yoast_head":"<!-- This site is optimized with the Yoast SEO Premium plugin v21.6 (Yoast SEO v21.6) - https:\/\/yoast.com\/wordpress\/plugins\/seo\/ -->\n<title>Terrain Ledgestone Formfit Pangaea\u00ae Natural Stone | CSI CA-FR<\/title>\n<meta name=\"description\" content=\"Adoptez les lignes \u00e9pur\u00e9es et les principes de conception minimalistes qui accompagnent notre Terrain Formfit Ledgestone.\" \/>\n<meta name=\"robots\" content=\"index, follow, max-snippet:-1, max-image-preview:large, max-video-preview:-1\" \/>\n<link rel=\"canonical\" href=\"https:\/\/www.allthingsstone.com\/ca-fr\/product\/terrain-ledgestone-formfit-pangaea-natural-stone\/\" \/>\n<meta property=\"og:locale\" content=\"en_US\" \/>\n<meta property=\"og:type\" content=\"article\" \/>\n<meta property=\"og:title\" content=\"Terrain Ledgestone Formfit - Pangaea Natural Stone\" \/>\n<meta property=\"og:description\" content=\"Adoptez les lignes \u00e9pur\u00e9es et les principes de conception minimalistes qui accompagnent notre Terrain Formfit Ledgestone.\" \/>\n<meta property=\"og:url\" content=\"https:\/\/www.allthingsstone.com\/ca-fr\/product\/terrain-ledgestone-formfit-pangaea-natural-stone\/\" \/>\n<meta property=\"og:site_name\" content=\"CSI - Canadian Stone Industries FR\" \/>\n<meta property=\"article:modified_time\" content=\"2025-02-19T19:30:08+00:00\" \/>\n<meta property=\"og:image\" content=\"https:\/\/www.allthingsstone.com\/ca-fr\/wp-content\/uploads\/sites\/12\/2024\/04\/PANGAE3.png\" \/>\n\t<meta property=\"og:image:width\" content=\"459\" \/>\n\t<meta property=\"og:image:height\" content=\"339\" \/>\n\t<meta property=\"og:image:type\" content=\"image\/png\" \/>\n<meta name=\"twitter:card\" content=\"summary_large_image\" \/>\n<meta name=\"twitter:label1\" content=\"Est. reading time\" \/>\n\t<meta name=\"twitter:data1\" content=\"1 minute\" \/>\n<script type=\"application\/ld+json\" class=\"yoast-schema-graph\">{\"@context\":\"https:\/\/schema.org\",\"@graph\":[{\"@type\":\"WebPage\",\"@id\":\"https:\/\/www.allthingsstone.com\/ca-fr\/product\/terrain-ledgestone-formfit-pangaea-natural-stone\/\",\"url\":\"https:\/\/www.allthingsstone.com\/ca-fr\/product\/terrain-ledgestone-formfit-pangaea-natural-stone\/\",\"name\":\"Terrain Ledgestone Formfit Pangaea\u00ae Natural Stone | CSI CA-FR\",\"isPartOf\":{\"@id\":\"https:\/\/www.allthingsstone.com\/ca-fr\/#website\"},\"datePublished\":\"2024-04-19T22:07:15+00:00\",\"dateModified\":\"2025-02-19T19:30:08+00:00\",\"description\":\"Adoptez les lignes \u00e9pur\u00e9es et les principes de conception minimalistes qui accompagnent notre Terrain Formfit Ledgestone.\",\"breadcrumb\":{\"@id\":\"https:\/\/www.allthingsstone.com\/ca-fr\/product\/terrain-ledgestone-formfit-pangaea-natural-stone\/#breadcrumb\"},\"inLanguage\":\"en-CA\",\"potentialAction\":[{\"@type\":\"ReadAction\",\"target\":[\"https:\/\/www.allthingsstone.com\/ca-fr\/product\/terrain-ledgestone-formfit-pangaea-natural-stone\/\"]}]},{\"@type\":\"BreadcrumbList\",\"@id\":\"https:\/\/www.allthingsstone.com\/ca-fr\/product\/terrain-ledgestone-formfit-pangaea-natural-stone\/#breadcrumb\",\"itemListElement\":[{\"@type\":\"ListItem\",\"position\":1,\"name\":\"Home\",\"item\":\"https:\/\/www.allthingsstone.com\/ca-fr\/\"},{\"@type\":\"ListItem\",\"position\":2,\"name\":\"Terrain Ledgestone Formfit &#8211; Pangaea Natural Stone\"}]},{\"@type\":\"WebSite\",\"@id\":\"https:\/\/www.allthingsstone.com\/ca-fr\/#website\",\"url\":\"https:\/\/www.allthingsstone.com\/ca-fr\/\",\"name\":\"CSI - Canadian Stone Industries FR\",\"description\":\"\",\"potentialAction\":[{\"@type\":\"SearchAction\",\"target\":{\"@type\":\"EntryPoint\",\"urlTemplate\":\"https:\/\/www.allthingsstone.com\/ca-fr\/?s={search_term_string}\"},\"query-input\":\"required name=search_term_string\"}],\"inLanguage\":\"en-CA\"}]}<\/script>\n<!-- \/ Yoast SEO Premium plugin. -->","yoast_head_json":{"title":"Terrain Ledgestone Formfit Pangaea\u00ae Natural Stone | CSI CA-FR","description":"Adoptez les lignes \u00e9pur\u00e9es et les principes de conception minimalistes qui accompagnent notre Terrain Formfit Ledgestone.","robots":{"index":"index","follow":"follow","max-snippet":"max-snippet:-1","max-image-preview":"max-image-preview:large","max-video-preview":"max-video-preview:-1"},"canonical":"https:\/\/www.allthingsstone.com\/ca-fr\/product\/terrain-ledgestone-formfit-pangaea-natural-stone\/","og_locale":"en_US","og_type":"article","og_title":"Terrain Ledgestone Formfit - Pangaea Natural Stone","og_description":"Adoptez les lignes \u00e9pur\u00e9es et les principes de conception minimalistes qui accompagnent notre Terrain Formfit Ledgestone.","og_url":"https:\/\/www.allthingsstone.com\/ca-fr\/product\/terrain-ledgestone-formfit-pangaea-natural-stone\/","og_site_name":"CSI - Canadian Stone Industries FR","article_modified_time":"2025-02-19T19:30:08+00:00","og_image":[{"width":459,"height":339,"url":"https:\/\/www.allthingsstone.com\/ca-fr\/wp-content\/uploads\/sites\/12\/2024\/04\/PANGAE3.png","type":"image\/png"}],"twitter_card":"summary_large_image","twitter_misc":{"Est. reading time":"1 minute"},"schema":{"@context":"https:\/\/schema.org","@graph":[{"@type":"WebPage","@id":"https:\/\/www.allthingsstone.com\/ca-fr\/product\/terrain-ledgestone-formfit-pangaea-natural-stone\/","url":"https:\/\/www.allthingsstone.com\/ca-fr\/product\/terrain-ledgestone-formfit-pangaea-natural-stone\/","name":"Terrain Ledgestone Formfit Pangaea\u00ae Natural Stone | CSI CA-FR","isPartOf":{"@id":"https:\/\/www.allthingsstone.com\/ca-fr\/#website"},"datePublished":"2024-04-19T22:07:15+00:00","dateModified":"2025-02-19T19:30:08+00:00","description":"Adoptez les lignes \u00e9pur\u00e9es et les principes de conception minimalistes qui accompagnent notre Terrain Formfit Ledgestone.","breadcrumb":{"@id":"https:\/\/www.allthingsstone.com\/ca-fr\/product\/terrain-ledgestone-formfit-pangaea-natural-stone\/#breadcrumb"},"inLanguage":"en-CA","potentialAction":[{"@type":"ReadAction","target":["https:\/\/www.allthingsstone.com\/ca-fr\/product\/terrain-ledgestone-formfit-pangaea-natural-stone\/"]}]},{"@type":"BreadcrumbList","@id":"https:\/\/www.allthingsstone.com\/ca-fr\/product\/terrain-ledgestone-formfit-pangaea-natural-stone\/#breadcrumb","itemListElement":[{"@type":"ListItem","position":1,"name":"Home","item":"https:\/\/www.allthingsstone.com\/ca-fr\/"},{"@type":"ListItem","position":2,"name":"Terrain Ledgestone Formfit &#8211; Pangaea Natural Stone"}]},{"@type":"WebSite","@id":"https:\/\/www.allthingsstone.com\/ca-fr\/#website","url":"https:\/\/www.allthingsstone.com\/ca-fr\/","name":"CSI - Canadian Stone Industries FR","description":"","potentialAction":[{"@type":"SearchAction","target":{"@type":"EntryPoint","urlTemplate":"https:\/\/www.allthingsstone.com\/ca-fr\/?s={search_term_string}"},"query-input":"required name=search_term_string"}],"inLanguage":"en-CA"}]}},"_links":{"self":[{"href":"https:\/\/www.allthingsstone.com\/ca-fr\/wp-json\/wp\/v2\/product\/19588","targetHints":{"allow":["GET"]}}],"collection":[{"href":"https:\/\/www.allthingsstone.com\/ca-fr\/wp-json\/wp\/v2\/product"}],"about":[{"href":"https:\/\/www.allthingsstone.com\/ca-fr\/wp-json\/wp\/v2\/types\/product"}],"replies":[{"embeddable":true,"href":"https:\/\/www.allthingsstone.com\/ca-fr\/wp-json\/wp\/v2\/comments?post=19588"}],"wp:featuredmedia":[{"embeddable":true,"href":"https:\/\/www.allthingsstone.com\/ca-fr\/wp-json\/wp\/v2\/media\/19590"}],"wp:attachment":[{"href":"https:\/\/www.allthingsstone.com\/ca-fr\/wp-json\/wp\/v2\/media?parent=19588"}],"wp:term":[{"taxonomy":"product_cat","embeddable":true,"href":"https:\/\/www.allthingsstone.com\/ca-fr\/wp-json\/wp\/v2\/product_cat?post=19588"},{"taxonomy":"product_tag","embeddable":true,"href":"https:\/\/www.allthingsstone.com\/ca-fr\/wp-json\/wp\/v2\/product_tag?post=19588"}],"curies":[{"name":"wp","href":"https:\/\/api.w.org\/{rel}","templated":true}]}}