{"id":19518,"date":"2024-04-18T18:43:42","date_gmt":"2024-04-18T22:43:42","guid":{"rendered":"https:\/\/www.allthingsstone.com\/ca-fr\/?post_type=product&#038;p=19518"},"modified":"2025-02-19T14:28:43","modified_gmt":"2025-02-19T19:28:43","slug":"4-course-ashlar-formfit-pangaea-natural-stone","status":"publish","type":"product","link":"https:\/\/www.allthingsstone.com\/ca-fr\/product\/4-course-ashlar-formfit-pangaea-natural-stone\/","title":{"rendered":"4 Course Ashlar Formfit &#8211; Pangaea Natural Stone"},"content":{"rendered":"<div id=\"pl-19518\"  class=\"panel-layout\" ><div id=\"pg-19518-0\"  class=\"panel-grid panel-no-style\" ><div id=\"pgc-19518-0-0\"  class=\"panel-grid-cell\" ><div id=\"panel-19518-0-0-0\" class=\"so-panel widget widget_sow-editor panel-first-child\" data-index=\"0\" ><div\n\t\t\t\n\t\t\tclass=\"so-widget-sow-editor so-widget-sow-editor-base\"\n\t\t\t\n\t\t>\n<div class=\"siteorigin-widget-tinymce textwidget\">\n\t<p>La pierre 4 Course Ashlar Formfit de Pangaea\u00ae Natural Stone ajoute de la profondeur et du drame tout en conservant une atmosph\u00e8re contemporaine. Qu'elles pr\u00e9sentent les veines du marbre, la texture robuste du quartzite ou l'uniformit\u00e9 du granit, ces pierres ajust\u00e9es de grand format rehausseront l'attrait visuel des espaces ext\u00e9rieurs et int\u00e9rieurs avec \u00e9l\u00e9gance et sophistication.<\/p>\n<\/div>\n<\/div><\/div><div id=\"panel-19518-0-0-1\" class=\"so-panel widget widget_sow-editor panel-last-child\" data-index=\"1\" ><div\n\t\t\t\n\t\t\tclass=\"so-widget-sow-editor so-widget-sow-editor-base\"\n\t\t\t\n\t\t>\n<div class=\"siteorigin-widget-tinymce textwidget\">\n\t<p>Pour trouver un d\u00e9taillant Pangaea<sup>\u00ae<\/sup>\u00a0Natural Stone dans votre r\u00e9gion cliquez sur\u00a0<strong><a href=\"https:\/\/www.allthingsstone.com\/ca-fr\/ou-acheter\/\">O\u00f9 acheter<\/a><\/strong>.<\/p>\n<\/div>\n<\/div><\/div><\/div><\/div><\/div>","protected":false},"excerpt":{"rendered":"<h5><strong>D\u00e9lai d\u2019approvisionnement:<\/strong><\/h5>\n<ul>\n<li><em>Stock\u00e9<\/em>\u00a0\u2013 Nous maintenons un inventaire de ces produits.\n<ul>\n<li><em>Non en stock<\/em>\u00a0\u2013 Varie selon le fabricant et les d\u00e9lais de transport.<\/li>\n<\/ul>\n<\/li>\n<\/ul>\n","protected":false},"featured_media":19520,"comment_status":"closed","ping_status":"closed","template":"","meta":{"inline_featured_image":false,"_mi_skip_tracking":false,"_exactmetrics_sitenote_active":false,"_exactmetrics_sitenote_note":"","_exactmetrics_sitenote_category":0},"product_cat":[6533],"product_tag":[6571],"class_list":["post-19518","product","type-product","status-publish","has-post-thumbnail","hentry","product_cat-placage-de-pierre-naturelle","product_tag-pangaea-natural-stone-veneer-textures","brands-pangaea-natural-stone-veneer","single_resource-pangaea-natural-stone"],"acf":[],"yoast_head":"<!-- This site is optimized with the Yoast SEO Premium plugin v21.6 (Yoast SEO v21.6) - https:\/\/yoast.com\/wordpress\/plugins\/seo\/ -->\n<title>4 Course Ashlar Formfit Pangaea\u00ae Natural Stone | CSI CA-FR<\/title>\n<meta name=\"description\" content=\"Qu&#039;elles pr\u00e9sentent les veines du marbre ou la texture robuste du quartzite, ces pierres de grand format rehausseront l&#039;attrait visuel.\" \/>\n<meta name=\"robots\" content=\"index, follow, max-snippet:-1, max-image-preview:large, max-video-preview:-1\" \/>\n<link rel=\"canonical\" href=\"https:\/\/www.allthingsstone.com\/ca-fr\/product\/4-course-ashlar-formfit-pangaea-natural-stone\/\" \/>\n<meta property=\"og:locale\" content=\"en_US\" \/>\n<meta property=\"og:type\" content=\"article\" \/>\n<meta property=\"og:title\" content=\"4 Course Ashlar Formfit - Pangaea Natural Stone\" \/>\n<meta property=\"og:description\" content=\"Qu&#039;elles pr\u00e9sentent les veines du marbre ou la texture robuste du quartzite, ces pierres de grand format rehausseront l&#039;attrait visuel.\" \/>\n<meta property=\"og:url\" content=\"https:\/\/www.allthingsstone.com\/ca-fr\/product\/4-course-ashlar-formfit-pangaea-natural-stone\/\" \/>\n<meta property=\"og:site_name\" content=\"CSI - Canadian Stone Industries FR\" \/>\n<meta property=\"article:modified_time\" content=\"2025-02-19T19:28:43+00:00\" \/>\n<meta property=\"og:image\" content=\"https:\/\/www.allthingsstone.com\/ca-fr\/wp-content\/uploads\/sites\/12\/2024\/04\/Pangaea\u00ae-Natural-Stone-4-Course-Ashlar-Formfit.png\" \/>\n\t<meta property=\"og:image:width\" content=\"459\" \/>\n\t<meta property=\"og:image:height\" content=\"339\" \/>\n\t<meta property=\"og:image:type\" content=\"image\/png\" \/>\n<meta name=\"twitter:card\" content=\"summary_large_image\" \/>\n<meta name=\"twitter:label1\" content=\"Est. reading time\" \/>\n\t<meta name=\"twitter:data1\" content=\"1 minute\" \/>\n<script type=\"application\/ld+json\" class=\"yoast-schema-graph\">{\"@context\":\"https:\/\/schema.org\",\"@graph\":[{\"@type\":\"WebPage\",\"@id\":\"https:\/\/www.allthingsstone.com\/ca-fr\/product\/4-course-ashlar-formfit-pangaea-natural-stone\/\",\"url\":\"https:\/\/www.allthingsstone.com\/ca-fr\/product\/4-course-ashlar-formfit-pangaea-natural-stone\/\",\"name\":\"4 Course Ashlar Formfit Pangaea\u00ae Natural Stone | CSI CA-FR\",\"isPartOf\":{\"@id\":\"https:\/\/www.allthingsstone.com\/ca-fr\/#website\"},\"datePublished\":\"2024-04-18T22:43:42+00:00\",\"dateModified\":\"2025-02-19T19:28:43+00:00\",\"description\":\"Qu'elles pr\u00e9sentent les veines du marbre ou la texture robuste du quartzite, ces pierres de grand format rehausseront l'attrait visuel.\",\"breadcrumb\":{\"@id\":\"https:\/\/www.allthingsstone.com\/ca-fr\/product\/4-course-ashlar-formfit-pangaea-natural-stone\/#breadcrumb\"},\"inLanguage\":\"en-CA\",\"potentialAction\":[{\"@type\":\"ReadAction\",\"target\":[\"https:\/\/www.allthingsstone.com\/ca-fr\/product\/4-course-ashlar-formfit-pangaea-natural-stone\/\"]}]},{\"@type\":\"BreadcrumbList\",\"@id\":\"https:\/\/www.allthingsstone.com\/ca-fr\/product\/4-course-ashlar-formfit-pangaea-natural-stone\/#breadcrumb\",\"itemListElement\":[{\"@type\":\"ListItem\",\"position\":1,\"name\":\"Home\",\"item\":\"https:\/\/www.allthingsstone.com\/ca-fr\/\"},{\"@type\":\"ListItem\",\"position\":2,\"name\":\"4 Course Ashlar Formfit &#8211; Pangaea Natural Stone\"}]},{\"@type\":\"WebSite\",\"@id\":\"https:\/\/www.allthingsstone.com\/ca-fr\/#website\",\"url\":\"https:\/\/www.allthingsstone.com\/ca-fr\/\",\"name\":\"CSI - Canadian Stone Industries FR\",\"description\":\"\",\"potentialAction\":[{\"@type\":\"SearchAction\",\"target\":{\"@type\":\"EntryPoint\",\"urlTemplate\":\"https:\/\/www.allthingsstone.com\/ca-fr\/?s={search_term_string}\"},\"query-input\":\"required name=search_term_string\"}],\"inLanguage\":\"en-CA\"}]}<\/script>\n<!-- \/ Yoast SEO Premium plugin. -->","yoast_head_json":{"title":"4 Course Ashlar Formfit Pangaea\u00ae Natural Stone | CSI CA-FR","description":"Qu'elles pr\u00e9sentent les veines du marbre ou la texture robuste du quartzite, ces pierres de grand format rehausseront l'attrait visuel.","robots":{"index":"index","follow":"follow","max-snippet":"max-snippet:-1","max-image-preview":"max-image-preview:large","max-video-preview":"max-video-preview:-1"},"canonical":"https:\/\/www.allthingsstone.com\/ca-fr\/product\/4-course-ashlar-formfit-pangaea-natural-stone\/","og_locale":"en_US","og_type":"article","og_title":"4 Course Ashlar Formfit - Pangaea Natural Stone","og_description":"Qu'elles pr\u00e9sentent les veines du marbre ou la texture robuste du quartzite, ces pierres de grand format rehausseront l'attrait visuel.","og_url":"https:\/\/www.allthingsstone.com\/ca-fr\/product\/4-course-ashlar-formfit-pangaea-natural-stone\/","og_site_name":"CSI - Canadian Stone Industries FR","article_modified_time":"2025-02-19T19:28:43+00:00","og_image":[{"width":459,"height":339,"url":"https:\/\/www.allthingsstone.com\/ca-fr\/wp-content\/uploads\/sites\/12\/2024\/04\/Pangaea\u00ae-Natural-Stone-4-Course-Ashlar-Formfit.png","type":"image\/png"}],"twitter_card":"summary_large_image","twitter_misc":{"Est. reading time":"1 minute"},"schema":{"@context":"https:\/\/schema.org","@graph":[{"@type":"WebPage","@id":"https:\/\/www.allthingsstone.com\/ca-fr\/product\/4-course-ashlar-formfit-pangaea-natural-stone\/","url":"https:\/\/www.allthingsstone.com\/ca-fr\/product\/4-course-ashlar-formfit-pangaea-natural-stone\/","name":"4 Course Ashlar Formfit Pangaea\u00ae Natural Stone | CSI CA-FR","isPartOf":{"@id":"https:\/\/www.allthingsstone.com\/ca-fr\/#website"},"datePublished":"2024-04-18T22:43:42+00:00","dateModified":"2025-02-19T19:28:43+00:00","description":"Qu'elles pr\u00e9sentent les veines du marbre ou la texture robuste du quartzite, ces pierres de grand format rehausseront l'attrait visuel.","breadcrumb":{"@id":"https:\/\/www.allthingsstone.com\/ca-fr\/product\/4-course-ashlar-formfit-pangaea-natural-stone\/#breadcrumb"},"inLanguage":"en-CA","potentialAction":[{"@type":"ReadAction","target":["https:\/\/www.allthingsstone.com\/ca-fr\/product\/4-course-ashlar-formfit-pangaea-natural-stone\/"]}]},{"@type":"BreadcrumbList","@id":"https:\/\/www.allthingsstone.com\/ca-fr\/product\/4-course-ashlar-formfit-pangaea-natural-stone\/#breadcrumb","itemListElement":[{"@type":"ListItem","position":1,"name":"Home","item":"https:\/\/www.allthingsstone.com\/ca-fr\/"},{"@type":"ListItem","position":2,"name":"4 Course Ashlar Formfit &#8211; Pangaea Natural Stone"}]},{"@type":"WebSite","@id":"https:\/\/www.allthingsstone.com\/ca-fr\/#website","url":"https:\/\/www.allthingsstone.com\/ca-fr\/","name":"CSI - Canadian Stone Industries FR","description":"","potentialAction":[{"@type":"SearchAction","target":{"@type":"EntryPoint","urlTemplate":"https:\/\/www.allthingsstone.com\/ca-fr\/?s={search_term_string}"},"query-input":"required name=search_term_string"}],"inLanguage":"en-CA"}]}},"_links":{"self":[{"href":"https:\/\/www.allthingsstone.com\/ca-fr\/wp-json\/wp\/v2\/product\/19518","targetHints":{"allow":["GET"]}}],"collection":[{"href":"https:\/\/www.allthingsstone.com\/ca-fr\/wp-json\/wp\/v2\/product"}],"about":[{"href":"https:\/\/www.allthingsstone.com\/ca-fr\/wp-json\/wp\/v2\/types\/product"}],"replies":[{"embeddable":true,"href":"https:\/\/www.allthingsstone.com\/ca-fr\/wp-json\/wp\/v2\/comments?post=19518"}],"wp:featuredmedia":[{"embeddable":true,"href":"https:\/\/www.allthingsstone.com\/ca-fr\/wp-json\/wp\/v2\/media\/19520"}],"wp:attachment":[{"href":"https:\/\/www.allthingsstone.com\/ca-fr\/wp-json\/wp\/v2\/media?parent=19518"}],"wp:term":[{"taxonomy":"product_cat","embeddable":true,"href":"https:\/\/www.allthingsstone.com\/ca-fr\/wp-json\/wp\/v2\/product_cat?post=19518"},{"taxonomy":"product_tag","embeddable":true,"href":"https:\/\/www.allthingsstone.com\/ca-fr\/wp-json\/wp\/v2\/product_tag?post=19518"}],"curies":[{"name":"wp","href":"https:\/\/api.w.org\/{rel}","templated":true}]}}