{"id":19420,"date":"2024-03-12T14:54:08","date_gmt":"2024-03-12T18:54:08","guid":{"rendered":"https:\/\/www.allthingsstone.com\/ca-fr\/?post_type=product&#038;p=19420"},"modified":"2024-03-12T14:57:53","modified_gmt":"2024-03-12T18:57:53","slug":"castlestone-pierre-naturelle-de-qualite-pangaea-natural-stone","status":"publish","type":"product","link":"https:\/\/www.allthingsstone.com\/ca-fr\/product\/castlestone-pierre-naturelle-de-qualite-pangaea-natural-stone\/","title":{"rendered":"Castlestone &#8211; Pangaea Natural Stone"},"content":{"rendered":"<div id=\"pl-19420\"  class=\"panel-layout\" ><div id=\"pg-19420-0\"  class=\"panel-grid panel-no-style\" ><div id=\"pgc-19420-0-0\"  class=\"panel-grid-cell\" ><div id=\"panel-19420-0-0-0\" class=\"so-panel widget widget_sow-editor panel-first-child\" data-index=\"0\" ><div\n\t\t\t\n\t\t\tclass=\"so-widget-sow-editor so-widget-sow-editor-base\"\n\t\t\t\n\t\t>\n<div class=\"siteorigin-widget-tinymce textwidget\">\n\t<p>Castlestone de Pangaea<sup>\u00ae<\/sup> Natural Stone est une pierre naturelle polyvalente au style intemporel. Que vous cherchiez \u00e0 recr\u00e9er l\u2019apparence d\u2019un ch\u00e2teau du 18<sup>e<\/sup>\u00a0si\u00e8cle ou \u00e0 concevoir une merveille architecturale moderne, ce style intemporel peut apporter \u00e0 votre projet r\u00e9sidentiel ou commercial une touche traditionnelle ou actuelle. Castlestone se caract\u00e9rise par une combinaison de faces obtenues par fendillement de la pierre de fa\u00e7on naturelle et patin\u00e9es par le temps.<\/p>\n<\/div>\n<\/div><\/div><div id=\"panel-19420-0-0-1\" class=\"so-panel widget widget_sow-editor panel-last-child\" data-index=\"1\" ><div\n\t\t\t\n\t\t\tclass=\"so-widget-sow-editor so-widget-sow-editor-base\"\n\t\t\t\n\t\t>\n<div class=\"siteorigin-widget-tinymce textwidget\">\n\t<p>Pour trouver un d\u00e9taillant Castlestone Pangaea<sup>\u00ae<\/sup>\u00a0Natural Stone dans votre r\u00e9gion cliquez sur\u00a0<strong><a href=\"http:\/\/www.allthingsstone.com\/ca-fr\/ou-acheter\/\">O\u00f9 acheter<\/a><\/strong>.<\/p>\n<\/div>\n<\/div><\/div><\/div><\/div><\/div>","protected":false},"excerpt":{"rendered":"<h5><strong>Disponible en:<\/strong><\/h5>\n<p>S\u00e9lectionnez les couleurs disponibles en lit double<br \/>\nPlus de couleurs disponibles <a href=\"https:\/\/www.allthingsstone.com\/ca-fr\/product\/castlestone-pangaea-natural-stone\/\" target=\"_blank\" rel=\"noopener\">en placage<\/a><\/p>\n","protected":false},"featured_media":19276,"comment_status":"open","ping_status":"closed","template":"","meta":{"inline_featured_image":false,"_mi_skip_tracking":false,"_exactmetrics_sitenote_active":false,"_exactmetrics_sitenote_note":"","_exactmetrics_sitenote_category":0},"product_cat":[9067],"product_tag":[6571],"class_list":["post-19420","product","type-product","status-publish","has-post-thumbnail","hentry","product_cat-pierre-naturelle-de-qualit","product_tag-pangaea-natural-stone-veneer-textures","brands-pangaea-natural-stone-pierre-naturelle-de-qualite","single_resource-pangaea-natural-stone"],"acf":[],"yoast_head":"<!-- This site is optimized with the Yoast SEO Premium plugin v21.6 (Yoast SEO v21.6) - https:\/\/yoast.com\/wordpress\/plugins\/seo\/ -->\n<title>Castlestone Pangaea\u00ae Natural Stone | CSI FR<\/title>\n<meta name=\"description\" content=\"Castlestone Pangaea\u00ae Natural Stone est une pierre naturelle polyvalente au style intemporel.\" \/>\n<meta name=\"robots\" content=\"index, follow, max-snippet:-1, max-image-preview:large, max-video-preview:-1\" \/>\n<link rel=\"canonical\" href=\"https:\/\/www.allthingsstone.com\/ca-fr\/product\/castlestone-pierre-naturelle-de-qualite-pangaea-natural-stone\/\" \/>\n<meta property=\"og:locale\" content=\"en_US\" \/>\n<meta property=\"og:type\" content=\"article\" \/>\n<meta property=\"og:title\" content=\"Castlestone - Pangaea Natural Stone\" \/>\n<meta property=\"og:description\" content=\"Castlestone Pangaea\u00ae Natural Stone est une pierre naturelle polyvalente au style intemporel.\" \/>\n<meta property=\"og:url\" content=\"https:\/\/www.allthingsstone.com\/ca-fr\/product\/castlestone-pierre-naturelle-de-qualite-pangaea-natural-stone\/\" \/>\n<meta property=\"og:site_name\" content=\"CSI - Canadian Stone Industries FR\" \/>\n<meta property=\"article:modified_time\" content=\"2024-03-12T18:57:53+00:00\" \/>\n<meta property=\"og:image\" content=\"https:\/\/www.allthingsstone.com\/ca-fr\/wp-content\/uploads\/sites\/12\/2017\/08\/Pangaea\u00ae-Natural-Stone-Castlestone.png\" \/>\n\t<meta property=\"og:image:width\" content=\"459\" \/>\n\t<meta property=\"og:image:height\" content=\"339\" \/>\n\t<meta property=\"og:image:type\" content=\"image\/png\" \/>\n<meta name=\"twitter:card\" content=\"summary_large_image\" \/>\n<meta name=\"twitter:label1\" content=\"Est. reading time\" \/>\n\t<meta name=\"twitter:data1\" content=\"1 minute\" \/>\n<script type=\"application\/ld+json\" class=\"yoast-schema-graph\">{\"@context\":\"https:\/\/schema.org\",\"@graph\":[{\"@type\":\"WebPage\",\"@id\":\"https:\/\/www.allthingsstone.com\/ca-fr\/product\/castlestone-pierre-naturelle-de-qualite-pangaea-natural-stone\/\",\"url\":\"https:\/\/www.allthingsstone.com\/ca-fr\/product\/castlestone-pierre-naturelle-de-qualite-pangaea-natural-stone\/\",\"name\":\"Castlestone Pangaea\u00ae Natural Stone | CSI FR\",\"isPartOf\":{\"@id\":\"https:\/\/www.allthingsstone.com\/ca-fr\/#website\"},\"datePublished\":\"2024-03-12T18:54:08+00:00\",\"dateModified\":\"2024-03-12T18:57:53+00:00\",\"description\":\"Castlestone Pangaea\u00ae Natural Stone est une pierre naturelle polyvalente au style intemporel.\",\"breadcrumb\":{\"@id\":\"https:\/\/www.allthingsstone.com\/ca-fr\/product\/castlestone-pierre-naturelle-de-qualite-pangaea-natural-stone\/#breadcrumb\"},\"inLanguage\":\"en-CA\",\"potentialAction\":[{\"@type\":\"ReadAction\",\"target\":[\"https:\/\/www.allthingsstone.com\/ca-fr\/product\/castlestone-pierre-naturelle-de-qualite-pangaea-natural-stone\/\"]}]},{\"@type\":\"BreadcrumbList\",\"@id\":\"https:\/\/www.allthingsstone.com\/ca-fr\/product\/castlestone-pierre-naturelle-de-qualite-pangaea-natural-stone\/#breadcrumb\",\"itemListElement\":[{\"@type\":\"ListItem\",\"position\":1,\"name\":\"Home\",\"item\":\"https:\/\/www.allthingsstone.com\/ca-fr\/\"},{\"@type\":\"ListItem\",\"position\":2,\"name\":\"Castlestone &#8211; Pangaea Natural Stone\"}]},{\"@type\":\"WebSite\",\"@id\":\"https:\/\/www.allthingsstone.com\/ca-fr\/#website\",\"url\":\"https:\/\/www.allthingsstone.com\/ca-fr\/\",\"name\":\"CSI - Canadian Stone Industries FR\",\"description\":\"\",\"potentialAction\":[{\"@type\":\"SearchAction\",\"target\":{\"@type\":\"EntryPoint\",\"urlTemplate\":\"https:\/\/www.allthingsstone.com\/ca-fr\/?s={search_term_string}\"},\"query-input\":\"required name=search_term_string\"}],\"inLanguage\":\"en-CA\"}]}<\/script>\n<!-- \/ Yoast SEO Premium plugin. -->","yoast_head_json":{"title":"Castlestone Pangaea\u00ae Natural Stone | CSI FR","description":"Castlestone Pangaea\u00ae Natural Stone est une pierre naturelle polyvalente au style intemporel.","robots":{"index":"index","follow":"follow","max-snippet":"max-snippet:-1","max-image-preview":"max-image-preview:large","max-video-preview":"max-video-preview:-1"},"canonical":"https:\/\/www.allthingsstone.com\/ca-fr\/product\/castlestone-pierre-naturelle-de-qualite-pangaea-natural-stone\/","og_locale":"en_US","og_type":"article","og_title":"Castlestone - Pangaea Natural Stone","og_description":"Castlestone Pangaea\u00ae Natural Stone est une pierre naturelle polyvalente au style intemporel.","og_url":"https:\/\/www.allthingsstone.com\/ca-fr\/product\/castlestone-pierre-naturelle-de-qualite-pangaea-natural-stone\/","og_site_name":"CSI - Canadian Stone Industries FR","article_modified_time":"2024-03-12T18:57:53+00:00","og_image":[{"width":459,"height":339,"url":"https:\/\/www.allthingsstone.com\/ca-fr\/wp-content\/uploads\/sites\/12\/2017\/08\/Pangaea\u00ae-Natural-Stone-Castlestone.png","type":"image\/png"}],"twitter_card":"summary_large_image","twitter_misc":{"Est. reading time":"1 minute"},"schema":{"@context":"https:\/\/schema.org","@graph":[{"@type":"WebPage","@id":"https:\/\/www.allthingsstone.com\/ca-fr\/product\/castlestone-pierre-naturelle-de-qualite-pangaea-natural-stone\/","url":"https:\/\/www.allthingsstone.com\/ca-fr\/product\/castlestone-pierre-naturelle-de-qualite-pangaea-natural-stone\/","name":"Castlestone Pangaea\u00ae Natural Stone | CSI FR","isPartOf":{"@id":"https:\/\/www.allthingsstone.com\/ca-fr\/#website"},"datePublished":"2024-03-12T18:54:08+00:00","dateModified":"2024-03-12T18:57:53+00:00","description":"Castlestone Pangaea\u00ae Natural Stone est une pierre naturelle polyvalente au style intemporel.","breadcrumb":{"@id":"https:\/\/www.allthingsstone.com\/ca-fr\/product\/castlestone-pierre-naturelle-de-qualite-pangaea-natural-stone\/#breadcrumb"},"inLanguage":"en-CA","potentialAction":[{"@type":"ReadAction","target":["https:\/\/www.allthingsstone.com\/ca-fr\/product\/castlestone-pierre-naturelle-de-qualite-pangaea-natural-stone\/"]}]},{"@type":"BreadcrumbList","@id":"https:\/\/www.allthingsstone.com\/ca-fr\/product\/castlestone-pierre-naturelle-de-qualite-pangaea-natural-stone\/#breadcrumb","itemListElement":[{"@type":"ListItem","position":1,"name":"Home","item":"https:\/\/www.allthingsstone.com\/ca-fr\/"},{"@type":"ListItem","position":2,"name":"Castlestone &#8211; Pangaea Natural Stone"}]},{"@type":"WebSite","@id":"https:\/\/www.allthingsstone.com\/ca-fr\/#website","url":"https:\/\/www.allthingsstone.com\/ca-fr\/","name":"CSI - Canadian Stone Industries FR","description":"","potentialAction":[{"@type":"SearchAction","target":{"@type":"EntryPoint","urlTemplate":"https:\/\/www.allthingsstone.com\/ca-fr\/?s={search_term_string}"},"query-input":"required name=search_term_string"}],"inLanguage":"en-CA"}]}},"_links":{"self":[{"href":"https:\/\/www.allthingsstone.com\/ca-fr\/wp-json\/wp\/v2\/product\/19420","targetHints":{"allow":["GET"]}}],"collection":[{"href":"https:\/\/www.allthingsstone.com\/ca-fr\/wp-json\/wp\/v2\/product"}],"about":[{"href":"https:\/\/www.allthingsstone.com\/ca-fr\/wp-json\/wp\/v2\/types\/product"}],"replies":[{"embeddable":true,"href":"https:\/\/www.allthingsstone.com\/ca-fr\/wp-json\/wp\/v2\/comments?post=19420"}],"wp:featuredmedia":[{"embeddable":true,"href":"https:\/\/www.allthingsstone.com\/ca-fr\/wp-json\/wp\/v2\/media\/19276"}],"wp:attachment":[{"href":"https:\/\/www.allthingsstone.com\/ca-fr\/wp-json\/wp\/v2\/media?parent=19420"}],"wp:term":[{"taxonomy":"product_cat","embeddable":true,"href":"https:\/\/www.allthingsstone.com\/ca-fr\/wp-json\/wp\/v2\/product_cat?post=19420"},{"taxonomy":"product_tag","embeddable":true,"href":"https:\/\/www.allthingsstone.com\/ca-fr\/wp-json\/wp\/v2\/product_tag?post=19420"}],"curies":[{"name":"wp","href":"https:\/\/api.w.org\/{rel}","templated":true}]}}