{"id":18870,"date":"2023-07-12T16:18:07","date_gmt":"2023-07-12T20:18:07","guid":{"rendered":"https:\/\/www.allthingsstone.com\/ca-fr\/?post_type=product&#038;p=18870"},"modified":"2023-11-22T16:49:36","modified_gmt":"2023-11-22T21:49:36","slug":"northern-collection-colonial-brick-stone","status":"publish","type":"product","link":"https:\/\/www.allthingsstone.com\/ca-fr\/product\/northern-collection-colonial-brick-stone\/","title":{"rendered":"Northern Collection &#8211; Colonial Brick &amp; Stone"},"content":{"rendered":"<div id=\"pl-18870\"  class=\"panel-layout\" ><div id=\"pg-18870-0\"  class=\"panel-grid panel-no-style\" ><div id=\"pgc-18870-0-0\"  class=\"panel-grid-cell\" ><div id=\"panel-18870-0-0-0\" class=\"so-panel widget widget_sow-editor panel-first-child panel-last-child\" data-index=\"0\" ><div\n\t\t\t\n\t\t\tclass=\"so-widget-sow-editor so-widget-sow-editor-base\"\n\t\t\t\n\t\t>\n<div class=\"siteorigin-widget-tinymce textwidget\">\n\t<p>Northern Collection de Colonial Brick\u00a0&amp;\u00a0Stone\u00a0Inc. fait partie de la famille des pierres de taille. Avec seulement trois tailles et des profils plus grands, Northern Collection s\u2019installe facilement et rapidement, et constitue une excellente option pour les projets de plus grande envergure. Divis\u00e9es par des filons verticaux, les couleurs de la pierre Northern Collection sont souvent plus \u00e9clatantes parce que chaque filon est davantage expos\u00e9.<\/p>\n<p>Pour trouver un marchand Colonial Brick &amp; Stone Inc. dans votre r\u00e9gion, cliquez sur\u00a0<a href=\"https:\/\/www.allthingsstone.com\/ca-fr\/ou-acheter\/\"><strong>O\u00f9 acheter<\/strong><\/a>.<\/p>\n<\/div>\n<\/div><\/div><\/div><\/div><\/div>","protected":false},"excerpt":{"rendered":"<h5><strong>Formats offerts:<\/strong><\/h5>\n<p>Toutes les couleurs sont offertes en versions placage et pleine grandeur<\/p>\n<h5><strong>D\u00e9lai d\u2019approvisionnement:<\/strong><\/h5>\n<ul>\n<li style=\"list-style-type: none\">\n<ul>\n<li>Varie selon le fabricant et les d\u00e9lais d\u2019approvisionnement.<\/li>\n<\/ul>\n<\/li>\n<\/ul>\n","protected":false},"featured_media":18871,"comment_status":"closed","ping_status":"closed","template":"","meta":{"inline_featured_image":false,"_mi_skip_tracking":false,"_exactmetrics_sitenote_active":false,"_exactmetrics_sitenote_note":"","_exactmetrics_sitenote_category":0},"product_cat":[6533,9067],"product_tag":[9066],"class_list":["post-18870","product","type-product","status-publish","has-post-thumbnail","hentry","product_cat-placage-de-pierre-naturelle","product_cat-pierre-naturelle-de-qualit","product_tag-textures-colonial-brick-stone-inc","brands-colonial-brick-stone-inc","single_resource-colonial-brick-stone-inc"],"acf":[],"yoast_head":"<!-- This site is optimized with the Yoast SEO Premium plugin v21.6 (Yoast SEO v21.6) - https:\/\/yoast.com\/wordpress\/plugins\/seo\/ -->\n<title>Northern Collection par Colonial Brick &amp; Stone Inc. | CSI CA-FR<\/title>\n<meta name=\"description\" content=\"Avec seulement trois tailles et des profils plus grands, Northern Collection s\u2019installe facilement et rapidement, et constitue une excellente option pour les projets de plus grande envergure.\" \/>\n<meta name=\"robots\" content=\"index, follow, max-snippet:-1, max-image-preview:large, max-video-preview:-1\" \/>\n<link rel=\"canonical\" href=\"https:\/\/www.allthingsstone.com\/ca-fr\/product\/northern-collection-colonial-brick-stone\/\" \/>\n<meta property=\"og:locale\" content=\"en_US\" \/>\n<meta property=\"og:type\" content=\"article\" \/>\n<meta property=\"og:title\" content=\"Northern Collection - Colonial Brick &amp; Stone\" \/>\n<meta property=\"og:description\" content=\"Avec seulement trois tailles et des profils plus grands, Northern Collection s\u2019installe facilement et rapidement, et constitue une excellente option pour les projets de plus grande envergure.\" \/>\n<meta property=\"og:url\" content=\"https:\/\/www.allthingsstone.com\/ca-fr\/product\/northern-collection-colonial-brick-stone\/\" \/>\n<meta property=\"og:site_name\" content=\"CSI - Canadian Stone Industries FR\" \/>\n<meta property=\"article:modified_time\" content=\"2023-11-22T21:49:36+00:00\" \/>\n<meta property=\"og:image\" content=\"https:\/\/www.allthingsstone.com\/ca-fr\/wp-content\/uploads\/sites\/12\/2023\/07\/Colonial-Brick-Stone-Northern-Collection.jpg\" \/>\n\t<meta property=\"og:image:width\" content=\"459\" \/>\n\t<meta property=\"og:image:height\" content=\"339\" \/>\n\t<meta property=\"og:image:type\" content=\"image\/jpeg\" \/>\n<meta name=\"twitter:card\" content=\"summary_large_image\" \/>\n<meta name=\"twitter:label1\" content=\"Est. reading time\" \/>\n\t<meta name=\"twitter:data1\" content=\"1 minute\" \/>\n<script type=\"application\/ld+json\" class=\"yoast-schema-graph\">{\"@context\":\"https:\/\/schema.org\",\"@graph\":[{\"@type\":\"WebPage\",\"@id\":\"https:\/\/www.allthingsstone.com\/ca-fr\/product\/northern-collection-colonial-brick-stone\/\",\"url\":\"https:\/\/www.allthingsstone.com\/ca-fr\/product\/northern-collection-colonial-brick-stone\/\",\"name\":\"Northern Collection par Colonial Brick & Stone Inc. | CSI CA-FR\",\"isPartOf\":{\"@id\":\"https:\/\/www.allthingsstone.com\/ca-fr\/#website\"},\"datePublished\":\"2023-07-12T20:18:07+00:00\",\"dateModified\":\"2023-11-22T21:49:36+00:00\",\"description\":\"Avec seulement trois tailles et des profils plus grands, Northern Collection s\u2019installe facilement et rapidement, et constitue une excellente option pour les projets de plus grande envergure.\",\"breadcrumb\":{\"@id\":\"https:\/\/www.allthingsstone.com\/ca-fr\/product\/northern-collection-colonial-brick-stone\/#breadcrumb\"},\"inLanguage\":\"en-CA\",\"potentialAction\":[{\"@type\":\"ReadAction\",\"target\":[\"https:\/\/www.allthingsstone.com\/ca-fr\/product\/northern-collection-colonial-brick-stone\/\"]}]},{\"@type\":\"BreadcrumbList\",\"@id\":\"https:\/\/www.allthingsstone.com\/ca-fr\/product\/northern-collection-colonial-brick-stone\/#breadcrumb\",\"itemListElement\":[{\"@type\":\"ListItem\",\"position\":1,\"name\":\"Home\",\"item\":\"https:\/\/www.allthingsstone.com\/ca-fr\/\"},{\"@type\":\"ListItem\",\"position\":2,\"name\":\"Northern Collection &#8211; Colonial Brick &amp; Stone\"}]},{\"@type\":\"WebSite\",\"@id\":\"https:\/\/www.allthingsstone.com\/ca-fr\/#website\",\"url\":\"https:\/\/www.allthingsstone.com\/ca-fr\/\",\"name\":\"CSI - Canadian Stone Industries FR\",\"description\":\"\",\"potentialAction\":[{\"@type\":\"SearchAction\",\"target\":{\"@type\":\"EntryPoint\",\"urlTemplate\":\"https:\/\/www.allthingsstone.com\/ca-fr\/?s={search_term_string}\"},\"query-input\":\"required name=search_term_string\"}],\"inLanguage\":\"en-CA\"}]}<\/script>\n<!-- \/ Yoast SEO Premium plugin. -->","yoast_head_json":{"title":"Northern Collection par Colonial Brick & Stone Inc. | CSI CA-FR","description":"Avec seulement trois tailles et des profils plus grands, Northern Collection s\u2019installe facilement et rapidement, et constitue une excellente option pour les projets de plus grande envergure.","robots":{"index":"index","follow":"follow","max-snippet":"max-snippet:-1","max-image-preview":"max-image-preview:large","max-video-preview":"max-video-preview:-1"},"canonical":"https:\/\/www.allthingsstone.com\/ca-fr\/product\/northern-collection-colonial-brick-stone\/","og_locale":"en_US","og_type":"article","og_title":"Northern Collection - Colonial Brick &amp; Stone","og_description":"Avec seulement trois tailles et des profils plus grands, Northern Collection s\u2019installe facilement et rapidement, et constitue une excellente option pour les projets de plus grande envergure.","og_url":"https:\/\/www.allthingsstone.com\/ca-fr\/product\/northern-collection-colonial-brick-stone\/","og_site_name":"CSI - Canadian Stone Industries FR","article_modified_time":"2023-11-22T21:49:36+00:00","og_image":[{"width":459,"height":339,"url":"https:\/\/www.allthingsstone.com\/ca-fr\/wp-content\/uploads\/sites\/12\/2023\/07\/Colonial-Brick-Stone-Northern-Collection.jpg","type":"image\/jpeg"}],"twitter_card":"summary_large_image","twitter_misc":{"Est. reading time":"1 minute"},"schema":{"@context":"https:\/\/schema.org","@graph":[{"@type":"WebPage","@id":"https:\/\/www.allthingsstone.com\/ca-fr\/product\/northern-collection-colonial-brick-stone\/","url":"https:\/\/www.allthingsstone.com\/ca-fr\/product\/northern-collection-colonial-brick-stone\/","name":"Northern Collection par Colonial Brick & Stone Inc. | CSI CA-FR","isPartOf":{"@id":"https:\/\/www.allthingsstone.com\/ca-fr\/#website"},"datePublished":"2023-07-12T20:18:07+00:00","dateModified":"2023-11-22T21:49:36+00:00","description":"Avec seulement trois tailles et des profils plus grands, Northern Collection s\u2019installe facilement et rapidement, et constitue une excellente option pour les projets de plus grande envergure.","breadcrumb":{"@id":"https:\/\/www.allthingsstone.com\/ca-fr\/product\/northern-collection-colonial-brick-stone\/#breadcrumb"},"inLanguage":"en-CA","potentialAction":[{"@type":"ReadAction","target":["https:\/\/www.allthingsstone.com\/ca-fr\/product\/northern-collection-colonial-brick-stone\/"]}]},{"@type":"BreadcrumbList","@id":"https:\/\/www.allthingsstone.com\/ca-fr\/product\/northern-collection-colonial-brick-stone\/#breadcrumb","itemListElement":[{"@type":"ListItem","position":1,"name":"Home","item":"https:\/\/www.allthingsstone.com\/ca-fr\/"},{"@type":"ListItem","position":2,"name":"Northern Collection &#8211; Colonial Brick &amp; Stone"}]},{"@type":"WebSite","@id":"https:\/\/www.allthingsstone.com\/ca-fr\/#website","url":"https:\/\/www.allthingsstone.com\/ca-fr\/","name":"CSI - Canadian Stone Industries FR","description":"","potentialAction":[{"@type":"SearchAction","target":{"@type":"EntryPoint","urlTemplate":"https:\/\/www.allthingsstone.com\/ca-fr\/?s={search_term_string}"},"query-input":"required name=search_term_string"}],"inLanguage":"en-CA"}]}},"_links":{"self":[{"href":"https:\/\/www.allthingsstone.com\/ca-fr\/wp-json\/wp\/v2\/product\/18870","targetHints":{"allow":["GET"]}}],"collection":[{"href":"https:\/\/www.allthingsstone.com\/ca-fr\/wp-json\/wp\/v2\/product"}],"about":[{"href":"https:\/\/www.allthingsstone.com\/ca-fr\/wp-json\/wp\/v2\/types\/product"}],"replies":[{"embeddable":true,"href":"https:\/\/www.allthingsstone.com\/ca-fr\/wp-json\/wp\/v2\/comments?post=18870"}],"wp:featuredmedia":[{"embeddable":true,"href":"https:\/\/www.allthingsstone.com\/ca-fr\/wp-json\/wp\/v2\/media\/18871"}],"wp:attachment":[{"href":"https:\/\/www.allthingsstone.com\/ca-fr\/wp-json\/wp\/v2\/media?parent=18870"}],"wp:term":[{"taxonomy":"product_cat","embeddable":true,"href":"https:\/\/www.allthingsstone.com\/ca-fr\/wp-json\/wp\/v2\/product_cat?post=18870"},{"taxonomy":"product_tag","embeddable":true,"href":"https:\/\/www.allthingsstone.com\/ca-fr\/wp-json\/wp\/v2\/product_tag?post=18870"}],"curies":[{"name":"wp","href":"https:\/\/api.w.org\/{rel}","templated":true}]}}