{"id":18574,"date":"2023-04-12T14:55:14","date_gmt":"2023-04-12T18:55:14","guid":{"rendered":"https:\/\/www.allthingsstone.com\/ca-fr\/?post_type=product&#038;p=18574"},"modified":"2024-09-27T16:23:03","modified_gmt":"2024-09-27T20:23:03","slug":"sawn-height-colonial-brick-stone","status":"publish","type":"product","link":"https:\/\/www.allthingsstone.com\/ca-fr\/product\/sawn-height-colonial-brick-stone\/","title":{"rendered":"Sawn Height &#8211; Colonial Brick &amp; Stone"},"content":{"rendered":"<div id=\"pl-18574\"  class=\"panel-layout\" ><div id=\"pg-18574-0\"  class=\"panel-grid panel-no-style\" ><div id=\"pgc-18574-0-0\"  class=\"panel-grid-cell\" ><div id=\"panel-18574-0-0-0\" class=\"so-panel widget widget_sow-editor panel-first-child\" data-index=\"0\" ><div\n\t\t\t\n\t\t\tclass=\"so-widget-sow-editor so-widget-sow-editor-base\"\n\t\t\t\n\t\t>\n<div class=\"siteorigin-widget-tinymce textwidget\">\n\t<p>Sawn Height de Colonial Brick\u00a0&amp;\u00a0Stone\u00a0Inc. est une pierre taill\u00e9e de quatre hauteurs diff\u00e9rentes. Ces hauteurs permettent \u00e0 la pierre de s\u2019agencer avec un joint de mortier d\u2019un demi-pouce entre chaque pi\u00e8ce. Bien qu\u2019elle privil\u00e9gie un style contemporain, la collection Sawn Height convient tout aussi bien aux mod\u00e8les classiques. Ce profil conf\u00e8re une allure raffin\u00e9e \u00e0 la pierre naturelle. Divis\u00e9es par des filons verticaux, les couleurs de la pierre Sawn Height sont souvent plus \u00e9clatantes puisque chaque filon est davantage expos\u00e9.<\/p>\n<\/div>\n<\/div><\/div><div id=\"panel-18574-0-0-1\" class=\"so-panel widget widget_sow-editor panel-last-child\" data-index=\"1\" ><div\n\t\t\t\n\t\t\tclass=\"so-widget-sow-editor so-widget-sow-editor-base\"\n\t\t\t\n\t\t>\n<div class=\"siteorigin-widget-tinymce textwidget\">\n\t<p>Pour trouver un marchand Colonial Brick &amp; Stone Inc. dans votre r\u00e9gion, cliquez sur <a href=\"https:\/\/www.allthingsstone.com\/ca-fr\/ou-acheter\/\"><strong>O\u00f9 acheter<\/strong><\/a>.<\/p>\n<\/div>\n<\/div><\/div><\/div><\/div><\/div>","protected":false},"excerpt":{"rendered":"<h5><strong>Formats offerts:<\/strong><\/h5>\n<p>Toutes les couleurs sont offertes en versions placage et pleine grandeur<\/p>\n<h5><strong>D\u00e9lai d\u2019approvisionnement:<\/strong><\/h5>\n<ul>\n<li><em>Stock\u00e9<\/em> \u2013 Nous maintenons un inventaire de ces produits.\n<ul>\n<li><em>Non en stock<\/em> \u2013 Varie selon le fabricant et les d\u00e9lais de transport.<\/li>\n<li><em>Pleine grandeur<\/em> &#8211; Varie selon le fabricant et les d\u00e9lais de transport<\/li>\n<\/ul>\n<\/li>\n<\/ul>\n","protected":false},"featured_media":19198,"comment_status":"closed","ping_status":"closed","template":"","meta":{"inline_featured_image":false,"_mi_skip_tracking":false,"_exactmetrics_sitenote_active":false,"_exactmetrics_sitenote_note":"","_exactmetrics_sitenote_category":0},"product_cat":[6533,9067],"product_tag":[9066],"class_list":["post-18574","product","type-product","status-publish","has-post-thumbnail","hentry","product_cat-placage-de-pierre-naturelle","product_cat-pierre-naturelle-de-qualit","product_tag-textures-colonial-brick-stone-inc"],"acf":[],"yoast_head":"<!-- This site is optimized with the Yoast SEO Premium plugin v21.6 (Yoast SEO v21.6) - https:\/\/yoast.com\/wordpress\/plugins\/seo\/ -->\n<title>Sawn Height de Colonial Brick &amp; Stone Inc. | CSI CA-FR<\/title>\n<meta name=\"description\" content=\"Sawn Height est une pierre taill\u00e9e de quatre hauteurs diff\u00e9rentes. Ces hauteurs permettent \u00e0 la pierre de s\u2019agencer avec un joint de mortier d\u2019un demi-pouce entre chaque pi\u00e8ce.\" \/>\n<meta name=\"robots\" content=\"index, follow, max-snippet:-1, max-image-preview:large, max-video-preview:-1\" \/>\n<link rel=\"canonical\" href=\"https:\/\/www.allthingsstone.com\/ca-fr\/product\/sawn-height-colonial-brick-stone\/\" \/>\n<meta property=\"og:locale\" content=\"en_US\" \/>\n<meta property=\"og:type\" content=\"article\" \/>\n<meta property=\"og:title\" content=\"Sawn Height - Colonial Brick &amp; Stone\" \/>\n<meta property=\"og:description\" content=\"Sawn Height est une pierre taill\u00e9e de quatre hauteurs diff\u00e9rentes. Ces hauteurs permettent \u00e0 la pierre de s\u2019agencer avec un joint de mortier d\u2019un demi-pouce entre chaque pi\u00e8ce.\" \/>\n<meta property=\"og:url\" content=\"https:\/\/www.allthingsstone.com\/ca-fr\/product\/sawn-height-colonial-brick-stone\/\" \/>\n<meta property=\"og:site_name\" content=\"CSI - Canadian Stone Industries FR\" \/>\n<meta property=\"article:modified_time\" content=\"2024-09-27T20:23:03+00:00\" \/>\n<meta property=\"og:image\" content=\"https:\/\/www.allthingsstone.com\/ca-fr\/wp-content\/uploads\/sites\/12\/2023\/04\/Colonial-Brick-Stone-Sawn-Height-1.jpg\" \/>\n\t<meta property=\"og:image:width\" content=\"459\" \/>\n\t<meta property=\"og:image:height\" content=\"339\" \/>\n\t<meta property=\"og:image:type\" content=\"image\/jpeg\" \/>\n<meta name=\"twitter:card\" content=\"summary_large_image\" \/>\n<meta name=\"twitter:label1\" content=\"Est. reading time\" \/>\n\t<meta name=\"twitter:data1\" content=\"1 minute\" \/>\n<script type=\"application\/ld+json\" class=\"yoast-schema-graph\">{\"@context\":\"https:\/\/schema.org\",\"@graph\":[{\"@type\":\"WebPage\",\"@id\":\"https:\/\/www.allthingsstone.com\/ca-fr\/product\/sawn-height-colonial-brick-stone\/\",\"url\":\"https:\/\/www.allthingsstone.com\/ca-fr\/product\/sawn-height-colonial-brick-stone\/\",\"name\":\"Sawn Height de Colonial Brick & Stone Inc. | CSI CA-FR\",\"isPartOf\":{\"@id\":\"https:\/\/www.allthingsstone.com\/ca-fr\/#website\"},\"datePublished\":\"2023-04-12T18:55:14+00:00\",\"dateModified\":\"2024-09-27T20:23:03+00:00\",\"description\":\"Sawn Height est une pierre taill\u00e9e de quatre hauteurs diff\u00e9rentes. Ces hauteurs permettent \u00e0 la pierre de s\u2019agencer avec un joint de mortier d\u2019un demi-pouce entre chaque pi\u00e8ce.\",\"breadcrumb\":{\"@id\":\"https:\/\/www.allthingsstone.com\/ca-fr\/product\/sawn-height-colonial-brick-stone\/#breadcrumb\"},\"inLanguage\":\"en-CA\",\"potentialAction\":[{\"@type\":\"ReadAction\",\"target\":[\"https:\/\/www.allthingsstone.com\/ca-fr\/product\/sawn-height-colonial-brick-stone\/\"]}]},{\"@type\":\"BreadcrumbList\",\"@id\":\"https:\/\/www.allthingsstone.com\/ca-fr\/product\/sawn-height-colonial-brick-stone\/#breadcrumb\",\"itemListElement\":[{\"@type\":\"ListItem\",\"position\":1,\"name\":\"Home\",\"item\":\"https:\/\/www.allthingsstone.com\/ca-fr\/\"},{\"@type\":\"ListItem\",\"position\":2,\"name\":\"Sawn Height &#8211; Colonial Brick &amp; Stone\"}]},{\"@type\":\"WebSite\",\"@id\":\"https:\/\/www.allthingsstone.com\/ca-fr\/#website\",\"url\":\"https:\/\/www.allthingsstone.com\/ca-fr\/\",\"name\":\"CSI - Canadian Stone Industries FR\",\"description\":\"\",\"potentialAction\":[{\"@type\":\"SearchAction\",\"target\":{\"@type\":\"EntryPoint\",\"urlTemplate\":\"https:\/\/www.allthingsstone.com\/ca-fr\/?s={search_term_string}\"},\"query-input\":\"required name=search_term_string\"}],\"inLanguage\":\"en-CA\"}]}<\/script>\n<!-- \/ Yoast SEO Premium plugin. -->","yoast_head_json":{"title":"Sawn Height de Colonial Brick & Stone Inc. | CSI CA-FR","description":"Sawn Height est une pierre taill\u00e9e de quatre hauteurs diff\u00e9rentes. Ces hauteurs permettent \u00e0 la pierre de s\u2019agencer avec un joint de mortier d\u2019un demi-pouce entre chaque pi\u00e8ce.","robots":{"index":"index","follow":"follow","max-snippet":"max-snippet:-1","max-image-preview":"max-image-preview:large","max-video-preview":"max-video-preview:-1"},"canonical":"https:\/\/www.allthingsstone.com\/ca-fr\/product\/sawn-height-colonial-brick-stone\/","og_locale":"en_US","og_type":"article","og_title":"Sawn Height - Colonial Brick &amp; Stone","og_description":"Sawn Height est une pierre taill\u00e9e de quatre hauteurs diff\u00e9rentes. Ces hauteurs permettent \u00e0 la pierre de s\u2019agencer avec un joint de mortier d\u2019un demi-pouce entre chaque pi\u00e8ce.","og_url":"https:\/\/www.allthingsstone.com\/ca-fr\/product\/sawn-height-colonial-brick-stone\/","og_site_name":"CSI - Canadian Stone Industries FR","article_modified_time":"2024-09-27T20:23:03+00:00","og_image":[{"width":459,"height":339,"url":"https:\/\/www.allthingsstone.com\/ca-fr\/wp-content\/uploads\/sites\/12\/2023\/04\/Colonial-Brick-Stone-Sawn-Height-1.jpg","type":"image\/jpeg"}],"twitter_card":"summary_large_image","twitter_misc":{"Est. reading time":"1 minute"},"schema":{"@context":"https:\/\/schema.org","@graph":[{"@type":"WebPage","@id":"https:\/\/www.allthingsstone.com\/ca-fr\/product\/sawn-height-colonial-brick-stone\/","url":"https:\/\/www.allthingsstone.com\/ca-fr\/product\/sawn-height-colonial-brick-stone\/","name":"Sawn Height de Colonial Brick & Stone Inc. | CSI CA-FR","isPartOf":{"@id":"https:\/\/www.allthingsstone.com\/ca-fr\/#website"},"datePublished":"2023-04-12T18:55:14+00:00","dateModified":"2024-09-27T20:23:03+00:00","description":"Sawn Height est une pierre taill\u00e9e de quatre hauteurs diff\u00e9rentes. Ces hauteurs permettent \u00e0 la pierre de s\u2019agencer avec un joint de mortier d\u2019un demi-pouce entre chaque pi\u00e8ce.","breadcrumb":{"@id":"https:\/\/www.allthingsstone.com\/ca-fr\/product\/sawn-height-colonial-brick-stone\/#breadcrumb"},"inLanguage":"en-CA","potentialAction":[{"@type":"ReadAction","target":["https:\/\/www.allthingsstone.com\/ca-fr\/product\/sawn-height-colonial-brick-stone\/"]}]},{"@type":"BreadcrumbList","@id":"https:\/\/www.allthingsstone.com\/ca-fr\/product\/sawn-height-colonial-brick-stone\/#breadcrumb","itemListElement":[{"@type":"ListItem","position":1,"name":"Home","item":"https:\/\/www.allthingsstone.com\/ca-fr\/"},{"@type":"ListItem","position":2,"name":"Sawn Height &#8211; Colonial Brick &amp; Stone"}]},{"@type":"WebSite","@id":"https:\/\/www.allthingsstone.com\/ca-fr\/#website","url":"https:\/\/www.allthingsstone.com\/ca-fr\/","name":"CSI - Canadian Stone Industries FR","description":"","potentialAction":[{"@type":"SearchAction","target":{"@type":"EntryPoint","urlTemplate":"https:\/\/www.allthingsstone.com\/ca-fr\/?s={search_term_string}"},"query-input":"required name=search_term_string"}],"inLanguage":"en-CA"}]}},"_links":{"self":[{"href":"https:\/\/www.allthingsstone.com\/ca-fr\/wp-json\/wp\/v2\/product\/18574","targetHints":{"allow":["GET"]}}],"collection":[{"href":"https:\/\/www.allthingsstone.com\/ca-fr\/wp-json\/wp\/v2\/product"}],"about":[{"href":"https:\/\/www.allthingsstone.com\/ca-fr\/wp-json\/wp\/v2\/types\/product"}],"replies":[{"embeddable":true,"href":"https:\/\/www.allthingsstone.com\/ca-fr\/wp-json\/wp\/v2\/comments?post=18574"}],"wp:featuredmedia":[{"embeddable":true,"href":"https:\/\/www.allthingsstone.com\/ca-fr\/wp-json\/wp\/v2\/media\/19198"}],"wp:attachment":[{"href":"https:\/\/www.allthingsstone.com\/ca-fr\/wp-json\/wp\/v2\/media?parent=18574"}],"wp:term":[{"taxonomy":"product_cat","embeddable":true,"href":"https:\/\/www.allthingsstone.com\/ca-fr\/wp-json\/wp\/v2\/product_cat?post=18574"},{"taxonomy":"product_tag","embeddable":true,"href":"https:\/\/www.allthingsstone.com\/ca-fr\/wp-json\/wp\/v2\/product_tag?post=18574"}],"curies":[{"name":"wp","href":"https:\/\/api.w.org\/{rel}","templated":true}]}}