{"id":18300,"date":"2023-01-31T12:03:59","date_gmt":"2023-01-31T17:03:59","guid":{"rendered":"https:\/\/www.allthingsstone.com\/ca-fr\/?post_type=product&#038;p=18300"},"modified":"2025-02-20T11:34:21","modified_gmt":"2025-02-20T16:34:21","slug":"tenley-brick-cultured-stone","status":"publish","type":"product","link":"https:\/\/www.allthingsstone.com\/ca-fr\/product\/tenley-brick-cultured-stone\/","title":{"rendered":"Tenley Brick &#8211; Cultured Stone"},"content":{"rendered":"<div id=\"pl-18300\"  class=\"panel-layout\" ><div id=\"pg-18300-0\"  class=\"panel-grid panel-no-style\" ><div id=\"pgc-18300-0-0\"  class=\"panel-grid-cell\" ><div id=\"panel-18300-0-0-0\" class=\"so-panel widget widget_sow-editor panel-first-child\" data-index=\"0\" ><div\n\t\t\t\n\t\t\tclass=\"so-widget-sow-editor so-widget-sow-editor-base\"\n\t\t\t\n\t\t>\n<div class=\"siteorigin-widget-tinymce textwidget\">\n\t<p>Tenley Brick\u2122 offre une allure dimensionnelle, avec des transitions tonales subtiles qui \u00e9voquent une esth\u00e9tique moderne et organique. La forme lin\u00e9aire \u00e9pur\u00e9e de la brique et les variations d'\u00e9paisseur pr\u00e9vues se combinent pour offrir une interaction invitante et dynamique entre les dispositions horizontales et verticales. Tenley Brick est con\u00e7u pour ne pas affleurer compl\u00e8tement, ajoutant ainsi un \u00e9l\u00e9ment de profondeur et de texture. Ce choix permet d\u2019explorer des options uniques de liaison et de motif, offrant ainsi une toile expressive pour des possibilit\u00e9s de conception innovantes.<\/p>\n<\/div>\n<\/div><\/div><div id=\"panel-18300-0-0-1\" class=\"so-panel widget widget_sow-editor panel-last-child\" data-index=\"1\" ><div\n\t\t\t\n\t\t\tclass=\"so-widget-sow-editor so-widget-sow-editor-base\"\n\t\t\t\n\t\t>\n<div class=\"siteorigin-widget-tinymce textwidget\">\n\t<p>Pour trouver un d\u00e9taillant Tenley Brick\u2122 de Cultured Stone<sup>\u00ae<\/sup>\u00a0dans votre r\u00e9gion cliquez sur\u00a0<strong><a href=\"https:\/\/www.allthingsstone.com\/ca-fr\/ou-acheter\/\">O\u00f9 acheter<\/a><\/strong>.<\/p>\n<\/div>\n<\/div><\/div><\/div><\/div><\/div>","protected":false},"excerpt":{"rendered":"<p>Tenley Brick\u2122 offre une allure dimensionnelle, avec des transitions tonales subtiles qui \u00e9voquent une esth\u00e9tique moderne et organique. La forme lin\u00e9aire \u00e9pur\u00e9e de la brique &hellip; <a href=\"https:\/\/www.allthingsstone.com\/ca-fr\/product\/tenley-brick-cultured-stone\/\">Continued<\/a><\/p>\n","protected":false},"featured_media":18301,"comment_status":"closed","ping_status":"closed","template":"","meta":{"inline_featured_image":false,"_mi_skip_tracking":false,"_exactmetrics_sitenote_active":false,"_exactmetrics_sitenote_note":"","_exactmetrics_sitenote_category":0},"product_cat":[6536],"product_tag":[],"class_list":["post-18300","product","type-product","status-publish","has-post-thumbnail","hentry","product_cat-placage-de-brique","brands-cultured-brick-de-cultured-stone","brands-cultured-stone","single_resource-cultured-stone-resouces"],"acf":[],"yoast_head":"<!-- This site is optimized with the Yoast SEO Premium plugin v21.6 (Yoast SEO v21.6) - https:\/\/yoast.com\/wordpress\/plugins\/seo\/ -->\n<title>Tenley Brick\u2122 de Cultured Stone\u00ae | CSI CA-FR<\/title>\n<meta name=\"robots\" content=\"index, follow, max-snippet:-1, max-image-preview:large, max-video-preview:-1\" \/>\n<link rel=\"canonical\" href=\"https:\/\/www.allthingsstone.com\/ca-fr\/product\/tenley-brick-cultured-stone\/\" \/>\n<meta property=\"og:locale\" content=\"en_US\" \/>\n<meta property=\"og:type\" content=\"article\" \/>\n<meta property=\"og:title\" content=\"Tenley Brick - Cultured Stone\" \/>\n<meta property=\"og:description\" content=\"Tenley Brick\u2122 offre une allure dimensionnelle, avec des transitions tonales subtiles qui \u00e9voquent une esth\u00e9tique moderne et organique. La forme lin\u00e9aire \u00e9pur\u00e9e de la brique &hellip; Continued\" \/>\n<meta property=\"og:url\" content=\"https:\/\/www.allthingsstone.com\/ca-fr\/product\/tenley-brick-cultured-stone\/\" \/>\n<meta property=\"og:site_name\" content=\"CSI - Canadian Stone Industries FR\" \/>\n<meta property=\"article:modified_time\" content=\"2025-02-20T16:34:21+00:00\" \/>\n<meta property=\"og:image\" content=\"https:\/\/www.allthingsstone.com\/ca-fr\/wp-content\/uploads\/sites\/12\/2023\/01\/Cultured-Stone-Tenley-Brick.jpg\" \/>\n\t<meta property=\"og:image:width\" content=\"459\" \/>\n\t<meta property=\"og:image:height\" content=\"339\" \/>\n\t<meta property=\"og:image:type\" content=\"image\/jpeg\" \/>\n<meta name=\"twitter:card\" content=\"summary_large_image\" \/>\n<meta name=\"twitter:label1\" content=\"Est. reading time\" \/>\n\t<meta name=\"twitter:data1\" content=\"1 minute\" \/>\n<script type=\"application\/ld+json\" class=\"yoast-schema-graph\">{\"@context\":\"https:\/\/schema.org\",\"@graph\":[{\"@type\":\"WebPage\",\"@id\":\"https:\/\/www.allthingsstone.com\/ca-fr\/product\/tenley-brick-cultured-stone\/\",\"url\":\"https:\/\/www.allthingsstone.com\/ca-fr\/product\/tenley-brick-cultured-stone\/\",\"name\":\"Tenley Brick\u2122 de Cultured Stone\u00ae | CSI CA-FR\",\"isPartOf\":{\"@id\":\"https:\/\/www.allthingsstone.com\/ca-fr\/#website\"},\"datePublished\":\"2023-01-31T17:03:59+00:00\",\"dateModified\":\"2025-02-20T16:34:21+00:00\",\"breadcrumb\":{\"@id\":\"https:\/\/www.allthingsstone.com\/ca-fr\/product\/tenley-brick-cultured-stone\/#breadcrumb\"},\"inLanguage\":\"en-CA\",\"potentialAction\":[{\"@type\":\"ReadAction\",\"target\":[\"https:\/\/www.allthingsstone.com\/ca-fr\/product\/tenley-brick-cultured-stone\/\"]}]},{\"@type\":\"BreadcrumbList\",\"@id\":\"https:\/\/www.allthingsstone.com\/ca-fr\/product\/tenley-brick-cultured-stone\/#breadcrumb\",\"itemListElement\":[{\"@type\":\"ListItem\",\"position\":1,\"name\":\"Home\",\"item\":\"https:\/\/www.allthingsstone.com\/ca-fr\/\"},{\"@type\":\"ListItem\",\"position\":2,\"name\":\"Tenley Brick &#8211; Cultured Stone\"}]},{\"@type\":\"WebSite\",\"@id\":\"https:\/\/www.allthingsstone.com\/ca-fr\/#website\",\"url\":\"https:\/\/www.allthingsstone.com\/ca-fr\/\",\"name\":\"CSI - Canadian Stone Industries FR\",\"description\":\"\",\"potentialAction\":[{\"@type\":\"SearchAction\",\"target\":{\"@type\":\"EntryPoint\",\"urlTemplate\":\"https:\/\/www.allthingsstone.com\/ca-fr\/?s={search_term_string}\"},\"query-input\":\"required name=search_term_string\"}],\"inLanguage\":\"en-CA\"}]}<\/script>\n<!-- \/ Yoast SEO Premium plugin. -->","yoast_head_json":{"title":"Tenley Brick\u2122 de Cultured Stone\u00ae | CSI CA-FR","robots":{"index":"index","follow":"follow","max-snippet":"max-snippet:-1","max-image-preview":"max-image-preview:large","max-video-preview":"max-video-preview:-1"},"canonical":"https:\/\/www.allthingsstone.com\/ca-fr\/product\/tenley-brick-cultured-stone\/","og_locale":"en_US","og_type":"article","og_title":"Tenley Brick - Cultured Stone","og_description":"Tenley Brick\u2122 offre une allure dimensionnelle, avec des transitions tonales subtiles qui \u00e9voquent une esth\u00e9tique moderne et organique. La forme lin\u00e9aire \u00e9pur\u00e9e de la brique &hellip; Continued","og_url":"https:\/\/www.allthingsstone.com\/ca-fr\/product\/tenley-brick-cultured-stone\/","og_site_name":"CSI - Canadian Stone Industries FR","article_modified_time":"2025-02-20T16:34:21+00:00","og_image":[{"width":459,"height":339,"url":"https:\/\/www.allthingsstone.com\/ca-fr\/wp-content\/uploads\/sites\/12\/2023\/01\/Cultured-Stone-Tenley-Brick.jpg","type":"image\/jpeg"}],"twitter_card":"summary_large_image","twitter_misc":{"Est. reading time":"1 minute"},"schema":{"@context":"https:\/\/schema.org","@graph":[{"@type":"WebPage","@id":"https:\/\/www.allthingsstone.com\/ca-fr\/product\/tenley-brick-cultured-stone\/","url":"https:\/\/www.allthingsstone.com\/ca-fr\/product\/tenley-brick-cultured-stone\/","name":"Tenley Brick\u2122 de Cultured Stone\u00ae | CSI CA-FR","isPartOf":{"@id":"https:\/\/www.allthingsstone.com\/ca-fr\/#website"},"datePublished":"2023-01-31T17:03:59+00:00","dateModified":"2025-02-20T16:34:21+00:00","breadcrumb":{"@id":"https:\/\/www.allthingsstone.com\/ca-fr\/product\/tenley-brick-cultured-stone\/#breadcrumb"},"inLanguage":"en-CA","potentialAction":[{"@type":"ReadAction","target":["https:\/\/www.allthingsstone.com\/ca-fr\/product\/tenley-brick-cultured-stone\/"]}]},{"@type":"BreadcrumbList","@id":"https:\/\/www.allthingsstone.com\/ca-fr\/product\/tenley-brick-cultured-stone\/#breadcrumb","itemListElement":[{"@type":"ListItem","position":1,"name":"Home","item":"https:\/\/www.allthingsstone.com\/ca-fr\/"},{"@type":"ListItem","position":2,"name":"Tenley Brick &#8211; Cultured Stone"}]},{"@type":"WebSite","@id":"https:\/\/www.allthingsstone.com\/ca-fr\/#website","url":"https:\/\/www.allthingsstone.com\/ca-fr\/","name":"CSI - Canadian Stone Industries FR","description":"","potentialAction":[{"@type":"SearchAction","target":{"@type":"EntryPoint","urlTemplate":"https:\/\/www.allthingsstone.com\/ca-fr\/?s={search_term_string}"},"query-input":"required name=search_term_string"}],"inLanguage":"en-CA"}]}},"_links":{"self":[{"href":"https:\/\/www.allthingsstone.com\/ca-fr\/wp-json\/wp\/v2\/product\/18300","targetHints":{"allow":["GET"]}}],"collection":[{"href":"https:\/\/www.allthingsstone.com\/ca-fr\/wp-json\/wp\/v2\/product"}],"about":[{"href":"https:\/\/www.allthingsstone.com\/ca-fr\/wp-json\/wp\/v2\/types\/product"}],"replies":[{"embeddable":true,"href":"https:\/\/www.allthingsstone.com\/ca-fr\/wp-json\/wp\/v2\/comments?post=18300"}],"wp:featuredmedia":[{"embeddable":true,"href":"https:\/\/www.allthingsstone.com\/ca-fr\/wp-json\/wp\/v2\/media\/18301"}],"wp:attachment":[{"href":"https:\/\/www.allthingsstone.com\/ca-fr\/wp-json\/wp\/v2\/media?parent=18300"}],"wp:term":[{"taxonomy":"product_cat","embeddable":true,"href":"https:\/\/www.allthingsstone.com\/ca-fr\/wp-json\/wp\/v2\/product_cat?post=18300"},{"taxonomy":"product_tag","embeddable":true,"href":"https:\/\/www.allthingsstone.com\/ca-fr\/wp-json\/wp\/v2\/product_tag?post=18300"}],"curies":[{"name":"wp","href":"https:\/\/api.w.org\/{rel}","templated":true}]}}