{"id":17891,"date":"2022-08-04T12:20:10","date_gmt":"2022-08-04T16:20:10","guid":{"rendered":"https:\/\/www.allthingsstone.com\/ca-fr\/?post_type=product&#038;p=17891"},"modified":"2022-09-20T17:20:11","modified_gmt":"2022-09-20T21:20:11","slug":"rough-ashlar-dutch-quality","status":"publish","type":"product","link":"https:\/\/www.allthingsstone.com\/ca-fr\/product\/rough-ashlar-dutch-quality\/","title":{"rendered":"Rough Ashlar Dutch Quality"},"content":{"rendered":"<div id=\"pl-17891\"  class=\"panel-layout\" ><div id=\"pg-17891-0\"  class=\"panel-grid panel-no-style\" ><div id=\"pgc-17891-0-0\"  class=\"panel-grid-cell\" ><div id=\"panel-17891-0-0-0\" class=\"so-panel widget widget_sow-editor panel-first-child\" data-index=\"0\" ><div\n\t\t\t\n\t\t\tclass=\"so-widget-sow-editor so-widget-sow-editor-base\"\n\t\t\t\n\t\t>\n<div class=\"siteorigin-widget-tinymce textwidget\">\n\t<p>Rough Ashlar\u2122 est un profil classique de pierres taill\u00e9es dont la taille et la texture varient, offrant un effet visuel int\u00e9ressant et de la profondeur. Ses caract\u00e9ristiques et ses pierres de diff\u00e9rentes tailles sont accentu\u00e9es d\u2019une palette de couleurs fra\u00eeches qui saura convenir aux styles traditionnel et contemporain!<\/p>\n<p>La pierre de taille \u00e9tant utilis\u00e9e depuis des si\u00e8cles, chaque produit de la gamme Dutch Quality Stone\u00ae fait honneur aux vestiges antiques. Ce nouveau profil offre une touche chaleureuse et traditionnelle pour vos projets int\u00e9rieurs et ext\u00e9rieurs. Rough Ashlar est un choix id\u00e9al si vous souhaitez conserver un style traditionnel tout en mettant en valeur une palette de couleurs contemporaines.<\/p>\n<\/div>\n<\/div><\/div><div id=\"panel-17891-0-0-1\" class=\"so-panel widget widget_sow-editor panel-last-child\" data-index=\"1\" ><div\n\t\t\t\n\t\t\tclass=\"so-widget-sow-editor so-widget-sow-editor-base\"\n\t\t\t\n\t\t>\n<div class=\"siteorigin-widget-tinymce textwidget\">\n\t<p>Pour trouver un d\u00e9taillant Dutch Quality dans votre r\u00e9gion, cliquez sur\u00a0<a href=\"https:\/\/www.allthingsstone.com\/ca-fr\/ou-acheter\/\"><strong>O\u00f9 acheter<\/strong><\/a>.<\/p>\n<\/div>\n<\/div><\/div><\/div><\/div><\/div>","protected":false},"excerpt":{"rendered":"<p>Rough Ashlar\u2122 est un profil classique de pierres taill\u00e9es dont la taille et la texture varient, offrant un effet visuel int\u00e9ressant et de la profondeur. &hellip; <a href=\"https:\/\/www.allthingsstone.com\/ca-fr\/product\/rough-ashlar-dutch-quality\/\">Continued<\/a><\/p>\n","protected":false},"featured_media":17892,"comment_status":"closed","ping_status":"closed","template":"","meta":{"inline_featured_image":false,"_mi_skip_tracking":false,"_exactmetrics_sitenote_active":false,"_exactmetrics_sitenote_note":"","_exactmetrics_sitenote_category":0},"product_cat":[6537],"product_tag":[],"class_list":["post-17891","product","type-product","status-publish","has-post-thumbnail","hentry","product_cat-placage-de-pierre-usinee","brands-dutch-quality","single_resource-dutch-quality"],"acf":[],"yoast_head":"<!-- This site is optimized with the Yoast SEO Premium plugin v21.6 (Yoast SEO v21.6) - https:\/\/yoast.com\/wordpress\/plugins\/seo\/ -->\n<title>Rough Ashlar\u2122 par Dutch Quality | CSI CA-FR<\/title>\n<meta name=\"description\" content=\"Rough Ashlar\u2122 est un profil classique de pierres taill\u00e9es dont la taille et la texture varient, offrant un effet visuel int\u00e9ressant et de la profondeur.\" \/>\n<meta name=\"robots\" content=\"index, follow, max-snippet:-1, max-image-preview:large, max-video-preview:-1\" \/>\n<link rel=\"canonical\" href=\"https:\/\/www.allthingsstone.com\/ca-fr\/product\/rough-ashlar-dutch-quality\/\" \/>\n<meta property=\"og:locale\" content=\"en_US\" \/>\n<meta property=\"og:type\" content=\"article\" \/>\n<meta property=\"og:title\" content=\"Rough Ashlar Dutch Quality\" \/>\n<meta property=\"og:description\" content=\"Rough Ashlar\u2122 est un profil classique de pierres taill\u00e9es dont la taille et la texture varient, offrant un effet visuel int\u00e9ressant et de la profondeur.\" \/>\n<meta property=\"og:url\" content=\"https:\/\/www.allthingsstone.com\/ca-fr\/product\/rough-ashlar-dutch-quality\/\" \/>\n<meta property=\"og:site_name\" content=\"CSI - Canadian Stone Industries FR\" \/>\n<meta property=\"article:modified_time\" content=\"2022-09-20T21:20:11+00:00\" \/>\n<meta property=\"og:image\" content=\"https:\/\/www.allthingsstone.com\/ca-fr\/wp-content\/uploads\/sites\/12\/2022\/08\/Rough-Ashlar-by-Dutch-Quality-Stone.jpg\" \/>\n\t<meta property=\"og:image:width\" content=\"459\" \/>\n\t<meta property=\"og:image:height\" content=\"339\" \/>\n\t<meta property=\"og:image:type\" content=\"image\/jpeg\" \/>\n<meta name=\"twitter:card\" content=\"summary_large_image\" \/>\n<meta name=\"twitter:label1\" content=\"Est. reading time\" \/>\n\t<meta name=\"twitter:data1\" content=\"1 minute\" \/>\n<script type=\"application\/ld+json\" class=\"yoast-schema-graph\">{\"@context\":\"https:\/\/schema.org\",\"@graph\":[{\"@type\":\"WebPage\",\"@id\":\"https:\/\/www.allthingsstone.com\/ca-fr\/product\/rough-ashlar-dutch-quality\/\",\"url\":\"https:\/\/www.allthingsstone.com\/ca-fr\/product\/rough-ashlar-dutch-quality\/\",\"name\":\"Rough Ashlar\u2122 par Dutch Quality | CSI CA-FR\",\"isPartOf\":{\"@id\":\"https:\/\/www.allthingsstone.com\/ca-fr\/#website\"},\"datePublished\":\"2022-08-04T16:20:10+00:00\",\"dateModified\":\"2022-09-20T21:20:11+00:00\",\"description\":\"Rough Ashlar\u2122 est un profil classique de pierres taill\u00e9es dont la taille et la texture varient, offrant un effet visuel int\u00e9ressant et de la profondeur.\",\"breadcrumb\":{\"@id\":\"https:\/\/www.allthingsstone.com\/ca-fr\/product\/rough-ashlar-dutch-quality\/#breadcrumb\"},\"inLanguage\":\"en-CA\",\"potentialAction\":[{\"@type\":\"ReadAction\",\"target\":[\"https:\/\/www.allthingsstone.com\/ca-fr\/product\/rough-ashlar-dutch-quality\/\"]}]},{\"@type\":\"BreadcrumbList\",\"@id\":\"https:\/\/www.allthingsstone.com\/ca-fr\/product\/rough-ashlar-dutch-quality\/#breadcrumb\",\"itemListElement\":[{\"@type\":\"ListItem\",\"position\":1,\"name\":\"Home\",\"item\":\"https:\/\/www.allthingsstone.com\/ca-fr\/\"},{\"@type\":\"ListItem\",\"position\":2,\"name\":\"Rough Ashlar Dutch Quality\"}]},{\"@type\":\"WebSite\",\"@id\":\"https:\/\/www.allthingsstone.com\/ca-fr\/#website\",\"url\":\"https:\/\/www.allthingsstone.com\/ca-fr\/\",\"name\":\"CSI - Canadian Stone Industries FR\",\"description\":\"\",\"potentialAction\":[{\"@type\":\"SearchAction\",\"target\":{\"@type\":\"EntryPoint\",\"urlTemplate\":\"https:\/\/www.allthingsstone.com\/ca-fr\/?s={search_term_string}\"},\"query-input\":\"required name=search_term_string\"}],\"inLanguage\":\"en-CA\"}]}<\/script>\n<!-- \/ Yoast SEO Premium plugin. -->","yoast_head_json":{"title":"Rough Ashlar\u2122 par Dutch Quality | CSI CA-FR","description":"Rough Ashlar\u2122 est un profil classique de pierres taill\u00e9es dont la taille et la texture varient, offrant un effet visuel int\u00e9ressant et de la profondeur.","robots":{"index":"index","follow":"follow","max-snippet":"max-snippet:-1","max-image-preview":"max-image-preview:large","max-video-preview":"max-video-preview:-1"},"canonical":"https:\/\/www.allthingsstone.com\/ca-fr\/product\/rough-ashlar-dutch-quality\/","og_locale":"en_US","og_type":"article","og_title":"Rough Ashlar Dutch Quality","og_description":"Rough Ashlar\u2122 est un profil classique de pierres taill\u00e9es dont la taille et la texture varient, offrant un effet visuel int\u00e9ressant et de la profondeur.","og_url":"https:\/\/www.allthingsstone.com\/ca-fr\/product\/rough-ashlar-dutch-quality\/","og_site_name":"CSI - Canadian Stone Industries FR","article_modified_time":"2022-09-20T21:20:11+00:00","og_image":[{"width":459,"height":339,"url":"https:\/\/www.allthingsstone.com\/ca-fr\/wp-content\/uploads\/sites\/12\/2022\/08\/Rough-Ashlar-by-Dutch-Quality-Stone.jpg","type":"image\/jpeg"}],"twitter_card":"summary_large_image","twitter_misc":{"Est. reading time":"1 minute"},"schema":{"@context":"https:\/\/schema.org","@graph":[{"@type":"WebPage","@id":"https:\/\/www.allthingsstone.com\/ca-fr\/product\/rough-ashlar-dutch-quality\/","url":"https:\/\/www.allthingsstone.com\/ca-fr\/product\/rough-ashlar-dutch-quality\/","name":"Rough Ashlar\u2122 par Dutch Quality | CSI CA-FR","isPartOf":{"@id":"https:\/\/www.allthingsstone.com\/ca-fr\/#website"},"datePublished":"2022-08-04T16:20:10+00:00","dateModified":"2022-09-20T21:20:11+00:00","description":"Rough Ashlar\u2122 est un profil classique de pierres taill\u00e9es dont la taille et la texture varient, offrant un effet visuel int\u00e9ressant et de la profondeur.","breadcrumb":{"@id":"https:\/\/www.allthingsstone.com\/ca-fr\/product\/rough-ashlar-dutch-quality\/#breadcrumb"},"inLanguage":"en-CA","potentialAction":[{"@type":"ReadAction","target":["https:\/\/www.allthingsstone.com\/ca-fr\/product\/rough-ashlar-dutch-quality\/"]}]},{"@type":"BreadcrumbList","@id":"https:\/\/www.allthingsstone.com\/ca-fr\/product\/rough-ashlar-dutch-quality\/#breadcrumb","itemListElement":[{"@type":"ListItem","position":1,"name":"Home","item":"https:\/\/www.allthingsstone.com\/ca-fr\/"},{"@type":"ListItem","position":2,"name":"Rough Ashlar Dutch Quality"}]},{"@type":"WebSite","@id":"https:\/\/www.allthingsstone.com\/ca-fr\/#website","url":"https:\/\/www.allthingsstone.com\/ca-fr\/","name":"CSI - Canadian Stone Industries FR","description":"","potentialAction":[{"@type":"SearchAction","target":{"@type":"EntryPoint","urlTemplate":"https:\/\/www.allthingsstone.com\/ca-fr\/?s={search_term_string}"},"query-input":"required name=search_term_string"}],"inLanguage":"en-CA"}]}},"_links":{"self":[{"href":"https:\/\/www.allthingsstone.com\/ca-fr\/wp-json\/wp\/v2\/product\/17891","targetHints":{"allow":["GET"]}}],"collection":[{"href":"https:\/\/www.allthingsstone.com\/ca-fr\/wp-json\/wp\/v2\/product"}],"about":[{"href":"https:\/\/www.allthingsstone.com\/ca-fr\/wp-json\/wp\/v2\/types\/product"}],"replies":[{"embeddable":true,"href":"https:\/\/www.allthingsstone.com\/ca-fr\/wp-json\/wp\/v2\/comments?post=17891"}],"wp:featuredmedia":[{"embeddable":true,"href":"https:\/\/www.allthingsstone.com\/ca-fr\/wp-json\/wp\/v2\/media\/17892"}],"wp:attachment":[{"href":"https:\/\/www.allthingsstone.com\/ca-fr\/wp-json\/wp\/v2\/media?parent=17891"}],"wp:term":[{"taxonomy":"product_cat","embeddable":true,"href":"https:\/\/www.allthingsstone.com\/ca-fr\/wp-json\/wp\/v2\/product_cat?post=17891"},{"taxonomy":"product_tag","embeddable":true,"href":"https:\/\/www.allthingsstone.com\/ca-fr\/wp-json\/wp\/v2\/product_tag?post=17891"}],"curies":[{"name":"wp","href":"https:\/\/api.w.org\/{rel}","templated":true}]}}