{"id":15926,"date":"2020-11-19T13:29:57","date_gmt":"2020-11-19T18:29:57","guid":{"rendered":"http:\/\/www.allthingsstone.com\/ca-fr\/?post_type=product&#038;p=15926"},"modified":"2022-09-20T17:20:44","modified_gmt":"2022-09-20T21:20:44","slug":"tuscan-ridge-dutch-quality","status":"publish","type":"product","link":"https:\/\/www.allthingsstone.com\/ca-fr\/product\/tuscan-ridge-dutch-quality\/","title":{"rendered":"Tuscan Ridge Dutch Quality"},"content":{"rendered":"<div id=\"pl-15926\"  class=\"panel-layout\" ><div id=\"pg-15926-0\"  class=\"panel-grid panel-no-style\" ><div id=\"pgc-15926-0-0\"  class=\"panel-grid-cell\" ><div id=\"panel-15926-0-0-0\" class=\"so-panel widget widget_sow-editor panel-first-child\" data-index=\"0\" ><div\n\t\t\t\n\t\t\tclass=\"so-widget-sow-editor so-widget-sow-editor-base\"\n\t\t\t\n\t\t>\n<div class=\"siteorigin-widget-tinymce textwidget\">\n\t<p>Tuscan Ridge de Dutch Quality pr\u00e9sente une combinaison de grandes formes, cr\u00e9ant une impression de ma\u00e7onnerie en pierre italienne traditionnelle. Tuscan Ridge permet \u00e0 chaque installation d'avoir son propre mod\u00e8le personnalis\u00e9 unique.<\/p>\n<\/div>\n<\/div><\/div><div id=\"panel-15926-0-0-1\" class=\"so-panel widget widget_sow-editor panel-last-child\" data-index=\"1\" ><div\n\t\t\t\n\t\t\tclass=\"so-widget-sow-editor so-widget-sow-editor-base\"\n\t\t\t\n\t\t>\n<div class=\"siteorigin-widget-tinymce textwidget\">\n\t<p>Pour trouver un d\u00e9taillant Dutch Quality dans votre r\u00e9gion, cliquez sur\u00a0<a href=\"https:\/\/www.allthingsstone.com\/ca-fr\/ou-acheter\/\"><strong>O\u00f9 acheter<\/strong><\/a>.<\/p>\n<\/div>\n<\/div><\/div><\/div><\/div><\/div>","protected":false},"excerpt":{"rendered":"<p>Tuscan Ridge de Dutch Quality pr\u00e9sente une combinaison de grandes formes, cr\u00e9ant une impression de ma\u00e7onnerie en pierre italienne traditionnelle. Tuscan Ridge permet \u00e0 chaque &hellip; <a href=\"https:\/\/www.allthingsstone.com\/ca-fr\/product\/tuscan-ridge-dutch-quality\/\">Continued<\/a><\/p>\n","protected":false},"featured_media":15927,"comment_status":"open","ping_status":"closed","template":"","meta":{"inline_featured_image":false,"_mi_skip_tracking":false,"_exactmetrics_sitenote_active":false,"_exactmetrics_sitenote_note":"","_exactmetrics_sitenote_category":0},"product_cat":[6537],"product_tag":[8939],"class_list":["post-15926","product","type-product","status-publish","has-post-thumbnail","hentry","product_cat-placage-de-pierre-usinee","product_tag-dutch-quality-textures","brands-dutch-quality","single_resource-dutch-quality"],"acf":[],"yoast_head":"<!-- This site is optimized with the Yoast SEO Premium plugin v21.6 (Yoast SEO v21.6) - https:\/\/yoast.com\/wordpress\/plugins\/seo\/ -->\n<title>Tuscan Ridge de Dutch Quality Stone | CSI CAN-FR<\/title>\n<meta name=\"description\" content=\"Tuscan Ridge de Dutch Quality pr\u00e9sente une combinaison de grandes formes, cr\u00e9ant une impression de ma\u00e7onnerie en pierre italienne traditionnelle. Tuscan Ridge permet \u00e0 chaque installation d&#039;avoir son propre mod\u00e8le personnalis\u00e9 unique.\" \/>\n<meta name=\"robots\" content=\"index, follow, max-snippet:-1, max-image-preview:large, max-video-preview:-1\" \/>\n<link rel=\"canonical\" href=\"https:\/\/www.allthingsstone.com\/ca-fr\/product\/tuscan-ridge-dutch-quality\/\" \/>\n<meta property=\"og:locale\" content=\"en_US\" \/>\n<meta property=\"og:type\" content=\"article\" \/>\n<meta property=\"og:title\" content=\"Tuscan Ridge Dutch Quality\" \/>\n<meta property=\"og:description\" content=\"Tuscan Ridge de Dutch Quality pr\u00e9sente une combinaison de grandes formes, cr\u00e9ant une impression de ma\u00e7onnerie en pierre italienne traditionnelle. Tuscan Ridge permet \u00e0 chaque installation d&#039;avoir son propre mod\u00e8le personnalis\u00e9 unique.\" \/>\n<meta property=\"og:url\" content=\"https:\/\/www.allthingsstone.com\/ca-fr\/product\/tuscan-ridge-dutch-quality\/\" \/>\n<meta property=\"og:site_name\" content=\"CSI - Canadian Stone Industries FR\" \/>\n<meta property=\"article:modified_time\" content=\"2022-09-20T21:20:44+00:00\" \/>\n<meta property=\"og:image\" content=\"https:\/\/www.allthingsstone.com\/ca-fr\/wp-content\/uploads\/sites\/12\/2020\/11\/Tuscan-Ridge-Dutch-Quality-Stone.jpg\" \/>\n\t<meta property=\"og:image:width\" content=\"459\" \/>\n\t<meta property=\"og:image:height\" content=\"339\" \/>\n\t<meta property=\"og:image:type\" content=\"image\/jpeg\" \/>\n<meta name=\"twitter:card\" content=\"summary_large_image\" \/>\n<meta name=\"twitter:label1\" content=\"Est. reading time\" \/>\n\t<meta name=\"twitter:data1\" content=\"1 minute\" \/>\n<script type=\"application\/ld+json\" class=\"yoast-schema-graph\">{\"@context\":\"https:\/\/schema.org\",\"@graph\":[{\"@type\":\"WebPage\",\"@id\":\"https:\/\/www.allthingsstone.com\/ca-fr\/product\/tuscan-ridge-dutch-quality\/\",\"url\":\"https:\/\/www.allthingsstone.com\/ca-fr\/product\/tuscan-ridge-dutch-quality\/\",\"name\":\"Tuscan Ridge de Dutch Quality Stone | CSI CAN-FR\",\"isPartOf\":{\"@id\":\"https:\/\/www.allthingsstone.com\/ca-fr\/#website\"},\"datePublished\":\"2020-11-19T18:29:57+00:00\",\"dateModified\":\"2022-09-20T21:20:44+00:00\",\"description\":\"Tuscan Ridge de Dutch Quality pr\u00e9sente une combinaison de grandes formes, cr\u00e9ant une impression de ma\u00e7onnerie en pierre italienne traditionnelle. Tuscan Ridge permet \u00e0 chaque installation d'avoir son propre mod\u00e8le personnalis\u00e9 unique.\",\"breadcrumb\":{\"@id\":\"https:\/\/www.allthingsstone.com\/ca-fr\/product\/tuscan-ridge-dutch-quality\/#breadcrumb\"},\"inLanguage\":\"en-CA\",\"potentialAction\":[{\"@type\":\"ReadAction\",\"target\":[\"https:\/\/www.allthingsstone.com\/ca-fr\/product\/tuscan-ridge-dutch-quality\/\"]}]},{\"@type\":\"BreadcrumbList\",\"@id\":\"https:\/\/www.allthingsstone.com\/ca-fr\/product\/tuscan-ridge-dutch-quality\/#breadcrumb\",\"itemListElement\":[{\"@type\":\"ListItem\",\"position\":1,\"name\":\"Home\",\"item\":\"https:\/\/www.allthingsstone.com\/ca-fr\/\"},{\"@type\":\"ListItem\",\"position\":2,\"name\":\"Tuscan Ridge Dutch Quality\"}]},{\"@type\":\"WebSite\",\"@id\":\"https:\/\/www.allthingsstone.com\/ca-fr\/#website\",\"url\":\"https:\/\/www.allthingsstone.com\/ca-fr\/\",\"name\":\"CSI - Canadian Stone Industries FR\",\"description\":\"\",\"potentialAction\":[{\"@type\":\"SearchAction\",\"target\":{\"@type\":\"EntryPoint\",\"urlTemplate\":\"https:\/\/www.allthingsstone.com\/ca-fr\/?s={search_term_string}\"},\"query-input\":\"required name=search_term_string\"}],\"inLanguage\":\"en-CA\"}]}<\/script>\n<!-- \/ Yoast SEO Premium plugin. -->","yoast_head_json":{"title":"Tuscan Ridge de Dutch Quality Stone | CSI CAN-FR","description":"Tuscan Ridge de Dutch Quality pr\u00e9sente une combinaison de grandes formes, cr\u00e9ant une impression de ma\u00e7onnerie en pierre italienne traditionnelle. Tuscan Ridge permet \u00e0 chaque installation d'avoir son propre mod\u00e8le personnalis\u00e9 unique.","robots":{"index":"index","follow":"follow","max-snippet":"max-snippet:-1","max-image-preview":"max-image-preview:large","max-video-preview":"max-video-preview:-1"},"canonical":"https:\/\/www.allthingsstone.com\/ca-fr\/product\/tuscan-ridge-dutch-quality\/","og_locale":"en_US","og_type":"article","og_title":"Tuscan Ridge Dutch Quality","og_description":"Tuscan Ridge de Dutch Quality pr\u00e9sente une combinaison de grandes formes, cr\u00e9ant une impression de ma\u00e7onnerie en pierre italienne traditionnelle. Tuscan Ridge permet \u00e0 chaque installation d'avoir son propre mod\u00e8le personnalis\u00e9 unique.","og_url":"https:\/\/www.allthingsstone.com\/ca-fr\/product\/tuscan-ridge-dutch-quality\/","og_site_name":"CSI - Canadian Stone Industries FR","article_modified_time":"2022-09-20T21:20:44+00:00","og_image":[{"width":459,"height":339,"url":"https:\/\/www.allthingsstone.com\/ca-fr\/wp-content\/uploads\/sites\/12\/2020\/11\/Tuscan-Ridge-Dutch-Quality-Stone.jpg","type":"image\/jpeg"}],"twitter_card":"summary_large_image","twitter_misc":{"Est. reading time":"1 minute"},"schema":{"@context":"https:\/\/schema.org","@graph":[{"@type":"WebPage","@id":"https:\/\/www.allthingsstone.com\/ca-fr\/product\/tuscan-ridge-dutch-quality\/","url":"https:\/\/www.allthingsstone.com\/ca-fr\/product\/tuscan-ridge-dutch-quality\/","name":"Tuscan Ridge de Dutch Quality Stone | CSI CAN-FR","isPartOf":{"@id":"https:\/\/www.allthingsstone.com\/ca-fr\/#website"},"datePublished":"2020-11-19T18:29:57+00:00","dateModified":"2022-09-20T21:20:44+00:00","description":"Tuscan Ridge de Dutch Quality pr\u00e9sente une combinaison de grandes formes, cr\u00e9ant une impression de ma\u00e7onnerie en pierre italienne traditionnelle. Tuscan Ridge permet \u00e0 chaque installation d'avoir son propre mod\u00e8le personnalis\u00e9 unique.","breadcrumb":{"@id":"https:\/\/www.allthingsstone.com\/ca-fr\/product\/tuscan-ridge-dutch-quality\/#breadcrumb"},"inLanguage":"en-CA","potentialAction":[{"@type":"ReadAction","target":["https:\/\/www.allthingsstone.com\/ca-fr\/product\/tuscan-ridge-dutch-quality\/"]}]},{"@type":"BreadcrumbList","@id":"https:\/\/www.allthingsstone.com\/ca-fr\/product\/tuscan-ridge-dutch-quality\/#breadcrumb","itemListElement":[{"@type":"ListItem","position":1,"name":"Home","item":"https:\/\/www.allthingsstone.com\/ca-fr\/"},{"@type":"ListItem","position":2,"name":"Tuscan Ridge Dutch Quality"}]},{"@type":"WebSite","@id":"https:\/\/www.allthingsstone.com\/ca-fr\/#website","url":"https:\/\/www.allthingsstone.com\/ca-fr\/","name":"CSI - Canadian Stone Industries FR","description":"","potentialAction":[{"@type":"SearchAction","target":{"@type":"EntryPoint","urlTemplate":"https:\/\/www.allthingsstone.com\/ca-fr\/?s={search_term_string}"},"query-input":"required name=search_term_string"}],"inLanguage":"en-CA"}]}},"_links":{"self":[{"href":"https:\/\/www.allthingsstone.com\/ca-fr\/wp-json\/wp\/v2\/product\/15926","targetHints":{"allow":["GET"]}}],"collection":[{"href":"https:\/\/www.allthingsstone.com\/ca-fr\/wp-json\/wp\/v2\/product"}],"about":[{"href":"https:\/\/www.allthingsstone.com\/ca-fr\/wp-json\/wp\/v2\/types\/product"}],"replies":[{"embeddable":true,"href":"https:\/\/www.allthingsstone.com\/ca-fr\/wp-json\/wp\/v2\/comments?post=15926"}],"wp:featuredmedia":[{"embeddable":true,"href":"https:\/\/www.allthingsstone.com\/ca-fr\/wp-json\/wp\/v2\/media\/15927"}],"wp:attachment":[{"href":"https:\/\/www.allthingsstone.com\/ca-fr\/wp-json\/wp\/v2\/media?parent=15926"}],"wp:term":[{"taxonomy":"product_cat","embeddable":true,"href":"https:\/\/www.allthingsstone.com\/ca-fr\/wp-json\/wp\/v2\/product_cat?post=15926"},{"taxonomy":"product_tag","embeddable":true,"href":"https:\/\/www.allthingsstone.com\/ca-fr\/wp-json\/wp\/v2\/product_tag?post=15926"}],"curies":[{"name":"wp","href":"https:\/\/api.w.org\/{rel}","templated":true}]}}