{"id":15844,"date":"2020-11-13T12:39:55","date_gmt":"2020-11-13T17:39:55","guid":{"rendered":"http:\/\/www.allthingsstone.com\/ca-fr\/?post_type=product&#038;p=15844"},"modified":"2022-09-20T17:21:08","modified_gmt":"2022-09-20T21:21:08","slug":"ledgestone-dutch-quality","status":"publish","type":"product","link":"https:\/\/www.allthingsstone.com\/ca-fr\/product\/ledgestone-dutch-quality\/","title":{"rendered":"Ledgestone Dutch Quality"},"content":{"rendered":"<div id=\"pl-15844\"  class=\"panel-layout\" ><div id=\"pg-15844-0\"  class=\"panel-grid panel-no-style\" ><div id=\"pgc-15844-0-0\"  class=\"panel-grid-cell\" ><div id=\"panel-15844-0-0-0\" class=\"so-panel widget widget_sow-editor panel-first-child\" data-index=\"0\" ><div\n\t\t\t\n\t\t\tclass=\"so-widget-sow-editor so-widget-sow-editor-base\"\n\t\t\t\n\t\t>\n<div class=\"siteorigin-widget-tinymce textwidget\">\n\t<p>Ledgestone de Dutch Quality est le choix parfait pour ajouter un caract\u00e8re robuste \u00e0 votre espace. Ledgestone est fortement textur\u00e9 avec des lignes profondes et des formes irr\u00e9guli\u00e8res qui cr\u00e9ent des ombres spectaculaires et donnent l'apparence de la pierre taill\u00e9e \u00e0 la main.<\/p>\n<\/div>\n<\/div><\/div><div id=\"panel-15844-0-0-1\" class=\"so-panel widget widget_sow-editor panel-last-child\" data-index=\"1\" ><div\n\t\t\t\n\t\t\tclass=\"so-widget-sow-editor so-widget-sow-editor-base\"\n\t\t\t\n\t\t>\n<div class=\"siteorigin-widget-tinymce textwidget\">\n\t<p>Pour trouver un d\u00e9taillant Dutch Quality dans votre r\u00e9gion, cliquez sur\u00a0<a href=\"https:\/\/www.allthingsstone.com\/ca-fr\/ou-acheter\/\"><strong>O\u00f9 acheter<\/strong><\/a>.<\/p>\n<\/div>\n<\/div><\/div><\/div><\/div><\/div>","protected":false},"excerpt":{"rendered":"<p>Ledgestone de Dutch Quality est le choix parfait pour ajouter un caract\u00e8re robuste \u00e0 votre espace. Ledgestone est fortement textur\u00e9 avec des lignes profondes et &hellip; <a href=\"https:\/\/www.allthingsstone.com\/ca-fr\/product\/ledgestone-dutch-quality\/\">Continued<\/a><\/p>\n","protected":false},"featured_media":17224,"comment_status":"open","ping_status":"closed","template":"","meta":{"inline_featured_image":false,"_mi_skip_tracking":false,"_exactmetrics_sitenote_active":false,"_exactmetrics_sitenote_note":"","_exactmetrics_sitenote_category":0},"product_cat":[6537],"product_tag":[8939],"class_list":["post-15844","product","type-product","status-publish","has-post-thumbnail","hentry","product_cat-placage-de-pierre-usinee","product_tag-dutch-quality-textures","brands-dutch-quality"],"acf":[],"yoast_head":"<!-- This site is optimized with the Yoast SEO Premium plugin v21.6 (Yoast SEO v21.6) - https:\/\/yoast.com\/wordpress\/plugins\/seo\/ -->\n<title>Ledgestone de Dutch Quality Stone | CSI CAN-FR<\/title>\n<meta name=\"description\" content=\"Ledgestone de Dutch Quality est le choix parfait pour ajouter un caract\u00e8re robuste \u00e0 votre espace. Ledgestone est fortement textur\u00e9 avec des lignes profondes et des formes irr\u00e9guli\u00e8res qui cr\u00e9ent des ombres spectaculaires et donnent l&#039;apparence de la pierre taill\u00e9e \u00e0 la main.\" \/>\n<meta name=\"robots\" content=\"index, follow, max-snippet:-1, max-image-preview:large, max-video-preview:-1\" \/>\n<link rel=\"canonical\" href=\"https:\/\/www.allthingsstone.com\/ca-fr\/product\/ledgestone-dutch-quality\/\" \/>\n<meta property=\"og:locale\" content=\"en_US\" \/>\n<meta property=\"og:type\" content=\"article\" \/>\n<meta property=\"og:title\" content=\"Ledgestone Dutch Quality\" \/>\n<meta property=\"og:description\" content=\"Ledgestone de Dutch Quality est le choix parfait pour ajouter un caract\u00e8re robuste \u00e0 votre espace. Ledgestone est fortement textur\u00e9 avec des lignes profondes et des formes irr\u00e9guli\u00e8res qui cr\u00e9ent des ombres spectaculaires et donnent l&#039;apparence de la pierre taill\u00e9e \u00e0 la main.\" \/>\n<meta property=\"og:url\" content=\"https:\/\/www.allthingsstone.com\/ca-fr\/product\/ledgestone-dutch-quality\/\" \/>\n<meta property=\"og:site_name\" content=\"CSI - Canadian Stone Industries FR\" \/>\n<meta property=\"article:modified_time\" content=\"2022-09-20T21:21:08+00:00\" \/>\n<meta property=\"og:image\" content=\"https:\/\/www.allthingsstone.com\/ca-fr\/wp-content\/uploads\/sites\/12\/2020\/11\/Ledgestone-Dutch-Quality.jpg\" \/>\n\t<meta property=\"og:image:width\" content=\"459\" \/>\n\t<meta property=\"og:image:height\" content=\"339\" \/>\n\t<meta property=\"og:image:type\" content=\"image\/jpeg\" \/>\n<meta name=\"twitter:card\" content=\"summary_large_image\" \/>\n<meta name=\"twitter:label1\" content=\"Est. reading time\" \/>\n\t<meta name=\"twitter:data1\" content=\"1 minute\" \/>\n<script type=\"application\/ld+json\" class=\"yoast-schema-graph\">{\"@context\":\"https:\/\/schema.org\",\"@graph\":[{\"@type\":\"WebPage\",\"@id\":\"https:\/\/www.allthingsstone.com\/ca-fr\/product\/ledgestone-dutch-quality\/\",\"url\":\"https:\/\/www.allthingsstone.com\/ca-fr\/product\/ledgestone-dutch-quality\/\",\"name\":\"Ledgestone de Dutch Quality Stone | CSI CAN-FR\",\"isPartOf\":{\"@id\":\"https:\/\/www.allthingsstone.com\/ca-fr\/#website\"},\"datePublished\":\"2020-11-13T17:39:55+00:00\",\"dateModified\":\"2022-09-20T21:21:08+00:00\",\"description\":\"Ledgestone de Dutch Quality est le choix parfait pour ajouter un caract\u00e8re robuste \u00e0 votre espace. Ledgestone est fortement textur\u00e9 avec des lignes profondes et des formes irr\u00e9guli\u00e8res qui cr\u00e9ent des ombres spectaculaires et donnent l'apparence de la pierre taill\u00e9e \u00e0 la main.\",\"breadcrumb\":{\"@id\":\"https:\/\/www.allthingsstone.com\/ca-fr\/product\/ledgestone-dutch-quality\/#breadcrumb\"},\"inLanguage\":\"en-CA\",\"potentialAction\":[{\"@type\":\"ReadAction\",\"target\":[\"https:\/\/www.allthingsstone.com\/ca-fr\/product\/ledgestone-dutch-quality\/\"]}]},{\"@type\":\"BreadcrumbList\",\"@id\":\"https:\/\/www.allthingsstone.com\/ca-fr\/product\/ledgestone-dutch-quality\/#breadcrumb\",\"itemListElement\":[{\"@type\":\"ListItem\",\"position\":1,\"name\":\"Home\",\"item\":\"https:\/\/www.allthingsstone.com\/ca-fr\/\"},{\"@type\":\"ListItem\",\"position\":2,\"name\":\"Ledgestone Dutch Quality\"}]},{\"@type\":\"WebSite\",\"@id\":\"https:\/\/www.allthingsstone.com\/ca-fr\/#website\",\"url\":\"https:\/\/www.allthingsstone.com\/ca-fr\/\",\"name\":\"CSI - Canadian Stone Industries FR\",\"description\":\"\",\"potentialAction\":[{\"@type\":\"SearchAction\",\"target\":{\"@type\":\"EntryPoint\",\"urlTemplate\":\"https:\/\/www.allthingsstone.com\/ca-fr\/?s={search_term_string}\"},\"query-input\":\"required name=search_term_string\"}],\"inLanguage\":\"en-CA\"}]}<\/script>\n<!-- \/ Yoast SEO Premium plugin. -->","yoast_head_json":{"title":"Ledgestone de Dutch Quality Stone | CSI CAN-FR","description":"Ledgestone de Dutch Quality est le choix parfait pour ajouter un caract\u00e8re robuste \u00e0 votre espace. Ledgestone est fortement textur\u00e9 avec des lignes profondes et des formes irr\u00e9guli\u00e8res qui cr\u00e9ent des ombres spectaculaires et donnent l'apparence de la pierre taill\u00e9e \u00e0 la main.","robots":{"index":"index","follow":"follow","max-snippet":"max-snippet:-1","max-image-preview":"max-image-preview:large","max-video-preview":"max-video-preview:-1"},"canonical":"https:\/\/www.allthingsstone.com\/ca-fr\/product\/ledgestone-dutch-quality\/","og_locale":"en_US","og_type":"article","og_title":"Ledgestone Dutch Quality","og_description":"Ledgestone de Dutch Quality est le choix parfait pour ajouter un caract\u00e8re robuste \u00e0 votre espace. Ledgestone est fortement textur\u00e9 avec des lignes profondes et des formes irr\u00e9guli\u00e8res qui cr\u00e9ent des ombres spectaculaires et donnent l'apparence de la pierre taill\u00e9e \u00e0 la main.","og_url":"https:\/\/www.allthingsstone.com\/ca-fr\/product\/ledgestone-dutch-quality\/","og_site_name":"CSI - Canadian Stone Industries FR","article_modified_time":"2022-09-20T21:21:08+00:00","og_image":[{"width":459,"height":339,"url":"https:\/\/www.allthingsstone.com\/ca-fr\/wp-content\/uploads\/sites\/12\/2020\/11\/Ledgestone-Dutch-Quality.jpg","type":"image\/jpeg"}],"twitter_card":"summary_large_image","twitter_misc":{"Est. reading time":"1 minute"},"schema":{"@context":"https:\/\/schema.org","@graph":[{"@type":"WebPage","@id":"https:\/\/www.allthingsstone.com\/ca-fr\/product\/ledgestone-dutch-quality\/","url":"https:\/\/www.allthingsstone.com\/ca-fr\/product\/ledgestone-dutch-quality\/","name":"Ledgestone de Dutch Quality Stone | CSI CAN-FR","isPartOf":{"@id":"https:\/\/www.allthingsstone.com\/ca-fr\/#website"},"datePublished":"2020-11-13T17:39:55+00:00","dateModified":"2022-09-20T21:21:08+00:00","description":"Ledgestone de Dutch Quality est le choix parfait pour ajouter un caract\u00e8re robuste \u00e0 votre espace. Ledgestone est fortement textur\u00e9 avec des lignes profondes et des formes irr\u00e9guli\u00e8res qui cr\u00e9ent des ombres spectaculaires et donnent l'apparence de la pierre taill\u00e9e \u00e0 la main.","breadcrumb":{"@id":"https:\/\/www.allthingsstone.com\/ca-fr\/product\/ledgestone-dutch-quality\/#breadcrumb"},"inLanguage":"en-CA","potentialAction":[{"@type":"ReadAction","target":["https:\/\/www.allthingsstone.com\/ca-fr\/product\/ledgestone-dutch-quality\/"]}]},{"@type":"BreadcrumbList","@id":"https:\/\/www.allthingsstone.com\/ca-fr\/product\/ledgestone-dutch-quality\/#breadcrumb","itemListElement":[{"@type":"ListItem","position":1,"name":"Home","item":"https:\/\/www.allthingsstone.com\/ca-fr\/"},{"@type":"ListItem","position":2,"name":"Ledgestone Dutch Quality"}]},{"@type":"WebSite","@id":"https:\/\/www.allthingsstone.com\/ca-fr\/#website","url":"https:\/\/www.allthingsstone.com\/ca-fr\/","name":"CSI - Canadian Stone Industries FR","description":"","potentialAction":[{"@type":"SearchAction","target":{"@type":"EntryPoint","urlTemplate":"https:\/\/www.allthingsstone.com\/ca-fr\/?s={search_term_string}"},"query-input":"required name=search_term_string"}],"inLanguage":"en-CA"}]}},"_links":{"self":[{"href":"https:\/\/www.allthingsstone.com\/ca-fr\/wp-json\/wp\/v2\/product\/15844","targetHints":{"allow":["GET"]}}],"collection":[{"href":"https:\/\/www.allthingsstone.com\/ca-fr\/wp-json\/wp\/v2\/product"}],"about":[{"href":"https:\/\/www.allthingsstone.com\/ca-fr\/wp-json\/wp\/v2\/types\/product"}],"replies":[{"embeddable":true,"href":"https:\/\/www.allthingsstone.com\/ca-fr\/wp-json\/wp\/v2\/comments?post=15844"}],"wp:featuredmedia":[{"embeddable":true,"href":"https:\/\/www.allthingsstone.com\/ca-fr\/wp-json\/wp\/v2\/media\/17224"}],"wp:attachment":[{"href":"https:\/\/www.allthingsstone.com\/ca-fr\/wp-json\/wp\/v2\/media?parent=15844"}],"wp:term":[{"taxonomy":"product_cat","embeddable":true,"href":"https:\/\/www.allthingsstone.com\/ca-fr\/wp-json\/wp\/v2\/product_cat?post=15844"},{"taxonomy":"product_tag","embeddable":true,"href":"https:\/\/www.allthingsstone.com\/ca-fr\/wp-json\/wp\/v2\/product_tag?post=15844"}],"curies":[{"name":"wp","href":"https:\/\/api.w.org\/{rel}","templated":true}]}}