{"id":15812,"date":"2020-11-13T10:55:17","date_gmt":"2020-11-13T15:55:17","guid":{"rendered":"http:\/\/www.allthingsstone.com\/ca-fr\/?post_type=product&#038;p=15812"},"modified":"2024-10-10T13:56:01","modified_gmt":"2024-10-10T17:56:01","slug":"dry-stack-dutch-quality","status":"publish","type":"product","link":"https:\/\/www.allthingsstone.com\/ca-fr\/product\/dry-stack-dutch-quality\/","title":{"rendered":"Dry Stack Dutch Quality"},"content":{"rendered":"<div id=\"pl-15812\"  class=\"panel-layout\" ><div id=\"pg-15812-0\"  class=\"panel-grid panel-no-style\" ><div id=\"pgc-15812-0-0\"  class=\"panel-grid-cell\" ><div id=\"panel-15812-0-0-0\" class=\"so-panel widget widget_sow-editor panel-first-child\" data-index=\"0\" ><div\n\t\t\t\n\t\t\tclass=\"so-widget-sow-editor so-widget-sow-editor-base\"\n\t\t\t\n\t\t>\n<div class=\"siteorigin-widget-tinymce textwidget\">\n\t<p>Dry Stack de Dutch Quality est une option exceptionnellement efficace qui vous donne le profil de la pierre naturelle finement empil\u00e9e sous une forme de panneau et facile \u00e0 installer. Aucun joint de mortier requis ou d\u00e9lais de construction prolong\u00e9s.<\/p>\n<\/div>\n<\/div><\/div><div id=\"panel-15812-0-0-1\" class=\"so-panel widget widget_sow-editor panel-last-child\" data-index=\"1\" ><div\n\t\t\t\n\t\t\tclass=\"so-widget-sow-editor so-widget-sow-editor-base\"\n\t\t\t\n\t\t>\n<div class=\"siteorigin-widget-tinymce textwidget\">\n\t<p>Pour trouver un d\u00e9taillant Dutch Quality dans votre r\u00e9gion, cliquez sur <a href=\"https:\/\/www.allthingsstone.com\/ca-fr\/ou-acheter\/\"><strong>O\u00f9 acheter<\/strong><\/a>.<\/p>\n<\/div>\n<\/div><\/div><\/div><\/div><\/div>","protected":false},"excerpt":{"rendered":"<p>Dry Stack de Dutch Quality est une option exceptionnellement efficace qui vous donne le profil de la pierre naturelle finement empil\u00e9e sous une forme de &hellip; <a href=\"https:\/\/www.allthingsstone.com\/ca-fr\/product\/dry-stack-dutch-quality\/\">Continued<\/a><\/p>\n","protected":false},"featured_media":20175,"comment_status":"open","ping_status":"closed","template":"","meta":{"inline_featured_image":false,"_mi_skip_tracking":false,"_exactmetrics_sitenote_active":false,"_exactmetrics_sitenote_note":"","_exactmetrics_sitenote_category":0},"product_cat":[6537],"product_tag":[8939],"class_list":["post-15812","product","type-product","status-publish","has-post-thumbnail","hentry","product_cat-placage-de-pierre-usinee","product_tag-dutch-quality-textures","brands-dutch-quality","single_resource-dutch-quality"],"acf":[],"yoast_head":"<!-- This site is optimized with the Yoast SEO Premium plugin v21.6 (Yoast SEO v21.6) - https:\/\/yoast.com\/wordpress\/plugins\/seo\/ -->\n<title>Dry Stack de Dutch Quality Stone | CSI CAN-FR<\/title>\n<meta name=\"description\" content=\"Dry Stack de Dutch Quality est une option exceptionnellement efficace qui vous donne le profil de la pierre naturelle finement empil\u00e9e sous une forme de panneau et facile \u00e0 installer. Aucun joint de mortier requis ou d\u00e9lais de construction prolong\u00e9s.\" \/>\n<meta name=\"robots\" content=\"index, follow, max-snippet:-1, max-image-preview:large, max-video-preview:-1\" \/>\n<link rel=\"canonical\" href=\"https:\/\/www.allthingsstone.com\/ca-fr\/product\/dry-stack-dutch-quality\/\" \/>\n<meta property=\"og:locale\" content=\"en_US\" \/>\n<meta property=\"og:type\" content=\"article\" \/>\n<meta property=\"og:title\" content=\"Dry Stack Dutch Quality\" \/>\n<meta property=\"og:description\" content=\"Dry Stack de Dutch Quality est une option exceptionnellement efficace qui vous donne le profil de la pierre naturelle finement empil\u00e9e sous une forme de panneau et facile \u00e0 installer. Aucun joint de mortier requis ou d\u00e9lais de construction prolong\u00e9s.\" \/>\n<meta property=\"og:url\" content=\"https:\/\/www.allthingsstone.com\/ca-fr\/product\/dry-stack-dutch-quality\/\" \/>\n<meta property=\"og:site_name\" content=\"CSI - Canadian Stone Industries FR\" \/>\n<meta property=\"article:modified_time\" content=\"2024-10-10T17:56:01+00:00\" \/>\n<meta property=\"og:image\" content=\"https:\/\/www.allthingsstone.com\/ca-fr\/wp-content\/uploads\/sites\/12\/2020\/11\/Dutch-Quality-Stone-Dry-Stack-1.jpg\" \/>\n\t<meta property=\"og:image:width\" content=\"574\" \/>\n\t<meta property=\"og:image:height\" content=\"424\" \/>\n\t<meta property=\"og:image:type\" content=\"image\/jpeg\" \/>\n<meta name=\"twitter:card\" content=\"summary_large_image\" \/>\n<meta name=\"twitter:label1\" content=\"Est. reading time\" \/>\n\t<meta name=\"twitter:data1\" content=\"1 minute\" \/>\n<script type=\"application\/ld+json\" class=\"yoast-schema-graph\">{\"@context\":\"https:\/\/schema.org\",\"@graph\":[{\"@type\":\"WebPage\",\"@id\":\"https:\/\/www.allthingsstone.com\/ca-fr\/product\/dry-stack-dutch-quality\/\",\"url\":\"https:\/\/www.allthingsstone.com\/ca-fr\/product\/dry-stack-dutch-quality\/\",\"name\":\"Dry Stack de Dutch Quality Stone | CSI CAN-FR\",\"isPartOf\":{\"@id\":\"https:\/\/www.allthingsstone.com\/ca-fr\/#website\"},\"datePublished\":\"2020-11-13T15:55:17+00:00\",\"dateModified\":\"2024-10-10T17:56:01+00:00\",\"description\":\"Dry Stack de Dutch Quality est une option exceptionnellement efficace qui vous donne le profil de la pierre naturelle finement empil\u00e9e sous une forme de panneau et facile \u00e0 installer. Aucun joint de mortier requis ou d\u00e9lais de construction prolong\u00e9s.\",\"breadcrumb\":{\"@id\":\"https:\/\/www.allthingsstone.com\/ca-fr\/product\/dry-stack-dutch-quality\/#breadcrumb\"},\"inLanguage\":\"en-CA\",\"potentialAction\":[{\"@type\":\"ReadAction\",\"target\":[\"https:\/\/www.allthingsstone.com\/ca-fr\/product\/dry-stack-dutch-quality\/\"]}]},{\"@type\":\"BreadcrumbList\",\"@id\":\"https:\/\/www.allthingsstone.com\/ca-fr\/product\/dry-stack-dutch-quality\/#breadcrumb\",\"itemListElement\":[{\"@type\":\"ListItem\",\"position\":1,\"name\":\"Home\",\"item\":\"https:\/\/www.allthingsstone.com\/ca-fr\/\"},{\"@type\":\"ListItem\",\"position\":2,\"name\":\"Dry Stack Dutch Quality\"}]},{\"@type\":\"WebSite\",\"@id\":\"https:\/\/www.allthingsstone.com\/ca-fr\/#website\",\"url\":\"https:\/\/www.allthingsstone.com\/ca-fr\/\",\"name\":\"CSI - Canadian Stone Industries FR\",\"description\":\"\",\"potentialAction\":[{\"@type\":\"SearchAction\",\"target\":{\"@type\":\"EntryPoint\",\"urlTemplate\":\"https:\/\/www.allthingsstone.com\/ca-fr\/?s={search_term_string}\"},\"query-input\":\"required name=search_term_string\"}],\"inLanguage\":\"en-CA\"}]}<\/script>\n<!-- \/ Yoast SEO Premium plugin. -->","yoast_head_json":{"title":"Dry Stack de Dutch Quality Stone | CSI CAN-FR","description":"Dry Stack de Dutch Quality est une option exceptionnellement efficace qui vous donne le profil de la pierre naturelle finement empil\u00e9e sous une forme de panneau et facile \u00e0 installer. Aucun joint de mortier requis ou d\u00e9lais de construction prolong\u00e9s.","robots":{"index":"index","follow":"follow","max-snippet":"max-snippet:-1","max-image-preview":"max-image-preview:large","max-video-preview":"max-video-preview:-1"},"canonical":"https:\/\/www.allthingsstone.com\/ca-fr\/product\/dry-stack-dutch-quality\/","og_locale":"en_US","og_type":"article","og_title":"Dry Stack Dutch Quality","og_description":"Dry Stack de Dutch Quality est une option exceptionnellement efficace qui vous donne le profil de la pierre naturelle finement empil\u00e9e sous une forme de panneau et facile \u00e0 installer. Aucun joint de mortier requis ou d\u00e9lais de construction prolong\u00e9s.","og_url":"https:\/\/www.allthingsstone.com\/ca-fr\/product\/dry-stack-dutch-quality\/","og_site_name":"CSI - Canadian Stone Industries FR","article_modified_time":"2024-10-10T17:56:01+00:00","og_image":[{"width":574,"height":424,"url":"https:\/\/www.allthingsstone.com\/ca-fr\/wp-content\/uploads\/sites\/12\/2020\/11\/Dutch-Quality-Stone-Dry-Stack-1.jpg","type":"image\/jpeg"}],"twitter_card":"summary_large_image","twitter_misc":{"Est. reading time":"1 minute"},"schema":{"@context":"https:\/\/schema.org","@graph":[{"@type":"WebPage","@id":"https:\/\/www.allthingsstone.com\/ca-fr\/product\/dry-stack-dutch-quality\/","url":"https:\/\/www.allthingsstone.com\/ca-fr\/product\/dry-stack-dutch-quality\/","name":"Dry Stack de Dutch Quality Stone | CSI CAN-FR","isPartOf":{"@id":"https:\/\/www.allthingsstone.com\/ca-fr\/#website"},"datePublished":"2020-11-13T15:55:17+00:00","dateModified":"2024-10-10T17:56:01+00:00","description":"Dry Stack de Dutch Quality est une option exceptionnellement efficace qui vous donne le profil de la pierre naturelle finement empil\u00e9e sous une forme de panneau et facile \u00e0 installer. Aucun joint de mortier requis ou d\u00e9lais de construction prolong\u00e9s.","breadcrumb":{"@id":"https:\/\/www.allthingsstone.com\/ca-fr\/product\/dry-stack-dutch-quality\/#breadcrumb"},"inLanguage":"en-CA","potentialAction":[{"@type":"ReadAction","target":["https:\/\/www.allthingsstone.com\/ca-fr\/product\/dry-stack-dutch-quality\/"]}]},{"@type":"BreadcrumbList","@id":"https:\/\/www.allthingsstone.com\/ca-fr\/product\/dry-stack-dutch-quality\/#breadcrumb","itemListElement":[{"@type":"ListItem","position":1,"name":"Home","item":"https:\/\/www.allthingsstone.com\/ca-fr\/"},{"@type":"ListItem","position":2,"name":"Dry Stack Dutch Quality"}]},{"@type":"WebSite","@id":"https:\/\/www.allthingsstone.com\/ca-fr\/#website","url":"https:\/\/www.allthingsstone.com\/ca-fr\/","name":"CSI - Canadian Stone Industries FR","description":"","potentialAction":[{"@type":"SearchAction","target":{"@type":"EntryPoint","urlTemplate":"https:\/\/www.allthingsstone.com\/ca-fr\/?s={search_term_string}"},"query-input":"required name=search_term_string"}],"inLanguage":"en-CA"}]}},"_links":{"self":[{"href":"https:\/\/www.allthingsstone.com\/ca-fr\/wp-json\/wp\/v2\/product\/15812","targetHints":{"allow":["GET"]}}],"collection":[{"href":"https:\/\/www.allthingsstone.com\/ca-fr\/wp-json\/wp\/v2\/product"}],"about":[{"href":"https:\/\/www.allthingsstone.com\/ca-fr\/wp-json\/wp\/v2\/types\/product"}],"replies":[{"embeddable":true,"href":"https:\/\/www.allthingsstone.com\/ca-fr\/wp-json\/wp\/v2\/comments?post=15812"}],"wp:featuredmedia":[{"embeddable":true,"href":"https:\/\/www.allthingsstone.com\/ca-fr\/wp-json\/wp\/v2\/media\/20175"}],"wp:attachment":[{"href":"https:\/\/www.allthingsstone.com\/ca-fr\/wp-json\/wp\/v2\/media?parent=15812"}],"wp:term":[{"taxonomy":"product_cat","embeddable":true,"href":"https:\/\/www.allthingsstone.com\/ca-fr\/wp-json\/wp\/v2\/product_cat?post=15812"},{"taxonomy":"product_tag","embeddable":true,"href":"https:\/\/www.allthingsstone.com\/ca-fr\/wp-json\/wp\/v2\/product_tag?post=15812"}],"curies":[{"name":"wp","href":"https:\/\/api.w.org\/{rel}","templated":true}]}}