{"id":15424,"date":"2020-08-24T12:26:00","date_gmt":"2020-08-24T16:26:00","guid":{"rendered":"http:\/\/www.allthingsstone.com\/ca-fr\/?post_type=product&#038;p=15424"},"modified":"2025-06-13T12:43:16","modified_gmt":"2025-06-13T16:43:16","slug":"traditional-brikclad","status":"publish","type":"product","link":"https:\/\/www.allthingsstone.com\/ca-fr\/product\/broadline-traditional-brikclad\/","title":{"rendered":"3Broadline Traditional BRIKclad"},"content":{"rendered":"<div id=\"pl-15424\"  class=\"panel-layout\" ><div id=\"pg-15424-0\"  class=\"panel-grid panel-no-style\" ><div id=\"pgc-15424-0-0\"  class=\"panel-grid-cell\" ><div id=\"panel-15424-0-0-0\" class=\"so-panel widget widget_sow-editor panel-first-child panel-last-child\" data-index=\"0\" ><div\n\t\t\t\n\t\t\tclass=\"so-widget-sow-editor so-widget-sow-editor-base\"\n\t\t\t\n\t\t>\n<div class=\"siteorigin-widget-tinymce textwidget\">\n\t<p>Broadline Traditional (anciennement Traditional) de BRIKclad est un parement en briques d'argile naturelle \u00e0 mortier qui s'installe aussi facilement qu'un bardage, alliant la durabilit\u00e9 de l'argile \u00e0 la facilit\u00e9 d'installation en quelques minutes. Avec son bord carr\u00e9 raffin\u00e9 et sa surface textur\u00e9e mate, Broadline Traditional offre une couleur riche et intense qui ne s'estompe pas avec le temps. Son installation en deux \u00e9tapes le rend rapide et facile. Apportez chaleur et caract\u00e8re intemporel \u00e0 n'importe quel espace avec Broadline Traditional, une brique d'argile polyvalente \u00e0 fixation m\u00e9canique. Elle s'int\u00e8gre parfaitement \u00e0 une vari\u00e9t\u00e9 de styles, du traditionnel \u00e0 l'industriel en passant par le contemporain.<\/p>\n<p><span style=\"text-decoration: underline;\">Syst\u00e8me BRIKclad<\/span><\/p>\n<p>Les composants suivants sont n\u00e9cessaires \u00e0 l'installation\u00a0:<\/p>\n<p><strong>- Brique BRIKclad:<\/strong> Broadline Traditional<br \/>\n<strong>- Tapis de drainage\/\u00e9cran pare-pluie:<\/strong> Assure une ventilation et un drainage ad\u00e9quats de la cavit\u00e9 murale.<br \/>\n<strong>- Corni\u00e8re de d\u00e9part:<\/strong> Bande de nivellement en acier inoxydable utilis\u00e9e \u00e0 la base du mur et au-dessus des ouvertures de fen\u00eatres et de portes.<br \/>\n<strong>- Cordon butyle:<\/strong> Ruban de calfeutrage \u00e9tanche con\u00e7u pour fixer solidement les briques. Recommand\u00e9 pour la premi\u00e8re couche d'applications traditionnelles (au mortier).<br \/>\n<strong>- Attaches et vis de fixation:<\/strong> Composants en acier inoxydable con\u00e7us pour fixer solidement chaque brique. Utilisez des attaches et vis de fixation traditionnelles, une attache et une vis par brique.<br \/>\n<strong>- Mortier:<\/strong> Appliqu\u00e9 au sac de coulis ou au pistolet \u00e0 coulis, vendu par un tiers.<\/p>\n<p>Pour trouver un marchand BRIKclad dans votre r\u00e9gion, cliquez sur\u00a0<a href=\"http:\/\/www.allthingsstone.com\/ca-fr\/ou-acheter\/\"><strong>O\u00f9 acheter<\/strong><\/a>.<\/p>\n<\/div>\n<\/div><\/div><\/div><\/div><\/div>","protected":false},"excerpt":{"rendered":"<h5><strong>D\u00e9lai d\u2019approvisionnement:<\/strong><\/h5>\n<p><em>Non en stock<\/em> \u2013 Varie selon le fabricant et les d\u00e9lais de transport<\/p>\n","protected":false},"featured_media":15470,"comment_status":"open","ping_status":"closed","template":"","meta":{"inline_featured_image":false,"_mi_skip_tracking":false,"_exactmetrics_sitenote_active":false,"_exactmetrics_sitenote_note":"","_exactmetrics_sitenote_category":0},"product_cat":[6536],"product_tag":[8848],"class_list":["post-15424","product","type-product","status-publish","has-post-thumbnail","hentry","product_cat-placage-de-brique","product_tag-textures-de-brikclad","brands-brikclad","single_resource-brikclad"],"acf":[],"yoast_head":"<!-- This site is optimized with the Yoast SEO Premium plugin v21.6 (Yoast SEO v21.6) - https:\/\/yoast.com\/wordpress\/plugins\/seo\/ -->\n<title>Broadline Traditional de BRIKclad | CSI FR<\/title>\n<meta name=\"description\" content=\"Broadline Traditional de BRIKclad est un parement en briques d&#039;argile naturelle \u00e0 mortier qui s&#039;installe aussi facilement qu&#039;un bardage.\" \/>\n<meta name=\"robots\" content=\"index, follow, max-snippet:-1, max-image-preview:large, max-video-preview:-1\" \/>\n<link rel=\"canonical\" href=\"https:\/\/www.allthingsstone.com\/ca-fr\/product\/broadline-traditional-brikclad\/\" \/>\n<meta property=\"og:locale\" content=\"en_US\" \/>\n<meta property=\"og:type\" content=\"article\" \/>\n<meta property=\"og:title\" content=\"3Broadline Traditional BRIKclad\" \/>\n<meta property=\"og:description\" content=\"Broadline Traditional de BRIKclad est un parement en briques d&#039;argile naturelle \u00e0 mortier qui s&#039;installe aussi facilement qu&#039;un bardage.\" \/>\n<meta property=\"og:url\" content=\"https:\/\/www.allthingsstone.com\/ca-fr\/product\/broadline-traditional-brikclad\/\" \/>\n<meta property=\"og:site_name\" content=\"CSI - Canadian Stone Industries FR\" \/>\n<meta property=\"article:modified_time\" content=\"2025-06-13T16:43:16+00:00\" \/>\n<meta property=\"og:image\" content=\"https:\/\/www.allthingsstone.com\/ca-fr\/wp-content\/uploads\/sites\/12\/2020\/08\/Traditional-Mortared-BRIKclad-Brick-Veneer.jpg\" \/>\n\t<meta property=\"og:image:width\" content=\"459\" \/>\n\t<meta property=\"og:image:height\" content=\"339\" \/>\n\t<meta property=\"og:image:type\" content=\"image\/jpeg\" \/>\n<meta name=\"twitter:card\" content=\"summary_large_image\" \/>\n<meta name=\"twitter:label1\" content=\"Est. reading time\" \/>\n\t<meta name=\"twitter:data1\" content=\"2 minutes\" \/>\n<script type=\"application\/ld+json\" class=\"yoast-schema-graph\">{\"@context\":\"https:\/\/schema.org\",\"@graph\":[{\"@type\":\"WebPage\",\"@id\":\"https:\/\/www.allthingsstone.com\/ca-fr\/product\/broadline-traditional-brikclad\/\",\"url\":\"https:\/\/www.allthingsstone.com\/ca-fr\/product\/broadline-traditional-brikclad\/\",\"name\":\"Broadline Traditional de BRIKclad | CSI FR\",\"isPartOf\":{\"@id\":\"https:\/\/www.allthingsstone.com\/ca-fr\/#website\"},\"datePublished\":\"2020-08-24T16:26:00+00:00\",\"dateModified\":\"2025-06-13T16:43:16+00:00\",\"description\":\"Broadline Traditional de BRIKclad est un parement en briques d'argile naturelle \u00e0 mortier qui s'installe aussi facilement qu'un bardage.\",\"breadcrumb\":{\"@id\":\"https:\/\/www.allthingsstone.com\/ca-fr\/product\/broadline-traditional-brikclad\/#breadcrumb\"},\"inLanguage\":\"en-CA\",\"potentialAction\":[{\"@type\":\"ReadAction\",\"target\":[\"https:\/\/www.allthingsstone.com\/ca-fr\/product\/broadline-traditional-brikclad\/\"]}]},{\"@type\":\"BreadcrumbList\",\"@id\":\"https:\/\/www.allthingsstone.com\/ca-fr\/product\/broadline-traditional-brikclad\/#breadcrumb\",\"itemListElement\":[{\"@type\":\"ListItem\",\"position\":1,\"name\":\"Home\",\"item\":\"https:\/\/www.allthingsstone.com\/ca-fr\/\"},{\"@type\":\"ListItem\",\"position\":2,\"name\":\"3Broadline Traditional BRIKclad\"}]},{\"@type\":\"WebSite\",\"@id\":\"https:\/\/www.allthingsstone.com\/ca-fr\/#website\",\"url\":\"https:\/\/www.allthingsstone.com\/ca-fr\/\",\"name\":\"CSI - Canadian Stone Industries FR\",\"description\":\"\",\"potentialAction\":[{\"@type\":\"SearchAction\",\"target\":{\"@type\":\"EntryPoint\",\"urlTemplate\":\"https:\/\/www.allthingsstone.com\/ca-fr\/?s={search_term_string}\"},\"query-input\":\"required name=search_term_string\"}],\"inLanguage\":\"en-CA\"}]}<\/script>\n<!-- \/ Yoast SEO Premium plugin. -->","yoast_head_json":{"title":"Broadline Traditional de BRIKclad | CSI FR","description":"Broadline Traditional de BRIKclad est un parement en briques d'argile naturelle \u00e0 mortier qui s'installe aussi facilement qu'un bardage.","robots":{"index":"index","follow":"follow","max-snippet":"max-snippet:-1","max-image-preview":"max-image-preview:large","max-video-preview":"max-video-preview:-1"},"canonical":"https:\/\/www.allthingsstone.com\/ca-fr\/product\/broadline-traditional-brikclad\/","og_locale":"en_US","og_type":"article","og_title":"3Broadline Traditional BRIKclad","og_description":"Broadline Traditional de BRIKclad est un parement en briques d'argile naturelle \u00e0 mortier qui s'installe aussi facilement qu'un bardage.","og_url":"https:\/\/www.allthingsstone.com\/ca-fr\/product\/broadline-traditional-brikclad\/","og_site_name":"CSI - Canadian Stone Industries FR","article_modified_time":"2025-06-13T16:43:16+00:00","og_image":[{"width":459,"height":339,"url":"https:\/\/www.allthingsstone.com\/ca-fr\/wp-content\/uploads\/sites\/12\/2020\/08\/Traditional-Mortared-BRIKclad-Brick-Veneer.jpg","type":"image\/jpeg"}],"twitter_card":"summary_large_image","twitter_misc":{"Est. reading time":"2 minutes"},"schema":{"@context":"https:\/\/schema.org","@graph":[{"@type":"WebPage","@id":"https:\/\/www.allthingsstone.com\/ca-fr\/product\/broadline-traditional-brikclad\/","url":"https:\/\/www.allthingsstone.com\/ca-fr\/product\/broadline-traditional-brikclad\/","name":"Broadline Traditional de BRIKclad | CSI FR","isPartOf":{"@id":"https:\/\/www.allthingsstone.com\/ca-fr\/#website"},"datePublished":"2020-08-24T16:26:00+00:00","dateModified":"2025-06-13T16:43:16+00:00","description":"Broadline Traditional de BRIKclad est un parement en briques d'argile naturelle \u00e0 mortier qui s'installe aussi facilement qu'un bardage.","breadcrumb":{"@id":"https:\/\/www.allthingsstone.com\/ca-fr\/product\/broadline-traditional-brikclad\/#breadcrumb"},"inLanguage":"en-CA","potentialAction":[{"@type":"ReadAction","target":["https:\/\/www.allthingsstone.com\/ca-fr\/product\/broadline-traditional-brikclad\/"]}]},{"@type":"BreadcrumbList","@id":"https:\/\/www.allthingsstone.com\/ca-fr\/product\/broadline-traditional-brikclad\/#breadcrumb","itemListElement":[{"@type":"ListItem","position":1,"name":"Home","item":"https:\/\/www.allthingsstone.com\/ca-fr\/"},{"@type":"ListItem","position":2,"name":"3Broadline Traditional BRIKclad"}]},{"@type":"WebSite","@id":"https:\/\/www.allthingsstone.com\/ca-fr\/#website","url":"https:\/\/www.allthingsstone.com\/ca-fr\/","name":"CSI - Canadian Stone Industries FR","description":"","potentialAction":[{"@type":"SearchAction","target":{"@type":"EntryPoint","urlTemplate":"https:\/\/www.allthingsstone.com\/ca-fr\/?s={search_term_string}"},"query-input":"required name=search_term_string"}],"inLanguage":"en-CA"}]}},"_links":{"self":[{"href":"https:\/\/www.allthingsstone.com\/ca-fr\/wp-json\/wp\/v2\/product\/15424","targetHints":{"allow":["GET"]}}],"collection":[{"href":"https:\/\/www.allthingsstone.com\/ca-fr\/wp-json\/wp\/v2\/product"}],"about":[{"href":"https:\/\/www.allthingsstone.com\/ca-fr\/wp-json\/wp\/v2\/types\/product"}],"replies":[{"embeddable":true,"href":"https:\/\/www.allthingsstone.com\/ca-fr\/wp-json\/wp\/v2\/comments?post=15424"}],"wp:featuredmedia":[{"embeddable":true,"href":"https:\/\/www.allthingsstone.com\/ca-fr\/wp-json\/wp\/v2\/media\/15470"}],"wp:attachment":[{"href":"https:\/\/www.allthingsstone.com\/ca-fr\/wp-json\/wp\/v2\/media?parent=15424"}],"wp:term":[{"taxonomy":"product_cat","embeddable":true,"href":"https:\/\/www.allthingsstone.com\/ca-fr\/wp-json\/wp\/v2\/product_cat?post=15424"},{"taxonomy":"product_tag","embeddable":true,"href":"https:\/\/www.allthingsstone.com\/ca-fr\/wp-json\/wp\/v2\/product_tag?post=15424"}],"curies":[{"name":"wp","href":"https:\/\/api.w.org\/{rel}","templated":true}]}}