{"id":15411,"date":"2020-08-24T11:38:13","date_gmt":"2020-08-24T15:38:13","guid":{"rendered":"http:\/\/www.allthingsstone.com\/ca-fr\/?post_type=product&#038;p=15411"},"modified":"2025-05-08T12:41:43","modified_gmt":"2025-05-08T16:41:43","slug":"dry-stack-brikclad","status":"publish","type":"product","link":"https:\/\/www.allthingsstone.com\/ca-fr\/product\/heritage-dry-stack-brikclad\/","title":{"rendered":"1Heritage Dry-Stack BRIKclad"},"content":{"rendered":"<div id=\"pl-15411\"  class=\"panel-layout\" ><div id=\"pg-15411-0\"  class=\"panel-grid panel-no-style\" ><div id=\"pgc-15411-0-0\"  class=\"panel-grid-cell\" ><div id=\"panel-15411-0-0-0\" class=\"so-panel widget widget_sow-editor panel-first-child panel-last-child\" data-index=\"0\" ><div\n\t\t\t\n\t\t\tclass=\"so-widget-sow-editor so-widget-sow-editor-base\"\n\t\t\t\n\t\t>\n<div class=\"siteorigin-widget-tinymce textwidget\">\n\t<p>Heritage Dry-Stack (anciennement Dry-Stack) de BRIKclad est un parement en brique d'argile naturelle sans mortier qui s'installe aussi facilement qu'un bardage, alliant la durabilit\u00e9 de l'argile \u00e0 la commodit\u00e9 d'une pose rapide. Avec ses bords biseaut\u00e9s raffin\u00e9s et sa surface textur\u00e9e mate, Heritage Dry-Stack offre une couleur riche et intense qui ne s'estompe pas avec le temps. Son installation sans mortier se fait en une seule \u00e9tape, en quelques minutes seulement. Apportez chaleur et caract\u00e8re intemporel \u00e0 n'importe quel espace gr\u00e2ce \u00e0 cette brique d'argile polyvalente \u00e0 fixation m\u00e9canique. Heritage Dry-Stack s'int\u00e8gre \u00e0 une large gamme de styles, du traditionnel \u00e0 l'industriel en passant par le contemporain.<\/p>\n<p><span style=\"text-decoration: underline\">Syst\u00e8me BRIKclad<\/span><\/p>\n<p>Les composants suivants sont n\u00e9cessaires \u00e0 l'installation\u00a0:<\/p>\n<p><strong>- Brique BRIKclad:<\/strong> Heritage Dry-Stack<br \/>\n<strong>- Tapis de drainage\/\u00e9cran pare-pluie\u00a0:<\/strong> Assure une ventilation et un drainage ad\u00e9quats de la cavit\u00e9 murale<br \/>\n<strong>- Corni\u00e8re de d\u00e9part:<\/strong> Bande de nivellement en acier inoxydable utilis\u00e9e \u00e0 la base du mur et au-dessus des ouvertures de fen\u00eatres et de portes<br \/>\n<strong>- Cordon butyle:<\/strong> Ruban de calfeutrage imperm\u00e9able con\u00e7u pour fixer solidement les briques<br \/>\n<strong>- Attaches et vis de fixation:<\/strong> Composants en acier inoxydable con\u00e7us pour fixer solidement chaque brique. Utilisez les attaches et vis de fixation s\u00e8che, une attache et une vis par brique.<\/p>\n<\/div>\n<\/div><\/div><\/div><\/div><div id=\"pg-15411-1\"  class=\"panel-grid panel-no-style\" ><div id=\"pgc-15411-1-0\"  class=\"panel-grid-cell\" ><div id=\"panel-15411-1-0-0\" class=\"so-panel widget widget_sow-image panel-first-child panel-last-child\" data-index=\"1\" ><div\n\t\t\t\n\t\t\tclass=\"so-widget-sow-image so-widget-sow-image-default-8b5b6f678277-15411\"\n\t\t\t\n\t\t>\n\n<div class=\"sow-image-container\">\n\t\t\t<a href=\"https:\/\/www.allthingsstone.com\/ca-fr\/wp-content\/uploads\/sites\/12\/2020\/09\/BRIKclad-Traditional-Walnut.jpg\"\n\t\t\tdata-lightbox=\"1271586262681cde9c68a4f341928589\" data-lightbox-options=\"{&quot;alwaysShowNavOnTouchDevices&quot;:false,&quot;disabledOnTablet&quot;:false,&quot;disabledOnMobile&quot;:false,&quot;disableScrolling&quot;:false,&quot;overlayColor&quot;:&quot;#000&quot;,&quot;overlayOpacity&quot;:0.8,&quot;fadeDuration&quot;:600,&quot;fitImagesInViewport&quot;:true,&quot;imageFadeDuration&quot;:600,&quot;maxHeight&quot;:&quot;&quot;,&quot;maxWidth&quot;:&quot;&quot;,&quot;positionFromTop&quot;:50,&quot;resizeDuration&quot;:700,&quot;showImageNumberLabel&quot;:true,&quot;disableCaption&quot;:&quot;&quot;,&quot;wrapAround&quot;:true,&quot;albumLabel&quot;:&quot; %1 of %2&quot;}\" data-title=\"BRIKclad - Traditional, Walnut\u00a0avec demi pouce joints de mortier\" \t\t>\n\t\t\t<img decoding=\"async\" src=\"https:\/\/www.allthingsstone.com\/ca-fr\/wp-content\/uploads\/sites\/12\/2020\/09\/BRIKclad-Traditional-Walnut.jpg\" width=\"500\" height=\"500\" srcset=\"https:\/\/www.allthingsstone.com\/ca-fr\/wp-content\/uploads\/sites\/12\/2020\/09\/BRIKclad-Traditional-Walnut.jpg 500w, https:\/\/www.allthingsstone.com\/ca-fr\/wp-content\/uploads\/sites\/12\/2020\/09\/BRIKclad-Traditional-Walnut-300x300.jpg 300w, https:\/\/www.allthingsstone.com\/ca-fr\/wp-content\/uploads\/sites\/12\/2020\/09\/BRIKclad-Traditional-Walnut-150x150.jpg 150w, https:\/\/www.allthingsstone.com\/ca-fr\/wp-content\/uploads\/sites\/12\/2020\/09\/BRIKclad-Traditional-Walnut-100x100.jpg 100w\" sizes=\"auto, (max-width: 500px) 100vw, 500px\" title=\"BRIKclad - Traditional, Walnut\u00a0avec demi pouce joints de mortier\" alt=\"BRIKclad - Traditional, Walnut\u00a0avec demi pouce joints de mortier\" loading=\"lazy\" \t\tclass=\"so-widget-image\"\/>\n\t<\/a><\/div>\n\n<\/div><\/div><\/div><div id=\"pgc-15411-1-1\"  class=\"panel-grid-cell\" ><div id=\"panel-15411-1-1-0\" class=\"so-panel widget widget_sow-editor panel-first-child\" data-index=\"2\" ><div\n\t\t\t\n\t\t\tclass=\"so-widget-sow-editor so-widget-sow-editor-base\"\n\t\t\t\n\t\t>\n<div class=\"siteorigin-widget-tinymce textwidget\">\n\t<p>Con\u00e7u pour sa polyvalence, Heritage peut \u00eatre install\u00e9 en format Dry-Stack (sans mortier) pour une finition homog\u00e8ne ou en format traditionnel (avec mortier) pour une esth\u00e9tique classique, ce qui en fait le choix id\u00e9al pour les designs contemporains et intemporels.<\/p>\n<\/div>\n<\/div><\/div><div id=\"panel-15411-1-1-1\" class=\"so-panel widget widget_sow-editor panel-last-child\" data-index=\"3\" ><div\n\t\t\t\n\t\t\tclass=\"so-widget-sow-editor so-widget-sow-editor-base\"\n\t\t\t\n\t\t>\n<div class=\"siteorigin-widget-tinymce textwidget\">\n\t<p>Pour trouver un marchand BRIKclad dans votre r\u00e9gion, cliquez sur <a href=\"http:\/\/www.allthingsstone.com\/ca-fr\/ou-acheter\/\"><strong>O\u00f9 acheter<\/strong><\/a>.<\/p>\n<\/div>\n<\/div><\/div><\/div><\/div><\/div>","protected":false},"excerpt":{"rendered":"<h5><strong>D\u00e9lai d\u2019approvisionnement:<\/strong><\/h5>\n<p><em>Stock\u00e9<\/em> \u2013 Nous maintenons un inventaire de ces produits<br \/>\n<em>Non en stock<\/em> \u2013 Varie selon le fabricant et les d\u00e9lais de transport<\/p>\n","protected":false},"featured_media":20640,"comment_status":"open","ping_status":"closed","template":"","meta":{"inline_featured_image":false,"_mi_skip_tracking":false,"_exactmetrics_sitenote_active":false,"_exactmetrics_sitenote_note":"","_exactmetrics_sitenote_category":0},"product_cat":[6536],"product_tag":[8848],"class_list":["post-15411","product","type-product","status-publish","has-post-thumbnail","hentry","product_cat-placage-de-brique","product_tag-textures-de-brikclad","brands-brikclad","single_resource-brikclad"],"acf":[],"yoast_head":"<!-- This site is optimized with the Yoast SEO Premium plugin v21.6 (Yoast SEO v21.6) - https:\/\/yoast.com\/wordpress\/plugins\/seo\/ -->\n<title>Heritage Dry-Stack de BRIKclad | CSI FR<\/title>\n<meta name=\"description\" content=\"Heritage Dry-Stack de BRIKclad est un placage de briques d&#039;argile naturelle sans mortier qui s&#039;installe sans effort comme un rev\u00eatement avec une installation rapide.\" \/>\n<meta name=\"robots\" content=\"index, follow, max-snippet:-1, max-image-preview:large, max-video-preview:-1\" \/>\n<link rel=\"canonical\" href=\"https:\/\/www.allthingsstone.com\/ca-fr\/product\/heritage-dry-stack-brikclad\/\" \/>\n<meta property=\"og:locale\" content=\"en_US\" \/>\n<meta property=\"og:type\" content=\"article\" \/>\n<meta property=\"og:title\" content=\"1Heritage Dry-Stack BRIKclad\" \/>\n<meta property=\"og:description\" content=\"Heritage Dry-Stack de BRIKclad est un placage de briques d&#039;argile naturelle sans mortier qui s&#039;installe sans effort comme un rev\u00eatement avec une installation rapide.\" \/>\n<meta property=\"og:url\" content=\"https:\/\/www.allthingsstone.com\/ca-fr\/product\/heritage-dry-stack-brikclad\/\" \/>\n<meta property=\"og:site_name\" content=\"CSI - Canadian Stone Industries FR\" \/>\n<meta property=\"article:modified_time\" content=\"2025-05-08T16:41:43+00:00\" \/>\n<meta property=\"og:image\" content=\"https:\/\/www.allthingsstone.com\/ca-fr\/wp-content\/uploads\/sites\/12\/2020\/08\/BRIKclad-Heritage-Dry-Stack.png\" \/>\n\t<meta property=\"og:image:width\" content=\"459\" \/>\n\t<meta property=\"og:image:height\" content=\"339\" \/>\n\t<meta property=\"og:image:type\" content=\"image\/png\" \/>\n<meta name=\"twitter:card\" content=\"summary_large_image\" \/>\n<meta name=\"twitter:label1\" content=\"Est. reading time\" \/>\n\t<meta name=\"twitter:data1\" content=\"2 minutes\" \/>\n<script type=\"application\/ld+json\" class=\"yoast-schema-graph\">{\"@context\":\"https:\/\/schema.org\",\"@graph\":[{\"@type\":\"WebPage\",\"@id\":\"https:\/\/www.allthingsstone.com\/ca-fr\/product\/heritage-dry-stack-brikclad\/\",\"url\":\"https:\/\/www.allthingsstone.com\/ca-fr\/product\/heritage-dry-stack-brikclad\/\",\"name\":\"Heritage Dry-Stack de BRIKclad | CSI FR\",\"isPartOf\":{\"@id\":\"https:\/\/www.allthingsstone.com\/ca-fr\/#website\"},\"datePublished\":\"2020-08-24T15:38:13+00:00\",\"dateModified\":\"2025-05-08T16:41:43+00:00\",\"description\":\"Heritage Dry-Stack de BRIKclad est un placage de briques d'argile naturelle sans mortier qui s'installe sans effort comme un rev\u00eatement avec une installation rapide.\",\"breadcrumb\":{\"@id\":\"https:\/\/www.allthingsstone.com\/ca-fr\/product\/heritage-dry-stack-brikclad\/#breadcrumb\"},\"inLanguage\":\"en-CA\",\"potentialAction\":[{\"@type\":\"ReadAction\",\"target\":[\"https:\/\/www.allthingsstone.com\/ca-fr\/product\/heritage-dry-stack-brikclad\/\"]}]},{\"@type\":\"BreadcrumbList\",\"@id\":\"https:\/\/www.allthingsstone.com\/ca-fr\/product\/heritage-dry-stack-brikclad\/#breadcrumb\",\"itemListElement\":[{\"@type\":\"ListItem\",\"position\":1,\"name\":\"Home\",\"item\":\"https:\/\/www.allthingsstone.com\/ca-fr\/\"},{\"@type\":\"ListItem\",\"position\":2,\"name\":\"1Heritage Dry-Stack BRIKclad\"}]},{\"@type\":\"WebSite\",\"@id\":\"https:\/\/www.allthingsstone.com\/ca-fr\/#website\",\"url\":\"https:\/\/www.allthingsstone.com\/ca-fr\/\",\"name\":\"CSI - Canadian Stone Industries FR\",\"description\":\"\",\"potentialAction\":[{\"@type\":\"SearchAction\",\"target\":{\"@type\":\"EntryPoint\",\"urlTemplate\":\"https:\/\/www.allthingsstone.com\/ca-fr\/?s={search_term_string}\"},\"query-input\":\"required name=search_term_string\"}],\"inLanguage\":\"en-CA\"}]}<\/script>\n<!-- \/ Yoast SEO Premium plugin. -->","yoast_head_json":{"title":"Heritage Dry-Stack de BRIKclad | CSI FR","description":"Heritage Dry-Stack de BRIKclad est un placage de briques d'argile naturelle sans mortier qui s'installe sans effort comme un rev\u00eatement avec une installation rapide.","robots":{"index":"index","follow":"follow","max-snippet":"max-snippet:-1","max-image-preview":"max-image-preview:large","max-video-preview":"max-video-preview:-1"},"canonical":"https:\/\/www.allthingsstone.com\/ca-fr\/product\/heritage-dry-stack-brikclad\/","og_locale":"en_US","og_type":"article","og_title":"1Heritage Dry-Stack BRIKclad","og_description":"Heritage Dry-Stack de BRIKclad est un placage de briques d'argile naturelle sans mortier qui s'installe sans effort comme un rev\u00eatement avec une installation rapide.","og_url":"https:\/\/www.allthingsstone.com\/ca-fr\/product\/heritage-dry-stack-brikclad\/","og_site_name":"CSI - Canadian Stone Industries FR","article_modified_time":"2025-05-08T16:41:43+00:00","og_image":[{"width":459,"height":339,"url":"https:\/\/www.allthingsstone.com\/ca-fr\/wp-content\/uploads\/sites\/12\/2020\/08\/BRIKclad-Heritage-Dry-Stack.png","type":"image\/png"}],"twitter_card":"summary_large_image","twitter_misc":{"Est. reading time":"2 minutes"},"schema":{"@context":"https:\/\/schema.org","@graph":[{"@type":"WebPage","@id":"https:\/\/www.allthingsstone.com\/ca-fr\/product\/heritage-dry-stack-brikclad\/","url":"https:\/\/www.allthingsstone.com\/ca-fr\/product\/heritage-dry-stack-brikclad\/","name":"Heritage Dry-Stack de BRIKclad | CSI FR","isPartOf":{"@id":"https:\/\/www.allthingsstone.com\/ca-fr\/#website"},"datePublished":"2020-08-24T15:38:13+00:00","dateModified":"2025-05-08T16:41:43+00:00","description":"Heritage Dry-Stack de BRIKclad est un placage de briques d'argile naturelle sans mortier qui s'installe sans effort comme un rev\u00eatement avec une installation rapide.","breadcrumb":{"@id":"https:\/\/www.allthingsstone.com\/ca-fr\/product\/heritage-dry-stack-brikclad\/#breadcrumb"},"inLanguage":"en-CA","potentialAction":[{"@type":"ReadAction","target":["https:\/\/www.allthingsstone.com\/ca-fr\/product\/heritage-dry-stack-brikclad\/"]}]},{"@type":"BreadcrumbList","@id":"https:\/\/www.allthingsstone.com\/ca-fr\/product\/heritage-dry-stack-brikclad\/#breadcrumb","itemListElement":[{"@type":"ListItem","position":1,"name":"Home","item":"https:\/\/www.allthingsstone.com\/ca-fr\/"},{"@type":"ListItem","position":2,"name":"1Heritage Dry-Stack BRIKclad"}]},{"@type":"WebSite","@id":"https:\/\/www.allthingsstone.com\/ca-fr\/#website","url":"https:\/\/www.allthingsstone.com\/ca-fr\/","name":"CSI - Canadian Stone Industries FR","description":"","potentialAction":[{"@type":"SearchAction","target":{"@type":"EntryPoint","urlTemplate":"https:\/\/www.allthingsstone.com\/ca-fr\/?s={search_term_string}"},"query-input":"required name=search_term_string"}],"inLanguage":"en-CA"}]}},"_links":{"self":[{"href":"https:\/\/www.allthingsstone.com\/ca-fr\/wp-json\/wp\/v2\/product\/15411","targetHints":{"allow":["GET"]}}],"collection":[{"href":"https:\/\/www.allthingsstone.com\/ca-fr\/wp-json\/wp\/v2\/product"}],"about":[{"href":"https:\/\/www.allthingsstone.com\/ca-fr\/wp-json\/wp\/v2\/types\/product"}],"replies":[{"embeddable":true,"href":"https:\/\/www.allthingsstone.com\/ca-fr\/wp-json\/wp\/v2\/comments?post=15411"}],"wp:featuredmedia":[{"embeddable":true,"href":"https:\/\/www.allthingsstone.com\/ca-fr\/wp-json\/wp\/v2\/media\/20640"}],"wp:attachment":[{"href":"https:\/\/www.allthingsstone.com\/ca-fr\/wp-json\/wp\/v2\/media?parent=15411"}],"wp:term":[{"taxonomy":"product_cat","embeddable":true,"href":"https:\/\/www.allthingsstone.com\/ca-fr\/wp-json\/wp\/v2\/product_cat?post=15411"},{"taxonomy":"product_tag","embeddable":true,"href":"https:\/\/www.allthingsstone.com\/ca-fr\/wp-json\/wp\/v2\/product_tag?post=15411"}],"curies":[{"name":"wp","href":"https:\/\/api.w.org\/{rel}","templated":true}]}}