{"id":15306,"date":"2020-07-22T11:16:31","date_gmt":"2020-07-22T15:16:31","guid":{"rendered":"http:\/\/www.allthingsstone.com\/ca-fr\/?post_type=product&#038;p=15306"},"modified":"2022-06-16T15:50:44","modified_gmt":"2022-06-16T19:50:44","slug":"delta-vent-sa-dorken","status":"publish","type":"product","link":"https:\/\/www.allthingsstone.com\/ca-fr\/product\/delta-vent-sa-dorken\/","title":{"rendered":"DELTA\u00ae-Vent SA"},"content":{"rendered":"<div id=\"pl-15306\"  class=\"panel-layout\" ><div id=\"pg-15306-0\"  class=\"panel-grid panel-no-style\" ><div id=\"pgc-15306-0-0\"  class=\"panel-grid-cell\" ><div id=\"panel-15306-0-0-0\" class=\"so-panel widget widget_sow-editor panel-first-child panel-last-child\" data-index=\"0\" ><div\n\t\t\t\n\t\t\tclass=\"so-widget-sow-editor so-widget-sow-editor-base\"\n\t\t\t\n\t\t>\n<div class=\"siteorigin-widget-tinymce textwidget\">\n\t<p>DELTA<sup>\u00ae<\/sup>-Vent\u00a0SA est une membrane \u00e9tanche \u00e0 l\u2019eau et l\u2019air, extr\u00eamement perm\u00e9able \u00e0 la vapeur d\u2019eau qui emp\u00eache l\u2019humidit\u00e9 de p\u00e9n\u00e9trer dans les b\u00e2timents. En permettant \u00e0 l\u2019humidit\u00e9 d\u00e9j\u00e0 pr\u00e9sente de s\u2019\u00e9chapper, DELTA<sup>\u00ae<\/sup>-Vent\u00a0SA \u00e9limine le risque de moisissure et d\u2019autres probl\u00e8mes caus\u00e9s par l\u2019accumulation d\u2019eau l\u00e0 o\u00f9 elle ne devrait pas \u00eatre. Gr\u00e2ce \u00e0 sa perm\u00e9abilit\u00e9 \u00e0 la vapeur et \u00e0 son \u00e9tanch\u00e9it\u00e9 \u00e0 l\u2019air, le produit DELTA<sup>\u00ae<\/sup>-Vent\u00a0SA est id\u00e9al pour maintenir les espaces int\u00e9rieurs sains et confortables, tout en laissant l\u2019humidit\u00e9 s\u2019\u00e9chapper et en am\u00e9liorant l\u2019efficacit\u00e9 \u00e9nerg\u00e9tique.<\/p>\n<\/div>\n<\/div><\/div><\/div><\/div><div id=\"pg-15306-1\"  class=\"panel-grid panel-no-style\" ><div id=\"pgc-15306-1-0\"  class=\"panel-grid-cell\" ><div id=\"panel-15306-1-0-0\" class=\"so-panel widget widget_sow-image panel-first-child panel-last-child\" data-index=\"1\" ><div\n\t\t\t\n\t\t\tclass=\"so-widget-sow-image so-widget-sow-image-default-c67d20f9f743-15306\"\n\t\t\t\n\t\t>\n\n<div class=\"sow-image-container\">\n\t\t<img decoding=\"async\" src=\"https:\/\/www.allthingsstone.com\/ca-fr\/wp-content\/uploads\/sites\/12\/2020\/07\/DELTA\u00ae-Vent-SA-D\u00f6rken_application.png\" width=\"442\" height=\"340\" srcset=\"https:\/\/www.allthingsstone.com\/ca-fr\/wp-content\/uploads\/sites\/12\/2020\/07\/DELTA\u00ae-Vent-SA-D\u00f6rken_application.png 442w, https:\/\/www.allthingsstone.com\/ca-fr\/wp-content\/uploads\/sites\/12\/2020\/07\/DELTA\u00ae-Vent-SA-D\u00f6rken_application-300x231.png 300w\" sizes=\"auto, (max-width: 442px) 100vw, 442px\" title=\"DELTA\u00ae-Vent SA D\u00f6rken\" alt=\"DELTA\u00ae-Vent SA D\u00f6rken\" loading=\"lazy\" \t\tclass=\"so-widget-image\"\/>\n\t<\/div>\n\n<\/div><\/div><\/div><div id=\"pgc-15306-1-1\"  class=\"panel-grid-cell\" ><div id=\"panel-15306-1-1-0\" class=\"so-panel widget widget_sow-image panel-first-child panel-last-child\" data-index=\"2\" ><div\n\t\t\t\n\t\t\tclass=\"so-widget-sow-image so-widget-sow-image-default-c67d20f9f743-15306\"\n\t\t\t\n\t\t>\n\n<div class=\"sow-image-container\">\n\t\t<img decoding=\"async\" src=\"https:\/\/www.allthingsstone.com\/ca-fr\/wp-content\/uploads\/sites\/12\/2020\/07\/DELTA\u00ae-Vent-SA-D\u00f6rken_rolls.png\" width=\"200\" height=\"350\" srcset=\"https:\/\/www.allthingsstone.com\/ca-fr\/wp-content\/uploads\/sites\/12\/2020\/07\/DELTA\u00ae-Vent-SA-D\u00f6rken_rolls.png 200w, https:\/\/www.allthingsstone.com\/ca-fr\/wp-content\/uploads\/sites\/12\/2020\/07\/DELTA\u00ae-Vent-SA-D\u00f6rken_rolls-171x300.png 171w\" sizes=\"auto, (max-width: 200px) 100vw, 200px\" title=\"DELTA\u00ae-Vent SA D\u00f6rken\" alt=\"DELTA\u00ae-Vent SA D\u00f6rken\" loading=\"lazy\" \t\tclass=\"so-widget-image\"\/>\n\t<\/div>\n\n<\/div><\/div><\/div><\/div><div id=\"pg-15306-2\"  class=\"panel-grid panel-no-style\" ><div id=\"pgc-15306-2-0\"  class=\"panel-grid-cell\" ><div id=\"panel-15306-2-0-0\" class=\"so-panel widget widget_sow-image panel-first-child panel-last-child\" data-index=\"3\" ><div\n\t\t\t\n\t\t\tclass=\"so-widget-sow-image so-widget-sow-image-default-8b5b6f678277-15306\"\n\t\t\t\n\t\t>\n\n<div class=\"sow-image-container\">\n\t\t<img decoding=\"async\" src=\"https:\/\/www.allthingsstone.com\/ca-fr\/wp-content\/uploads\/sites\/12\/2020\/07\/DELTA\u00ae-Vent-SA-by-Dorken_2.jpg\" width=\"500\" height=\"400\" srcset=\"https:\/\/www.allthingsstone.com\/ca-fr\/wp-content\/uploads\/sites\/12\/2020\/07\/DELTA\u00ae-Vent-SA-by-Dorken_2.jpg 500w, https:\/\/www.allthingsstone.com\/ca-fr\/wp-content\/uploads\/sites\/12\/2020\/07\/DELTA\u00ae-Vent-SA-by-Dorken_2-300x240.jpg 300w\" sizes=\"auto, (max-width: 500px) 100vw, 500px\" title=\"DELTA\u00ae-Vent SA by Dorken\" alt=\"DELTA\u00ae-Vent SA by Dorken\" loading=\"lazy\" \t\tclass=\"so-widget-image\"\/>\n\t<\/div>\n\n<\/div><\/div><\/div><div id=\"pgc-15306-2-1\"  class=\"panel-grid-cell\" ><div id=\"panel-15306-2-1-0\" class=\"so-panel widget widget_sow-image panel-first-child panel-last-child\" data-index=\"4\" ><div\n\t\t\t\n\t\t\tclass=\"so-widget-sow-image so-widget-sow-image-default-8b5b6f678277-15306\"\n\t\t\t\n\t\t>\n\n<div class=\"sow-image-container\">\n\t\t<img decoding=\"async\" src=\"https:\/\/www.allthingsstone.com\/ca-fr\/wp-content\/uploads\/sites\/12\/2020\/07\/DELTA\u00ae-Vent-SA-by-Dorken_1.jpg\" width=\"500\" height=\"400\" srcset=\"https:\/\/www.allthingsstone.com\/ca-fr\/wp-content\/uploads\/sites\/12\/2020\/07\/DELTA\u00ae-Vent-SA-by-Dorken_1.jpg 500w, https:\/\/www.allthingsstone.com\/ca-fr\/wp-content\/uploads\/sites\/12\/2020\/07\/DELTA\u00ae-Vent-SA-by-Dorken_1-300x240.jpg 300w\" sizes=\"auto, (max-width: 500px) 100vw, 500px\" title=\"DELTA\u00ae-Vent SA by Dorken\" alt=\"DELTA\u00ae-Vent SA by Dorken\" loading=\"lazy\" \t\tclass=\"so-widget-image\"\/>\n\t<\/div>\n\n<\/div><\/div><\/div><div id=\"pgc-15306-2-2\"  class=\"panel-grid-cell\" ><div id=\"panel-15306-2-2-0\" class=\"so-panel widget widget_sow-image panel-first-child panel-last-child\" data-index=\"5\" ><div\n\t\t\t\n\t\t\tclass=\"so-widget-sow-image so-widget-sow-image-default-8b5b6f678277-15306\"\n\t\t\t\n\t\t>\n\n<div class=\"sow-image-container\">\n\t\t<img decoding=\"async\" src=\"https:\/\/www.allthingsstone.com\/ca-fr\/wp-content\/uploads\/sites\/12\/2020\/07\/DELTA\u00ae-Vent-SA-by-Dorken_3.jpg\" width=\"500\" height=\"400\" srcset=\"https:\/\/www.allthingsstone.com\/ca-fr\/wp-content\/uploads\/sites\/12\/2020\/07\/DELTA\u00ae-Vent-SA-by-Dorken_3.jpg 500w, https:\/\/www.allthingsstone.com\/ca-fr\/wp-content\/uploads\/sites\/12\/2020\/07\/DELTA\u00ae-Vent-SA-by-Dorken_3-300x240.jpg 300w\" sizes=\"auto, (max-width: 500px) 100vw, 500px\" title=\"DELTA\u00ae-Vent SA by Dorken\" alt=\"DELTA\u00ae-Vent SA by Dorken\" loading=\"lazy\" \t\tclass=\"so-widget-image\"\/>\n\t<\/div>\n\n<\/div><\/div><\/div><\/div><div id=\"pg-15306-3\"  class=\"panel-grid panel-no-style\" ><div id=\"pgc-15306-3-0\"  class=\"panel-grid-cell\" ><div id=\"panel-15306-3-0-0\" class=\"so-panel widget widget_sow-editor panel-first-child panel-last-child\" data-index=\"6\" ><div\n\t\t\t\n\t\t\tclass=\"so-widget-sow-editor so-widget-sow-editor-base\"\n\t\t\t\n\t\t>\n<div class=\"siteorigin-widget-tinymce textwidget\">\n\t<p>Pour trouver un d\u00e9taillant DELTA<sup>\u00ae<\/sup>\u00a0de D\u00f6rken pr\u00e8s de chez vous, veuillez cliquer sur le bouton\u00a0<strong><a href=\"https:\/\/www.allthingsstone.com\/ca-fr\/ou-acheter\/\">O\u00f9 acheter<\/a><\/strong>.<\/p>\n<\/div>\n<\/div><\/div><\/div><\/div><\/div>","protected":false},"excerpt":{"rendered":"<p>DELTA\u00ae-Vent\u00a0SA est une membrane \u00e9tanche \u00e0 l\u2019eau et l\u2019air, extr\u00eamement perm\u00e9able \u00e0 la vapeur d\u2019eau qui emp\u00eache l\u2019humidit\u00e9 de p\u00e9n\u00e9trer dans les b\u00e2timents. En permettant &hellip; <a href=\"https:\/\/www.allthingsstone.com\/ca-fr\/product\/delta-vent-sa-dorken\/\">Continued<\/a><\/p>\n","protected":false},"featured_media":15308,"comment_status":"open","ping_status":"closed","template":"","meta":{"inline_featured_image":false,"_mi_skip_tracking":false,"_exactmetrics_sitenote_active":false,"_exactmetrics_sitenote_note":"","_exactmetrics_sitenote_category":0},"product_cat":[6531],"product_tag":[8380],"class_list":["post-15306","product","type-product","status-publish","has-post-thumbnail","hentry","product_cat-produits-de-construction","product_tag-delta-by-dorken-products","brands-delta-dorken"],"acf":[],"yoast_head":"<!-- This site is optimized with the Yoast SEO Premium plugin v21.6 (Yoast SEO v21.6) - https:\/\/yoast.com\/wordpress\/plugins\/seo\/ -->\n<title>DELTA\u00ae-Vent SA D\u00f6rken | CSI FR<\/title>\n<meta name=\"description\" content=\"DELTA\u00ae-Vent SA est une membrane \u00e9tanche \u00e0 l\u2019eau et l\u2019air, extr\u00eamement perm\u00e9able \u00e0 la vapeur d\u2019eau qui emp\u00eache l\u2019humidit\u00e9 de p\u00e9n\u00e9trer dans les b\u00e2timents. En permettant \u00e0 l\u2019humidit\u00e9 d\u00e9j\u00e0 pr\u00e9sente de s\u2019\u00e9chapper, DELTA\u00ae-Vent SA \u00e9limine le risque de moisissure et d\u2019autres probl\u00e8mes caus\u00e9s par l\u2019accumulation d\u2019eau l\u00e0 o\u00f9 elle ne devrait pas \u00eatre.\" \/>\n<meta name=\"robots\" content=\"index, follow, max-snippet:-1, max-image-preview:large, max-video-preview:-1\" \/>\n<link rel=\"canonical\" href=\"https:\/\/www.allthingsstone.com\/ca-fr\/product\/delta-vent-sa-dorken\/\" \/>\n<meta property=\"og:locale\" content=\"en_US\" \/>\n<meta property=\"og:type\" content=\"article\" \/>\n<meta property=\"og:title\" content=\"DELTA\u00ae-Vent SA\" \/>\n<meta property=\"og:description\" content=\"DELTA\u00ae-Vent SA est une membrane \u00e9tanche \u00e0 l\u2019eau et l\u2019air, extr\u00eamement perm\u00e9able \u00e0 la vapeur d\u2019eau qui emp\u00eache l\u2019humidit\u00e9 de p\u00e9n\u00e9trer dans les b\u00e2timents. En permettant \u00e0 l\u2019humidit\u00e9 d\u00e9j\u00e0 pr\u00e9sente de s\u2019\u00e9chapper, DELTA\u00ae-Vent SA \u00e9limine le risque de moisissure et d\u2019autres probl\u00e8mes caus\u00e9s par l\u2019accumulation d\u2019eau l\u00e0 o\u00f9 elle ne devrait pas \u00eatre.\" \/>\n<meta property=\"og:url\" content=\"https:\/\/www.allthingsstone.com\/ca-fr\/product\/delta-vent-sa-dorken\/\" \/>\n<meta property=\"og:site_name\" content=\"CSI - Canadian Stone Industries FR\" \/>\n<meta property=\"article:modified_time\" content=\"2022-06-16T19:50:44+00:00\" \/>\n<meta property=\"og:image\" content=\"https:\/\/www.allthingsstone.com\/ca-fr\/wp-content\/uploads\/sites\/12\/2020\/07\/DELTA\u00ae-Vent-SA-D\u00f6rken.png\" \/>\n\t<meta property=\"og:image:width\" content=\"459\" \/>\n\t<meta property=\"og:image:height\" content=\"339\" \/>\n\t<meta property=\"og:image:type\" content=\"image\/png\" \/>\n<meta name=\"twitter:card\" content=\"summary_large_image\" \/>\n<meta name=\"twitter:label1\" content=\"Est. reading time\" \/>\n\t<meta name=\"twitter:data1\" content=\"1 minute\" \/>\n<script type=\"application\/ld+json\" class=\"yoast-schema-graph\">{\"@context\":\"https:\/\/schema.org\",\"@graph\":[{\"@type\":\"WebPage\",\"@id\":\"https:\/\/www.allthingsstone.com\/ca-fr\/product\/delta-vent-sa-dorken\/\",\"url\":\"https:\/\/www.allthingsstone.com\/ca-fr\/product\/delta-vent-sa-dorken\/\",\"name\":\"DELTA\u00ae-Vent SA D\u00f6rken | CSI FR\",\"isPartOf\":{\"@id\":\"https:\/\/www.allthingsstone.com\/ca-fr\/#website\"},\"datePublished\":\"2020-07-22T15:16:31+00:00\",\"dateModified\":\"2022-06-16T19:50:44+00:00\",\"description\":\"DELTA\u00ae-Vent SA est une membrane \u00e9tanche \u00e0 l\u2019eau et l\u2019air, extr\u00eamement perm\u00e9able \u00e0 la vapeur d\u2019eau qui emp\u00eache l\u2019humidit\u00e9 de p\u00e9n\u00e9trer dans les b\u00e2timents. En permettant \u00e0 l\u2019humidit\u00e9 d\u00e9j\u00e0 pr\u00e9sente de s\u2019\u00e9chapper, DELTA\u00ae-Vent SA \u00e9limine le risque de moisissure et d\u2019autres probl\u00e8mes caus\u00e9s par l\u2019accumulation d\u2019eau l\u00e0 o\u00f9 elle ne devrait pas \u00eatre.\",\"breadcrumb\":{\"@id\":\"https:\/\/www.allthingsstone.com\/ca-fr\/product\/delta-vent-sa-dorken\/#breadcrumb\"},\"inLanguage\":\"en-CA\",\"potentialAction\":[{\"@type\":\"ReadAction\",\"target\":[\"https:\/\/www.allthingsstone.com\/ca-fr\/product\/delta-vent-sa-dorken\/\"]}]},{\"@type\":\"BreadcrumbList\",\"@id\":\"https:\/\/www.allthingsstone.com\/ca-fr\/product\/delta-vent-sa-dorken\/#breadcrumb\",\"itemListElement\":[{\"@type\":\"ListItem\",\"position\":1,\"name\":\"Home\",\"item\":\"https:\/\/www.allthingsstone.com\/ca-fr\/\"},{\"@type\":\"ListItem\",\"position\":2,\"name\":\"DELTA\u00ae-Vent SA\"}]},{\"@type\":\"WebSite\",\"@id\":\"https:\/\/www.allthingsstone.com\/ca-fr\/#website\",\"url\":\"https:\/\/www.allthingsstone.com\/ca-fr\/\",\"name\":\"CSI - Canadian Stone Industries FR\",\"description\":\"\",\"potentialAction\":[{\"@type\":\"SearchAction\",\"target\":{\"@type\":\"EntryPoint\",\"urlTemplate\":\"https:\/\/www.allthingsstone.com\/ca-fr\/?s={search_term_string}\"},\"query-input\":\"required name=search_term_string\"}],\"inLanguage\":\"en-CA\"}]}<\/script>\n<!-- \/ Yoast SEO Premium plugin. -->","yoast_head_json":{"title":"DELTA\u00ae-Vent SA D\u00f6rken | CSI FR","description":"DELTA\u00ae-Vent SA est une membrane \u00e9tanche \u00e0 l\u2019eau et l\u2019air, extr\u00eamement perm\u00e9able \u00e0 la vapeur d\u2019eau qui emp\u00eache l\u2019humidit\u00e9 de p\u00e9n\u00e9trer dans les b\u00e2timents. En permettant \u00e0 l\u2019humidit\u00e9 d\u00e9j\u00e0 pr\u00e9sente de s\u2019\u00e9chapper, DELTA\u00ae-Vent SA \u00e9limine le risque de moisissure et d\u2019autres probl\u00e8mes caus\u00e9s par l\u2019accumulation d\u2019eau l\u00e0 o\u00f9 elle ne devrait pas \u00eatre.","robots":{"index":"index","follow":"follow","max-snippet":"max-snippet:-1","max-image-preview":"max-image-preview:large","max-video-preview":"max-video-preview:-1"},"canonical":"https:\/\/www.allthingsstone.com\/ca-fr\/product\/delta-vent-sa-dorken\/","og_locale":"en_US","og_type":"article","og_title":"DELTA\u00ae-Vent SA","og_description":"DELTA\u00ae-Vent SA est une membrane \u00e9tanche \u00e0 l\u2019eau et l\u2019air, extr\u00eamement perm\u00e9able \u00e0 la vapeur d\u2019eau qui emp\u00eache l\u2019humidit\u00e9 de p\u00e9n\u00e9trer dans les b\u00e2timents. En permettant \u00e0 l\u2019humidit\u00e9 d\u00e9j\u00e0 pr\u00e9sente de s\u2019\u00e9chapper, DELTA\u00ae-Vent SA \u00e9limine le risque de moisissure et d\u2019autres probl\u00e8mes caus\u00e9s par l\u2019accumulation d\u2019eau l\u00e0 o\u00f9 elle ne devrait pas \u00eatre.","og_url":"https:\/\/www.allthingsstone.com\/ca-fr\/product\/delta-vent-sa-dorken\/","og_site_name":"CSI - Canadian Stone Industries FR","article_modified_time":"2022-06-16T19:50:44+00:00","og_image":[{"width":459,"height":339,"url":"https:\/\/www.allthingsstone.com\/ca-fr\/wp-content\/uploads\/sites\/12\/2020\/07\/DELTA\u00ae-Vent-SA-D\u00f6rken.png","type":"image\/png"}],"twitter_card":"summary_large_image","twitter_misc":{"Est. reading time":"1 minute"},"schema":{"@context":"https:\/\/schema.org","@graph":[{"@type":"WebPage","@id":"https:\/\/www.allthingsstone.com\/ca-fr\/product\/delta-vent-sa-dorken\/","url":"https:\/\/www.allthingsstone.com\/ca-fr\/product\/delta-vent-sa-dorken\/","name":"DELTA\u00ae-Vent SA D\u00f6rken | CSI FR","isPartOf":{"@id":"https:\/\/www.allthingsstone.com\/ca-fr\/#website"},"datePublished":"2020-07-22T15:16:31+00:00","dateModified":"2022-06-16T19:50:44+00:00","description":"DELTA\u00ae-Vent SA est une membrane \u00e9tanche \u00e0 l\u2019eau et l\u2019air, extr\u00eamement perm\u00e9able \u00e0 la vapeur d\u2019eau qui emp\u00eache l\u2019humidit\u00e9 de p\u00e9n\u00e9trer dans les b\u00e2timents. En permettant \u00e0 l\u2019humidit\u00e9 d\u00e9j\u00e0 pr\u00e9sente de s\u2019\u00e9chapper, DELTA\u00ae-Vent SA \u00e9limine le risque de moisissure et d\u2019autres probl\u00e8mes caus\u00e9s par l\u2019accumulation d\u2019eau l\u00e0 o\u00f9 elle ne devrait pas \u00eatre.","breadcrumb":{"@id":"https:\/\/www.allthingsstone.com\/ca-fr\/product\/delta-vent-sa-dorken\/#breadcrumb"},"inLanguage":"en-CA","potentialAction":[{"@type":"ReadAction","target":["https:\/\/www.allthingsstone.com\/ca-fr\/product\/delta-vent-sa-dorken\/"]}]},{"@type":"BreadcrumbList","@id":"https:\/\/www.allthingsstone.com\/ca-fr\/product\/delta-vent-sa-dorken\/#breadcrumb","itemListElement":[{"@type":"ListItem","position":1,"name":"Home","item":"https:\/\/www.allthingsstone.com\/ca-fr\/"},{"@type":"ListItem","position":2,"name":"DELTA\u00ae-Vent SA"}]},{"@type":"WebSite","@id":"https:\/\/www.allthingsstone.com\/ca-fr\/#website","url":"https:\/\/www.allthingsstone.com\/ca-fr\/","name":"CSI - Canadian Stone Industries FR","description":"","potentialAction":[{"@type":"SearchAction","target":{"@type":"EntryPoint","urlTemplate":"https:\/\/www.allthingsstone.com\/ca-fr\/?s={search_term_string}"},"query-input":"required name=search_term_string"}],"inLanguage":"en-CA"}]}},"_links":{"self":[{"href":"https:\/\/www.allthingsstone.com\/ca-fr\/wp-json\/wp\/v2\/product\/15306","targetHints":{"allow":["GET"]}}],"collection":[{"href":"https:\/\/www.allthingsstone.com\/ca-fr\/wp-json\/wp\/v2\/product"}],"about":[{"href":"https:\/\/www.allthingsstone.com\/ca-fr\/wp-json\/wp\/v2\/types\/product"}],"replies":[{"embeddable":true,"href":"https:\/\/www.allthingsstone.com\/ca-fr\/wp-json\/wp\/v2\/comments?post=15306"}],"wp:featuredmedia":[{"embeddable":true,"href":"https:\/\/www.allthingsstone.com\/ca-fr\/wp-json\/wp\/v2\/media\/15308"}],"wp:attachment":[{"href":"https:\/\/www.allthingsstone.com\/ca-fr\/wp-json\/wp\/v2\/media?parent=15306"}],"wp:term":[{"taxonomy":"product_cat","embeddable":true,"href":"https:\/\/www.allthingsstone.com\/ca-fr\/wp-json\/wp\/v2\/product_cat?post=15306"},{"taxonomy":"product_tag","embeddable":true,"href":"https:\/\/www.allthingsstone.com\/ca-fr\/wp-json\/wp\/v2\/product_tag?post=15306"}],"curies":[{"name":"wp","href":"https:\/\/api.w.org\/{rel}","templated":true}]}}