{"id":15295,"date":"2020-07-14T18:53:03","date_gmt":"2020-07-14T22:53:03","guid":{"rendered":"http:\/\/www.allthingsstone.com\/ca-fr\/?post_type=product&#038;p=15295"},"modified":"2022-06-16T15:49:56","modified_gmt":"2022-06-16T19:49:56","slug":"delta-dry-stucco-stone-dorken","status":"publish","type":"product","link":"https:\/\/www.allthingsstone.com\/ca-fr\/product\/delta-dry-stucco-stone-dorken\/","title":{"rendered":"DELTA\u00ae-Dry Stucco and Stone"},"content":{"rendered":"<div id=\"pl-15295\"  class=\"panel-layout\" ><div id=\"pg-15295-0\"  class=\"panel-grid panel-no-style\" ><div id=\"pgc-15295-0-0\"  class=\"panel-grid-cell\" ><div id=\"panel-15295-0-0-0\" class=\"so-panel widget widget_sow-editor panel-first-child panel-last-child\" data-index=\"0\" ><div\n\t\t\t\n\t\t\tclass=\"so-widget-sow-editor so-widget-sow-editor-base\"\n\t\t\t\n\t\t>\n<div class=\"siteorigin-widget-tinymce textwidget\">\n\t<p>DELTA<sup>\u00ae<\/sup>-Dry Stucco &amp; Stone est un \u00e9cran pare-pluie ventil\u00e9 avec une grille de mortier pr\u00e9install\u00e9e en usine qui r\u00e9duit la consommation de mortier pour les couches \u00e9rafl\u00e9es. Les lames d\u2019air sur les c\u00f4t\u00e9s int\u00e9rieur et ext\u00e9rieur de la membrane font du produit DELTA<sup>\u00ae<\/sup>-Dry Stucco &amp; Stone la protection id\u00e9ale derri\u00e8re un placage de pierre usin\u00e9e et un rev\u00eatement de stuc classique.<\/p>\n<p>Sans une ventilation et un drainage ad\u00e9quats, l\u2019humidit\u00e9 peut s\u2019accumuler entre la membrane d\u2019\u00e9tanch\u00e9it\u00e9 et le parement d\u2019un b\u00e2timent. Un \u00e9cran pare-pluie s\u00e9pare le rev\u00eatement du b\u00e2timent, ce qui favorise le drainage et l\u2019\u00e9vaporation de l\u2019humidit\u00e9. Les rev\u00eatements en stuc et de pierre requi\u00e8rent un contr\u00f4le sp\u00e9cialis\u00e9 de l\u2019humidit\u00e9. Les rev\u00eatements absorbants augmentent le risque d\u2019humidit\u00e9 li\u00e9 \u00e0 l\u2019ensoleillement, ce qui expose les supports en bois \u00e0 un risque \u00e9lev\u00e9 de dommages caus\u00e9s par l\u2019eau. Un \u00e9cran pare-pluie correctement install\u00e9 offre une s\u00e9paration des couches et favorise le drainage afin d\u2019\u00e9liminer l\u2019humidit\u00e9 dans ces zones probl\u00e9matiques.<\/p>\n<\/div>\n<\/div><\/div><\/div><div id=\"pgc-15295-0-1\"  class=\"panel-grid-cell\" ><div id=\"panel-15295-0-1-0\" class=\"so-panel widget widget_sow-image panel-first-child panel-last-child\" data-index=\"1\" ><div\n\t\t\t\n\t\t\tclass=\"so-widget-sow-image so-widget-sow-image-default-c67d20f9f743-15295\"\n\t\t\t\n\t\t>\n\n<div class=\"sow-image-container\">\n\t\t<img decoding=\"async\" src=\"https:\/\/www.allthingsstone.com\/ca-fr\/wp-content\/uploads\/sites\/12\/2020\/07\/DELTA\u00ae-Dry-Stucco-and-Stone-D\u00f6rken_sample.png\" width=\"300\" height=\"300\" srcset=\"https:\/\/www.allthingsstone.com\/ca-fr\/wp-content\/uploads\/sites\/12\/2020\/07\/DELTA\u00ae-Dry-Stucco-and-Stone-D\u00f6rken_sample.png 300w, https:\/\/www.allthingsstone.com\/ca-fr\/wp-content\/uploads\/sites\/12\/2020\/07\/DELTA\u00ae-Dry-Stucco-and-Stone-D\u00f6rken_sample-150x150.png 150w, https:\/\/www.allthingsstone.com\/ca-fr\/wp-content\/uploads\/sites\/12\/2020\/07\/DELTA\u00ae-Dry-Stucco-and-Stone-D\u00f6rken_sample-100x100.png 100w\" sizes=\"auto, (max-width: 300px) 100vw, 300px\" title=\"DELTA\u00ae-Dry Stucco &amp; Stone\" alt=\"DELTA\u00ae-Dry Stucco &amp; Stone\" loading=\"lazy\" \t\tclass=\"so-widget-image\"\/>\n\t<\/div>\n\n<\/div><\/div><\/div><\/div><div id=\"pg-15295-1\"  class=\"panel-grid panel-no-style\" ><div id=\"pgc-15295-1-0\"  class=\"panel-grid-cell\" ><div id=\"panel-15295-1-0-0\" class=\"so-panel widget widget_sow-image panel-first-child panel-last-child\" data-index=\"2\" ><div\n\t\t\t\n\t\t\tclass=\"so-widget-sow-image so-widget-sow-image-default-c67d20f9f743-15295\"\n\t\t\t\n\t\t>\n\n<div class=\"sow-image-container\">\n\t\t<img decoding=\"async\" src=\"https:\/\/www.allthingsstone.com\/ca-fr\/wp-content\/uploads\/sites\/12\/2020\/07\/DELTA\u00ae-Dry-Stucco-and-Stone-D\u00f6rken_application.png\" width=\"1200\" height=\"922\" srcset=\"https:\/\/www.allthingsstone.com\/ca-fr\/wp-content\/uploads\/sites\/12\/2020\/07\/DELTA\u00ae-Dry-Stucco-and-Stone-D\u00f6rken_application.png 1200w, https:\/\/www.allthingsstone.com\/ca-fr\/wp-content\/uploads\/sites\/12\/2020\/07\/DELTA\u00ae-Dry-Stucco-and-Stone-D\u00f6rken_application-300x231.png 300w, https:\/\/www.allthingsstone.com\/ca-fr\/wp-content\/uploads\/sites\/12\/2020\/07\/DELTA\u00ae-Dry-Stucco-and-Stone-D\u00f6rken_application-1024x787.png 1024w, https:\/\/www.allthingsstone.com\/ca-fr\/wp-content\/uploads\/sites\/12\/2020\/07\/DELTA\u00ae-Dry-Stucco-and-Stone-D\u00f6rken_application-768x590.png 768w, https:\/\/www.allthingsstone.com\/ca-fr\/wp-content\/uploads\/sites\/12\/2020\/07\/DELTA\u00ae-Dry-Stucco-and-Stone-D\u00f6rken_application-600x461.png 600w\" sizes=\"auto, (max-width: 1200px) 100vw, 1200px\" title=\"DELTA\u00ae-Dry Stucco &amp; Stone\" alt=\"DELTA\u00ae-Dry Stucco &amp; Stone\" loading=\"lazy\" \t\tclass=\"so-widget-image\"\/>\n\t<\/div>\n\n<\/div><\/div><\/div><div id=\"pgc-15295-1-1\"  class=\"panel-grid-cell\" ><div id=\"panel-15295-1-1-0\" class=\"so-panel widget widget_sow-editor panel-first-child panel-last-child\" data-index=\"3\" ><div\n\t\t\t\n\t\t\tclass=\"so-widget-sow-editor so-widget-sow-editor-base\"\n\t\t\t\n\t\t>\n<div class=\"siteorigin-widget-tinymce textwidget\">\n\t<p><strong>Produits connexes\u00a0:<br \/>\n<\/strong><a href=\"https:\/\/www.allthingsstone.com\/ca-fr\/product\/zdelta-bug-screen\/\">-\u00a0DELTA<sup>\u00ae<\/sup>-Bug Screen<\/a><\/p>\n<\/div>\n<\/div><\/div><\/div><\/div><div id=\"pg-15295-2\"  class=\"panel-grid panel-no-style\" ><div id=\"pgc-15295-2-0\"  class=\"panel-grid-cell\" ><div id=\"panel-15295-2-0-0\" class=\"so-panel widget widget_sow-editor panel-first-child panel-last-child\" data-index=\"4\" ><div\n\t\t\t\n\t\t\tclass=\"so-widget-sow-editor so-widget-sow-editor-base\"\n\t\t\t\n\t\t>\n<div class=\"siteorigin-widget-tinymce textwidget\">\n\t<p>Pour trouver un d\u00e9taillant DELTA<sup>\u00ae<\/sup>\u00a0de D\u00f6rken pr\u00e8s de chez vous, veuillez cliquer sur le bouton\u00a0<strong><a href=\"https:\/\/www.allthingsstone.com\/ca-fr\/ou-acheter\/\">O\u00f9 acheter<\/a><\/strong>.<\/p>\n<\/div>\n<\/div><\/div><\/div><\/div><\/div>","protected":false},"excerpt":{"rendered":"<p>DELTA\u00ae-Dry Stucco &amp; Stone est un \u00e9cran pare-pluie ventil\u00e9 avec une grille de mortier pr\u00e9install\u00e9e en usine qui r\u00e9duit la consommation de mortier pour les &hellip; <a href=\"https:\/\/www.allthingsstone.com\/ca-fr\/product\/delta-dry-stucco-stone-dorken\/\">Continued<\/a><\/p>\n","protected":false},"featured_media":15296,"comment_status":"open","ping_status":"closed","template":"","meta":{"inline_featured_image":false,"_mi_skip_tracking":false,"_exactmetrics_sitenote_active":false,"_exactmetrics_sitenote_note":"","_exactmetrics_sitenote_category":0},"product_cat":[6531],"product_tag":[8380],"class_list":["post-15295","product","type-product","status-publish","has-post-thumbnail","hentry","product_cat-produits-de-construction","product_tag-delta-by-dorken-products","brands-delta-dorken","single_resource-delta-dorken"],"acf":[],"yoast_head":"<!-- This site is optimized with the Yoast SEO Premium plugin v21.6 (Yoast SEO v21.6) - https:\/\/yoast.com\/wordpress\/plugins\/seo\/ -->\n<title>DELTA\u00ae-Dry Stucco &amp; Stone D\u00f6rken | CSI FR<\/title>\n<meta name=\"description\" content=\"DELTA\u00ae-Dry Stucco &amp; Stone est un \u00e9cran pare-pluie ventil\u00e9 avec une grille de mortier pr\u00e9install\u00e9e en usine qui r\u00e9duit la consommation de mortier pour les couches \u00e9rafl\u00e9es. Les lames d\u2019air sur les c\u00f4t\u00e9s int\u00e9rieur et ext\u00e9rieur de la membrane font du produit DELTA\u00ae-Dry Stucco &amp; Stone la protection id\u00e9ale derri\u00e8re un placage de pierre usin\u00e9e et un rev\u00eatement de stuc classique.\" \/>\n<meta name=\"robots\" content=\"index, follow, max-snippet:-1, max-image-preview:large, max-video-preview:-1\" \/>\n<link rel=\"canonical\" href=\"https:\/\/www.allthingsstone.com\/ca-fr\/product\/delta-dry-stucco-stone-dorken\/\" \/>\n<meta property=\"og:locale\" content=\"en_US\" \/>\n<meta property=\"og:type\" content=\"article\" \/>\n<meta property=\"og:title\" content=\"DELTA\u00ae-Dry Stucco and Stone\" \/>\n<meta property=\"og:description\" content=\"DELTA\u00ae-Dry Stucco &amp; Stone est un \u00e9cran pare-pluie ventil\u00e9 avec une grille de mortier pr\u00e9install\u00e9e en usine qui r\u00e9duit la consommation de mortier pour les couches \u00e9rafl\u00e9es. Les lames d\u2019air sur les c\u00f4t\u00e9s int\u00e9rieur et ext\u00e9rieur de la membrane font du produit DELTA\u00ae-Dry Stucco &amp; Stone la protection id\u00e9ale derri\u00e8re un placage de pierre usin\u00e9e et un rev\u00eatement de stuc classique.\" \/>\n<meta property=\"og:url\" content=\"https:\/\/www.allthingsstone.com\/ca-fr\/product\/delta-dry-stucco-stone-dorken\/\" \/>\n<meta property=\"og:site_name\" content=\"CSI - Canadian Stone Industries FR\" \/>\n<meta property=\"article:modified_time\" content=\"2022-06-16T19:49:56+00:00\" \/>\n<meta property=\"og:image\" content=\"https:\/\/www.allthingsstone.com\/ca-fr\/wp-content\/uploads\/sites\/12\/2020\/07\/DELTA\u00ae-Dry-Stucco-and-Stone-D\u00f6rken.png\" \/>\n\t<meta property=\"og:image:width\" content=\"459\" \/>\n\t<meta property=\"og:image:height\" content=\"339\" \/>\n\t<meta property=\"og:image:type\" content=\"image\/png\" \/>\n<meta name=\"twitter:card\" content=\"summary_large_image\" \/>\n<meta name=\"twitter:label1\" content=\"Est. reading time\" \/>\n\t<meta name=\"twitter:data1\" content=\"2 minutes\" \/>\n<script type=\"application\/ld+json\" class=\"yoast-schema-graph\">{\"@context\":\"https:\/\/schema.org\",\"@graph\":[{\"@type\":\"WebPage\",\"@id\":\"https:\/\/www.allthingsstone.com\/ca-fr\/product\/delta-dry-stucco-stone-dorken\/\",\"url\":\"https:\/\/www.allthingsstone.com\/ca-fr\/product\/delta-dry-stucco-stone-dorken\/\",\"name\":\"DELTA\u00ae-Dry Stucco & Stone D\u00f6rken | CSI FR\",\"isPartOf\":{\"@id\":\"https:\/\/www.allthingsstone.com\/ca-fr\/#website\"},\"datePublished\":\"2020-07-14T22:53:03+00:00\",\"dateModified\":\"2022-06-16T19:49:56+00:00\",\"description\":\"DELTA\u00ae-Dry Stucco & Stone est un \u00e9cran pare-pluie ventil\u00e9 avec une grille de mortier pr\u00e9install\u00e9e en usine qui r\u00e9duit la consommation de mortier pour les couches \u00e9rafl\u00e9es. Les lames d\u2019air sur les c\u00f4t\u00e9s int\u00e9rieur et ext\u00e9rieur de la membrane font du produit DELTA\u00ae-Dry Stucco & Stone la protection id\u00e9ale derri\u00e8re un placage de pierre usin\u00e9e et un rev\u00eatement de stuc classique.\",\"breadcrumb\":{\"@id\":\"https:\/\/www.allthingsstone.com\/ca-fr\/product\/delta-dry-stucco-stone-dorken\/#breadcrumb\"},\"inLanguage\":\"en-CA\",\"potentialAction\":[{\"@type\":\"ReadAction\",\"target\":[\"https:\/\/www.allthingsstone.com\/ca-fr\/product\/delta-dry-stucco-stone-dorken\/\"]}]},{\"@type\":\"BreadcrumbList\",\"@id\":\"https:\/\/www.allthingsstone.com\/ca-fr\/product\/delta-dry-stucco-stone-dorken\/#breadcrumb\",\"itemListElement\":[{\"@type\":\"ListItem\",\"position\":1,\"name\":\"Home\",\"item\":\"https:\/\/www.allthingsstone.com\/ca-fr\/\"},{\"@type\":\"ListItem\",\"position\":2,\"name\":\"DELTA\u00ae-Dry Stucco and Stone\"}]},{\"@type\":\"WebSite\",\"@id\":\"https:\/\/www.allthingsstone.com\/ca-fr\/#website\",\"url\":\"https:\/\/www.allthingsstone.com\/ca-fr\/\",\"name\":\"CSI - Canadian Stone Industries FR\",\"description\":\"\",\"potentialAction\":[{\"@type\":\"SearchAction\",\"target\":{\"@type\":\"EntryPoint\",\"urlTemplate\":\"https:\/\/www.allthingsstone.com\/ca-fr\/?s={search_term_string}\"},\"query-input\":\"required name=search_term_string\"}],\"inLanguage\":\"en-CA\"}]}<\/script>\n<!-- \/ Yoast SEO Premium plugin. -->","yoast_head_json":{"title":"DELTA\u00ae-Dry Stucco & Stone D\u00f6rken | CSI FR","description":"DELTA\u00ae-Dry Stucco & Stone est un \u00e9cran pare-pluie ventil\u00e9 avec une grille de mortier pr\u00e9install\u00e9e en usine qui r\u00e9duit la consommation de mortier pour les couches \u00e9rafl\u00e9es. Les lames d\u2019air sur les c\u00f4t\u00e9s int\u00e9rieur et ext\u00e9rieur de la membrane font du produit DELTA\u00ae-Dry Stucco & Stone la protection id\u00e9ale derri\u00e8re un placage de pierre usin\u00e9e et un rev\u00eatement de stuc classique.","robots":{"index":"index","follow":"follow","max-snippet":"max-snippet:-1","max-image-preview":"max-image-preview:large","max-video-preview":"max-video-preview:-1"},"canonical":"https:\/\/www.allthingsstone.com\/ca-fr\/product\/delta-dry-stucco-stone-dorken\/","og_locale":"en_US","og_type":"article","og_title":"DELTA\u00ae-Dry Stucco and Stone","og_description":"DELTA\u00ae-Dry Stucco & Stone est un \u00e9cran pare-pluie ventil\u00e9 avec une grille de mortier pr\u00e9install\u00e9e en usine qui r\u00e9duit la consommation de mortier pour les couches \u00e9rafl\u00e9es. Les lames d\u2019air sur les c\u00f4t\u00e9s int\u00e9rieur et ext\u00e9rieur de la membrane font du produit DELTA\u00ae-Dry Stucco & Stone la protection id\u00e9ale derri\u00e8re un placage de pierre usin\u00e9e et un rev\u00eatement de stuc classique.","og_url":"https:\/\/www.allthingsstone.com\/ca-fr\/product\/delta-dry-stucco-stone-dorken\/","og_site_name":"CSI - Canadian Stone Industries FR","article_modified_time":"2022-06-16T19:49:56+00:00","og_image":[{"width":459,"height":339,"url":"https:\/\/www.allthingsstone.com\/ca-fr\/wp-content\/uploads\/sites\/12\/2020\/07\/DELTA\u00ae-Dry-Stucco-and-Stone-D\u00f6rken.png","type":"image\/png"}],"twitter_card":"summary_large_image","twitter_misc":{"Est. reading time":"2 minutes"},"schema":{"@context":"https:\/\/schema.org","@graph":[{"@type":"WebPage","@id":"https:\/\/www.allthingsstone.com\/ca-fr\/product\/delta-dry-stucco-stone-dorken\/","url":"https:\/\/www.allthingsstone.com\/ca-fr\/product\/delta-dry-stucco-stone-dorken\/","name":"DELTA\u00ae-Dry Stucco & Stone D\u00f6rken | CSI FR","isPartOf":{"@id":"https:\/\/www.allthingsstone.com\/ca-fr\/#website"},"datePublished":"2020-07-14T22:53:03+00:00","dateModified":"2022-06-16T19:49:56+00:00","description":"DELTA\u00ae-Dry Stucco & Stone est un \u00e9cran pare-pluie ventil\u00e9 avec une grille de mortier pr\u00e9install\u00e9e en usine qui r\u00e9duit la consommation de mortier pour les couches \u00e9rafl\u00e9es. Les lames d\u2019air sur les c\u00f4t\u00e9s int\u00e9rieur et ext\u00e9rieur de la membrane font du produit DELTA\u00ae-Dry Stucco & Stone la protection id\u00e9ale derri\u00e8re un placage de pierre usin\u00e9e et un rev\u00eatement de stuc classique.","breadcrumb":{"@id":"https:\/\/www.allthingsstone.com\/ca-fr\/product\/delta-dry-stucco-stone-dorken\/#breadcrumb"},"inLanguage":"en-CA","potentialAction":[{"@type":"ReadAction","target":["https:\/\/www.allthingsstone.com\/ca-fr\/product\/delta-dry-stucco-stone-dorken\/"]}]},{"@type":"BreadcrumbList","@id":"https:\/\/www.allthingsstone.com\/ca-fr\/product\/delta-dry-stucco-stone-dorken\/#breadcrumb","itemListElement":[{"@type":"ListItem","position":1,"name":"Home","item":"https:\/\/www.allthingsstone.com\/ca-fr\/"},{"@type":"ListItem","position":2,"name":"DELTA\u00ae-Dry Stucco and Stone"}]},{"@type":"WebSite","@id":"https:\/\/www.allthingsstone.com\/ca-fr\/#website","url":"https:\/\/www.allthingsstone.com\/ca-fr\/","name":"CSI - Canadian Stone Industries FR","description":"","potentialAction":[{"@type":"SearchAction","target":{"@type":"EntryPoint","urlTemplate":"https:\/\/www.allthingsstone.com\/ca-fr\/?s={search_term_string}"},"query-input":"required name=search_term_string"}],"inLanguage":"en-CA"}]}},"_links":{"self":[{"href":"https:\/\/www.allthingsstone.com\/ca-fr\/wp-json\/wp\/v2\/product\/15295","targetHints":{"allow":["GET"]}}],"collection":[{"href":"https:\/\/www.allthingsstone.com\/ca-fr\/wp-json\/wp\/v2\/product"}],"about":[{"href":"https:\/\/www.allthingsstone.com\/ca-fr\/wp-json\/wp\/v2\/types\/product"}],"replies":[{"embeddable":true,"href":"https:\/\/www.allthingsstone.com\/ca-fr\/wp-json\/wp\/v2\/comments?post=15295"}],"wp:featuredmedia":[{"embeddable":true,"href":"https:\/\/www.allthingsstone.com\/ca-fr\/wp-json\/wp\/v2\/media\/15296"}],"wp:attachment":[{"href":"https:\/\/www.allthingsstone.com\/ca-fr\/wp-json\/wp\/v2\/media?parent=15295"}],"wp:term":[{"taxonomy":"product_cat","embeddable":true,"href":"https:\/\/www.allthingsstone.com\/ca-fr\/wp-json\/wp\/v2\/product_cat?post=15295"},{"taxonomy":"product_tag","embeddable":true,"href":"https:\/\/www.allthingsstone.com\/ca-fr\/wp-json\/wp\/v2\/product_tag?post=15295"}],"curies":[{"name":"wp","href":"https:\/\/api.w.org\/{rel}","templated":true}]}}