{"id":15289,"date":"2020-07-14T17:51:44","date_gmt":"2020-07-14T21:51:44","guid":{"rendered":"http:\/\/www.allthingsstone.com\/ca-fr\/?post_type=product&#038;p=15289"},"modified":"2022-06-16T15:49:27","modified_gmt":"2022-06-16T19:49:27","slug":"delta-dry-and-lath-dorken","status":"publish","type":"product","link":"https:\/\/www.allthingsstone.com\/ca-fr\/product\/delta-dry-and-lath-dorken\/","title":{"rendered":"DELTA\u00ae-Dry and Lath"},"content":{"rendered":"<div id=\"pl-15289\"  class=\"panel-layout\" ><div id=\"pg-15289-0\"  class=\"panel-grid panel-no-style\" ><div id=\"pgc-15289-0-0\"  class=\"panel-grid-cell\" ><div id=\"panel-15289-0-0-0\" class=\"so-panel widget widget_sow-editor panel-first-child panel-last-child\" data-index=\"0\" ><div\n\t\t\t\n\t\t\tclass=\"so-widget-sow-editor so-widget-sow-editor-base\"\n\t\t\t\n\t\t>\n<div class=\"siteorigin-widget-tinymce textwidget\">\n\t<p>DELTA<sup>\u00ae<\/sup>-Dry\u00a0&amp;\u00a0Lath est un produit\u00a02\u00a0en\u00a01 qui combine la technologie \u00e9prouv\u00e9e de l\u2019\u00e9cran pare-pluie\u00a0DELTA<sup>\u00ae<\/sup>-Dry\u00a0avec une latte en fibre de verre novatrice. Il s\u2019agit d\u2019un syst\u00e8me de contr\u00f4le de l\u2019humidit\u00e9 et de lattes complet.En combinant ces deux\u00a0composantes essentielles en un seul produit, une \u00e9tape compl\u00e8te est \u00e9limin\u00e9e du processus de construction. DELTA<sup>\u00ae<\/sup>-Dry &amp; Lath \u00e9limine compl\u00e8tement le besoin d\u2019utiliser une latte m\u00e9tallique, ce qui rend la manipulation du produit par l\u2019installateur plus facile et s\u00e9curitaire. La fibre de verre r\u00e9sistante aux alcalis ne peut pas \u00eatre endommag\u00e9e par les produits chimiques et ne se corrodera pas.<\/p>\n<p>L\u2019humidit\u00e9 li\u00e9e \u00e0 l\u2019ensoleillement est bloqu\u00e9e avant de pouvoir causer des dommages. DELTA<sup>\u00ae<\/sup>-Dry\u00a0&amp;\u00a0Lath permet \u00e9galement \u00e0 l\u2019humidit\u00e9 secondaire \u00e0 l\u2019int\u00e9rieur du mur de s\u00e9cher vers l\u2019ext\u00e9rieur. DELTA<sup>\u00ae<\/sup>-Dry\u00a0&amp;\u00a0Lath est extr\u00eamement durable et prot\u00e9gera le b\u00e2timent des dommages caus\u00e9s par l\u2019humidit\u00e9 pendant tr\u00e8s longtemps.<\/p>\n<\/div>\n<\/div><\/div><\/div><div id=\"pgc-15289-0-1\"  class=\"panel-grid-cell\" ><div id=\"panel-15289-0-1-0\" class=\"so-panel widget widget_sow-image panel-first-child panel-last-child\" data-index=\"1\" ><div\n\t\t\t\n\t\t\tclass=\"so-widget-sow-image so-widget-sow-image-default-c67d20f9f743-15289\"\n\t\t\t\n\t\t>\n\n<div class=\"sow-image-container\">\n\t\t<img decoding=\"async\" src=\"https:\/\/www.allthingsstone.com\/ca-fr\/wp-content\/uploads\/sites\/12\/2020\/07\/DELTA\u00ae-Dry-and-Lath-D\u00f6rken_roll.png\" width=\"200\" height=\"350\" srcset=\"https:\/\/www.allthingsstone.com\/ca-fr\/wp-content\/uploads\/sites\/12\/2020\/07\/DELTA\u00ae-Dry-and-Lath-D\u00f6rken_roll.png 200w, https:\/\/www.allthingsstone.com\/ca-fr\/wp-content\/uploads\/sites\/12\/2020\/07\/DELTA\u00ae-Dry-and-Lath-D\u00f6rken_roll-171x300.png 171w\" sizes=\"auto, (max-width: 200px) 100vw, 200px\" title=\"DELTA\u00ae-Dry &amp; Lath\" alt=\"DELTA\u00ae-Dry &amp; Lath\" loading=\"lazy\" \t\tclass=\"so-widget-image\"\/>\n\t<\/div>\n\n<\/div><\/div><\/div><\/div><div id=\"pg-15289-1\"  class=\"panel-grid panel-no-style\" ><div id=\"pgc-15289-1-0\"  class=\"panel-grid-cell\" ><div id=\"panel-15289-1-0-0\" class=\"so-panel widget widget_sow-image panel-first-child panel-last-child\" data-index=\"2\" ><div\n\t\t\t\n\t\t\tclass=\"so-widget-sow-image so-widget-sow-image-default-c67d20f9f743-15289\"\n\t\t\t\n\t\t>\n\n<div class=\"sow-image-container\">\n\t\t<img decoding=\"async\" src=\"https:\/\/www.allthingsstone.com\/ca-fr\/wp-content\/uploads\/sites\/12\/2020\/07\/DELTA\u00ae-Dry-and-Lath-D\u00f6rken_application.png\" width=\"441\" height=\"339\" srcset=\"https:\/\/www.allthingsstone.com\/ca-fr\/wp-content\/uploads\/sites\/12\/2020\/07\/DELTA\u00ae-Dry-and-Lath-D\u00f6rken_application.png 441w, https:\/\/www.allthingsstone.com\/ca-fr\/wp-content\/uploads\/sites\/12\/2020\/07\/DELTA\u00ae-Dry-and-Lath-D\u00f6rken_application-300x231.png 300w\" sizes=\"auto, (max-width: 441px) 100vw, 441px\" title=\"DELTA\u00ae-Dry &amp; Lath\" alt=\"DELTA\u00ae-Dry &amp; Lath\" loading=\"lazy\" \t\tclass=\"so-widget-image\"\/>\n\t<\/div>\n\n<\/div><\/div><\/div><div id=\"pgc-15289-1-1\"  class=\"panel-grid-cell\" ><div id=\"panel-15289-1-1-0\" class=\"so-panel widget widget_sow-editor panel-first-child panel-last-child\" data-index=\"3\" ><div\n\t\t\t\n\t\t\tclass=\"so-widget-sow-editor so-widget-sow-editor-base\"\n\t\t\t\n\t\t>\n<div class=\"siteorigin-widget-tinymce textwidget\">\n\t<p><strong>Produits connexes\u00a0:<br \/>\n<\/strong><a href=\"https:\/\/www.allthingsstone.com\/ca-fr\/product\/zdelta-bug-screen\/\">-\u00a0DELTA<sup>\u00ae<\/sup>-Bug Screen<\/a><strong><br \/>\n<\/strong><\/p>\n<\/div>\n<\/div><\/div><\/div><\/div><div id=\"pg-15289-2\"  class=\"panel-grid panel-no-style\" ><div id=\"pgc-15289-2-0\"  class=\"panel-grid-cell\" ><div id=\"panel-15289-2-0-0\" class=\"so-panel widget widget_sow-image panel-first-child panel-last-child\" data-index=\"4\" ><div\n\t\t\t\n\t\t\tclass=\"so-widget-sow-image so-widget-sow-image-default-8b5b6f678277-15289\"\n\t\t\t\n\t\t>\n\n<div class=\"sow-image-container\">\n\t\t<img decoding=\"async\" src=\"https:\/\/www.allthingsstone.com\/ca-fr\/wp-content\/uploads\/sites\/12\/2020\/07\/DELTA\u00ae-Dry-Lath-by-Dorken_1.jpg\" width=\"500\" height=\"400\" srcset=\"https:\/\/www.allthingsstone.com\/ca-fr\/wp-content\/uploads\/sites\/12\/2020\/07\/DELTA\u00ae-Dry-Lath-by-Dorken_1.jpg 500w, https:\/\/www.allthingsstone.com\/ca-fr\/wp-content\/uploads\/sites\/12\/2020\/07\/DELTA\u00ae-Dry-Lath-by-Dorken_1-300x240.jpg 300w\" sizes=\"auto, (max-width: 500px) 100vw, 500px\" title=\"DELTA\u00ae-Dry &amp; Lath by Dorken\" alt=\"DELTA\u00ae-Dry &amp; Lath by Dorken\" loading=\"lazy\" \t\tclass=\"so-widget-image\"\/>\n\t<\/div>\n\n<\/div><\/div><\/div><div id=\"pgc-15289-2-1\"  class=\"panel-grid-cell\" ><div id=\"panel-15289-2-1-0\" class=\"so-panel widget widget_sow-image panel-first-child panel-last-child\" data-index=\"5\" ><div\n\t\t\t\n\t\t\tclass=\"so-widget-sow-image so-widget-sow-image-default-8b5b6f678277-15289\"\n\t\t\t\n\t\t>\n\n<div class=\"sow-image-container\">\n\t\t<img decoding=\"async\" src=\"https:\/\/www.allthingsstone.com\/ca-fr\/wp-content\/uploads\/sites\/12\/2020\/07\/DELTA\u00ae-Dry-Lath-by-Dorken_2.jpg\" width=\"500\" height=\"400\" srcset=\"https:\/\/www.allthingsstone.com\/ca-fr\/wp-content\/uploads\/sites\/12\/2020\/07\/DELTA\u00ae-Dry-Lath-by-Dorken_2.jpg 500w, https:\/\/www.allthingsstone.com\/ca-fr\/wp-content\/uploads\/sites\/12\/2020\/07\/DELTA\u00ae-Dry-Lath-by-Dorken_2-300x240.jpg 300w\" sizes=\"auto, (max-width: 500px) 100vw, 500px\" title=\"DELTA\u00ae-Dry &amp; Lath by Dorken\" alt=\"DELTA\u00ae-Dry &amp; Lath by Dorken\" loading=\"lazy\" \t\tclass=\"so-widget-image\"\/>\n\t<\/div>\n\n<\/div><\/div><\/div><\/div><div id=\"pg-15289-3\"  class=\"panel-grid panel-no-style\" ><div id=\"pgc-15289-3-0\"  class=\"panel-grid-cell\" ><div id=\"panel-15289-3-0-0\" class=\"so-panel widget widget_sow-editor panel-first-child panel-last-child\" data-index=\"6\" ><div\n\t\t\t\n\t\t\tclass=\"so-widget-sow-editor so-widget-sow-editor-base\"\n\t\t\t\n\t\t>\n<div class=\"siteorigin-widget-tinymce textwidget\">\n\t<p>Pour trouver un d\u00e9taillant DELTA<sup>\u00ae<\/sup>\u00a0de D\u00f6rken pr\u00e8s de chez vous, veuillez cliquer sur le bouton\u00a0<strong><a href=\"https:\/\/www.allthingsstone.com\/ca-fr\/ou-acheter\/\">O\u00f9 acheter<\/a><\/strong>.<\/p>\n<\/div>\n<\/div><\/div><\/div><\/div><\/div>","protected":false},"excerpt":{"rendered":"<p>DELTA\u00ae-Dry\u00a0&amp;\u00a0Lath est un produit\u00a02\u00a0en\u00a01 qui combine la technologie \u00e9prouv\u00e9e de l\u2019\u00e9cran pare-pluie\u00a0DELTA\u00ae-Dry\u00a0avec une latte en fibre de verre novatrice. Il s\u2019agit d\u2019un syst\u00e8me de contr\u00f4le &hellip; <a href=\"https:\/\/www.allthingsstone.com\/ca-fr\/product\/delta-dry-and-lath-dorken\/\">Continued<\/a><\/p>\n","protected":false},"featured_media":15290,"comment_status":"open","ping_status":"closed","template":"","meta":{"inline_featured_image":false,"_mi_skip_tracking":false,"_exactmetrics_sitenote_active":false,"_exactmetrics_sitenote_note":"","_exactmetrics_sitenote_category":0},"product_cat":[6531],"product_tag":[8380],"class_list":["post-15289","product","type-product","status-publish","has-post-thumbnail","hentry","product_cat-produits-de-construction","product_tag-delta-by-dorken-products","brands-delta-dorken","single_resource-delta-dorken"],"acf":[],"yoast_head":"<!-- This site is optimized with the Yoast SEO Premium plugin v21.6 (Yoast SEO v21.6) - https:\/\/yoast.com\/wordpress\/plugins\/seo\/ -->\n<title>DELTA\u00ae-Dry &amp; Lath D\u00f6rken | CSI FR<\/title>\n<meta name=\"description\" content=\"DELTA\u00ae-Dry &amp; Lath est un produit 2 en 1 qui combine la technologie \u00e9prouv\u00e9e de l\u2019\u00e9cran pare-pluie DELTA\u00ae-Dry avec une latte en fibre de verre novatrice. Il s\u2019agit d\u2019un syst\u00e8me de contr\u00f4le de l\u2019humidit\u00e9 et de lattes complet.En combinant ces deux composantes essentielles en un seul produit, une \u00e9tape compl\u00e8te est \u00e9limin\u00e9e du processus de construction.\" \/>\n<meta name=\"robots\" content=\"index, follow, max-snippet:-1, max-image-preview:large, max-video-preview:-1\" \/>\n<link rel=\"canonical\" href=\"https:\/\/www.allthingsstone.com\/ca-fr\/product\/delta-dry-and-lath-dorken\/\" \/>\n<meta property=\"og:locale\" content=\"en_US\" \/>\n<meta property=\"og:type\" content=\"article\" \/>\n<meta property=\"og:title\" content=\"DELTA\u00ae-Dry and Lath\" \/>\n<meta property=\"og:description\" content=\"DELTA\u00ae-Dry &amp; Lath est un produit 2 en 1 qui combine la technologie \u00e9prouv\u00e9e de l\u2019\u00e9cran pare-pluie DELTA\u00ae-Dry avec une latte en fibre de verre novatrice. Il s\u2019agit d\u2019un syst\u00e8me de contr\u00f4le de l\u2019humidit\u00e9 et de lattes complet.En combinant ces deux composantes essentielles en un seul produit, une \u00e9tape compl\u00e8te est \u00e9limin\u00e9e du processus de construction.\" \/>\n<meta property=\"og:url\" content=\"https:\/\/www.allthingsstone.com\/ca-fr\/product\/delta-dry-and-lath-dorken\/\" \/>\n<meta property=\"og:site_name\" content=\"CSI - Canadian Stone Industries FR\" \/>\n<meta property=\"article:modified_time\" content=\"2022-06-16T19:49:27+00:00\" \/>\n<meta property=\"og:image\" content=\"https:\/\/www.allthingsstone.com\/ca-fr\/wp-content\/uploads\/sites\/12\/2020\/07\/DELTA\u00ae-Dry-and-Lath-D\u00f6rken.png\" \/>\n\t<meta property=\"og:image:width\" content=\"459\" \/>\n\t<meta property=\"og:image:height\" content=\"339\" \/>\n\t<meta property=\"og:image:type\" content=\"image\/png\" \/>\n<meta name=\"twitter:card\" content=\"summary_large_image\" \/>\n<meta name=\"twitter:label1\" content=\"Est. reading time\" \/>\n\t<meta name=\"twitter:data1\" content=\"1 minute\" \/>\n<script type=\"application\/ld+json\" class=\"yoast-schema-graph\">{\"@context\":\"https:\/\/schema.org\",\"@graph\":[{\"@type\":\"WebPage\",\"@id\":\"https:\/\/www.allthingsstone.com\/ca-fr\/product\/delta-dry-and-lath-dorken\/\",\"url\":\"https:\/\/www.allthingsstone.com\/ca-fr\/product\/delta-dry-and-lath-dorken\/\",\"name\":\"DELTA\u00ae-Dry & Lath D\u00f6rken | CSI FR\",\"isPartOf\":{\"@id\":\"https:\/\/www.allthingsstone.com\/ca-fr\/#website\"},\"datePublished\":\"2020-07-14T21:51:44+00:00\",\"dateModified\":\"2022-06-16T19:49:27+00:00\",\"description\":\"DELTA\u00ae-Dry & Lath est un produit 2 en 1 qui combine la technologie \u00e9prouv\u00e9e de l\u2019\u00e9cran pare-pluie DELTA\u00ae-Dry avec une latte en fibre de verre novatrice. Il s\u2019agit d\u2019un syst\u00e8me de contr\u00f4le de l\u2019humidit\u00e9 et de lattes complet.En combinant ces deux composantes essentielles en un seul produit, une \u00e9tape compl\u00e8te est \u00e9limin\u00e9e du processus de construction.\",\"breadcrumb\":{\"@id\":\"https:\/\/www.allthingsstone.com\/ca-fr\/product\/delta-dry-and-lath-dorken\/#breadcrumb\"},\"inLanguage\":\"en-CA\",\"potentialAction\":[{\"@type\":\"ReadAction\",\"target\":[\"https:\/\/www.allthingsstone.com\/ca-fr\/product\/delta-dry-and-lath-dorken\/\"]}]},{\"@type\":\"BreadcrumbList\",\"@id\":\"https:\/\/www.allthingsstone.com\/ca-fr\/product\/delta-dry-and-lath-dorken\/#breadcrumb\",\"itemListElement\":[{\"@type\":\"ListItem\",\"position\":1,\"name\":\"Home\",\"item\":\"https:\/\/www.allthingsstone.com\/ca-fr\/\"},{\"@type\":\"ListItem\",\"position\":2,\"name\":\"DELTA\u00ae-Dry and Lath\"}]},{\"@type\":\"WebSite\",\"@id\":\"https:\/\/www.allthingsstone.com\/ca-fr\/#website\",\"url\":\"https:\/\/www.allthingsstone.com\/ca-fr\/\",\"name\":\"CSI - Canadian Stone Industries FR\",\"description\":\"\",\"potentialAction\":[{\"@type\":\"SearchAction\",\"target\":{\"@type\":\"EntryPoint\",\"urlTemplate\":\"https:\/\/www.allthingsstone.com\/ca-fr\/?s={search_term_string}\"},\"query-input\":\"required name=search_term_string\"}],\"inLanguage\":\"en-CA\"}]}<\/script>\n<!-- \/ Yoast SEO Premium plugin. -->","yoast_head_json":{"title":"DELTA\u00ae-Dry & Lath D\u00f6rken | CSI FR","description":"DELTA\u00ae-Dry & Lath est un produit 2 en 1 qui combine la technologie \u00e9prouv\u00e9e de l\u2019\u00e9cran pare-pluie DELTA\u00ae-Dry avec une latte en fibre de verre novatrice. Il s\u2019agit d\u2019un syst\u00e8me de contr\u00f4le de l\u2019humidit\u00e9 et de lattes complet.En combinant ces deux composantes essentielles en un seul produit, une \u00e9tape compl\u00e8te est \u00e9limin\u00e9e du processus de construction.","robots":{"index":"index","follow":"follow","max-snippet":"max-snippet:-1","max-image-preview":"max-image-preview:large","max-video-preview":"max-video-preview:-1"},"canonical":"https:\/\/www.allthingsstone.com\/ca-fr\/product\/delta-dry-and-lath-dorken\/","og_locale":"en_US","og_type":"article","og_title":"DELTA\u00ae-Dry and Lath","og_description":"DELTA\u00ae-Dry & Lath est un produit 2 en 1 qui combine la technologie \u00e9prouv\u00e9e de l\u2019\u00e9cran pare-pluie DELTA\u00ae-Dry avec une latte en fibre de verre novatrice. Il s\u2019agit d\u2019un syst\u00e8me de contr\u00f4le de l\u2019humidit\u00e9 et de lattes complet.En combinant ces deux composantes essentielles en un seul produit, une \u00e9tape compl\u00e8te est \u00e9limin\u00e9e du processus de construction.","og_url":"https:\/\/www.allthingsstone.com\/ca-fr\/product\/delta-dry-and-lath-dorken\/","og_site_name":"CSI - Canadian Stone Industries FR","article_modified_time":"2022-06-16T19:49:27+00:00","og_image":[{"width":459,"height":339,"url":"https:\/\/www.allthingsstone.com\/ca-fr\/wp-content\/uploads\/sites\/12\/2020\/07\/DELTA\u00ae-Dry-and-Lath-D\u00f6rken.png","type":"image\/png"}],"twitter_card":"summary_large_image","twitter_misc":{"Est. reading time":"1 minute"},"schema":{"@context":"https:\/\/schema.org","@graph":[{"@type":"WebPage","@id":"https:\/\/www.allthingsstone.com\/ca-fr\/product\/delta-dry-and-lath-dorken\/","url":"https:\/\/www.allthingsstone.com\/ca-fr\/product\/delta-dry-and-lath-dorken\/","name":"DELTA\u00ae-Dry & Lath D\u00f6rken | CSI FR","isPartOf":{"@id":"https:\/\/www.allthingsstone.com\/ca-fr\/#website"},"datePublished":"2020-07-14T21:51:44+00:00","dateModified":"2022-06-16T19:49:27+00:00","description":"DELTA\u00ae-Dry & Lath est un produit 2 en 1 qui combine la technologie \u00e9prouv\u00e9e de l\u2019\u00e9cran pare-pluie DELTA\u00ae-Dry avec une latte en fibre de verre novatrice. Il s\u2019agit d\u2019un syst\u00e8me de contr\u00f4le de l\u2019humidit\u00e9 et de lattes complet.En combinant ces deux composantes essentielles en un seul produit, une \u00e9tape compl\u00e8te est \u00e9limin\u00e9e du processus de construction.","breadcrumb":{"@id":"https:\/\/www.allthingsstone.com\/ca-fr\/product\/delta-dry-and-lath-dorken\/#breadcrumb"},"inLanguage":"en-CA","potentialAction":[{"@type":"ReadAction","target":["https:\/\/www.allthingsstone.com\/ca-fr\/product\/delta-dry-and-lath-dorken\/"]}]},{"@type":"BreadcrumbList","@id":"https:\/\/www.allthingsstone.com\/ca-fr\/product\/delta-dry-and-lath-dorken\/#breadcrumb","itemListElement":[{"@type":"ListItem","position":1,"name":"Home","item":"https:\/\/www.allthingsstone.com\/ca-fr\/"},{"@type":"ListItem","position":2,"name":"DELTA\u00ae-Dry and Lath"}]},{"@type":"WebSite","@id":"https:\/\/www.allthingsstone.com\/ca-fr\/#website","url":"https:\/\/www.allthingsstone.com\/ca-fr\/","name":"CSI - Canadian Stone Industries FR","description":"","potentialAction":[{"@type":"SearchAction","target":{"@type":"EntryPoint","urlTemplate":"https:\/\/www.allthingsstone.com\/ca-fr\/?s={search_term_string}"},"query-input":"required name=search_term_string"}],"inLanguage":"en-CA"}]}},"_links":{"self":[{"href":"https:\/\/www.allthingsstone.com\/ca-fr\/wp-json\/wp\/v2\/product\/15289","targetHints":{"allow":["GET"]}}],"collection":[{"href":"https:\/\/www.allthingsstone.com\/ca-fr\/wp-json\/wp\/v2\/product"}],"about":[{"href":"https:\/\/www.allthingsstone.com\/ca-fr\/wp-json\/wp\/v2\/types\/product"}],"replies":[{"embeddable":true,"href":"https:\/\/www.allthingsstone.com\/ca-fr\/wp-json\/wp\/v2\/comments?post=15289"}],"wp:featuredmedia":[{"embeddable":true,"href":"https:\/\/www.allthingsstone.com\/ca-fr\/wp-json\/wp\/v2\/media\/15290"}],"wp:attachment":[{"href":"https:\/\/www.allthingsstone.com\/ca-fr\/wp-json\/wp\/v2\/media?parent=15289"}],"wp:term":[{"taxonomy":"product_cat","embeddable":true,"href":"https:\/\/www.allthingsstone.com\/ca-fr\/wp-json\/wp\/v2\/product_cat?post=15289"},{"taxonomy":"product_tag","embeddable":true,"href":"https:\/\/www.allthingsstone.com\/ca-fr\/wp-json\/wp\/v2\/product_tag?post=15289"}],"curies":[{"name":"wp","href":"https:\/\/api.w.org\/{rel}","templated":true}]}}