{"id":15197,"date":"2020-06-24T18:09:59","date_gmt":"2020-06-24T22:09:59","guid":{"rendered":"http:\/\/www.allthingsstone.com\/ca-fr\/?post_type=product&#038;p=15197"},"modified":"2022-06-16T15:48:38","modified_gmt":"2022-06-16T19:48:38","slug":"delta-dry-dorken","status":"publish","type":"product","link":"https:\/\/www.allthingsstone.com\/ca-fr\/product\/delta-dry-dorken\/","title":{"rendered":"DELTA\u00ae-Dry"},"content":{"rendered":"<div id=\"pl-15197\"  class=\"panel-layout\" ><div id=\"pg-15197-0\"  class=\"panel-grid panel-no-style\" ><div id=\"pgc-15197-0-0\"  class=\"panel-grid-cell\" ><div id=\"panel-15197-0-0-0\" class=\"so-panel widget widget_sow-editor panel-first-child panel-last-child\" data-index=\"0\" ><div\n\t\t\t\n\t\t\tclass=\"so-widget-sow-editor so-widget-sow-editor-base\"\n\t\t\t\n\t\t>\n<div class=\"siteorigin-widget-tinymce textwidget\">\n\t<p>DELTA<sup>\u00ae<\/sup>-Dry est un \u00e9cran pare-pluie ventil\u00e9 \u00e0 double chambre qui offre une protection sup\u00e9rieure contre l\u2019humidit\u00e9, les intemp\u00e9ries et la moisissure. En plus d\u2019emp\u00eacher l\u2019eau et l\u2019humidit\u00e9 de p\u00e9n\u00e9trer dans le mur depuis l\u2019ext\u00e9rieur, il \u00e9limine toute l\u2019humidit\u00e9 accumul\u00e9e dans le mur provenant de l\u2019int\u00e9rieur de la maison.<\/p>\n<p>DELTA<sup>\u00ae<\/sup>-Dry est une membrane de poly\u00e9thyl\u00e8ne semi-rigide et robuste dot\u00e9e d\u2019une structure unique de rainures et de cavit\u00e9s qui cr\u00e9e une barri\u00e8re protectrice autour de la maison. C\u2019est la premi\u00e8re membrane de poly\u00e9thyl\u00e8ne rainur\u00e9e qui ass\u00e8che et draine l\u2019eau tout en ne laissant pas passer l\u2019air ou l\u2019humidit\u00e9.<\/p>\n<p>Toute eau qui s\u2019infiltre dans la lame d\u2019air s\u2019\u00e9coulera sans causer de dommages par la voie de cheminement jusqu\u2019\u00e0 l\u2019ext\u00e9rieur du b\u00e2timent, o\u00f9 elle s\u2019\u00e9coulera. DELTA<sup>\u00ae<\/sup>-DRY est un \u00e9cran de protection absorbant qui gardera votre b\u00e2timent au sec pendant des ann\u00e9es.<\/p>\n<\/div>\n<\/div><\/div><\/div><div id=\"pgc-15197-0-1\"  class=\"panel-grid-cell\" ><div id=\"panel-15197-0-1-0\" class=\"so-panel widget widget_sow-image panel-first-child panel-last-child\" data-index=\"1\" ><div\n\t\t\t\n\t\t\tclass=\"so-widget-sow-image so-widget-sow-image-default-8b5b6f678277-15197\"\n\t\t\t\n\t\t>\n\n<div class=\"sow-image-container\">\n\t\t<img decoding=\"async\" src=\"https:\/\/www.allthingsstone.com\/ca-fr\/wp-content\/uploads\/sites\/12\/2020\/06\/DELTA\u00ae-Dry-D\u00f6rken.png\" width=\"200\" height=\"350\" srcset=\"https:\/\/www.allthingsstone.com\/ca-fr\/wp-content\/uploads\/sites\/12\/2020\/06\/DELTA\u00ae-Dry-D\u00f6rken.png 200w, https:\/\/www.allthingsstone.com\/ca-fr\/wp-content\/uploads\/sites\/12\/2020\/06\/DELTA\u00ae-Dry-D\u00f6rken-171x300.png 171w\" sizes=\"auto, (max-width: 200px) 100vw, 200px\" title=\"DELTA\u00ae-Dry D\u00f6rken\" alt=\"DELTA\u00ae-Dry D\u00f6rken\" loading=\"lazy\" \t\tclass=\"so-widget-image\"\/>\n\t<\/div>\n\n<\/div><\/div><\/div><\/div><div id=\"pg-15197-1\"  class=\"panel-grid panel-no-style\" ><div id=\"pgc-15197-1-0\"  class=\"panel-grid-cell\" ><div id=\"panel-15197-1-0-0\" class=\"so-panel widget widget_sow-image panel-first-child panel-last-child\" data-index=\"2\" ><div\n\t\t\t\n\t\t\tclass=\"so-widget-sow-image so-widget-sow-image-default-8b5b6f678277-15197\"\n\t\t\t\n\t\t>\n\n<div class=\"sow-image-container\">\n\t\t<img decoding=\"async\" src=\"https:\/\/www.allthingsstone.com\/ca-fr\/wp-content\/uploads\/sites\/12\/2020\/06\/DELTA\u00ae-Dry-D\u00f6rken-1.png\" width=\"442\" height=\"340\" srcset=\"https:\/\/www.allthingsstone.com\/ca-fr\/wp-content\/uploads\/sites\/12\/2020\/06\/DELTA\u00ae-Dry-D\u00f6rken-1.png 442w, https:\/\/www.allthingsstone.com\/ca-fr\/wp-content\/uploads\/sites\/12\/2020\/06\/DELTA\u00ae-Dry-D\u00f6rken-1-300x231.png 300w\" sizes=\"auto, (max-width: 442px) 100vw, 442px\" title=\"DELTA\u00ae-Dry D\u00f6rken\" alt=\"DELTA\u00ae-Dry D\u00f6rken\" loading=\"lazy\" \t\tclass=\"so-widget-image\"\/>\n\t<\/div>\n\n<\/div><\/div><\/div><div id=\"pgc-15197-1-1\"  class=\"panel-grid-cell\" ><div id=\"panel-15197-1-1-0\" class=\"so-panel widget widget_sow-editor panel-first-child panel-last-child\" data-index=\"3\" ><div\n\t\t\t\n\t\t\tclass=\"so-widget-sow-editor so-widget-sow-editor-base\"\n\t\t\t\n\t\t>\n<div class=\"siteorigin-widget-tinymce textwidget\">\n\t<p><strong>Produits connexes\u00a0:<br \/>\n<\/strong><a href=\"https:\/\/www.allthingsstone.com\/ca-fr\/product\/zdelta-bug-screen\/\">-\u00a0DELTA<sup>\u00ae<\/sup>-Bug Screen<\/a><strong><br \/>\n<\/strong><\/p>\n<\/div>\n<\/div><\/div><\/div><\/div><div id=\"pg-15197-2\"  class=\"panel-grid panel-no-style\" ><div id=\"pgc-15197-2-0\"  class=\"panel-grid-cell\" ><div id=\"panel-15197-2-0-0\" class=\"so-panel widget widget_sow-image panel-first-child panel-last-child\" data-index=\"4\" ><div\n\t\t\t\n\t\t\tclass=\"so-widget-sow-image so-widget-sow-image-default-8b5b6f678277-15197\"\n\t\t\t\n\t\t>\n\n<div class=\"sow-image-container\">\n\t\t<img decoding=\"async\" src=\"https:\/\/www.allthingsstone.com\/ca-fr\/wp-content\/uploads\/sites\/12\/2020\/06\/DELTA\u00ae-Dry-by-Dorken_1.jpg\" width=\"500\" height=\"400\" srcset=\"https:\/\/www.allthingsstone.com\/ca-fr\/wp-content\/uploads\/sites\/12\/2020\/06\/DELTA\u00ae-Dry-by-Dorken_1.jpg 500w, https:\/\/www.allthingsstone.com\/ca-fr\/wp-content\/uploads\/sites\/12\/2020\/06\/DELTA\u00ae-Dry-by-Dorken_1-300x240.jpg 300w\" sizes=\"auto, (max-width: 500px) 100vw, 500px\" title=\"DELTA\u00ae-Dry by Dorken\" alt=\"DELTA\u00ae-Dry by Dorken\" loading=\"lazy\" \t\tclass=\"so-widget-image\"\/>\n\t<\/div>\n\n<\/div><\/div><\/div><div id=\"pgc-15197-2-1\"  class=\"panel-grid-cell\" ><div id=\"panel-15197-2-1-0\" class=\"so-panel widget widget_sow-image panel-first-child panel-last-child\" data-index=\"5\" ><div\n\t\t\t\n\t\t\tclass=\"so-widget-sow-image so-widget-sow-image-default-8b5b6f678277-15197\"\n\t\t\t\n\t\t>\n\n<div class=\"sow-image-container\">\n\t\t<img decoding=\"async\" src=\"https:\/\/www.allthingsstone.com\/ca-fr\/wp-content\/uploads\/sites\/12\/2020\/06\/DELTA\u00ae-Dry-by-Dorken_2.jpg\" width=\"500\" height=\"400\" srcset=\"https:\/\/www.allthingsstone.com\/ca-fr\/wp-content\/uploads\/sites\/12\/2020\/06\/DELTA\u00ae-Dry-by-Dorken_2.jpg 500w, https:\/\/www.allthingsstone.com\/ca-fr\/wp-content\/uploads\/sites\/12\/2020\/06\/DELTA\u00ae-Dry-by-Dorken_2-300x240.jpg 300w\" sizes=\"auto, (max-width: 500px) 100vw, 500px\" title=\"DELTA\u00ae-Dry by Dorken\" alt=\"DELTA\u00ae-Dry by Dorken\" loading=\"lazy\" \t\tclass=\"so-widget-image\"\/>\n\t<\/div>\n\n<\/div><\/div><\/div><\/div><div id=\"pg-15197-3\"  class=\"panel-grid panel-no-style\" ><div id=\"pgc-15197-3-0\"  class=\"panel-grid-cell\" ><div id=\"panel-15197-3-0-0\" class=\"so-panel widget widget_sow-editor panel-first-child panel-last-child\" data-index=\"6\" ><div\n\t\t\t\n\t\t\tclass=\"so-widget-sow-editor so-widget-sow-editor-base\"\n\t\t\t\n\t\t>\n<div class=\"siteorigin-widget-tinymce textwidget\">\n\t<p>Pour trouver un d\u00e9taillant DELTA<sup>\u00ae<\/sup> de D\u00f6rken pr\u00e8s de chez vous, veuillez cliquer sur le bouton <strong><a href=\"https:\/\/www.allthingsstone.com\/ca-fr\/ou-acheter\/\">O\u00f9 acheter<\/a><\/strong>.<\/p>\n<\/div>\n<\/div><\/div><\/div><\/div><\/div>","protected":false},"excerpt":{"rendered":"<p>DELTA\u00ae-Dry est un \u00e9cran pare-pluie ventil\u00e9 \u00e0 double chambre qui offre une protection sup\u00e9rieure contre l\u2019humidit\u00e9, les intemp\u00e9ries et la moisissure. En plus d\u2019emp\u00eacher l\u2019eau &hellip; <a href=\"https:\/\/www.allthingsstone.com\/ca-fr\/product\/delta-dry-dorken\/\">Continued<\/a><\/p>\n","protected":false},"featured_media":15200,"comment_status":"open","ping_status":"closed","template":"","meta":{"inline_featured_image":false,"_mi_skip_tracking":false,"_exactmetrics_sitenote_active":false,"_exactmetrics_sitenote_note":"","_exactmetrics_sitenote_category":0},"product_cat":[6531],"product_tag":[8380],"class_list":["post-15197","product","type-product","status-publish","has-post-thumbnail","hentry","product_cat-produits-de-construction","product_tag-delta-by-dorken-products","brands-delta-dorken","single_resource-delta-dorken"],"acf":[],"yoast_head":"<!-- This site is optimized with the Yoast SEO Premium plugin v21.6 (Yoast SEO v21.6) - https:\/\/yoast.com\/wordpress\/plugins\/seo\/ -->\n<title>DELTA\u00ae-Dry D\u00f6rken | CSI FR<\/title>\n<meta name=\"description\" content=\"DELTA\u00ae-Dry est un \u00e9cran pare-pluie ventil\u00e9 \u00e0 double chambre qui offre une protection sup\u00e9rieure contre l\u2019humidit\u00e9, les intemp\u00e9ries et la moisissure. En plus d\u2019emp\u00eacher l\u2019eau et l\u2019humidit\u00e9 de p\u00e9n\u00e9trer dans le mur depuis l\u2019ext\u00e9rieur, il \u00e9limine toute l\u2019humidit\u00e9 accumul\u00e9e dans le mur provenant de l\u2019int\u00e9rieur de la maison.\" \/>\n<meta name=\"robots\" content=\"index, follow, max-snippet:-1, max-image-preview:large, max-video-preview:-1\" \/>\n<link rel=\"canonical\" href=\"https:\/\/www.allthingsstone.com\/ca-fr\/product\/delta-dry-dorken\/\" \/>\n<meta property=\"og:locale\" content=\"en_US\" \/>\n<meta property=\"og:type\" content=\"article\" \/>\n<meta property=\"og:title\" content=\"DELTA\u00ae-Dry\" \/>\n<meta property=\"og:description\" content=\"DELTA\u00ae-Dry est un \u00e9cran pare-pluie ventil\u00e9 \u00e0 double chambre qui offre une protection sup\u00e9rieure contre l\u2019humidit\u00e9, les intemp\u00e9ries et la moisissure. En plus d\u2019emp\u00eacher l\u2019eau et l\u2019humidit\u00e9 de p\u00e9n\u00e9trer dans le mur depuis l\u2019ext\u00e9rieur, il \u00e9limine toute l\u2019humidit\u00e9 accumul\u00e9e dans le mur provenant de l\u2019int\u00e9rieur de la maison.\" \/>\n<meta property=\"og:url\" content=\"https:\/\/www.allthingsstone.com\/ca-fr\/product\/delta-dry-dorken\/\" \/>\n<meta property=\"og:site_name\" content=\"CSI - Canadian Stone Industries FR\" \/>\n<meta property=\"article:modified_time\" content=\"2022-06-16T19:48:38+00:00\" \/>\n<meta property=\"og:image\" content=\"https:\/\/www.allthingsstone.com\/ca-fr\/wp-content\/uploads\/sites\/12\/2020\/06\/DELTA\u00ae-Dry-D\u00f6rken-3.png\" \/>\n\t<meta property=\"og:image:width\" content=\"459\" \/>\n\t<meta property=\"og:image:height\" content=\"339\" \/>\n\t<meta property=\"og:image:type\" content=\"image\/png\" \/>\n<meta name=\"twitter:card\" content=\"summary_large_image\" \/>\n<meta name=\"twitter:label1\" content=\"Est. reading time\" \/>\n\t<meta name=\"twitter:data1\" content=\"1 minute\" \/>\n<script type=\"application\/ld+json\" class=\"yoast-schema-graph\">{\"@context\":\"https:\/\/schema.org\",\"@graph\":[{\"@type\":\"WebPage\",\"@id\":\"https:\/\/www.allthingsstone.com\/ca-fr\/product\/delta-dry-dorken\/\",\"url\":\"https:\/\/www.allthingsstone.com\/ca-fr\/product\/delta-dry-dorken\/\",\"name\":\"DELTA\u00ae-Dry D\u00f6rken | CSI FR\",\"isPartOf\":{\"@id\":\"https:\/\/www.allthingsstone.com\/ca-fr\/#website\"},\"datePublished\":\"2020-06-24T22:09:59+00:00\",\"dateModified\":\"2022-06-16T19:48:38+00:00\",\"description\":\"DELTA\u00ae-Dry est un \u00e9cran pare-pluie ventil\u00e9 \u00e0 double chambre qui offre une protection sup\u00e9rieure contre l\u2019humidit\u00e9, les intemp\u00e9ries et la moisissure. En plus d\u2019emp\u00eacher l\u2019eau et l\u2019humidit\u00e9 de p\u00e9n\u00e9trer dans le mur depuis l\u2019ext\u00e9rieur, il \u00e9limine toute l\u2019humidit\u00e9 accumul\u00e9e dans le mur provenant de l\u2019int\u00e9rieur de la maison.\",\"breadcrumb\":{\"@id\":\"https:\/\/www.allthingsstone.com\/ca-fr\/product\/delta-dry-dorken\/#breadcrumb\"},\"inLanguage\":\"en-CA\",\"potentialAction\":[{\"@type\":\"ReadAction\",\"target\":[\"https:\/\/www.allthingsstone.com\/ca-fr\/product\/delta-dry-dorken\/\"]}]},{\"@type\":\"BreadcrumbList\",\"@id\":\"https:\/\/www.allthingsstone.com\/ca-fr\/product\/delta-dry-dorken\/#breadcrumb\",\"itemListElement\":[{\"@type\":\"ListItem\",\"position\":1,\"name\":\"Home\",\"item\":\"https:\/\/www.allthingsstone.com\/ca-fr\/\"},{\"@type\":\"ListItem\",\"position\":2,\"name\":\"DELTA\u00ae-Dry\"}]},{\"@type\":\"WebSite\",\"@id\":\"https:\/\/www.allthingsstone.com\/ca-fr\/#website\",\"url\":\"https:\/\/www.allthingsstone.com\/ca-fr\/\",\"name\":\"CSI - Canadian Stone Industries FR\",\"description\":\"\",\"potentialAction\":[{\"@type\":\"SearchAction\",\"target\":{\"@type\":\"EntryPoint\",\"urlTemplate\":\"https:\/\/www.allthingsstone.com\/ca-fr\/?s={search_term_string}\"},\"query-input\":\"required name=search_term_string\"}],\"inLanguage\":\"en-CA\"}]}<\/script>\n<!-- \/ Yoast SEO Premium plugin. -->","yoast_head_json":{"title":"DELTA\u00ae-Dry D\u00f6rken | CSI FR","description":"DELTA\u00ae-Dry est un \u00e9cran pare-pluie ventil\u00e9 \u00e0 double chambre qui offre une protection sup\u00e9rieure contre l\u2019humidit\u00e9, les intemp\u00e9ries et la moisissure. En plus d\u2019emp\u00eacher l\u2019eau et l\u2019humidit\u00e9 de p\u00e9n\u00e9trer dans le mur depuis l\u2019ext\u00e9rieur, il \u00e9limine toute l\u2019humidit\u00e9 accumul\u00e9e dans le mur provenant de l\u2019int\u00e9rieur de la maison.","robots":{"index":"index","follow":"follow","max-snippet":"max-snippet:-1","max-image-preview":"max-image-preview:large","max-video-preview":"max-video-preview:-1"},"canonical":"https:\/\/www.allthingsstone.com\/ca-fr\/product\/delta-dry-dorken\/","og_locale":"en_US","og_type":"article","og_title":"DELTA\u00ae-Dry","og_description":"DELTA\u00ae-Dry est un \u00e9cran pare-pluie ventil\u00e9 \u00e0 double chambre qui offre une protection sup\u00e9rieure contre l\u2019humidit\u00e9, les intemp\u00e9ries et la moisissure. En plus d\u2019emp\u00eacher l\u2019eau et l\u2019humidit\u00e9 de p\u00e9n\u00e9trer dans le mur depuis l\u2019ext\u00e9rieur, il \u00e9limine toute l\u2019humidit\u00e9 accumul\u00e9e dans le mur provenant de l\u2019int\u00e9rieur de la maison.","og_url":"https:\/\/www.allthingsstone.com\/ca-fr\/product\/delta-dry-dorken\/","og_site_name":"CSI - Canadian Stone Industries FR","article_modified_time":"2022-06-16T19:48:38+00:00","og_image":[{"width":459,"height":339,"url":"https:\/\/www.allthingsstone.com\/ca-fr\/wp-content\/uploads\/sites\/12\/2020\/06\/DELTA\u00ae-Dry-D\u00f6rken-3.png","type":"image\/png"}],"twitter_card":"summary_large_image","twitter_misc":{"Est. reading time":"1 minute"},"schema":{"@context":"https:\/\/schema.org","@graph":[{"@type":"WebPage","@id":"https:\/\/www.allthingsstone.com\/ca-fr\/product\/delta-dry-dorken\/","url":"https:\/\/www.allthingsstone.com\/ca-fr\/product\/delta-dry-dorken\/","name":"DELTA\u00ae-Dry D\u00f6rken | CSI FR","isPartOf":{"@id":"https:\/\/www.allthingsstone.com\/ca-fr\/#website"},"datePublished":"2020-06-24T22:09:59+00:00","dateModified":"2022-06-16T19:48:38+00:00","description":"DELTA\u00ae-Dry est un \u00e9cran pare-pluie ventil\u00e9 \u00e0 double chambre qui offre une protection sup\u00e9rieure contre l\u2019humidit\u00e9, les intemp\u00e9ries et la moisissure. En plus d\u2019emp\u00eacher l\u2019eau et l\u2019humidit\u00e9 de p\u00e9n\u00e9trer dans le mur depuis l\u2019ext\u00e9rieur, il \u00e9limine toute l\u2019humidit\u00e9 accumul\u00e9e dans le mur provenant de l\u2019int\u00e9rieur de la maison.","breadcrumb":{"@id":"https:\/\/www.allthingsstone.com\/ca-fr\/product\/delta-dry-dorken\/#breadcrumb"},"inLanguage":"en-CA","potentialAction":[{"@type":"ReadAction","target":["https:\/\/www.allthingsstone.com\/ca-fr\/product\/delta-dry-dorken\/"]}]},{"@type":"BreadcrumbList","@id":"https:\/\/www.allthingsstone.com\/ca-fr\/product\/delta-dry-dorken\/#breadcrumb","itemListElement":[{"@type":"ListItem","position":1,"name":"Home","item":"https:\/\/www.allthingsstone.com\/ca-fr\/"},{"@type":"ListItem","position":2,"name":"DELTA\u00ae-Dry"}]},{"@type":"WebSite","@id":"https:\/\/www.allthingsstone.com\/ca-fr\/#website","url":"https:\/\/www.allthingsstone.com\/ca-fr\/","name":"CSI - Canadian Stone Industries FR","description":"","potentialAction":[{"@type":"SearchAction","target":{"@type":"EntryPoint","urlTemplate":"https:\/\/www.allthingsstone.com\/ca-fr\/?s={search_term_string}"},"query-input":"required name=search_term_string"}],"inLanguage":"en-CA"}]}},"_links":{"self":[{"href":"https:\/\/www.allthingsstone.com\/ca-fr\/wp-json\/wp\/v2\/product\/15197","targetHints":{"allow":["GET"]}}],"collection":[{"href":"https:\/\/www.allthingsstone.com\/ca-fr\/wp-json\/wp\/v2\/product"}],"about":[{"href":"https:\/\/www.allthingsstone.com\/ca-fr\/wp-json\/wp\/v2\/types\/product"}],"replies":[{"embeddable":true,"href":"https:\/\/www.allthingsstone.com\/ca-fr\/wp-json\/wp\/v2\/comments?post=15197"}],"wp:featuredmedia":[{"embeddable":true,"href":"https:\/\/www.allthingsstone.com\/ca-fr\/wp-json\/wp\/v2\/media\/15200"}],"wp:attachment":[{"href":"https:\/\/www.allthingsstone.com\/ca-fr\/wp-json\/wp\/v2\/media?parent=15197"}],"wp:term":[{"taxonomy":"product_cat","embeddable":true,"href":"https:\/\/www.allthingsstone.com\/ca-fr\/wp-json\/wp\/v2\/product_cat?post=15197"},{"taxonomy":"product_tag","embeddable":true,"href":"https:\/\/www.allthingsstone.com\/ca-fr\/wp-json\/wp\/v2\/product_tag?post=15197"}],"curies":[{"name":"wp","href":"https:\/\/api.w.org\/{rel}","templated":true}]}}