{"id":15052,"date":"2020-06-03T18:28:09","date_gmt":"2020-06-03T22:28:09","guid":{"rendered":"http:\/\/www.allthingsstone.com\/ca-fr\/?post_type=product&#038;p=15052"},"modified":"2025-07-24T13:22:23","modified_gmt":"2025-07-24T17:22:23","slug":"traditional-tier-natural-stone","status":"publish","type":"product","link":"https:\/\/www.allthingsstone.com\/ca-fr\/product\/traditional-tier-natural-stone\/","title":{"rendered":"Traditional TIER Natural Stone"},"content":{"rendered":"<div id=\"pl-15052\"  class=\"panel-layout\" ><div id=\"pg-15052-0\"  class=\"panel-grid panel-no-style\" ><div id=\"pgc-15052-0-0\"  class=\"panel-grid-cell\" ><div id=\"panel-15052-0-0-0\" class=\"so-panel widget widget_sow-editor panel-first-child\" data-index=\"0\" ><div\n\t\t\t\n\t\t\tclass=\"so-widget-sow-editor so-widget-sow-editor-base\"\n\t\t\t\n\t\t>\n<div class=\"siteorigin-widget-tinymce textwidget\">\n\t<p>Traditional de TIER<sup>\u00ae<\/sup> Natural Stone est un panneau en pierre classique qui offre un aspect robuste mais sur mesure. La gamme Traditional se compose de trois composants de panneau: Plats, Coins et Bandes de D\u00e9part.<\/p>\n<p>Les Bandes de D\u00e9part sont install\u00e9s \u00e0 la base, suivies des Panneaux Plats. Les Bandes de D\u00e9part sont \u00e9galement utilis\u00e9es comme premier cours au-dessus des ouvertures de fen\u00eatre et de porte. La forme et la conception uniques des panneaux de la gamme Traditional \u00e9liminent tous les joints horizontaux, cr\u00e9ant un aspect final beaucoup plus transparent pour votre projet.<\/p>\n<\/div>\n<\/div><\/div><div id=\"panel-15052-0-0-1\" class=\"so-panel widget widget_sow-image\" data-index=\"1\" ><div\n\t\t\t\n\t\t\tclass=\"so-widget-sow-image so-widget-sow-image-default-8b5b6f678277-15052\"\n\t\t\t\n\t\t>\n\n<div class=\"sow-image-container\">\n\t\t<img decoding=\"async\" src=\"https:\/\/www.allthingsstone.com\/ca-fr\/wp-content\/uploads\/sites\/12\/2020\/06\/TIER-Natural-Stone-Traditional-System_FR_2.gif\" width=\"1500\" height=\"200\" sizes=\"auto, (max-width: 1500px) 100vw, 1500px\" title=\"TIER Natural Stone - Traditional System_FR\" alt=\"TIER Natural Stone - Traditional System_FR\" loading=\"lazy\" \t\tclass=\"so-widget-image\"\/>\n\t<\/div>\n\n<\/div><\/div><div id=\"panel-15052-0-0-2\" class=\"so-panel widget widget_sow-editor\" data-index=\"2\" ><div\n\t\t\t\n\t\t\tclass=\"so-widget-sow-editor so-widget-sow-editor-base\"\n\t\t\t\n\t\t>\n<div class=\"siteorigin-widget-tinymce textwidget\">\n\t<p>Ce qui rend ce produit tellement unique, c'est que les pierres individuelles sont regroup\u00e9es sur un support en maille, ce qui permet une installation plus rapide et facile \u00e0 utiliser tout en obtenant l'apparence d'une pierre de mortier robuste et traditionnelle.<\/p>\n<\/div>\n<\/div><\/div><div id=\"panel-15052-0-0-3\" class=\"so-panel widget widget_sow-editor panel-last-child\" data-index=\"3\" ><div\n\t\t\t\n\t\t\tclass=\"so-widget-sow-editor so-widget-sow-editor-base\"\n\t\t\t\n\t\t>\n<div class=\"siteorigin-widget-tinymce textwidget\">\n\t<p>Pour trouver un d\u00e9taillant Traditional de TIER<sup>\u00ae<\/sup>\u00a0Natural Stone\u00a0dans votre r\u00e9gion cliquez sur\u00a0<strong><a href=\"http:\/\/www.allthingsstone.com\/ca-fr\/ou-acheter\/\">O\u00f9 acheter<\/a><\/strong>.<\/p>\n<\/div>\n<\/div><\/div><\/div><\/div><div id=\"pg-15052-1\"  class=\"panel-grid panel-no-style\" ><div id=\"pgc-15052-1-0\"  class=\"panel-grid-cell\" ><div id=\"panel-15052-1-0-0\" class=\"so-panel widget widget_sow-image panel-first-child\" data-index=\"4\" ><div\n\t\t\t\n\t\t\tclass=\"so-widget-sow-image so-widget-sow-image-default-8b5b6f678277-15052\"\n\t\t\t\n\t\t>\n\n<div class=\"sow-image-container\">\n\t\t<img decoding=\"async\" src=\"https:\/\/www.allthingsstone.com\/ca-fr\/wp-content\/uploads\/sites\/12\/2020\/06\/TIER\u00ae-Natural-Stone-Traditional-Range-1.png\" width=\"600\" height=\"300\" srcset=\"https:\/\/www.allthingsstone.com\/ca-fr\/wp-content\/uploads\/sites\/12\/2020\/06\/TIER\u00ae-Natural-Stone-Traditional-Range-1.png 600w, https:\/\/www.allthingsstone.com\/ca-fr\/wp-content\/uploads\/sites\/12\/2020\/06\/TIER\u00ae-Natural-Stone-Traditional-Range-1-300x150.png 300w\" sizes=\"auto, (max-width: 600px) 100vw, 600px\" title=\"TIER\u00ae Natural Stone Traditional Range Flat\" alt=\"TIER\u00ae Natural Stone Traditional Range Flat\" loading=\"lazy\" \t\tclass=\"so-widget-image\"\/>\n\t<\/div>\n\n<\/div><\/div><div id=\"panel-15052-1-0-1\" class=\"so-panel widget widget_sow-editor panel-last-child\" data-index=\"5\" ><div\n\t\t\t\n\t\t\tclass=\"so-widget-sow-editor so-widget-sow-editor-base\"\n\t\t\t\n\t\t>\n<div class=\"siteorigin-widget-tinymce textwidget\">\n\t<h5 style=\"text-align: center\"><span style=\"text-decoration: underline;color: #808080\"><span>Panneau plat<\/span><\/span><\/h5>\n<\/div>\n<\/div><\/div><\/div><div id=\"pgc-15052-1-1\"  class=\"panel-grid-cell\" ><div id=\"panel-15052-1-1-0\" class=\"so-panel widget widget_sow-image panel-first-child\" data-index=\"6\" ><div\n\t\t\t\n\t\t\tclass=\"so-widget-sow-image so-widget-sow-image-default-8b5b6f678277-15052\"\n\t\t\t\n\t\t>\n\n<div class=\"sow-image-container\">\n\t\t<img decoding=\"async\" src=\"https:\/\/www.allthingsstone.com\/ca-fr\/wp-content\/uploads\/sites\/12\/2020\/06\/TIER\u00ae-Natural-Stone-Traditional-Range-2.png\" width=\"600\" height=\"300\" srcset=\"https:\/\/www.allthingsstone.com\/ca-fr\/wp-content\/uploads\/sites\/12\/2020\/06\/TIER\u00ae-Natural-Stone-Traditional-Range-2.png 600w, https:\/\/www.allthingsstone.com\/ca-fr\/wp-content\/uploads\/sites\/12\/2020\/06\/TIER\u00ae-Natural-Stone-Traditional-Range-2-300x150.png 300w\" sizes=\"auto, (max-width: 600px) 100vw, 600px\" title=\"TIER\u00ae Natural Stone Traditional Range Corner\" alt=\"TIER\u00ae Natural Stone Traditional Range Corner\" loading=\"lazy\" \t\tclass=\"so-widget-image\"\/>\n\t<\/div>\n\n<\/div><\/div><div id=\"panel-15052-1-1-1\" class=\"so-panel widget widget_sow-editor panel-last-child\" data-index=\"7\" ><div\n\t\t\t\n\t\t\tclass=\"so-widget-sow-editor so-widget-sow-editor-base\"\n\t\t\t\n\t\t>\n<div class=\"siteorigin-widget-tinymce textwidget\">\n\t<h5 style=\"text-align: center\"><span style=\"text-decoration: underline;color: #808080\">Panneau de coin\u00a0<em>2 pi\u00e8ces<\/em><\/span><\/h5>\n<\/div>\n<\/div><\/div><\/div><div id=\"pgc-15052-1-2\"  class=\"panel-grid-cell\" ><div id=\"panel-15052-1-2-0\" class=\"so-panel widget widget_sow-image panel-first-child\" data-index=\"8\" ><div\n\t\t\t\n\t\t\tclass=\"so-widget-sow-image so-widget-sow-image-default-8b5b6f678277-15052\"\n\t\t\t\n\t\t>\n\n<div class=\"sow-image-container\">\n\t\t<img decoding=\"async\" src=\"https:\/\/www.allthingsstone.com\/ca-fr\/wp-content\/uploads\/sites\/12\/2020\/06\/TIER\u00ae-Natural-Stone-Traditional-Range-3.png\" width=\"600\" height=\"300\" srcset=\"https:\/\/www.allthingsstone.com\/ca-fr\/wp-content\/uploads\/sites\/12\/2020\/06\/TIER\u00ae-Natural-Stone-Traditional-Range-3.png 600w, https:\/\/www.allthingsstone.com\/ca-fr\/wp-content\/uploads\/sites\/12\/2020\/06\/TIER\u00ae-Natural-Stone-Traditional-Range-3-300x150.png 300w\" sizes=\"auto, (max-width: 600px) 100vw, 600px\" title=\"TIER\u00ae Natural Stone Traditional Range Starter Strip\" alt=\"TIER\u00ae Natural Stone Traditional Range Starter Strip\" loading=\"lazy\" \t\tclass=\"so-widget-image\"\/>\n\t<\/div>\n\n<\/div><\/div><div id=\"panel-15052-1-2-1\" class=\"so-panel widget widget_sow-editor panel-last-child\" data-index=\"9\" ><div\n\t\t\t\n\t\t\tclass=\"so-widget-sow-editor so-widget-sow-editor-base\"\n\t\t\t\n\t\t>\n<div class=\"siteorigin-widget-tinymce textwidget\">\n\t<h5 style=\"text-align: center\"><span style=\"text-decoration: underline;color: #808080\">Bandes de d\u00e9part<\/span><\/h5>\n<\/div>\n<\/div><\/div><\/div><\/div><\/div>","protected":false},"excerpt":{"rendered":"<h4 class=\"widget-title\"><span style=\"color: #000000;\"><em>Prix<\/em><\/span><\/h4>\n<p>Carton plat : <strong>25$<\/strong> par carton<br \/>\nCarton d&#8217;angle : <strong>25$<\/strong> par carton<\/p>\n<p><a href=\"https:\/\/www.allthingsstone.com\/ca-en\/brands\/tier-natural-stone-clearance\/\" target=\"_blank\" rel=\"noopener\">Cliquez ici<\/a> pour en savoir plus sur les d\u00e9stockages TIER\u00ae, les tarifs et la disponibilit\u00e9 des pierres\u00a0!<\/p>\n","protected":false},"featured_media":20843,"comment_status":"open","ping_status":"closed","template":"","meta":{"inline_featured_image":false,"_mi_skip_tracking":false,"_exactmetrics_sitenote_active":false,"_exactmetrics_sitenote_note":"","_exactmetrics_sitenote_category":0},"product_cat":[6533],"product_tag":[8204],"class_list":["post-15052","product","type-product","status-publish","has-post-thumbnail","hentry","product_cat-placage-de-pierre-naturelle","product_tag-tier-natural-stone-textures","brands-tier-natural-stone","single_resource-tier-natural-stone"],"acf":[],"yoast_head":"<!-- This site is optimized with the Yoast SEO Premium plugin v21.6 (Yoast SEO v21.6) - https:\/\/yoast.com\/wordpress\/plugins\/seo\/ -->\n<title>Traditional TIER\u00ae Natural Stone | Canadian Stone Industries FR<\/title>\n<meta name=\"description\" content=\"Traditional de TIER\u00ae Natural Stone est un panneau en pierre classique qui offre un aspect robuste mais sur mesure. La gamme Traditional se compose de trois composants de panneau: Plats, Coins et Bandes de D\u00e9part.\" \/>\n<meta name=\"robots\" content=\"index, follow, max-snippet:-1, max-image-preview:large, max-video-preview:-1\" \/>\n<link rel=\"canonical\" href=\"https:\/\/www.allthingsstone.com\/ca-fr\/product\/traditional-tier-natural-stone\/\" \/>\n<meta property=\"og:locale\" content=\"en_US\" \/>\n<meta property=\"og:type\" content=\"article\" \/>\n<meta property=\"og:title\" content=\"Traditional TIER Natural Stone\" \/>\n<meta property=\"og:description\" content=\"Traditional de TIER\u00ae Natural Stone est un panneau en pierre classique qui offre un aspect robuste mais sur mesure. La gamme Traditional se compose de trois composants de panneau: Plats, Coins et Bandes de D\u00e9part.\" \/>\n<meta property=\"og:url\" content=\"https:\/\/www.allthingsstone.com\/ca-fr\/product\/traditional-tier-natural-stone\/\" \/>\n<meta property=\"og:site_name\" content=\"CSI - Canadian Stone Industries FR\" \/>\n<meta property=\"article:modified_time\" content=\"2025-07-24T17:22:23+00:00\" \/>\n<meta property=\"og:image\" content=\"https:\/\/www.allthingsstone.com\/ca-fr\/wp-content\/uploads\/sites\/12\/2020\/06\/Traditional.png\" \/>\n\t<meta property=\"og:image:width\" content=\"459\" \/>\n\t<meta property=\"og:image:height\" content=\"339\" \/>\n\t<meta property=\"og:image:type\" content=\"image\/png\" \/>\n<meta name=\"twitter:card\" content=\"summary_large_image\" \/>\n<meta name=\"twitter:label1\" content=\"Est. reading time\" \/>\n\t<meta name=\"twitter:data1\" content=\"1 minute\" \/>\n<script type=\"application\/ld+json\" class=\"yoast-schema-graph\">{\"@context\":\"https:\/\/schema.org\",\"@graph\":[{\"@type\":\"WebPage\",\"@id\":\"https:\/\/www.allthingsstone.com\/ca-fr\/product\/traditional-tier-natural-stone\/\",\"url\":\"https:\/\/www.allthingsstone.com\/ca-fr\/product\/traditional-tier-natural-stone\/\",\"name\":\"Traditional TIER\u00ae Natural Stone | Canadian Stone Industries FR\",\"isPartOf\":{\"@id\":\"https:\/\/www.allthingsstone.com\/ca-fr\/#website\"},\"datePublished\":\"2020-06-03T22:28:09+00:00\",\"dateModified\":\"2025-07-24T17:22:23+00:00\",\"description\":\"Traditional de TIER\u00ae Natural Stone est un panneau en pierre classique qui offre un aspect robuste mais sur mesure. La gamme Traditional se compose de trois composants de panneau: Plats, Coins et Bandes de D\u00e9part.\",\"breadcrumb\":{\"@id\":\"https:\/\/www.allthingsstone.com\/ca-fr\/product\/traditional-tier-natural-stone\/#breadcrumb\"},\"inLanguage\":\"en-CA\",\"potentialAction\":[{\"@type\":\"ReadAction\",\"target\":[\"https:\/\/www.allthingsstone.com\/ca-fr\/product\/traditional-tier-natural-stone\/\"]}]},{\"@type\":\"BreadcrumbList\",\"@id\":\"https:\/\/www.allthingsstone.com\/ca-fr\/product\/traditional-tier-natural-stone\/#breadcrumb\",\"itemListElement\":[{\"@type\":\"ListItem\",\"position\":1,\"name\":\"Home\",\"item\":\"https:\/\/www.allthingsstone.com\/ca-fr\/\"},{\"@type\":\"ListItem\",\"position\":2,\"name\":\"Traditional TIER Natural Stone\"}]},{\"@type\":\"WebSite\",\"@id\":\"https:\/\/www.allthingsstone.com\/ca-fr\/#website\",\"url\":\"https:\/\/www.allthingsstone.com\/ca-fr\/\",\"name\":\"CSI - Canadian Stone Industries FR\",\"description\":\"\",\"potentialAction\":[{\"@type\":\"SearchAction\",\"target\":{\"@type\":\"EntryPoint\",\"urlTemplate\":\"https:\/\/www.allthingsstone.com\/ca-fr\/?s={search_term_string}\"},\"query-input\":\"required name=search_term_string\"}],\"inLanguage\":\"en-CA\"}]}<\/script>\n<!-- \/ Yoast SEO Premium plugin. -->","yoast_head_json":{"title":"Traditional TIER\u00ae Natural Stone | Canadian Stone Industries FR","description":"Traditional de TIER\u00ae Natural Stone est un panneau en pierre classique qui offre un aspect robuste mais sur mesure. La gamme Traditional se compose de trois composants de panneau: Plats, Coins et Bandes de D\u00e9part.","robots":{"index":"index","follow":"follow","max-snippet":"max-snippet:-1","max-image-preview":"max-image-preview:large","max-video-preview":"max-video-preview:-1"},"canonical":"https:\/\/www.allthingsstone.com\/ca-fr\/product\/traditional-tier-natural-stone\/","og_locale":"en_US","og_type":"article","og_title":"Traditional TIER Natural Stone","og_description":"Traditional de TIER\u00ae Natural Stone est un panneau en pierre classique qui offre un aspect robuste mais sur mesure. La gamme Traditional se compose de trois composants de panneau: Plats, Coins et Bandes de D\u00e9part.","og_url":"https:\/\/www.allthingsstone.com\/ca-fr\/product\/traditional-tier-natural-stone\/","og_site_name":"CSI - Canadian Stone Industries FR","article_modified_time":"2025-07-24T17:22:23+00:00","og_image":[{"width":459,"height":339,"url":"https:\/\/www.allthingsstone.com\/ca-fr\/wp-content\/uploads\/sites\/12\/2020\/06\/Traditional.png","type":"image\/png"}],"twitter_card":"summary_large_image","twitter_misc":{"Est. reading time":"1 minute"},"schema":{"@context":"https:\/\/schema.org","@graph":[{"@type":"WebPage","@id":"https:\/\/www.allthingsstone.com\/ca-fr\/product\/traditional-tier-natural-stone\/","url":"https:\/\/www.allthingsstone.com\/ca-fr\/product\/traditional-tier-natural-stone\/","name":"Traditional TIER\u00ae Natural Stone | Canadian Stone Industries FR","isPartOf":{"@id":"https:\/\/www.allthingsstone.com\/ca-fr\/#website"},"datePublished":"2020-06-03T22:28:09+00:00","dateModified":"2025-07-24T17:22:23+00:00","description":"Traditional de TIER\u00ae Natural Stone est un panneau en pierre classique qui offre un aspect robuste mais sur mesure. La gamme Traditional se compose de trois composants de panneau: Plats, Coins et Bandes de D\u00e9part.","breadcrumb":{"@id":"https:\/\/www.allthingsstone.com\/ca-fr\/product\/traditional-tier-natural-stone\/#breadcrumb"},"inLanguage":"en-CA","potentialAction":[{"@type":"ReadAction","target":["https:\/\/www.allthingsstone.com\/ca-fr\/product\/traditional-tier-natural-stone\/"]}]},{"@type":"BreadcrumbList","@id":"https:\/\/www.allthingsstone.com\/ca-fr\/product\/traditional-tier-natural-stone\/#breadcrumb","itemListElement":[{"@type":"ListItem","position":1,"name":"Home","item":"https:\/\/www.allthingsstone.com\/ca-fr\/"},{"@type":"ListItem","position":2,"name":"Traditional TIER Natural Stone"}]},{"@type":"WebSite","@id":"https:\/\/www.allthingsstone.com\/ca-fr\/#website","url":"https:\/\/www.allthingsstone.com\/ca-fr\/","name":"CSI - Canadian Stone Industries FR","description":"","potentialAction":[{"@type":"SearchAction","target":{"@type":"EntryPoint","urlTemplate":"https:\/\/www.allthingsstone.com\/ca-fr\/?s={search_term_string}"},"query-input":"required name=search_term_string"}],"inLanguage":"en-CA"}]}},"_links":{"self":[{"href":"https:\/\/www.allthingsstone.com\/ca-fr\/wp-json\/wp\/v2\/product\/15052","targetHints":{"allow":["GET"]}}],"collection":[{"href":"https:\/\/www.allthingsstone.com\/ca-fr\/wp-json\/wp\/v2\/product"}],"about":[{"href":"https:\/\/www.allthingsstone.com\/ca-fr\/wp-json\/wp\/v2\/types\/product"}],"replies":[{"embeddable":true,"href":"https:\/\/www.allthingsstone.com\/ca-fr\/wp-json\/wp\/v2\/comments?post=15052"}],"wp:featuredmedia":[{"embeddable":true,"href":"https:\/\/www.allthingsstone.com\/ca-fr\/wp-json\/wp\/v2\/media\/20843"}],"wp:attachment":[{"href":"https:\/\/www.allthingsstone.com\/ca-fr\/wp-json\/wp\/v2\/media?parent=15052"}],"wp:term":[{"taxonomy":"product_cat","embeddable":true,"href":"https:\/\/www.allthingsstone.com\/ca-fr\/wp-json\/wp\/v2\/product_cat?post=15052"},{"taxonomy":"product_tag","embeddable":true,"href":"https:\/\/www.allthingsstone.com\/ca-fr\/wp-json\/wp\/v2\/product_tag?post=15052"}],"curies":[{"name":"wp","href":"https:\/\/api.w.org\/{rel}","templated":true}]}}