{"id":15051,"date":"2020-06-03T18:17:33","date_gmt":"2020-06-03T22:17:33","guid":{"rendered":"http:\/\/www.allthingsstone.com\/ca-fr\/?post_type=product&#038;p=15051"},"modified":"2025-07-24T13:22:13","modified_gmt":"2025-07-24T17:22:13","slug":"crafted-tier-natural-stone","status":"publish","type":"product","link":"https:\/\/www.allthingsstone.com\/ca-fr\/product\/crafted-tier-natural-stone\/","title":{"rendered":"Crafted TIER Natural Stone"},"content":{"rendered":"<div id=\"pl-15051\"  class=\"panel-layout\" ><div id=\"pg-15051-0\"  class=\"panel-grid panel-no-style\" ><div id=\"pgc-15051-0-0\"  class=\"panel-grid-cell\" ><div id=\"panel-15051-0-0-0\" class=\"so-panel widget widget_sow-editor panel-first-child\" data-index=\"0\" ><div\n\t\t\t\n\t\t\tclass=\"so-widget-sow-editor so-widget-sow-editor-base\"\n\t\t\t\n\t\t>\n<div class=\"siteorigin-widget-tinymce textwidget\">\n\t<p>Crafted de TIER<sup>\u00ae<\/sup> Natural Stone est un placage de pierre robuste mais moderne. Chaque panneau est compos\u00e9 d'un certain nombre de pierres individuelles qui ont \u00e9t\u00e9 taill\u00e9es \u00e0 la main, illustrant un placage de pierre v\u00e9ritablement artisanal. Crafted de TIER<sup>\u00ae<\/sup> Natural Stone convient parfaitement pour les fa\u00e7ades ext\u00e9rieures en rehaussant la valeur, ainsi que pour les applications int\u00e9rieures telles que les murs d\u2019accents, les dosserets, le cadre de chemin\u00e9e et plus encore.<\/p>\n<p>Les panneaux modulaires Crafted s'adaptent parfaitement ensemble, \u00e9liminant le besoin de main-d'\u0153uvre sp\u00e9cialis\u00e9e. Tous les panneaux et coins sont en forme de Z afin de cacher les joints, cr\u00e9ant ainsi un aspect authentique de mur en pierre.<\/p>\n<\/div>\n<\/div><\/div><div id=\"panel-15051-0-0-1\" class=\"so-panel widget widget_sow-editor panel-last-child\" data-index=\"1\" ><div\n\t\t\t\n\t\t\tclass=\"so-widget-sow-editor so-widget-sow-editor-base\"\n\t\t\t\n\t\t>\n<div class=\"siteorigin-widget-tinymce textwidget\">\n\t<p>Pour trouver un d\u00e9taillant Crafted de TIER<sup>\u00ae<\/sup>\u00a0Natural Stone\u00a0dans votre r\u00e9gion cliquez sur\u00a0<strong><a href=\"http:\/\/www.allthingsstone.com\/ca-fr\/ou-acheter\/\">O\u00f9 acheter<\/a><\/strong>.<\/p>\n<\/div>\n<\/div><\/div><\/div><\/div><div id=\"pg-15051-1\"  class=\"panel-grid panel-no-style\" ><div id=\"pgc-15051-1-0\"  class=\"panel-grid-cell\" ><div id=\"panel-15051-1-0-0\" class=\"so-panel widget widget_sow-image panel-first-child\" data-index=\"2\" ><div\n\t\t\t\n\t\t\tclass=\"so-widget-sow-image so-widget-sow-image-default-8b5b6f678277-15051\"\n\t\t\t\n\t\t>\n\n<div class=\"sow-image-container\">\n\t\t<img decoding=\"async\" src=\"https:\/\/www.allthingsstone.com\/ca-fr\/wp-content\/uploads\/sites\/12\/2020\/06\/TIER\u00ae-Natural-Stone-Crafted-Range-1.png\" width=\"600\" height=\"300\" srcset=\"https:\/\/www.allthingsstone.com\/ca-fr\/wp-content\/uploads\/sites\/12\/2020\/06\/TIER\u00ae-Natural-Stone-Crafted-Range-1.png 600w, https:\/\/www.allthingsstone.com\/ca-fr\/wp-content\/uploads\/sites\/12\/2020\/06\/TIER\u00ae-Natural-Stone-Crafted-Range-1-300x150.png 300w\" sizes=\"auto, (max-width: 600px) 100vw, 600px\" title=\"TIER\u00ae Natural Stone Crafted Range Flat\" alt=\"TIER\u00ae Natural Stone Crafted Range Flat\" loading=\"lazy\" \t\tclass=\"so-widget-image\"\/>\n\t<\/div>\n\n<\/div><\/div><div id=\"panel-15051-1-0-1\" class=\"so-panel widget widget_sow-editor panel-last-child\" data-index=\"3\" ><div\n\t\t\t\n\t\t\tclass=\"so-widget-sow-editor so-widget-sow-editor-base\"\n\t\t\t\n\t\t>\n<div class=\"siteorigin-widget-tinymce textwidget\">\n\t<h5 style=\"text-align: center\"><span style=\"text-decoration: underline;color: #808080\"><span>Panneau plat<\/span><\/span><\/h5>\n<\/div>\n<\/div><\/div><\/div><div id=\"pgc-15051-1-1\"  class=\"panel-grid-cell\" ><div id=\"panel-15051-1-1-0\" class=\"so-panel widget widget_sow-image panel-first-child\" data-index=\"4\" ><div\n\t\t\t\n\t\t\tclass=\"so-widget-sow-image so-widget-sow-image-default-8b5b6f678277-15051\"\n\t\t\t\n\t\t>\n\n<div class=\"sow-image-container\">\n\t\t<img decoding=\"async\" src=\"https:\/\/www.allthingsstone.com\/ca-fr\/wp-content\/uploads\/sites\/12\/2020\/06\/TIER\u00ae-Natural-Stone-Crafted-Range-2.png\" width=\"600\" height=\"300\" srcset=\"https:\/\/www.allthingsstone.com\/ca-fr\/wp-content\/uploads\/sites\/12\/2020\/06\/TIER\u00ae-Natural-Stone-Crafted-Range-2.png 600w, https:\/\/www.allthingsstone.com\/ca-fr\/wp-content\/uploads\/sites\/12\/2020\/06\/TIER\u00ae-Natural-Stone-Crafted-Range-2-300x150.png 300w\" sizes=\"auto, (max-width: 600px) 100vw, 600px\" title=\"TIER\u00ae Natural Stone Crafted Range Corner\" alt=\"TIER\u00ae Natural Stone Crafted Range Corner\" loading=\"lazy\" \t\tclass=\"so-widget-image\"\/>\n\t<\/div>\n\n<\/div><\/div><div id=\"panel-15051-1-1-1\" class=\"so-panel widget widget_sow-editor panel-last-child\" data-index=\"5\" ><div\n\t\t\t\n\t\t\tclass=\"so-widget-sow-editor so-widget-sow-editor-base\"\n\t\t\t\n\t\t>\n<div class=\"siteorigin-widget-tinymce textwidget\">\n\t<h5 style=\"text-align: center\"><span style=\"text-decoration: underline;color: #808080\">Panneau de coin\u00a0<em>2 pi\u00e8ces<\/em><\/span><\/h5>\n<\/div>\n<\/div><\/div><\/div><\/div><\/div>","protected":false},"excerpt":{"rendered":"<h4 class=\"widget-title\"><span style=\"color: #000000;\"><em>Prix<\/em><\/span><\/h4>\n<p>Carton plat : <strong>20$<\/strong> par carton<br \/>\nCarton d&#8217;angle : <strong>20$<\/strong> par carton<\/p>\n<p><a href=\"https:\/\/www.allthingsstone.com\/ca-en\/brands\/tier-natural-stone-clearance\/\" target=\"_blank\" rel=\"noopener\">Cliquez ici<\/a> pour en savoir plus sur les d\u00e9stockages TIER\u00ae, les tarifs et la disponibilit\u00e9 des pierres\u00a0!<\/p>\n","protected":false},"featured_media":20846,"comment_status":"open","ping_status":"closed","template":"","meta":{"inline_featured_image":false,"_mi_skip_tracking":false,"_exactmetrics_sitenote_active":false,"_exactmetrics_sitenote_note":"","_exactmetrics_sitenote_category":0},"product_cat":[6533],"product_tag":[8204],"class_list":["post-15051","product","type-product","status-publish","has-post-thumbnail","hentry","product_cat-placage-de-pierre-naturelle","product_tag-tier-natural-stone-textures","brands-tier-natural-stone","single_resource-tier-natural-stone"],"acf":[],"yoast_head":"<!-- This site is optimized with the Yoast SEO Premium plugin v21.6 (Yoast SEO v21.6) - https:\/\/yoast.com\/wordpress\/plugins\/seo\/ -->\n<title>Crafted TIER\u00ae Natural Stone | Canadian Stone Industries FR<\/title>\n<meta name=\"description\" content=\"Crafted de TIER\u00ae Natural Stone est un placage de pierre robuste mais moderne. Chaque panneau est compos\u00e9 d&#039;un certain nombre de pierres individuelles qui ont \u00e9t\u00e9 taill\u00e9es \u00e0 la main, illustrant un placage de pierre v\u00e9ritablement artisanal.\" \/>\n<meta name=\"robots\" content=\"index, follow, max-snippet:-1, max-image-preview:large, max-video-preview:-1\" \/>\n<link rel=\"canonical\" href=\"https:\/\/www.allthingsstone.com\/ca-fr\/product\/crafted-tier-natural-stone\/\" \/>\n<meta property=\"og:locale\" content=\"en_US\" \/>\n<meta property=\"og:type\" content=\"article\" \/>\n<meta property=\"og:title\" content=\"Crafted TIER Natural Stone\" \/>\n<meta property=\"og:description\" content=\"Crafted de TIER\u00ae Natural Stone est un placage de pierre robuste mais moderne. Chaque panneau est compos\u00e9 d&#039;un certain nombre de pierres individuelles qui ont \u00e9t\u00e9 taill\u00e9es \u00e0 la main, illustrant un placage de pierre v\u00e9ritablement artisanal.\" \/>\n<meta property=\"og:url\" content=\"https:\/\/www.allthingsstone.com\/ca-fr\/product\/crafted-tier-natural-stone\/\" \/>\n<meta property=\"og:site_name\" content=\"CSI - Canadian Stone Industries FR\" \/>\n<meta property=\"article:modified_time\" content=\"2025-07-24T17:22:13+00:00\" \/>\n<meta property=\"og:image\" content=\"https:\/\/www.allthingsstone.com\/ca-fr\/wp-content\/uploads\/sites\/12\/2020\/06\/Crafted.png\" \/>\n\t<meta property=\"og:image:width\" content=\"459\" \/>\n\t<meta property=\"og:image:height\" content=\"339\" \/>\n\t<meta property=\"og:image:type\" content=\"image\/png\" \/>\n<meta name=\"twitter:card\" content=\"summary_large_image\" \/>\n<meta name=\"twitter:label1\" content=\"Est. reading time\" \/>\n\t<meta name=\"twitter:data1\" content=\"1 minute\" \/>\n<script type=\"application\/ld+json\" class=\"yoast-schema-graph\">{\"@context\":\"https:\/\/schema.org\",\"@graph\":[{\"@type\":\"WebPage\",\"@id\":\"https:\/\/www.allthingsstone.com\/ca-fr\/product\/crafted-tier-natural-stone\/\",\"url\":\"https:\/\/www.allthingsstone.com\/ca-fr\/product\/crafted-tier-natural-stone\/\",\"name\":\"Crafted TIER\u00ae Natural Stone | Canadian Stone Industries FR\",\"isPartOf\":{\"@id\":\"https:\/\/www.allthingsstone.com\/ca-fr\/#website\"},\"datePublished\":\"2020-06-03T22:17:33+00:00\",\"dateModified\":\"2025-07-24T17:22:13+00:00\",\"description\":\"Crafted de TIER\u00ae Natural Stone est un placage de pierre robuste mais moderne. Chaque panneau est compos\u00e9 d'un certain nombre de pierres individuelles qui ont \u00e9t\u00e9 taill\u00e9es \u00e0 la main, illustrant un placage de pierre v\u00e9ritablement artisanal.\",\"breadcrumb\":{\"@id\":\"https:\/\/www.allthingsstone.com\/ca-fr\/product\/crafted-tier-natural-stone\/#breadcrumb\"},\"inLanguage\":\"en-CA\",\"potentialAction\":[{\"@type\":\"ReadAction\",\"target\":[\"https:\/\/www.allthingsstone.com\/ca-fr\/product\/crafted-tier-natural-stone\/\"]}]},{\"@type\":\"BreadcrumbList\",\"@id\":\"https:\/\/www.allthingsstone.com\/ca-fr\/product\/crafted-tier-natural-stone\/#breadcrumb\",\"itemListElement\":[{\"@type\":\"ListItem\",\"position\":1,\"name\":\"Home\",\"item\":\"https:\/\/www.allthingsstone.com\/ca-fr\/\"},{\"@type\":\"ListItem\",\"position\":2,\"name\":\"Crafted TIER Natural Stone\"}]},{\"@type\":\"WebSite\",\"@id\":\"https:\/\/www.allthingsstone.com\/ca-fr\/#website\",\"url\":\"https:\/\/www.allthingsstone.com\/ca-fr\/\",\"name\":\"CSI - Canadian Stone Industries FR\",\"description\":\"\",\"potentialAction\":[{\"@type\":\"SearchAction\",\"target\":{\"@type\":\"EntryPoint\",\"urlTemplate\":\"https:\/\/www.allthingsstone.com\/ca-fr\/?s={search_term_string}\"},\"query-input\":\"required name=search_term_string\"}],\"inLanguage\":\"en-CA\"}]}<\/script>\n<!-- \/ Yoast SEO Premium plugin. -->","yoast_head_json":{"title":"Crafted TIER\u00ae Natural Stone | Canadian Stone Industries FR","description":"Crafted de TIER\u00ae Natural Stone est un placage de pierre robuste mais moderne. Chaque panneau est compos\u00e9 d'un certain nombre de pierres individuelles qui ont \u00e9t\u00e9 taill\u00e9es \u00e0 la main, illustrant un placage de pierre v\u00e9ritablement artisanal.","robots":{"index":"index","follow":"follow","max-snippet":"max-snippet:-1","max-image-preview":"max-image-preview:large","max-video-preview":"max-video-preview:-1"},"canonical":"https:\/\/www.allthingsstone.com\/ca-fr\/product\/crafted-tier-natural-stone\/","og_locale":"en_US","og_type":"article","og_title":"Crafted TIER Natural Stone","og_description":"Crafted de TIER\u00ae Natural Stone est un placage de pierre robuste mais moderne. Chaque panneau est compos\u00e9 d'un certain nombre de pierres individuelles qui ont \u00e9t\u00e9 taill\u00e9es \u00e0 la main, illustrant un placage de pierre v\u00e9ritablement artisanal.","og_url":"https:\/\/www.allthingsstone.com\/ca-fr\/product\/crafted-tier-natural-stone\/","og_site_name":"CSI - Canadian Stone Industries FR","article_modified_time":"2025-07-24T17:22:13+00:00","og_image":[{"width":459,"height":339,"url":"https:\/\/www.allthingsstone.com\/ca-fr\/wp-content\/uploads\/sites\/12\/2020\/06\/Crafted.png","type":"image\/png"}],"twitter_card":"summary_large_image","twitter_misc":{"Est. reading time":"1 minute"},"schema":{"@context":"https:\/\/schema.org","@graph":[{"@type":"WebPage","@id":"https:\/\/www.allthingsstone.com\/ca-fr\/product\/crafted-tier-natural-stone\/","url":"https:\/\/www.allthingsstone.com\/ca-fr\/product\/crafted-tier-natural-stone\/","name":"Crafted TIER\u00ae Natural Stone | Canadian Stone Industries FR","isPartOf":{"@id":"https:\/\/www.allthingsstone.com\/ca-fr\/#website"},"datePublished":"2020-06-03T22:17:33+00:00","dateModified":"2025-07-24T17:22:13+00:00","description":"Crafted de TIER\u00ae Natural Stone est un placage de pierre robuste mais moderne. Chaque panneau est compos\u00e9 d'un certain nombre de pierres individuelles qui ont \u00e9t\u00e9 taill\u00e9es \u00e0 la main, illustrant un placage de pierre v\u00e9ritablement artisanal.","breadcrumb":{"@id":"https:\/\/www.allthingsstone.com\/ca-fr\/product\/crafted-tier-natural-stone\/#breadcrumb"},"inLanguage":"en-CA","potentialAction":[{"@type":"ReadAction","target":["https:\/\/www.allthingsstone.com\/ca-fr\/product\/crafted-tier-natural-stone\/"]}]},{"@type":"BreadcrumbList","@id":"https:\/\/www.allthingsstone.com\/ca-fr\/product\/crafted-tier-natural-stone\/#breadcrumb","itemListElement":[{"@type":"ListItem","position":1,"name":"Home","item":"https:\/\/www.allthingsstone.com\/ca-fr\/"},{"@type":"ListItem","position":2,"name":"Crafted TIER Natural Stone"}]},{"@type":"WebSite","@id":"https:\/\/www.allthingsstone.com\/ca-fr\/#website","url":"https:\/\/www.allthingsstone.com\/ca-fr\/","name":"CSI - Canadian Stone Industries FR","description":"","potentialAction":[{"@type":"SearchAction","target":{"@type":"EntryPoint","urlTemplate":"https:\/\/www.allthingsstone.com\/ca-fr\/?s={search_term_string}"},"query-input":"required name=search_term_string"}],"inLanguage":"en-CA"}]}},"_links":{"self":[{"href":"https:\/\/www.allthingsstone.com\/ca-fr\/wp-json\/wp\/v2\/product\/15051","targetHints":{"allow":["GET"]}}],"collection":[{"href":"https:\/\/www.allthingsstone.com\/ca-fr\/wp-json\/wp\/v2\/product"}],"about":[{"href":"https:\/\/www.allthingsstone.com\/ca-fr\/wp-json\/wp\/v2\/types\/product"}],"replies":[{"embeddable":true,"href":"https:\/\/www.allthingsstone.com\/ca-fr\/wp-json\/wp\/v2\/comments?post=15051"}],"wp:featuredmedia":[{"embeddable":true,"href":"https:\/\/www.allthingsstone.com\/ca-fr\/wp-json\/wp\/v2\/media\/20846"}],"wp:attachment":[{"href":"https:\/\/www.allthingsstone.com\/ca-fr\/wp-json\/wp\/v2\/media?parent=15051"}],"wp:term":[{"taxonomy":"product_cat","embeddable":true,"href":"https:\/\/www.allthingsstone.com\/ca-fr\/wp-json\/wp\/v2\/product_cat?post=15051"},{"taxonomy":"product_tag","embeddable":true,"href":"https:\/\/www.allthingsstone.com\/ca-fr\/wp-json\/wp\/v2\/product_tag?post=15051"}],"curies":[{"name":"wp","href":"https:\/\/api.w.org\/{rel}","templated":true}]}}