{"id":15049,"date":"2020-06-03T17:51:19","date_gmt":"2020-06-03T21:51:19","guid":{"rendered":"http:\/\/www.allthingsstone.com\/ca-fr\/?post_type=product&#038;p=15049"},"modified":"2025-07-24T13:22:03","modified_gmt":"2025-07-24T17:22:03","slug":"contemporary-tier-natural-stone","status":"publish","type":"product","link":"https:\/\/www.allthingsstone.com\/ca-fr\/product\/contemporary-tier-natural-stone\/","title":{"rendered":"Contemporary TIER\u00ae Natural Stone"},"content":{"rendered":"<div id=\"pl-15049\"  class=\"panel-layout\" ><div id=\"pg-15049-0\"  class=\"panel-grid panel-no-style\" ><div id=\"pgc-15049-0-0\"  class=\"panel-grid-cell\" ><div id=\"panel-15049-0-0-0\" class=\"so-panel widget widget_sow-editor panel-first-child\" data-index=\"0\" ><div\n\t\t\t\n\t\t\tclass=\"so-widget-sow-editor so-widget-sow-editor-base\"\n\t\t\t\n\t\t>\n<div class=\"siteorigin-widget-tinymce textwidget\">\n\t<p>Contemporary de TIER<sup>\u00ae<\/sup> Natural Stone est un placage de pierre mince fabriqu\u00e9 \u00e0 partir de pierre \u00e0 face fendue. Les diff\u00e9rentes profondeurs et textures mettent en valeur la beaut\u00e9 naturelle des pierres, cr\u00e9ant un aspect tridimensionnel, en particulier lorsqu'elles sont illumin\u00e9es. Contemporary de TIER<sup>\u00ae<\/sup> Natural Stone est id\u00e9ale pour les murs ext\u00e9rieurs, les cours et les zones de divertissement. Tout aussi bien adapt\u00e9s \u00e0 une utilisation int\u00e9rieure, ces panneaux de pierre sont \u00e9galement parfaits pour une utilisation sur les chemin\u00e9es et les murs d\u00e9coratifs.<\/p>\n<p>En raison de sa forme modulaire, Contemporary de TIER<sup>\u00ae<\/sup> Natural Stone est rapide et facile \u00e0 installer. Les caract\u00e9ristiques contemporaines sont con\u00e7ues et fabriqu\u00e9es pour obtenir le coin le plus authentique possible. Chaque pi\u00e8ce d'angle glisse ensemble sans couture pour cr\u00e9er un coin r\u00e9aliste en pierre.<\/p>\n<\/div>\n<\/div><\/div><div id=\"panel-15049-0-0-1\" class=\"so-panel widget widget_sow-editor panel-last-child\" data-index=\"1\" ><div\n\t\t\t\n\t\t\tclass=\"so-widget-sow-editor so-widget-sow-editor-base\"\n\t\t\t\n\t\t>\n<div class=\"siteorigin-widget-tinymce textwidget\">\n\t<p>Pour trouver un d\u00e9taillant Contemporary de TIER<sup>\u00ae<\/sup>\u00a0Natural Stone\u00a0dans votre r\u00e9gion cliquez sur\u00a0<strong><a href=\"http:\/\/www.allthingsstone.com\/ca-fr\/ou-acheter\/\">O\u00f9 acheter<\/a><\/strong>.<\/p>\n<\/div>\n<\/div><\/div><\/div><\/div><div id=\"pg-15049-1\"  class=\"panel-grid panel-no-style\" ><div id=\"pgc-15049-1-0\"  class=\"panel-grid-cell\" ><div id=\"panel-15049-1-0-0\" class=\"so-panel widget widget_sow-image panel-first-child\" data-index=\"2\" ><div\n\t\t\t\n\t\t\tclass=\"so-widget-sow-image so-widget-sow-image-default-8b5b6f678277-15049\"\n\t\t\t\n\t\t>\n\n<div class=\"sow-image-container\">\n\t\t<img decoding=\"async\" src=\"https:\/\/www.allthingsstone.com\/ca-fr\/wp-content\/uploads\/sites\/12\/2020\/06\/TIER\u00ae-Natural-Stone-Contemporary-Range-1.png\" width=\"600\" height=\"300\" srcset=\"https:\/\/www.allthingsstone.com\/ca-fr\/wp-content\/uploads\/sites\/12\/2020\/06\/TIER\u00ae-Natural-Stone-Contemporary-Range-1.png 600w, https:\/\/www.allthingsstone.com\/ca-fr\/wp-content\/uploads\/sites\/12\/2020\/06\/TIER\u00ae-Natural-Stone-Contemporary-Range-1-300x150.png 300w\" sizes=\"auto, (max-width: 600px) 100vw, 600px\" title=\"TIER\u00ae Natural Stone Contemporary Range Flats\" alt=\"TIER\u00ae Natural Stone Contemporary Range Flats\" loading=\"lazy\" \t\tclass=\"so-widget-image\"\/>\n\t<\/div>\n\n<\/div><\/div><div id=\"panel-15049-1-0-1\" class=\"so-panel widget widget_sow-editor panel-last-child\" data-index=\"3\" ><div\n\t\t\t\n\t\t\tclass=\"so-widget-sow-editor so-widget-sow-editor-base\"\n\t\t\t\n\t\t>\n<div class=\"siteorigin-widget-tinymce textwidget\">\n\t<h5 style=\"text-align: center\"><span style=\"text-decoration: underline;color: #808080\"><span>Panneau plat<\/span><\/span><\/h5>\n<\/div>\n<\/div><\/div><\/div><div id=\"pgc-15049-1-1\"  class=\"panel-grid-cell\" ><div id=\"panel-15049-1-1-0\" class=\"so-panel widget widget_sow-image panel-first-child\" data-index=\"4\" ><div\n\t\t\t\n\t\t\tclass=\"so-widget-sow-image so-widget-sow-image-default-8b5b6f678277-15049\"\n\t\t\t\n\t\t>\n\n<div class=\"sow-image-container\">\n\t\t<img decoding=\"async\" src=\"https:\/\/www.allthingsstone.com\/ca-fr\/wp-content\/uploads\/sites\/12\/2020\/06\/TIER\u00ae-Natural-Stone-Contemporary-Range-2.png\" width=\"600\" height=\"300\" srcset=\"https:\/\/www.allthingsstone.com\/ca-fr\/wp-content\/uploads\/sites\/12\/2020\/06\/TIER\u00ae-Natural-Stone-Contemporary-Range-2.png 600w, https:\/\/www.allthingsstone.com\/ca-fr\/wp-content\/uploads\/sites\/12\/2020\/06\/TIER\u00ae-Natural-Stone-Contemporary-Range-2-300x150.png 300w\" sizes=\"auto, (max-width: 600px) 100vw, 600px\" title=\"TIER\u00ae Natural Stone Contemporary Range Corner\" alt=\"TIER\u00ae Natural Stone Contemporary Range Corner\" loading=\"lazy\" \t\tclass=\"so-widget-image\"\/>\n\t<\/div>\n\n<\/div><\/div><div id=\"panel-15049-1-1-1\" class=\"so-panel widget widget_sow-editor panel-last-child\" data-index=\"5\" ><div\n\t\t\t\n\t\t\tclass=\"so-widget-sow-editor so-widget-sow-editor-base\"\n\t\t\t\n\t\t>\n<div class=\"siteorigin-widget-tinymce textwidget\">\n\t<h5 style=\"text-align: center\"><span style=\"text-decoration: underline;color: #808080\">Panneau de coin\u00a0<em>2 pi\u00e8ces<\/em><\/span><\/h5>\n<\/div>\n<\/div><\/div><\/div><\/div><\/div>","protected":false},"excerpt":{"rendered":"<h4 class=\"widget-title\"><span style=\"color: #000000;\"><em>Prix<\/em><\/span><\/h4>\n<p>Carton plat : <strong>20$<\/strong> par carton<br \/>\nCarton d&#8217;angle : <strong>20$<\/strong> par carton<\/p>\n<p><a href=\"https:\/\/www.allthingsstone.com\/ca-en\/brands\/tier-natural-stone-clearance\/\" target=\"_blank\" rel=\"noopener\">Cliquez ici<\/a> pour en savoir plus sur les d\u00e9stockages TIER\u00ae, les tarifs et la disponibilit\u00e9 des pierres\u00a0!<\/p>\n","protected":false},"featured_media":20845,"comment_status":"open","ping_status":"closed","template":"","meta":{"inline_featured_image":false,"_mi_skip_tracking":false,"_exactmetrics_sitenote_active":false,"_exactmetrics_sitenote_note":"","_exactmetrics_sitenote_category":0},"product_cat":[6533],"product_tag":[8204],"class_list":["post-15049","product","type-product","status-publish","has-post-thumbnail","hentry","product_cat-placage-de-pierre-naturelle","product_tag-tier-natural-stone-textures","brands-tier-natural-stone"],"acf":[],"yoast_head":"<!-- This site is optimized with the Yoast SEO Premium plugin v21.6 (Yoast SEO v21.6) - https:\/\/yoast.com\/wordpress\/plugins\/seo\/ -->\n<title>Contemporary TIER\u00ae Natural Stone | Canadian Stone Industries FR<\/title>\n<meta name=\"description\" content=\"Contemporary de TIER\u00ae Natural Stone est un placage de pierre mince fabriqu\u00e9 \u00e0 partir de pierre \u00e0 face fendue. Les diff\u00e9rentes profondeurs et textures mettent en valeur la beaut\u00e9 naturelle des pierres, cr\u00e9ant un aspect tridimensionnel, en particulier lorsqu&#039;elles sont illumin\u00e9es.\" \/>\n<meta name=\"robots\" content=\"index, follow, max-snippet:-1, max-image-preview:large, max-video-preview:-1\" \/>\n<link rel=\"canonical\" href=\"https:\/\/www.allthingsstone.com\/ca-fr\/product\/contemporary-tier-natural-stone\/\" \/>\n<meta property=\"og:locale\" content=\"en_US\" \/>\n<meta property=\"og:type\" content=\"article\" \/>\n<meta property=\"og:title\" content=\"Contemporary TIER\u00ae Natural Stone\" \/>\n<meta property=\"og:description\" content=\"Contemporary de TIER\u00ae Natural Stone est un placage de pierre mince fabriqu\u00e9 \u00e0 partir de pierre \u00e0 face fendue. Les diff\u00e9rentes profondeurs et textures mettent en valeur la beaut\u00e9 naturelle des pierres, cr\u00e9ant un aspect tridimensionnel, en particulier lorsqu&#039;elles sont illumin\u00e9es.\" \/>\n<meta property=\"og:url\" content=\"https:\/\/www.allthingsstone.com\/ca-fr\/product\/contemporary-tier-natural-stone\/\" \/>\n<meta property=\"og:site_name\" content=\"CSI - Canadian Stone Industries FR\" \/>\n<meta property=\"article:modified_time\" content=\"2025-07-24T17:22:03+00:00\" \/>\n<meta property=\"og:image\" content=\"https:\/\/www.allthingsstone.com\/ca-fr\/wp-content\/uploads\/sites\/12\/2020\/06\/Contemporary.png\" \/>\n\t<meta property=\"og:image:width\" content=\"459\" \/>\n\t<meta property=\"og:image:height\" content=\"339\" \/>\n\t<meta property=\"og:image:type\" content=\"image\/png\" \/>\n<meta name=\"twitter:card\" content=\"summary_large_image\" \/>\n<meta name=\"twitter:label1\" content=\"Est. reading time\" \/>\n\t<meta name=\"twitter:data1\" content=\"1 minute\" \/>\n<script type=\"application\/ld+json\" class=\"yoast-schema-graph\">{\"@context\":\"https:\/\/schema.org\",\"@graph\":[{\"@type\":\"WebPage\",\"@id\":\"https:\/\/www.allthingsstone.com\/ca-fr\/product\/contemporary-tier-natural-stone\/\",\"url\":\"https:\/\/www.allthingsstone.com\/ca-fr\/product\/contemporary-tier-natural-stone\/\",\"name\":\"Contemporary TIER\u00ae Natural Stone | Canadian Stone Industries FR\",\"isPartOf\":{\"@id\":\"https:\/\/www.allthingsstone.com\/ca-fr\/#website\"},\"datePublished\":\"2020-06-03T21:51:19+00:00\",\"dateModified\":\"2025-07-24T17:22:03+00:00\",\"description\":\"Contemporary de TIER\u00ae Natural Stone est un placage de pierre mince fabriqu\u00e9 \u00e0 partir de pierre \u00e0 face fendue. Les diff\u00e9rentes profondeurs et textures mettent en valeur la beaut\u00e9 naturelle des pierres, cr\u00e9ant un aspect tridimensionnel, en particulier lorsqu'elles sont illumin\u00e9es.\",\"breadcrumb\":{\"@id\":\"https:\/\/www.allthingsstone.com\/ca-fr\/product\/contemporary-tier-natural-stone\/#breadcrumb\"},\"inLanguage\":\"en-CA\",\"potentialAction\":[{\"@type\":\"ReadAction\",\"target\":[\"https:\/\/www.allthingsstone.com\/ca-fr\/product\/contemporary-tier-natural-stone\/\"]}]},{\"@type\":\"BreadcrumbList\",\"@id\":\"https:\/\/www.allthingsstone.com\/ca-fr\/product\/contemporary-tier-natural-stone\/#breadcrumb\",\"itemListElement\":[{\"@type\":\"ListItem\",\"position\":1,\"name\":\"Home\",\"item\":\"https:\/\/www.allthingsstone.com\/ca-fr\/\"},{\"@type\":\"ListItem\",\"position\":2,\"name\":\"Contemporary TIER\u00ae Natural Stone\"}]},{\"@type\":\"WebSite\",\"@id\":\"https:\/\/www.allthingsstone.com\/ca-fr\/#website\",\"url\":\"https:\/\/www.allthingsstone.com\/ca-fr\/\",\"name\":\"CSI - Canadian Stone Industries FR\",\"description\":\"\",\"potentialAction\":[{\"@type\":\"SearchAction\",\"target\":{\"@type\":\"EntryPoint\",\"urlTemplate\":\"https:\/\/www.allthingsstone.com\/ca-fr\/?s={search_term_string}\"},\"query-input\":\"required name=search_term_string\"}],\"inLanguage\":\"en-CA\"}]}<\/script>\n<!-- \/ Yoast SEO Premium plugin. -->","yoast_head_json":{"title":"Contemporary TIER\u00ae Natural Stone | Canadian Stone Industries FR","description":"Contemporary de TIER\u00ae Natural Stone est un placage de pierre mince fabriqu\u00e9 \u00e0 partir de pierre \u00e0 face fendue. Les diff\u00e9rentes profondeurs et textures mettent en valeur la beaut\u00e9 naturelle des pierres, cr\u00e9ant un aspect tridimensionnel, en particulier lorsqu'elles sont illumin\u00e9es.","robots":{"index":"index","follow":"follow","max-snippet":"max-snippet:-1","max-image-preview":"max-image-preview:large","max-video-preview":"max-video-preview:-1"},"canonical":"https:\/\/www.allthingsstone.com\/ca-fr\/product\/contemporary-tier-natural-stone\/","og_locale":"en_US","og_type":"article","og_title":"Contemporary TIER\u00ae Natural Stone","og_description":"Contemporary de TIER\u00ae Natural Stone est un placage de pierre mince fabriqu\u00e9 \u00e0 partir de pierre \u00e0 face fendue. Les diff\u00e9rentes profondeurs et textures mettent en valeur la beaut\u00e9 naturelle des pierres, cr\u00e9ant un aspect tridimensionnel, en particulier lorsqu'elles sont illumin\u00e9es.","og_url":"https:\/\/www.allthingsstone.com\/ca-fr\/product\/contemporary-tier-natural-stone\/","og_site_name":"CSI - Canadian Stone Industries FR","article_modified_time":"2025-07-24T17:22:03+00:00","og_image":[{"width":459,"height":339,"url":"https:\/\/www.allthingsstone.com\/ca-fr\/wp-content\/uploads\/sites\/12\/2020\/06\/Contemporary.png","type":"image\/png"}],"twitter_card":"summary_large_image","twitter_misc":{"Est. reading time":"1 minute"},"schema":{"@context":"https:\/\/schema.org","@graph":[{"@type":"WebPage","@id":"https:\/\/www.allthingsstone.com\/ca-fr\/product\/contemporary-tier-natural-stone\/","url":"https:\/\/www.allthingsstone.com\/ca-fr\/product\/contemporary-tier-natural-stone\/","name":"Contemporary TIER\u00ae Natural Stone | Canadian Stone Industries FR","isPartOf":{"@id":"https:\/\/www.allthingsstone.com\/ca-fr\/#website"},"datePublished":"2020-06-03T21:51:19+00:00","dateModified":"2025-07-24T17:22:03+00:00","description":"Contemporary de TIER\u00ae Natural Stone est un placage de pierre mince fabriqu\u00e9 \u00e0 partir de pierre \u00e0 face fendue. Les diff\u00e9rentes profondeurs et textures mettent en valeur la beaut\u00e9 naturelle des pierres, cr\u00e9ant un aspect tridimensionnel, en particulier lorsqu'elles sont illumin\u00e9es.","breadcrumb":{"@id":"https:\/\/www.allthingsstone.com\/ca-fr\/product\/contemporary-tier-natural-stone\/#breadcrumb"},"inLanguage":"en-CA","potentialAction":[{"@type":"ReadAction","target":["https:\/\/www.allthingsstone.com\/ca-fr\/product\/contemporary-tier-natural-stone\/"]}]},{"@type":"BreadcrumbList","@id":"https:\/\/www.allthingsstone.com\/ca-fr\/product\/contemporary-tier-natural-stone\/#breadcrumb","itemListElement":[{"@type":"ListItem","position":1,"name":"Home","item":"https:\/\/www.allthingsstone.com\/ca-fr\/"},{"@type":"ListItem","position":2,"name":"Contemporary TIER\u00ae Natural Stone"}]},{"@type":"WebSite","@id":"https:\/\/www.allthingsstone.com\/ca-fr\/#website","url":"https:\/\/www.allthingsstone.com\/ca-fr\/","name":"CSI - Canadian Stone Industries FR","description":"","potentialAction":[{"@type":"SearchAction","target":{"@type":"EntryPoint","urlTemplate":"https:\/\/www.allthingsstone.com\/ca-fr\/?s={search_term_string}"},"query-input":"required name=search_term_string"}],"inLanguage":"en-CA"}]}},"_links":{"self":[{"href":"https:\/\/www.allthingsstone.com\/ca-fr\/wp-json\/wp\/v2\/product\/15049","targetHints":{"allow":["GET"]}}],"collection":[{"href":"https:\/\/www.allthingsstone.com\/ca-fr\/wp-json\/wp\/v2\/product"}],"about":[{"href":"https:\/\/www.allthingsstone.com\/ca-fr\/wp-json\/wp\/v2\/types\/product"}],"replies":[{"embeddable":true,"href":"https:\/\/www.allthingsstone.com\/ca-fr\/wp-json\/wp\/v2\/comments?post=15049"}],"wp:featuredmedia":[{"embeddable":true,"href":"https:\/\/www.allthingsstone.com\/ca-fr\/wp-json\/wp\/v2\/media\/20845"}],"wp:attachment":[{"href":"https:\/\/www.allthingsstone.com\/ca-fr\/wp-json\/wp\/v2\/media?parent=15049"}],"wp:term":[{"taxonomy":"product_cat","embeddable":true,"href":"https:\/\/www.allthingsstone.com\/ca-fr\/wp-json\/wp\/v2\/product_cat?post=15049"},{"taxonomy":"product_tag","embeddable":true,"href":"https:\/\/www.allthingsstone.com\/ca-fr\/wp-json\/wp\/v2\/product_tag?post=15049"}],"curies":[{"name":"wp","href":"https:\/\/api.w.org\/{rel}","templated":true}]}}