{"id":14989,"date":"2020-05-01T13:48:27","date_gmt":"2020-05-01T17:48:27","guid":{"rendered":"http:\/\/www.allthingsstone.com\/ca-fr\/?post_type=product&#038;p=14989"},"modified":"2020-05-15T18:19:49","modified_gmt":"2020-05-15T22:19:49","slug":"viper-cdr-vent-keene-building-products","status":"publish","type":"product","link":"https:\/\/www.allthingsstone.com\/ca-fr\/product\/viper-cdr-vent-keene-building-products\/","title":{"rendered":"Viper CDR Vent\u2122 from Keene\u2122 Building Products"},"content":{"rendered":"<div id=\"pl-14989\"  class=\"panel-layout\" ><div id=\"pg-14989-0\"  class=\"panel-grid panel-no-style\" ><div id=\"pgc-14989-0-0\"  class=\"panel-grid-cell\" ><div id=\"panel-14989-0-0-0\" class=\"so-panel widget widget_sow-editor panel-first-child\" data-index=\"0\" ><div\n\t\t\t\n\t\t\tclass=\"so-widget-sow-editor so-widget-sow-editor-base\"\n\t\t\t\n\t\t>\n<div class=\"siteorigin-widget-tinymce textwidget\">\n\t<p>Viper CDR Vent<sup>\u2122<\/sup>\u00a0de Keene Building Products est une membrane d\u2019\u00e9coulement et d\u2019a\u00e9ration de 0,30\u00a0po \u00e0 orientation al\u00e9atoire et \u00e0 motif g\u00e9om\u00e9trique. Ce produit est con\u00e7u pour \u00e9liminer l\u2019humidit\u00e9 et la vapeur dans les toitures en bardeaux de c\u00e8dre, les parements et les couvertures m\u00e9talliques.<\/p>\n<p>La membrane Viper CDR Vent<sup>\u2122<\/sup> est fabriqu\u00e9e \u00e0 partir d\u2019une matrice polym\u00e8re extrud\u00e9e compos\u00e9e de monofilaments enchev\u00eatr\u00e9s dont les jonctions sont thermosoud\u00e9es pour former une structure cr\u00e9ant un espace entre le parement et la toiture et le rev\u00eatement int\u00e9rieur. La membrane Viper CDR Vent<sup>\u2122<\/sup>\u00a0est utile pour la pose de toitures ou de parements en bardeaux de c\u00e8dre ou en m\u00e9tal lorsqu\u2019une couche d\u2019air est requise pour favoriser l\u2019a\u00e9ration et l\u2019\u00e9coulement.<\/p>\n<p><img loading=\"lazy\" decoding=\"async\" class=\"size-full wp-image-14991\" src=\"http:\/\/www.allthingsstone.com\/ca-fr\/wp-content\/uploads\/sites\/12\/2020\/05\/Viper-CDR-Vent\u2122.png\" alt=\"Viper CDR Vent\u2122\" width=\"250\" height=\"81\" \/><\/p>\n<\/div>\n<\/div><\/div><div id=\"panel-14989-0-0-1\" class=\"so-panel widget widget_sow-editor panel-last-child\" data-index=\"1\" ><div\n\t\t\t\n\t\t\tclass=\"so-widget-sow-editor so-widget-sow-editor-base\"\n\t\t\t\n\t\t>\n<div class=\"siteorigin-widget-tinymce textwidget\">\n\t<p>Cliquez sur le bouton\u00a0<a href=\"https:\/\/www.allthingsstone.com\/ca-fr\/ou-acheter\/\" target=\"_blank\" rel=\"noopener noreferrer\"><strong>O\u00f9 acheter<\/strong><\/a>\u00a0pour trouver un d\u00e9taillant Keene<sup>\u2122<\/sup>\u00a0Building Products pr\u00e8s de chez vous.<\/p>\n<\/div>\n<\/div><\/div><\/div><div id=\"pgc-14989-0-1\"  class=\"panel-grid-cell\" ><div id=\"panel-14989-0-1-0\" class=\"so-panel widget widget_sow-image panel-first-child panel-last-child\" data-index=\"2\" ><div\n\t\t\t\n\t\t\tclass=\"so-widget-sow-image so-widget-sow-image-default-8b5b6f678277-14989\"\n\t\t\t\n\t\t>\n\n<div class=\"sow-image-container\">\n\t\t<img decoding=\"async\" src=\"https:\/\/www.allthingsstone.com\/ca-fr\/wp-content\/uploads\/sites\/12\/2020\/05\/Viper-CDR-Vent\u2122-Keene\u2122-Building-Products.png\" width=\"459\" height=\"339\" srcset=\"https:\/\/www.allthingsstone.com\/ca-fr\/wp-content\/uploads\/sites\/12\/2020\/05\/Viper-CDR-Vent\u2122-Keene\u2122-Building-Products.png 459w, https:\/\/www.allthingsstone.com\/ca-fr\/wp-content\/uploads\/sites\/12\/2020\/05\/Viper-CDR-Vent\u2122-Keene\u2122-Building-Products-300x222.png 300w\" sizes=\"auto, (max-width: 459px) 100vw, 459px\" title=\"Viper CDR Vent\u2122 Keene\u2122 Building Products\" alt=\"Viper CDR Vent\u2122 Keene\u2122 Building Products\" loading=\"lazy\" \t\tclass=\"so-widget-image\"\/>\n\t<\/div>\n\n<\/div><\/div><\/div><\/div><\/div>","protected":false},"excerpt":{"rendered":"<p>Viper CDR Vent\u2122\u00a0de Keene Building Products est une membrane d\u2019\u00e9coulement et d\u2019a\u00e9ration de 0,30\u00a0po \u00e0 orientation al\u00e9atoire et \u00e0 motif g\u00e9om\u00e9trique. Ce produit est con\u00e7u &hellip; <a href=\"https:\/\/www.allthingsstone.com\/ca-fr\/product\/viper-cdr-vent-keene-building-products\/\">Continued<\/a><\/p>\n","protected":false},"featured_media":14992,"comment_status":"open","ping_status":"closed","template":"","meta":{"inline_featured_image":false,"_mi_skip_tracking":false,"_exactmetrics_sitenote_active":false,"_exactmetrics_sitenote_note":"","_exactmetrics_sitenote_category":0},"product_cat":[6531],"product_tag":[7927],"class_list":["post-14989","product","type-product","status-publish","has-post-thumbnail","hentry","product_cat-produits-de-construction","product_tag-keene-building-products","brands-keene-building-products","single_resource-cdr-vent"],"acf":[],"yoast_head":"<!-- This site is optimized with the Yoast SEO Premium plugin v21.6 (Yoast SEO v21.6) - https:\/\/yoast.com\/wordpress\/plugins\/seo\/ -->\n<title>Viper CDR Vent\u2122 | CSI FR<\/title>\n<meta name=\"description\" content=\"Viper CDR Vent\u2122\u00a0de Keene Building Products est une membrane d\u2019\u00e9coulement et d\u2019a\u00e9ration de 0,30\u00a0po \u00e0 orientation al\u00e9atoire et \u00e0 motif g\u00e9om\u00e9trique. Ce produit est con\u00e7u pour \u00e9liminer l\u2019humidit\u00e9 et la vapeur dans les toitures en bardeaux de c\u00e8dre, les parements et les couvertures m\u00e9talliques.\" \/>\n<meta name=\"robots\" content=\"index, follow, max-snippet:-1, max-image-preview:large, max-video-preview:-1\" \/>\n<link rel=\"canonical\" href=\"https:\/\/www.allthingsstone.com\/ca-fr\/product\/viper-cdr-vent-keene-building-products\/\" \/>\n<meta property=\"og:locale\" content=\"en_US\" \/>\n<meta property=\"og:type\" content=\"article\" \/>\n<meta property=\"og:title\" content=\"Viper CDR Vent\u2122 from Keene\u2122 Building Products\" \/>\n<meta property=\"og:description\" content=\"Viper CDR Vent\u2122\u00a0de Keene Building Products est une membrane d\u2019\u00e9coulement et d\u2019a\u00e9ration de 0,30\u00a0po \u00e0 orientation al\u00e9atoire et \u00e0 motif g\u00e9om\u00e9trique. Ce produit est con\u00e7u pour \u00e9liminer l\u2019humidit\u00e9 et la vapeur dans les toitures en bardeaux de c\u00e8dre, les parements et les couvertures m\u00e9talliques.\" \/>\n<meta property=\"og:url\" content=\"https:\/\/www.allthingsstone.com\/ca-fr\/product\/viper-cdr-vent-keene-building-products\/\" \/>\n<meta property=\"og:site_name\" content=\"CSI - Canadian Stone Industries FR\" \/>\n<meta property=\"article:modified_time\" content=\"2020-05-15T22:19:49+00:00\" \/>\n<meta property=\"og:image\" content=\"https:\/\/www.allthingsstone.com\/ca-fr\/wp-content\/uploads\/sites\/12\/2020\/05\/Viper-CDR-Vent\u2122-from-Keene\u2122-Building-Products.png\" \/>\n\t<meta property=\"og:image:width\" content=\"459\" \/>\n\t<meta property=\"og:image:height\" content=\"339\" \/>\n\t<meta property=\"og:image:type\" content=\"image\/png\" \/>\n<meta name=\"twitter:card\" content=\"summary_large_image\" \/>\n<meta name=\"twitter:label1\" content=\"Est. reading time\" \/>\n\t<meta name=\"twitter:data1\" content=\"1 minute\" \/>\n<script type=\"application\/ld+json\" class=\"yoast-schema-graph\">{\"@context\":\"https:\/\/schema.org\",\"@graph\":[{\"@type\":\"WebPage\",\"@id\":\"https:\/\/www.allthingsstone.com\/ca-fr\/product\/viper-cdr-vent-keene-building-products\/\",\"url\":\"https:\/\/www.allthingsstone.com\/ca-fr\/product\/viper-cdr-vent-keene-building-products\/\",\"name\":\"Viper CDR Vent\u2122 | CSI FR\",\"isPartOf\":{\"@id\":\"https:\/\/www.allthingsstone.com\/ca-fr\/#website\"},\"datePublished\":\"2020-05-01T17:48:27+00:00\",\"dateModified\":\"2020-05-15T22:19:49+00:00\",\"description\":\"Viper CDR Vent\u2122\u00a0de Keene Building Products est une membrane d\u2019\u00e9coulement et d\u2019a\u00e9ration de 0,30\u00a0po \u00e0 orientation al\u00e9atoire et \u00e0 motif g\u00e9om\u00e9trique. Ce produit est con\u00e7u pour \u00e9liminer l\u2019humidit\u00e9 et la vapeur dans les toitures en bardeaux de c\u00e8dre, les parements et les couvertures m\u00e9talliques.\",\"breadcrumb\":{\"@id\":\"https:\/\/www.allthingsstone.com\/ca-fr\/product\/viper-cdr-vent-keene-building-products\/#breadcrumb\"},\"inLanguage\":\"en-CA\",\"potentialAction\":[{\"@type\":\"ReadAction\",\"target\":[\"https:\/\/www.allthingsstone.com\/ca-fr\/product\/viper-cdr-vent-keene-building-products\/\"]}]},{\"@type\":\"BreadcrumbList\",\"@id\":\"https:\/\/www.allthingsstone.com\/ca-fr\/product\/viper-cdr-vent-keene-building-products\/#breadcrumb\",\"itemListElement\":[{\"@type\":\"ListItem\",\"position\":1,\"name\":\"Home\",\"item\":\"https:\/\/www.allthingsstone.com\/ca-fr\/\"},{\"@type\":\"ListItem\",\"position\":2,\"name\":\"Viper CDR Vent\u2122 from Keene\u2122 Building Products\"}]},{\"@type\":\"WebSite\",\"@id\":\"https:\/\/www.allthingsstone.com\/ca-fr\/#website\",\"url\":\"https:\/\/www.allthingsstone.com\/ca-fr\/\",\"name\":\"CSI - Canadian Stone Industries FR\",\"description\":\"\",\"potentialAction\":[{\"@type\":\"SearchAction\",\"target\":{\"@type\":\"EntryPoint\",\"urlTemplate\":\"https:\/\/www.allthingsstone.com\/ca-fr\/?s={search_term_string}\"},\"query-input\":\"required name=search_term_string\"}],\"inLanguage\":\"en-CA\"}]}<\/script>\n<!-- \/ Yoast SEO Premium plugin. -->","yoast_head_json":{"title":"Viper CDR Vent\u2122 | CSI FR","description":"Viper CDR Vent\u2122\u00a0de Keene Building Products est une membrane d\u2019\u00e9coulement et d\u2019a\u00e9ration de 0,30\u00a0po \u00e0 orientation al\u00e9atoire et \u00e0 motif g\u00e9om\u00e9trique. Ce produit est con\u00e7u pour \u00e9liminer l\u2019humidit\u00e9 et la vapeur dans les toitures en bardeaux de c\u00e8dre, les parements et les couvertures m\u00e9talliques.","robots":{"index":"index","follow":"follow","max-snippet":"max-snippet:-1","max-image-preview":"max-image-preview:large","max-video-preview":"max-video-preview:-1"},"canonical":"https:\/\/www.allthingsstone.com\/ca-fr\/product\/viper-cdr-vent-keene-building-products\/","og_locale":"en_US","og_type":"article","og_title":"Viper CDR Vent\u2122 from Keene\u2122 Building Products","og_description":"Viper CDR Vent\u2122\u00a0de Keene Building Products est une membrane d\u2019\u00e9coulement et d\u2019a\u00e9ration de 0,30\u00a0po \u00e0 orientation al\u00e9atoire et \u00e0 motif g\u00e9om\u00e9trique. Ce produit est con\u00e7u pour \u00e9liminer l\u2019humidit\u00e9 et la vapeur dans les toitures en bardeaux de c\u00e8dre, les parements et les couvertures m\u00e9talliques.","og_url":"https:\/\/www.allthingsstone.com\/ca-fr\/product\/viper-cdr-vent-keene-building-products\/","og_site_name":"CSI - Canadian Stone Industries FR","article_modified_time":"2020-05-15T22:19:49+00:00","og_image":[{"width":459,"height":339,"url":"https:\/\/www.allthingsstone.com\/ca-fr\/wp-content\/uploads\/sites\/12\/2020\/05\/Viper-CDR-Vent\u2122-from-Keene\u2122-Building-Products.png","type":"image\/png"}],"twitter_card":"summary_large_image","twitter_misc":{"Est. reading time":"1 minute"},"schema":{"@context":"https:\/\/schema.org","@graph":[{"@type":"WebPage","@id":"https:\/\/www.allthingsstone.com\/ca-fr\/product\/viper-cdr-vent-keene-building-products\/","url":"https:\/\/www.allthingsstone.com\/ca-fr\/product\/viper-cdr-vent-keene-building-products\/","name":"Viper CDR Vent\u2122 | CSI FR","isPartOf":{"@id":"https:\/\/www.allthingsstone.com\/ca-fr\/#website"},"datePublished":"2020-05-01T17:48:27+00:00","dateModified":"2020-05-15T22:19:49+00:00","description":"Viper CDR Vent\u2122\u00a0de Keene Building Products est une membrane d\u2019\u00e9coulement et d\u2019a\u00e9ration de 0,30\u00a0po \u00e0 orientation al\u00e9atoire et \u00e0 motif g\u00e9om\u00e9trique. Ce produit est con\u00e7u pour \u00e9liminer l\u2019humidit\u00e9 et la vapeur dans les toitures en bardeaux de c\u00e8dre, les parements et les couvertures m\u00e9talliques.","breadcrumb":{"@id":"https:\/\/www.allthingsstone.com\/ca-fr\/product\/viper-cdr-vent-keene-building-products\/#breadcrumb"},"inLanguage":"en-CA","potentialAction":[{"@type":"ReadAction","target":["https:\/\/www.allthingsstone.com\/ca-fr\/product\/viper-cdr-vent-keene-building-products\/"]}]},{"@type":"BreadcrumbList","@id":"https:\/\/www.allthingsstone.com\/ca-fr\/product\/viper-cdr-vent-keene-building-products\/#breadcrumb","itemListElement":[{"@type":"ListItem","position":1,"name":"Home","item":"https:\/\/www.allthingsstone.com\/ca-fr\/"},{"@type":"ListItem","position":2,"name":"Viper CDR Vent\u2122 from Keene\u2122 Building Products"}]},{"@type":"WebSite","@id":"https:\/\/www.allthingsstone.com\/ca-fr\/#website","url":"https:\/\/www.allthingsstone.com\/ca-fr\/","name":"CSI - Canadian Stone Industries FR","description":"","potentialAction":[{"@type":"SearchAction","target":{"@type":"EntryPoint","urlTemplate":"https:\/\/www.allthingsstone.com\/ca-fr\/?s={search_term_string}"},"query-input":"required name=search_term_string"}],"inLanguage":"en-CA"}]}},"_links":{"self":[{"href":"https:\/\/www.allthingsstone.com\/ca-fr\/wp-json\/wp\/v2\/product\/14989","targetHints":{"allow":["GET"]}}],"collection":[{"href":"https:\/\/www.allthingsstone.com\/ca-fr\/wp-json\/wp\/v2\/product"}],"about":[{"href":"https:\/\/www.allthingsstone.com\/ca-fr\/wp-json\/wp\/v2\/types\/product"}],"replies":[{"embeddable":true,"href":"https:\/\/www.allthingsstone.com\/ca-fr\/wp-json\/wp\/v2\/comments?post=14989"}],"wp:featuredmedia":[{"embeddable":true,"href":"https:\/\/www.allthingsstone.com\/ca-fr\/wp-json\/wp\/v2\/media\/14992"}],"wp:attachment":[{"href":"https:\/\/www.allthingsstone.com\/ca-fr\/wp-json\/wp\/v2\/media?parent=14989"}],"wp:term":[{"taxonomy":"product_cat","embeddable":true,"href":"https:\/\/www.allthingsstone.com\/ca-fr\/wp-json\/wp\/v2\/product_cat?post=14989"},{"taxonomy":"product_tag","embeddable":true,"href":"https:\/\/www.allthingsstone.com\/ca-fr\/wp-json\/wp\/v2\/product_tag?post=14989"}],"curies":[{"name":"wp","href":"https:\/\/api.w.org\/{rel}","templated":true}]}}