{"id":14965,"date":"2020-04-30T16:12:51","date_gmt":"2020-04-30T20:12:51","guid":{"rendered":"http:\/\/www.allthingsstone.com\/ca-fr\/?post_type=product&#038;p=14965"},"modified":"2023-02-01T14:13:42","modified_gmt":"2023-02-01T19:13:42","slug":"driwall-rainscreen-keene-building-products","status":"publish","type":"product","link":"https:\/\/www.allthingsstone.com\/ca-fr\/product\/driwall-rainscreen-keene-building-products\/","title":{"rendered":"Driwall\u2122 Rainscreen Keene\u2122 Building Products"},"content":{"rendered":"<div id=\"pl-14965\"  class=\"panel-layout\" ><div id=\"pg-14965-0\"  class=\"panel-grid panel-no-style\" ><div id=\"pgc-14965-0-0\"  class=\"panel-grid-cell\" ><div id=\"panel-14965-0-0-0\" class=\"so-panel widget widget_sow-editor panel-first-child\" data-index=\"0\" ><div\n\t\t\t\n\t\t\tclass=\"so-widget-sow-editor so-widget-sow-editor-base\"\n\t\t\t\n\t\t>\n<div class=\"siteorigin-widget-tinymce textwidget\">\n\t<p>L\u2019\u00e9cran pare-pluie Driwall<sup>\u2122<\/sup>\u00a0Rainscreen de Keene Building Products consiste en une membrane de drainage pour les syst\u00e8mes de murs ext\u00e9rieurs. La membrane de filaments enchev\u00eatr\u00e9s \u00e9limine les probl\u00e8mes d\u2019humidit\u00e9 impr\u00e9vus dans la plupart des applications de placage ext\u00e9rieur, y compris les rev\u00eatements de pierre usin\u00e9e ou de pierre naturelle, les parements, les placages de pierre mince ou de brique, le stuc et d\u2019autres applications de ma\u00e7onnerie.<\/p>\n<p>L\u2019augmentation de l\u2019\u00e9tanch\u00e9it\u00e9 des b\u00e2timents \u00e0 des fins de protection thermique a entra\u00een\u00e9 une hausse des probl\u00e8mes d\u2019humidit\u00e9, d\u2019o\u00f9 le besoin accru de recourir \u00e0 une m\u00e9thode de ventilation et de lib\u00e9ration de la pression hydrostatique. L\u2019\u00e9cran pare-pluie Driwall<sup>\u2122<\/sup>\u00a0Rainscreen pleine longueur recouvre la barri\u00e8re r\u00e9sistante \u00e0 l\u2019eau pour la s\u00e9parer du placage ext\u00e9rieur. La couche d\u2019air cr\u00e9\u00e9e par l\u2019\u00e9cran pare-pluie Driwall<sup>\u2122<\/sup>\u00a0Rainscreen favorise la circulation de l\u2019air dans la cavit\u00e9 du mur, ce qui permet au mur de respirer et de rester sec. Il en r\u00e9sulte un syst\u00e8me de mur sans humidit\u00e9 ni moisissure. Driwall<sup>\u2122<\/sup>\u00a0Rainscreen r\u00e9pond aux exigences du code du b\u00e2timent canadien.<\/p>\n<\/div>\n<\/div><\/div><div id=\"panel-14965-0-0-1\" class=\"so-panel widget widget_sow-editor panel-last-child\" data-index=\"1\" ><div\n\t\t\t\n\t\t\tclass=\"so-widget-sow-editor so-widget-sow-editor-base\"\n\t\t\t\n\t\t>\n<div class=\"siteorigin-widget-tinymce textwidget\">\n\t<p>Cliquez sur le bouton\u00a0<a href=\"https:\/\/www.allthingsstone.com\/ca-fr\/ou-acheter\/\"><strong>O\u00f9 acheter<\/strong><\/a>\u00a0pour trouver un d\u00e9taillant Keene<sup>\u2122<\/sup>\u00a0Building Products pr\u00e8s de chez vous.<\/p>\n<\/div>\n<\/div><\/div><\/div><div id=\"pgc-14965-0-1\"  class=\"panel-grid-cell\" ><div id=\"panel-14965-0-1-0\" class=\"so-panel widget widget_sow-image panel-first-child panel-last-child\" data-index=\"2\" ><div\n\t\t\t\n\t\t\tclass=\"so-widget-sow-image so-widget-sow-image-default-8b5b6f678277-14965\"\n\t\t\t\n\t\t>\n\n<div class=\"sow-image-container\">\n\t\t<img decoding=\"async\" src=\"https:\/\/www.allthingsstone.com\/ca-fr\/wp-content\/uploads\/sites\/12\/2020\/04\/Driwall\u2122-Rainscreen-by-Keene-Building-Products.png\" width=\"498\" height=\"232\" srcset=\"https:\/\/www.allthingsstone.com\/ca-fr\/wp-content\/uploads\/sites\/12\/2020\/04\/Driwall\u2122-Rainscreen-by-Keene-Building-Products.png 498w, https:\/\/www.allthingsstone.com\/ca-fr\/wp-content\/uploads\/sites\/12\/2020\/04\/Driwall\u2122-Rainscreen-by-Keene-Building-Products-300x140.png 300w\" sizes=\"auto, (max-width: 498px) 100vw, 498px\" title=\"Driwall\u2122 Rainscreen by Keene Building Products\" alt=\"Driwall\u2122 Rainscreen by Keene Building Products\" loading=\"lazy\" \t\tclass=\"so-widget-image\"\/>\n\t<\/div>\n\n<\/div><\/div><\/div><\/div><\/div>","protected":false},"excerpt":{"rendered":"<p>L\u2019\u00e9cran pare-pluie Driwall\u2122\u00a0Rainscreen de Keene Building Products consiste en une membrane de drainage pour les syst\u00e8mes de murs ext\u00e9rieurs. La membrane de filaments enchev\u00eatr\u00e9s \u00e9limine &hellip; <a href=\"https:\/\/www.allthingsstone.com\/ca-fr\/product\/driwall-rainscreen-keene-building-products\/\">Continued<\/a><\/p>\n","protected":false},"featured_media":14966,"comment_status":"open","ping_status":"closed","template":"","meta":{"inline_featured_image":false,"_mi_skip_tracking":false,"_exactmetrics_sitenote_active":false,"_exactmetrics_sitenote_note":"","_exactmetrics_sitenote_category":0},"product_cat":[6531],"product_tag":[7927],"class_list":["post-14965","product","type-product","status-publish","has-post-thumbnail","hentry","product_cat-produits-de-construction","product_tag-keene-building-products","brands-keene-building-products","single_resource-keene-building-products-driwall-rainscreen"],"acf":[],"yoast_head":"<!-- This site is optimized with the Yoast SEO Premium plugin v21.6 (Yoast SEO v21.6) - https:\/\/yoast.com\/wordpress\/plugins\/seo\/ -->\n<title>Driwall\u2122 Rainscreen | CSI FR<\/title>\n<meta name=\"description\" content=\"L\u2019\u00e9cran pare-pluie Driwall\u2122 Rainscreen de Keene Building Products consiste en une membrane de drainage pour les syst\u00e8mes de murs ext\u00e9rieurs. La membrane de filaments enchev\u00eatr\u00e9s \u00e9limine les probl\u00e8mes d\u2019humidit\u00e9 impr\u00e9vus dans la plupart des applications de placage ext\u00e9rieur.\" \/>\n<meta name=\"robots\" content=\"index, follow, max-snippet:-1, max-image-preview:large, max-video-preview:-1\" \/>\n<link rel=\"canonical\" href=\"https:\/\/www.allthingsstone.com\/ca-fr\/product\/driwall-rainscreen-keene-building-products\/\" \/>\n<meta property=\"og:locale\" content=\"en_US\" \/>\n<meta property=\"og:type\" content=\"article\" \/>\n<meta property=\"og:title\" content=\"Driwall\u2122 Rainscreen Keene\u2122 Building Products\" \/>\n<meta property=\"og:description\" content=\"L\u2019\u00e9cran pare-pluie Driwall\u2122 Rainscreen de Keene Building Products consiste en une membrane de drainage pour les syst\u00e8mes de murs ext\u00e9rieurs. La membrane de filaments enchev\u00eatr\u00e9s \u00e9limine les probl\u00e8mes d\u2019humidit\u00e9 impr\u00e9vus dans la plupart des applications de placage ext\u00e9rieur.\" \/>\n<meta property=\"og:url\" content=\"https:\/\/www.allthingsstone.com\/ca-fr\/product\/driwall-rainscreen-keene-building-products\/\" \/>\n<meta property=\"og:site_name\" content=\"CSI - Canadian Stone Industries FR\" \/>\n<meta property=\"article:modified_time\" content=\"2023-02-01T19:13:42+00:00\" \/>\n<meta property=\"og:image\" content=\"https:\/\/www.allthingsstone.com\/ca-fr\/wp-content\/uploads\/sites\/12\/2020\/04\/Driwall\u2122-Rainscreen-Keene\u2122-Building-Products.png\" \/>\n\t<meta property=\"og:image:width\" content=\"459\" \/>\n\t<meta property=\"og:image:height\" content=\"339\" \/>\n\t<meta property=\"og:image:type\" content=\"image\/png\" \/>\n<meta name=\"twitter:card\" content=\"summary_large_image\" \/>\n<meta name=\"twitter:label1\" content=\"Est. reading time\" \/>\n\t<meta name=\"twitter:data1\" content=\"1 minute\" \/>\n<script type=\"application\/ld+json\" class=\"yoast-schema-graph\">{\"@context\":\"https:\/\/schema.org\",\"@graph\":[{\"@type\":\"WebPage\",\"@id\":\"https:\/\/www.allthingsstone.com\/ca-fr\/product\/driwall-rainscreen-keene-building-products\/\",\"url\":\"https:\/\/www.allthingsstone.com\/ca-fr\/product\/driwall-rainscreen-keene-building-products\/\",\"name\":\"Driwall\u2122 Rainscreen | CSI FR\",\"isPartOf\":{\"@id\":\"https:\/\/www.allthingsstone.com\/ca-fr\/#website\"},\"datePublished\":\"2020-04-30T20:12:51+00:00\",\"dateModified\":\"2023-02-01T19:13:42+00:00\",\"description\":\"L\u2019\u00e9cran pare-pluie Driwall\u2122 Rainscreen de Keene Building Products consiste en une membrane de drainage pour les syst\u00e8mes de murs ext\u00e9rieurs. La membrane de filaments enchev\u00eatr\u00e9s \u00e9limine les probl\u00e8mes d\u2019humidit\u00e9 impr\u00e9vus dans la plupart des applications de placage ext\u00e9rieur.\",\"breadcrumb\":{\"@id\":\"https:\/\/www.allthingsstone.com\/ca-fr\/product\/driwall-rainscreen-keene-building-products\/#breadcrumb\"},\"inLanguage\":\"en-CA\",\"potentialAction\":[{\"@type\":\"ReadAction\",\"target\":[\"https:\/\/www.allthingsstone.com\/ca-fr\/product\/driwall-rainscreen-keene-building-products\/\"]}]},{\"@type\":\"BreadcrumbList\",\"@id\":\"https:\/\/www.allthingsstone.com\/ca-fr\/product\/driwall-rainscreen-keene-building-products\/#breadcrumb\",\"itemListElement\":[{\"@type\":\"ListItem\",\"position\":1,\"name\":\"Home\",\"item\":\"https:\/\/www.allthingsstone.com\/ca-fr\/\"},{\"@type\":\"ListItem\",\"position\":2,\"name\":\"Driwall\u2122 Rainscreen Keene\u2122 Building Products\"}]},{\"@type\":\"WebSite\",\"@id\":\"https:\/\/www.allthingsstone.com\/ca-fr\/#website\",\"url\":\"https:\/\/www.allthingsstone.com\/ca-fr\/\",\"name\":\"CSI - Canadian Stone Industries FR\",\"description\":\"\",\"potentialAction\":[{\"@type\":\"SearchAction\",\"target\":{\"@type\":\"EntryPoint\",\"urlTemplate\":\"https:\/\/www.allthingsstone.com\/ca-fr\/?s={search_term_string}\"},\"query-input\":\"required name=search_term_string\"}],\"inLanguage\":\"en-CA\"}]}<\/script>\n<!-- \/ Yoast SEO Premium plugin. -->","yoast_head_json":{"title":"Driwall\u2122 Rainscreen | CSI FR","description":"L\u2019\u00e9cran pare-pluie Driwall\u2122 Rainscreen de Keene Building Products consiste en une membrane de drainage pour les syst\u00e8mes de murs ext\u00e9rieurs. La membrane de filaments enchev\u00eatr\u00e9s \u00e9limine les probl\u00e8mes d\u2019humidit\u00e9 impr\u00e9vus dans la plupart des applications de placage ext\u00e9rieur.","robots":{"index":"index","follow":"follow","max-snippet":"max-snippet:-1","max-image-preview":"max-image-preview:large","max-video-preview":"max-video-preview:-1"},"canonical":"https:\/\/www.allthingsstone.com\/ca-fr\/product\/driwall-rainscreen-keene-building-products\/","og_locale":"en_US","og_type":"article","og_title":"Driwall\u2122 Rainscreen Keene\u2122 Building Products","og_description":"L\u2019\u00e9cran pare-pluie Driwall\u2122 Rainscreen de Keene Building Products consiste en une membrane de drainage pour les syst\u00e8mes de murs ext\u00e9rieurs. La membrane de filaments enchev\u00eatr\u00e9s \u00e9limine les probl\u00e8mes d\u2019humidit\u00e9 impr\u00e9vus dans la plupart des applications de placage ext\u00e9rieur.","og_url":"https:\/\/www.allthingsstone.com\/ca-fr\/product\/driwall-rainscreen-keene-building-products\/","og_site_name":"CSI - Canadian Stone Industries FR","article_modified_time":"2023-02-01T19:13:42+00:00","og_image":[{"width":459,"height":339,"url":"https:\/\/www.allthingsstone.com\/ca-fr\/wp-content\/uploads\/sites\/12\/2020\/04\/Driwall\u2122-Rainscreen-Keene\u2122-Building-Products.png","type":"image\/png"}],"twitter_card":"summary_large_image","twitter_misc":{"Est. reading time":"1 minute"},"schema":{"@context":"https:\/\/schema.org","@graph":[{"@type":"WebPage","@id":"https:\/\/www.allthingsstone.com\/ca-fr\/product\/driwall-rainscreen-keene-building-products\/","url":"https:\/\/www.allthingsstone.com\/ca-fr\/product\/driwall-rainscreen-keene-building-products\/","name":"Driwall\u2122 Rainscreen | CSI FR","isPartOf":{"@id":"https:\/\/www.allthingsstone.com\/ca-fr\/#website"},"datePublished":"2020-04-30T20:12:51+00:00","dateModified":"2023-02-01T19:13:42+00:00","description":"L\u2019\u00e9cran pare-pluie Driwall\u2122 Rainscreen de Keene Building Products consiste en une membrane de drainage pour les syst\u00e8mes de murs ext\u00e9rieurs. La membrane de filaments enchev\u00eatr\u00e9s \u00e9limine les probl\u00e8mes d\u2019humidit\u00e9 impr\u00e9vus dans la plupart des applications de placage ext\u00e9rieur.","breadcrumb":{"@id":"https:\/\/www.allthingsstone.com\/ca-fr\/product\/driwall-rainscreen-keene-building-products\/#breadcrumb"},"inLanguage":"en-CA","potentialAction":[{"@type":"ReadAction","target":["https:\/\/www.allthingsstone.com\/ca-fr\/product\/driwall-rainscreen-keene-building-products\/"]}]},{"@type":"BreadcrumbList","@id":"https:\/\/www.allthingsstone.com\/ca-fr\/product\/driwall-rainscreen-keene-building-products\/#breadcrumb","itemListElement":[{"@type":"ListItem","position":1,"name":"Home","item":"https:\/\/www.allthingsstone.com\/ca-fr\/"},{"@type":"ListItem","position":2,"name":"Driwall\u2122 Rainscreen Keene\u2122 Building Products"}]},{"@type":"WebSite","@id":"https:\/\/www.allthingsstone.com\/ca-fr\/#website","url":"https:\/\/www.allthingsstone.com\/ca-fr\/","name":"CSI - Canadian Stone Industries FR","description":"","potentialAction":[{"@type":"SearchAction","target":{"@type":"EntryPoint","urlTemplate":"https:\/\/www.allthingsstone.com\/ca-fr\/?s={search_term_string}"},"query-input":"required name=search_term_string"}],"inLanguage":"en-CA"}]}},"_links":{"self":[{"href":"https:\/\/www.allthingsstone.com\/ca-fr\/wp-json\/wp\/v2\/product\/14965","targetHints":{"allow":["GET"]}}],"collection":[{"href":"https:\/\/www.allthingsstone.com\/ca-fr\/wp-json\/wp\/v2\/product"}],"about":[{"href":"https:\/\/www.allthingsstone.com\/ca-fr\/wp-json\/wp\/v2\/types\/product"}],"replies":[{"embeddable":true,"href":"https:\/\/www.allthingsstone.com\/ca-fr\/wp-json\/wp\/v2\/comments?post=14965"}],"wp:featuredmedia":[{"embeddable":true,"href":"https:\/\/www.allthingsstone.com\/ca-fr\/wp-json\/wp\/v2\/media\/14966"}],"wp:attachment":[{"href":"https:\/\/www.allthingsstone.com\/ca-fr\/wp-json\/wp\/v2\/media?parent=14965"}],"wp:term":[{"taxonomy":"product_cat","embeddable":true,"href":"https:\/\/www.allthingsstone.com\/ca-fr\/wp-json\/wp\/v2\/product_cat?post=14965"},{"taxonomy":"product_tag","embeddable":true,"href":"https:\/\/www.allthingsstone.com\/ca-fr\/wp-json\/wp\/v2\/product_tag?post=14965"}],"curies":[{"name":"wp","href":"https:\/\/api.w.org\/{rel}","templated":true}]}}