{"id":14960,"date":"2020-04-30T15:10:03","date_gmt":"2020-04-30T19:10:03","guid":{"rendered":"http:\/\/www.allthingsstone.com\/ca-fr\/?post_type=product&#038;p=14960"},"modified":"2020-04-30T17:47:49","modified_gmt":"2020-04-30T21:47:49","slug":"driwall-mortar-deflection-keene-building-products","status":"publish","type":"product","link":"https:\/\/www.allthingsstone.com\/ca-fr\/product\/driwall-mortar-deflection-keene-building-products\/","title":{"rendered":"Driwall\u2122 Mortar Deflection Keene\u2122 Building Products"},"content":{"rendered":"<div id=\"pl-14960\"  class=\"panel-layout\" ><div id=\"pg-14960-0\"  class=\"panel-grid panel-no-style\" ><div id=\"pgc-14960-0-0\"  class=\"panel-grid-cell\" ><div id=\"panel-14960-0-0-0\" class=\"so-panel widget widget_sow-editor panel-first-child\" data-index=\"0\" ><div\n\t\t\t\n\t\t\tclass=\"so-widget-sow-editor so-widget-sow-editor-base\"\n\t\t\t\n\t\t>\n<div class=\"siteorigin-widget-tinymce textwidget\">\n\t<p>Le dispositif d\u2019\u00e9coulement Driwall\u2122 Mortar Deflection de Keene Building Products est con\u00e7u pour recueillir les bavures de mortier. Le dispositif d\u2019\u00e9coulement Driwall\u2122 Mortar Deflection peut \u00eatre utilis\u00e9 dans des projets commerciaux et r\u00e9sidentiels, et permet \u00e0 l\u2019humidit\u00e9 de traverser les murs creux en ma\u00e7onnerie et en pierre.<\/p>\n<p>Les d\u00e9bris sont recueillis au-dessus du solin et sous la surface du mur int\u00e9rieur pour permettre \u00e0 l\u2019humidit\u00e9 de s\u2019\u00e9couler jusqu\u2019aux trous d\u2019\u00e9vacuation. Le dispositif d\u2019\u00e9coulement Driwall\u2122 Mortar Deflection n\u2019absorbe pas l\u2019eau et pr\u00e9vient la moisissure.<\/p>\n<\/div>\n<\/div><\/div><div id=\"panel-14960-0-0-1\" class=\"so-panel widget widget_sow-editor panel-last-child\" data-index=\"1\" ><div\n\t\t\t\n\t\t\tclass=\"so-widget-sow-editor so-widget-sow-editor-base\"\n\t\t\t\n\t\t>\n<div class=\"siteorigin-widget-tinymce textwidget\">\n\t<p>Cliquez sur le bouton\u00a0<a href=\"https:\/\/www.allthingsstone.com\/ca-fr\/ou-acheter\/\"><strong>O\u00f9 acheter<\/strong><\/a>\u00a0pour trouver un d\u00e9taillant Keene<sup>\u2122<\/sup>\u00a0Building Products pr\u00e8s de chez vous.<\/p>\n<\/div>\n<\/div><\/div><\/div><div id=\"pgc-14960-0-1\"  class=\"panel-grid-cell\" ><div id=\"panel-14960-0-1-0\" class=\"so-panel widget widget_sow-image panel-first-child panel-last-child\" data-index=\"2\" ><div\n\t\t\t\n\t\t\tclass=\"so-widget-sow-image so-widget-sow-image-default-8b5b6f678277-14960\"\n\t\t\t\n\t\t>\n\n<div class=\"sow-image-container\">\n\t\t<img decoding=\"async\" src=\"https:\/\/www.allthingsstone.com\/ca-fr\/wp-content\/uploads\/sites\/12\/2020\/04\/Driwall\u2122-Mortar-Deflection-from-Keene\u2122-Building-Products_1.0.png\" width=\"459\" height=\"339\" srcset=\"https:\/\/www.allthingsstone.com\/ca-fr\/wp-content\/uploads\/sites\/12\/2020\/04\/Driwall\u2122-Mortar-Deflection-from-Keene\u2122-Building-Products_1.0.png 459w, https:\/\/www.allthingsstone.com\/ca-fr\/wp-content\/uploads\/sites\/12\/2020\/04\/Driwall\u2122-Mortar-Deflection-from-Keene\u2122-Building-Products_1.0-300x222.png 300w\" sizes=\"auto, (max-width: 459px) 100vw, 459px\" title=\"Driwall\u2122 Mortar Deflection from Keene\u2122 Building Products_1.0\" alt=\"Driwall\u2122 Mortar Deflection from Keene\u2122 Building Products_1.0\" loading=\"lazy\" \t\tclass=\"so-widget-image\"\/>\n\t<\/div>\n\n<\/div><\/div><\/div><\/div><\/div>","protected":false},"excerpt":{"rendered":"<p>Le dispositif d\u2019\u00e9coulement Driwall\u2122 Mortar Deflection de Keene Building Products est con\u00e7u pour recueillir les bavures de mortier. Le dispositif d\u2019\u00e9coulement Driwall\u2122 Mortar Deflection peut &hellip; <a href=\"https:\/\/www.allthingsstone.com\/ca-fr\/product\/driwall-mortar-deflection-keene-building-products\/\">Continued<\/a><\/p>\n","protected":false},"featured_media":14962,"comment_status":"open","ping_status":"closed","template":"","meta":{"inline_featured_image":false,"_mi_skip_tracking":false,"_exactmetrics_sitenote_active":false,"_exactmetrics_sitenote_note":"","_exactmetrics_sitenote_category":0},"product_cat":[6531],"product_tag":[7927],"class_list":["post-14960","product","type-product","status-publish","has-post-thumbnail","hentry","product_cat-produits-de-construction","product_tag-keene-building-products","brands-keene-building-products","single_resource-driwall-mortar-deflection"],"acf":[],"yoast_head":"<!-- This site is optimized with the Yoast SEO Premium plugin v21.6 (Yoast SEO v21.6) - https:\/\/yoast.com\/wordpress\/plugins\/seo\/ -->\n<title>Driwall\u2122 Mortar Deflection | CSI FR<\/title>\n<meta name=\"description\" content=\"Le dispositif d\u2019\u00e9coulement Driwall\u2122 Mortar Deflection de Keene Building Products est con\u00e7u pour recueillir les bavures de mortier. Le dispositif d\u2019\u00e9coulement Driwall\u2122 Mortar Deflection peut \u00eatre utilis\u00e9 dans des projets commerciaux et r\u00e9sidentiels, et permet \u00e0 l\u2019humidit\u00e9 de traverser les murs creux en ma\u00e7onnerie et en pierre.\" \/>\n<meta name=\"robots\" content=\"index, follow, max-snippet:-1, max-image-preview:large, max-video-preview:-1\" \/>\n<link rel=\"canonical\" href=\"https:\/\/www.allthingsstone.com\/ca-fr\/product\/driwall-mortar-deflection-keene-building-products\/\" \/>\n<meta property=\"og:locale\" content=\"en_US\" \/>\n<meta property=\"og:type\" content=\"article\" \/>\n<meta property=\"og:title\" content=\"Driwall\u2122 Mortar Deflection Keene\u2122 Building Products\" \/>\n<meta property=\"og:description\" content=\"Le dispositif d\u2019\u00e9coulement Driwall\u2122 Mortar Deflection de Keene Building Products est con\u00e7u pour recueillir les bavures de mortier. Le dispositif d\u2019\u00e9coulement Driwall\u2122 Mortar Deflection peut \u00eatre utilis\u00e9 dans des projets commerciaux et r\u00e9sidentiels, et permet \u00e0 l\u2019humidit\u00e9 de traverser les murs creux en ma\u00e7onnerie et en pierre.\" \/>\n<meta property=\"og:url\" content=\"https:\/\/www.allthingsstone.com\/ca-fr\/product\/driwall-mortar-deflection-keene-building-products\/\" \/>\n<meta property=\"og:site_name\" content=\"CSI - Canadian Stone Industries FR\" \/>\n<meta property=\"article:modified_time\" content=\"2020-04-30T21:47:49+00:00\" \/>\n<meta property=\"og:image\" content=\"https:\/\/www.allthingsstone.com\/ca-fr\/wp-content\/uploads\/sites\/12\/2020\/04\/Driwall\u2122-Mortar-Deflection-from-Keene\u2122-Building-Products.png\" \/>\n\t<meta property=\"og:image:width\" content=\"459\" \/>\n\t<meta property=\"og:image:height\" content=\"339\" \/>\n\t<meta property=\"og:image:type\" content=\"image\/png\" \/>\n<meta name=\"twitter:card\" content=\"summary_large_image\" \/>\n<meta name=\"twitter:label1\" content=\"Est. reading time\" \/>\n\t<meta name=\"twitter:data1\" content=\"1 minute\" \/>\n<script type=\"application\/ld+json\" class=\"yoast-schema-graph\">{\"@context\":\"https:\/\/schema.org\",\"@graph\":[{\"@type\":\"WebPage\",\"@id\":\"https:\/\/www.allthingsstone.com\/ca-fr\/product\/driwall-mortar-deflection-keene-building-products\/\",\"url\":\"https:\/\/www.allthingsstone.com\/ca-fr\/product\/driwall-mortar-deflection-keene-building-products\/\",\"name\":\"Driwall\u2122 Mortar Deflection | CSI FR\",\"isPartOf\":{\"@id\":\"https:\/\/www.allthingsstone.com\/ca-fr\/#website\"},\"datePublished\":\"2020-04-30T19:10:03+00:00\",\"dateModified\":\"2020-04-30T21:47:49+00:00\",\"description\":\"Le dispositif d\u2019\u00e9coulement Driwall\u2122 Mortar Deflection de Keene Building Products est con\u00e7u pour recueillir les bavures de mortier. Le dispositif d\u2019\u00e9coulement Driwall\u2122 Mortar Deflection peut \u00eatre utilis\u00e9 dans des projets commerciaux et r\u00e9sidentiels, et permet \u00e0 l\u2019humidit\u00e9 de traverser les murs creux en ma\u00e7onnerie et en pierre.\",\"breadcrumb\":{\"@id\":\"https:\/\/www.allthingsstone.com\/ca-fr\/product\/driwall-mortar-deflection-keene-building-products\/#breadcrumb\"},\"inLanguage\":\"en-CA\",\"potentialAction\":[{\"@type\":\"ReadAction\",\"target\":[\"https:\/\/www.allthingsstone.com\/ca-fr\/product\/driwall-mortar-deflection-keene-building-products\/\"]}]},{\"@type\":\"BreadcrumbList\",\"@id\":\"https:\/\/www.allthingsstone.com\/ca-fr\/product\/driwall-mortar-deflection-keene-building-products\/#breadcrumb\",\"itemListElement\":[{\"@type\":\"ListItem\",\"position\":1,\"name\":\"Home\",\"item\":\"https:\/\/www.allthingsstone.com\/ca-fr\/\"},{\"@type\":\"ListItem\",\"position\":2,\"name\":\"Driwall\u2122 Mortar Deflection Keene\u2122 Building Products\"}]},{\"@type\":\"WebSite\",\"@id\":\"https:\/\/www.allthingsstone.com\/ca-fr\/#website\",\"url\":\"https:\/\/www.allthingsstone.com\/ca-fr\/\",\"name\":\"CSI - Canadian Stone Industries FR\",\"description\":\"\",\"potentialAction\":[{\"@type\":\"SearchAction\",\"target\":{\"@type\":\"EntryPoint\",\"urlTemplate\":\"https:\/\/www.allthingsstone.com\/ca-fr\/?s={search_term_string}\"},\"query-input\":\"required name=search_term_string\"}],\"inLanguage\":\"en-CA\"}]}<\/script>\n<!-- \/ Yoast SEO Premium plugin. -->","yoast_head_json":{"title":"Driwall\u2122 Mortar Deflection | CSI FR","description":"Le dispositif d\u2019\u00e9coulement Driwall\u2122 Mortar Deflection de Keene Building Products est con\u00e7u pour recueillir les bavures de mortier. Le dispositif d\u2019\u00e9coulement Driwall\u2122 Mortar Deflection peut \u00eatre utilis\u00e9 dans des projets commerciaux et r\u00e9sidentiels, et permet \u00e0 l\u2019humidit\u00e9 de traverser les murs creux en ma\u00e7onnerie et en pierre.","robots":{"index":"index","follow":"follow","max-snippet":"max-snippet:-1","max-image-preview":"max-image-preview:large","max-video-preview":"max-video-preview:-1"},"canonical":"https:\/\/www.allthingsstone.com\/ca-fr\/product\/driwall-mortar-deflection-keene-building-products\/","og_locale":"en_US","og_type":"article","og_title":"Driwall\u2122 Mortar Deflection Keene\u2122 Building Products","og_description":"Le dispositif d\u2019\u00e9coulement Driwall\u2122 Mortar Deflection de Keene Building Products est con\u00e7u pour recueillir les bavures de mortier. Le dispositif d\u2019\u00e9coulement Driwall\u2122 Mortar Deflection peut \u00eatre utilis\u00e9 dans des projets commerciaux et r\u00e9sidentiels, et permet \u00e0 l\u2019humidit\u00e9 de traverser les murs creux en ma\u00e7onnerie et en pierre.","og_url":"https:\/\/www.allthingsstone.com\/ca-fr\/product\/driwall-mortar-deflection-keene-building-products\/","og_site_name":"CSI - Canadian Stone Industries FR","article_modified_time":"2020-04-30T21:47:49+00:00","og_image":[{"width":459,"height":339,"url":"https:\/\/www.allthingsstone.com\/ca-fr\/wp-content\/uploads\/sites\/12\/2020\/04\/Driwall\u2122-Mortar-Deflection-from-Keene\u2122-Building-Products.png","type":"image\/png"}],"twitter_card":"summary_large_image","twitter_misc":{"Est. reading time":"1 minute"},"schema":{"@context":"https:\/\/schema.org","@graph":[{"@type":"WebPage","@id":"https:\/\/www.allthingsstone.com\/ca-fr\/product\/driwall-mortar-deflection-keene-building-products\/","url":"https:\/\/www.allthingsstone.com\/ca-fr\/product\/driwall-mortar-deflection-keene-building-products\/","name":"Driwall\u2122 Mortar Deflection | CSI FR","isPartOf":{"@id":"https:\/\/www.allthingsstone.com\/ca-fr\/#website"},"datePublished":"2020-04-30T19:10:03+00:00","dateModified":"2020-04-30T21:47:49+00:00","description":"Le dispositif d\u2019\u00e9coulement Driwall\u2122 Mortar Deflection de Keene Building Products est con\u00e7u pour recueillir les bavures de mortier. Le dispositif d\u2019\u00e9coulement Driwall\u2122 Mortar Deflection peut \u00eatre utilis\u00e9 dans des projets commerciaux et r\u00e9sidentiels, et permet \u00e0 l\u2019humidit\u00e9 de traverser les murs creux en ma\u00e7onnerie et en pierre.","breadcrumb":{"@id":"https:\/\/www.allthingsstone.com\/ca-fr\/product\/driwall-mortar-deflection-keene-building-products\/#breadcrumb"},"inLanguage":"en-CA","potentialAction":[{"@type":"ReadAction","target":["https:\/\/www.allthingsstone.com\/ca-fr\/product\/driwall-mortar-deflection-keene-building-products\/"]}]},{"@type":"BreadcrumbList","@id":"https:\/\/www.allthingsstone.com\/ca-fr\/product\/driwall-mortar-deflection-keene-building-products\/#breadcrumb","itemListElement":[{"@type":"ListItem","position":1,"name":"Home","item":"https:\/\/www.allthingsstone.com\/ca-fr\/"},{"@type":"ListItem","position":2,"name":"Driwall\u2122 Mortar Deflection Keene\u2122 Building Products"}]},{"@type":"WebSite","@id":"https:\/\/www.allthingsstone.com\/ca-fr\/#website","url":"https:\/\/www.allthingsstone.com\/ca-fr\/","name":"CSI - Canadian Stone Industries FR","description":"","potentialAction":[{"@type":"SearchAction","target":{"@type":"EntryPoint","urlTemplate":"https:\/\/www.allthingsstone.com\/ca-fr\/?s={search_term_string}"},"query-input":"required name=search_term_string"}],"inLanguage":"en-CA"}]}},"_links":{"self":[{"href":"https:\/\/www.allthingsstone.com\/ca-fr\/wp-json\/wp\/v2\/product\/14960","targetHints":{"allow":["GET"]}}],"collection":[{"href":"https:\/\/www.allthingsstone.com\/ca-fr\/wp-json\/wp\/v2\/product"}],"about":[{"href":"https:\/\/www.allthingsstone.com\/ca-fr\/wp-json\/wp\/v2\/types\/product"}],"replies":[{"embeddable":true,"href":"https:\/\/www.allthingsstone.com\/ca-fr\/wp-json\/wp\/v2\/comments?post=14960"}],"wp:featuredmedia":[{"embeddable":true,"href":"https:\/\/www.allthingsstone.com\/ca-fr\/wp-json\/wp\/v2\/media\/14962"}],"wp:attachment":[{"href":"https:\/\/www.allthingsstone.com\/ca-fr\/wp-json\/wp\/v2\/media?parent=14960"}],"wp:term":[{"taxonomy":"product_cat","embeddable":true,"href":"https:\/\/www.allthingsstone.com\/ca-fr\/wp-json\/wp\/v2\/product_cat?post=14960"},{"taxonomy":"product_tag","embeddable":true,"href":"https:\/\/www.allthingsstone.com\/ca-fr\/wp-json\/wp\/v2\/product_tag?post=14960"}],"curies":[{"name":"wp","href":"https:\/\/api.w.org\/{rel}","templated":true}]}}