{"id":14085,"date":"2017-08-09T19:15:39","date_gmt":"2017-08-09T23:15:39","guid":{"rendered":"http:\/\/www.allthingsstone.com\/ca-fr\/product\/pierres-de-foyer-de-cultured-stone\/"},"modified":"2022-01-13T11:12:44","modified_gmt":"2022-01-13T16:12:44","slug":"pierres-de-foyer-de-cultured-stone","status":"publish","type":"product","link":"https:\/\/www.allthingsstone.com\/ca-fr\/product\/pierres-de-foyer-de-cultured-stone\/","title":{"rendered":"Hearthstones &#8211; Cultured Stone"},"content":{"rendered":"<div id=\"pl-14085\"  class=\"panel-layout\" ><div id=\"pg-14085-0\"  class=\"panel-grid panel-no-style\" ><div id=\"pgc-14085-0-0\"  class=\"panel-grid-cell\" ><div id=\"panel-14085-0-0-0\" class=\"so-panel widget widget_sow-editor panel-first-child\" data-index=\"0\" ><div\n\t\t\t\n\t\t\tclass=\"so-widget-sow-editor so-widget-sow-editor-base\"\n\t\t\t\n\t\t>\n<div class=\"siteorigin-widget-tinymce textwidget\">\n\t<p>Restent magnifiques, particuli\u00e8rement \u00e0 la lumi\u00e8re du feu. Donnez la touche de finition que vous recherchez \u00e0 votre projet. Cultured Stone<sup>\u00ae<\/sup> offre un mod\u00e8le de pierres de foyer assorti ou compl\u00e9mentaire pour toutes les couleurs et textures de placage de pierre usin\u00e9e ou de pierre naturelle.<\/p>\n<p>Remarque: les pierres de foyer ne conviennent pas \u00e0 la circulation pi\u00e9tonni\u00e8re. Alternativley, <a href=\"https:\/\/www.allthingsstone.com\/ca-fr\/product\/chaperons-de-mur-de-cultured-stone\/\">les\u00a0chaperon \u00e0 texture matte<\/a>\u00a0peuvent \u00eatre utilis\u00e9s comme foyers de chemin\u00e9e.<\/p>\n<\/div>\n<\/div><\/div><div id=\"panel-14085-0-0-1\" class=\"so-panel widget widget_sow-editor panel-last-child\" data-index=\"1\" ><div\n\t\t\t\n\t\t\tclass=\"so-widget-sow-editor so-widget-sow-editor-base\"\n\t\t\t\n\t\t>\n<div class=\"siteorigin-widget-tinymce textwidget\">\n\t<p>Pour trouver un d\u00e9taillant\u00a0pierres de foyer de Cultured Stone<sup>\u00ae<\/sup> dans votre r\u00e9gion cliquez sur <strong><a href=\"http:\/\/www.allthingsstone.com\/ca-fr\/ou-acheter\/\">O\u00f9 acheter<\/a><\/strong>.<\/p>\n<\/div>\n<\/div><\/div><\/div><\/div><\/div>","protected":false},"excerpt":{"rendered":"<p>Restent magnifiques, particuli\u00e8rement \u00e0 la lumi\u00e8re du feu. Donnez la touche de finition que vous recherchez \u00e0 votre projet. Cultured Stone\u00ae offre un mod\u00e8le de &hellip; <a href=\"https:\/\/www.allthingsstone.com\/ca-fr\/product\/pierres-de-foyer-de-cultured-stone\/\">Continued<\/a><\/p>\n","protected":false},"featured_media":7779,"comment_status":"open","ping_status":"closed","template":"","meta":{"inline_featured_image":false,"_mi_skip_tracking":false,"_exactmetrics_sitenote_active":false,"_exactmetrics_sitenote_note":"","_exactmetrics_sitenote_category":0},"product_cat":[6532],"product_tag":[6549],"class_list":["post-14085","product","type-product","status-publish","has-post-thumbnail","hentry","product_cat-accessoires-architecturaux","product_tag-cultured-transitions-fireplace-collection","brands-cultured-transitions-de-cultured-stone","single_resource-cultured-stone-resouces"],"acf":[],"yoast_head":"<!-- This site is optimized with the Yoast SEO Premium plugin v21.6 (Yoast SEO v21.6) - https:\/\/yoast.com\/wordpress\/plugins\/seo\/ -->\n<title>Pierres de foyer de Cultured Stone\u00ae | CSI All Things Stone CAN-FR<\/title>\n<meta name=\"description\" content=\"Restent magnifiques, particuli\u00e8rement \u00e0 la lumi\u00e8re du feu. Donnez la touche de finition que vous recherchez \u00e0 votre projet. Cultured Stone\u00ae offre un mod\u00e8le de pierres de foyer assorti ou compl\u00e9mentaire pour toutes les couleurs et textures de placage de pierre usin\u00e9e ou de pierre naturelle.\" \/>\n<meta name=\"robots\" content=\"index, follow, max-snippet:-1, max-image-preview:large, max-video-preview:-1\" \/>\n<link rel=\"canonical\" href=\"https:\/\/www.allthingsstone.com\/ca-fr\/product\/pierres-de-foyer-de-cultured-stone\/\" \/>\n<meta property=\"og:locale\" content=\"en_US\" \/>\n<meta property=\"og:type\" content=\"article\" \/>\n<meta property=\"og:title\" content=\"Hearthstones - Cultured Stone\" \/>\n<meta property=\"og:description\" content=\"Restent magnifiques, particuli\u00e8rement \u00e0 la lumi\u00e8re du feu. Donnez la touche de finition que vous recherchez \u00e0 votre projet. Cultured Stone\u00ae offre un mod\u00e8le de pierres de foyer assorti ou compl\u00e9mentaire pour toutes les couleurs et textures de placage de pierre usin\u00e9e ou de pierre naturelle.\" \/>\n<meta property=\"og:url\" content=\"https:\/\/www.allthingsstone.com\/ca-fr\/product\/pierres-de-foyer-de-cultured-stone\/\" \/>\n<meta property=\"og:site_name\" content=\"CSI - Canadian Stone Industries FR\" \/>\n<meta property=\"article:modified_time\" content=\"2022-01-13T16:12:44+00:00\" \/>\n<meta property=\"og:image\" content=\"https:\/\/www.allthingsstone.com\/ca-fr\/wp-content\/uploads\/sites\/12\/2017\/08\/Cultured-Transitions-Hearthstone.png\" \/>\n\t<meta property=\"og:image:width\" content=\"459\" \/>\n\t<meta property=\"og:image:height\" content=\"339\" \/>\n\t<meta property=\"og:image:type\" content=\"image\/png\" \/>\n<meta name=\"twitter:card\" content=\"summary_large_image\" \/>\n<meta name=\"twitter:label1\" content=\"Est. reading time\" \/>\n\t<meta name=\"twitter:data1\" content=\"1 minute\" \/>\n<script type=\"application\/ld+json\" class=\"yoast-schema-graph\">{\"@context\":\"https:\/\/schema.org\",\"@graph\":[{\"@type\":\"WebPage\",\"@id\":\"https:\/\/www.allthingsstone.com\/ca-fr\/product\/pierres-de-foyer-de-cultured-stone\/\",\"url\":\"https:\/\/www.allthingsstone.com\/ca-fr\/product\/pierres-de-foyer-de-cultured-stone\/\",\"name\":\"Pierres de foyer de Cultured Stone\u00ae | CSI All Things Stone CAN-FR\",\"isPartOf\":{\"@id\":\"https:\/\/www.allthingsstone.com\/ca-fr\/#website\"},\"datePublished\":\"2017-08-09T23:15:39+00:00\",\"dateModified\":\"2022-01-13T16:12:44+00:00\",\"description\":\"Restent magnifiques, particuli\u00e8rement \u00e0 la lumi\u00e8re du feu. Donnez la touche de finition que vous recherchez \u00e0 votre projet. Cultured Stone\u00ae offre un mod\u00e8le de pierres de foyer assorti ou compl\u00e9mentaire pour toutes les couleurs et textures de placage de pierre usin\u00e9e ou de pierre naturelle.\",\"breadcrumb\":{\"@id\":\"https:\/\/www.allthingsstone.com\/ca-fr\/product\/pierres-de-foyer-de-cultured-stone\/#breadcrumb\"},\"inLanguage\":\"en-CA\",\"potentialAction\":[{\"@type\":\"ReadAction\",\"target\":[\"https:\/\/www.allthingsstone.com\/ca-fr\/product\/pierres-de-foyer-de-cultured-stone\/\"]}]},{\"@type\":\"BreadcrumbList\",\"@id\":\"https:\/\/www.allthingsstone.com\/ca-fr\/product\/pierres-de-foyer-de-cultured-stone\/#breadcrumb\",\"itemListElement\":[{\"@type\":\"ListItem\",\"position\":1,\"name\":\"Home\",\"item\":\"https:\/\/www.allthingsstone.com\/ca-fr\/\"},{\"@type\":\"ListItem\",\"position\":2,\"name\":\"Hearthstones &#8211; Cultured Stone\"}]},{\"@type\":\"WebSite\",\"@id\":\"https:\/\/www.allthingsstone.com\/ca-fr\/#website\",\"url\":\"https:\/\/www.allthingsstone.com\/ca-fr\/\",\"name\":\"CSI - Canadian Stone Industries FR\",\"description\":\"\",\"potentialAction\":[{\"@type\":\"SearchAction\",\"target\":{\"@type\":\"EntryPoint\",\"urlTemplate\":\"https:\/\/www.allthingsstone.com\/ca-fr\/?s={search_term_string}\"},\"query-input\":\"required name=search_term_string\"}],\"inLanguage\":\"en-CA\"}]}<\/script>\n<!-- \/ Yoast SEO Premium plugin. -->","yoast_head_json":{"title":"Pierres de foyer de Cultured Stone\u00ae | CSI All Things Stone CAN-FR","description":"Restent magnifiques, particuli\u00e8rement \u00e0 la lumi\u00e8re du feu. Donnez la touche de finition que vous recherchez \u00e0 votre projet. Cultured Stone\u00ae offre un mod\u00e8le de pierres de foyer assorti ou compl\u00e9mentaire pour toutes les couleurs et textures de placage de pierre usin\u00e9e ou de pierre naturelle.","robots":{"index":"index","follow":"follow","max-snippet":"max-snippet:-1","max-image-preview":"max-image-preview:large","max-video-preview":"max-video-preview:-1"},"canonical":"https:\/\/www.allthingsstone.com\/ca-fr\/product\/pierres-de-foyer-de-cultured-stone\/","og_locale":"en_US","og_type":"article","og_title":"Hearthstones - Cultured Stone","og_description":"Restent magnifiques, particuli\u00e8rement \u00e0 la lumi\u00e8re du feu. Donnez la touche de finition que vous recherchez \u00e0 votre projet. Cultured Stone\u00ae offre un mod\u00e8le de pierres de foyer assorti ou compl\u00e9mentaire pour toutes les couleurs et textures de placage de pierre usin\u00e9e ou de pierre naturelle.","og_url":"https:\/\/www.allthingsstone.com\/ca-fr\/product\/pierres-de-foyer-de-cultured-stone\/","og_site_name":"CSI - Canadian Stone Industries FR","article_modified_time":"2022-01-13T16:12:44+00:00","og_image":[{"width":459,"height":339,"url":"https:\/\/www.allthingsstone.com\/ca-fr\/wp-content\/uploads\/sites\/12\/2017\/08\/Cultured-Transitions-Hearthstone.png","type":"image\/png"}],"twitter_card":"summary_large_image","twitter_misc":{"Est. reading time":"1 minute"},"schema":{"@context":"https:\/\/schema.org","@graph":[{"@type":"WebPage","@id":"https:\/\/www.allthingsstone.com\/ca-fr\/product\/pierres-de-foyer-de-cultured-stone\/","url":"https:\/\/www.allthingsstone.com\/ca-fr\/product\/pierres-de-foyer-de-cultured-stone\/","name":"Pierres de foyer de Cultured Stone\u00ae | CSI All Things Stone CAN-FR","isPartOf":{"@id":"https:\/\/www.allthingsstone.com\/ca-fr\/#website"},"datePublished":"2017-08-09T23:15:39+00:00","dateModified":"2022-01-13T16:12:44+00:00","description":"Restent magnifiques, particuli\u00e8rement \u00e0 la lumi\u00e8re du feu. Donnez la touche de finition que vous recherchez \u00e0 votre projet. Cultured Stone\u00ae offre un mod\u00e8le de pierres de foyer assorti ou compl\u00e9mentaire pour toutes les couleurs et textures de placage de pierre usin\u00e9e ou de pierre naturelle.","breadcrumb":{"@id":"https:\/\/www.allthingsstone.com\/ca-fr\/product\/pierres-de-foyer-de-cultured-stone\/#breadcrumb"},"inLanguage":"en-CA","potentialAction":[{"@type":"ReadAction","target":["https:\/\/www.allthingsstone.com\/ca-fr\/product\/pierres-de-foyer-de-cultured-stone\/"]}]},{"@type":"BreadcrumbList","@id":"https:\/\/www.allthingsstone.com\/ca-fr\/product\/pierres-de-foyer-de-cultured-stone\/#breadcrumb","itemListElement":[{"@type":"ListItem","position":1,"name":"Home","item":"https:\/\/www.allthingsstone.com\/ca-fr\/"},{"@type":"ListItem","position":2,"name":"Hearthstones &#8211; Cultured Stone"}]},{"@type":"WebSite","@id":"https:\/\/www.allthingsstone.com\/ca-fr\/#website","url":"https:\/\/www.allthingsstone.com\/ca-fr\/","name":"CSI - Canadian Stone Industries FR","description":"","potentialAction":[{"@type":"SearchAction","target":{"@type":"EntryPoint","urlTemplate":"https:\/\/www.allthingsstone.com\/ca-fr\/?s={search_term_string}"},"query-input":"required name=search_term_string"}],"inLanguage":"en-CA"}]}},"_links":{"self":[{"href":"https:\/\/www.allthingsstone.com\/ca-fr\/wp-json\/wp\/v2\/product\/14085","targetHints":{"allow":["GET"]}}],"collection":[{"href":"https:\/\/www.allthingsstone.com\/ca-fr\/wp-json\/wp\/v2\/product"}],"about":[{"href":"https:\/\/www.allthingsstone.com\/ca-fr\/wp-json\/wp\/v2\/types\/product"}],"replies":[{"embeddable":true,"href":"https:\/\/www.allthingsstone.com\/ca-fr\/wp-json\/wp\/v2\/comments?post=14085"}],"wp:featuredmedia":[{"embeddable":true,"href":"https:\/\/www.allthingsstone.com\/ca-fr\/wp-json\/wp\/v2\/media\/7779"}],"wp:attachment":[{"href":"https:\/\/www.allthingsstone.com\/ca-fr\/wp-json\/wp\/v2\/media?parent=14085"}],"wp:term":[{"taxonomy":"product_cat","embeddable":true,"href":"https:\/\/www.allthingsstone.com\/ca-fr\/wp-json\/wp\/v2\/product_cat?post=14085"},{"taxonomy":"product_tag","embeddable":true,"href":"https:\/\/www.allthingsstone.com\/ca-fr\/wp-json\/wp\/v2\/product_tag?post=14085"}],"curies":[{"name":"wp","href":"https:\/\/api.w.org\/{rel}","templated":true}]}}