{"id":14081,"date":"2017-08-09T19:42:02","date_gmt":"2017-08-09T23:42:02","guid":{"rendered":"http:\/\/www.allthingsstone.com\/ca-fr\/product\/coral-stone-cultured-stone\/"},"modified":"2026-01-29T13:05:44","modified_gmt":"2026-01-29T18:05:44","slug":"coral-stone-cultured-stone","status":"publish","type":"product","link":"https:\/\/www.allthingsstone.com\/ca-fr\/product\/coral-stone-cultured-stone\/","title":{"rendered":"Coral Stone &#8211; Cultured Stone"},"content":{"rendered":"<div id=\"pl-14081\"  class=\"panel-layout\" ><div id=\"pg-14081-0\"  class=\"panel-grid panel-no-style\" ><div id=\"pgc-14081-0-0\"  class=\"panel-grid-cell\" ><div id=\"panel-14081-0-0-0\" class=\"so-panel widget widget_sow-editor panel-first-child\" data-index=\"0\" ><div\n\t\t\t\n\t\t\tclass=\"so-widget-sow-editor so-widget-sow-editor-base\"\n\t\t\t\n\t\t>\n<div class=\"siteorigin-widget-tinymce textwidget\">\n\t<p>Les motifs fossilis\u00e9s d\u00e9licats et les caract\u00e9ristiques de surface uniques de la pierre de la gamme Coral Stone de Cultured Stone<sup>\u00ae<\/sup> s'harmonisent parfaitement avec l'architecture et le design contemporains. Elle peut \u00eatre install\u00e9e comme une pierre de taille al\u00e9atoire ou selon un motif r\u00e9p\u00e9titif.<\/p>\n<\/div>\n<\/div><\/div><div id=\"panel-14081-0-0-1\" class=\"so-panel widget widget_sow-editor panel-last-child\" data-index=\"1\" ><div\n\t\t\t\n\t\t\tclass=\"so-widget-sow-editor so-widget-sow-editor-base\"\n\t\t\t\n\t\t>\n<div class=\"siteorigin-widget-tinymce textwidget\">\n\t<p>Cliquez sur\u00a0<strong><a href=\"https:\/\/www.allthingsstone.com\/ca-fr\/ou-acheter\/\">O\u00f9 acheter\u00a0<\/a><\/strong>pour trouver un d\u00e9taillant Coral Stone\u00a0de Cultured Stone<sup>\u00ae<\/sup>\u00a0au Qu\u00e9bec.<\/p>\n<\/div>\n<\/div><\/div><\/div><\/div><\/div>","protected":false},"excerpt":{"rendered":"<p>Les motifs fossilis\u00e9s d\u00e9licats et les caract\u00e9ristiques de surface uniques de la pierre de la gamme Coral Stone de Cultured Stone\u00ae s&#8217;harmonisent parfaitement avec l&#8217;architecture &hellip; <a href=\"https:\/\/www.allthingsstone.com\/ca-fr\/product\/coral-stone-cultured-stone\/\">Continued<\/a><\/p>\n","protected":false},"featured_media":21250,"comment_status":"open","ping_status":"closed","template":"","meta":{"inline_featured_image":false,"_mi_skip_tracking":false,"_exactmetrics_sitenote_active":false,"_exactmetrics_sitenote_note":"","_exactmetrics_sitenote_category":0},"product_cat":[6537],"product_tag":[6573],"class_list":["post-14081","product","type-product","status-publish","has-post-thumbnail","hentry","product_cat-placage-de-pierre-usinee","product_tag-cultured-stone-collection"],"acf":[],"yoast_head":"<!-- This site is optimized with the Yoast SEO Premium plugin v21.6 (Yoast SEO v21.6) - https:\/\/yoast.com\/wordpress\/plugins\/seo\/ -->\n<title>Coral Stone Cultured Stone\u00ae | CSI FR<\/title>\n<meta name=\"description\" content=\"Les motifs fossilis\u00e9s d\u00e9licats et les caract\u00e9ristiques de surface uniques de la pierre de la gamme Coral Stone de Cultured Stone\u00ae s&#039;harmonisent parfaitement avec l&#039;architecture et le design contemporains. Elle peut \u00eatre install\u00e9e comme une pierre de taille al\u00e9atoire ou selon un motif r\u00e9p\u00e9titif.\" \/>\n<meta name=\"robots\" content=\"index, follow, max-snippet:-1, max-image-preview:large, max-video-preview:-1\" \/>\n<link rel=\"canonical\" href=\"https:\/\/www.allthingsstone.com\/ca-fr\/product\/coral-stone-cultured-stone\/\" \/>\n<meta property=\"og:locale\" content=\"en_US\" \/>\n<meta property=\"og:type\" content=\"article\" \/>\n<meta property=\"og:title\" content=\"Coral Stone - Cultured Stone\" \/>\n<meta property=\"og:description\" content=\"Les motifs fossilis\u00e9s d\u00e9licats et les caract\u00e9ristiques de surface uniques de la pierre de la gamme Coral Stone de Cultured Stone\u00ae s&#039;harmonisent parfaitement avec l&#039;architecture et le design contemporains. Elle peut \u00eatre install\u00e9e comme une pierre de taille al\u00e9atoire ou selon un motif r\u00e9p\u00e9titif.\" \/>\n<meta property=\"og:url\" content=\"https:\/\/www.allthingsstone.com\/ca-fr\/product\/coral-stone-cultured-stone\/\" \/>\n<meta property=\"og:site_name\" content=\"CSI - Canadian Stone Industries FR\" \/>\n<meta property=\"article:modified_time\" content=\"2026-01-29T18:05:44+00:00\" \/>\n<meta property=\"og:image\" content=\"https:\/\/www.allthingsstone.com\/ca-fr\/wp-content\/uploads\/sites\/12\/2017\/08\/Cultured-Stone-Coral-Stone.png\" \/>\n\t<meta property=\"og:image:width\" content=\"459\" \/>\n\t<meta property=\"og:image:height\" content=\"339\" \/>\n\t<meta property=\"og:image:type\" content=\"image\/png\" \/>\n<meta name=\"twitter:card\" content=\"summary_large_image\" \/>\n<meta name=\"twitter:label1\" content=\"Est. reading time\" \/>\n\t<meta name=\"twitter:data1\" content=\"1 minute\" \/>\n<script type=\"application\/ld+json\" class=\"yoast-schema-graph\">{\"@context\":\"https:\/\/schema.org\",\"@graph\":[{\"@type\":\"WebPage\",\"@id\":\"https:\/\/www.allthingsstone.com\/ca-fr\/product\/coral-stone-cultured-stone\/\",\"url\":\"https:\/\/www.allthingsstone.com\/ca-fr\/product\/coral-stone-cultured-stone\/\",\"name\":\"Coral Stone Cultured Stone\u00ae | CSI FR\",\"isPartOf\":{\"@id\":\"https:\/\/www.allthingsstone.com\/ca-fr\/#website\"},\"datePublished\":\"2017-08-09T23:42:02+00:00\",\"dateModified\":\"2026-01-29T18:05:44+00:00\",\"description\":\"Les motifs fossilis\u00e9s d\u00e9licats et les caract\u00e9ristiques de surface uniques de la pierre de la gamme Coral Stone de Cultured Stone\u00ae s'harmonisent parfaitement avec l'architecture et le design contemporains. Elle peut \u00eatre install\u00e9e comme une pierre de taille al\u00e9atoire ou selon un motif r\u00e9p\u00e9titif.\",\"breadcrumb\":{\"@id\":\"https:\/\/www.allthingsstone.com\/ca-fr\/product\/coral-stone-cultured-stone\/#breadcrumb\"},\"inLanguage\":\"en-CA\",\"potentialAction\":[{\"@type\":\"ReadAction\",\"target\":[\"https:\/\/www.allthingsstone.com\/ca-fr\/product\/coral-stone-cultured-stone\/\"]}]},{\"@type\":\"BreadcrumbList\",\"@id\":\"https:\/\/www.allthingsstone.com\/ca-fr\/product\/coral-stone-cultured-stone\/#breadcrumb\",\"itemListElement\":[{\"@type\":\"ListItem\",\"position\":1,\"name\":\"Home\",\"item\":\"https:\/\/www.allthingsstone.com\/ca-fr\/\"},{\"@type\":\"ListItem\",\"position\":2,\"name\":\"Coral Stone &#8211; Cultured Stone\"}]},{\"@type\":\"WebSite\",\"@id\":\"https:\/\/www.allthingsstone.com\/ca-fr\/#website\",\"url\":\"https:\/\/www.allthingsstone.com\/ca-fr\/\",\"name\":\"CSI - Canadian Stone Industries FR\",\"description\":\"\",\"potentialAction\":[{\"@type\":\"SearchAction\",\"target\":{\"@type\":\"EntryPoint\",\"urlTemplate\":\"https:\/\/www.allthingsstone.com\/ca-fr\/?s={search_term_string}\"},\"query-input\":\"required name=search_term_string\"}],\"inLanguage\":\"en-CA\"}]}<\/script>\n<!-- \/ Yoast SEO Premium plugin. -->","yoast_head_json":{"title":"Coral Stone Cultured Stone\u00ae | CSI FR","description":"Les motifs fossilis\u00e9s d\u00e9licats et les caract\u00e9ristiques de surface uniques de la pierre de la gamme Coral Stone de Cultured Stone\u00ae s'harmonisent parfaitement avec l'architecture et le design contemporains. Elle peut \u00eatre install\u00e9e comme une pierre de taille al\u00e9atoire ou selon un motif r\u00e9p\u00e9titif.","robots":{"index":"index","follow":"follow","max-snippet":"max-snippet:-1","max-image-preview":"max-image-preview:large","max-video-preview":"max-video-preview:-1"},"canonical":"https:\/\/www.allthingsstone.com\/ca-fr\/product\/coral-stone-cultured-stone\/","og_locale":"en_US","og_type":"article","og_title":"Coral Stone - Cultured Stone","og_description":"Les motifs fossilis\u00e9s d\u00e9licats et les caract\u00e9ristiques de surface uniques de la pierre de la gamme Coral Stone de Cultured Stone\u00ae s'harmonisent parfaitement avec l'architecture et le design contemporains. Elle peut \u00eatre install\u00e9e comme une pierre de taille al\u00e9atoire ou selon un motif r\u00e9p\u00e9titif.","og_url":"https:\/\/www.allthingsstone.com\/ca-fr\/product\/coral-stone-cultured-stone\/","og_site_name":"CSI - Canadian Stone Industries FR","article_modified_time":"2026-01-29T18:05:44+00:00","og_image":[{"width":459,"height":339,"url":"https:\/\/www.allthingsstone.com\/ca-fr\/wp-content\/uploads\/sites\/12\/2017\/08\/Cultured-Stone-Coral-Stone.png","type":"image\/png"}],"twitter_card":"summary_large_image","twitter_misc":{"Est. reading time":"1 minute"},"schema":{"@context":"https:\/\/schema.org","@graph":[{"@type":"WebPage","@id":"https:\/\/www.allthingsstone.com\/ca-fr\/product\/coral-stone-cultured-stone\/","url":"https:\/\/www.allthingsstone.com\/ca-fr\/product\/coral-stone-cultured-stone\/","name":"Coral Stone Cultured Stone\u00ae | CSI FR","isPartOf":{"@id":"https:\/\/www.allthingsstone.com\/ca-fr\/#website"},"datePublished":"2017-08-09T23:42:02+00:00","dateModified":"2026-01-29T18:05:44+00:00","description":"Les motifs fossilis\u00e9s d\u00e9licats et les caract\u00e9ristiques de surface uniques de la pierre de la gamme Coral Stone de Cultured Stone\u00ae s'harmonisent parfaitement avec l'architecture et le design contemporains. Elle peut \u00eatre install\u00e9e comme une pierre de taille al\u00e9atoire ou selon un motif r\u00e9p\u00e9titif.","breadcrumb":{"@id":"https:\/\/www.allthingsstone.com\/ca-fr\/product\/coral-stone-cultured-stone\/#breadcrumb"},"inLanguage":"en-CA","potentialAction":[{"@type":"ReadAction","target":["https:\/\/www.allthingsstone.com\/ca-fr\/product\/coral-stone-cultured-stone\/"]}]},{"@type":"BreadcrumbList","@id":"https:\/\/www.allthingsstone.com\/ca-fr\/product\/coral-stone-cultured-stone\/#breadcrumb","itemListElement":[{"@type":"ListItem","position":1,"name":"Home","item":"https:\/\/www.allthingsstone.com\/ca-fr\/"},{"@type":"ListItem","position":2,"name":"Coral Stone &#8211; Cultured Stone"}]},{"@type":"WebSite","@id":"https:\/\/www.allthingsstone.com\/ca-fr\/#website","url":"https:\/\/www.allthingsstone.com\/ca-fr\/","name":"CSI - Canadian Stone Industries FR","description":"","potentialAction":[{"@type":"SearchAction","target":{"@type":"EntryPoint","urlTemplate":"https:\/\/www.allthingsstone.com\/ca-fr\/?s={search_term_string}"},"query-input":"required name=search_term_string"}],"inLanguage":"en-CA"}]}},"_links":{"self":[{"href":"https:\/\/www.allthingsstone.com\/ca-fr\/wp-json\/wp\/v2\/product\/14081","targetHints":{"allow":["GET"]}}],"collection":[{"href":"https:\/\/www.allthingsstone.com\/ca-fr\/wp-json\/wp\/v2\/product"}],"about":[{"href":"https:\/\/www.allthingsstone.com\/ca-fr\/wp-json\/wp\/v2\/types\/product"}],"replies":[{"embeddable":true,"href":"https:\/\/www.allthingsstone.com\/ca-fr\/wp-json\/wp\/v2\/comments?post=14081"}],"wp:featuredmedia":[{"embeddable":true,"href":"https:\/\/www.allthingsstone.com\/ca-fr\/wp-json\/wp\/v2\/media\/21250"}],"wp:attachment":[{"href":"https:\/\/www.allthingsstone.com\/ca-fr\/wp-json\/wp\/v2\/media?parent=14081"}],"wp:term":[{"taxonomy":"product_cat","embeddable":true,"href":"https:\/\/www.allthingsstone.com\/ca-fr\/wp-json\/wp\/v2\/product_cat?post=14081"},{"taxonomy":"product_tag","embeddable":true,"href":"https:\/\/www.allthingsstone.com\/ca-fr\/wp-json\/wp\/v2\/product_tag?post=14081"}],"curies":[{"name":"wp","href":"https:\/\/api.w.org\/{rel}","templated":true}]}}