{"id":14072,"date":"2017-08-09T20:30:18","date_gmt":"2017-08-10T00:30:18","guid":{"rendered":"http:\/\/www.allthingsstone.com\/ca-fr\/product\/pro-fit-alpine-ledgestone-cultured-stone\/"},"modified":"2020-10-08T15:33:09","modified_gmt":"2020-10-08T19:33:09","slug":"pro-fit-alpine-ledgestone-cultured-stone","status":"publish","type":"product","link":"https:\/\/www.allthingsstone.com\/ca-fr\/product\/pro-fit-alpine-ledgestone-cultured-stone\/","title":{"rendered":"Pro-Fit\u00ae Alpine Ledgestone &#8211; Cultured Stone"},"content":{"rendered":"<div id=\"pl-14072\"  class=\"panel-layout\" ><div id=\"pg-14072-0\"  class=\"panel-grid panel-no-style\" ><div id=\"pgc-14072-0-0\"  class=\"panel-grid-cell\" ><div id=\"panel-14072-0-0-0\" class=\"so-panel widget widget_sow-editor panel-first-child\" data-index=\"0\" ><div\n\t\t\t\n\t\t\tclass=\"so-widget-sow-editor so-widget-sow-editor-base\"\n\t\t\t\n\t\t>\n<div class=\"siteorigin-widget-tinymce textwidget\">\n\t<p>La s\u00e9rie Pro-Fit<sup>\u00ae<\/sup> Alpine Ledgestone de Cultured Stone<sup>\u00ae<\/sup> donne un aspect rustique, parfait pour l'int\u00e9rieur ou l'ext\u00e9rieur. Cette pierre pr\u00e9cise et robuste permet la cr\u00e9ation de couleurs et d'ombres pour une vari\u00e9t\u00e9 de conceptions d\u2019allures diff\u00e9rentes.<\/p>\n<p>Les produits Pro-Fit<sup>\u00ae<\/sup> de Cultured Stone<sup>\u00ae<\/sup> offrent un moyen pratique d'obtenir l\u2019allure d\u2019une pierre de rebord sur mesure avec des pierres de petite taille et \u00e0 faible relief. Ils sont rapides et faciles \u00e0 installer parce qu'ils ne sont pas appliqu\u00e9s une pierre \u00e0 la fois. Ce sont plut\u00f4t des blocs de construction primaires faits de petites pierres m\u00e9ticuleusement regroup\u00e9es pour former des composants modulaires de m\u00eame hauteur. Les produits Pro-Fit<sup>\u00ae<\/sup> sont \u00e9galement dot\u00e9s de la rainure de mortier d'embo\u00eetement brevet\u00e9 de la gamme Cultured Stone<sup>\u00ae<\/sup> pour une adh\u00e9rence s\u00fbre sans joints coul\u00e9s.<\/p>\n<\/div>\n<\/div><\/div><div id=\"panel-14072-0-0-1\" class=\"so-panel widget widget_sow-editor panel-last-child\" data-index=\"1\" ><div\n\t\t\t\n\t\t\tclass=\"so-widget-sow-editor so-widget-sow-editor-base\"\n\t\t\t\n\t\t>\n<div class=\"siteorigin-widget-tinymce textwidget\">\n\t<p>Cliquez sur\u00a0<strong><a href=\"https:\/\/www.allthingsstone.com\/ca-fr\/ou-acheter\/\">O\u00f9 acheter\u00a0<\/a><\/strong>pour trouver un d\u00e9taillant Cultured Stone<sup>\u00ae<\/sup>\u00a0au Qu\u00e9bec.<\/p>\n<\/div>\n<\/div><\/div><\/div><\/div><\/div>","protected":false},"excerpt":{"rendered":"<p>La s\u00e9rie Pro-Fit\u00ae Alpine Ledgestone de Cultured Stone\u00ae donne un aspect rustique, parfait pour l&#8217;int\u00e9rieur ou l&#8217;ext\u00e9rieur. Cette pierre pr\u00e9cise et robuste permet la cr\u00e9ation &hellip; <a href=\"https:\/\/www.allthingsstone.com\/ca-fr\/product\/pro-fit-alpine-ledgestone-cultured-stone\/\">Continued<\/a><\/p>\n","protected":false},"featured_media":14855,"comment_status":"open","ping_status":"closed","template":"","meta":{"inline_featured_image":false,"_mi_skip_tracking":false,"_exactmetrics_sitenote_active":false,"_exactmetrics_sitenote_note":"","_exactmetrics_sitenote_category":0},"product_cat":[6537],"product_tag":[6573],"class_list":["post-14072","product","type-product","status-publish","has-post-thumbnail","hentry","product_cat-placage-de-pierre-usinee","product_tag-cultured-stone-collection","brands-cultured-stone","single_resource-cultured-stone-resouces"],"acf":[],"yoast_head":"<!-- This site is optimized with the Yoast SEO Premium plugin v21.6 (Yoast SEO v21.6) - https:\/\/yoast.com\/wordpress\/plugins\/seo\/ -->\n<title>Pro-Fit\u00ae Alpine Ledgestone de Cultured Stone\u00ae | CSI FR<\/title>\n<meta name=\"description\" content=\"La s\u00e9rie Pro-Fit\u00ae Alpine Ledgestone de Cultured Stone\u00ae donne un aspect rustique, parfait pour l&#039;int\u00e9rieur ou l&#039;ext\u00e9rieur. Cette pierre pr\u00e9cise et robuste permet la cr\u00e9ation de couleurs et d&#039;ombres pour une vari\u00e9t\u00e9 de conceptions d\u2019allures diff\u00e9rentes.\" \/>\n<meta name=\"robots\" content=\"index, follow, max-snippet:-1, max-image-preview:large, max-video-preview:-1\" \/>\n<link rel=\"canonical\" href=\"https:\/\/www.allthingsstone.com\/ca-fr\/product\/pro-fit-alpine-ledgestone-cultured-stone\/\" \/>\n<meta property=\"og:locale\" content=\"en_US\" \/>\n<meta property=\"og:type\" content=\"article\" \/>\n<meta property=\"og:title\" content=\"Pro-Fit\u00ae Alpine Ledgestone - Cultured Stone\" \/>\n<meta property=\"og:description\" content=\"La s\u00e9rie Pro-Fit\u00ae Alpine Ledgestone de Cultured Stone\u00ae donne un aspect rustique, parfait pour l&#039;int\u00e9rieur ou l&#039;ext\u00e9rieur. Cette pierre pr\u00e9cise et robuste permet la cr\u00e9ation de couleurs et d&#039;ombres pour une vari\u00e9t\u00e9 de conceptions d\u2019allures diff\u00e9rentes.\" \/>\n<meta property=\"og:url\" content=\"https:\/\/www.allthingsstone.com\/ca-fr\/product\/pro-fit-alpine-ledgestone-cultured-stone\/\" \/>\n<meta property=\"og:site_name\" content=\"CSI - Canadian Stone Industries FR\" \/>\n<meta property=\"article:modified_time\" content=\"2020-10-08T19:33:09+00:00\" \/>\n<meta property=\"og:image\" content=\"https:\/\/www.allthingsstone.com\/ca-fr\/wp-content\/uploads\/sites\/12\/2017\/08\/Cultured-Stone-Pro-Fit-Alpine-Ledgestone-1.jpg\" \/>\n\t<meta property=\"og:image:width\" content=\"459\" \/>\n\t<meta property=\"og:image:height\" content=\"339\" \/>\n\t<meta property=\"og:image:type\" content=\"image\/jpeg\" \/>\n<meta name=\"twitter:card\" content=\"summary_large_image\" \/>\n<meta name=\"twitter:label1\" content=\"Est. reading time\" \/>\n\t<meta name=\"twitter:data1\" content=\"1 minute\" \/>\n<script type=\"application\/ld+json\" class=\"yoast-schema-graph\">{\"@context\":\"https:\/\/schema.org\",\"@graph\":[{\"@type\":\"WebPage\",\"@id\":\"https:\/\/www.allthingsstone.com\/ca-fr\/product\/pro-fit-alpine-ledgestone-cultured-stone\/\",\"url\":\"https:\/\/www.allthingsstone.com\/ca-fr\/product\/pro-fit-alpine-ledgestone-cultured-stone\/\",\"name\":\"Pro-Fit\u00ae Alpine Ledgestone de Cultured Stone\u00ae | CSI FR\",\"isPartOf\":{\"@id\":\"https:\/\/www.allthingsstone.com\/ca-fr\/#website\"},\"datePublished\":\"2017-08-10T00:30:18+00:00\",\"dateModified\":\"2020-10-08T19:33:09+00:00\",\"description\":\"La s\u00e9rie Pro-Fit\u00ae Alpine Ledgestone de Cultured Stone\u00ae donne un aspect rustique, parfait pour l'int\u00e9rieur ou l'ext\u00e9rieur. Cette pierre pr\u00e9cise et robuste permet la cr\u00e9ation de couleurs et d'ombres pour une vari\u00e9t\u00e9 de conceptions d\u2019allures diff\u00e9rentes.\",\"breadcrumb\":{\"@id\":\"https:\/\/www.allthingsstone.com\/ca-fr\/product\/pro-fit-alpine-ledgestone-cultured-stone\/#breadcrumb\"},\"inLanguage\":\"en-CA\",\"potentialAction\":[{\"@type\":\"ReadAction\",\"target\":[\"https:\/\/www.allthingsstone.com\/ca-fr\/product\/pro-fit-alpine-ledgestone-cultured-stone\/\"]}]},{\"@type\":\"BreadcrumbList\",\"@id\":\"https:\/\/www.allthingsstone.com\/ca-fr\/product\/pro-fit-alpine-ledgestone-cultured-stone\/#breadcrumb\",\"itemListElement\":[{\"@type\":\"ListItem\",\"position\":1,\"name\":\"Home\",\"item\":\"https:\/\/www.allthingsstone.com\/ca-fr\/\"},{\"@type\":\"ListItem\",\"position\":2,\"name\":\"Pro-Fit\u00ae Alpine Ledgestone &#8211; Cultured Stone\"}]},{\"@type\":\"WebSite\",\"@id\":\"https:\/\/www.allthingsstone.com\/ca-fr\/#website\",\"url\":\"https:\/\/www.allthingsstone.com\/ca-fr\/\",\"name\":\"CSI - Canadian Stone Industries FR\",\"description\":\"\",\"potentialAction\":[{\"@type\":\"SearchAction\",\"target\":{\"@type\":\"EntryPoint\",\"urlTemplate\":\"https:\/\/www.allthingsstone.com\/ca-fr\/?s={search_term_string}\"},\"query-input\":\"required name=search_term_string\"}],\"inLanguage\":\"en-CA\"}]}<\/script>\n<!-- \/ Yoast SEO Premium plugin. -->","yoast_head_json":{"title":"Pro-Fit\u00ae Alpine Ledgestone de Cultured Stone\u00ae | CSI FR","description":"La s\u00e9rie Pro-Fit\u00ae Alpine Ledgestone de Cultured Stone\u00ae donne un aspect rustique, parfait pour l'int\u00e9rieur ou l'ext\u00e9rieur. Cette pierre pr\u00e9cise et robuste permet la cr\u00e9ation de couleurs et d'ombres pour une vari\u00e9t\u00e9 de conceptions d\u2019allures diff\u00e9rentes.","robots":{"index":"index","follow":"follow","max-snippet":"max-snippet:-1","max-image-preview":"max-image-preview:large","max-video-preview":"max-video-preview:-1"},"canonical":"https:\/\/www.allthingsstone.com\/ca-fr\/product\/pro-fit-alpine-ledgestone-cultured-stone\/","og_locale":"en_US","og_type":"article","og_title":"Pro-Fit\u00ae Alpine Ledgestone - Cultured Stone","og_description":"La s\u00e9rie Pro-Fit\u00ae Alpine Ledgestone de Cultured Stone\u00ae donne un aspect rustique, parfait pour l'int\u00e9rieur ou l'ext\u00e9rieur. Cette pierre pr\u00e9cise et robuste permet la cr\u00e9ation de couleurs et d'ombres pour une vari\u00e9t\u00e9 de conceptions d\u2019allures diff\u00e9rentes.","og_url":"https:\/\/www.allthingsstone.com\/ca-fr\/product\/pro-fit-alpine-ledgestone-cultured-stone\/","og_site_name":"CSI - Canadian Stone Industries FR","article_modified_time":"2020-10-08T19:33:09+00:00","og_image":[{"width":459,"height":339,"url":"https:\/\/www.allthingsstone.com\/ca-fr\/wp-content\/uploads\/sites\/12\/2017\/08\/Cultured-Stone-Pro-Fit-Alpine-Ledgestone-1.jpg","type":"image\/jpeg"}],"twitter_card":"summary_large_image","twitter_misc":{"Est. reading time":"1 minute"},"schema":{"@context":"https:\/\/schema.org","@graph":[{"@type":"WebPage","@id":"https:\/\/www.allthingsstone.com\/ca-fr\/product\/pro-fit-alpine-ledgestone-cultured-stone\/","url":"https:\/\/www.allthingsstone.com\/ca-fr\/product\/pro-fit-alpine-ledgestone-cultured-stone\/","name":"Pro-Fit\u00ae Alpine Ledgestone de Cultured Stone\u00ae | CSI FR","isPartOf":{"@id":"https:\/\/www.allthingsstone.com\/ca-fr\/#website"},"datePublished":"2017-08-10T00:30:18+00:00","dateModified":"2020-10-08T19:33:09+00:00","description":"La s\u00e9rie Pro-Fit\u00ae Alpine Ledgestone de Cultured Stone\u00ae donne un aspect rustique, parfait pour l'int\u00e9rieur ou l'ext\u00e9rieur. Cette pierre pr\u00e9cise et robuste permet la cr\u00e9ation de couleurs et d'ombres pour une vari\u00e9t\u00e9 de conceptions d\u2019allures diff\u00e9rentes.","breadcrumb":{"@id":"https:\/\/www.allthingsstone.com\/ca-fr\/product\/pro-fit-alpine-ledgestone-cultured-stone\/#breadcrumb"},"inLanguage":"en-CA","potentialAction":[{"@type":"ReadAction","target":["https:\/\/www.allthingsstone.com\/ca-fr\/product\/pro-fit-alpine-ledgestone-cultured-stone\/"]}]},{"@type":"BreadcrumbList","@id":"https:\/\/www.allthingsstone.com\/ca-fr\/product\/pro-fit-alpine-ledgestone-cultured-stone\/#breadcrumb","itemListElement":[{"@type":"ListItem","position":1,"name":"Home","item":"https:\/\/www.allthingsstone.com\/ca-fr\/"},{"@type":"ListItem","position":2,"name":"Pro-Fit\u00ae Alpine Ledgestone &#8211; Cultured Stone"}]},{"@type":"WebSite","@id":"https:\/\/www.allthingsstone.com\/ca-fr\/#website","url":"https:\/\/www.allthingsstone.com\/ca-fr\/","name":"CSI - Canadian Stone Industries FR","description":"","potentialAction":[{"@type":"SearchAction","target":{"@type":"EntryPoint","urlTemplate":"https:\/\/www.allthingsstone.com\/ca-fr\/?s={search_term_string}"},"query-input":"required name=search_term_string"}],"inLanguage":"en-CA"}]}},"_links":{"self":[{"href":"https:\/\/www.allthingsstone.com\/ca-fr\/wp-json\/wp\/v2\/product\/14072","targetHints":{"allow":["GET"]}}],"collection":[{"href":"https:\/\/www.allthingsstone.com\/ca-fr\/wp-json\/wp\/v2\/product"}],"about":[{"href":"https:\/\/www.allthingsstone.com\/ca-fr\/wp-json\/wp\/v2\/types\/product"}],"replies":[{"embeddable":true,"href":"https:\/\/www.allthingsstone.com\/ca-fr\/wp-json\/wp\/v2\/comments?post=14072"}],"wp:featuredmedia":[{"embeddable":true,"href":"https:\/\/www.allthingsstone.com\/ca-fr\/wp-json\/wp\/v2\/media\/14855"}],"wp:attachment":[{"href":"https:\/\/www.allthingsstone.com\/ca-fr\/wp-json\/wp\/v2\/media?parent=14072"}],"wp:term":[{"taxonomy":"product_cat","embeddable":true,"href":"https:\/\/www.allthingsstone.com\/ca-fr\/wp-json\/wp\/v2\/product_cat?post=14072"},{"taxonomy":"product_tag","embeddable":true,"href":"https:\/\/www.allthingsstone.com\/ca-fr\/wp-json\/wp\/v2\/product_tag?post=14072"}],"curies":[{"name":"wp","href":"https:\/\/api.w.org\/{rel}","templated":true}]}}