{"id":14070,"date":"2017-08-09T20:33:46","date_gmt":"2017-08-10T00:33:46","guid":{"rendered":"http:\/\/www.allthingsstone.com\/ca-fr\/product\/pro-fit-modera-ledgestone-cultured-stone\/"},"modified":"2020-10-08T15:35:07","modified_gmt":"2020-10-08T19:35:07","slug":"pro-fit-modera-ledgestone-cultured-stone","status":"publish","type":"product","link":"https:\/\/www.allthingsstone.com\/ca-fr\/product\/pro-fit-modera-ledgestone-cultured-stone\/","title":{"rendered":"Pro-Fit\u00ae Modera\u2122 Ledgestone &#8211; Cultured Stone"},"content":{"rendered":"<div id=\"pl-14070\"  class=\"panel-layout\" ><div id=\"pg-14070-0\"  class=\"panel-grid panel-no-style\" ><div id=\"pgc-14070-0-0\"  class=\"panel-grid-cell\" ><div id=\"panel-14070-0-0-0\" class=\"so-panel widget widget_sow-editor panel-first-child\" data-index=\"0\" ><div\n\t\t\t\n\t\t\tclass=\"so-widget-sow-editor so-widget-sow-editor-base\"\n\t\t\t\n\t\t>\n<div class=\"siteorigin-widget-tinymce textwidget\">\n\t<p>Pro-Fit<sup>\u00ae<\/sup> Modera\u2122\u00a0Ledgestone de Cultured Stone<sup>\u00ae\u00a0<\/sup>qui offre un moyen pratique d'obtenir l\u2019allure d\u2019une pierre de rebord sur mesure avec des pierres \u00e0 petite \u00e9chelle et \u00e0 faible relief.\u00a0 Les lignes \u00e9pur\u00e9es de cette texture moderne, associ\u00e9es \u00e0 ses diff\u00e9rentes profondeurs, cr\u00e9ent une esth\u00e9tique tridimensionnelle saisissante, qui projette des ombres dramatiques sur la face de chaque pierre.<\/p>\n<p>Les produits Pro-Fit<sup>\u00ae<\/sup>\u00a0Modera\u2122\u00a0Ledgestone de\u00a0Cultured Stone<sup>\u00ae<\/sup>\u00a0offrent un moyen pratique d'obtenir l\u2019allure d\u2019une pierre de rebord sur mesure avec des pierres de petite taille et \u00e0 faible relief. Ils sont rapides et faciles \u00e0 installer parce qu'ils ne sont pas appliqu\u00e9s une pierre \u00e0 la fois. Ce sont plut\u00f4t des blocs de construction primaires faits de petites pierres m\u00e9ticuleusement regroup\u00e9es pour former des composants modulaires de m\u00eame hauteur. Les produits Pro-Fit<sup>\u00ae<\/sup> sont \u00e9galement dot\u00e9s de la rainure de mortier d'embo\u00eetement brevet\u00e9 de la gamme Cultured Stone<sup>\u00ae<\/sup> pour une adh\u00e9rence s\u00fbre sans joints coul\u00e9s.<\/p>\n<\/div>\n<\/div><\/div><div id=\"panel-14070-0-0-1\" class=\"so-panel widget widget_sow-editor panel-last-child\" data-index=\"1\" ><div\n\t\t\t\n\t\t\tclass=\"so-widget-sow-editor so-widget-sow-editor-base\"\n\t\t\t\n\t\t>\n<div class=\"siteorigin-widget-tinymce textwidget\">\n\t<p>Cliquez sur\u00a0<strong><a href=\"https:\/\/www.allthingsstone.com\/ca-fr\/ou-acheter\/\">O\u00f9 acheter\u00a0<\/a><\/strong>pour trouver un d\u00e9taillant Cultured Stone<sup>\u00ae<\/sup>\u00a0au Qu\u00e9bec.<\/p>\n<\/div>\n<\/div><\/div><\/div><\/div><\/div>","protected":false},"excerpt":{"rendered":"<p>Pro-Fit\u00ae Modera\u2122\u00a0Ledgestone de Cultured Stone\u00ae\u00a0qui offre un moyen pratique d&#8217;obtenir l\u2019allure d\u2019une pierre de rebord sur mesure avec des pierres \u00e0 petite \u00e9chelle et \u00e0 &hellip; <a href=\"https:\/\/www.allthingsstone.com\/ca-fr\/product\/pro-fit-modera-ledgestone-cultured-stone\/\">Continued<\/a><\/p>\n","protected":false},"featured_media":14857,"comment_status":"open","ping_status":"closed","template":"","meta":{"inline_featured_image":false,"_mi_skip_tracking":false,"_exactmetrics_sitenote_active":false,"_exactmetrics_sitenote_note":"","_exactmetrics_sitenote_category":0},"product_cat":[6537],"product_tag":[6573],"class_list":["post-14070","product","type-product","status-publish","has-post-thumbnail","hentry","product_cat-placage-de-pierre-usinee","product_tag-cultured-stone-collection","brands-cultured-stone","single_resource-cultured-stone-resouces"],"acf":[],"yoast_head":"<!-- This site is optimized with the Yoast SEO Premium plugin v21.6 (Yoast SEO v21.6) - https:\/\/yoast.com\/wordpress\/plugins\/seo\/ -->\n<title>Pro-Fit\u00ae Modera\u2122 Ledgestone de Cultured Stone\u00ae | CSI FR<\/title>\n<meta name=\"description\" content=\"Pro-Fit\u00ae Modera\u2122 Ledgestone de Cultured Stone\u00ae qui offre un moyen pratique d&#039;obtenir l\u2019allure d\u2019une pierre de rebord sur mesure avec des pierres \u00e0 petite \u00e9chelle et \u00e0 faible relief.\" \/>\n<meta name=\"robots\" content=\"index, follow, max-snippet:-1, max-image-preview:large, max-video-preview:-1\" \/>\n<link rel=\"canonical\" href=\"https:\/\/www.allthingsstone.com\/ca-fr\/product\/pro-fit-modera-ledgestone-cultured-stone\/\" \/>\n<meta property=\"og:locale\" content=\"en_US\" \/>\n<meta property=\"og:type\" content=\"article\" \/>\n<meta property=\"og:title\" content=\"Pro-Fit\u00ae Modera\u2122 Ledgestone - Cultured Stone\" \/>\n<meta property=\"og:description\" content=\"Pro-Fit\u00ae Modera\u2122 Ledgestone de Cultured Stone\u00ae qui offre un moyen pratique d&#039;obtenir l\u2019allure d\u2019une pierre de rebord sur mesure avec des pierres \u00e0 petite \u00e9chelle et \u00e0 faible relief.\" \/>\n<meta property=\"og:url\" content=\"https:\/\/www.allthingsstone.com\/ca-fr\/product\/pro-fit-modera-ledgestone-cultured-stone\/\" \/>\n<meta property=\"og:site_name\" content=\"CSI - Canadian Stone Industries FR\" \/>\n<meta property=\"article:modified_time\" content=\"2020-10-08T19:35:07+00:00\" \/>\n<meta property=\"og:image\" content=\"https:\/\/www.allthingsstone.com\/ca-fr\/wp-content\/uploads\/sites\/12\/2017\/08\/Cultured-Stone-Pro-Fit-Modera-Ledgestone.jpg\" \/>\n\t<meta property=\"og:image:width\" content=\"459\" \/>\n\t<meta property=\"og:image:height\" content=\"339\" \/>\n\t<meta property=\"og:image:type\" content=\"image\/jpeg\" \/>\n<meta name=\"twitter:card\" content=\"summary_large_image\" \/>\n<meta name=\"twitter:label1\" content=\"Est. reading time\" \/>\n\t<meta name=\"twitter:data1\" content=\"1 minute\" \/>\n<script type=\"application\/ld+json\" class=\"yoast-schema-graph\">{\"@context\":\"https:\/\/schema.org\",\"@graph\":[{\"@type\":\"WebPage\",\"@id\":\"https:\/\/www.allthingsstone.com\/ca-fr\/product\/pro-fit-modera-ledgestone-cultured-stone\/\",\"url\":\"https:\/\/www.allthingsstone.com\/ca-fr\/product\/pro-fit-modera-ledgestone-cultured-stone\/\",\"name\":\"Pro-Fit\u00ae Modera\u2122 Ledgestone de Cultured Stone\u00ae | CSI FR\",\"isPartOf\":{\"@id\":\"https:\/\/www.allthingsstone.com\/ca-fr\/#website\"},\"datePublished\":\"2017-08-10T00:33:46+00:00\",\"dateModified\":\"2020-10-08T19:35:07+00:00\",\"description\":\"Pro-Fit\u00ae Modera\u2122 Ledgestone de Cultured Stone\u00ae qui offre un moyen pratique d'obtenir l\u2019allure d\u2019une pierre de rebord sur mesure avec des pierres \u00e0 petite \u00e9chelle et \u00e0 faible relief.\",\"breadcrumb\":{\"@id\":\"https:\/\/www.allthingsstone.com\/ca-fr\/product\/pro-fit-modera-ledgestone-cultured-stone\/#breadcrumb\"},\"inLanguage\":\"en-CA\",\"potentialAction\":[{\"@type\":\"ReadAction\",\"target\":[\"https:\/\/www.allthingsstone.com\/ca-fr\/product\/pro-fit-modera-ledgestone-cultured-stone\/\"]}]},{\"@type\":\"BreadcrumbList\",\"@id\":\"https:\/\/www.allthingsstone.com\/ca-fr\/product\/pro-fit-modera-ledgestone-cultured-stone\/#breadcrumb\",\"itemListElement\":[{\"@type\":\"ListItem\",\"position\":1,\"name\":\"Home\",\"item\":\"https:\/\/www.allthingsstone.com\/ca-fr\/\"},{\"@type\":\"ListItem\",\"position\":2,\"name\":\"Pro-Fit\u00ae Modera\u2122 Ledgestone &#8211; Cultured Stone\"}]},{\"@type\":\"WebSite\",\"@id\":\"https:\/\/www.allthingsstone.com\/ca-fr\/#website\",\"url\":\"https:\/\/www.allthingsstone.com\/ca-fr\/\",\"name\":\"CSI - Canadian Stone Industries FR\",\"description\":\"\",\"potentialAction\":[{\"@type\":\"SearchAction\",\"target\":{\"@type\":\"EntryPoint\",\"urlTemplate\":\"https:\/\/www.allthingsstone.com\/ca-fr\/?s={search_term_string}\"},\"query-input\":\"required name=search_term_string\"}],\"inLanguage\":\"en-CA\"}]}<\/script>\n<!-- \/ Yoast SEO Premium plugin. -->","yoast_head_json":{"title":"Pro-Fit\u00ae Modera\u2122 Ledgestone de Cultured Stone\u00ae | CSI FR","description":"Pro-Fit\u00ae Modera\u2122 Ledgestone de Cultured Stone\u00ae qui offre un moyen pratique d'obtenir l\u2019allure d\u2019une pierre de rebord sur mesure avec des pierres \u00e0 petite \u00e9chelle et \u00e0 faible relief.","robots":{"index":"index","follow":"follow","max-snippet":"max-snippet:-1","max-image-preview":"max-image-preview:large","max-video-preview":"max-video-preview:-1"},"canonical":"https:\/\/www.allthingsstone.com\/ca-fr\/product\/pro-fit-modera-ledgestone-cultured-stone\/","og_locale":"en_US","og_type":"article","og_title":"Pro-Fit\u00ae Modera\u2122 Ledgestone - Cultured Stone","og_description":"Pro-Fit\u00ae Modera\u2122 Ledgestone de Cultured Stone\u00ae qui offre un moyen pratique d'obtenir l\u2019allure d\u2019une pierre de rebord sur mesure avec des pierres \u00e0 petite \u00e9chelle et \u00e0 faible relief.","og_url":"https:\/\/www.allthingsstone.com\/ca-fr\/product\/pro-fit-modera-ledgestone-cultured-stone\/","og_site_name":"CSI - Canadian Stone Industries FR","article_modified_time":"2020-10-08T19:35:07+00:00","og_image":[{"width":459,"height":339,"url":"https:\/\/www.allthingsstone.com\/ca-fr\/wp-content\/uploads\/sites\/12\/2017\/08\/Cultured-Stone-Pro-Fit-Modera-Ledgestone.jpg","type":"image\/jpeg"}],"twitter_card":"summary_large_image","twitter_misc":{"Est. reading time":"1 minute"},"schema":{"@context":"https:\/\/schema.org","@graph":[{"@type":"WebPage","@id":"https:\/\/www.allthingsstone.com\/ca-fr\/product\/pro-fit-modera-ledgestone-cultured-stone\/","url":"https:\/\/www.allthingsstone.com\/ca-fr\/product\/pro-fit-modera-ledgestone-cultured-stone\/","name":"Pro-Fit\u00ae Modera\u2122 Ledgestone de Cultured Stone\u00ae | CSI FR","isPartOf":{"@id":"https:\/\/www.allthingsstone.com\/ca-fr\/#website"},"datePublished":"2017-08-10T00:33:46+00:00","dateModified":"2020-10-08T19:35:07+00:00","description":"Pro-Fit\u00ae Modera\u2122 Ledgestone de Cultured Stone\u00ae qui offre un moyen pratique d'obtenir l\u2019allure d\u2019une pierre de rebord sur mesure avec des pierres \u00e0 petite \u00e9chelle et \u00e0 faible relief.","breadcrumb":{"@id":"https:\/\/www.allthingsstone.com\/ca-fr\/product\/pro-fit-modera-ledgestone-cultured-stone\/#breadcrumb"},"inLanguage":"en-CA","potentialAction":[{"@type":"ReadAction","target":["https:\/\/www.allthingsstone.com\/ca-fr\/product\/pro-fit-modera-ledgestone-cultured-stone\/"]}]},{"@type":"BreadcrumbList","@id":"https:\/\/www.allthingsstone.com\/ca-fr\/product\/pro-fit-modera-ledgestone-cultured-stone\/#breadcrumb","itemListElement":[{"@type":"ListItem","position":1,"name":"Home","item":"https:\/\/www.allthingsstone.com\/ca-fr\/"},{"@type":"ListItem","position":2,"name":"Pro-Fit\u00ae Modera\u2122 Ledgestone &#8211; Cultured Stone"}]},{"@type":"WebSite","@id":"https:\/\/www.allthingsstone.com\/ca-fr\/#website","url":"https:\/\/www.allthingsstone.com\/ca-fr\/","name":"CSI - Canadian Stone Industries FR","description":"","potentialAction":[{"@type":"SearchAction","target":{"@type":"EntryPoint","urlTemplate":"https:\/\/www.allthingsstone.com\/ca-fr\/?s={search_term_string}"},"query-input":"required name=search_term_string"}],"inLanguage":"en-CA"}]}},"_links":{"self":[{"href":"https:\/\/www.allthingsstone.com\/ca-fr\/wp-json\/wp\/v2\/product\/14070","targetHints":{"allow":["GET"]}}],"collection":[{"href":"https:\/\/www.allthingsstone.com\/ca-fr\/wp-json\/wp\/v2\/product"}],"about":[{"href":"https:\/\/www.allthingsstone.com\/ca-fr\/wp-json\/wp\/v2\/types\/product"}],"replies":[{"embeddable":true,"href":"https:\/\/www.allthingsstone.com\/ca-fr\/wp-json\/wp\/v2\/comments?post=14070"}],"wp:featuredmedia":[{"embeddable":true,"href":"https:\/\/www.allthingsstone.com\/ca-fr\/wp-json\/wp\/v2\/media\/14857"}],"wp:attachment":[{"href":"https:\/\/www.allthingsstone.com\/ca-fr\/wp-json\/wp\/v2\/media?parent=14070"}],"wp:term":[{"taxonomy":"product_cat","embeddable":true,"href":"https:\/\/www.allthingsstone.com\/ca-fr\/wp-json\/wp\/v2\/product_cat?post=14070"},{"taxonomy":"product_tag","embeddable":true,"href":"https:\/\/www.allthingsstone.com\/ca-fr\/wp-json\/wp\/v2\/product_tag?post=14070"}],"curies":[{"name":"wp","href":"https:\/\/api.w.org\/{rel}","templated":true}]}}