{"id":14067,"date":"2017-08-09T20:37:50","date_gmt":"2017-08-10T00:37:50","guid":{"rendered":"http:\/\/www.allthingsstone.com\/ca-fr\/product\/southern-ledgestone-cultured-stone\/"},"modified":"2021-12-21T15:54:27","modified_gmt":"2021-12-21T20:54:27","slug":"southern-ledgestone-cultured-stone","status":"publish","type":"product","link":"https:\/\/www.allthingsstone.com\/ca-fr\/product\/southern-ledgestone-cultured-stone\/","title":{"rendered":"Southern Ledgestone &#8211; Cultured Stone"},"content":{"rendered":"<div id=\"pl-14067\"  class=\"panel-layout\" ><div id=\"pg-14067-0\"  class=\"panel-grid panel-no-style\" ><div id=\"pgc-14067-0-0\"  class=\"panel-grid-cell\" ><div id=\"panel-14067-0-0-0\" class=\"so-panel widget widget_sow-editor panel-first-child\" data-index=\"0\" ><div\n\t\t\t\n\t\t\tclass=\"so-widget-sow-editor so-widget-sow-editor-base\"\n\t\t\t\n\t\t>\n<div class=\"siteorigin-widget-tinymce textwidget\">\n\t<p>La s\u00e9rie Southern Ledgestone de Cultured Stone<sup>\u00ae<\/sup> offre un attrait robuste et informel avec sa texture rugueuse et son irr\u00e9gularit\u00e9 prononc\u00e9e. Bien ajust\u00e9e ou au fini avec mortier, la s\u00e9rie Southern Ledgestone peut \u00eatre utilis\u00e9e pour r\u00e9aliser diverses finitions originales.<\/p>\n<\/div>\n<\/div><\/div><div id=\"panel-14067-0-0-1\" class=\"so-panel widget widget_sow-editor panel-last-child\" data-index=\"1\" ><div\n\t\t\t\n\t\t\tclass=\"so-widget-sow-editor so-widget-sow-editor-base\"\n\t\t\t\n\t\t>\n<div class=\"siteorigin-widget-tinymce textwidget\">\n\t<p>Cliquez sur\u00a0<strong><a href=\"https:\/\/www.allthingsstone.com\/ca-fr\/ou-acheter\/\">O\u00f9 acheter\u00a0<\/a><\/strong>pour trouver un d\u00e9taillant Cultured Stone<sup>\u00ae<\/sup>\u00a0au Qu\u00e9bec.<\/p>\n<\/div>\n<\/div><\/div><\/div><\/div><\/div>","protected":false},"excerpt":{"rendered":"<p>La s\u00e9rie Southern Ledgestone de Cultured Stone\u00ae offre un attrait robuste et informel avec sa texture rugueuse et son irr\u00e9gularit\u00e9 prononc\u00e9e. Bien ajust\u00e9e ou au &hellip; <a href=\"https:\/\/www.allthingsstone.com\/ca-fr\/product\/southern-ledgestone-cultured-stone\/\">Continued<\/a><\/p>\n","protected":false},"featured_media":7715,"comment_status":"open","ping_status":"closed","template":"","meta":{"inline_featured_image":false,"_mi_skip_tracking":false,"_exactmetrics_sitenote_active":false,"_exactmetrics_sitenote_note":"","_exactmetrics_sitenote_category":0},"product_cat":[6537],"product_tag":[6573],"class_list":["post-14067","product","type-product","status-publish","has-post-thumbnail","hentry","product_cat-placage-de-pierre-usinee","product_tag-cultured-stone-collection","brands-cultured-stone","single_resource-cultured-stone-resouces"],"acf":[],"yoast_head":"<!-- This site is optimized with the Yoast SEO Premium plugin v21.6 (Yoast SEO v21.6) - https:\/\/yoast.com\/wordpress\/plugins\/seo\/ -->\n<title>Southern Ledgestone de Cultured Stone\u00ae | CSI FR<\/title>\n<meta name=\"description\" content=\"La s\u00e9rie Southern Ledgestone de Cultured Stone\u00ae offre un attrait robuste et informel avec sa texture rugueuse et son irr\u00e9gularit\u00e9 prononc\u00e9e. Bien ajust\u00e9e ou au fini avec mortier, la s\u00e9rie Southern Ledgestone peut \u00eatre utilis\u00e9e pour r\u00e9aliser diverses finitions originales.\" \/>\n<meta name=\"robots\" content=\"index, follow, max-snippet:-1, max-image-preview:large, max-video-preview:-1\" \/>\n<link rel=\"canonical\" href=\"https:\/\/www.allthingsstone.com\/ca-fr\/product\/southern-ledgestone-cultured-stone\/\" \/>\n<meta property=\"og:locale\" content=\"en_US\" \/>\n<meta property=\"og:type\" content=\"article\" \/>\n<meta property=\"og:title\" content=\"Southern Ledgestone - Cultured Stone\" \/>\n<meta property=\"og:description\" content=\"La s\u00e9rie Southern Ledgestone de Cultured Stone\u00ae offre un attrait robuste et informel avec sa texture rugueuse et son irr\u00e9gularit\u00e9 prononc\u00e9e. Bien ajust\u00e9e ou au fini avec mortier, la s\u00e9rie Southern Ledgestone peut \u00eatre utilis\u00e9e pour r\u00e9aliser diverses finitions originales.\" \/>\n<meta property=\"og:url\" content=\"https:\/\/www.allthingsstone.com\/ca-fr\/product\/southern-ledgestone-cultured-stone\/\" \/>\n<meta property=\"og:site_name\" content=\"CSI - Canadian Stone Industries FR\" \/>\n<meta property=\"article:modified_time\" content=\"2021-12-21T20:54:27+00:00\" \/>\n<meta property=\"og:image\" content=\"https:\/\/www.allthingsstone.com\/ca-fr\/wp-content\/uploads\/sites\/12\/2017\/08\/Cultured-Stone-Southern-Ledgestone.jpg\" \/>\n\t<meta property=\"og:image:width\" content=\"459\" \/>\n\t<meta property=\"og:image:height\" content=\"339\" \/>\n\t<meta property=\"og:image:type\" content=\"image\/jpeg\" \/>\n<meta name=\"twitter:card\" content=\"summary_large_image\" \/>\n<meta name=\"twitter:label1\" content=\"Est. reading time\" \/>\n\t<meta name=\"twitter:data1\" content=\"1 minute\" \/>\n<script type=\"application\/ld+json\" class=\"yoast-schema-graph\">{\"@context\":\"https:\/\/schema.org\",\"@graph\":[{\"@type\":\"WebPage\",\"@id\":\"https:\/\/www.allthingsstone.com\/ca-fr\/product\/southern-ledgestone-cultured-stone\/\",\"url\":\"https:\/\/www.allthingsstone.com\/ca-fr\/product\/southern-ledgestone-cultured-stone\/\",\"name\":\"Southern Ledgestone de Cultured Stone\u00ae | CSI FR\",\"isPartOf\":{\"@id\":\"https:\/\/www.allthingsstone.com\/ca-fr\/#website\"},\"datePublished\":\"2017-08-10T00:37:50+00:00\",\"dateModified\":\"2021-12-21T20:54:27+00:00\",\"description\":\"La s\u00e9rie Southern Ledgestone de Cultured Stone\u00ae offre un attrait robuste et informel avec sa texture rugueuse et son irr\u00e9gularit\u00e9 prononc\u00e9e. Bien ajust\u00e9e ou au fini avec mortier, la s\u00e9rie Southern Ledgestone peut \u00eatre utilis\u00e9e pour r\u00e9aliser diverses finitions originales.\",\"breadcrumb\":{\"@id\":\"https:\/\/www.allthingsstone.com\/ca-fr\/product\/southern-ledgestone-cultured-stone\/#breadcrumb\"},\"inLanguage\":\"en-CA\",\"potentialAction\":[{\"@type\":\"ReadAction\",\"target\":[\"https:\/\/www.allthingsstone.com\/ca-fr\/product\/southern-ledgestone-cultured-stone\/\"]}]},{\"@type\":\"BreadcrumbList\",\"@id\":\"https:\/\/www.allthingsstone.com\/ca-fr\/product\/southern-ledgestone-cultured-stone\/#breadcrumb\",\"itemListElement\":[{\"@type\":\"ListItem\",\"position\":1,\"name\":\"Home\",\"item\":\"https:\/\/www.allthingsstone.com\/ca-fr\/\"},{\"@type\":\"ListItem\",\"position\":2,\"name\":\"Southern Ledgestone &#8211; Cultured Stone\"}]},{\"@type\":\"WebSite\",\"@id\":\"https:\/\/www.allthingsstone.com\/ca-fr\/#website\",\"url\":\"https:\/\/www.allthingsstone.com\/ca-fr\/\",\"name\":\"CSI - Canadian Stone Industries FR\",\"description\":\"\",\"potentialAction\":[{\"@type\":\"SearchAction\",\"target\":{\"@type\":\"EntryPoint\",\"urlTemplate\":\"https:\/\/www.allthingsstone.com\/ca-fr\/?s={search_term_string}\"},\"query-input\":\"required name=search_term_string\"}],\"inLanguage\":\"en-CA\"}]}<\/script>\n<!-- \/ Yoast SEO Premium plugin. -->","yoast_head_json":{"title":"Southern Ledgestone de Cultured Stone\u00ae | CSI FR","description":"La s\u00e9rie Southern Ledgestone de Cultured Stone\u00ae offre un attrait robuste et informel avec sa texture rugueuse et son irr\u00e9gularit\u00e9 prononc\u00e9e. Bien ajust\u00e9e ou au fini avec mortier, la s\u00e9rie Southern Ledgestone peut \u00eatre utilis\u00e9e pour r\u00e9aliser diverses finitions originales.","robots":{"index":"index","follow":"follow","max-snippet":"max-snippet:-1","max-image-preview":"max-image-preview:large","max-video-preview":"max-video-preview:-1"},"canonical":"https:\/\/www.allthingsstone.com\/ca-fr\/product\/southern-ledgestone-cultured-stone\/","og_locale":"en_US","og_type":"article","og_title":"Southern Ledgestone - Cultured Stone","og_description":"La s\u00e9rie Southern Ledgestone de Cultured Stone\u00ae offre un attrait robuste et informel avec sa texture rugueuse et son irr\u00e9gularit\u00e9 prononc\u00e9e. Bien ajust\u00e9e ou au fini avec mortier, la s\u00e9rie Southern Ledgestone peut \u00eatre utilis\u00e9e pour r\u00e9aliser diverses finitions originales.","og_url":"https:\/\/www.allthingsstone.com\/ca-fr\/product\/southern-ledgestone-cultured-stone\/","og_site_name":"CSI - Canadian Stone Industries FR","article_modified_time":"2021-12-21T20:54:27+00:00","og_image":[{"width":459,"height":339,"url":"https:\/\/www.allthingsstone.com\/ca-fr\/wp-content\/uploads\/sites\/12\/2017\/08\/Cultured-Stone-Southern-Ledgestone.jpg","type":"image\/jpeg"}],"twitter_card":"summary_large_image","twitter_misc":{"Est. reading time":"1 minute"},"schema":{"@context":"https:\/\/schema.org","@graph":[{"@type":"WebPage","@id":"https:\/\/www.allthingsstone.com\/ca-fr\/product\/southern-ledgestone-cultured-stone\/","url":"https:\/\/www.allthingsstone.com\/ca-fr\/product\/southern-ledgestone-cultured-stone\/","name":"Southern Ledgestone de Cultured Stone\u00ae | CSI FR","isPartOf":{"@id":"https:\/\/www.allthingsstone.com\/ca-fr\/#website"},"datePublished":"2017-08-10T00:37:50+00:00","dateModified":"2021-12-21T20:54:27+00:00","description":"La s\u00e9rie Southern Ledgestone de Cultured Stone\u00ae offre un attrait robuste et informel avec sa texture rugueuse et son irr\u00e9gularit\u00e9 prononc\u00e9e. Bien ajust\u00e9e ou au fini avec mortier, la s\u00e9rie Southern Ledgestone peut \u00eatre utilis\u00e9e pour r\u00e9aliser diverses finitions originales.","breadcrumb":{"@id":"https:\/\/www.allthingsstone.com\/ca-fr\/product\/southern-ledgestone-cultured-stone\/#breadcrumb"},"inLanguage":"en-CA","potentialAction":[{"@type":"ReadAction","target":["https:\/\/www.allthingsstone.com\/ca-fr\/product\/southern-ledgestone-cultured-stone\/"]}]},{"@type":"BreadcrumbList","@id":"https:\/\/www.allthingsstone.com\/ca-fr\/product\/southern-ledgestone-cultured-stone\/#breadcrumb","itemListElement":[{"@type":"ListItem","position":1,"name":"Home","item":"https:\/\/www.allthingsstone.com\/ca-fr\/"},{"@type":"ListItem","position":2,"name":"Southern Ledgestone &#8211; Cultured Stone"}]},{"@type":"WebSite","@id":"https:\/\/www.allthingsstone.com\/ca-fr\/#website","url":"https:\/\/www.allthingsstone.com\/ca-fr\/","name":"CSI - Canadian Stone Industries FR","description":"","potentialAction":[{"@type":"SearchAction","target":{"@type":"EntryPoint","urlTemplate":"https:\/\/www.allthingsstone.com\/ca-fr\/?s={search_term_string}"},"query-input":"required name=search_term_string"}],"inLanguage":"en-CA"}]}},"_links":{"self":[{"href":"https:\/\/www.allthingsstone.com\/ca-fr\/wp-json\/wp\/v2\/product\/14067","targetHints":{"allow":["GET"]}}],"collection":[{"href":"https:\/\/www.allthingsstone.com\/ca-fr\/wp-json\/wp\/v2\/product"}],"about":[{"href":"https:\/\/www.allthingsstone.com\/ca-fr\/wp-json\/wp\/v2\/types\/product"}],"replies":[{"embeddable":true,"href":"https:\/\/www.allthingsstone.com\/ca-fr\/wp-json\/wp\/v2\/comments?post=14067"}],"wp:featuredmedia":[{"embeddable":true,"href":"https:\/\/www.allthingsstone.com\/ca-fr\/wp-json\/wp\/v2\/media\/7715"}],"wp:attachment":[{"href":"https:\/\/www.allthingsstone.com\/ca-fr\/wp-json\/wp\/v2\/media?parent=14067"}],"wp:term":[{"taxonomy":"product_cat","embeddable":true,"href":"https:\/\/www.allthingsstone.com\/ca-fr\/wp-json\/wp\/v2\/product_cat?post=14067"},{"taxonomy":"product_tag","embeddable":true,"href":"https:\/\/www.allthingsstone.com\/ca-fr\/wp-json\/wp\/v2\/product_tag?post=14067"}],"curies":[{"name":"wp","href":"https:\/\/api.w.org\/{rel}","templated":true}]}}