{"id":14058,"date":"2017-08-09T22:05:15","date_gmt":"2017-08-10T02:05:15","guid":{"rendered":"http:\/\/www.allthingsstone.com\/ca-fr\/product\/fieldstone-pangaea-natural-stone\/"},"modified":"2024-07-18T15:17:41","modified_gmt":"2024-07-18T19:17:41","slug":"fieldstone-pangaea-natural-stone","status":"publish","type":"product","link":"https:\/\/www.allthingsstone.com\/ca-fr\/product\/fieldstone-pangaea-natural-stone\/","title":{"rendered":"Fieldstone &#8211; Pangaea Natural Stone"},"content":{"rendered":"<div id=\"pl-14058\"  class=\"panel-layout\" ><div id=\"pg-14058-0\"  class=\"panel-grid panel-no-style\" ><div id=\"pgc-14058-0-0\"  class=\"panel-grid-cell\" ><div id=\"panel-14058-0-0-0\" class=\"so-panel widget widget_sow-editor panel-first-child panel-last-child\" data-index=\"0\" ><div\n\t\t\t\n\t\t\tclass=\"so-widget-sow-editor so-widget-sow-editor-base\"\n\t\t\t\n\t\t>\n<div class=\"siteorigin-widget-tinymce textwidget\">\n\t<p>Fieldstone de Pangaea\u00ae Natural Stone est un choix favori qui fait \u00e9cho \u00e0 des si\u00e8cles de tradition de la ma\u00e7onnerie. Son style ind\u00e9modable reste d\u2019actualit\u00e9, avec sa face \u00e9clat\u00e9e naturelle et son fini patin\u00e9 qui procure un caract\u00e8re ind\u00e9niable \u00e0 toute conception. C\u2019est l\u2019addition parfaite pour les personnes qui recherchent une \u00e9l\u00e9gance intemporelle rehauss\u00e9e d\u2019une touche d\u2019histoire.<\/p>\n<\/div>\n<\/div><\/div><\/div><\/div><div id=\"pg-14058-1\"  class=\"panel-grid panel-no-style\" ><div id=\"pgc-14058-1-0\"  class=\"panel-grid-cell\" ><div id=\"panel-14058-1-0-0\" class=\"so-panel widget widget_sow-editor panel-first-child panel-last-child\" data-index=\"1\" ><div\n\t\t\t\n\t\t\tclass=\"so-widget-sow-editor so-widget-sow-editor-base\"\n\t\t\t\n\t\t>\n<div class=\"siteorigin-widget-tinymce textwidget\">\n\t<p>Pour trouver un d\u00e9taillant Fieldstone de Pangaea<sup>\u00ae<\/sup>\u00a0Natural Stone dans votre r\u00e9gion cliquez sur\u00a0<strong><a href=\"http:\/\/www.allthingsstone.com\/ca-fr\/ou-acheter\/\">O\u00f9 acheter<\/a><\/strong>.<\/p>\n<\/div>\n<\/div><\/div><\/div><\/div><\/div>","protected":false},"excerpt":{"rendered":"<p>Fieldstone de Pangaea\u00ae Natural Stone est un choix favori qui fait \u00e9cho \u00e0 des si\u00e8cles de tradition de la ma\u00e7onnerie. Son style ind\u00e9modable reste d\u2019actualit\u00e9, &hellip; <a href=\"https:\/\/www.allthingsstone.com\/ca-fr\/product\/fieldstone-pangaea-natural-stone\/\">Continued<\/a><\/p>\n","protected":false},"featured_media":20014,"comment_status":"open","ping_status":"closed","template":"","meta":{"inline_featured_image":false,"_mi_skip_tracking":false,"_exactmetrics_sitenote_active":false,"_exactmetrics_sitenote_note":"","_exactmetrics_sitenote_category":0},"product_cat":[6533],"product_tag":[6571],"class_list":["post-14058","product","type-product","status-publish","has-post-thumbnail","hentry","product_cat-placage-de-pierre-naturelle","product_tag-pangaea-natural-stone-veneer-textures","brands-pangaea-natural-stone-veneer","single_resource-pangaea-natural-stone"],"acf":[],"yoast_head":"<!-- This site is optimized with the Yoast SEO Premium plugin v21.6 (Yoast SEO v21.6) - https:\/\/yoast.com\/wordpress\/plugins\/seo\/ -->\n<title>Fieldstone Pangaea\u00ae Natural Stone | CSI FR<\/title>\n<meta name=\"description\" content=\"La s\u00e9rie Fieldstone de Pangaea\u00ae Natural Stone est un incontournable de la ma\u00e7onnerie depuis des si\u00e8cles. Voil\u00e0 bien un style classique et durable qui est aussi pertinent aujourd&#039;hui qu&#039;il ne l\u2019\u00e9tait il y a des si\u00e8cles. Disponible en 6 couleurs: Cambrian, Copper Canyon, Grigio, Seirra Ridge, West Coast.\" \/>\n<meta name=\"robots\" content=\"index, follow, max-snippet:-1, max-image-preview:large, max-video-preview:-1\" \/>\n<link rel=\"canonical\" href=\"https:\/\/www.allthingsstone.com\/ca-fr\/product\/fieldstone-pangaea-natural-stone\/\" \/>\n<meta property=\"og:locale\" content=\"en_US\" \/>\n<meta property=\"og:type\" content=\"article\" \/>\n<meta property=\"og:title\" content=\"Fieldstone - Pangaea Natural Stone\" \/>\n<meta property=\"og:description\" content=\"La s\u00e9rie Fieldstone de Pangaea\u00ae Natural Stone est un incontournable de la ma\u00e7onnerie depuis des si\u00e8cles. Voil\u00e0 bien un style classique et durable qui est aussi pertinent aujourd&#039;hui qu&#039;il ne l\u2019\u00e9tait il y a des si\u00e8cles. Disponible en 6 couleurs: Cambrian, Copper Canyon, Grigio, Seirra Ridge, West Coast.\" \/>\n<meta property=\"og:url\" content=\"https:\/\/www.allthingsstone.com\/ca-fr\/product\/fieldstone-pangaea-natural-stone\/\" \/>\n<meta property=\"og:site_name\" content=\"CSI - Canadian Stone Industries FR\" \/>\n<meta property=\"article:modified_time\" content=\"2024-07-18T19:17:41+00:00\" \/>\n<meta property=\"og:image\" content=\"https:\/\/www.allthingsstone.com\/ca-fr\/wp-content\/uploads\/sites\/12\/2017\/08\/Pangaea-Natural-Stone-Fieldstone-3.jpg\" \/>\n\t<meta property=\"og:image:width\" content=\"459\" \/>\n\t<meta property=\"og:image:height\" content=\"339\" \/>\n\t<meta property=\"og:image:type\" content=\"image\/jpeg\" \/>\n<meta name=\"twitter:card\" content=\"summary_large_image\" \/>\n<meta name=\"twitter:label1\" content=\"Est. reading time\" \/>\n\t<meta name=\"twitter:data1\" content=\"1 minute\" \/>\n<script type=\"application\/ld+json\" class=\"yoast-schema-graph\">{\"@context\":\"https:\/\/schema.org\",\"@graph\":[{\"@type\":\"WebPage\",\"@id\":\"https:\/\/www.allthingsstone.com\/ca-fr\/product\/fieldstone-pangaea-natural-stone\/\",\"url\":\"https:\/\/www.allthingsstone.com\/ca-fr\/product\/fieldstone-pangaea-natural-stone\/\",\"name\":\"Fieldstone Pangaea\u00ae Natural Stone | CSI FR\",\"isPartOf\":{\"@id\":\"https:\/\/www.allthingsstone.com\/ca-fr\/#website\"},\"datePublished\":\"2017-08-10T02:05:15+00:00\",\"dateModified\":\"2024-07-18T19:17:41+00:00\",\"description\":\"La s\u00e9rie Fieldstone de Pangaea\u00ae Natural Stone est un incontournable de la ma\u00e7onnerie depuis des si\u00e8cles. Voil\u00e0 bien un style classique et durable qui est aussi pertinent aujourd'hui qu'il ne l\u2019\u00e9tait il y a des si\u00e8cles. Disponible en 6 couleurs: Cambrian, Copper Canyon, Grigio, Seirra Ridge, West Coast.\",\"breadcrumb\":{\"@id\":\"https:\/\/www.allthingsstone.com\/ca-fr\/product\/fieldstone-pangaea-natural-stone\/#breadcrumb\"},\"inLanguage\":\"en-CA\",\"potentialAction\":[{\"@type\":\"ReadAction\",\"target\":[\"https:\/\/www.allthingsstone.com\/ca-fr\/product\/fieldstone-pangaea-natural-stone\/\"]}]},{\"@type\":\"BreadcrumbList\",\"@id\":\"https:\/\/www.allthingsstone.com\/ca-fr\/product\/fieldstone-pangaea-natural-stone\/#breadcrumb\",\"itemListElement\":[{\"@type\":\"ListItem\",\"position\":1,\"name\":\"Home\",\"item\":\"https:\/\/www.allthingsstone.com\/ca-fr\/\"},{\"@type\":\"ListItem\",\"position\":2,\"name\":\"Fieldstone &#8211; Pangaea Natural Stone\"}]},{\"@type\":\"WebSite\",\"@id\":\"https:\/\/www.allthingsstone.com\/ca-fr\/#website\",\"url\":\"https:\/\/www.allthingsstone.com\/ca-fr\/\",\"name\":\"CSI - Canadian Stone Industries FR\",\"description\":\"\",\"potentialAction\":[{\"@type\":\"SearchAction\",\"target\":{\"@type\":\"EntryPoint\",\"urlTemplate\":\"https:\/\/www.allthingsstone.com\/ca-fr\/?s={search_term_string}\"},\"query-input\":\"required name=search_term_string\"}],\"inLanguage\":\"en-CA\"}]}<\/script>\n<!-- \/ Yoast SEO Premium plugin. -->","yoast_head_json":{"title":"Fieldstone Pangaea\u00ae Natural Stone | CSI FR","description":"La s\u00e9rie Fieldstone de Pangaea\u00ae Natural Stone est un incontournable de la ma\u00e7onnerie depuis des si\u00e8cles. Voil\u00e0 bien un style classique et durable qui est aussi pertinent aujourd'hui qu'il ne l\u2019\u00e9tait il y a des si\u00e8cles. Disponible en 6 couleurs: Cambrian, Copper Canyon, Grigio, Seirra Ridge, West Coast.","robots":{"index":"index","follow":"follow","max-snippet":"max-snippet:-1","max-image-preview":"max-image-preview:large","max-video-preview":"max-video-preview:-1"},"canonical":"https:\/\/www.allthingsstone.com\/ca-fr\/product\/fieldstone-pangaea-natural-stone\/","og_locale":"en_US","og_type":"article","og_title":"Fieldstone - Pangaea Natural Stone","og_description":"La s\u00e9rie Fieldstone de Pangaea\u00ae Natural Stone est un incontournable de la ma\u00e7onnerie depuis des si\u00e8cles. Voil\u00e0 bien un style classique et durable qui est aussi pertinent aujourd'hui qu'il ne l\u2019\u00e9tait il y a des si\u00e8cles. Disponible en 6 couleurs: Cambrian, Copper Canyon, Grigio, Seirra Ridge, West Coast.","og_url":"https:\/\/www.allthingsstone.com\/ca-fr\/product\/fieldstone-pangaea-natural-stone\/","og_site_name":"CSI - Canadian Stone Industries FR","article_modified_time":"2024-07-18T19:17:41+00:00","og_image":[{"width":459,"height":339,"url":"https:\/\/www.allthingsstone.com\/ca-fr\/wp-content\/uploads\/sites\/12\/2017\/08\/Pangaea-Natural-Stone-Fieldstone-3.jpg","type":"image\/jpeg"}],"twitter_card":"summary_large_image","twitter_misc":{"Est. reading time":"1 minute"},"schema":{"@context":"https:\/\/schema.org","@graph":[{"@type":"WebPage","@id":"https:\/\/www.allthingsstone.com\/ca-fr\/product\/fieldstone-pangaea-natural-stone\/","url":"https:\/\/www.allthingsstone.com\/ca-fr\/product\/fieldstone-pangaea-natural-stone\/","name":"Fieldstone Pangaea\u00ae Natural Stone | CSI FR","isPartOf":{"@id":"https:\/\/www.allthingsstone.com\/ca-fr\/#website"},"datePublished":"2017-08-10T02:05:15+00:00","dateModified":"2024-07-18T19:17:41+00:00","description":"La s\u00e9rie Fieldstone de Pangaea\u00ae Natural Stone est un incontournable de la ma\u00e7onnerie depuis des si\u00e8cles. Voil\u00e0 bien un style classique et durable qui est aussi pertinent aujourd'hui qu'il ne l\u2019\u00e9tait il y a des si\u00e8cles. Disponible en 6 couleurs: Cambrian, Copper Canyon, Grigio, Seirra Ridge, West Coast.","breadcrumb":{"@id":"https:\/\/www.allthingsstone.com\/ca-fr\/product\/fieldstone-pangaea-natural-stone\/#breadcrumb"},"inLanguage":"en-CA","potentialAction":[{"@type":"ReadAction","target":["https:\/\/www.allthingsstone.com\/ca-fr\/product\/fieldstone-pangaea-natural-stone\/"]}]},{"@type":"BreadcrumbList","@id":"https:\/\/www.allthingsstone.com\/ca-fr\/product\/fieldstone-pangaea-natural-stone\/#breadcrumb","itemListElement":[{"@type":"ListItem","position":1,"name":"Home","item":"https:\/\/www.allthingsstone.com\/ca-fr\/"},{"@type":"ListItem","position":2,"name":"Fieldstone &#8211; Pangaea Natural Stone"}]},{"@type":"WebSite","@id":"https:\/\/www.allthingsstone.com\/ca-fr\/#website","url":"https:\/\/www.allthingsstone.com\/ca-fr\/","name":"CSI - Canadian Stone Industries FR","description":"","potentialAction":[{"@type":"SearchAction","target":{"@type":"EntryPoint","urlTemplate":"https:\/\/www.allthingsstone.com\/ca-fr\/?s={search_term_string}"},"query-input":"required name=search_term_string"}],"inLanguage":"en-CA"}]}},"_links":{"self":[{"href":"https:\/\/www.allthingsstone.com\/ca-fr\/wp-json\/wp\/v2\/product\/14058","targetHints":{"allow":["GET"]}}],"collection":[{"href":"https:\/\/www.allthingsstone.com\/ca-fr\/wp-json\/wp\/v2\/product"}],"about":[{"href":"https:\/\/www.allthingsstone.com\/ca-fr\/wp-json\/wp\/v2\/types\/product"}],"replies":[{"embeddable":true,"href":"https:\/\/www.allthingsstone.com\/ca-fr\/wp-json\/wp\/v2\/comments?post=14058"}],"wp:featuredmedia":[{"embeddable":true,"href":"https:\/\/www.allthingsstone.com\/ca-fr\/wp-json\/wp\/v2\/media\/20014"}],"wp:attachment":[{"href":"https:\/\/www.allthingsstone.com\/ca-fr\/wp-json\/wp\/v2\/media?parent=14058"}],"wp:term":[{"taxonomy":"product_cat","embeddable":true,"href":"https:\/\/www.allthingsstone.com\/ca-fr\/wp-json\/wp\/v2\/product_cat?post=14058"},{"taxonomy":"product_tag","embeddable":true,"href":"https:\/\/www.allthingsstone.com\/ca-fr\/wp-json\/wp\/v2\/product_tag?post=14058"}],"curies":[{"name":"wp","href":"https:\/\/api.w.org\/{rel}","templated":true}]}}