{"id":14056,"date":"2017-08-09T22:07:52","date_gmt":"2017-08-10T02:07:52","guid":{"rendered":"http:\/\/www.allthingsstone.com\/ca-fr\/product\/microledge-pangaea-natural-stone\/"},"modified":"2024-06-27T13:40:25","modified_gmt":"2024-06-27T17:40:25","slug":"microledge-pangaea-natural-stone","status":"publish","type":"product","link":"https:\/\/www.allthingsstone.com\/ca-fr\/product\/microledge-pangaea-natural-stone\/","title":{"rendered":"Microledge &#8211; Pangaea Natural Stone"},"content":{"rendered":"<div id=\"pl-14056\"  class=\"panel-layout\" ><div id=\"pg-14056-0\"  class=\"panel-grid panel-no-style\" ><div id=\"pgc-14056-0-0\"  class=\"panel-grid-cell\" ><div id=\"panel-14056-0-0-0\" class=\"so-panel widget widget_sow-editor panel-first-child\" data-index=\"0\" ><div\n\t\t\t\n\t\t\tclass=\"so-widget-sow-editor so-widget-sow-editor-base\"\n\t\t\t\n\t\t>\n<div class=\"siteorigin-widget-tinymce textwidget\">\n\t<p>Microledge de Pangaea\u00ae Natural Stone n\u2019est pas simplement une pierre : c\u2019est une d\u00e9claration. Son caract\u00e8re unique en fait un \u00e9l\u00e9ment caract\u00e9ristique de n\u2019importe quelle conception. Ses surfaces lin\u00e9aires et son m\u00e9lange de surfaces alt\u00e9r\u00e9es, \u00e9clat\u00e9es et taill\u00e9es ajoutent un caract\u00e8re bien distinct. Cette pierre unique en son genre ne manquera pas de susciter des conversations!<\/p>\n<\/div>\n<\/div><\/div><div id=\"panel-14056-0-0-1\" class=\"so-panel widget widget_sow-editor panel-last-child\" data-index=\"1\" ><div\n\t\t\t\n\t\t\tclass=\"so-widget-sow-editor so-widget-sow-editor-base\"\n\t\t\t\n\t\t>\n<div class=\"siteorigin-widget-tinymce textwidget\">\n\t<p>Pour trouver un d\u00e9taillant Microledge de Pangaea<sup style=\"color: #333333;font-family: 'Open Sans', sans-serif\">\u00ae<\/sup><span style=\"color: #333333;font-family: 'Open Sans', sans-serif\">\u00a0Natural Stone dans votre r\u00e9gion cliquez sur\u00a0<\/span><strong style=\"color: #333333;font-family: 'Open Sans', sans-serif\"><a href=\"http:\/\/www.allthingsstone.com\/ca-fr\/ou-acheter\/\">O\u00f9 acheter<\/a><\/strong><span style=\"color: #333333;font-family: 'Open Sans', sans-serif\">.<\/span><\/p>\n<\/div>\n<\/div><\/div><\/div><\/div><\/div>","protected":false},"excerpt":{"rendered":"<p>Microledge de Pangaea\u00ae Natural Stone n\u2019est pas simplement une pierre : c\u2019est une d\u00e9claration. Son caract\u00e8re unique en fait un \u00e9l\u00e9ment caract\u00e9ristique de n\u2019importe quelle &hellip; <a href=\"https:\/\/www.allthingsstone.com\/ca-fr\/product\/microledge-pangaea-natural-stone\/\">Continued<\/a><\/p>\n","protected":false},"featured_media":13619,"comment_status":"open","ping_status":"closed","template":"","meta":{"inline_featured_image":false,"_mi_skip_tracking":false,"_exactmetrics_sitenote_active":false,"_exactmetrics_sitenote_note":"","_exactmetrics_sitenote_category":0},"product_cat":[6533],"product_tag":[6571],"class_list":["post-14056","product","type-product","status-publish","has-post-thumbnail","hentry","product_cat-placage-de-pierre-naturelle","product_tag-pangaea-natural-stone-veneer-textures","brands-pangaea-natural-stone-veneer","single_resource-pangaea-natural-stone"],"acf":[],"yoast_head":"<!-- This site is optimized with the Yoast SEO Premium plugin v21.6 (Yoast SEO v21.6) - https:\/\/yoast.com\/wordpress\/plugins\/seo\/ -->\n<title>Microledge Pangaea\u00ae Natural Stone | CSI FR<\/title>\n<meta name=\"description\" content=\"La s\u00e9rie Microledge est la pierre vedette de la gamme Pangaea\u00ae Natural Stone. Elle est unique en son genre! Sa personnalit\u00e9 unique peut s&#039;adapter \u00e0 votre chalet rustique ou \u00e0 votre penthouse contemporain. L&#039;inclusion de West Coast Microledge ne manquera pas de faire parler les gens.\" \/>\n<meta name=\"robots\" content=\"index, follow, max-snippet:-1, max-image-preview:large, max-video-preview:-1\" \/>\n<link rel=\"canonical\" href=\"https:\/\/www.allthingsstone.com\/ca-fr\/product\/microledge-pangaea-natural-stone\/\" \/>\n<meta property=\"og:locale\" content=\"en_US\" \/>\n<meta property=\"og:type\" content=\"article\" \/>\n<meta property=\"og:title\" content=\"Microledge - Pangaea Natural Stone\" \/>\n<meta property=\"og:description\" content=\"La s\u00e9rie Microledge est la pierre vedette de la gamme Pangaea\u00ae Natural Stone. Elle est unique en son genre! Sa personnalit\u00e9 unique peut s&#039;adapter \u00e0 votre chalet rustique ou \u00e0 votre penthouse contemporain. L&#039;inclusion de West Coast Microledge ne manquera pas de faire parler les gens.\" \/>\n<meta property=\"og:url\" content=\"https:\/\/www.allthingsstone.com\/ca-fr\/product\/microledge-pangaea-natural-stone\/\" \/>\n<meta property=\"og:site_name\" content=\"CSI - Canadian Stone Industries FR\" \/>\n<meta property=\"article:modified_time\" content=\"2024-06-27T17:40:25+00:00\" \/>\n<meta property=\"og:image\" content=\"https:\/\/www.allthingsstone.com\/ca-fr\/wp-content\/uploads\/sites\/12\/2020\/02\/Microledge-Pangaea\u00ae-Natural-Stone.jpg\" \/>\n\t<meta property=\"og:image:width\" content=\"459\" \/>\n\t<meta property=\"og:image:height\" content=\"339\" \/>\n\t<meta property=\"og:image:type\" content=\"image\/jpeg\" \/>\n<meta name=\"twitter:card\" content=\"summary_large_image\" \/>\n<meta name=\"twitter:label1\" content=\"Est. reading time\" \/>\n\t<meta name=\"twitter:data1\" content=\"1 minute\" \/>\n<script type=\"application\/ld+json\" class=\"yoast-schema-graph\">{\"@context\":\"https:\/\/schema.org\",\"@graph\":[{\"@type\":\"WebPage\",\"@id\":\"https:\/\/www.allthingsstone.com\/ca-fr\/product\/microledge-pangaea-natural-stone\/\",\"url\":\"https:\/\/www.allthingsstone.com\/ca-fr\/product\/microledge-pangaea-natural-stone\/\",\"name\":\"Microledge Pangaea\u00ae Natural Stone | CSI FR\",\"isPartOf\":{\"@id\":\"https:\/\/www.allthingsstone.com\/ca-fr\/#website\"},\"datePublished\":\"2017-08-10T02:07:52+00:00\",\"dateModified\":\"2024-06-27T17:40:25+00:00\",\"description\":\"La s\u00e9rie Microledge est la pierre vedette de la gamme Pangaea\u00ae Natural Stone. Elle est unique en son genre! Sa personnalit\u00e9 unique peut s'adapter \u00e0 votre chalet rustique ou \u00e0 votre penthouse contemporain. L'inclusion de West Coast Microledge ne manquera pas de faire parler les gens.\",\"breadcrumb\":{\"@id\":\"https:\/\/www.allthingsstone.com\/ca-fr\/product\/microledge-pangaea-natural-stone\/#breadcrumb\"},\"inLanguage\":\"en-CA\",\"potentialAction\":[{\"@type\":\"ReadAction\",\"target\":[\"https:\/\/www.allthingsstone.com\/ca-fr\/product\/microledge-pangaea-natural-stone\/\"]}]},{\"@type\":\"BreadcrumbList\",\"@id\":\"https:\/\/www.allthingsstone.com\/ca-fr\/product\/microledge-pangaea-natural-stone\/#breadcrumb\",\"itemListElement\":[{\"@type\":\"ListItem\",\"position\":1,\"name\":\"Home\",\"item\":\"https:\/\/www.allthingsstone.com\/ca-fr\/\"},{\"@type\":\"ListItem\",\"position\":2,\"name\":\"Microledge &#8211; Pangaea Natural Stone\"}]},{\"@type\":\"WebSite\",\"@id\":\"https:\/\/www.allthingsstone.com\/ca-fr\/#website\",\"url\":\"https:\/\/www.allthingsstone.com\/ca-fr\/\",\"name\":\"CSI - Canadian Stone Industries FR\",\"description\":\"\",\"potentialAction\":[{\"@type\":\"SearchAction\",\"target\":{\"@type\":\"EntryPoint\",\"urlTemplate\":\"https:\/\/www.allthingsstone.com\/ca-fr\/?s={search_term_string}\"},\"query-input\":\"required name=search_term_string\"}],\"inLanguage\":\"en-CA\"}]}<\/script>\n<!-- \/ Yoast SEO Premium plugin. -->","yoast_head_json":{"title":"Microledge Pangaea\u00ae Natural Stone | CSI FR","description":"La s\u00e9rie Microledge est la pierre vedette de la gamme Pangaea\u00ae Natural Stone. Elle est unique en son genre! Sa personnalit\u00e9 unique peut s'adapter \u00e0 votre chalet rustique ou \u00e0 votre penthouse contemporain. L'inclusion de West Coast Microledge ne manquera pas de faire parler les gens.","robots":{"index":"index","follow":"follow","max-snippet":"max-snippet:-1","max-image-preview":"max-image-preview:large","max-video-preview":"max-video-preview:-1"},"canonical":"https:\/\/www.allthingsstone.com\/ca-fr\/product\/microledge-pangaea-natural-stone\/","og_locale":"en_US","og_type":"article","og_title":"Microledge - Pangaea Natural Stone","og_description":"La s\u00e9rie Microledge est la pierre vedette de la gamme Pangaea\u00ae Natural Stone. Elle est unique en son genre! Sa personnalit\u00e9 unique peut s'adapter \u00e0 votre chalet rustique ou \u00e0 votre penthouse contemporain. L'inclusion de West Coast Microledge ne manquera pas de faire parler les gens.","og_url":"https:\/\/www.allthingsstone.com\/ca-fr\/product\/microledge-pangaea-natural-stone\/","og_site_name":"CSI - Canadian Stone Industries FR","article_modified_time":"2024-06-27T17:40:25+00:00","og_image":[{"width":459,"height":339,"url":"https:\/\/www.allthingsstone.com\/ca-fr\/wp-content\/uploads\/sites\/12\/2020\/02\/Microledge-Pangaea\u00ae-Natural-Stone.jpg","type":"image\/jpeg"}],"twitter_card":"summary_large_image","twitter_misc":{"Est. reading time":"1 minute"},"schema":{"@context":"https:\/\/schema.org","@graph":[{"@type":"WebPage","@id":"https:\/\/www.allthingsstone.com\/ca-fr\/product\/microledge-pangaea-natural-stone\/","url":"https:\/\/www.allthingsstone.com\/ca-fr\/product\/microledge-pangaea-natural-stone\/","name":"Microledge Pangaea\u00ae Natural Stone | CSI FR","isPartOf":{"@id":"https:\/\/www.allthingsstone.com\/ca-fr\/#website"},"datePublished":"2017-08-10T02:07:52+00:00","dateModified":"2024-06-27T17:40:25+00:00","description":"La s\u00e9rie Microledge est la pierre vedette de la gamme Pangaea\u00ae Natural Stone. Elle est unique en son genre! Sa personnalit\u00e9 unique peut s'adapter \u00e0 votre chalet rustique ou \u00e0 votre penthouse contemporain. L'inclusion de West Coast Microledge ne manquera pas de faire parler les gens.","breadcrumb":{"@id":"https:\/\/www.allthingsstone.com\/ca-fr\/product\/microledge-pangaea-natural-stone\/#breadcrumb"},"inLanguage":"en-CA","potentialAction":[{"@type":"ReadAction","target":["https:\/\/www.allthingsstone.com\/ca-fr\/product\/microledge-pangaea-natural-stone\/"]}]},{"@type":"BreadcrumbList","@id":"https:\/\/www.allthingsstone.com\/ca-fr\/product\/microledge-pangaea-natural-stone\/#breadcrumb","itemListElement":[{"@type":"ListItem","position":1,"name":"Home","item":"https:\/\/www.allthingsstone.com\/ca-fr\/"},{"@type":"ListItem","position":2,"name":"Microledge &#8211; Pangaea Natural Stone"}]},{"@type":"WebSite","@id":"https:\/\/www.allthingsstone.com\/ca-fr\/#website","url":"https:\/\/www.allthingsstone.com\/ca-fr\/","name":"CSI - Canadian Stone Industries FR","description":"","potentialAction":[{"@type":"SearchAction","target":{"@type":"EntryPoint","urlTemplate":"https:\/\/www.allthingsstone.com\/ca-fr\/?s={search_term_string}"},"query-input":"required name=search_term_string"}],"inLanguage":"en-CA"}]}},"_links":{"self":[{"href":"https:\/\/www.allthingsstone.com\/ca-fr\/wp-json\/wp\/v2\/product\/14056","targetHints":{"allow":["GET"]}}],"collection":[{"href":"https:\/\/www.allthingsstone.com\/ca-fr\/wp-json\/wp\/v2\/product"}],"about":[{"href":"https:\/\/www.allthingsstone.com\/ca-fr\/wp-json\/wp\/v2\/types\/product"}],"replies":[{"embeddable":true,"href":"https:\/\/www.allthingsstone.com\/ca-fr\/wp-json\/wp\/v2\/comments?post=14056"}],"wp:featuredmedia":[{"embeddable":true,"href":"https:\/\/www.allthingsstone.com\/ca-fr\/wp-json\/wp\/v2\/media\/13619"}],"wp:attachment":[{"href":"https:\/\/www.allthingsstone.com\/ca-fr\/wp-json\/wp\/v2\/media?parent=14056"}],"wp:term":[{"taxonomy":"product_cat","embeddable":true,"href":"https:\/\/www.allthingsstone.com\/ca-fr\/wp-json\/wp\/v2\/product_cat?post=14056"},{"taxonomy":"product_tag","embeddable":true,"href":"https:\/\/www.allthingsstone.com\/ca-fr\/wp-json\/wp\/v2\/product_tag?post=14056"}],"curies":[{"name":"wp","href":"https:\/\/api.w.org\/{rel}","templated":true}]}}