{"id":14053,"date":"2017-08-09T22:11:45","date_gmt":"2017-08-10T02:11:45","guid":{"rendered":"http:\/\/www.allthingsstone.com\/ca-fr\/product\/3-course-ashlar-pangaea-natural-stone\/"},"modified":"2025-07-08T12:28:57","modified_gmt":"2025-07-08T16:28:57","slug":"3-course-ashlar-pangaea-natural-stone","status":"publish","type":"product","link":"https:\/\/www.allthingsstone.com\/ca-fr\/product\/3-course-ashlar-pangaea-natural-stone\/","title":{"rendered":"3 Course Ashlar &#8211; Pangaea Natural Stone"},"content":{"rendered":"<div id=\"pl-14053\"  class=\"panel-layout\" ><div id=\"pg-14053-0\"  class=\"panel-grid panel-no-style\" ><div id=\"pgc-14053-0-0\"  class=\"panel-grid-cell\" ><div id=\"panel-14053-0-0-0\" class=\"so-panel widget widget_sow-editor panel-first-child\" data-index=\"0\" ><div\n\t\t\t\n\t\t\tclass=\"so-widget-sow-editor so-widget-sow-editor-base\"\n\t\t\t\n\t\t>\n<div class=\"siteorigin-widget-tinymce textwidget\">\n\t<p>3 Course Ashlar de Pangaea\u00ae Natural Stone associe parfaitement l\u2019\u00e9l\u00e9gance moderne \u00e0 un charme intemporel. Sa face polie et ses bords patin\u00e9s* lui conf\u00e8rent une allure douce et raffin\u00e9e, qui convient parfaitement aux motifs classiques et contemporains.<\/p>\n<ul>\n<li><em>*La s\u00e9rie Klondike se caract\u00e9rise par une face naturelle et des bords fendus.<\/em><\/li>\n<\/ul>\n<\/div>\n<\/div><\/div><div id=\"panel-14053-0-0-1\" class=\"so-panel widget widget_sow-editor panel-last-child\" data-index=\"1\" ><div\n\t\t\t\n\t\t\tclass=\"so-widget-sow-editor so-widget-sow-editor-base\"\n\t\t\t\n\t\t>\n<div class=\"siteorigin-widget-tinymce textwidget\">\n\t<p>Pour trouver un d\u00e9taillant 3 Course Ashlar Pangaea<sup>\u00ae<\/sup>\u00a0Natural Stone dans votre r\u00e9gion cliquez sur\u00a0<strong><a href=\"http:\/\/www.allthingsstone.com\/ca-fr\/ou-acheter\/\">O\u00f9 acheter<\/a><\/strong>.<\/p>\n<\/div>\n<\/div><\/div><\/div><\/div><\/div>","protected":false},"excerpt":{"rendered":"<p>3 Course Ashlar de Pangaea\u00ae Natural Stone associe parfaitement l\u2019\u00e9l\u00e9gance moderne \u00e0 un charme intemporel. Sa face polie et ses bords patin\u00e9s* lui conf\u00e8rent une &hellip; <a href=\"https:\/\/www.allthingsstone.com\/ca-fr\/product\/3-course-ashlar-pangaea-natural-stone\/\">Continued<\/a><\/p>\n","protected":false},"featured_media":20018,"comment_status":"open","ping_status":"closed","template":"","meta":{"inline_featured_image":false,"_mi_skip_tracking":false,"_exactmetrics_sitenote_active":false,"_exactmetrics_sitenote_note":"","_exactmetrics_sitenote_category":0},"product_cat":[6533],"product_tag":[6571],"class_list":["post-14053","product","type-product","status-publish","has-post-thumbnail","hentry","product_cat-placage-de-pierre-naturelle","product_tag-pangaea-natural-stone-veneer-textures","brands-pangaea-natural-stone-veneer"],"acf":[],"yoast_head":"<!-- This site is optimized with the Yoast SEO Premium plugin v21.6 (Yoast SEO v21.6) - https:\/\/yoast.com\/wordpress\/plugins\/seo\/ -->\n<title>3 Course Ashlar Pangaea\u00ae Natural Stone | CSI FR<\/title>\n<meta name=\"description\" content=\"La s\u00e9rie 3 Course Ashlar de Pangaea\u00ae Natural Stone est une pierre naturelle ultra-moderne mais intemporelle. Cette pierre est le point de rencontre entre le classique et le traditionnel, et le moderne et le contemporain.\" \/>\n<meta name=\"robots\" content=\"index, follow, max-snippet:-1, max-image-preview:large, max-video-preview:-1\" \/>\n<link rel=\"canonical\" href=\"https:\/\/www.allthingsstone.com\/ca-fr\/product\/3-course-ashlar-pangaea-natural-stone\/\" \/>\n<meta property=\"og:locale\" content=\"en_US\" \/>\n<meta property=\"og:type\" content=\"article\" \/>\n<meta property=\"og:title\" content=\"3 Course Ashlar - Pangaea Natural Stone\" \/>\n<meta property=\"og:description\" content=\"La s\u00e9rie 3 Course Ashlar de Pangaea\u00ae Natural Stone est une pierre naturelle ultra-moderne mais intemporelle. Cette pierre est le point de rencontre entre le classique et le traditionnel, et le moderne et le contemporain.\" \/>\n<meta property=\"og:url\" content=\"https:\/\/www.allthingsstone.com\/ca-fr\/product\/3-course-ashlar-pangaea-natural-stone\/\" \/>\n<meta property=\"og:site_name\" content=\"CSI - Canadian Stone Industries FR\" \/>\n<meta property=\"article:modified_time\" content=\"2025-07-08T16:28:57+00:00\" \/>\n<meta property=\"og:image\" content=\"https:\/\/www.allthingsstone.com\/ca-fr\/wp-content\/uploads\/sites\/12\/2017\/08\/Pangaea-Natural-Stone-3-Course-Ashlar-3.jpg\" \/>\n\t<meta property=\"og:image:width\" content=\"459\" \/>\n\t<meta property=\"og:image:height\" content=\"339\" \/>\n\t<meta property=\"og:image:type\" content=\"image\/jpeg\" \/>\n<meta name=\"twitter:card\" content=\"summary_large_image\" \/>\n<meta name=\"twitter:label1\" content=\"Est. reading time\" \/>\n\t<meta name=\"twitter:data1\" content=\"1 minute\" \/>\n<script type=\"application\/ld+json\" class=\"yoast-schema-graph\">{\"@context\":\"https:\/\/schema.org\",\"@graph\":[{\"@type\":\"WebPage\",\"@id\":\"https:\/\/www.allthingsstone.com\/ca-fr\/product\/3-course-ashlar-pangaea-natural-stone\/\",\"url\":\"https:\/\/www.allthingsstone.com\/ca-fr\/product\/3-course-ashlar-pangaea-natural-stone\/\",\"name\":\"3 Course Ashlar Pangaea\u00ae Natural Stone | CSI FR\",\"isPartOf\":{\"@id\":\"https:\/\/www.allthingsstone.com\/ca-fr\/#website\"},\"datePublished\":\"2017-08-10T02:11:45+00:00\",\"dateModified\":\"2025-07-08T16:28:57+00:00\",\"description\":\"La s\u00e9rie 3 Course Ashlar de Pangaea\u00ae Natural Stone est une pierre naturelle ultra-moderne mais intemporelle. Cette pierre est le point de rencontre entre le classique et le traditionnel, et le moderne et le contemporain.\",\"breadcrumb\":{\"@id\":\"https:\/\/www.allthingsstone.com\/ca-fr\/product\/3-course-ashlar-pangaea-natural-stone\/#breadcrumb\"},\"inLanguage\":\"en-CA\",\"potentialAction\":[{\"@type\":\"ReadAction\",\"target\":[\"https:\/\/www.allthingsstone.com\/ca-fr\/product\/3-course-ashlar-pangaea-natural-stone\/\"]}]},{\"@type\":\"BreadcrumbList\",\"@id\":\"https:\/\/www.allthingsstone.com\/ca-fr\/product\/3-course-ashlar-pangaea-natural-stone\/#breadcrumb\",\"itemListElement\":[{\"@type\":\"ListItem\",\"position\":1,\"name\":\"Home\",\"item\":\"https:\/\/www.allthingsstone.com\/ca-fr\/\"},{\"@type\":\"ListItem\",\"position\":2,\"name\":\"3 Course Ashlar &#8211; Pangaea Natural Stone\"}]},{\"@type\":\"WebSite\",\"@id\":\"https:\/\/www.allthingsstone.com\/ca-fr\/#website\",\"url\":\"https:\/\/www.allthingsstone.com\/ca-fr\/\",\"name\":\"CSI - Canadian Stone Industries FR\",\"description\":\"\",\"potentialAction\":[{\"@type\":\"SearchAction\",\"target\":{\"@type\":\"EntryPoint\",\"urlTemplate\":\"https:\/\/www.allthingsstone.com\/ca-fr\/?s={search_term_string}\"},\"query-input\":\"required name=search_term_string\"}],\"inLanguage\":\"en-CA\"}]}<\/script>\n<!-- \/ Yoast SEO Premium plugin. -->","yoast_head_json":{"title":"3 Course Ashlar Pangaea\u00ae Natural Stone | CSI FR","description":"La s\u00e9rie 3 Course Ashlar de Pangaea\u00ae Natural Stone est une pierre naturelle ultra-moderne mais intemporelle. Cette pierre est le point de rencontre entre le classique et le traditionnel, et le moderne et le contemporain.","robots":{"index":"index","follow":"follow","max-snippet":"max-snippet:-1","max-image-preview":"max-image-preview:large","max-video-preview":"max-video-preview:-1"},"canonical":"https:\/\/www.allthingsstone.com\/ca-fr\/product\/3-course-ashlar-pangaea-natural-stone\/","og_locale":"en_US","og_type":"article","og_title":"3 Course Ashlar - Pangaea Natural Stone","og_description":"La s\u00e9rie 3 Course Ashlar de Pangaea\u00ae Natural Stone est une pierre naturelle ultra-moderne mais intemporelle. Cette pierre est le point de rencontre entre le classique et le traditionnel, et le moderne et le contemporain.","og_url":"https:\/\/www.allthingsstone.com\/ca-fr\/product\/3-course-ashlar-pangaea-natural-stone\/","og_site_name":"CSI - Canadian Stone Industries FR","article_modified_time":"2025-07-08T16:28:57+00:00","og_image":[{"width":459,"height":339,"url":"https:\/\/www.allthingsstone.com\/ca-fr\/wp-content\/uploads\/sites\/12\/2017\/08\/Pangaea-Natural-Stone-3-Course-Ashlar-3.jpg","type":"image\/jpeg"}],"twitter_card":"summary_large_image","twitter_misc":{"Est. reading time":"1 minute"},"schema":{"@context":"https:\/\/schema.org","@graph":[{"@type":"WebPage","@id":"https:\/\/www.allthingsstone.com\/ca-fr\/product\/3-course-ashlar-pangaea-natural-stone\/","url":"https:\/\/www.allthingsstone.com\/ca-fr\/product\/3-course-ashlar-pangaea-natural-stone\/","name":"3 Course Ashlar Pangaea\u00ae Natural Stone | CSI FR","isPartOf":{"@id":"https:\/\/www.allthingsstone.com\/ca-fr\/#website"},"datePublished":"2017-08-10T02:11:45+00:00","dateModified":"2025-07-08T16:28:57+00:00","description":"La s\u00e9rie 3 Course Ashlar de Pangaea\u00ae Natural Stone est une pierre naturelle ultra-moderne mais intemporelle. Cette pierre est le point de rencontre entre le classique et le traditionnel, et le moderne et le contemporain.","breadcrumb":{"@id":"https:\/\/www.allthingsstone.com\/ca-fr\/product\/3-course-ashlar-pangaea-natural-stone\/#breadcrumb"},"inLanguage":"en-CA","potentialAction":[{"@type":"ReadAction","target":["https:\/\/www.allthingsstone.com\/ca-fr\/product\/3-course-ashlar-pangaea-natural-stone\/"]}]},{"@type":"BreadcrumbList","@id":"https:\/\/www.allthingsstone.com\/ca-fr\/product\/3-course-ashlar-pangaea-natural-stone\/#breadcrumb","itemListElement":[{"@type":"ListItem","position":1,"name":"Home","item":"https:\/\/www.allthingsstone.com\/ca-fr\/"},{"@type":"ListItem","position":2,"name":"3 Course Ashlar &#8211; Pangaea Natural Stone"}]},{"@type":"WebSite","@id":"https:\/\/www.allthingsstone.com\/ca-fr\/#website","url":"https:\/\/www.allthingsstone.com\/ca-fr\/","name":"CSI - Canadian Stone Industries FR","description":"","potentialAction":[{"@type":"SearchAction","target":{"@type":"EntryPoint","urlTemplate":"https:\/\/www.allthingsstone.com\/ca-fr\/?s={search_term_string}"},"query-input":"required name=search_term_string"}],"inLanguage":"en-CA"}]}},"_links":{"self":[{"href":"https:\/\/www.allthingsstone.com\/ca-fr\/wp-json\/wp\/v2\/product\/14053","targetHints":{"allow":["GET"]}}],"collection":[{"href":"https:\/\/www.allthingsstone.com\/ca-fr\/wp-json\/wp\/v2\/product"}],"about":[{"href":"https:\/\/www.allthingsstone.com\/ca-fr\/wp-json\/wp\/v2\/types\/product"}],"replies":[{"embeddable":true,"href":"https:\/\/www.allthingsstone.com\/ca-fr\/wp-json\/wp\/v2\/comments?post=14053"}],"wp:featuredmedia":[{"embeddable":true,"href":"https:\/\/www.allthingsstone.com\/ca-fr\/wp-json\/wp\/v2\/media\/20018"}],"wp:attachment":[{"href":"https:\/\/www.allthingsstone.com\/ca-fr\/wp-json\/wp\/v2\/media?parent=14053"}],"wp:term":[{"taxonomy":"product_cat","embeddable":true,"href":"https:\/\/www.allthingsstone.com\/ca-fr\/wp-json\/wp\/v2\/product_cat?post=14053"},{"taxonomy":"product_tag","embeddable":true,"href":"https:\/\/www.allthingsstone.com\/ca-fr\/wp-json\/wp\/v2\/product_tag?post=14053"}],"curies":[{"name":"wp","href":"https:\/\/api.w.org\/{rel}","templated":true}]}}