{"id":14051,"date":"2017-08-09T22:14:01","date_gmt":"2017-08-10T02:14:01","guid":{"rendered":"http:\/\/www.allthingsstone.com\/ca-fr\/product\/ledgestone-thincut-natural-stone-veneer\/"},"modified":"2023-08-15T14:15:37","modified_gmt":"2023-08-15T18:15:37","slug":"ledgestone-thincut-natural-stone-veneer","status":"publish","type":"product","link":"https:\/\/www.allthingsstone.com\/ca-fr\/product\/ledgestone-thincut-natural-stone-veneer\/","title":{"rendered":"Ledgestone &#8211; ThinCut Natural Stone Veneer"},"content":{"rendered":"<div id=\"pl-14051\"  class=\"panel-layout\" ><div id=\"pg-14051-0\"  class=\"panel-grid panel-no-style\" ><div id=\"pgc-14051-0-0\"  class=\"panel-grid-cell\" ><div id=\"panel-14051-0-0-0\" class=\"so-panel widget widget_sow-editor panel-first-child\" data-index=\"0\" ><div\n\t\t\t\n\t\t\tclass=\"so-widget-sow-editor so-widget-sow-editor-base\"\n\t\t\t\n\t\t>\n<div class=\"siteorigin-widget-tinymce textwidget\">\n\t<p>La collection Ledgestone de ThinCut\u2122 Natural Stone Veneer offre un placage de pierre mince \u00e0 la fois moderne et intemporel. Les pierres Ledgestone pr\u00e9sentent des hauteurs d\u00e9bit\u00e9es uniques et une palette de couleurs somptueuses allant des teintes bleu p\u00e2le \u00e0 fonc\u00e9. Elles procurent une allure haut de gamme et constituent le choix id\u00e9al dans une installation moderne int\u00e9rieure ou ext\u00e9rieure, qu\u2019elle soit r\u00e9sidentielle ou commerciale. G\u00e9n\u00e9ralement, les pierres Ledgestone sont utilis\u00e9es dans les installations de pierre s\u00e8che.<\/p>\n<\/div>\n<\/div><\/div><div id=\"panel-14051-0-0-1\" class=\"so-panel widget widget_sow-editor panel-last-child\" data-index=\"1\" ><div\n\t\t\t\n\t\t\tclass=\"so-widget-sow-editor so-widget-sow-editor-base\"\n\t\t\t\n\t\t>\n<div class=\"siteorigin-widget-tinymce textwidget\">\n\t<p>Cliquez sur\u00a0<strong><a href=\"https:\/\/www.allthingsstone.com\/ca-fr\/ou-acheter\/\">O\u00f9 acheter<\/a><\/strong>\u00a0pour trouver un d\u00e9taillant agr\u00e9\u00e9 de ThinCut<sup>\u2122<\/sup>\u00a0Natural Stone Veneer pr\u00e8s de chez vous.<\/p>\n<\/div>\n<\/div><\/div><\/div><\/div><\/div>","protected":false},"excerpt":{"rendered":"<p>La collection Ledgestone de ThinCut\u2122 Natural Stone Veneer offre un placage de pierre mince \u00e0 la fois moderne et intemporel. Les pierres Ledgestone pr\u00e9sentent des &hellip; <a href=\"https:\/\/www.allthingsstone.com\/ca-fr\/product\/ledgestone-thincut-natural-stone-veneer\/\">Continued<\/a><\/p>\n","protected":false},"featured_media":18415,"comment_status":"open","ping_status":"closed","template":"","meta":{"inline_featured_image":false,"_mi_skip_tracking":false,"_exactmetrics_sitenote_active":false,"_exactmetrics_sitenote_note":"","_exactmetrics_sitenote_category":0},"product_cat":[6533],"product_tag":[6570],"class_list":["post-14051","product","type-product","status-publish","has-post-thumbnail","hentry","product_cat-placage-de-pierre-naturelle","product_tag-thincut-natural-stone-textures","brands-thincut-natural-stone","single_resource-thincut-natural-stone-veneer-brochures"],"acf":[],"yoast_head":"<!-- This site is optimized with the Yoast SEO Premium plugin v21.6 (Yoast SEO v21.6) - https:\/\/yoast.com\/wordpress\/plugins\/seo\/ -->\n<title>Ledgestone de ThinCut\u2122 Natural Stone Veneer | CSI FR<\/title>\n<meta name=\"description\" content=\"La collection Ledgestone de ThinCut\u2122 Natural Stone Veneer offre un placage de pierre mince \u00e0 la fois moderne et intemporel. Offertes en une seule couleur, les pierres Platinum Ledgestone pr\u00e9sentent des hauteurs d\u00e9bit\u00e9es uniques et une palette de couleurs somptueuses allant des teintes bleu p\u00e2le \u00e0 fonc\u00e9.\" \/>\n<meta name=\"robots\" content=\"index, follow, max-snippet:-1, max-image-preview:large, max-video-preview:-1\" \/>\n<link rel=\"canonical\" href=\"https:\/\/www.allthingsstone.com\/ca-fr\/product\/ledgestone-thincut-natural-stone-veneer\/\" \/>\n<meta property=\"og:locale\" content=\"en_US\" \/>\n<meta property=\"og:type\" content=\"article\" \/>\n<meta property=\"og:title\" content=\"Ledgestone - ThinCut Natural Stone Veneer\" \/>\n<meta property=\"og:description\" content=\"La collection Ledgestone de ThinCut\u2122 Natural Stone Veneer offre un placage de pierre mince \u00e0 la fois moderne et intemporel. Offertes en une seule couleur, les pierres Platinum Ledgestone pr\u00e9sentent des hauteurs d\u00e9bit\u00e9es uniques et une palette de couleurs somptueuses allant des teintes bleu p\u00e2le \u00e0 fonc\u00e9.\" \/>\n<meta property=\"og:url\" content=\"https:\/\/www.allthingsstone.com\/ca-fr\/product\/ledgestone-thincut-natural-stone-veneer\/\" \/>\n<meta property=\"og:site_name\" content=\"CSI - Canadian Stone Industries FR\" \/>\n<meta property=\"article:modified_time\" content=\"2023-08-15T18:15:37+00:00\" \/>\n<meta property=\"og:image\" content=\"https:\/\/www.allthingsstone.com\/ca-fr\/wp-content\/uploads\/sites\/12\/2017\/08\/ThinCut-Natural-Stone-Ledgestone-1.jpg\" \/>\n\t<meta property=\"og:image:width\" content=\"459\" \/>\n\t<meta property=\"og:image:height\" content=\"339\" \/>\n\t<meta property=\"og:image:type\" content=\"image\/jpeg\" \/>\n<meta name=\"twitter:card\" content=\"summary_large_image\" \/>\n<meta name=\"twitter:label1\" content=\"Est. reading time\" \/>\n\t<meta name=\"twitter:data1\" content=\"1 minute\" \/>\n<script type=\"application\/ld+json\" class=\"yoast-schema-graph\">{\"@context\":\"https:\/\/schema.org\",\"@graph\":[{\"@type\":\"WebPage\",\"@id\":\"https:\/\/www.allthingsstone.com\/ca-fr\/product\/ledgestone-thincut-natural-stone-veneer\/\",\"url\":\"https:\/\/www.allthingsstone.com\/ca-fr\/product\/ledgestone-thincut-natural-stone-veneer\/\",\"name\":\"Ledgestone de ThinCut\u2122 Natural Stone Veneer | CSI FR\",\"isPartOf\":{\"@id\":\"https:\/\/www.allthingsstone.com\/ca-fr\/#website\"},\"datePublished\":\"2017-08-10T02:14:01+00:00\",\"dateModified\":\"2023-08-15T18:15:37+00:00\",\"description\":\"La collection Ledgestone de ThinCut\u2122 Natural Stone Veneer offre un placage de pierre mince \u00e0 la fois moderne et intemporel. Offertes en une seule couleur, les pierres Platinum Ledgestone pr\u00e9sentent des hauteurs d\u00e9bit\u00e9es uniques et une palette de couleurs somptueuses allant des teintes bleu p\u00e2le \u00e0 fonc\u00e9.\",\"breadcrumb\":{\"@id\":\"https:\/\/www.allthingsstone.com\/ca-fr\/product\/ledgestone-thincut-natural-stone-veneer\/#breadcrumb\"},\"inLanguage\":\"en-CA\",\"potentialAction\":[{\"@type\":\"ReadAction\",\"target\":[\"https:\/\/www.allthingsstone.com\/ca-fr\/product\/ledgestone-thincut-natural-stone-veneer\/\"]}]},{\"@type\":\"BreadcrumbList\",\"@id\":\"https:\/\/www.allthingsstone.com\/ca-fr\/product\/ledgestone-thincut-natural-stone-veneer\/#breadcrumb\",\"itemListElement\":[{\"@type\":\"ListItem\",\"position\":1,\"name\":\"Home\",\"item\":\"https:\/\/www.allthingsstone.com\/ca-fr\/\"},{\"@type\":\"ListItem\",\"position\":2,\"name\":\"Ledgestone &#8211; ThinCut Natural Stone Veneer\"}]},{\"@type\":\"WebSite\",\"@id\":\"https:\/\/www.allthingsstone.com\/ca-fr\/#website\",\"url\":\"https:\/\/www.allthingsstone.com\/ca-fr\/\",\"name\":\"CSI - Canadian Stone Industries FR\",\"description\":\"\",\"potentialAction\":[{\"@type\":\"SearchAction\",\"target\":{\"@type\":\"EntryPoint\",\"urlTemplate\":\"https:\/\/www.allthingsstone.com\/ca-fr\/?s={search_term_string}\"},\"query-input\":\"required name=search_term_string\"}],\"inLanguage\":\"en-CA\"}]}<\/script>\n<!-- \/ Yoast SEO Premium plugin. -->","yoast_head_json":{"title":"Ledgestone de ThinCut\u2122 Natural Stone Veneer | CSI FR","description":"La collection Ledgestone de ThinCut\u2122 Natural Stone Veneer offre un placage de pierre mince \u00e0 la fois moderne et intemporel. Offertes en une seule couleur, les pierres Platinum Ledgestone pr\u00e9sentent des hauteurs d\u00e9bit\u00e9es uniques et une palette de couleurs somptueuses allant des teintes bleu p\u00e2le \u00e0 fonc\u00e9.","robots":{"index":"index","follow":"follow","max-snippet":"max-snippet:-1","max-image-preview":"max-image-preview:large","max-video-preview":"max-video-preview:-1"},"canonical":"https:\/\/www.allthingsstone.com\/ca-fr\/product\/ledgestone-thincut-natural-stone-veneer\/","og_locale":"en_US","og_type":"article","og_title":"Ledgestone - ThinCut Natural Stone Veneer","og_description":"La collection Ledgestone de ThinCut\u2122 Natural Stone Veneer offre un placage de pierre mince \u00e0 la fois moderne et intemporel. Offertes en une seule couleur, les pierres Platinum Ledgestone pr\u00e9sentent des hauteurs d\u00e9bit\u00e9es uniques et une palette de couleurs somptueuses allant des teintes bleu p\u00e2le \u00e0 fonc\u00e9.","og_url":"https:\/\/www.allthingsstone.com\/ca-fr\/product\/ledgestone-thincut-natural-stone-veneer\/","og_site_name":"CSI - Canadian Stone Industries FR","article_modified_time":"2023-08-15T18:15:37+00:00","og_image":[{"width":459,"height":339,"url":"https:\/\/www.allthingsstone.com\/ca-fr\/wp-content\/uploads\/sites\/12\/2017\/08\/ThinCut-Natural-Stone-Ledgestone-1.jpg","type":"image\/jpeg"}],"twitter_card":"summary_large_image","twitter_misc":{"Est. reading time":"1 minute"},"schema":{"@context":"https:\/\/schema.org","@graph":[{"@type":"WebPage","@id":"https:\/\/www.allthingsstone.com\/ca-fr\/product\/ledgestone-thincut-natural-stone-veneer\/","url":"https:\/\/www.allthingsstone.com\/ca-fr\/product\/ledgestone-thincut-natural-stone-veneer\/","name":"Ledgestone de ThinCut\u2122 Natural Stone Veneer | CSI FR","isPartOf":{"@id":"https:\/\/www.allthingsstone.com\/ca-fr\/#website"},"datePublished":"2017-08-10T02:14:01+00:00","dateModified":"2023-08-15T18:15:37+00:00","description":"La collection Ledgestone de ThinCut\u2122 Natural Stone Veneer offre un placage de pierre mince \u00e0 la fois moderne et intemporel. Offertes en une seule couleur, les pierres Platinum Ledgestone pr\u00e9sentent des hauteurs d\u00e9bit\u00e9es uniques et une palette de couleurs somptueuses allant des teintes bleu p\u00e2le \u00e0 fonc\u00e9.","breadcrumb":{"@id":"https:\/\/www.allthingsstone.com\/ca-fr\/product\/ledgestone-thincut-natural-stone-veneer\/#breadcrumb"},"inLanguage":"en-CA","potentialAction":[{"@type":"ReadAction","target":["https:\/\/www.allthingsstone.com\/ca-fr\/product\/ledgestone-thincut-natural-stone-veneer\/"]}]},{"@type":"BreadcrumbList","@id":"https:\/\/www.allthingsstone.com\/ca-fr\/product\/ledgestone-thincut-natural-stone-veneer\/#breadcrumb","itemListElement":[{"@type":"ListItem","position":1,"name":"Home","item":"https:\/\/www.allthingsstone.com\/ca-fr\/"},{"@type":"ListItem","position":2,"name":"Ledgestone &#8211; ThinCut Natural Stone Veneer"}]},{"@type":"WebSite","@id":"https:\/\/www.allthingsstone.com\/ca-fr\/#website","url":"https:\/\/www.allthingsstone.com\/ca-fr\/","name":"CSI - Canadian Stone Industries FR","description":"","potentialAction":[{"@type":"SearchAction","target":{"@type":"EntryPoint","urlTemplate":"https:\/\/www.allthingsstone.com\/ca-fr\/?s={search_term_string}"},"query-input":"required name=search_term_string"}],"inLanguage":"en-CA"}]}},"_links":{"self":[{"href":"https:\/\/www.allthingsstone.com\/ca-fr\/wp-json\/wp\/v2\/product\/14051","targetHints":{"allow":["GET"]}}],"collection":[{"href":"https:\/\/www.allthingsstone.com\/ca-fr\/wp-json\/wp\/v2\/product"}],"about":[{"href":"https:\/\/www.allthingsstone.com\/ca-fr\/wp-json\/wp\/v2\/types\/product"}],"replies":[{"embeddable":true,"href":"https:\/\/www.allthingsstone.com\/ca-fr\/wp-json\/wp\/v2\/comments?post=14051"}],"wp:featuredmedia":[{"embeddable":true,"href":"https:\/\/www.allthingsstone.com\/ca-fr\/wp-json\/wp\/v2\/media\/18415"}],"wp:attachment":[{"href":"https:\/\/www.allthingsstone.com\/ca-fr\/wp-json\/wp\/v2\/media?parent=14051"}],"wp:term":[{"taxonomy":"product_cat","embeddable":true,"href":"https:\/\/www.allthingsstone.com\/ca-fr\/wp-json\/wp\/v2\/product_cat?post=14051"},{"taxonomy":"product_tag","embeddable":true,"href":"https:\/\/www.allthingsstone.com\/ca-fr\/wp-json\/wp\/v2\/product_tag?post=14051"}],"curies":[{"name":"wp","href":"https:\/\/api.w.org\/{rel}","templated":true}]}}