{"id":14050,"date":"2017-08-09T22:15:02","date_gmt":"2017-08-10T02:15:02","guid":{"rendered":"http:\/\/www.allthingsstone.com\/ca-fr\/product\/random-height-thincut-natural-stone-veneer\/"},"modified":"2025-05-07T12:54:22","modified_gmt":"2025-05-07T16:54:22","slug":"random-height-thincut-natural-stone-veneer","status":"publish","type":"product","link":"https:\/\/www.allthingsstone.com\/ca-fr\/product\/random-height-thincut-natural-stone-veneer\/","title":{"rendered":"Random Height &#8211; ThinCut Natural Stone Veneer"},"content":{"rendered":"<div id=\"pl-14050\"  class=\"panel-layout\" ><div id=\"pg-14050-0\"  class=\"panel-grid panel-no-style\" ><div id=\"pgc-14050-0-0\"  class=\"panel-grid-cell\" ><div id=\"panel-14050-0-0-0\" class=\"so-panel widget widget_sow-editor panel-first-child\" data-index=\"0\" ><div\n\t\t\t\n\t\t\tclass=\"so-widget-sow-editor so-widget-sow-editor-base\"\n\t\t\t\n\t\t>\n<div class=\"siteorigin-widget-tinymce textwidget\">\n\t<p>La collection Random Height de ThinCut\u2122 Natural Stone Veneer est un placage de pierre mince, dont le style luxueux est \u00e0 la fois moderne et classique. Selon l\u2019agencement des pierres, la collection donnera un r\u00e9sultat raffin\u00e9 ou rustique et brut. Random Height est compos\u00e9e de pierres \u00e9clat\u00e9es dont la hauteur est celle de l\u2019assise horizontale naturelle form\u00e9e dans le roc il y a des millions d\u2019ann\u00e9es et pr\u00e9lev\u00e9es telles quelles dans la carri\u00e8re. Offerte en une multitude de couleurs, la collection Random Height de ThinCut\u2122 Natural Stone Veneer saura s\u2019agencer \u00e0 n\u2019importe quelle palette dans une installation moderne int\u00e9rieure ou ext\u00e9rieure, qu\u2019elle soit r\u00e9sidentielle ou commerciale.<\/p>\n<ul>\n<li><u>\u00c0 propos de chaque couleur\u00a0:<\/u><\/li>\n<li>- Black Hills Rustic: Elle est compos\u00e9e d\u2019un assortiment des bruns et des bronzages terreux, compens\u00e9s par quelques pi\u00e8ces de couleur rouille.<\/li>\n<li>- Brookhaven: Elle pr\u00e9sente des tons bleu p\u00e2le et gris tr\u00e8s caract\u00e9ristique et une panachure chamois.<\/li>\n<li>- Chestnut Hill Castlerock: La couleur de la pierre varie entre les ors ensoleill\u00e9s, les bruns terreux et les teintes de lin compens\u00e9es par des accents de couleur rouille.<\/li>\n<li>- Mountain Ridge et Rockport Blend: La palette de couleurs de Mountain Ridge varie du bleu-gris plus vif au gris frais et des tons chamois.<\/li>\n<li>- Old River: Elle est compos\u00e9e d\u2019un assortiment de tons gris cendr\u00e9 moyen clair \u00e0 moyen fonc\u00e9.<\/li>\n<li>- Wolf Ridge: Varie des bleus-gris fonc\u00e9s aux gris plus froids et aux gris plus clairs.<\/li>\n<\/ul>\n<\/div>\n<\/div><\/div><div id=\"panel-14050-0-0-1\" class=\"so-panel widget widget_sow-editor panel-last-child\" data-index=\"1\" ><div\n\t\t\t\n\t\t\tclass=\"so-widget-sow-editor so-widget-sow-editor-base\"\n\t\t\t\n\t\t>\n<div class=\"siteorigin-widget-tinymce textwidget\">\n\t<p>Cliquez sur\u00a0<strong><a href=\"https:\/\/www.allthingsstone.com\/ca-fr\/ou-acheter\/\">O\u00f9 acheter<\/a><\/strong>\u00a0pour trouver un d\u00e9taillant agr\u00e9\u00e9 de ThinCut<sup>\u2122<\/sup>\u00a0Natural Stone Veneer pr\u00e8s de chez vous.<\/p>\n<\/div>\n<\/div><\/div><\/div><\/div><\/div>","protected":false},"excerpt":{"rendered":"<p>La collection Random Height de ThinCut\u2122 Natural Stone Veneer est un placage de pierre mince, dont le style luxueux est \u00e0 la fois moderne et &hellip; <a href=\"https:\/\/www.allthingsstone.com\/ca-fr\/product\/random-height-thincut-natural-stone-veneer\/\">Continued<\/a><\/p>\n","protected":false},"featured_media":18413,"comment_status":"open","ping_status":"closed","template":"","meta":{"inline_featured_image":false,"_mi_skip_tracking":false,"_exactmetrics_sitenote_active":false,"_exactmetrics_sitenote_note":"","_exactmetrics_sitenote_category":0},"product_cat":[6533],"product_tag":[6570],"class_list":["post-14050","product","type-product","status-publish","has-post-thumbnail","hentry","product_cat-placage-de-pierre-naturelle","product_tag-thincut-natural-stone-textures","brands-thincut-natural-stone","single_resource-thincut-natural-stone-veneer-brochures"],"acf":[],"yoast_head":"<!-- This site is optimized with the Yoast SEO Premium plugin v21.6 (Yoast SEO v21.6) - https:\/\/yoast.com\/wordpress\/plugins\/seo\/ -->\n<title>Random Height de ThinCut\u2122 Natural Stone Veneer | CSI FR<\/title>\n<meta name=\"description\" content=\"La collection Random Height de ThinCut\u2122 Natural Stone Veneer est un placage de pierre mince, dont le style luxueux est \u00e0 la fois moderne et classique. Selon l\u2019agencement des pierres, la collection donnera un r\u00e9sultat raffin\u00e9 ou rustique et brut.\" \/>\n<meta name=\"robots\" content=\"index, follow, max-snippet:-1, max-image-preview:large, max-video-preview:-1\" \/>\n<link rel=\"canonical\" href=\"https:\/\/www.allthingsstone.com\/ca-fr\/product\/random-height-thincut-natural-stone-veneer\/\" \/>\n<meta property=\"og:locale\" content=\"en_US\" \/>\n<meta property=\"og:type\" content=\"article\" \/>\n<meta property=\"og:title\" content=\"Random Height - ThinCut Natural Stone Veneer\" \/>\n<meta property=\"og:description\" content=\"La collection Random Height de ThinCut\u2122 Natural Stone Veneer est un placage de pierre mince, dont le style luxueux est \u00e0 la fois moderne et classique. Selon l\u2019agencement des pierres, la collection donnera un r\u00e9sultat raffin\u00e9 ou rustique et brut.\" \/>\n<meta property=\"og:url\" content=\"https:\/\/www.allthingsstone.com\/ca-fr\/product\/random-height-thincut-natural-stone-veneer\/\" \/>\n<meta property=\"og:site_name\" content=\"CSI - Canadian Stone Industries FR\" \/>\n<meta property=\"article:modified_time\" content=\"2025-05-07T16:54:22+00:00\" \/>\n<meta property=\"og:image\" content=\"https:\/\/www.allthingsstone.com\/ca-fr\/wp-content\/uploads\/sites\/12\/2017\/08\/ThinCut-Natural-Stone-Random-Height-1.jpg\" \/>\n\t<meta property=\"og:image:width\" content=\"459\" \/>\n\t<meta property=\"og:image:height\" content=\"339\" \/>\n\t<meta property=\"og:image:type\" content=\"image\/jpeg\" \/>\n<meta name=\"twitter:card\" content=\"summary_large_image\" \/>\n<meta name=\"twitter:label1\" content=\"Est. reading time\" \/>\n\t<meta name=\"twitter:data1\" content=\"2 minutes\" \/>\n<script type=\"application\/ld+json\" class=\"yoast-schema-graph\">{\"@context\":\"https:\/\/schema.org\",\"@graph\":[{\"@type\":\"WebPage\",\"@id\":\"https:\/\/www.allthingsstone.com\/ca-fr\/product\/random-height-thincut-natural-stone-veneer\/\",\"url\":\"https:\/\/www.allthingsstone.com\/ca-fr\/product\/random-height-thincut-natural-stone-veneer\/\",\"name\":\"Random Height de ThinCut\u2122 Natural Stone Veneer | CSI FR\",\"isPartOf\":{\"@id\":\"https:\/\/www.allthingsstone.com\/ca-fr\/#website\"},\"datePublished\":\"2017-08-10T02:15:02+00:00\",\"dateModified\":\"2025-05-07T16:54:22+00:00\",\"description\":\"La collection Random Height de ThinCut\u2122 Natural Stone Veneer est un placage de pierre mince, dont le style luxueux est \u00e0 la fois moderne et classique. Selon l\u2019agencement des pierres, la collection donnera un r\u00e9sultat raffin\u00e9 ou rustique et brut.\",\"breadcrumb\":{\"@id\":\"https:\/\/www.allthingsstone.com\/ca-fr\/product\/random-height-thincut-natural-stone-veneer\/#breadcrumb\"},\"inLanguage\":\"en-CA\",\"potentialAction\":[{\"@type\":\"ReadAction\",\"target\":[\"https:\/\/www.allthingsstone.com\/ca-fr\/product\/random-height-thincut-natural-stone-veneer\/\"]}]},{\"@type\":\"BreadcrumbList\",\"@id\":\"https:\/\/www.allthingsstone.com\/ca-fr\/product\/random-height-thincut-natural-stone-veneer\/#breadcrumb\",\"itemListElement\":[{\"@type\":\"ListItem\",\"position\":1,\"name\":\"Home\",\"item\":\"https:\/\/www.allthingsstone.com\/ca-fr\/\"},{\"@type\":\"ListItem\",\"position\":2,\"name\":\"Random Height &#8211; ThinCut Natural Stone Veneer\"}]},{\"@type\":\"WebSite\",\"@id\":\"https:\/\/www.allthingsstone.com\/ca-fr\/#website\",\"url\":\"https:\/\/www.allthingsstone.com\/ca-fr\/\",\"name\":\"CSI - Canadian Stone Industries FR\",\"description\":\"\",\"potentialAction\":[{\"@type\":\"SearchAction\",\"target\":{\"@type\":\"EntryPoint\",\"urlTemplate\":\"https:\/\/www.allthingsstone.com\/ca-fr\/?s={search_term_string}\"},\"query-input\":\"required name=search_term_string\"}],\"inLanguage\":\"en-CA\"}]}<\/script>\n<!-- \/ Yoast SEO Premium plugin. -->","yoast_head_json":{"title":"Random Height de ThinCut\u2122 Natural Stone Veneer | CSI FR","description":"La collection Random Height de ThinCut\u2122 Natural Stone Veneer est un placage de pierre mince, dont le style luxueux est \u00e0 la fois moderne et classique. Selon l\u2019agencement des pierres, la collection donnera un r\u00e9sultat raffin\u00e9 ou rustique et brut.","robots":{"index":"index","follow":"follow","max-snippet":"max-snippet:-1","max-image-preview":"max-image-preview:large","max-video-preview":"max-video-preview:-1"},"canonical":"https:\/\/www.allthingsstone.com\/ca-fr\/product\/random-height-thincut-natural-stone-veneer\/","og_locale":"en_US","og_type":"article","og_title":"Random Height - ThinCut Natural Stone Veneer","og_description":"La collection Random Height de ThinCut\u2122 Natural Stone Veneer est un placage de pierre mince, dont le style luxueux est \u00e0 la fois moderne et classique. Selon l\u2019agencement des pierres, la collection donnera un r\u00e9sultat raffin\u00e9 ou rustique et brut.","og_url":"https:\/\/www.allthingsstone.com\/ca-fr\/product\/random-height-thincut-natural-stone-veneer\/","og_site_name":"CSI - Canadian Stone Industries FR","article_modified_time":"2025-05-07T16:54:22+00:00","og_image":[{"width":459,"height":339,"url":"https:\/\/www.allthingsstone.com\/ca-fr\/wp-content\/uploads\/sites\/12\/2017\/08\/ThinCut-Natural-Stone-Random-Height-1.jpg","type":"image\/jpeg"}],"twitter_card":"summary_large_image","twitter_misc":{"Est. reading time":"2 minutes"},"schema":{"@context":"https:\/\/schema.org","@graph":[{"@type":"WebPage","@id":"https:\/\/www.allthingsstone.com\/ca-fr\/product\/random-height-thincut-natural-stone-veneer\/","url":"https:\/\/www.allthingsstone.com\/ca-fr\/product\/random-height-thincut-natural-stone-veneer\/","name":"Random Height de ThinCut\u2122 Natural Stone Veneer | CSI FR","isPartOf":{"@id":"https:\/\/www.allthingsstone.com\/ca-fr\/#website"},"datePublished":"2017-08-10T02:15:02+00:00","dateModified":"2025-05-07T16:54:22+00:00","description":"La collection Random Height de ThinCut\u2122 Natural Stone Veneer est un placage de pierre mince, dont le style luxueux est \u00e0 la fois moderne et classique. Selon l\u2019agencement des pierres, la collection donnera un r\u00e9sultat raffin\u00e9 ou rustique et brut.","breadcrumb":{"@id":"https:\/\/www.allthingsstone.com\/ca-fr\/product\/random-height-thincut-natural-stone-veneer\/#breadcrumb"},"inLanguage":"en-CA","potentialAction":[{"@type":"ReadAction","target":["https:\/\/www.allthingsstone.com\/ca-fr\/product\/random-height-thincut-natural-stone-veneer\/"]}]},{"@type":"BreadcrumbList","@id":"https:\/\/www.allthingsstone.com\/ca-fr\/product\/random-height-thincut-natural-stone-veneer\/#breadcrumb","itemListElement":[{"@type":"ListItem","position":1,"name":"Home","item":"https:\/\/www.allthingsstone.com\/ca-fr\/"},{"@type":"ListItem","position":2,"name":"Random Height &#8211; ThinCut Natural Stone Veneer"}]},{"@type":"WebSite","@id":"https:\/\/www.allthingsstone.com\/ca-fr\/#website","url":"https:\/\/www.allthingsstone.com\/ca-fr\/","name":"CSI - Canadian Stone Industries FR","description":"","potentialAction":[{"@type":"SearchAction","target":{"@type":"EntryPoint","urlTemplate":"https:\/\/www.allthingsstone.com\/ca-fr\/?s={search_term_string}"},"query-input":"required name=search_term_string"}],"inLanguage":"en-CA"}]}},"_links":{"self":[{"href":"https:\/\/www.allthingsstone.com\/ca-fr\/wp-json\/wp\/v2\/product\/14050","targetHints":{"allow":["GET"]}}],"collection":[{"href":"https:\/\/www.allthingsstone.com\/ca-fr\/wp-json\/wp\/v2\/product"}],"about":[{"href":"https:\/\/www.allthingsstone.com\/ca-fr\/wp-json\/wp\/v2\/types\/product"}],"replies":[{"embeddable":true,"href":"https:\/\/www.allthingsstone.com\/ca-fr\/wp-json\/wp\/v2\/comments?post=14050"}],"wp:featuredmedia":[{"embeddable":true,"href":"https:\/\/www.allthingsstone.com\/ca-fr\/wp-json\/wp\/v2\/media\/18413"}],"wp:attachment":[{"href":"https:\/\/www.allthingsstone.com\/ca-fr\/wp-json\/wp\/v2\/media?parent=14050"}],"wp:term":[{"taxonomy":"product_cat","embeddable":true,"href":"https:\/\/www.allthingsstone.com\/ca-fr\/wp-json\/wp\/v2\/product_cat?post=14050"},{"taxonomy":"product_tag","embeddable":true,"href":"https:\/\/www.allthingsstone.com\/ca-fr\/wp-json\/wp\/v2\/product_tag?post=14050"}],"curies":[{"name":"wp","href":"https:\/\/api.w.org\/{rel}","templated":true}]}}