{"id":14048,"date":"2017-08-10T20:06:00","date_gmt":"2017-08-11T00:06:00","guid":{"rendered":"http:\/\/www.allthingsstone.com\/ca-fr\/product\/ledgestone-versetta-stone\/"},"modified":"2025-07-08T13:01:11","modified_gmt":"2025-07-08T17:01:11","slug":"ledgestone-versetta-stone","status":"publish","type":"product","link":"https:\/\/www.allthingsstone.com\/ca-fr\/product\/ledgestone-versetta-stone\/","title":{"rendered":"2 Ledgestone &#8211; Versetta Stone"},"content":{"rendered":"<div id=\"pl-14048\"  class=\"panel-layout\" ><div id=\"pg-14048-0\"  class=\"panel-grid panel-no-style\" ><div id=\"pgc-14048-0-0\"  class=\"panel-grid-cell\" ><div id=\"panel-14048-0-0-0\" class=\"so-panel widget widget_sow-editor panel-first-child panel-last-child\" data-index=\"0\" ><div\n\t\t\t\n\t\t\tclass=\"so-widget-sow-editor so-widget-sow-editor-base\"\n\t\t\t\n\t\t>\n<div class=\"siteorigin-widget-tinymce textwidget\">\n\t<p>Les panneaux de placage de pierre sans mortier Ledgestone de Versetta Stone<sup>\u00ae<\/sup> pr\u00e9sentent une texture rugueuse et une irr\u00e9gularit\u00e9 propre \u00e0 son design qui leur conf\u00e8rent un aspect expos\u00e9 et us\u00e9, sugg\u00e9rant des ann\u00e9es pass\u00e9es sous les intemp\u00e9ries.<\/p>\n<\/div>\n<\/div><\/div><\/div><\/div><div id=\"pg-14048-1\"  class=\"panel-grid panel-no-style\" ><div id=\"pgc-14048-1-0\"  class=\"panel-grid-cell\" ><div id=\"panel-14048-1-0-0\" class=\"so-panel widget widget_sow-image panel-first-child panel-last-child\" data-index=\"1\" ><div\n\t\t\t\n\t\t\tclass=\"so-widget-sow-image so-widget-sow-image-default-c67d20f9f743-14048\"\n\t\t\t\n\t\t>\n\n<div class=\"sow-image-container\">\n\t\t<img decoding=\"async\" src=\"https:\/\/www.allthingsstone.com\/ca-fr\/wp-content\/uploads\/sites\/12\/2017\/08\/Versetta-Stone-Ledgestone-Mission-Point-Flat-scaled.jpg\" width=\"400\" height=\"300\" srcset=\"https:\/\/www.allthingsstone.com\/ca-fr\/wp-content\/uploads\/sites\/12\/2017\/08\/Versetta-Stone-Ledgestone-Mission-Point-Flat-scaled.jpg 2048w, https:\/\/www.allthingsstone.com\/ca-fr\/wp-content\/uploads\/sites\/12\/2017\/08\/Versetta-Stone-Ledgestone-Mission-Point-Flat-300x182.jpg 300w, https:\/\/www.allthingsstone.com\/ca-fr\/wp-content\/uploads\/sites\/12\/2017\/08\/Versetta-Stone-Ledgestone-Mission-Point-Flat-1024x620.jpg 1024w, https:\/\/www.allthingsstone.com\/ca-fr\/wp-content\/uploads\/sites\/12\/2017\/08\/Versetta-Stone-Ledgestone-Mission-Point-Flat-768x465.jpg 768w, https:\/\/www.allthingsstone.com\/ca-fr\/wp-content\/uploads\/sites\/12\/2017\/08\/Versetta-Stone-Ledgestone-Mission-Point-Flat-1536x930.jpg 1536w, https:\/\/www.allthingsstone.com\/ca-fr\/wp-content\/uploads\/sites\/12\/2017\/08\/Versetta-Stone-Ledgestone-Mission-Point-Flat-600x363.jpg 600w\" sizes=\"auto, (max-width: 400px) 100vw, 400px\" title=\"Versetta Stone\u00ae - Ledgestone, Mission Point\u2122 Flat\" alt=\"Versetta Stone\u00ae - Ledgestone, Mission Point\u2122 Flat\" loading=\"lazy\" \t\tclass=\"so-widget-image\"\/>\n\t<\/div>\n\n<\/div><\/div><\/div><div id=\"pgc-14048-1-1\"  class=\"panel-grid-cell\" ><div id=\"panel-14048-1-1-0\" class=\"so-panel widget widget_sow-image panel-first-child panel-last-child\" data-index=\"2\" ><div\n\t\t\t\n\t\t\tclass=\"so-widget-sow-image so-widget-sow-image-default-c67d20f9f743-14048\"\n\t\t\t\n\t\t>\n\n<div class=\"sow-image-container\">\n\t\t<img decoding=\"async\" src=\"https:\/\/www.allthingsstone.com\/ca-fr\/wp-content\/uploads\/sites\/12\/2017\/08\/Versetta-Stone-Ledgestone-Mission-Point-Corner-scaled.jpg\" width=\"400\" height=\"300\" srcset=\"https:\/\/www.allthingsstone.com\/ca-fr\/wp-content\/uploads\/sites\/12\/2017\/08\/Versetta-Stone-Ledgestone-Mission-Point-Corner-scaled.jpg 2048w, https:\/\/www.allthingsstone.com\/ca-fr\/wp-content\/uploads\/sites\/12\/2017\/08\/Versetta-Stone-Ledgestone-Mission-Point-Corner-300x172.jpg 300w, https:\/\/www.allthingsstone.com\/ca-fr\/wp-content\/uploads\/sites\/12\/2017\/08\/Versetta-Stone-Ledgestone-Mission-Point-Corner-1024x587.jpg 1024w, https:\/\/www.allthingsstone.com\/ca-fr\/wp-content\/uploads\/sites\/12\/2017\/08\/Versetta-Stone-Ledgestone-Mission-Point-Corner-768x440.jpg 768w, https:\/\/www.allthingsstone.com\/ca-fr\/wp-content\/uploads\/sites\/12\/2017\/08\/Versetta-Stone-Ledgestone-Mission-Point-Corner-1536x881.jpg 1536w, https:\/\/www.allthingsstone.com\/ca-fr\/wp-content\/uploads\/sites\/12\/2017\/08\/Versetta-Stone-Ledgestone-Mission-Point-Corner-600x344.jpg 600w\" sizes=\"auto, (max-width: 400px) 100vw, 400px\" title=\"Versetta Stone\u00ae - Ledgestone, Mission Point\u2122 Corner\" alt=\"Versetta Stone\u00ae - Ledgestone, Mission Point\u2122 Corner\" loading=\"lazy\" \t\tclass=\"so-widget-image\"\/>\n\t<\/div>\n\n<\/div><\/div><\/div><\/div><div id=\"pg-14048-2\"  class=\"panel-grid panel-no-style\" ><div id=\"pgc-14048-2-0\"  class=\"panel-grid-cell\" ><div id=\"panel-14048-2-0-0\" class=\"so-panel widget widget_sow-editor panel-first-child panel-last-child\" data-index=\"3\" ><div\n\t\t\t\n\t\t\tclass=\"so-widget-sow-editor so-widget-sow-editor-base\"\n\t\t\t\n\t\t>\n<div class=\"siteorigin-widget-tinymce textwidget\">\n\t<h5 style=\"text-align: center\"><span style=\"text-decoration: underline;color: #808080\">Panneau plat<\/span><\/h5>\n<\/div>\n<\/div><\/div><\/div><div id=\"pgc-14048-2-1\"  class=\"panel-grid-cell\" ><div id=\"panel-14048-2-1-0\" class=\"so-panel widget widget_sow-editor panel-first-child panel-last-child\" data-index=\"4\" ><div\n\t\t\t\n\t\t\tclass=\"so-widget-sow-editor so-widget-sow-editor-base\"\n\t\t\t\n\t\t>\n<div class=\"siteorigin-widget-tinymce textwidget\">\n\t<h5 style=\"text-align: center\"><span style=\"text-decoration: underline;color: #808080\">Coin universel<\/span><\/h5>\n<\/div>\n<\/div><\/div><\/div><\/div><div id=\"pg-14048-3\"  class=\"panel-grid panel-no-style\" ><div id=\"pgc-14048-3-0\"  class=\"panel-grid-cell\" ><div id=\"panel-14048-3-0-0\" class=\"so-panel widget widget_sow-editor panel-first-child\" data-index=\"5\" ><div\n\t\t\t\n\t\t\tclass=\"so-widget-sow-editor so-widget-sow-editor-base\"\n\t\t\t\n\t\t>\n<div class=\"siteorigin-widget-tinymce textwidget\">\n\t<h5>Installation :<\/h5>\n<ul>\n<li>Les panneaux de placage de pierre sans mortier Versetta Stone<sup>\u00ae<\/sup>\u00a0sont rapides et simples \u00e0 installer \u00e0 l\u2019aide d\u2019attaches m\u00e9caniques.<\/li>\n<li>\u2013 Installation avec des clous ou des vis<\/li>\n<li>\u2013 Installation sans latte m\u00e9tallique ni couche \u00e9rafl\u00e9e<\/li>\n<li>\u2013 Panneaux embo\u00eetables avec syst\u00e8me de languettes et rainures<\/li>\n<li>\u2013 \u00c9cran pare-pluie int\u00e9gr\u00e9<\/li>\n<li>\u2013 Trous d\u2019\u00e9vacuation pr\u00e9-perc\u00e9s pour laisser s\u2019\u00e9couler l\u2019eau<\/li>\n<li>\u2013 Aucune restriction saisonni\u00e8re lors de l\u2019installation<\/li>\n<\/ul>\n<p><em>*Consultez les\u00a0<a href=\"https:\/\/www.allthingsstone.com\/ca-fr\/single-resource\/versetta-stone-resources\/\">Ressources Versetta Stone<sup>\u00ae<\/sup><\/a>\u00a0pour conna\u00eetre des r\u00e9sultats de tests exclusifs et obtenir d\u2019autres informations techniques.<\/em><\/p>\n<\/div>\n<\/div><\/div><div id=\"panel-14048-3-0-1\" class=\"so-panel widget widget_sow-editor panel-last-child\" data-index=\"6\" ><div\n\t\t\t\n\t\t\tclass=\"so-widget-sow-editor so-widget-sow-editor-base\"\n\t\t\t\n\t\t>\n<div class=\"siteorigin-widget-tinymce textwidget\">\n\t<ul>\n<li>\n<div id=\"pgc-9804-0-0\" class=\"panel-grid-cell\">\n<div id=\"panel-9804-0-0-2\" class=\"so-panel widget widget_sow-editor panel-last-child\">\n<div class=\"so-widget-sow-editor so-widget-sow-editor-base\">\n<div class=\"siteorigin-widget-tinymce textwidget\">\n<p>Pour trouver un d\u00e9taillant Ledgestone de Versetta Stone<sup>\u00ae<\/sup>\u00a0dans votre r\u00e9gion cliquez sur\u00a0<strong><a href=\"http:\/\/www.allthingsstone.com\/ca-fr\/ou-acheter\/\">O\u00f9 acheter<\/a><\/strong>.<\/p>\n<\/div>\n<\/div>\n<\/div>\n<\/div>\n<\/li>\n<\/ul>\n<\/div>\n<\/div><\/div><\/div><\/div><\/div>","protected":false},"excerpt":{"rendered":"<p>Les panneaux de placage de pierre sans mortier Ledgestone de Versetta Stone\u00ae pr\u00e9sentent une texture rugueuse et une irr\u00e9gularit\u00e9 propre \u00e0 son design qui leur &hellip; <a href=\"https:\/\/www.allthingsstone.com\/ca-fr\/product\/ledgestone-versetta-stone\/\">Continued<\/a><\/p>\n","protected":false},"featured_media":20258,"comment_status":"open","ping_status":"closed","template":"","meta":{"inline_featured_image":false,"_mi_skip_tracking":false,"_exactmetrics_sitenote_active":false,"_exactmetrics_sitenote_note":"","_exactmetrics_sitenote_category":0},"product_cat":[6535],"product_tag":[6569],"class_list":["post-14048","product","type-product","status-publish","has-post-thumbnail","hentry","product_cat-revetement-de-pierre","product_tag-versetta-stone-system-components","brands-versetta-stone","single_resource-versetta-stone-resources"],"acf":[],"yoast_head":"<!-- This site is optimized with the Yoast SEO Premium plugin v21.6 (Yoast SEO v21.6) - https:\/\/yoast.com\/wordpress\/plugins\/seo\/ -->\n<title>Ledgestone de Versetta Stone\u00ae | CSI FR<\/title>\n<meta name=\"description\" content=\"Les panneaux de placage de pierre sans mortier Ledgestone de Versetta Stone\u00ae pr\u00e9sentent une texture rugueuse et une irr\u00e9gularit\u00e9 propre \u00e0 son design qui leur conf\u00e8rent un aspect expos\u00e9 et us\u00e9, sugg\u00e9rant des ann\u00e9es pass\u00e9es sous les intemp\u00e9ries.\" \/>\n<meta name=\"robots\" content=\"index, follow, max-snippet:-1, max-image-preview:large, max-video-preview:-1\" \/>\n<link rel=\"canonical\" href=\"https:\/\/www.allthingsstone.com\/ca-fr\/product\/ledgestone-versetta-stone\/\" \/>\n<meta property=\"og:locale\" content=\"en_US\" \/>\n<meta property=\"og:type\" content=\"article\" \/>\n<meta property=\"og:title\" content=\"2 Ledgestone - Versetta Stone\" \/>\n<meta property=\"og:description\" content=\"Les panneaux de placage de pierre sans mortier Ledgestone de Versetta Stone\u00ae pr\u00e9sentent une texture rugueuse et une irr\u00e9gularit\u00e9 propre \u00e0 son design qui leur conf\u00e8rent un aspect expos\u00e9 et us\u00e9, sugg\u00e9rant des ann\u00e9es pass\u00e9es sous les intemp\u00e9ries.\" \/>\n<meta property=\"og:url\" content=\"https:\/\/www.allthingsstone.com\/ca-fr\/product\/ledgestone-versetta-stone\/\" \/>\n<meta property=\"og:site_name\" content=\"CSI - Canadian Stone Industries FR\" \/>\n<meta property=\"article:modified_time\" content=\"2025-07-08T17:01:11+00:00\" \/>\n<meta property=\"og:image\" content=\"https:\/\/www.allthingsstone.com\/ca-fr\/wp-content\/uploads\/sites\/12\/2018\/04\/Versetta-Stone-Ledgestone.png\" \/>\n\t<meta property=\"og:image:width\" content=\"459\" \/>\n\t<meta property=\"og:image:height\" content=\"339\" \/>\n\t<meta property=\"og:image:type\" content=\"image\/png\" \/>\n<meta name=\"twitter:card\" content=\"summary_large_image\" \/>\n<meta name=\"twitter:label1\" content=\"Est. reading time\" \/>\n\t<meta name=\"twitter:data1\" content=\"2 minutes\" \/>\n<script type=\"application\/ld+json\" class=\"yoast-schema-graph\">{\"@context\":\"https:\/\/schema.org\",\"@graph\":[{\"@type\":\"WebPage\",\"@id\":\"https:\/\/www.allthingsstone.com\/ca-fr\/product\/ledgestone-versetta-stone\/\",\"url\":\"https:\/\/www.allthingsstone.com\/ca-fr\/product\/ledgestone-versetta-stone\/\",\"name\":\"Ledgestone de Versetta Stone\u00ae | CSI FR\",\"isPartOf\":{\"@id\":\"https:\/\/www.allthingsstone.com\/ca-fr\/#website\"},\"datePublished\":\"2017-08-11T00:06:00+00:00\",\"dateModified\":\"2025-07-08T17:01:11+00:00\",\"description\":\"Les panneaux de placage de pierre sans mortier Ledgestone de Versetta Stone\u00ae pr\u00e9sentent une texture rugueuse et une irr\u00e9gularit\u00e9 propre \u00e0 son design qui leur conf\u00e8rent un aspect expos\u00e9 et us\u00e9, sugg\u00e9rant des ann\u00e9es pass\u00e9es sous les intemp\u00e9ries.\",\"breadcrumb\":{\"@id\":\"https:\/\/www.allthingsstone.com\/ca-fr\/product\/ledgestone-versetta-stone\/#breadcrumb\"},\"inLanguage\":\"en-CA\",\"potentialAction\":[{\"@type\":\"ReadAction\",\"target\":[\"https:\/\/www.allthingsstone.com\/ca-fr\/product\/ledgestone-versetta-stone\/\"]}]},{\"@type\":\"BreadcrumbList\",\"@id\":\"https:\/\/www.allthingsstone.com\/ca-fr\/product\/ledgestone-versetta-stone\/#breadcrumb\",\"itemListElement\":[{\"@type\":\"ListItem\",\"position\":1,\"name\":\"Home\",\"item\":\"https:\/\/www.allthingsstone.com\/ca-fr\/\"},{\"@type\":\"ListItem\",\"position\":2,\"name\":\"2 Ledgestone &#8211; Versetta Stone\"}]},{\"@type\":\"WebSite\",\"@id\":\"https:\/\/www.allthingsstone.com\/ca-fr\/#website\",\"url\":\"https:\/\/www.allthingsstone.com\/ca-fr\/\",\"name\":\"CSI - Canadian Stone Industries FR\",\"description\":\"\",\"potentialAction\":[{\"@type\":\"SearchAction\",\"target\":{\"@type\":\"EntryPoint\",\"urlTemplate\":\"https:\/\/www.allthingsstone.com\/ca-fr\/?s={search_term_string}\"},\"query-input\":\"required name=search_term_string\"}],\"inLanguage\":\"en-CA\"}]}<\/script>\n<!-- \/ Yoast SEO Premium plugin. -->","yoast_head_json":{"title":"Ledgestone de Versetta Stone\u00ae | CSI FR","description":"Les panneaux de placage de pierre sans mortier Ledgestone de Versetta Stone\u00ae pr\u00e9sentent une texture rugueuse et une irr\u00e9gularit\u00e9 propre \u00e0 son design qui leur conf\u00e8rent un aspect expos\u00e9 et us\u00e9, sugg\u00e9rant des ann\u00e9es pass\u00e9es sous les intemp\u00e9ries.","robots":{"index":"index","follow":"follow","max-snippet":"max-snippet:-1","max-image-preview":"max-image-preview:large","max-video-preview":"max-video-preview:-1"},"canonical":"https:\/\/www.allthingsstone.com\/ca-fr\/product\/ledgestone-versetta-stone\/","og_locale":"en_US","og_type":"article","og_title":"2 Ledgestone - Versetta Stone","og_description":"Les panneaux de placage de pierre sans mortier Ledgestone de Versetta Stone\u00ae pr\u00e9sentent une texture rugueuse et une irr\u00e9gularit\u00e9 propre \u00e0 son design qui leur conf\u00e8rent un aspect expos\u00e9 et us\u00e9, sugg\u00e9rant des ann\u00e9es pass\u00e9es sous les intemp\u00e9ries.","og_url":"https:\/\/www.allthingsstone.com\/ca-fr\/product\/ledgestone-versetta-stone\/","og_site_name":"CSI - Canadian Stone Industries FR","article_modified_time":"2025-07-08T17:01:11+00:00","og_image":[{"width":459,"height":339,"url":"https:\/\/www.allthingsstone.com\/ca-fr\/wp-content\/uploads\/sites\/12\/2018\/04\/Versetta-Stone-Ledgestone.png","type":"image\/png"}],"twitter_card":"summary_large_image","twitter_misc":{"Est. reading time":"2 minutes"},"schema":{"@context":"https:\/\/schema.org","@graph":[{"@type":"WebPage","@id":"https:\/\/www.allthingsstone.com\/ca-fr\/product\/ledgestone-versetta-stone\/","url":"https:\/\/www.allthingsstone.com\/ca-fr\/product\/ledgestone-versetta-stone\/","name":"Ledgestone de Versetta Stone\u00ae | CSI FR","isPartOf":{"@id":"https:\/\/www.allthingsstone.com\/ca-fr\/#website"},"datePublished":"2017-08-11T00:06:00+00:00","dateModified":"2025-07-08T17:01:11+00:00","description":"Les panneaux de placage de pierre sans mortier Ledgestone de Versetta Stone\u00ae pr\u00e9sentent une texture rugueuse et une irr\u00e9gularit\u00e9 propre \u00e0 son design qui leur conf\u00e8rent un aspect expos\u00e9 et us\u00e9, sugg\u00e9rant des ann\u00e9es pass\u00e9es sous les intemp\u00e9ries.","breadcrumb":{"@id":"https:\/\/www.allthingsstone.com\/ca-fr\/product\/ledgestone-versetta-stone\/#breadcrumb"},"inLanguage":"en-CA","potentialAction":[{"@type":"ReadAction","target":["https:\/\/www.allthingsstone.com\/ca-fr\/product\/ledgestone-versetta-stone\/"]}]},{"@type":"BreadcrumbList","@id":"https:\/\/www.allthingsstone.com\/ca-fr\/product\/ledgestone-versetta-stone\/#breadcrumb","itemListElement":[{"@type":"ListItem","position":1,"name":"Home","item":"https:\/\/www.allthingsstone.com\/ca-fr\/"},{"@type":"ListItem","position":2,"name":"2 Ledgestone &#8211; Versetta Stone"}]},{"@type":"WebSite","@id":"https:\/\/www.allthingsstone.com\/ca-fr\/#website","url":"https:\/\/www.allthingsstone.com\/ca-fr\/","name":"CSI - Canadian Stone Industries FR","description":"","potentialAction":[{"@type":"SearchAction","target":{"@type":"EntryPoint","urlTemplate":"https:\/\/www.allthingsstone.com\/ca-fr\/?s={search_term_string}"},"query-input":"required name=search_term_string"}],"inLanguage":"en-CA"}]}},"_links":{"self":[{"href":"https:\/\/www.allthingsstone.com\/ca-fr\/wp-json\/wp\/v2\/product\/14048","targetHints":{"allow":["GET"]}}],"collection":[{"href":"https:\/\/www.allthingsstone.com\/ca-fr\/wp-json\/wp\/v2\/product"}],"about":[{"href":"https:\/\/www.allthingsstone.com\/ca-fr\/wp-json\/wp\/v2\/types\/product"}],"replies":[{"embeddable":true,"href":"https:\/\/www.allthingsstone.com\/ca-fr\/wp-json\/wp\/v2\/comments?post=14048"}],"wp:featuredmedia":[{"embeddable":true,"href":"https:\/\/www.allthingsstone.com\/ca-fr\/wp-json\/wp\/v2\/media\/20258"}],"wp:attachment":[{"href":"https:\/\/www.allthingsstone.com\/ca-fr\/wp-json\/wp\/v2\/media?parent=14048"}],"wp:term":[{"taxonomy":"product_cat","embeddable":true,"href":"https:\/\/www.allthingsstone.com\/ca-fr\/wp-json\/wp\/v2\/product_cat?post=14048"},{"taxonomy":"product_tag","embeddable":true,"href":"https:\/\/www.allthingsstone.com\/ca-fr\/wp-json\/wp\/v2\/product_tag?post=14048"}],"curies":[{"name":"wp","href":"https:\/\/api.w.org\/{rel}","templated":true}]}}