{"id":14046,"date":"2017-08-10T20:21:38","date_gmt":"2017-08-11T00:21:38","guid":{"rendered":"http:\/\/www.allthingsstone.com\/ca-fr\/product\/rebord-wainscot-cap\/"},"modified":"2025-02-05T17:12:06","modified_gmt":"2025-02-05T22:12:06","slug":"rebord-wainscot-cap","status":"publish","type":"product","link":"https:\/\/www.allthingsstone.com\/ca-fr\/product\/rebord-wainscot-cap\/","title":{"rendered":"91 Wainscot Cap\/Sill &#8211; Versetta Stone"},"content":{"rendered":"<div id=\"pl-14046\"  class=\"panel-layout\" ><div id=\"pg-14046-0\"  class=\"panel-grid panel-no-style\" ><div id=\"pgc-14046-0-0\"  class=\"panel-grid-cell\" ><div id=\"panel-14046-0-0-0\" class=\"so-panel widget widget_sow-editor panel-first-child\" data-index=\"0\" ><div\n\t\t\t\n\t\t\tclass=\"so-widget-sow-editor so-widget-sow-editor-base\"\n\t\t\t\n\t\t>\n<div class=\"siteorigin-widget-tinymce textwidget\">\n\t<div class=\"siteorigin-widget-tinymce textwidget\">\n<div class=\"siteorigin-widget-tinymce textwidget\">\n<p>Le rebord compl\u00e8te \u00e0 merveille les panneaux de placage de pierre sans mortier Versetta Stone<sup>\u00ae<\/sup>. Cet accessoire a une allure superbe avec toutes les couleurs et les textures de panneaux Versetta Stone<sup>\u00ae<\/sup>. Utilisez le rebord pour mettre la touche finale d\u00e9sir\u00e9e \u00e0 votre projet sans utiliser de mortier, sans l\u2019aide d\u2019un ma\u00e7on et sans faire de g\u00e2chis.<\/p>\n<\/div>\n<\/div>\n<\/div>\n<\/div><\/div><div id=\"panel-14046-0-0-1\" class=\"so-panel widget widget_sow-editor\" data-index=\"1\" ><div\n\t\t\t\n\t\t\tclass=\"so-widget-sow-editor so-widget-sow-editor-base\"\n\t\t\t\n\t\t>\n<div class=\"siteorigin-widget-tinymce textwidget\">\n\t<div class=\"siteorigin-widget-tinymce textwidget\">\n<div class=\"siteorigin-widget-tinymce textwidget\">\n<ul class=\"list\">\n<li class=\"list__item\">\n<h5>Caract\u00e9ristiques de Rebord Wainscot Cap de Versetta Stone<sup>\u00ae<\/sup>:<\/h5>\n<\/li>\n<\/ul>\n<ul>\n<li>\u2013 Compl\u00e8te \u00e0 merveille les panneaux de placage Versetta Stone<sup>\u00ae<\/sup><\/li>\n<li>\u2013 Pour utilisations int\u00e9rieures et ext\u00e9rieures<\/li>\n<li>\u2013 Aucun mortier, moins de g\u00e2chis<\/li>\n<li>\u2013 R\u00e9siste au gel et au d\u00e9gel, aux vents d\u2019intensit\u00e9 normale et \u00e0 la chaleur<\/li>\n<li>\u2013 Peut \u00eatre install\u00e9 quelles que soient les conditions m\u00e9t\u00e9o<\/li>\n<\/ul>\n<\/div>\n<\/div>\n<\/div>\n<\/div><\/div><div id=\"panel-14046-0-0-2\" class=\"so-panel widget widget_sow-editor\" data-index=\"2\" ><div\n\t\t\t\n\t\t\tclass=\"so-widget-sow-editor so-widget-sow-editor-base\"\n\t\t\t\n\t\t>\n<div class=\"siteorigin-widget-tinymce textwidget\">\n\t<ul>\n<li>\n<h5>Support de fixation m\u00e9tallique :<\/h5>\n<\/li>\n<li>Des supports de fixation m\u00e9talliques en option peuvent \u00eatre requis pour maintenir le rebord en place. Deux supports de fixation sont requis par rebord.<\/li>\n<li>&lt;br&gt;<\/li>\n<li>Dimensions du support de fixation m\u00e9tallique\u00a0:\n<ul>\n<li>\u00a0 \u00a0 \u00a0- Longueur : 16\"<\/li>\n<li>\u00a0 \u00a0 \u00a0- Hauteur : 1\u00bd\"<\/li>\n<\/ul>\n<\/li>\n<li><\/li>\n<li><img loading=\"lazy\" decoding=\"async\" class=\"alignnone size-medium wp-image-6934\" src=\"http:\/\/www.allthingsstone.com\/ca-fr\/wp-content\/uploads\/sites\/12\/2017\/08\/VS-Metal-Bracket-300x104.png\" alt=\"\" width=\"300\" height=\"104\" srcset=\"https:\/\/www.allthingsstone.com\/ca-fr\/wp-content\/uploads\/sites\/12\/2017\/08\/VS-Metal-Bracket-300x104.png 300w, https:\/\/www.allthingsstone.com\/ca-fr\/wp-content\/uploads\/sites\/12\/2017\/08\/VS-Metal-Bracket-768x265.png 768w, https:\/\/www.allthingsstone.com\/ca-fr\/wp-content\/uploads\/sites\/12\/2017\/08\/VS-Metal-Bracket-1024x354.png 1024w\" sizes=\"auto, (max-width: 300px) 100vw, 300px\" \/><\/li>\n<\/ul>\n<\/div>\n<\/div><\/div><div id=\"panel-14046-0-0-3\" class=\"so-panel widget widget_sow-editor\" data-index=\"3\" ><div\n\t\t\t\n\t\t\tclass=\"so-widget-sow-editor so-widget-sow-editor-base\"\n\t\t\t\n\t\t>\n<div class=\"siteorigin-widget-tinymce textwidget\">\n\t<p>Vous cherchez une all\u00e8ge au style \u00e9pur\u00e9 et moderne? Les all\u00e8ges Cast-Fit<sup>\u00ae<\/sup> de Cultured Stone<sup>\u00ae<\/sup> s\u2019agencent parfaitement \u00e0 n\u2019importe quel panneau Versetta Stone<sup>\u00ae<\/sup>. Cliquez ici pour voir les <a href=\"https:\/\/www.allthingsstone.com\/ca-fr\/product\/cast-fit-watertable-sill-cultured-stone\/\"><strong>cinq options de couleurs de Cast-Fit<sup>\u00ae<\/sup><\/strong><\/a>.<\/p>\n<\/div>\n<\/div><\/div><div id=\"panel-14046-0-0-4\" class=\"so-panel widget widget_sow-editor panel-last-child\" data-index=\"4\" ><div\n\t\t\t\n\t\t\tclass=\"so-widget-sow-editor so-widget-sow-editor-base\"\n\t\t\t\n\t\t>\n<div class=\"siteorigin-widget-tinymce textwidget\">\n\t<p>Pour trouver un d\u00e9taillant rebord de Versetta Stone<sup>\u00ae<\/sup> dans votre r\u00e9gion cliquez sur <strong><a href=\"http:\/\/www.allthingsstone.com\/ca-fr\/ou-acheter\/\">O\u00f9 acheter<\/a><\/strong>.<\/p>\n<\/div>\n<\/div><\/div><\/div><\/div><\/div>","protected":false},"excerpt":{"rendered":"<p>Le rebord compl\u00e8te \u00e0 merveille les panneaux de placage de pierre sans mortier Versetta Stone\u00ae. Cet accessoire a une allure superbe avec toutes les couleurs &hellip; <a href=\"https:\/\/www.allthingsstone.com\/ca-fr\/product\/rebord-wainscot-cap\/\">Continued<\/a><\/p>\n","protected":false},"featured_media":15570,"comment_status":"open","ping_status":"closed","template":"","meta":{"inline_featured_image":false,"_mi_skip_tracking":false,"_exactmetrics_sitenote_active":false,"_exactmetrics_sitenote_note":"","_exactmetrics_sitenote_category":0},"product_cat":[6535],"product_tag":[6569],"class_list":["post-14046","product","type-product","status-publish","has-post-thumbnail","hentry","product_cat-revetement-de-pierre","product_tag-versetta-stone-system-components","brands-versetta-stone","single_resource-versetta-stone-resources"],"acf":[],"yoast_head":"<!-- This site is optimized with the Yoast SEO Premium plugin v21.6 (Yoast SEO v21.6) - https:\/\/yoast.com\/wordpress\/plugins\/seo\/ -->\n<title>Rebord Wainscot Cap de Versetta Stone\u00ae | CSI FR<\/title>\n<meta name=\"description\" content=\"Le rebord compl\u00e8te \u00e0 merveille les panneaux de placage de pierre sans mortier Versetta Stone\u00ae. Cet accessoire a une allure superbe avec toutes les couleurs et les textures de panneaux Versetta Stone\u00ae.\" \/>\n<meta name=\"robots\" content=\"index, follow, max-snippet:-1, max-image-preview:large, max-video-preview:-1\" \/>\n<link rel=\"canonical\" href=\"https:\/\/www.allthingsstone.com\/ca-fr\/product\/rebord-wainscot-cap\/\" \/>\n<meta property=\"og:locale\" content=\"en_US\" \/>\n<meta property=\"og:type\" content=\"article\" \/>\n<meta property=\"og:title\" content=\"91 Wainscot Cap\/Sill - Versetta Stone\" \/>\n<meta property=\"og:description\" content=\"Le rebord compl\u00e8te \u00e0 merveille les panneaux de placage de pierre sans mortier Versetta Stone\u00ae. Cet accessoire a une allure superbe avec toutes les couleurs et les textures de panneaux Versetta Stone\u00ae.\" \/>\n<meta property=\"og:url\" content=\"https:\/\/www.allthingsstone.com\/ca-fr\/product\/rebord-wainscot-cap\/\" \/>\n<meta property=\"og:site_name\" content=\"CSI - Canadian Stone Industries FR\" \/>\n<meta property=\"article:modified_time\" content=\"2025-02-05T22:12:06+00:00\" \/>\n<meta property=\"og:image\" content=\"https:\/\/www.allthingsstone.com\/ca-fr\/wp-content\/uploads\/sites\/12\/2017\/08\/Versetta-Stone-Wainscot-CapSill.png\" \/>\n\t<meta property=\"og:image:width\" content=\"500\" \/>\n\t<meta property=\"og:image:height\" content=\"500\" \/>\n\t<meta property=\"og:image:type\" content=\"image\/png\" \/>\n<meta name=\"twitter:card\" content=\"summary_large_image\" \/>\n<meta name=\"twitter:label1\" content=\"Est. reading time\" \/>\n\t<meta name=\"twitter:data1\" content=\"2 minutes\" \/>\n<script type=\"application\/ld+json\" class=\"yoast-schema-graph\">{\"@context\":\"https:\/\/schema.org\",\"@graph\":[{\"@type\":\"WebPage\",\"@id\":\"https:\/\/www.allthingsstone.com\/ca-fr\/product\/rebord-wainscot-cap\/\",\"url\":\"https:\/\/www.allthingsstone.com\/ca-fr\/product\/rebord-wainscot-cap\/\",\"name\":\"Rebord Wainscot Cap de Versetta Stone\u00ae | CSI FR\",\"isPartOf\":{\"@id\":\"https:\/\/www.allthingsstone.com\/ca-fr\/#website\"},\"datePublished\":\"2017-08-11T00:21:38+00:00\",\"dateModified\":\"2025-02-05T22:12:06+00:00\",\"description\":\"Le rebord compl\u00e8te \u00e0 merveille les panneaux de placage de pierre sans mortier Versetta Stone\u00ae. Cet accessoire a une allure superbe avec toutes les couleurs et les textures de panneaux Versetta Stone\u00ae.\",\"breadcrumb\":{\"@id\":\"https:\/\/www.allthingsstone.com\/ca-fr\/product\/rebord-wainscot-cap\/#breadcrumb\"},\"inLanguage\":\"en-CA\",\"potentialAction\":[{\"@type\":\"ReadAction\",\"target\":[\"https:\/\/www.allthingsstone.com\/ca-fr\/product\/rebord-wainscot-cap\/\"]}]},{\"@type\":\"BreadcrumbList\",\"@id\":\"https:\/\/www.allthingsstone.com\/ca-fr\/product\/rebord-wainscot-cap\/#breadcrumb\",\"itemListElement\":[{\"@type\":\"ListItem\",\"position\":1,\"name\":\"Home\",\"item\":\"https:\/\/www.allthingsstone.com\/ca-fr\/\"},{\"@type\":\"ListItem\",\"position\":2,\"name\":\"91 Wainscot Cap\/Sill &#8211; Versetta Stone\"}]},{\"@type\":\"WebSite\",\"@id\":\"https:\/\/www.allthingsstone.com\/ca-fr\/#website\",\"url\":\"https:\/\/www.allthingsstone.com\/ca-fr\/\",\"name\":\"CSI - Canadian Stone Industries FR\",\"description\":\"\",\"potentialAction\":[{\"@type\":\"SearchAction\",\"target\":{\"@type\":\"EntryPoint\",\"urlTemplate\":\"https:\/\/www.allthingsstone.com\/ca-fr\/?s={search_term_string}\"},\"query-input\":\"required name=search_term_string\"}],\"inLanguage\":\"en-CA\"}]}<\/script>\n<!-- \/ Yoast SEO Premium plugin. -->","yoast_head_json":{"title":"Rebord Wainscot Cap de Versetta Stone\u00ae | CSI FR","description":"Le rebord compl\u00e8te \u00e0 merveille les panneaux de placage de pierre sans mortier Versetta Stone\u00ae. Cet accessoire a une allure superbe avec toutes les couleurs et les textures de panneaux Versetta Stone\u00ae.","robots":{"index":"index","follow":"follow","max-snippet":"max-snippet:-1","max-image-preview":"max-image-preview:large","max-video-preview":"max-video-preview:-1"},"canonical":"https:\/\/www.allthingsstone.com\/ca-fr\/product\/rebord-wainscot-cap\/","og_locale":"en_US","og_type":"article","og_title":"91 Wainscot Cap\/Sill - Versetta Stone","og_description":"Le rebord compl\u00e8te \u00e0 merveille les panneaux de placage de pierre sans mortier Versetta Stone\u00ae. Cet accessoire a une allure superbe avec toutes les couleurs et les textures de panneaux Versetta Stone\u00ae.","og_url":"https:\/\/www.allthingsstone.com\/ca-fr\/product\/rebord-wainscot-cap\/","og_site_name":"CSI - Canadian Stone Industries FR","article_modified_time":"2025-02-05T22:12:06+00:00","og_image":[{"width":500,"height":500,"url":"https:\/\/www.allthingsstone.com\/ca-fr\/wp-content\/uploads\/sites\/12\/2017\/08\/Versetta-Stone-Wainscot-CapSill.png","type":"image\/png"}],"twitter_card":"summary_large_image","twitter_misc":{"Est. reading time":"2 minutes"},"schema":{"@context":"https:\/\/schema.org","@graph":[{"@type":"WebPage","@id":"https:\/\/www.allthingsstone.com\/ca-fr\/product\/rebord-wainscot-cap\/","url":"https:\/\/www.allthingsstone.com\/ca-fr\/product\/rebord-wainscot-cap\/","name":"Rebord Wainscot Cap de Versetta Stone\u00ae | CSI FR","isPartOf":{"@id":"https:\/\/www.allthingsstone.com\/ca-fr\/#website"},"datePublished":"2017-08-11T00:21:38+00:00","dateModified":"2025-02-05T22:12:06+00:00","description":"Le rebord compl\u00e8te \u00e0 merveille les panneaux de placage de pierre sans mortier Versetta Stone\u00ae. Cet accessoire a une allure superbe avec toutes les couleurs et les textures de panneaux Versetta Stone\u00ae.","breadcrumb":{"@id":"https:\/\/www.allthingsstone.com\/ca-fr\/product\/rebord-wainscot-cap\/#breadcrumb"},"inLanguage":"en-CA","potentialAction":[{"@type":"ReadAction","target":["https:\/\/www.allthingsstone.com\/ca-fr\/product\/rebord-wainscot-cap\/"]}]},{"@type":"BreadcrumbList","@id":"https:\/\/www.allthingsstone.com\/ca-fr\/product\/rebord-wainscot-cap\/#breadcrumb","itemListElement":[{"@type":"ListItem","position":1,"name":"Home","item":"https:\/\/www.allthingsstone.com\/ca-fr\/"},{"@type":"ListItem","position":2,"name":"91 Wainscot Cap\/Sill &#8211; Versetta Stone"}]},{"@type":"WebSite","@id":"https:\/\/www.allthingsstone.com\/ca-fr\/#website","url":"https:\/\/www.allthingsstone.com\/ca-fr\/","name":"CSI - Canadian Stone Industries FR","description":"","potentialAction":[{"@type":"SearchAction","target":{"@type":"EntryPoint","urlTemplate":"https:\/\/www.allthingsstone.com\/ca-fr\/?s={search_term_string}"},"query-input":"required name=search_term_string"}],"inLanguage":"en-CA"}]}},"_links":{"self":[{"href":"https:\/\/www.allthingsstone.com\/ca-fr\/wp-json\/wp\/v2\/product\/14046","targetHints":{"allow":["GET"]}}],"collection":[{"href":"https:\/\/www.allthingsstone.com\/ca-fr\/wp-json\/wp\/v2\/product"}],"about":[{"href":"https:\/\/www.allthingsstone.com\/ca-fr\/wp-json\/wp\/v2\/types\/product"}],"replies":[{"embeddable":true,"href":"https:\/\/www.allthingsstone.com\/ca-fr\/wp-json\/wp\/v2\/comments?post=14046"}],"wp:featuredmedia":[{"embeddable":true,"href":"https:\/\/www.allthingsstone.com\/ca-fr\/wp-json\/wp\/v2\/media\/15570"}],"wp:attachment":[{"href":"https:\/\/www.allthingsstone.com\/ca-fr\/wp-json\/wp\/v2\/media?parent=14046"}],"wp:term":[{"taxonomy":"product_cat","embeddable":true,"href":"https:\/\/www.allthingsstone.com\/ca-fr\/wp-json\/wp\/v2\/product_cat?post=14046"},{"taxonomy":"product_tag","embeddable":true,"href":"https:\/\/www.allthingsstone.com\/ca-fr\/wp-json\/wp\/v2\/product_tag?post=14046"}],"curies":[{"name":"wp","href":"https:\/\/api.w.org\/{rel}","templated":true}]}}