{"id":14045,"date":"2017-08-10T20:23:15","date_gmt":"2017-08-11T00:23:15","guid":{"rendered":"http:\/\/www.allthingsstone.com\/ca-fr\/product\/bande-de-depart-versetta-stone\/"},"modified":"2024-07-26T13:59:55","modified_gmt":"2024-07-26T17:59:55","slug":"bande-de-depart-versetta-stone","status":"publish","type":"product","link":"https:\/\/www.allthingsstone.com\/ca-fr\/product\/bande-de-depart-versetta-stone\/","title":{"rendered":"9 Starter Strip &#8211; Versetta Stone"},"content":{"rendered":"<div id=\"pl-14045\"  class=\"panel-layout\" ><div id=\"pg-14045-0\"  class=\"panel-grid panel-no-style\" ><div id=\"pgc-14045-0-0\"  class=\"panel-grid-cell\" ><div id=\"panel-14045-0-0-0\" class=\"so-panel widget widget_sow-editor panel-first-child\" data-index=\"0\" ><div\n\t\t\t\n\t\t\tclass=\"so-widget-sow-editor so-widget-sow-editor-base\"\n\t\t\t\n\t\t>\n<div class=\"siteorigin-widget-tinymce textwidget\">\n\t<p>La bande de d\u00e9part Versetta Stone<sup>\u00ae<\/sup> est un \u00e9l\u00e9ment essentiel du syst\u00e8me Versetta Stone<sup>\u00ae<\/sup>. Cr\u00e9\u00e9e tout sp\u00e9cialement pour s\u2019agencer aux panneaux de placage de pierre sans mortier Versetta Stone<sup>\u00ae<\/sup>, la bande de d\u00e9part permet de fixer la premi\u00e8re rang\u00e9e en place et assure une installation bien droite. De plus, elle facilite la circulation de l\u2019air et l\u2019\u00e9coulement de l\u2019eau, ce qui contribue \u00e0 pr\u00e9venir la formation de moisissures.<\/p>\n<\/div>\n<\/div><\/div><div id=\"panel-14045-0-0-1\" class=\"so-panel widget widget_sow-editor\" data-index=\"1\" ><div\n\t\t\t\n\t\t\tclass=\"so-widget-sow-editor so-widget-sow-editor-base\"\n\t\t\t\n\t\t>\n<div class=\"siteorigin-widget-tinymce textwidget\">\n\t<h5>Caract\u00e9ristiques de\u00a0bande de d\u00e9part de Versetta Stone<sup>\u00ae<\/sup>:<\/h5>\n<ul>\n<li>\u2013 Faite de vinyle n\u00e9cessitant peu d\u2019entretien<\/li>\n<li>\u2013 Aide \u00e0 installer le parement bien droit<\/li>\n<li>\u2013 Permet l\u2019\u00e9coulement de l\u2019eau et laisse circuler l\u2019air afin de s\u00e9cher le mur<\/li>\n<li>\u2013 D\u00e9termine le d\u00e9gagement appropri\u00e9 par rapport au sol ou \u00e0 une surface pav\u00e9e<\/li>\n<\/ul>\n<\/div>\n<\/div><\/div><div id=\"panel-14045-0-0-2\" class=\"so-panel widget widget_sow-editor panel-last-child\" data-index=\"2\" ><div\n\t\t\t\n\t\t\tclass=\"so-widget-sow-editor so-widget-sow-editor-base\"\n\t\t\t\n\t\t>\n<div class=\"siteorigin-widget-tinymce textwidget\">\n\t<p>Pour trouver un d\u00e9taillant\u00a0bande de d\u00e9part de Versetta Stone<sup>\u00ae<\/sup>\u00a0dans votre r\u00e9gion cliquez sur\u00a0<strong><a href=\"http:\/\/www.allthingsstone.com\/ca-fr\/ou-acheter\/\">O\u00f9 acheter<\/a><\/strong>.<\/p>\n<\/div>\n<\/div><\/div><\/div><\/div><\/div>","protected":false},"excerpt":{"rendered":"<p>La bande de d\u00e9part Versetta Stone\u00ae est un \u00e9l\u00e9ment essentiel du syst\u00e8me Versetta Stone\u00ae. Cr\u00e9\u00e9e tout sp\u00e9cialement pour s\u2019agencer aux panneaux de placage de pierre &hellip; <a href=\"https:\/\/www.allthingsstone.com\/ca-fr\/product\/bande-de-depart-versetta-stone\/\">Continued<\/a><\/p>\n","protected":false},"featured_media":7751,"comment_status":"open","ping_status":"closed","template":"","meta":{"inline_featured_image":false,"_mi_skip_tracking":false,"_exactmetrics_sitenote_active":false,"_exactmetrics_sitenote_note":"","_exactmetrics_sitenote_category":0},"product_cat":[6535],"product_tag":[6569],"class_list":["post-14045","product","type-product","status-publish","has-post-thumbnail","hentry","product_cat-revetement-de-pierre","product_tag-versetta-stone-system-components","brands-versetta-stone","single_resource-versetta-stone-resources"],"acf":[],"yoast_head":"<!-- This site is optimized with the Yoast SEO Premium plugin v21.6 (Yoast SEO v21.6) - https:\/\/yoast.com\/wordpress\/plugins\/seo\/ -->\n<title>Bande de d\u00e9part de Versetta Stone\u00ae | CSI FR<\/title>\n<meta name=\"description\" content=\"La bande de d\u00e9part Versetta Stone\u00ae est un \u00e9l\u00e9ment essentiel du syst\u00e8me Versetta Stone\u00ae. Cr\u00e9\u00e9e tout sp\u00e9cialement pour s\u2019agencer aux panneaux de placage de pierre sans mortier Versetta Stone\u00ae, la bande de d\u00e9part permet de fixer la premi\u00e8re rang\u00e9e en place et assure une installation bien droite.\" \/>\n<meta name=\"robots\" content=\"index, follow, max-snippet:-1, max-image-preview:large, max-video-preview:-1\" \/>\n<link rel=\"canonical\" href=\"https:\/\/www.allthingsstone.com\/ca-fr\/product\/bande-de-depart-versetta-stone\/\" \/>\n<meta property=\"og:locale\" content=\"en_US\" \/>\n<meta property=\"og:type\" content=\"article\" \/>\n<meta property=\"og:title\" content=\"9 Starter Strip - Versetta Stone\" \/>\n<meta property=\"og:description\" content=\"La bande de d\u00e9part Versetta Stone\u00ae est un \u00e9l\u00e9ment essentiel du syst\u00e8me Versetta Stone\u00ae. Cr\u00e9\u00e9e tout sp\u00e9cialement pour s\u2019agencer aux panneaux de placage de pierre sans mortier Versetta Stone\u00ae, la bande de d\u00e9part permet de fixer la premi\u00e8re rang\u00e9e en place et assure une installation bien droite.\" \/>\n<meta property=\"og:url\" content=\"https:\/\/www.allthingsstone.com\/ca-fr\/product\/bande-de-depart-versetta-stone\/\" \/>\n<meta property=\"og:site_name\" content=\"CSI - Canadian Stone Industries FR\" \/>\n<meta property=\"article:modified_time\" content=\"2024-07-26T17:59:55+00:00\" \/>\n<meta property=\"og:image\" content=\"https:\/\/www.allthingsstone.com\/ca-fr\/wp-content\/uploads\/sites\/12\/2017\/08\/Boral-Versetta-Stone-Starter-Strip.png\" \/>\n\t<meta property=\"og:image:width\" content=\"459\" \/>\n\t<meta property=\"og:image:height\" content=\"339\" \/>\n\t<meta property=\"og:image:type\" content=\"image\/png\" \/>\n<meta name=\"twitter:card\" content=\"summary_large_image\" \/>\n<meta name=\"twitter:label1\" content=\"Est. reading time\" \/>\n\t<meta name=\"twitter:data1\" content=\"1 minute\" \/>\n<script type=\"application\/ld+json\" class=\"yoast-schema-graph\">{\"@context\":\"https:\/\/schema.org\",\"@graph\":[{\"@type\":\"WebPage\",\"@id\":\"https:\/\/www.allthingsstone.com\/ca-fr\/product\/bande-de-depart-versetta-stone\/\",\"url\":\"https:\/\/www.allthingsstone.com\/ca-fr\/product\/bande-de-depart-versetta-stone\/\",\"name\":\"Bande de d\u00e9part de Versetta Stone\u00ae | CSI FR\",\"isPartOf\":{\"@id\":\"https:\/\/www.allthingsstone.com\/ca-fr\/#website\"},\"datePublished\":\"2017-08-11T00:23:15+00:00\",\"dateModified\":\"2024-07-26T17:59:55+00:00\",\"description\":\"La bande de d\u00e9part Versetta Stone\u00ae est un \u00e9l\u00e9ment essentiel du syst\u00e8me Versetta Stone\u00ae. Cr\u00e9\u00e9e tout sp\u00e9cialement pour s\u2019agencer aux panneaux de placage de pierre sans mortier Versetta Stone\u00ae, la bande de d\u00e9part permet de fixer la premi\u00e8re rang\u00e9e en place et assure une installation bien droite.\",\"breadcrumb\":{\"@id\":\"https:\/\/www.allthingsstone.com\/ca-fr\/product\/bande-de-depart-versetta-stone\/#breadcrumb\"},\"inLanguage\":\"en-CA\",\"potentialAction\":[{\"@type\":\"ReadAction\",\"target\":[\"https:\/\/www.allthingsstone.com\/ca-fr\/product\/bande-de-depart-versetta-stone\/\"]}]},{\"@type\":\"BreadcrumbList\",\"@id\":\"https:\/\/www.allthingsstone.com\/ca-fr\/product\/bande-de-depart-versetta-stone\/#breadcrumb\",\"itemListElement\":[{\"@type\":\"ListItem\",\"position\":1,\"name\":\"Home\",\"item\":\"https:\/\/www.allthingsstone.com\/ca-fr\/\"},{\"@type\":\"ListItem\",\"position\":2,\"name\":\"9 Starter Strip &#8211; Versetta Stone\"}]},{\"@type\":\"WebSite\",\"@id\":\"https:\/\/www.allthingsstone.com\/ca-fr\/#website\",\"url\":\"https:\/\/www.allthingsstone.com\/ca-fr\/\",\"name\":\"CSI - Canadian Stone Industries FR\",\"description\":\"\",\"potentialAction\":[{\"@type\":\"SearchAction\",\"target\":{\"@type\":\"EntryPoint\",\"urlTemplate\":\"https:\/\/www.allthingsstone.com\/ca-fr\/?s={search_term_string}\"},\"query-input\":\"required name=search_term_string\"}],\"inLanguage\":\"en-CA\"}]}<\/script>\n<!-- \/ Yoast SEO Premium plugin. -->","yoast_head_json":{"title":"Bande de d\u00e9part de Versetta Stone\u00ae | CSI FR","description":"La bande de d\u00e9part Versetta Stone\u00ae est un \u00e9l\u00e9ment essentiel du syst\u00e8me Versetta Stone\u00ae. Cr\u00e9\u00e9e tout sp\u00e9cialement pour s\u2019agencer aux panneaux de placage de pierre sans mortier Versetta Stone\u00ae, la bande de d\u00e9part permet de fixer la premi\u00e8re rang\u00e9e en place et assure une installation bien droite.","robots":{"index":"index","follow":"follow","max-snippet":"max-snippet:-1","max-image-preview":"max-image-preview:large","max-video-preview":"max-video-preview:-1"},"canonical":"https:\/\/www.allthingsstone.com\/ca-fr\/product\/bande-de-depart-versetta-stone\/","og_locale":"en_US","og_type":"article","og_title":"9 Starter Strip - Versetta Stone","og_description":"La bande de d\u00e9part Versetta Stone\u00ae est un \u00e9l\u00e9ment essentiel du syst\u00e8me Versetta Stone\u00ae. Cr\u00e9\u00e9e tout sp\u00e9cialement pour s\u2019agencer aux panneaux de placage de pierre sans mortier Versetta Stone\u00ae, la bande de d\u00e9part permet de fixer la premi\u00e8re rang\u00e9e en place et assure une installation bien droite.","og_url":"https:\/\/www.allthingsstone.com\/ca-fr\/product\/bande-de-depart-versetta-stone\/","og_site_name":"CSI - Canadian Stone Industries FR","article_modified_time":"2024-07-26T17:59:55+00:00","og_image":[{"width":459,"height":339,"url":"https:\/\/www.allthingsstone.com\/ca-fr\/wp-content\/uploads\/sites\/12\/2017\/08\/Boral-Versetta-Stone-Starter-Strip.png","type":"image\/png"}],"twitter_card":"summary_large_image","twitter_misc":{"Est. reading time":"1 minute"},"schema":{"@context":"https:\/\/schema.org","@graph":[{"@type":"WebPage","@id":"https:\/\/www.allthingsstone.com\/ca-fr\/product\/bande-de-depart-versetta-stone\/","url":"https:\/\/www.allthingsstone.com\/ca-fr\/product\/bande-de-depart-versetta-stone\/","name":"Bande de d\u00e9part de Versetta Stone\u00ae | CSI FR","isPartOf":{"@id":"https:\/\/www.allthingsstone.com\/ca-fr\/#website"},"datePublished":"2017-08-11T00:23:15+00:00","dateModified":"2024-07-26T17:59:55+00:00","description":"La bande de d\u00e9part Versetta Stone\u00ae est un \u00e9l\u00e9ment essentiel du syst\u00e8me Versetta Stone\u00ae. Cr\u00e9\u00e9e tout sp\u00e9cialement pour s\u2019agencer aux panneaux de placage de pierre sans mortier Versetta Stone\u00ae, la bande de d\u00e9part permet de fixer la premi\u00e8re rang\u00e9e en place et assure une installation bien droite.","breadcrumb":{"@id":"https:\/\/www.allthingsstone.com\/ca-fr\/product\/bande-de-depart-versetta-stone\/#breadcrumb"},"inLanguage":"en-CA","potentialAction":[{"@type":"ReadAction","target":["https:\/\/www.allthingsstone.com\/ca-fr\/product\/bande-de-depart-versetta-stone\/"]}]},{"@type":"BreadcrumbList","@id":"https:\/\/www.allthingsstone.com\/ca-fr\/product\/bande-de-depart-versetta-stone\/#breadcrumb","itemListElement":[{"@type":"ListItem","position":1,"name":"Home","item":"https:\/\/www.allthingsstone.com\/ca-fr\/"},{"@type":"ListItem","position":2,"name":"9 Starter Strip &#8211; Versetta Stone"}]},{"@type":"WebSite","@id":"https:\/\/www.allthingsstone.com\/ca-fr\/#website","url":"https:\/\/www.allthingsstone.com\/ca-fr\/","name":"CSI - Canadian Stone Industries FR","description":"","potentialAction":[{"@type":"SearchAction","target":{"@type":"EntryPoint","urlTemplate":"https:\/\/www.allthingsstone.com\/ca-fr\/?s={search_term_string}"},"query-input":"required name=search_term_string"}],"inLanguage":"en-CA"}]}},"_links":{"self":[{"href":"https:\/\/www.allthingsstone.com\/ca-fr\/wp-json\/wp\/v2\/product\/14045","targetHints":{"allow":["GET"]}}],"collection":[{"href":"https:\/\/www.allthingsstone.com\/ca-fr\/wp-json\/wp\/v2\/product"}],"about":[{"href":"https:\/\/www.allthingsstone.com\/ca-fr\/wp-json\/wp\/v2\/types\/product"}],"replies":[{"embeddable":true,"href":"https:\/\/www.allthingsstone.com\/ca-fr\/wp-json\/wp\/v2\/comments?post=14045"}],"wp:featuredmedia":[{"embeddable":true,"href":"https:\/\/www.allthingsstone.com\/ca-fr\/wp-json\/wp\/v2\/media\/7751"}],"wp:attachment":[{"href":"https:\/\/www.allthingsstone.com\/ca-fr\/wp-json\/wp\/v2\/media?parent=14045"}],"wp:term":[{"taxonomy":"product_cat","embeddable":true,"href":"https:\/\/www.allthingsstone.com\/ca-fr\/wp-json\/wp\/v2\/product_cat?post=14045"},{"taxonomy":"product_tag","embeddable":true,"href":"https:\/\/www.allthingsstone.com\/ca-fr\/wp-json\/wp\/v2\/product_tag?post=14045"}],"curies":[{"name":"wp","href":"https:\/\/api.w.org\/{rel}","templated":true}]}}