{"id":14043,"date":"2017-08-10T21:14:00","date_gmt":"2017-08-11T01:14:00","guid":{"rendered":"http:\/\/www.allthingsstone.com\/ca-fr\/product\/serie-bvetto-isokern-earthcore\/"},"modified":"2020-11-04T14:47:25","modified_gmt":"2020-11-04T19:47:25","slug":"serie-bvetto-isokern-earthcore","status":"publish","type":"product","link":"https:\/\/www.allthingsstone.com\/ca-fr\/product\/serie-bvetto-isokern-earthcore\/","title":{"rendered":"3 BVETTO Series &#8211; Earthcore Isokern"},"content":{"rendered":"<div id=\"pl-14043\"  class=\"panel-layout\" ><div id=\"pg-14043-0\"  class=\"panel-grid panel-no-style\" ><div id=\"pgc-14043-0-0\"  class=\"panel-grid-cell\" ><div id=\"panel-14043-0-0-0\" class=\"so-panel widget widget_sow-editor panel-first-child panel-last-child\" data-index=\"0\" ><div\n\t\t\t\n\t\t\tclass=\"so-widget-sow-editor so-widget-sow-editor-base\"\n\t\t\t\n\t\t><h3 class=\"widget-title\">Aper\u00e7u<\/h3>\n<div class=\"siteorigin-widget-tinymce textwidget\">\n\t<div class=\"siteorigin-widget-tinymce textwidget\">\n<div class=\"siteorigin-widget-tinymce textwidget\">\n<p>Le foyer de la s\u00e9rie BVETTO d\u2019Isokern de Earthcore<sup>\u00ae<\/sup> est un foyer int\u00e9rieur d\u00e9coratif au gaz, dont la hauteur de l\u2019ouverture finie de l\u2019\u00e2tre atteint jusqu\u2019\u00e0\u00a052\u00a0po. Le foyer de la s\u00e9rie BVETTO peut \u00eatre install\u00e9 directement sur les planchers de mat\u00e9riaux combustibles, tout en respectant les lignes directrices de la norme\u00a0ANSI\u00a0Z21.50\u00a0CSA\u00a02.22. Muni du syst\u00e8me d\u2019allumage rapide exclusif \u00e0 Isokern, le foyer de la s\u00e9rie BVETTO d\u2019Isokern est offert \u00e9quip\u00e9 du tout aussi exclusif br\u00fbleur Stadium Isoflames, de l\u2019ensemble de b\u00fbches Isoflames, en plus d\u2019\u00eatre dot\u00e9 d\u2019une pratique t\u00e9l\u00e9commande d\u2019allumage \u00e9lectronique et d\u2019un interrupteur mural en option. Trois options d\u2019ensemble de b\u00fbches sont offertes\u00a0: Sandhill\u00a0Oak, Charred\u00a0Hickory et Summit\u00a0Pine. Les <a href=\"https:\/\/www.allthingsstone.com\/ca-fr\/produits\/systemes-de-foyers-et-vie-exterieure\/foyers-et-cheminee-isokern-de-earthcore\/\">syst\u00e8mes de foyer Isokern<\/a> peuvent \u00eatre install\u00e9s facilement en moins d\u2019un jour, et la s\u00e9rie BVETTO peut s\u2019agencer \u00e0 notre <a href=\"https:\/\/www.allthingsstone.com\/ca-fr\/product\/metal-chimney-earthcore-isokern\/\">syst\u00e8me de chemin\u00e9e en m\u00e9tal<\/a>.<\/p>\n<\/div>\n<\/div>\n<p>Canadian Stone Industries (CSI) est le distributeur exclusif d\u2019Isokern de Earthcore<sup>\u00ae<\/sup>\u00a0au Canada. Cliquez sur\u00a0<span style=\"color: #ad2026\"><strong><a style=\"color: #ad2026\" href=\"https:\/\/www.allthingsstone.com\/ca-fr\/ou-acheter\/\">O\u00f9 acheter<\/a><\/strong><\/span>\u00a0pour trouver un d\u00e9taillant agr\u00e9\u00e9 d\u2019Isokern de Earthcore<sup>\u00ae\u00a0<\/sup>pr\u00e8s de chez vous.<\/p>\n<\/div>\n<\/div><\/div><\/div><\/div><div id=\"pg-14043-1\"  class=\"panel-grid panel-no-style\" ><div id=\"pgc-14043-1-0\"  class=\"panel-grid-cell\" ><div id=\"panel-14043-1-0-0\" class=\"so-panel widget widget_sow-image panel-first-child panel-last-child\" data-index=\"1\" ><div\n\t\t\t\n\t\t\tclass=\"so-widget-sow-image so-widget-sow-image-default-c67d20f9f743-14043\"\n\t\t\t\n\t\t>\n\n<div class=\"sow-image-container\">\n\t\t<img decoding=\"async\" src=\"https:\/\/www.allthingsstone.com\/ca-fr\/wp-content\/uploads\/sites\/12\/2017\/08\/BVETTO-Series-Fireplace-from-Earthcore\u00ae-Isokern-1.jpg\" width=\"1000\" height=\"1000\" srcset=\"https:\/\/www.allthingsstone.com\/ca-fr\/wp-content\/uploads\/sites\/12\/2017\/08\/BVETTO-Series-Fireplace-from-Earthcore\u00ae-Isokern-1.jpg 1000w, https:\/\/www.allthingsstone.com\/ca-fr\/wp-content\/uploads\/sites\/12\/2017\/08\/BVETTO-Series-Fireplace-from-Earthcore\u00ae-Isokern-1-300x300.jpg 300w, https:\/\/www.allthingsstone.com\/ca-fr\/wp-content\/uploads\/sites\/12\/2017\/08\/BVETTO-Series-Fireplace-from-Earthcore\u00ae-Isokern-1-150x150.jpg 150w, https:\/\/www.allthingsstone.com\/ca-fr\/wp-content\/uploads\/sites\/12\/2017\/08\/BVETTO-Series-Fireplace-from-Earthcore\u00ae-Isokern-1-768x768.jpg 768w, https:\/\/www.allthingsstone.com\/ca-fr\/wp-content\/uploads\/sites\/12\/2017\/08\/BVETTO-Series-Fireplace-from-Earthcore\u00ae-Isokern-1-600x600.jpg 600w, https:\/\/www.allthingsstone.com\/ca-fr\/wp-content\/uploads\/sites\/12\/2017\/08\/BVETTO-Series-Fireplace-from-Earthcore\u00ae-Isokern-1-100x100.jpg 100w\" sizes=\"auto, (max-width: 1000px) 100vw, 1000px\" title=\"BVETTO Series Fireplace from Earthcore\u00ae Isokern\" alt=\"BVETTO Series Fireplace from Earthcore\u00ae Isokern\" loading=\"lazy\" \t\tclass=\"so-widget-image\"\/>\n\t<\/div>\n\n<\/div><\/div><\/div><div id=\"pgc-14043-1-1\"  class=\"panel-grid-cell\" ><div id=\"panel-14043-1-1-0\" class=\"so-panel widget widget_sow-image panel-first-child panel-last-child\" data-index=\"2\" ><div\n\t\t\t\n\t\t\tclass=\"so-widget-sow-image so-widget-sow-image-default-c67d20f9f743-14043\"\n\t\t\t\n\t\t>\n\n<div class=\"sow-image-container\">\n\t\t<img decoding=\"async\" src=\"https:\/\/www.allthingsstone.com\/ca-fr\/wp-content\/uploads\/sites\/12\/2017\/08\/BVETTO-Series-Fireplace-from-Earthcore\u00ae-Isokern-2.jpg\" width=\"1000\" height=\"1000\" srcset=\"https:\/\/www.allthingsstone.com\/ca-fr\/wp-content\/uploads\/sites\/12\/2017\/08\/BVETTO-Series-Fireplace-from-Earthcore\u00ae-Isokern-2.jpg 1000w, https:\/\/www.allthingsstone.com\/ca-fr\/wp-content\/uploads\/sites\/12\/2017\/08\/BVETTO-Series-Fireplace-from-Earthcore\u00ae-Isokern-2-300x300.jpg 300w, https:\/\/www.allthingsstone.com\/ca-fr\/wp-content\/uploads\/sites\/12\/2017\/08\/BVETTO-Series-Fireplace-from-Earthcore\u00ae-Isokern-2-150x150.jpg 150w, https:\/\/www.allthingsstone.com\/ca-fr\/wp-content\/uploads\/sites\/12\/2017\/08\/BVETTO-Series-Fireplace-from-Earthcore\u00ae-Isokern-2-768x768.jpg 768w, https:\/\/www.allthingsstone.com\/ca-fr\/wp-content\/uploads\/sites\/12\/2017\/08\/BVETTO-Series-Fireplace-from-Earthcore\u00ae-Isokern-2-600x600.jpg 600w, https:\/\/www.allthingsstone.com\/ca-fr\/wp-content\/uploads\/sites\/12\/2017\/08\/BVETTO-Series-Fireplace-from-Earthcore\u00ae-Isokern-2-100x100.jpg 100w\" sizes=\"auto, (max-width: 1000px) 100vw, 1000px\" title=\"BVETTO Series Fireplace from Earthcore\u00ae Isokern\" alt=\"BVETTO Series Fireplace from Earthcore\u00ae Isokern\" loading=\"lazy\" \t\tclass=\"so-widget-image\"\/>\n\t<\/div>\n\n<\/div><\/div><\/div><\/div><\/div>","protected":false},"excerpt":{"rendered":"<p>Le foyer de la s\u00e9rie BVETTO d\u2019Isokern de Earthcore\u00ae est un foyer int\u00e9rieur d\u00e9coratif au gaz, dont la hauteur de l\u2019ouverture finie de l\u2019\u00e2tre atteint &hellip; <a href=\"https:\/\/www.allthingsstone.com\/ca-fr\/product\/serie-bvetto-isokern-earthcore\/\">Continued<\/a><\/p>\n","protected":false},"featured_media":15670,"comment_status":"open","ping_status":"closed","template":"","meta":{"inline_featured_image":false,"_mi_skip_tracking":false,"_exactmetrics_sitenote_active":false,"_exactmetrics_sitenote_note":"","_exactmetrics_sitenote_category":0},"product_cat":[6534],"product_tag":[6568],"class_list":["post-14043","product","type-product","status-publish","has-post-thumbnail","hentry","product_cat-systemes-de-foyers-et-vie-exterieure","product_tag-earthcore-isokern-fireplaces","brands-foyers-et-cheminees-isokern-de-earthcore","single_resource-earthcore-isokern-fireplaces-chimneys"],"acf":[],"yoast_head":"<!-- This site is optimized with the Yoast SEO Premium plugin v21.6 (Yoast SEO v21.6) - https:\/\/yoast.com\/wordpress\/plugins\/seo\/ -->\n<title>S\u00e9rie BVETTO d\u2019Isokern de Earthcore\u00ae | CSI - All Things Stone CAN-FR<\/title>\n<meta name=\"description\" content=\"Le foyer de la s\u00e9rie BVETTO d\u2019Isokern de Earthcore\u00ae est un foyer int\u00e9rieur d\u00e9coratif au gaz, dont la hauteur de l\u2019ouverture finie de l\u2019\u00e2tre atteint jusqu\u2019\u00e0 52 po. La s\u00e9rie Magnum assure une efficacit\u00e9 et un rendement sans pareils, ainsi qu\u2019une conception souple permettant la personnalisation du foyer.\" \/>\n<meta name=\"robots\" content=\"index, follow, max-snippet:-1, max-image-preview:large, max-video-preview:-1\" \/>\n<link rel=\"canonical\" href=\"https:\/\/www.allthingsstone.com\/ca-fr\/product\/serie-bvetto-isokern-earthcore\/\" \/>\n<meta property=\"og:locale\" content=\"en_US\" \/>\n<meta property=\"og:type\" content=\"article\" \/>\n<meta property=\"og:title\" content=\"3 BVETTO Series - Earthcore Isokern\" \/>\n<meta property=\"og:description\" content=\"Le foyer de la s\u00e9rie BVETTO d\u2019Isokern de Earthcore\u00ae est un foyer int\u00e9rieur d\u00e9coratif au gaz, dont la hauteur de l\u2019ouverture finie de l\u2019\u00e2tre atteint jusqu\u2019\u00e0 52 po. La s\u00e9rie Magnum assure une efficacit\u00e9 et un rendement sans pareils, ainsi qu\u2019une conception souple permettant la personnalisation du foyer.\" \/>\n<meta property=\"og:url\" content=\"https:\/\/www.allthingsstone.com\/ca-fr\/product\/serie-bvetto-isokern-earthcore\/\" \/>\n<meta property=\"og:site_name\" content=\"CSI - Canadian Stone Industries FR\" \/>\n<meta property=\"article:modified_time\" content=\"2020-11-04T19:47:25+00:00\" \/>\n<meta property=\"og:image\" content=\"https:\/\/www.allthingsstone.com\/ca-fr\/wp-content\/uploads\/sites\/12\/2017\/08\/BVETTO-Series-Fireplace-from-Earthcore\u00ae-Isokern.jpg\" \/>\n\t<meta property=\"og:image:width\" content=\"459\" \/>\n\t<meta property=\"og:image:height\" content=\"339\" \/>\n\t<meta property=\"og:image:type\" content=\"image\/jpeg\" \/>\n<meta name=\"twitter:card\" content=\"summary_large_image\" \/>\n<meta name=\"twitter:label1\" content=\"Est. reading time\" \/>\n\t<meta name=\"twitter:data1\" content=\"2 minutes\" \/>\n<script type=\"application\/ld+json\" class=\"yoast-schema-graph\">{\"@context\":\"https:\/\/schema.org\",\"@graph\":[{\"@type\":\"WebPage\",\"@id\":\"https:\/\/www.allthingsstone.com\/ca-fr\/product\/serie-bvetto-isokern-earthcore\/\",\"url\":\"https:\/\/www.allthingsstone.com\/ca-fr\/product\/serie-bvetto-isokern-earthcore\/\",\"name\":\"S\u00e9rie BVETTO d\u2019Isokern de Earthcore\u00ae | CSI - All Things Stone CAN-FR\",\"isPartOf\":{\"@id\":\"https:\/\/www.allthingsstone.com\/ca-fr\/#website\"},\"datePublished\":\"2017-08-11T01:14:00+00:00\",\"dateModified\":\"2020-11-04T19:47:25+00:00\",\"description\":\"Le foyer de la s\u00e9rie BVETTO d\u2019Isokern de Earthcore\u00ae est un foyer int\u00e9rieur d\u00e9coratif au gaz, dont la hauteur de l\u2019ouverture finie de l\u2019\u00e2tre atteint jusqu\u2019\u00e0 52 po. La s\u00e9rie Magnum assure une efficacit\u00e9 et un rendement sans pareils, ainsi qu\u2019une conception souple permettant la personnalisation du foyer.\",\"breadcrumb\":{\"@id\":\"https:\/\/www.allthingsstone.com\/ca-fr\/product\/serie-bvetto-isokern-earthcore\/#breadcrumb\"},\"inLanguage\":\"en-CA\",\"potentialAction\":[{\"@type\":\"ReadAction\",\"target\":[\"https:\/\/www.allthingsstone.com\/ca-fr\/product\/serie-bvetto-isokern-earthcore\/\"]}]},{\"@type\":\"BreadcrumbList\",\"@id\":\"https:\/\/www.allthingsstone.com\/ca-fr\/product\/serie-bvetto-isokern-earthcore\/#breadcrumb\",\"itemListElement\":[{\"@type\":\"ListItem\",\"position\":1,\"name\":\"Home\",\"item\":\"https:\/\/www.allthingsstone.com\/ca-fr\/\"},{\"@type\":\"ListItem\",\"position\":2,\"name\":\"3 BVETTO Series &#8211; Earthcore Isokern\"}]},{\"@type\":\"WebSite\",\"@id\":\"https:\/\/www.allthingsstone.com\/ca-fr\/#website\",\"url\":\"https:\/\/www.allthingsstone.com\/ca-fr\/\",\"name\":\"CSI - Canadian Stone Industries FR\",\"description\":\"\",\"potentialAction\":[{\"@type\":\"SearchAction\",\"target\":{\"@type\":\"EntryPoint\",\"urlTemplate\":\"https:\/\/www.allthingsstone.com\/ca-fr\/?s={search_term_string}\"},\"query-input\":\"required name=search_term_string\"}],\"inLanguage\":\"en-CA\"}]}<\/script>\n<!-- \/ Yoast SEO Premium plugin. -->","yoast_head_json":{"title":"S\u00e9rie BVETTO d\u2019Isokern de Earthcore\u00ae | CSI - All Things Stone CAN-FR","description":"Le foyer de la s\u00e9rie BVETTO d\u2019Isokern de Earthcore\u00ae est un foyer int\u00e9rieur d\u00e9coratif au gaz, dont la hauteur de l\u2019ouverture finie de l\u2019\u00e2tre atteint jusqu\u2019\u00e0 52 po. La s\u00e9rie Magnum assure une efficacit\u00e9 et un rendement sans pareils, ainsi qu\u2019une conception souple permettant la personnalisation du foyer.","robots":{"index":"index","follow":"follow","max-snippet":"max-snippet:-1","max-image-preview":"max-image-preview:large","max-video-preview":"max-video-preview:-1"},"canonical":"https:\/\/www.allthingsstone.com\/ca-fr\/product\/serie-bvetto-isokern-earthcore\/","og_locale":"en_US","og_type":"article","og_title":"3 BVETTO Series - Earthcore Isokern","og_description":"Le foyer de la s\u00e9rie BVETTO d\u2019Isokern de Earthcore\u00ae est un foyer int\u00e9rieur d\u00e9coratif au gaz, dont la hauteur de l\u2019ouverture finie de l\u2019\u00e2tre atteint jusqu\u2019\u00e0 52 po. La s\u00e9rie Magnum assure une efficacit\u00e9 et un rendement sans pareils, ainsi qu\u2019une conception souple permettant la personnalisation du foyer.","og_url":"https:\/\/www.allthingsstone.com\/ca-fr\/product\/serie-bvetto-isokern-earthcore\/","og_site_name":"CSI - Canadian Stone Industries FR","article_modified_time":"2020-11-04T19:47:25+00:00","og_image":[{"width":459,"height":339,"url":"https:\/\/www.allthingsstone.com\/ca-fr\/wp-content\/uploads\/sites\/12\/2017\/08\/BVETTO-Series-Fireplace-from-Earthcore\u00ae-Isokern.jpg","type":"image\/jpeg"}],"twitter_card":"summary_large_image","twitter_misc":{"Est. reading time":"2 minutes"},"schema":{"@context":"https:\/\/schema.org","@graph":[{"@type":"WebPage","@id":"https:\/\/www.allthingsstone.com\/ca-fr\/product\/serie-bvetto-isokern-earthcore\/","url":"https:\/\/www.allthingsstone.com\/ca-fr\/product\/serie-bvetto-isokern-earthcore\/","name":"S\u00e9rie BVETTO d\u2019Isokern de Earthcore\u00ae | CSI - All Things Stone CAN-FR","isPartOf":{"@id":"https:\/\/www.allthingsstone.com\/ca-fr\/#website"},"datePublished":"2017-08-11T01:14:00+00:00","dateModified":"2020-11-04T19:47:25+00:00","description":"Le foyer de la s\u00e9rie BVETTO d\u2019Isokern de Earthcore\u00ae est un foyer int\u00e9rieur d\u00e9coratif au gaz, dont la hauteur de l\u2019ouverture finie de l\u2019\u00e2tre atteint jusqu\u2019\u00e0 52 po. La s\u00e9rie Magnum assure une efficacit\u00e9 et un rendement sans pareils, ainsi qu\u2019une conception souple permettant la personnalisation du foyer.","breadcrumb":{"@id":"https:\/\/www.allthingsstone.com\/ca-fr\/product\/serie-bvetto-isokern-earthcore\/#breadcrumb"},"inLanguage":"en-CA","potentialAction":[{"@type":"ReadAction","target":["https:\/\/www.allthingsstone.com\/ca-fr\/product\/serie-bvetto-isokern-earthcore\/"]}]},{"@type":"BreadcrumbList","@id":"https:\/\/www.allthingsstone.com\/ca-fr\/product\/serie-bvetto-isokern-earthcore\/#breadcrumb","itemListElement":[{"@type":"ListItem","position":1,"name":"Home","item":"https:\/\/www.allthingsstone.com\/ca-fr\/"},{"@type":"ListItem","position":2,"name":"3 BVETTO Series &#8211; Earthcore Isokern"}]},{"@type":"WebSite","@id":"https:\/\/www.allthingsstone.com\/ca-fr\/#website","url":"https:\/\/www.allthingsstone.com\/ca-fr\/","name":"CSI - Canadian Stone Industries FR","description":"","potentialAction":[{"@type":"SearchAction","target":{"@type":"EntryPoint","urlTemplate":"https:\/\/www.allthingsstone.com\/ca-fr\/?s={search_term_string}"},"query-input":"required name=search_term_string"}],"inLanguage":"en-CA"}]}},"_links":{"self":[{"href":"https:\/\/www.allthingsstone.com\/ca-fr\/wp-json\/wp\/v2\/product\/14043","targetHints":{"allow":["GET"]}}],"collection":[{"href":"https:\/\/www.allthingsstone.com\/ca-fr\/wp-json\/wp\/v2\/product"}],"about":[{"href":"https:\/\/www.allthingsstone.com\/ca-fr\/wp-json\/wp\/v2\/types\/product"}],"replies":[{"embeddable":true,"href":"https:\/\/www.allthingsstone.com\/ca-fr\/wp-json\/wp\/v2\/comments?post=14043"}],"wp:featuredmedia":[{"embeddable":true,"href":"https:\/\/www.allthingsstone.com\/ca-fr\/wp-json\/wp\/v2\/media\/15670"}],"wp:attachment":[{"href":"https:\/\/www.allthingsstone.com\/ca-fr\/wp-json\/wp\/v2\/media?parent=14043"}],"wp:term":[{"taxonomy":"product_cat","embeddable":true,"href":"https:\/\/www.allthingsstone.com\/ca-fr\/wp-json\/wp\/v2\/product_cat?post=14043"},{"taxonomy":"product_tag","embeddable":true,"href":"https:\/\/www.allthingsstone.com\/ca-fr\/wp-json\/wp\/v2\/product_tag?post=14043"}],"curies":[{"name":"wp","href":"https:\/\/api.w.org\/{rel}","templated":true}]}}