{"id":14042,"date":"2017-08-10T21:27:33","date_gmt":"2017-08-11T01:27:33","guid":{"rendered":"http:\/\/www.allthingsstone.com\/ca-fr\/product\/serie-magnum-isokern-earthcore\/"},"modified":"2020-11-04T14:47:19","modified_gmt":"2020-11-04T19:47:19","slug":"serie-magnum-isokern-earthcore","status":"publish","type":"product","link":"https:\/\/www.allthingsstone.com\/ca-fr\/product\/serie-magnum-isokern-earthcore\/","title":{"rendered":"2 Magnum Series &#8211; Earthcore Isokern"},"content":{"rendered":"<div id=\"pl-14042\"  class=\"panel-layout\" ><div id=\"pg-14042-0\"  class=\"panel-grid panel-no-style\" ><div id=\"pgc-14042-0-0\"  class=\"panel-grid-cell\" ><div id=\"panel-14042-0-0-0\" class=\"so-panel widget widget_sow-editor panel-first-child panel-last-child\" data-index=\"0\" ><div\n\t\t\t\n\t\t\tclass=\"so-widget-sow-editor so-widget-sow-editor-base\"\n\t\t\t\n\t\t><h3 class=\"widget-title\">Aper\u00e7u<\/h3>\n<div class=\"siteorigin-widget-tinymce textwidget\">\n\t<p>Le foyer de la s\u00e9rie Magnum d\u2019Isokern de Earthcore<sup>\u00ae<\/sup> est le foyer de grand format parfait pour tout projet int\u00e9rieur ou ext\u00e9rieur. Ravivez les flammes de l\u2019innovation et permettez \u00e0 votre foyer int\u00e9rieur ou ext\u00e9rieur d\u2019atteindre de nouveaux sommets. Le foyer de la s\u00e9rie Magnum d\u2019Isokern de Earthcore<sup>\u00ae<\/sup> offre les plus grandes ouvertures d\u2019\u00e2tre sur le march\u00e9 des foyers\u00a0: 36\u00a0po, 42\u00a0po, 48\u00a0po, 60\u00a0po et 72\u00a0po de large. Ces ouvertures sont id\u00e9ales pour les installations spectaculaires \u00e0 l\u2019int\u00e9rieur ou \u00e0 l\u2019ext\u00e9rieur! Avec la conception int\u00e9rieure \u00e0 dos droit exclusive \u00e0 Isokern et sa tablette profil\u00e9e novatrice, le foyer modulaire de la s\u00e9rie Magnum assure une efficacit\u00e9 et un rendement sans pareils, ainsi qu\u2019une conception souple permettant la personnalisation du foyer. L\u2019installation avec Fire-Lite est possible avec la s\u00e9rie Magnum jusqu\u2019aux mod\u00e8les de\u00a048\u00a0po.\u00a0<a href=\"https:\/\/www.allthingsstone.com\/ca-fr\/produits\/systemes-de-foyers-et-vie-exterieure\/foyers-et-cheminee-isokern-de-earthcore\/\">Les syst\u00e8mes de foyer<\/a>Isokern peuvent \u00eatre install\u00e9s facilement en moins d\u2019un jour et s\u2019agencer \u00e0 un syst\u00e8me de\u00a0<a href=\"https:\/\/www.allthingsstone.com\/ca-fr\/product\/masonry-chimney-earthcore-isokern\/\">chemin\u00e9e en ma\u00e7onnerie<\/a>\u00a0ou de\u00a0<a href=\"https:\/\/www.allthingsstone.com\/ca-fr\/product\/metal-chimney-earthcore-isokern\/\">chemin\u00e9e en m\u00e9tal<\/a>. Donnez la touche finale \u00e0 votre chemin\u00e9e ou foyer int\u00e9rieur et ext\u00e9rieur, et ce, comme bon vous semble! Compl\u00e9tez votre projet avec l\u2019un de nos\u00a0<a href=\"https:\/\/www.allthingsstone.com\/ca-fr\/produits\/placage-de-pierre-usinee\/\">placages de pierre usin\u00e9e<\/a>,\u00a0<a href=\"https:\/\/www.allthingsstone.com\/ca-fr\/produits\/placage-de-pierre-naturelle\/\">placages de pierre naturelle<\/a>,\u00a0<a href=\"https:\/\/www.allthingsstone.com\/ca-fr\/produits\/placage-de-brique\/\">rev\u00eatements de brique<\/a>\u00a0ou placages de brique.<\/p>\n<p><img loading=\"lazy\" decoding=\"async\" class=\"alignleft size-full wp-image-10359\" src=\"http:\/\/www.allthingsstone.com\/ca-fr\/wp-content\/uploads\/sites\/12\/2017\/08\/Isokern-solutions-de-technologie-verte-offertes.png\" alt=\"Isokern - solutions de technologie verte offertes\" width=\"350\" height=\"43\" srcset=\"https:\/\/www.allthingsstone.com\/ca-fr\/wp-content\/uploads\/sites\/12\/2017\/08\/Isokern-solutions-de-technologie-verte-offertes.png 350w, https:\/\/www.allthingsstone.com\/ca-fr\/wp-content\/uploads\/sites\/12\/2017\/08\/Isokern-solutions-de-technologie-verte-offertes-300x37.png 300w\" sizes=\"auto, (max-width: 350px) 100vw, 350px\" \/><\/p>\n<p>&nbsp;<br \/>\n&nbsp;<br \/>\n&nbsp;<\/p>\n<p>Solution de technologie verte \u2013 Profitez de la chaleur d\u2019un feu de bois tout en contribuant \u00e0 un environnement plus sain. La solution de technologie verte Isokern de Earthcore<sup>\u00ae\u00a0<\/sup>est le foyer \u00e0 feu ouvert en ma\u00e7onnerie \u00e0 combustion propre le plus \u00e9cologique au monde. Elle r\u00e9duit les \u00e9missions de particules jusqu\u2019\u00e0 80\u00a0% et constitue le premier foyer modulaire en ma\u00e7onnerie \u00e0 \u00eatre admissible au programme volontaire pour les foyers au bois de l\u2019EPA. La solution de technologie verte s\u2019installe en quelques minutes avec l\u2019ajout de notre catalyseur de postcombustion \u00e0 tout foyer Isokern du mod\u00e8le Standard ou Magnum.<\/p>\n<p>Canadian Stone Industries (CSI) est le distributeur exclusif d\u2019Isokern de Earthcore<sup>\u00ae<\/sup>\u00a0au Canada. Cliquez sur\u00a0<span style=\"color: #ad2026\"><strong><a style=\"color: #ad2026\" href=\"https:\/\/www.allthingsstone.com\/ca-fr\/ou-acheter\/\">O\u00f9 acheter<\/a><\/strong>\u00a0<\/span>pour trouver un d\u00e9taillant agr\u00e9\u00e9 d\u2019Isokern de Earthcore<sup>\u00ae\u00a0<\/sup>pr\u00e8s de chez vous.<\/p>\n<\/div>\n<\/div><\/div><\/div><\/div><div id=\"pg-14042-1\"  class=\"panel-grid panel-no-style\" ><div id=\"pgc-14042-1-0\"  class=\"panel-grid-cell\" ><div id=\"panel-14042-1-0-0\" class=\"so-panel widget widget_sow-image panel-first-child panel-last-child\" data-index=\"1\" ><div\n\t\t\t\n\t\t\tclass=\"so-widget-sow-image so-widget-sow-image-default-c67d20f9f743-14042\"\n\t\t\t\n\t\t>\n\n<div class=\"sow-image-container\">\n\t\t<img decoding=\"async\" src=\"https:\/\/www.allthingsstone.com\/ca-fr\/wp-content\/uploads\/sites\/12\/2017\/08\/Magnum-Series-Fireplace-from-Earthcore\u00ae-Isokern_indoor.jpg\" width=\"1000\" height=\"1000\" srcset=\"https:\/\/www.allthingsstone.com\/ca-fr\/wp-content\/uploads\/sites\/12\/2017\/08\/Magnum-Series-Fireplace-from-Earthcore\u00ae-Isokern_indoor.jpg 1000w, https:\/\/www.allthingsstone.com\/ca-fr\/wp-content\/uploads\/sites\/12\/2017\/08\/Magnum-Series-Fireplace-from-Earthcore\u00ae-Isokern_indoor-300x300.jpg 300w, https:\/\/www.allthingsstone.com\/ca-fr\/wp-content\/uploads\/sites\/12\/2017\/08\/Magnum-Series-Fireplace-from-Earthcore\u00ae-Isokern_indoor-150x150.jpg 150w, https:\/\/www.allthingsstone.com\/ca-fr\/wp-content\/uploads\/sites\/12\/2017\/08\/Magnum-Series-Fireplace-from-Earthcore\u00ae-Isokern_indoor-768x768.jpg 768w, https:\/\/www.allthingsstone.com\/ca-fr\/wp-content\/uploads\/sites\/12\/2017\/08\/Magnum-Series-Fireplace-from-Earthcore\u00ae-Isokern_indoor-600x600.jpg 600w, https:\/\/www.allthingsstone.com\/ca-fr\/wp-content\/uploads\/sites\/12\/2017\/08\/Magnum-Series-Fireplace-from-Earthcore\u00ae-Isokern_indoor-100x100.jpg 100w\" sizes=\"auto, (max-width: 1000px) 100vw, 1000px\" title=\"Le foyer de la s\u00e9rie Magnum d\u2019Isokern de Earthcore\u00ae\" alt=\"Le foyer de la s\u00e9rie Magnum d\u2019Isokern de Earthcore\u00ae\" loading=\"lazy\" \t\tclass=\"so-widget-image\"\/>\n\t<\/div>\n\n<\/div><\/div><\/div><div id=\"pgc-14042-1-1\"  class=\"panel-grid-cell\" ><div id=\"panel-14042-1-1-0\" class=\"so-panel widget widget_sow-image panel-first-child panel-last-child\" data-index=\"2\" ><div\n\t\t\t\n\t\t\tclass=\"so-widget-sow-image so-widget-sow-image-default-c67d20f9f743-14042\"\n\t\t\t\n\t\t>\n\n<div class=\"sow-image-container\">\n\t\t<img decoding=\"async\" src=\"https:\/\/www.allthingsstone.com\/ca-fr\/wp-content\/uploads\/sites\/12\/2017\/08\/Magnum-Series-Fireplace-from-Earthcore\u00ae-Isokern_outdoor.jpg\" width=\"1000\" height=\"1000\" srcset=\"https:\/\/www.allthingsstone.com\/ca-fr\/wp-content\/uploads\/sites\/12\/2017\/08\/Magnum-Series-Fireplace-from-Earthcore\u00ae-Isokern_outdoor.jpg 1000w, https:\/\/www.allthingsstone.com\/ca-fr\/wp-content\/uploads\/sites\/12\/2017\/08\/Magnum-Series-Fireplace-from-Earthcore\u00ae-Isokern_outdoor-300x300.jpg 300w, https:\/\/www.allthingsstone.com\/ca-fr\/wp-content\/uploads\/sites\/12\/2017\/08\/Magnum-Series-Fireplace-from-Earthcore\u00ae-Isokern_outdoor-150x150.jpg 150w, https:\/\/www.allthingsstone.com\/ca-fr\/wp-content\/uploads\/sites\/12\/2017\/08\/Magnum-Series-Fireplace-from-Earthcore\u00ae-Isokern_outdoor-768x768.jpg 768w, https:\/\/www.allthingsstone.com\/ca-fr\/wp-content\/uploads\/sites\/12\/2017\/08\/Magnum-Series-Fireplace-from-Earthcore\u00ae-Isokern_outdoor-600x600.jpg 600w, https:\/\/www.allthingsstone.com\/ca-fr\/wp-content\/uploads\/sites\/12\/2017\/08\/Magnum-Series-Fireplace-from-Earthcore\u00ae-Isokern_outdoor-100x100.jpg 100w\" sizes=\"auto, (max-width: 1000px) 100vw, 1000px\" title=\"Le foyer de la s\u00e9rie Magnum d\u2019Isokern de Earthcore\u00ae\" alt=\"Le foyer de la s\u00e9rie Magnum d\u2019Isokern de Earthcore\u00ae\" loading=\"lazy\" \t\tclass=\"so-widget-image\"\/>\n\t<\/div>\n\n<\/div><\/div><\/div><\/div><\/div>","protected":false},"excerpt":{"rendered":"<p>Le foyer de la s\u00e9rie Magnum d\u2019Isokern de Earthcore\u00ae est le foyer de grand format parfait pour tout projet int\u00e9rieur ou ext\u00e9rieur. Ravivez les flammes &hellip; <a href=\"https:\/\/www.allthingsstone.com\/ca-fr\/product\/serie-magnum-isokern-earthcore\/\">Continued<\/a><\/p>\n","protected":false},"featured_media":15683,"comment_status":"open","ping_status":"closed","template":"","meta":{"inline_featured_image":false,"_mi_skip_tracking":false,"_exactmetrics_sitenote_active":false,"_exactmetrics_sitenote_note":"","_exactmetrics_sitenote_category":0},"product_cat":[6534],"product_tag":[6568],"class_list":["post-14042","product","type-product","status-publish","has-post-thumbnail","hentry","product_cat-systemes-de-foyers-et-vie-exterieure","product_tag-earthcore-isokern-fireplaces","brands-foyers-et-cheminees-isokern-de-earthcore"],"acf":[],"yoast_head":"<!-- This site is optimized with the Yoast SEO Premium plugin v21.6 (Yoast SEO v21.6) - https:\/\/yoast.com\/wordpress\/plugins\/seo\/ -->\n<title>S\u00e9rie Magnum d\u2019Isokern de Earthcore\u00ae | CSI - All Things Stone CAN-FR<\/title>\n<meta name=\"description\" content=\"Le foyer de la s\u00e9rie Magnum d\u2019Isokern de Earthcore\u00ae est le foyer de grand format parfait pour tout projet int\u00e9rieur ou ext\u00e9rieur. Ravivez les flammes de l\u2019innovation et permettez \u00e0 votre foyer int\u00e9rieur ou ext\u00e9rieur d\u2019atteindre de nouveaux sommets.\" \/>\n<meta name=\"robots\" content=\"index, follow, max-snippet:-1, max-image-preview:large, max-video-preview:-1\" \/>\n<link rel=\"canonical\" href=\"https:\/\/www.allthingsstone.com\/ca-fr\/product\/serie-magnum-isokern-earthcore\/\" \/>\n<meta property=\"og:locale\" content=\"en_US\" \/>\n<meta property=\"og:type\" content=\"article\" \/>\n<meta property=\"og:title\" content=\"2 Magnum Series - Earthcore Isokern\" \/>\n<meta property=\"og:description\" content=\"Le foyer de la s\u00e9rie Magnum d\u2019Isokern de Earthcore\u00ae est le foyer de grand format parfait pour tout projet int\u00e9rieur ou ext\u00e9rieur. Ravivez les flammes de l\u2019innovation et permettez \u00e0 votre foyer int\u00e9rieur ou ext\u00e9rieur d\u2019atteindre de nouveaux sommets.\" \/>\n<meta property=\"og:url\" content=\"https:\/\/www.allthingsstone.com\/ca-fr\/product\/serie-magnum-isokern-earthcore\/\" \/>\n<meta property=\"og:site_name\" content=\"CSI - Canadian Stone Industries FR\" \/>\n<meta property=\"article:modified_time\" content=\"2020-11-04T19:47:19+00:00\" \/>\n<meta property=\"og:image\" content=\"https:\/\/www.allthingsstone.com\/ca-fr\/wp-content\/uploads\/sites\/12\/2017\/08\/Magnum-Series-Fireplace-from-Earthcore\u00ae-Isokern.jpg\" \/>\n\t<meta property=\"og:image:width\" content=\"459\" \/>\n\t<meta property=\"og:image:height\" content=\"339\" \/>\n\t<meta property=\"og:image:type\" content=\"image\/jpeg\" \/>\n<meta name=\"twitter:card\" content=\"summary_large_image\" \/>\n<meta name=\"twitter:label1\" content=\"Est. reading time\" \/>\n\t<meta name=\"twitter:data1\" content=\"3 minutes\" \/>\n<script type=\"application\/ld+json\" class=\"yoast-schema-graph\">{\"@context\":\"https:\/\/schema.org\",\"@graph\":[{\"@type\":\"WebPage\",\"@id\":\"https:\/\/www.allthingsstone.com\/ca-fr\/product\/serie-magnum-isokern-earthcore\/\",\"url\":\"https:\/\/www.allthingsstone.com\/ca-fr\/product\/serie-magnum-isokern-earthcore\/\",\"name\":\"S\u00e9rie Magnum d\u2019Isokern de Earthcore\u00ae | CSI - All Things Stone CAN-FR\",\"isPartOf\":{\"@id\":\"https:\/\/www.allthingsstone.com\/ca-fr\/#website\"},\"datePublished\":\"2017-08-11T01:27:33+00:00\",\"dateModified\":\"2020-11-04T19:47:19+00:00\",\"description\":\"Le foyer de la s\u00e9rie Magnum d\u2019Isokern de Earthcore\u00ae est le foyer de grand format parfait pour tout projet int\u00e9rieur ou ext\u00e9rieur. Ravivez les flammes de l\u2019innovation et permettez \u00e0 votre foyer int\u00e9rieur ou ext\u00e9rieur d\u2019atteindre de nouveaux sommets.\",\"breadcrumb\":{\"@id\":\"https:\/\/www.allthingsstone.com\/ca-fr\/product\/serie-magnum-isokern-earthcore\/#breadcrumb\"},\"inLanguage\":\"en-CA\",\"potentialAction\":[{\"@type\":\"ReadAction\",\"target\":[\"https:\/\/www.allthingsstone.com\/ca-fr\/product\/serie-magnum-isokern-earthcore\/\"]}]},{\"@type\":\"BreadcrumbList\",\"@id\":\"https:\/\/www.allthingsstone.com\/ca-fr\/product\/serie-magnum-isokern-earthcore\/#breadcrumb\",\"itemListElement\":[{\"@type\":\"ListItem\",\"position\":1,\"name\":\"Home\",\"item\":\"https:\/\/www.allthingsstone.com\/ca-fr\/\"},{\"@type\":\"ListItem\",\"position\":2,\"name\":\"2 Magnum Series &#8211; Earthcore Isokern\"}]},{\"@type\":\"WebSite\",\"@id\":\"https:\/\/www.allthingsstone.com\/ca-fr\/#website\",\"url\":\"https:\/\/www.allthingsstone.com\/ca-fr\/\",\"name\":\"CSI - Canadian Stone Industries FR\",\"description\":\"\",\"potentialAction\":[{\"@type\":\"SearchAction\",\"target\":{\"@type\":\"EntryPoint\",\"urlTemplate\":\"https:\/\/www.allthingsstone.com\/ca-fr\/?s={search_term_string}\"},\"query-input\":\"required name=search_term_string\"}],\"inLanguage\":\"en-CA\"}]}<\/script>\n<!-- \/ Yoast SEO Premium plugin. -->","yoast_head_json":{"title":"S\u00e9rie Magnum d\u2019Isokern de Earthcore\u00ae | CSI - All Things Stone CAN-FR","description":"Le foyer de la s\u00e9rie Magnum d\u2019Isokern de Earthcore\u00ae est le foyer de grand format parfait pour tout projet int\u00e9rieur ou ext\u00e9rieur. Ravivez les flammes de l\u2019innovation et permettez \u00e0 votre foyer int\u00e9rieur ou ext\u00e9rieur d\u2019atteindre de nouveaux sommets.","robots":{"index":"index","follow":"follow","max-snippet":"max-snippet:-1","max-image-preview":"max-image-preview:large","max-video-preview":"max-video-preview:-1"},"canonical":"https:\/\/www.allthingsstone.com\/ca-fr\/product\/serie-magnum-isokern-earthcore\/","og_locale":"en_US","og_type":"article","og_title":"2 Magnum Series - Earthcore Isokern","og_description":"Le foyer de la s\u00e9rie Magnum d\u2019Isokern de Earthcore\u00ae est le foyer de grand format parfait pour tout projet int\u00e9rieur ou ext\u00e9rieur. Ravivez les flammes de l\u2019innovation et permettez \u00e0 votre foyer int\u00e9rieur ou ext\u00e9rieur d\u2019atteindre de nouveaux sommets.","og_url":"https:\/\/www.allthingsstone.com\/ca-fr\/product\/serie-magnum-isokern-earthcore\/","og_site_name":"CSI - Canadian Stone Industries FR","article_modified_time":"2020-11-04T19:47:19+00:00","og_image":[{"width":459,"height":339,"url":"https:\/\/www.allthingsstone.com\/ca-fr\/wp-content\/uploads\/sites\/12\/2017\/08\/Magnum-Series-Fireplace-from-Earthcore\u00ae-Isokern.jpg","type":"image\/jpeg"}],"twitter_card":"summary_large_image","twitter_misc":{"Est. reading time":"3 minutes"},"schema":{"@context":"https:\/\/schema.org","@graph":[{"@type":"WebPage","@id":"https:\/\/www.allthingsstone.com\/ca-fr\/product\/serie-magnum-isokern-earthcore\/","url":"https:\/\/www.allthingsstone.com\/ca-fr\/product\/serie-magnum-isokern-earthcore\/","name":"S\u00e9rie Magnum d\u2019Isokern de Earthcore\u00ae | CSI - All Things Stone CAN-FR","isPartOf":{"@id":"https:\/\/www.allthingsstone.com\/ca-fr\/#website"},"datePublished":"2017-08-11T01:27:33+00:00","dateModified":"2020-11-04T19:47:19+00:00","description":"Le foyer de la s\u00e9rie Magnum d\u2019Isokern de Earthcore\u00ae est le foyer de grand format parfait pour tout projet int\u00e9rieur ou ext\u00e9rieur. Ravivez les flammes de l\u2019innovation et permettez \u00e0 votre foyer int\u00e9rieur ou ext\u00e9rieur d\u2019atteindre de nouveaux sommets.","breadcrumb":{"@id":"https:\/\/www.allthingsstone.com\/ca-fr\/product\/serie-magnum-isokern-earthcore\/#breadcrumb"},"inLanguage":"en-CA","potentialAction":[{"@type":"ReadAction","target":["https:\/\/www.allthingsstone.com\/ca-fr\/product\/serie-magnum-isokern-earthcore\/"]}]},{"@type":"BreadcrumbList","@id":"https:\/\/www.allthingsstone.com\/ca-fr\/product\/serie-magnum-isokern-earthcore\/#breadcrumb","itemListElement":[{"@type":"ListItem","position":1,"name":"Home","item":"https:\/\/www.allthingsstone.com\/ca-fr\/"},{"@type":"ListItem","position":2,"name":"2 Magnum Series &#8211; Earthcore Isokern"}]},{"@type":"WebSite","@id":"https:\/\/www.allthingsstone.com\/ca-fr\/#website","url":"https:\/\/www.allthingsstone.com\/ca-fr\/","name":"CSI - Canadian Stone Industries FR","description":"","potentialAction":[{"@type":"SearchAction","target":{"@type":"EntryPoint","urlTemplate":"https:\/\/www.allthingsstone.com\/ca-fr\/?s={search_term_string}"},"query-input":"required name=search_term_string"}],"inLanguage":"en-CA"}]}},"_links":{"self":[{"href":"https:\/\/www.allthingsstone.com\/ca-fr\/wp-json\/wp\/v2\/product\/14042","targetHints":{"allow":["GET"]}}],"collection":[{"href":"https:\/\/www.allthingsstone.com\/ca-fr\/wp-json\/wp\/v2\/product"}],"about":[{"href":"https:\/\/www.allthingsstone.com\/ca-fr\/wp-json\/wp\/v2\/types\/product"}],"replies":[{"embeddable":true,"href":"https:\/\/www.allthingsstone.com\/ca-fr\/wp-json\/wp\/v2\/comments?post=14042"}],"wp:featuredmedia":[{"embeddable":true,"href":"https:\/\/www.allthingsstone.com\/ca-fr\/wp-json\/wp\/v2\/media\/15683"}],"wp:attachment":[{"href":"https:\/\/www.allthingsstone.com\/ca-fr\/wp-json\/wp\/v2\/media?parent=14042"}],"wp:term":[{"taxonomy":"product_cat","embeddable":true,"href":"https:\/\/www.allthingsstone.com\/ca-fr\/wp-json\/wp\/v2\/product_cat?post=14042"},{"taxonomy":"product_tag","embeddable":true,"href":"https:\/\/www.allthingsstone.com\/ca-fr\/wp-json\/wp\/v2\/product_tag?post=14042"}],"curies":[{"name":"wp","href":"https:\/\/api.w.org\/{rel}","templated":true}]}}